{"id":990,"date":"2025-10-31T17:35:49","date_gmt":"2025-10-31T17:35:49","guid":{"rendered":"https:\/\/elsupermercadomedicopr.com\/?post_type=product&#038;p=990"},"modified":"2025-11-20T04:16:06","modified_gmt":"2025-11-20T04:16:06","slug":"dynarex-vitamins-a-d-ointment-skin-protectant-15oz","status":"publish","type":"product","link":"https:\/\/elsupermercadomedicopr.com\/es\/product\/dynarex-vitamins-a-d-ointment-skin-protectant-15oz\/","title":{"rendered":"Dynarex Vitamins A &#038; D Ointment \u2013 Skin Protectant, 15 oz Jar"},"content":{"rendered":"<p data-start=\"628\" data-end=\"935\">El <strong data-start=\"679\" data-end=\"722\">Dynarex Vitamins A &amp; D Ointment (15 oz)<\/strong> es un <strong data-start=\"729\" data-end=\"775\">ung\u00fcento protector e hidratante de la piel<\/strong>, formulado con <strong data-start=\"791\" data-end=\"810\">vitaminas A y D<\/strong>, <strong data-start=\"812\" data-end=\"824\">lanolina<\/strong> y <strong data-start=\"827\" data-end=\"848\">aceite de lavanda<\/strong>, ingredientes reconocidos por sus propiedades calmantes, nutritivas y regenerativas.<\/p>\n<p data-start=\"937\" data-end=\"1219\">Este ung\u00fcento de grado m\u00e9dico est\u00e1 dise\u00f1ado para <strong data-start=\"986\" data-end=\"1043\">proteger y aliviar la piel seca, agrietada o irritada<\/strong>, ayudando a mantenerla suave y saludable. Su f\u00f3rmula no grasa forma una <strong data-start=\"1116\" data-end=\"1138\">barrera humectante<\/strong> que evita la p\u00e9rdida de humedad y promueve la recuperaci\u00f3n natural de la piel.<\/p>\n<p data-start=\"1221\" data-end=\"1457\">Ideal para el <strong data-start=\"1235\" data-end=\"1277\">tratamiento de la dermatitis del pa\u00f1al<\/strong>, irritaciones cut\u00e1neas, peque\u00f1as quemaduras, raspones y como <strong data-start=\"1339\" data-end=\"1364\">cuidados post-tatuaje<\/strong>, el ung\u00fcento Dynarex brinda una sensaci\u00f3n de alivio inmediato y una protecci\u00f3n prolongada.<\/p>\n<p data-start=\"1459\" data-end=\"1488\"><strong data-start=\"1459\" data-end=\"1486\">Beneficios principales:<\/strong><\/p>\n<ul data-start=\"1489\" data-end=\"1935\">\n<li data-start=\"1489\" data-end=\"1550\">\n<p data-start=\"1491\" data-end=\"1550\"><strong data-start=\"1491\" data-end=\"1512\">Hidrata y protege<\/strong> la piel seca, agrietada o irritada.<\/p>\n<\/li>\n<li data-start=\"1551\" data-end=\"1631\">\n<p data-start=\"1553\" data-end=\"1631\">Contiene <strong data-start=\"1562\" data-end=\"1581\">vitaminas A y D<\/strong>, <strong data-start=\"1583\" data-end=\"1595\">lanolina<\/strong> y <strong data-start=\"1598\" data-end=\"1619\">aceite de lavanda<\/strong> calmante.<\/p>\n<\/li>\n<li data-start=\"1632\" data-end=\"1682\">\n<p data-start=\"1634\" data-end=\"1682\"><strong data-start=\"1634\" data-end=\"1655\">Previene y alivia<\/strong> la dermatitis del pa\u00f1al.<\/p>\n<\/li>\n<li data-start=\"1683\" data-end=\"1741\">\n<p data-start=\"1685\" data-end=\"1741\">Ideal para <strong data-start=\"1696\" data-end=\"1716\">uso post-tatuaje<\/strong> o sobre heridas leves.<\/p>\n<\/li>\n<li data-start=\"1742\" data-end=\"1816\">\n<p data-start=\"1744\" data-end=\"1816\"><strong data-start=\"1744\" data-end=\"1772\">Promueve la regeneraci\u00f3n<\/strong> de la piel y mantiene la humedad natural.<\/p>\n<\/li>\n<li data-start=\"1817\" data-end=\"1871\">\n<p data-start=\"1819\" data-end=\"1871\">F\u00f3rmula <strong data-start=\"1827\" data-end=\"1869\">suave, no grasa y de r\u00e1pida absorci\u00f3n.<\/strong><\/p>\n<\/li>\n<li data-start=\"1872\" data-end=\"1935\">\n<p data-start=\"1874\" data-end=\"1935\">Apta para <strong data-start=\"1884\" data-end=\"1933\">uso hospitalario, pedi\u00e1trico y dermatol\u00f3gico.<\/strong><\/p>\n<\/li>\n<\/ul>\n<p data-start=\"1937\" data-end=\"1961\"><strong data-start=\"1937\" data-end=\"1959\">Usos recomendados:<\/strong><\/p>\n<ul data-start=\"1962\" data-end=\"2251\">\n<li data-start=\"1962\" data-end=\"2023\">\n<p data-start=\"1964\" data-end=\"2023\">Protecci\u00f3n contra <strong data-start=\"1982\" data-end=\"2021\">erupciones o irritaciones cut\u00e1neas.<\/strong><\/p>\n<\/li>\n<li data-start=\"2024\" data-end=\"2107\">\n<p data-start=\"2026\" data-end=\"2107\"><strong data-start=\"2026\" data-end=\"2043\">Post-tatuaje:<\/strong> ayuda a mantener la piel hidratada y acelera la recuperaci\u00f3n.<\/p>\n<\/li>\n<li data-start=\"2108\" data-end=\"2171\">\n<p data-start=\"2110\" data-end=\"2171\"><strong data-start=\"2110\" data-end=\"2135\">Dermatitis del pa\u00f1al:<\/strong> calma y protege la piel del beb\u00e9.<\/p>\n<\/li>\n<li data-start=\"2172\" data-end=\"2251\">\n<p data-start=\"2174\" data-end=\"2251\"><strong data-start=\"2174\" data-end=\"2197\">Aplicaci\u00f3n general:<\/strong> cortes, raspaduras, quemaduras leves o piel reseca.<\/p>\n<\/li>\n<\/ul>\n<p data-start=\"2253\" data-end=\"2276\"><strong data-start=\"2253\" data-end=\"2274\">Especificaciones:<\/strong><\/p>\n<ul data-start=\"2277\" data-end=\"2690\">\n<li data-start=\"2277\" data-end=\"2296\">\n<p data-start=\"2279\" data-end=\"2296\">Marca: Dynarex\u00ae<\/p>\n<\/li>\n<li data-start=\"2297\" data-end=\"2345\">\n<p data-start=\"2299\" data-end=\"2345\">Tipo: Ung\u00fcento protector con vitaminas A y D<\/p>\n<\/li>\n<li data-start=\"2346\" data-end=\"2371\">\n<p data-start=\"2348\" data-end=\"2371\">Tama\u00f1o: 15 oz (425 g)<\/p>\n<\/li>\n<li data-start=\"2372\" data-end=\"2442\">\n<p data-start=\"2374\" data-end=\"2442\">Ingredientes activos: Vitaminas A y D, lanolina, aceite de lavanda<\/p>\n<\/li>\n<li data-start=\"2443\" data-end=\"2492\">\n<p data-start=\"2445\" data-end=\"2492\">Propiedades: Calmante, humectante, protectora<\/p>\n<\/li>\n<li data-start=\"2493\" data-end=\"2521\">\n<p data-start=\"2495\" data-end=\"2521\">Textura: Suave, no grasa<\/p>\n<\/li>\n<li data-start=\"2522\" data-end=\"2539\">\n<p data-start=\"2524\" data-end=\"2539\">Color: Blanco<\/p>\n<\/li>\n<li data-start=\"2540\" data-end=\"2556\">\n<p data-start=\"2542\" data-end=\"2556\">Uso: Externo<\/p>\n<\/li>\n<li data-start=\"2557\" data-end=\"2603\">\n<p data-start=\"2559\" data-end=\"2603\">Aplicaci\u00f3n: Piel seca, irritada o sensible<\/p>\n<\/li>\n<li data-start=\"2604\" data-end=\"2653\">\n<p data-start=\"2606\" data-end=\"2653\">Libre de parabenos, segura para piel delicada<\/p>\n<\/li>\n<li data-start=\"2654\" data-end=\"2690\">\n<p data-start=\"2656\" data-end=\"2690\">Presentaci\u00f3n: Envase tipo frasco<\/p>\n<\/li>\n<\/ul>","protected":false},"excerpt":{"rendered":"<p data-start=\"411\" data-end=\"626\">Ung\u00fcento Dynarex con vitaminas A y D, 15 oz. F\u00f3rmula humectante que protege, suaviza y alivia la piel seca o irritada. Ideal para dermatitis del pa\u00f1al, tatuajes y heridas leves.<\/p>\n<p data-start=\"628\" data-end=\"935\">","protected":false},"featured_media":992,"template":"","meta":[],"product_brand":[52],"product_cat":[15],"product_tag":[],"class_list":{"0":"post-990","1":"product","2":"type-product","3":"status-publish","4":"has-post-thumbnail","6":"product_brand-dynarex","7":"product_cat-cuidado_personal","9":"first","10":"instock","11":"taxable","12":"shipping-taxable","13":"purchasable","14":"product-type-simple"},"yoast_head":"<!-- This site is optimized with the Yoast SEO plugin v27.4 - https:\/\/yoast.com\/product\/yoast-seo-wordpress\/ -->\n<title>Dynarex Vitamins A &amp; D Ointment \u2013 Skin Protectant, 15 oz Jar &#8211; El Supermercado Medico<\/title>\n<meta name=\"description\" content=\"Dynarex Vitamins A &amp; D Ointment, 15 oz. Ung\u00fcento protector con lanolina, lavanda y vitaminas A y D. Hidrata, calma y protege la piel seca o irritada.\" \/>\n<meta name=\"robots\" content=\"index, follow, max-snippet:-1, max-image-preview:large, max-video-preview:-1\" \/>\n<link rel=\"canonical\" href=\"https:\/\/elsupermercadomedicopr.com\/es\/product\/dynarex-vitamins-a-d-ointment-skin-protectant-15oz\/\" \/>\n<meta property=\"og:locale\" content=\"es_ES\" \/>\n<meta property=\"og:type\" content=\"article\" \/>\n<meta property=\"og:title\" content=\"Dynarex Vitamins A &amp; D Ointment \u2013 Skin Protectant, 15 oz Jar &#8211; El Supermercado Medico\" \/>\n<meta property=\"og:description\" content=\"Dynarex Vitamins A &amp; D Ointment, 15 oz. Ung\u00fcento protector con lanolina, lavanda y vitaminas A y D. Hidrata, calma y protege la piel seca o irritada.\" \/>\n<meta property=\"og:url\" content=\"https:\/\/elsupermercadomedicopr.com\/es\/product\/dynarex-vitamins-a-d-ointment-skin-protectant-15oz\/\" \/>\n<meta property=\"og:site_name\" content=\"El Supermercado Medico\" \/>\n<meta property=\"article:publisher\" content=\"https:\/\/www.facebook.com\/elsupermercadomedico\" \/>\n<meta property=\"article:modified_time\" content=\"2025-11-20T04:16:06+00:00\" \/>\n<meta property=\"og:image\" content=\"https:\/\/elsupermercadomedicopr.com\/wp-content\/uploads\/2025\/10\/image_2025-10-31_133451670.png\" \/>\n\t<meta property=\"og:image:width\" content=\"1193\" \/>\n\t<meta property=\"og:image:height\" content=\"1213\" \/>\n\t<meta property=\"og:image:type\" content=\"image\/png\" \/>\n<meta name=\"twitter:card\" content=\"summary_large_image\" \/>\n<meta name=\"twitter:label1\" content=\"Est. reading time\" \/>\n\t<meta name=\"twitter:data1\" content=\"2 minutos\" \/>\n<script type=\"application\/ld+json\" class=\"yoast-schema-graph\">{\"@context\":\"https:\\\/\\\/schema.org\",\"@graph\":[{\"@type\":\"WebPage\",\"@id\":\"https:\\\/\\\/elsupermercadomedicopr.com\\\/product\\\/dynarex-vitamins-a-d-ointment-skin-protectant-15oz\\\/\",\"url\":\"https:\\\/\\\/elsupermercadomedicopr.com\\\/product\\\/dynarex-vitamins-a-d-ointment-skin-protectant-15oz\\\/\",\"name\":\"Dynarex Vitamins A & D Ointment \u2013 Skin Protectant, 15 oz Jar &#8211; El Supermercado Medico\",\"isPartOf\":{\"@id\":\"http:\\\/\\\/elsupermercadomedicopr.com\\\/#website\"},\"primaryImageOfPage\":{\"@id\":\"https:\\\/\\\/elsupermercadomedicopr.com\\\/product\\\/dynarex-vitamins-a-d-ointment-skin-protectant-15oz\\\/#primaryimage\"},\"image\":{\"@id\":\"https:\\\/\\\/elsupermercadomedicopr.com\\\/product\\\/dynarex-vitamins-a-d-ointment-skin-protectant-15oz\\\/#primaryimage\"},\"thumbnailUrl\":\"https:\\\/\\\/elsupermercadomedicopr.com\\\/wp-content\\\/uploads\\\/2025\\\/10\\\/image_2025-10-31_133451670.png\",\"datePublished\":\"2025-10-31T17:35:49+00:00\",\"dateModified\":\"2025-11-20T04:16:06+00:00\",\"description\":\"Dynarex Vitamins A & D Ointment, 15 oz. Ung\u00fcento protector con lanolina, lavanda y vitaminas A y D. Hidrata, calma y protege la piel seca o irritada.\",\"breadcrumb\":{\"@id\":\"https:\\\/\\\/elsupermercadomedicopr.com\\\/product\\\/dynarex-vitamins-a-d-ointment-skin-protectant-15oz\\\/#breadcrumb\"},\"inLanguage\":\"es\",\"potentialAction\":[{\"@type\":\"ReadAction\",\"target\":[\"https:\\\/\\\/elsupermercadomedicopr.com\\\/product\\\/dynarex-vitamins-a-d-ointment-skin-protectant-15oz\\\/\"]}]},{\"@type\":\"ImageObject\",\"inLanguage\":\"es\",\"@id\":\"https:\\\/\\\/elsupermercadomedicopr.com\\\/product\\\/dynarex-vitamins-a-d-ointment-skin-protectant-15oz\\\/#primaryimage\",\"url\":\"https:\\\/\\\/elsupermercadomedicopr.com\\\/wp-content\\\/uploads\\\/2025\\\/10\\\/image_2025-10-31_133451670.png\",\"contentUrl\":\"https:\\\/\\\/elsupermercadomedicopr.com\\\/wp-content\\\/uploads\\\/2025\\\/10\\\/image_2025-10-31_133451670.png\",\"width\":1193,\"height\":1213},{\"@type\":\"BreadcrumbList\",\"@id\":\"https:\\\/\\\/elsupermercadomedicopr.com\\\/product\\\/dynarex-vitamins-a-d-ointment-skin-protectant-15oz\\\/#breadcrumb\",\"itemListElement\":[{\"@type\":\"ListItem\",\"position\":1,\"name\":\"Home\",\"item\":\"https:\\\/\\\/elsupermercadomedicopr.com\\\/\"},{\"@type\":\"ListItem\",\"position\":2,\"name\":\"Shop\",\"item\":\"https:\\\/\\\/elsupermercadomedicopr.com\\\/shop\\\/\"},{\"@type\":\"ListItem\",\"position\":3,\"name\":\"Dynarex Vitamins A &#038; D Ointment \u2013 Skin Protectant, 15 oz Jar\"}]},{\"@type\":\"WebSite\",\"@id\":\"http:\\\/\\\/elsupermercadomedicopr.com\\\/#website\",\"url\":\"http:\\\/\\\/elsupermercadomedicopr.com\\\/\",\"name\":\"El Supermercado Medico\",\"description\":\"Tu alternativa en equipos m\u00e9dicos, sirviendo al profesional de la salud y al paciente convaleciente.\",\"publisher\":{\"@id\":\"http:\\\/\\\/elsupermercadomedicopr.com\\\/#organization\"},\"potentialAction\":[{\"@type\":\"SearchAction\",\"target\":{\"@type\":\"EntryPoint\",\"urlTemplate\":\"http:\\\/\\\/elsupermercadomedicopr.com\\\/?s={search_term_string}\"},\"query-input\":{\"@type\":\"PropertyValueSpecification\",\"valueRequired\":true,\"valueName\":\"search_term_string\"}}],\"inLanguage\":\"es\"},{\"@type\":\"Organization\",\"@id\":\"http:\\\/\\\/elsupermercadomedicopr.com\\\/#organization\",\"name\":\"El Supermercado Medico, Inc.\",\"url\":\"http:\\\/\\\/elsupermercadomedicopr.com\\\/\",\"logo\":{\"@type\":\"ImageObject\",\"inLanguage\":\"es\",\"@id\":\"http:\\\/\\\/elsupermercadomedicopr.com\\\/#\\\/schema\\\/logo\\\/image\\\/\",\"url\":\"https:\\\/\\\/elsupermercadomedicopr.com\\\/wp-content\\\/uploads\\\/2025\\\/11\\\/cropped-Untitled-design-5.png\",\"contentUrl\":\"https:\\\/\\\/elsupermercadomedicopr.com\\\/wp-content\\\/uploads\\\/2025\\\/11\\\/cropped-Untitled-design-5.png\",\"width\":512,\"height\":512,\"caption\":\"El Supermercado Medico, Inc.\"},\"image\":{\"@id\":\"http:\\\/\\\/elsupermercadomedicopr.com\\\/#\\\/schema\\\/logo\\\/image\\\/\"},\"sameAs\":[\"https:\\\/\\\/www.facebook.com\\\/elsupermercadomedico\"]}]}<\/script>\n<!-- \/ Yoast SEO plugin. -->","yoast_head_json":{"title":"Dynarex Vitamins A & D Ointment \u2013 Skin Protectant, 15 oz Jar &#8211; El Supermercado Medico","description":"Dynarex Vitamins A & D Ointment, 15 oz. Ung\u00fcento protector con lanolina, lavanda y vitaminas A y D. Hidrata, calma y protege la piel seca o irritada.","robots":{"index":"index","follow":"follow","max-snippet":"max-snippet:-1","max-image-preview":"max-image-preview:large","max-video-preview":"max-video-preview:-1"},"canonical":"https:\/\/elsupermercadomedicopr.com\/es\/product\/dynarex-vitamins-a-d-ointment-skin-protectant-15oz\/","og_locale":"es_ES","og_type":"article","og_title":"Dynarex Vitamins A & D Ointment \u2013 Skin Protectant, 15 oz Jar &#8211; El Supermercado Medico","og_description":"Dynarex Vitamins A & D Ointment, 15 oz. Ung\u00fcento protector con lanolina, lavanda y vitaminas A y D. Hidrata, calma y protege la piel seca o irritada.","og_url":"https:\/\/elsupermercadomedicopr.com\/es\/product\/dynarex-vitamins-a-d-ointment-skin-protectant-15oz\/","og_site_name":"El Supermercado Medico","article_publisher":"https:\/\/www.facebook.com\/elsupermercadomedico","article_modified_time":"2025-11-20T04:16:06+00:00","og_image":[{"width":1193,"height":1213,"url":"https:\/\/elsupermercadomedicopr.com\/wp-content\/uploads\/2025\/10\/image_2025-10-31_133451670.png","type":"image\/png"}],"twitter_card":"summary_large_image","twitter_misc":{"Est. reading time":"2 minutos"},"schema":{"@context":"https:\/\/schema.org","@graph":[{"@type":"WebPage","@id":"https:\/\/elsupermercadomedicopr.com\/product\/dynarex-vitamins-a-d-ointment-skin-protectant-15oz\/","url":"https:\/\/elsupermercadomedicopr.com\/product\/dynarex-vitamins-a-d-ointment-skin-protectant-15oz\/","name":"Dynarex Vitamins A & D Ointment \u2013 Skin Protectant, 15 oz Jar &#8211; El Supermercado Medico","isPartOf":{"@id":"http:\/\/elsupermercadomedicopr.com\/#website"},"primaryImageOfPage":{"@id":"https:\/\/elsupermercadomedicopr.com\/product\/dynarex-vitamins-a-d-ointment-skin-protectant-15oz\/#primaryimage"},"image":{"@id":"https:\/\/elsupermercadomedicopr.com\/product\/dynarex-vitamins-a-d-ointment-skin-protectant-15oz\/#primaryimage"},"thumbnailUrl":"https:\/\/elsupermercadomedicopr.com\/wp-content\/uploads\/2025\/10\/image_2025-10-31_133451670.png","datePublished":"2025-10-31T17:35:49+00:00","dateModified":"2025-11-20T04:16:06+00:00","description":"Dynarex Vitamins A & D Ointment, 15 oz. Ung\u00fcento protector con lanolina, lavanda y vitaminas A y D. Hidrata, calma y protege la piel seca o irritada.","breadcrumb":{"@id":"https:\/\/elsupermercadomedicopr.com\/product\/dynarex-vitamins-a-d-ointment-skin-protectant-15oz\/#breadcrumb"},"inLanguage":"es","potentialAction":[{"@type":"ReadAction","target":["https:\/\/elsupermercadomedicopr.com\/product\/dynarex-vitamins-a-d-ointment-skin-protectant-15oz\/"]}]},{"@type":"ImageObject","inLanguage":"es","@id":"https:\/\/elsupermercadomedicopr.com\/product\/dynarex-vitamins-a-d-ointment-skin-protectant-15oz\/#primaryimage","url":"https:\/\/elsupermercadomedicopr.com\/wp-content\/uploads\/2025\/10\/image_2025-10-31_133451670.png","contentUrl":"https:\/\/elsupermercadomedicopr.com\/wp-content\/uploads\/2025\/10\/image_2025-10-31_133451670.png","width":1193,"height":1213},{"@type":"BreadcrumbList","@id":"https:\/\/elsupermercadomedicopr.com\/product\/dynarex-vitamins-a-d-ointment-skin-protectant-15oz\/#breadcrumb","itemListElement":[{"@type":"ListItem","position":1,"name":"Home","item":"https:\/\/elsupermercadomedicopr.com\/"},{"@type":"ListItem","position":2,"name":"Shop","item":"https:\/\/elsupermercadomedicopr.com\/shop\/"},{"@type":"ListItem","position":3,"name":"Dynarex Vitamins A &#038; D Ointment \u2013 Skin Protectant, 15 oz Jar"}]},{"@type":"WebSite","@id":"http:\/\/elsupermercadomedicopr.com\/#website","url":"http:\/\/elsupermercadomedicopr.com\/","name":"El Supermercado Medico","description":"Tu alternativa en equipos m\u00e9dicos, sirviendo al profesional de la salud y al paciente convaleciente.","publisher":{"@id":"http:\/\/elsupermercadomedicopr.com\/#organization"},"potentialAction":[{"@type":"SearchAction","target":{"@type":"EntryPoint","urlTemplate":"http:\/\/elsupermercadomedicopr.com\/?s={search_term_string}"},"query-input":{"@type":"PropertyValueSpecification","valueRequired":true,"valueName":"search_term_string"}}],"inLanguage":"es"},{"@type":"Organization","@id":"http:\/\/elsupermercadomedicopr.com\/#organization","name":"El Supermercado Medico, Inc.","url":"http:\/\/elsupermercadomedicopr.com\/","logo":{"@type":"ImageObject","inLanguage":"es","@id":"http:\/\/elsupermercadomedicopr.com\/#\/schema\/logo\/image\/","url":"https:\/\/elsupermercadomedicopr.com\/wp-content\/uploads\/2025\/11\/cropped-Untitled-design-5.png","contentUrl":"https:\/\/elsupermercadomedicopr.com\/wp-content\/uploads\/2025\/11\/cropped-Untitled-design-5.png","width":512,"height":512,"caption":"El Supermercado Medico, Inc."},"image":{"@id":"http:\/\/elsupermercadomedicopr.com\/#\/schema\/logo\/image\/"},"sameAs":["https:\/\/www.facebook.com\/elsupermercadomedico"]}]}},"_links":{"self":[{"href":"https:\/\/elsupermercadomedicopr.com\/es\/wp-json\/wp\/v2\/product\/990","targetHints":{"allow":["GET"]}}],"collection":[{"href":"https:\/\/elsupermercadomedicopr.com\/es\/wp-json\/wp\/v2\/product"}],"about":[{"href":"https:\/\/elsupermercadomedicopr.com\/es\/wp-json\/wp\/v2\/types\/product"}],"wp:featuredmedia":[{"embeddable":true,"href":"https:\/\/elsupermercadomedicopr.com\/es\/wp-json\/wp\/v2\/media\/992"}],"wp:attachment":[{"href":"https:\/\/elsupermercadomedicopr.com\/es\/wp-json\/wp\/v2\/media?parent=990"}],"wp:term":[{"taxonomy":"product_brand","embeddable":true,"href":"https:\/\/elsupermercadomedicopr.com\/es\/wp-json\/wp\/v2\/product_brand?post=990"},{"taxonomy":"product_cat","embeddable":true,"href":"https:\/\/elsupermercadomedicopr.com\/es\/wp-json\/wp\/v2\/product_cat?post=990"},{"taxonomy":"product_tag","embeddable":true,"href":"https:\/\/elsupermercadomedicopr.com\/es\/wp-json\/wp\/v2\/product_tag?post=990"}],"curies":[{"name":"wp","href":"https:\/\/api.w.org\/{rel}","templated":true}]}}