{"id":815,"date":"2025-10-26T20:28:14","date_gmt":"2025-10-26T20:28:14","guid":{"rendered":"https:\/\/elsupermercadomedicopr.com\/?post_type=product&#038;p=815"},"modified":"2025-11-20T04:16:16","modified_gmt":"2025-11-20T04:16:16","slug":"medline-admission-kit-kit-de-admision-hospitalaria","status":"publish","type":"product","link":"https:\/\/elsupermercadomedicopr.com\/es\/product\/medline-admission-kit-kit-de-admision-hospitalaria\/","title":{"rendered":"Kit de Admisi\u00f3n Hospitalaria Completo (11 Piezas)"},"content":{"rendered":"<p data-start=\"595\" data-end=\"923\">El <strong data-start=\"646\" data-end=\"671\">Admission Kit<\/strong> est\u00e1 dise\u00f1ado para ofrecer una <strong data-start=\"703\" data-end=\"754\">soluci\u00f3n integral de confort y cuidado personal<\/strong> a pacientes en su ingreso hospitalario. Este set incluye los art\u00edculos b\u00e1sicos necesarios para mantener la higiene, la hidrataci\u00f3n y la comodidad durante la estancia.<\/p>\n<p data-start=\"925\" data-end=\"1173\">Fabricado con materiales resistentes y de uso hospitalario, el kit combina <strong data-start=\"1000\" data-end=\"1043\">practicidad, durabilidad y conveniencia<\/strong>, garantizando una experiencia m\u00e1s confortable para el paciente y simplificando el proceso de admisi\u00f3n para el personal cl\u00ednico.<\/p>\n<p data-start=\"1175\" data-end=\"1199\"><strong data-start=\"1175\" data-end=\"1197\">Contenido del kit:<\/strong><\/p>\n<ul data-start=\"1200\" data-end=\"1532\">\n<li data-start=\"1200\" data-end=\"1223\">\n<p data-start=\"1202\" data-end=\"1223\">Peine de 5\u201d (13 cm)<\/p>\n<\/li>\n<li data-start=\"1224\" data-end=\"1268\">\n<p data-start=\"1226\" data-end=\"1268\">Palangana para emesis de 500 mL (17 oz.)<\/p>\n<\/li>\n<li data-start=\"1269\" data-end=\"1301\">\n<p data-start=\"1271\" data-end=\"1301\">Jarra de agua con asa y tapa<\/p>\n<\/li>\n<li data-start=\"1302\" data-end=\"1335\">\n<p data-start=\"1304\" data-end=\"1335\">Funda de espuma para la jarra<\/p>\n<\/li>\n<li data-start=\"1336\" data-end=\"1362\">\n<p data-start=\"1338\" data-end=\"1362\">Vaso de 9 oz. (266 mL)<\/p>\n<\/li>\n<li data-start=\"1363\" data-end=\"1413\">\n<p data-start=\"1365\" data-end=\"1413\">Palangana rectangular de lavado de 6 qt. (6 L)<\/p>\n<\/li>\n<li data-start=\"1414\" data-end=\"1454\">\n<p data-start=\"1416\" data-end=\"1454\">Jab\u00f3n desodorante de 0.64 oz. (18 g)<\/p>\n<\/li>\n<li data-start=\"1455\" data-end=\"1479\">\n<p data-start=\"1457\" data-end=\"1479\">Jabonera con ranuras<\/p>\n<\/li>\n<li data-start=\"1480\" data-end=\"1532\">\n<p data-start=\"1482\" data-end=\"1532\">Caja de pa\u00f1uelos faciales est\u00e1ndar (40 unidades)<\/p>\n<\/li>\n<\/ul>\n<p data-start=\"1534\" data-end=\"1686\">Este kit de admisi\u00f3n facilita la organizaci\u00f3n del entorno del paciente y mejora la eficiencia en hospitales, cl\u00ednicas o centros de cuidado prolongado.<\/p>\n<p data-start=\"1688\" data-end=\"1717\"><strong data-start=\"1688\" data-end=\"1715\">Beneficios principales:<\/strong><\/p>\n<ul data-start=\"1718\" data-end=\"2032\">\n<li data-start=\"1718\" data-end=\"1791\">\n<p data-start=\"1720\" data-end=\"1791\">Contiene todos los art\u00edculos esenciales para el ingreso hospitalario.<\/p>\n<\/li>\n<li data-start=\"1792\" data-end=\"1861\">\n<p data-start=\"1794\" data-end=\"1861\">Facilita la higiene, hidrataci\u00f3n y cuidado personal del paciente.<\/p>\n<\/li>\n<li data-start=\"1862\" data-end=\"1920\">\n<p data-start=\"1864\" data-end=\"1920\">Fabricado con materiales duraderos y de grado cl\u00ednico.<\/p>\n<\/li>\n<li data-start=\"1921\" data-end=\"1978\">\n<p data-start=\"1923\" data-end=\"1978\">Ahorra tiempo al personal m\u00e9dico durante la admisi\u00f3n.<\/p>\n<\/li>\n<li data-start=\"1979\" data-end=\"2032\">\n<p data-start=\"1981\" data-end=\"2032\">Presentaci\u00f3n pr\u00e1ctica y lista para uso inmediato.<\/p>\n<\/li>\n<\/ul>\n<p data-start=\"2034\" data-end=\"2057\"><strong data-start=\"2034\" data-end=\"2055\">Especificaciones:<\/strong><\/p>\n<ul data-start=\"2058\" data-end=\"2311\">\n<li data-start=\"2058\" data-end=\"2076\">\n<p data-start=\"2060\" data-end=\"2076\">Marca: Medline<\/p>\n<\/li>\n<li data-start=\"2077\" data-end=\"2115\">\n<p data-start=\"2079\" data-end=\"2115\">Tipo: Kit de admisi\u00f3n hospitalaria<\/p>\n<\/li>\n<li data-start=\"2116\" data-end=\"2140\">\n<p data-start=\"2118\" data-end=\"2140\">Contenido: 11 piezas<\/p>\n<\/li>\n<li data-start=\"2141\" data-end=\"2202\">\n<p data-start=\"2143\" data-end=\"2202\">Materiales: Pl\u00e1stico m\u00e9dico, espuma, jab\u00f3n hipoalerg\u00e9nico<\/p>\n<\/li>\n<li data-start=\"2203\" data-end=\"2262\">\n<p data-start=\"2205\" data-end=\"2262\">Aplicaci\u00f3n: Hospitales, cl\u00ednicas, centros de enfermer\u00eda<\/p>\n<\/li>\n<li data-start=\"2263\" data-end=\"2311\">\n<p data-start=\"2265\" data-end=\"2311\">Uso: Cuidado personal y confort del paciente<\/p>\n<\/li>\n<\/ul>","protected":false},"excerpt":{"rendered":"<p data-start=\"404\" data-end=\"593\">Kit de admisi\u00f3n Medline completo con art\u00edculos esenciales para pacientes hospitalizados, incluyendo utensilios de aseo, hidrataci\u00f3n y cuidado personal.<\/p>\n<p data-start=\"595\" data-end=\"923\">","protected":false},"featured_media":816,"template":"","meta":[],"product_brand":[53],"product_cat":[48],"product_tag":[],"class_list":{"0":"post-815","1":"product","2":"type-product","3":"status-publish","4":"has-post-thumbnail","6":"product_brand-medline","7":"product_cat-asistencia-tecnologica","9":"first","10":"instock","11":"taxable","12":"shipping-taxable","13":"purchasable","14":"product-type-simple"},"yoast_head":"<!-- This site is optimized with the Yoast SEO plugin v27.4 - https:\/\/yoast.com\/product\/yoast-seo-wordpress\/ -->\n<title>Kit de Admisi\u00f3n Hospitalaria Completo (11 Piezas) &#8211; El Supermercado Medico<\/title>\n<meta name=\"description\" content=\"Kit de admisi\u00f3n hospitalaria Medline con art\u00edculos esenciales de higiene, hidrataci\u00f3n y confort. Incluye 11 piezas para uso cl\u00ednico o en centros de cuidado.\" \/>\n<meta name=\"robots\" content=\"index, follow, max-snippet:-1, max-image-preview:large, max-video-preview:-1\" \/>\n<link rel=\"canonical\" href=\"https:\/\/elsupermercadomedicopr.com\/es\/product\/medline-admission-kit-kit-de-admision-hospitalaria\/\" \/>\n<meta property=\"og:locale\" content=\"es_ES\" \/>\n<meta property=\"og:type\" content=\"article\" \/>\n<meta property=\"og:title\" content=\"Kit de Admisi\u00f3n Hospitalaria Completo (11 Piezas) &#8211; El Supermercado Medico\" \/>\n<meta property=\"og:description\" content=\"Kit de admisi\u00f3n hospitalaria Medline con art\u00edculos esenciales de higiene, hidrataci\u00f3n y confort. Incluye 11 piezas para uso cl\u00ednico o en centros de cuidado.\" \/>\n<meta property=\"og:url\" content=\"https:\/\/elsupermercadomedicopr.com\/es\/product\/medline-admission-kit-kit-de-admision-hospitalaria\/\" \/>\n<meta property=\"og:site_name\" content=\"El Supermercado Medico\" \/>\n<meta property=\"article:publisher\" content=\"https:\/\/www.facebook.com\/elsupermercadomedico\" \/>\n<meta property=\"article:modified_time\" content=\"2025-11-20T04:16:16+00:00\" \/>\n<meta property=\"og:image\" content=\"https:\/\/elsupermercadomedicopr.com\/wp-content\/uploads\/2025\/10\/image_2025-10-26_162759583.png\" \/>\n\t<meta property=\"og:image:width\" content=\"1200\" \/>\n\t<meta property=\"og:image:height\" content=\"906\" \/>\n\t<meta property=\"og:image:type\" content=\"image\/png\" \/>\n<meta name=\"twitter:card\" content=\"summary_large_image\" \/>\n<meta name=\"twitter:label1\" content=\"Est. reading time\" \/>\n\t<meta name=\"twitter:data1\" content=\"2 minutos\" \/>\n<script type=\"application\/ld+json\" class=\"yoast-schema-graph\">{\"@context\":\"https:\\\/\\\/schema.org\",\"@graph\":[{\"@type\":\"WebPage\",\"@id\":\"https:\\\/\\\/elsupermercadomedicopr.com\\\/product\\\/medline-admission-kit-kit-de-admision-hospitalaria\\\/\",\"url\":\"https:\\\/\\\/elsupermercadomedicopr.com\\\/product\\\/medline-admission-kit-kit-de-admision-hospitalaria\\\/\",\"name\":\"Kit de Admisi\u00f3n Hospitalaria Completo (11 Piezas) &#8211; El Supermercado Medico\",\"isPartOf\":{\"@id\":\"http:\\\/\\\/elsupermercadomedicopr.com\\\/#website\"},\"primaryImageOfPage\":{\"@id\":\"https:\\\/\\\/elsupermercadomedicopr.com\\\/product\\\/medline-admission-kit-kit-de-admision-hospitalaria\\\/#primaryimage\"},\"image\":{\"@id\":\"https:\\\/\\\/elsupermercadomedicopr.com\\\/product\\\/medline-admission-kit-kit-de-admision-hospitalaria\\\/#primaryimage\"},\"thumbnailUrl\":\"https:\\\/\\\/elsupermercadomedicopr.com\\\/wp-content\\\/uploads\\\/2025\\\/10\\\/image_2025-10-26_162759583.png\",\"datePublished\":\"2025-10-26T20:28:14+00:00\",\"dateModified\":\"2025-11-20T04:16:16+00:00\",\"description\":\"Kit de admisi\u00f3n hospitalaria Medline con art\u00edculos esenciales de higiene, hidrataci\u00f3n y confort. Incluye 11 piezas para uso cl\u00ednico o en centros de cuidado.\",\"breadcrumb\":{\"@id\":\"https:\\\/\\\/elsupermercadomedicopr.com\\\/product\\\/medline-admission-kit-kit-de-admision-hospitalaria\\\/#breadcrumb\"},\"inLanguage\":\"es\",\"potentialAction\":[{\"@type\":\"ReadAction\",\"target\":[\"https:\\\/\\\/elsupermercadomedicopr.com\\\/product\\\/medline-admission-kit-kit-de-admision-hospitalaria\\\/\"]}]},{\"@type\":\"ImageObject\",\"inLanguage\":\"es\",\"@id\":\"https:\\\/\\\/elsupermercadomedicopr.com\\\/product\\\/medline-admission-kit-kit-de-admision-hospitalaria\\\/#primaryimage\",\"url\":\"https:\\\/\\\/elsupermercadomedicopr.com\\\/wp-content\\\/uploads\\\/2025\\\/10\\\/image_2025-10-26_162759583.png\",\"contentUrl\":\"https:\\\/\\\/elsupermercadomedicopr.com\\\/wp-content\\\/uploads\\\/2025\\\/10\\\/image_2025-10-26_162759583.png\",\"width\":1200,\"height\":906},{\"@type\":\"BreadcrumbList\",\"@id\":\"https:\\\/\\\/elsupermercadomedicopr.com\\\/product\\\/medline-admission-kit-kit-de-admision-hospitalaria\\\/#breadcrumb\",\"itemListElement\":[{\"@type\":\"ListItem\",\"position\":1,\"name\":\"Home\",\"item\":\"https:\\\/\\\/elsupermercadomedicopr.com\\\/\"},{\"@type\":\"ListItem\",\"position\":2,\"name\":\"Shop\",\"item\":\"https:\\\/\\\/elsupermercadomedicopr.com\\\/shop\\\/\"},{\"@type\":\"ListItem\",\"position\":3,\"name\":\"Kit de Admisi\u00f3n Hospitalaria Completo (11 Piezas)\"}]},{\"@type\":\"WebSite\",\"@id\":\"http:\\\/\\\/elsupermercadomedicopr.com\\\/#website\",\"url\":\"http:\\\/\\\/elsupermercadomedicopr.com\\\/\",\"name\":\"El Supermercado Medico\",\"description\":\"Tu alternativa en equipos m\u00e9dicos, sirviendo al profesional de la salud y al paciente convaleciente.\",\"publisher\":{\"@id\":\"http:\\\/\\\/elsupermercadomedicopr.com\\\/#organization\"},\"potentialAction\":[{\"@type\":\"SearchAction\",\"target\":{\"@type\":\"EntryPoint\",\"urlTemplate\":\"http:\\\/\\\/elsupermercadomedicopr.com\\\/?s={search_term_string}\"},\"query-input\":{\"@type\":\"PropertyValueSpecification\",\"valueRequired\":true,\"valueName\":\"search_term_string\"}}],\"inLanguage\":\"es\"},{\"@type\":\"Organization\",\"@id\":\"http:\\\/\\\/elsupermercadomedicopr.com\\\/#organization\",\"name\":\"El Supermercado Medico, Inc.\",\"url\":\"http:\\\/\\\/elsupermercadomedicopr.com\\\/\",\"logo\":{\"@type\":\"ImageObject\",\"inLanguage\":\"es\",\"@id\":\"http:\\\/\\\/elsupermercadomedicopr.com\\\/#\\\/schema\\\/logo\\\/image\\\/\",\"url\":\"https:\\\/\\\/elsupermercadomedicopr.com\\\/wp-content\\\/uploads\\\/2025\\\/11\\\/cropped-Untitled-design-5.png\",\"contentUrl\":\"https:\\\/\\\/elsupermercadomedicopr.com\\\/wp-content\\\/uploads\\\/2025\\\/11\\\/cropped-Untitled-design-5.png\",\"width\":512,\"height\":512,\"caption\":\"El Supermercado Medico, Inc.\"},\"image\":{\"@id\":\"http:\\\/\\\/elsupermercadomedicopr.com\\\/#\\\/schema\\\/logo\\\/image\\\/\"},\"sameAs\":[\"https:\\\/\\\/www.facebook.com\\\/elsupermercadomedico\"]}]}<\/script>\n<!-- \/ Yoast SEO plugin. -->","yoast_head_json":{"title":"Kit de Admisi\u00f3n Hospitalaria Completo (11 Piezas) &#8211; El Supermercado Medico","description":"Kit de admisi\u00f3n hospitalaria Medline con art\u00edculos esenciales de higiene, hidrataci\u00f3n y confort. Incluye 11 piezas para uso cl\u00ednico o en centros de cuidado.","robots":{"index":"index","follow":"follow","max-snippet":"max-snippet:-1","max-image-preview":"max-image-preview:large","max-video-preview":"max-video-preview:-1"},"canonical":"https:\/\/elsupermercadomedicopr.com\/es\/product\/medline-admission-kit-kit-de-admision-hospitalaria\/","og_locale":"es_ES","og_type":"article","og_title":"Kit de Admisi\u00f3n Hospitalaria Completo (11 Piezas) &#8211; El Supermercado Medico","og_description":"Kit de admisi\u00f3n hospitalaria Medline con art\u00edculos esenciales de higiene, hidrataci\u00f3n y confort. Incluye 11 piezas para uso cl\u00ednico o en centros de cuidado.","og_url":"https:\/\/elsupermercadomedicopr.com\/es\/product\/medline-admission-kit-kit-de-admision-hospitalaria\/","og_site_name":"El Supermercado Medico","article_publisher":"https:\/\/www.facebook.com\/elsupermercadomedico","article_modified_time":"2025-11-20T04:16:16+00:00","og_image":[{"width":1200,"height":906,"url":"https:\/\/elsupermercadomedicopr.com\/wp-content\/uploads\/2025\/10\/image_2025-10-26_162759583.png","type":"image\/png"}],"twitter_card":"summary_large_image","twitter_misc":{"Est. reading time":"2 minutos"},"schema":{"@context":"https:\/\/schema.org","@graph":[{"@type":"WebPage","@id":"https:\/\/elsupermercadomedicopr.com\/product\/medline-admission-kit-kit-de-admision-hospitalaria\/","url":"https:\/\/elsupermercadomedicopr.com\/product\/medline-admission-kit-kit-de-admision-hospitalaria\/","name":"Kit de Admisi\u00f3n Hospitalaria Completo (11 Piezas) &#8211; El Supermercado Medico","isPartOf":{"@id":"http:\/\/elsupermercadomedicopr.com\/#website"},"primaryImageOfPage":{"@id":"https:\/\/elsupermercadomedicopr.com\/product\/medline-admission-kit-kit-de-admision-hospitalaria\/#primaryimage"},"image":{"@id":"https:\/\/elsupermercadomedicopr.com\/product\/medline-admission-kit-kit-de-admision-hospitalaria\/#primaryimage"},"thumbnailUrl":"https:\/\/elsupermercadomedicopr.com\/wp-content\/uploads\/2025\/10\/image_2025-10-26_162759583.png","datePublished":"2025-10-26T20:28:14+00:00","dateModified":"2025-11-20T04:16:16+00:00","description":"Kit de admisi\u00f3n hospitalaria Medline con art\u00edculos esenciales de higiene, hidrataci\u00f3n y confort. Incluye 11 piezas para uso cl\u00ednico o en centros de cuidado.","breadcrumb":{"@id":"https:\/\/elsupermercadomedicopr.com\/product\/medline-admission-kit-kit-de-admision-hospitalaria\/#breadcrumb"},"inLanguage":"es","potentialAction":[{"@type":"ReadAction","target":["https:\/\/elsupermercadomedicopr.com\/product\/medline-admission-kit-kit-de-admision-hospitalaria\/"]}]},{"@type":"ImageObject","inLanguage":"es","@id":"https:\/\/elsupermercadomedicopr.com\/product\/medline-admission-kit-kit-de-admision-hospitalaria\/#primaryimage","url":"https:\/\/elsupermercadomedicopr.com\/wp-content\/uploads\/2025\/10\/image_2025-10-26_162759583.png","contentUrl":"https:\/\/elsupermercadomedicopr.com\/wp-content\/uploads\/2025\/10\/image_2025-10-26_162759583.png","width":1200,"height":906},{"@type":"BreadcrumbList","@id":"https:\/\/elsupermercadomedicopr.com\/product\/medline-admission-kit-kit-de-admision-hospitalaria\/#breadcrumb","itemListElement":[{"@type":"ListItem","position":1,"name":"Home","item":"https:\/\/elsupermercadomedicopr.com\/"},{"@type":"ListItem","position":2,"name":"Shop","item":"https:\/\/elsupermercadomedicopr.com\/shop\/"},{"@type":"ListItem","position":3,"name":"Kit de Admisi\u00f3n Hospitalaria Completo (11 Piezas)"}]},{"@type":"WebSite","@id":"http:\/\/elsupermercadomedicopr.com\/#website","url":"http:\/\/elsupermercadomedicopr.com\/","name":"El Supermercado Medico","description":"Tu alternativa en equipos m\u00e9dicos, sirviendo al profesional de la salud y al paciente convaleciente.","publisher":{"@id":"http:\/\/elsupermercadomedicopr.com\/#organization"},"potentialAction":[{"@type":"SearchAction","target":{"@type":"EntryPoint","urlTemplate":"http:\/\/elsupermercadomedicopr.com\/?s={search_term_string}"},"query-input":{"@type":"PropertyValueSpecification","valueRequired":true,"valueName":"search_term_string"}}],"inLanguage":"es"},{"@type":"Organization","@id":"http:\/\/elsupermercadomedicopr.com\/#organization","name":"El Supermercado Medico, Inc.","url":"http:\/\/elsupermercadomedicopr.com\/","logo":{"@type":"ImageObject","inLanguage":"es","@id":"http:\/\/elsupermercadomedicopr.com\/#\/schema\/logo\/image\/","url":"https:\/\/elsupermercadomedicopr.com\/wp-content\/uploads\/2025\/11\/cropped-Untitled-design-5.png","contentUrl":"https:\/\/elsupermercadomedicopr.com\/wp-content\/uploads\/2025\/11\/cropped-Untitled-design-5.png","width":512,"height":512,"caption":"El Supermercado Medico, Inc."},"image":{"@id":"http:\/\/elsupermercadomedicopr.com\/#\/schema\/logo\/image\/"},"sameAs":["https:\/\/www.facebook.com\/elsupermercadomedico"]}]}},"_links":{"self":[{"href":"https:\/\/elsupermercadomedicopr.com\/es\/wp-json\/wp\/v2\/product\/815","targetHints":{"allow":["GET"]}}],"collection":[{"href":"https:\/\/elsupermercadomedicopr.com\/es\/wp-json\/wp\/v2\/product"}],"about":[{"href":"https:\/\/elsupermercadomedicopr.com\/es\/wp-json\/wp\/v2\/types\/product"}],"wp:featuredmedia":[{"embeddable":true,"href":"https:\/\/elsupermercadomedicopr.com\/es\/wp-json\/wp\/v2\/media\/816"}],"wp:attachment":[{"href":"https:\/\/elsupermercadomedicopr.com\/es\/wp-json\/wp\/v2\/media?parent=815"}],"wp:term":[{"taxonomy":"product_brand","embeddable":true,"href":"https:\/\/elsupermercadomedicopr.com\/es\/wp-json\/wp\/v2\/product_brand?post=815"},{"taxonomy":"product_cat","embeddable":true,"href":"https:\/\/elsupermercadomedicopr.com\/es\/wp-json\/wp\/v2\/product_cat?post=815"},{"taxonomy":"product_tag","embeddable":true,"href":"https:\/\/elsupermercadomedicopr.com\/es\/wp-json\/wp\/v2\/product_tag?post=815"}],"curies":[{"name":"wp","href":"https:\/\/api.w.org\/{rel}","templated":true}]}}