{"id":727,"date":"2025-10-26T03:36:41","date_gmt":"2025-10-26T03:36:41","guid":{"rendered":"https:\/\/elsupermercadomedicopr.com\/?post_type=product&#038;p=727"},"modified":"2025-11-20T04:16:16","modified_gmt":"2025-11-20T04:16:16","slug":"ostc-lydus-guantes-de-nitrilo-sin-latex-sin-polvo","status":"publish","type":"product","link":"https:\/\/elsupermercadomedicopr.com\/es\/product\/ostc-lydus-guantes-de-nitrilo-sin-latex-sin-polvo\/","title":{"rendered":"Guantes de Nitrilo Texturizados sin L\u00e1tex ni Polvo (Caja de 100)"},"content":{"rendered":"<p data-start=\"646\" data-end=\"1044\">Los <strong data-start=\"698\" data-end=\"730\">guantes de examen OSTC Lydus<\/strong> est\u00e1n fabricados con <strong data-start=\"752\" data-end=\"779\">nitrilo de alta calidad<\/strong> y dise\u00f1ados para ofrecer <strong data-start=\"805\" data-end=\"859\">m\u00e1xima protecci\u00f3n, comodidad y sensibilidad t\u00e1ctil<\/strong> sin causar irritaciones en la piel. Completamente <strong data-start=\"910\" data-end=\"964\">libres de l\u00e1tex, caucho natural, polvo y prote\u00ednas<\/strong>, son la opci\u00f3n ideal para personas con <strong data-start=\"1004\" data-end=\"1041\">piel sensible o alergias al l\u00e1tex<\/strong>.<\/p>\n<p data-start=\"1046\" data-end=\"1397\">Con un grosor de <strong data-start=\"1063\" data-end=\"1072\">4 mil<\/strong>, estos guantes son <strong data-start=\"1092\" data-end=\"1123\">m\u00e1s resistentes y duraderos<\/strong> que los guantes de vinilo tradicionales, pero conservan una excelente flexibilidad y ajuste anat\u00f3mico. Su <strong data-start=\"1230\" data-end=\"1267\">textura en las yemas de los dedos<\/strong> mejora el agarre y la precisi\u00f3n, lo que los hace perfectos para <strong data-start=\"1332\" data-end=\"1394\">entornos m\u00e9dicos, alimentarios, de limpieza o industriales<\/strong>.<\/p>\n<p data-start=\"1399\" data-end=\"1588\">Adem\u00e1s, al adquirir productos OSTC Lydus, se <strong data-start=\"1444\" data-end=\"1487\">apoya a proyectos sociales y educativos<\/strong> en Tailandia, Laos y Myanmar, que benefician a miles de ni\u00f1os, estudiantes y agricultores locales.<\/p>\n<p data-start=\"1590\" data-end=\"1619\"><strong data-start=\"1590\" data-end=\"1617\">Beneficios principales:<\/strong><\/p>\n<ul data-start=\"1620\" data-end=\"1922\">\n<li data-start=\"1620\" data-end=\"1661\">\n<p data-start=\"1622\" data-end=\"1661\">100% libres de l\u00e1tex, caucho y polvo.<\/p>\n<\/li>\n<li data-start=\"1662\" data-end=\"1715\">\n<p data-start=\"1664\" data-end=\"1715\">Aptos para pieles sensibles y personas al\u00e9rgicas.<\/p>\n<\/li>\n<li data-start=\"1716\" data-end=\"1773\">\n<p data-start=\"1718\" data-end=\"1773\">Alta resistencia a desgarros y perforaciones (4 mil).<\/p>\n<\/li>\n<li data-start=\"1774\" data-end=\"1829\">\n<p data-start=\"1776\" data-end=\"1829\">Puntas de los dedos texturizadas para mejor agarre.<\/p>\n<\/li>\n<li data-start=\"1830\" data-end=\"1872\">\n<p data-start=\"1832\" data-end=\"1872\">Uso m\u00e9dico, alimentario o de limpieza.<\/p>\n<\/li>\n<li data-start=\"1873\" data-end=\"1922\">\n<p data-start=\"1875\" data-end=\"1922\">Contribuye a programas sociales y educativos.<\/p>\n<\/li>\n<\/ul>\n<p data-start=\"1924\" data-end=\"1947\"><strong data-start=\"1924\" data-end=\"1945\">Especificaciones:<\/strong><\/p>\n<ul data-start=\"1948\" data-end=\"2301\">\n<li data-start=\"1948\" data-end=\"1969\">\n<p data-start=\"1950\" data-end=\"1969\">Marca: OSTC Lydus<\/p>\n<\/li>\n<li data-start=\"1970\" data-end=\"2014\">\n<p data-start=\"1972\" data-end=\"2014\">Material: Nitrilo libre de l\u00e1tex y polvo<\/p>\n<\/li>\n<li data-start=\"2015\" data-end=\"2030\">\n<p data-start=\"2017\" data-end=\"2030\">Color: Azul<\/p>\n<\/li>\n<li data-start=\"2031\" data-end=\"2076\">\n<p data-start=\"2033\" data-end=\"2076\">Textura: Puntas de los dedos texturizadas<\/p>\n<\/li>\n<li data-start=\"2077\" data-end=\"2094\">\n<p data-start=\"2079\" data-end=\"2094\">Grosor: 4 mil<\/p>\n<\/li>\n<li data-start=\"2095\" data-end=\"2130\">\n<p data-start=\"2097\" data-end=\"2130\">Tipo: No est\u00e9riles, desechables<\/p>\n<\/li>\n<li data-start=\"2148\" data-end=\"2183\">\n<p data-start=\"2150\" data-end=\"2183\">Cantidad: Caja con 100 unidades<\/p>\n<\/li>\n<li data-start=\"2184\" data-end=\"2215\">\n<p data-start=\"2186\" data-end=\"2215\">Certificaci\u00f3n: Grado m\u00e9dico<\/p>\n<\/li>\n<li data-start=\"2216\" data-end=\"2249\">\n<p data-start=\"2218\" data-end=\"2249\">Presentaci\u00f3n: Caja individual<\/p>\n<\/li>\n<li data-start=\"2250\" data-end=\"2301\">\n<p data-start=\"2252\" data-end=\"2301\">Uso: M\u00e9dico, alimentario, limpieza o industrial<\/p>\n<\/li>\n<\/ul>","protected":false},"excerpt":{"rendered":"<p data-start=\"442\" data-end=\"644\">Guantes de nitrilo OSTC Lydus sin l\u00e1tex ni polvo. Suaves con la piel, resistentes y texturizados en los dedos para mejor agarre. Caja con 100 unidades.<\/p>\n<p data-start=\"646\" data-end=\"1044\">","protected":false},"featured_media":728,"template":"","meta":[],"product_brand":[62],"product_cat":[15],"product_tag":[],"class_list":{"0":"post-727","1":"product","2":"type-product","3":"status-publish","4":"has-post-thumbnail","6":"product_brand-lydus","7":"product_cat-cuidado_personal","9":"first","10":"instock","11":"taxable","12":"shipping-taxable","13":"purchasable","14":"product-type-variable"},"yoast_head":"<!-- This site is optimized with the Yoast SEO plugin v27.4 - https:\/\/yoast.com\/product\/yoast-seo-wordpress\/ -->\n<title>Guantes de Nitrilo Texturizados sin L\u00e1tex ni Polvo (Caja de 100) &#8211; El Supermercado Medico<\/title>\n<meta name=\"description\" content=\"Guantes de nitrilo OSTC Lydus sin l\u00e1tex ni polvo, suaves con la piel y resistentes. Texturizados para mejor agarre. Caja con 100 unidades.\" \/>\n<meta name=\"robots\" content=\"index, follow, max-snippet:-1, max-image-preview:large, max-video-preview:-1\" \/>\n<link rel=\"canonical\" href=\"https:\/\/elsupermercadomedicopr.com\/es\/product\/ostc-lydus-guantes-de-nitrilo-sin-latex-sin-polvo\/\" \/>\n<meta property=\"og:locale\" content=\"es_ES\" \/>\n<meta property=\"og:type\" content=\"article\" \/>\n<meta property=\"og:title\" content=\"Guantes de Nitrilo Texturizados sin L\u00e1tex ni Polvo (Caja de 100) &#8211; El Supermercado Medico\" \/>\n<meta property=\"og:description\" content=\"Guantes de nitrilo OSTC Lydus sin l\u00e1tex ni polvo, suaves con la piel y resistentes. Texturizados para mejor agarre. Caja con 100 unidades.\" \/>\n<meta property=\"og:url\" content=\"https:\/\/elsupermercadomedicopr.com\/es\/product\/ostc-lydus-guantes-de-nitrilo-sin-latex-sin-polvo\/\" \/>\n<meta property=\"og:site_name\" content=\"El Supermercado Medico\" \/>\n<meta property=\"article:publisher\" content=\"https:\/\/www.facebook.com\/elsupermercadomedico\" \/>\n<meta property=\"article:modified_time\" content=\"2025-11-20T04:16:16+00:00\" \/>\n<meta property=\"og:image\" content=\"https:\/\/elsupermercadomedicopr.com\/wp-content\/uploads\/2025\/10\/image_2025-10-25_233355550-scaled.png\" \/>\n\t<meta property=\"og:image:width\" content=\"2560\" \/>\n\t<meta property=\"og:image:height\" content=\"1781\" \/>\n\t<meta property=\"og:image:type\" content=\"image\/png\" \/>\n<meta name=\"twitter:card\" content=\"summary_large_image\" \/>\n<meta name=\"twitter:label1\" content=\"Est. reading time\" \/>\n\t<meta name=\"twitter:data1\" content=\"2 minutos\" \/>\n<script type=\"application\/ld+json\" class=\"yoast-schema-graph\">{\"@context\":\"https:\\\/\\\/schema.org\",\"@graph\":[{\"@type\":\"WebPage\",\"@id\":\"https:\\\/\\\/elsupermercadomedicopr.com\\\/product\\\/ostc-lydus-guantes-de-nitrilo-sin-latex-sin-polvo\\\/\",\"url\":\"https:\\\/\\\/elsupermercadomedicopr.com\\\/product\\\/ostc-lydus-guantes-de-nitrilo-sin-latex-sin-polvo\\\/\",\"name\":\"Guantes de Nitrilo Texturizados sin L\u00e1tex ni Polvo (Caja de 100) &#8211; El Supermercado Medico\",\"isPartOf\":{\"@id\":\"http:\\\/\\\/elsupermercadomedicopr.com\\\/#website\"},\"primaryImageOfPage\":{\"@id\":\"https:\\\/\\\/elsupermercadomedicopr.com\\\/product\\\/ostc-lydus-guantes-de-nitrilo-sin-latex-sin-polvo\\\/#primaryimage\"},\"image\":{\"@id\":\"https:\\\/\\\/elsupermercadomedicopr.com\\\/product\\\/ostc-lydus-guantes-de-nitrilo-sin-latex-sin-polvo\\\/#primaryimage\"},\"thumbnailUrl\":\"https:\\\/\\\/elsupermercadomedicopr.com\\\/wp-content\\\/uploads\\\/2025\\\/10\\\/image_2025-10-25_233355550-scaled.png\",\"datePublished\":\"2025-10-26T03:36:41+00:00\",\"dateModified\":\"2025-11-20T04:16:16+00:00\",\"description\":\"Guantes de nitrilo OSTC Lydus sin l\u00e1tex ni polvo, suaves con la piel y resistentes. Texturizados para mejor agarre. Caja con 100 unidades.\",\"breadcrumb\":{\"@id\":\"https:\\\/\\\/elsupermercadomedicopr.com\\\/product\\\/ostc-lydus-guantes-de-nitrilo-sin-latex-sin-polvo\\\/#breadcrumb\"},\"inLanguage\":\"es\",\"potentialAction\":[{\"@type\":\"ReadAction\",\"target\":[\"https:\\\/\\\/elsupermercadomedicopr.com\\\/product\\\/ostc-lydus-guantes-de-nitrilo-sin-latex-sin-polvo\\\/\"]}]},{\"@type\":\"ImageObject\",\"inLanguage\":\"es\",\"@id\":\"https:\\\/\\\/elsupermercadomedicopr.com\\\/product\\\/ostc-lydus-guantes-de-nitrilo-sin-latex-sin-polvo\\\/#primaryimage\",\"url\":\"https:\\\/\\\/elsupermercadomedicopr.com\\\/wp-content\\\/uploads\\\/2025\\\/10\\\/image_2025-10-25_233355550-scaled.png\",\"contentUrl\":\"https:\\\/\\\/elsupermercadomedicopr.com\\\/wp-content\\\/uploads\\\/2025\\\/10\\\/image_2025-10-25_233355550-scaled.png\",\"width\":2560,\"height\":1781},{\"@type\":\"BreadcrumbList\",\"@id\":\"https:\\\/\\\/elsupermercadomedicopr.com\\\/product\\\/ostc-lydus-guantes-de-nitrilo-sin-latex-sin-polvo\\\/#breadcrumb\",\"itemListElement\":[{\"@type\":\"ListItem\",\"position\":1,\"name\":\"Home\",\"item\":\"https:\\\/\\\/elsupermercadomedicopr.com\\\/\"},{\"@type\":\"ListItem\",\"position\":2,\"name\":\"Shop\",\"item\":\"https:\\\/\\\/elsupermercadomedicopr.com\\\/shop\\\/\"},{\"@type\":\"ListItem\",\"position\":3,\"name\":\"Guantes de Nitrilo Texturizados sin L\u00e1tex ni Polvo (Caja de 100)\"}]},{\"@type\":\"WebSite\",\"@id\":\"http:\\\/\\\/elsupermercadomedicopr.com\\\/#website\",\"url\":\"http:\\\/\\\/elsupermercadomedicopr.com\\\/\",\"name\":\"El Supermercado Medico\",\"description\":\"Tu alternativa en equipos m\u00e9dicos, sirviendo al profesional de la salud y al paciente convaleciente.\",\"publisher\":{\"@id\":\"http:\\\/\\\/elsupermercadomedicopr.com\\\/#organization\"},\"potentialAction\":[{\"@type\":\"SearchAction\",\"target\":{\"@type\":\"EntryPoint\",\"urlTemplate\":\"http:\\\/\\\/elsupermercadomedicopr.com\\\/?s={search_term_string}\"},\"query-input\":{\"@type\":\"PropertyValueSpecification\",\"valueRequired\":true,\"valueName\":\"search_term_string\"}}],\"inLanguage\":\"es\"},{\"@type\":\"Organization\",\"@id\":\"http:\\\/\\\/elsupermercadomedicopr.com\\\/#organization\",\"name\":\"El Supermercado Medico, Inc.\",\"url\":\"http:\\\/\\\/elsupermercadomedicopr.com\\\/\",\"logo\":{\"@type\":\"ImageObject\",\"inLanguage\":\"es\",\"@id\":\"http:\\\/\\\/elsupermercadomedicopr.com\\\/#\\\/schema\\\/logo\\\/image\\\/\",\"url\":\"https:\\\/\\\/elsupermercadomedicopr.com\\\/wp-content\\\/uploads\\\/2025\\\/11\\\/cropped-Untitled-design-5.png\",\"contentUrl\":\"https:\\\/\\\/elsupermercadomedicopr.com\\\/wp-content\\\/uploads\\\/2025\\\/11\\\/cropped-Untitled-design-5.png\",\"width\":512,\"height\":512,\"caption\":\"El Supermercado Medico, Inc.\"},\"image\":{\"@id\":\"http:\\\/\\\/elsupermercadomedicopr.com\\\/#\\\/schema\\\/logo\\\/image\\\/\"},\"sameAs\":[\"https:\\\/\\\/www.facebook.com\\\/elsupermercadomedico\"]}]}<\/script>\n<!-- \/ Yoast SEO plugin. -->","yoast_head_json":{"title":"Guantes de Nitrilo Texturizados sin L\u00e1tex ni Polvo (Caja de 100) &#8211; El Supermercado Medico","description":"Guantes de nitrilo OSTC Lydus sin l\u00e1tex ni polvo, suaves con la piel y resistentes. Texturizados para mejor agarre. Caja con 100 unidades.","robots":{"index":"index","follow":"follow","max-snippet":"max-snippet:-1","max-image-preview":"max-image-preview:large","max-video-preview":"max-video-preview:-1"},"canonical":"https:\/\/elsupermercadomedicopr.com\/es\/product\/ostc-lydus-guantes-de-nitrilo-sin-latex-sin-polvo\/","og_locale":"es_ES","og_type":"article","og_title":"Guantes de Nitrilo Texturizados sin L\u00e1tex ni Polvo (Caja de 100) &#8211; El Supermercado Medico","og_description":"Guantes de nitrilo OSTC Lydus sin l\u00e1tex ni polvo, suaves con la piel y resistentes. Texturizados para mejor agarre. Caja con 100 unidades.","og_url":"https:\/\/elsupermercadomedicopr.com\/es\/product\/ostc-lydus-guantes-de-nitrilo-sin-latex-sin-polvo\/","og_site_name":"El Supermercado Medico","article_publisher":"https:\/\/www.facebook.com\/elsupermercadomedico","article_modified_time":"2025-11-20T04:16:16+00:00","og_image":[{"width":2560,"height":1781,"url":"https:\/\/elsupermercadomedicopr.com\/wp-content\/uploads\/2025\/10\/image_2025-10-25_233355550-scaled.png","type":"image\/png"}],"twitter_card":"summary_large_image","twitter_misc":{"Est. reading time":"2 minutos"},"schema":{"@context":"https:\/\/schema.org","@graph":[{"@type":"WebPage","@id":"https:\/\/elsupermercadomedicopr.com\/product\/ostc-lydus-guantes-de-nitrilo-sin-latex-sin-polvo\/","url":"https:\/\/elsupermercadomedicopr.com\/product\/ostc-lydus-guantes-de-nitrilo-sin-latex-sin-polvo\/","name":"Guantes de Nitrilo Texturizados sin L\u00e1tex ni Polvo (Caja de 100) &#8211; El Supermercado Medico","isPartOf":{"@id":"http:\/\/elsupermercadomedicopr.com\/#website"},"primaryImageOfPage":{"@id":"https:\/\/elsupermercadomedicopr.com\/product\/ostc-lydus-guantes-de-nitrilo-sin-latex-sin-polvo\/#primaryimage"},"image":{"@id":"https:\/\/elsupermercadomedicopr.com\/product\/ostc-lydus-guantes-de-nitrilo-sin-latex-sin-polvo\/#primaryimage"},"thumbnailUrl":"https:\/\/elsupermercadomedicopr.com\/wp-content\/uploads\/2025\/10\/image_2025-10-25_233355550-scaled.png","datePublished":"2025-10-26T03:36:41+00:00","dateModified":"2025-11-20T04:16:16+00:00","description":"Guantes de nitrilo OSTC Lydus sin l\u00e1tex ni polvo, suaves con la piel y resistentes. Texturizados para mejor agarre. Caja con 100 unidades.","breadcrumb":{"@id":"https:\/\/elsupermercadomedicopr.com\/product\/ostc-lydus-guantes-de-nitrilo-sin-latex-sin-polvo\/#breadcrumb"},"inLanguage":"es","potentialAction":[{"@type":"ReadAction","target":["https:\/\/elsupermercadomedicopr.com\/product\/ostc-lydus-guantes-de-nitrilo-sin-latex-sin-polvo\/"]}]},{"@type":"ImageObject","inLanguage":"es","@id":"https:\/\/elsupermercadomedicopr.com\/product\/ostc-lydus-guantes-de-nitrilo-sin-latex-sin-polvo\/#primaryimage","url":"https:\/\/elsupermercadomedicopr.com\/wp-content\/uploads\/2025\/10\/image_2025-10-25_233355550-scaled.png","contentUrl":"https:\/\/elsupermercadomedicopr.com\/wp-content\/uploads\/2025\/10\/image_2025-10-25_233355550-scaled.png","width":2560,"height":1781},{"@type":"BreadcrumbList","@id":"https:\/\/elsupermercadomedicopr.com\/product\/ostc-lydus-guantes-de-nitrilo-sin-latex-sin-polvo\/#breadcrumb","itemListElement":[{"@type":"ListItem","position":1,"name":"Home","item":"https:\/\/elsupermercadomedicopr.com\/"},{"@type":"ListItem","position":2,"name":"Shop","item":"https:\/\/elsupermercadomedicopr.com\/shop\/"},{"@type":"ListItem","position":3,"name":"Guantes de Nitrilo Texturizados sin L\u00e1tex ni Polvo (Caja de 100)"}]},{"@type":"WebSite","@id":"http:\/\/elsupermercadomedicopr.com\/#website","url":"http:\/\/elsupermercadomedicopr.com\/","name":"El Supermercado Medico","description":"Tu alternativa en equipos m\u00e9dicos, sirviendo al profesional de la salud y al paciente convaleciente.","publisher":{"@id":"http:\/\/elsupermercadomedicopr.com\/#organization"},"potentialAction":[{"@type":"SearchAction","target":{"@type":"EntryPoint","urlTemplate":"http:\/\/elsupermercadomedicopr.com\/?s={search_term_string}"},"query-input":{"@type":"PropertyValueSpecification","valueRequired":true,"valueName":"search_term_string"}}],"inLanguage":"es"},{"@type":"Organization","@id":"http:\/\/elsupermercadomedicopr.com\/#organization","name":"El Supermercado Medico, Inc.","url":"http:\/\/elsupermercadomedicopr.com\/","logo":{"@type":"ImageObject","inLanguage":"es","@id":"http:\/\/elsupermercadomedicopr.com\/#\/schema\/logo\/image\/","url":"https:\/\/elsupermercadomedicopr.com\/wp-content\/uploads\/2025\/11\/cropped-Untitled-design-5.png","contentUrl":"https:\/\/elsupermercadomedicopr.com\/wp-content\/uploads\/2025\/11\/cropped-Untitled-design-5.png","width":512,"height":512,"caption":"El Supermercado Medico, Inc."},"image":{"@id":"http:\/\/elsupermercadomedicopr.com\/#\/schema\/logo\/image\/"},"sameAs":["https:\/\/www.facebook.com\/elsupermercadomedico"]}]}},"_links":{"self":[{"href":"https:\/\/elsupermercadomedicopr.com\/es\/wp-json\/wp\/v2\/product\/727","targetHints":{"allow":["GET"]}}],"collection":[{"href":"https:\/\/elsupermercadomedicopr.com\/es\/wp-json\/wp\/v2\/product"}],"about":[{"href":"https:\/\/elsupermercadomedicopr.com\/es\/wp-json\/wp\/v2\/types\/product"}],"wp:featuredmedia":[{"embeddable":true,"href":"https:\/\/elsupermercadomedicopr.com\/es\/wp-json\/wp\/v2\/media\/728"}],"wp:attachment":[{"href":"https:\/\/elsupermercadomedicopr.com\/es\/wp-json\/wp\/v2\/media?parent=727"}],"wp:term":[{"taxonomy":"product_brand","embeddable":true,"href":"https:\/\/elsupermercadomedicopr.com\/es\/wp-json\/wp\/v2\/product_brand?post=727"},{"taxonomy":"product_cat","embeddable":true,"href":"https:\/\/elsupermercadomedicopr.com\/es\/wp-json\/wp\/v2\/product_cat?post=727"},{"taxonomy":"product_tag","embeddable":true,"href":"https:\/\/elsupermercadomedicopr.com\/es\/wp-json\/wp\/v2\/product_tag?post=727"}],"curies":[{"name":"wp","href":"https:\/\/api.w.org\/{rel}","templated":true}]}}