{"id":700,"date":"2025-10-26T02:51:37","date_gmt":"2025-10-26T02:51:37","guid":{"rendered":"https:\/\/elsupermercadomedicopr.com\/?post_type=product&#038;p=700"},"modified":"2025-11-20T04:16:26","modified_gmt":"2025-11-20T04:16:26","slug":"guantes-de-compresion-con-iones-de-cobre-prestige-medical","status":"publish","type":"product","link":"https:\/\/elsupermercadomedicopr.com\/es\/product\/guantes-de-compresion-con-iones-de-cobre-prestige-medical\/","title":{"rendered":"Guantes de Compresi\u00f3n Terap\u00e9uticos con Iones de Cobre (Modelo 600)"},"content":{"rendered":"<p data-start=\"668\" data-end=\"993\">Los <strong data-start=\"720\" data-end=\"775\">guantes de compresi\u00f3n Prestige Medical (Modelo 600)<\/strong> est\u00e1n dise\u00f1ados con <strong data-start=\"796\" data-end=\"869\">hilos de cobre e infrarrojo lejano (Far Infra-Red &amp; Copper Ion Yarns)<\/strong> que ofrecen beneficios terap\u00e9uticos avanzados para <strong data-start=\"921\" data-end=\"990\">reducir la inflamaci\u00f3n, aliviar el dolor y mejorar la circulaci\u00f3n<\/strong>.<\/p>\n<p data-start=\"995\" data-end=\"1335\">El tejido con <strong data-start=\"1009\" data-end=\"1027\">iones de cobre<\/strong> contiene minerales que reflejan la luz infrarroja del cuerpo, <strong data-start=\"1090\" data-end=\"1130\">oxigenando m\u00fasculos y articulaciones<\/strong>, y aumentando el flujo sangu\u00edneo en \u00e1reas inflamadas o doloridas. Esta tecnolog\u00eda ayuda a <strong data-start=\"1221\" data-end=\"1315\">disminuir la hinchaz\u00f3n, aliviar molestias asociadas con la artritis y mejorar la movilidad<\/strong> en manos y dedos.<\/p>\n<p data-start=\"1337\" data-end=\"1535\">Confeccionados en material el\u00e1stico y transpirable, los guantes brindan una <strong data-start=\"1413\" data-end=\"1465\">compresi\u00f3n uniforme sin restringir el movimiento<\/strong>, ideales para uso diario, recuperaci\u00f3n f\u00edsica o terapia prolongada.<\/p>\n<p data-start=\"1537\" data-end=\"1566\"><strong data-start=\"1537\" data-end=\"1564\">Beneficios principales:<\/strong><\/p>\n<ul data-start=\"1567\" data-end=\"1841\">\n<li data-start=\"1567\" data-end=\"1618\">\n<p data-start=\"1569\" data-end=\"1618\">Aumentan la circulaci\u00f3n y oxigenaci\u00f3n muscular.<\/p>\n<\/li>\n<li data-start=\"1619\" data-end=\"1683\">\n<p data-start=\"1621\" data-end=\"1683\">Alivian el dolor y la inflamaci\u00f3n en manos y articulaciones.<\/p>\n<\/li>\n<li data-start=\"1684\" data-end=\"1736\">\n<p data-start=\"1686\" data-end=\"1736\">Reducen la hinchaz\u00f3n y el malestar por artritis.<\/p>\n<\/li>\n<li data-start=\"1737\" data-end=\"1801\">\n<p data-start=\"1739\" data-end=\"1801\">Material terap\u00e9utico con iones de cobre e infrarrojo lejano.<\/p>\n<\/li>\n<li data-start=\"1802\" data-end=\"1841\">\n<p data-start=\"1804\" data-end=\"1841\">C\u00f3modos, transpirables y duraderos.<\/p>\n<\/li>\n<\/ul>\n<p data-start=\"1843\" data-end=\"1866\"><strong data-start=\"1843\" data-end=\"1864\">Especificaciones:<\/strong><\/p>\n<ul data-start=\"1867\" data-end=\"2069\">\n<li data-start=\"1867\" data-end=\"1882\">\n<p data-start=\"1869\" data-end=\"1882\">Modelo: 600<\/p>\n<\/li>\n<li data-start=\"1883\" data-end=\"1910\">\n<p data-start=\"1885\" data-end=\"1910\">Marca: Prestige Medical<\/p>\n<\/li>\n<li data-start=\"1911\" data-end=\"1927\">\n<p data-start=\"1913\" data-end=\"1927\">Color: Negro<\/p>\n<\/li>\n<li data-start=\"1928\" data-end=\"2011\">\n<p data-start=\"1930\" data-end=\"2011\">Material: Hilos de cobre e infrarrojo lejano (Far Infra-Red &amp; Copper Ion Yarns)<\/p>\n<\/li>\n<li data-start=\"2012\" data-end=\"2069\">\n<p data-start=\"2014\" data-end=\"2069\">Uso: Terap\u00e9utico y de recuperaci\u00f3n muscular\/articular<\/p>\n<\/li>\n<\/ul>","protected":false},"excerpt":{"rendered":"<p data-start=\"456\" data-end=\"666\">Guantes de compresi\u00f3n Prestige Medical con tecnolog\u00eda de iones de cobre e infrarrojo lejano. Mejoran la circulaci\u00f3n, reducen la inflamaci\u00f3n y alivian molestias articulares.<\/p>\n<p data-start=\"668\" data-end=\"993\">","protected":false},"featured_media":701,"template":"","meta":[],"product_brand":[],"product_cat":[50],"product_tag":[],"class_list":{"0":"post-700","1":"product","2":"type-product","3":"status-publish","4":"has-post-thumbnail","6":"product_cat-equipos-para-terapia-fisica","8":"first","9":"instock","10":"taxable","11":"shipping-taxable","12":"purchasable","13":"product-type-simple"},"yoast_head":"<!-- This site is optimized with the Yoast SEO plugin v27.4 - https:\/\/yoast.com\/product\/yoast-seo-wordpress\/ -->\n<title>Guantes de Compresi\u00f3n Terap\u00e9uticos con Iones de Cobre (Modelo 600) &#8211; El Supermercado Medico<\/title>\n<meta name=\"description\" content=\"Guantes de compresi\u00f3n Prestige Medical con iones de cobre. Aumentan la circulaci\u00f3n, reducen la inflamaci\u00f3n y alivian el dolor por artritis o fatiga articular.\" \/>\n<meta name=\"robots\" content=\"index, follow, max-snippet:-1, max-image-preview:large, max-video-preview:-1\" \/>\n<link rel=\"canonical\" href=\"https:\/\/elsupermercadomedicopr.com\/es\/product\/guantes-de-compresion-con-iones-de-cobre-prestige-medical\/\" \/>\n<meta property=\"og:locale\" content=\"es_ES\" \/>\n<meta property=\"og:type\" content=\"article\" \/>\n<meta property=\"og:title\" content=\"Guantes de Compresi\u00f3n Terap\u00e9uticos con Iones de Cobre (Modelo 600) &#8211; El Supermercado Medico\" \/>\n<meta property=\"og:description\" content=\"Guantes de compresi\u00f3n Prestige Medical con iones de cobre. Aumentan la circulaci\u00f3n, reducen la inflamaci\u00f3n y alivian el dolor por artritis o fatiga articular.\" \/>\n<meta property=\"og:url\" content=\"https:\/\/elsupermercadomedicopr.com\/es\/product\/guantes-de-compresion-con-iones-de-cobre-prestige-medical\/\" \/>\n<meta property=\"og:site_name\" content=\"El Supermercado Medico\" \/>\n<meta property=\"article:publisher\" content=\"https:\/\/www.facebook.com\/elsupermercadomedico\" \/>\n<meta property=\"article:modified_time\" content=\"2025-11-20T04:16:26+00:00\" \/>\n<meta property=\"og:image\" content=\"https:\/\/elsupermercadomedicopr.com\/wp-content\/uploads\/2025\/10\/image_2025-10-25_224921591.png\" \/>\n\t<meta property=\"og:image:width\" content=\"700\" \/>\n\t<meta property=\"og:image:height\" content=\"750\" \/>\n\t<meta property=\"og:image:type\" content=\"image\/png\" \/>\n<meta name=\"twitter:card\" content=\"summary_large_image\" \/>\n<meta name=\"twitter:label1\" content=\"Est. reading time\" \/>\n\t<meta name=\"twitter:data1\" content=\"1 minuto\" \/>\n<script type=\"application\/ld+json\" class=\"yoast-schema-graph\">{\"@context\":\"https:\\\/\\\/schema.org\",\"@graph\":[{\"@type\":\"WebPage\",\"@id\":\"https:\\\/\\\/elsupermercadomedicopr.com\\\/product\\\/guantes-de-compresion-con-iones-de-cobre-prestige-medical\\\/\",\"url\":\"https:\\\/\\\/elsupermercadomedicopr.com\\\/product\\\/guantes-de-compresion-con-iones-de-cobre-prestige-medical\\\/\",\"name\":\"Guantes de Compresi\u00f3n Terap\u00e9uticos con Iones de Cobre (Modelo 600) &#8211; El Supermercado Medico\",\"isPartOf\":{\"@id\":\"http:\\\/\\\/elsupermercadomedicopr.com\\\/#website\"},\"primaryImageOfPage\":{\"@id\":\"https:\\\/\\\/elsupermercadomedicopr.com\\\/product\\\/guantes-de-compresion-con-iones-de-cobre-prestige-medical\\\/#primaryimage\"},\"image\":{\"@id\":\"https:\\\/\\\/elsupermercadomedicopr.com\\\/product\\\/guantes-de-compresion-con-iones-de-cobre-prestige-medical\\\/#primaryimage\"},\"thumbnailUrl\":\"https:\\\/\\\/elsupermercadomedicopr.com\\\/wp-content\\\/uploads\\\/2025\\\/10\\\/image_2025-10-25_224921591.png\",\"datePublished\":\"2025-10-26T02:51:37+00:00\",\"dateModified\":\"2025-11-20T04:16:26+00:00\",\"description\":\"Guantes de compresi\u00f3n Prestige Medical con iones de cobre. Aumentan la circulaci\u00f3n, reducen la inflamaci\u00f3n y alivian el dolor por artritis o fatiga articular.\",\"breadcrumb\":{\"@id\":\"https:\\\/\\\/elsupermercadomedicopr.com\\\/product\\\/guantes-de-compresion-con-iones-de-cobre-prestige-medical\\\/#breadcrumb\"},\"inLanguage\":\"es\",\"potentialAction\":[{\"@type\":\"ReadAction\",\"target\":[\"https:\\\/\\\/elsupermercadomedicopr.com\\\/product\\\/guantes-de-compresion-con-iones-de-cobre-prestige-medical\\\/\"]}]},{\"@type\":\"ImageObject\",\"inLanguage\":\"es\",\"@id\":\"https:\\\/\\\/elsupermercadomedicopr.com\\\/product\\\/guantes-de-compresion-con-iones-de-cobre-prestige-medical\\\/#primaryimage\",\"url\":\"https:\\\/\\\/elsupermercadomedicopr.com\\\/wp-content\\\/uploads\\\/2025\\\/10\\\/image_2025-10-25_224921591.png\",\"contentUrl\":\"https:\\\/\\\/elsupermercadomedicopr.com\\\/wp-content\\\/uploads\\\/2025\\\/10\\\/image_2025-10-25_224921591.png\",\"width\":700,\"height\":750},{\"@type\":\"BreadcrumbList\",\"@id\":\"https:\\\/\\\/elsupermercadomedicopr.com\\\/product\\\/guantes-de-compresion-con-iones-de-cobre-prestige-medical\\\/#breadcrumb\",\"itemListElement\":[{\"@type\":\"ListItem\",\"position\":1,\"name\":\"Home\",\"item\":\"https:\\\/\\\/elsupermercadomedicopr.com\\\/\"},{\"@type\":\"ListItem\",\"position\":2,\"name\":\"Shop\",\"item\":\"https:\\\/\\\/elsupermercadomedicopr.com\\\/shop\\\/\"},{\"@type\":\"ListItem\",\"position\":3,\"name\":\"Guantes de Compresi\u00f3n Terap\u00e9uticos con Iones de Cobre (Modelo 600)\"}]},{\"@type\":\"WebSite\",\"@id\":\"http:\\\/\\\/elsupermercadomedicopr.com\\\/#website\",\"url\":\"http:\\\/\\\/elsupermercadomedicopr.com\\\/\",\"name\":\"El Supermercado Medico\",\"description\":\"Tu alternativa en equipos m\u00e9dicos, sirviendo al profesional de la salud y al paciente convaleciente.\",\"publisher\":{\"@id\":\"http:\\\/\\\/elsupermercadomedicopr.com\\\/#organization\"},\"potentialAction\":[{\"@type\":\"SearchAction\",\"target\":{\"@type\":\"EntryPoint\",\"urlTemplate\":\"http:\\\/\\\/elsupermercadomedicopr.com\\\/?s={search_term_string}\"},\"query-input\":{\"@type\":\"PropertyValueSpecification\",\"valueRequired\":true,\"valueName\":\"search_term_string\"}}],\"inLanguage\":\"es\"},{\"@type\":\"Organization\",\"@id\":\"http:\\\/\\\/elsupermercadomedicopr.com\\\/#organization\",\"name\":\"El Supermercado Medico, Inc.\",\"url\":\"http:\\\/\\\/elsupermercadomedicopr.com\\\/\",\"logo\":{\"@type\":\"ImageObject\",\"inLanguage\":\"es\",\"@id\":\"http:\\\/\\\/elsupermercadomedicopr.com\\\/#\\\/schema\\\/logo\\\/image\\\/\",\"url\":\"https:\\\/\\\/elsupermercadomedicopr.com\\\/wp-content\\\/uploads\\\/2025\\\/11\\\/cropped-Untitled-design-5.png\",\"contentUrl\":\"https:\\\/\\\/elsupermercadomedicopr.com\\\/wp-content\\\/uploads\\\/2025\\\/11\\\/cropped-Untitled-design-5.png\",\"width\":512,\"height\":512,\"caption\":\"El Supermercado Medico, Inc.\"},\"image\":{\"@id\":\"http:\\\/\\\/elsupermercadomedicopr.com\\\/#\\\/schema\\\/logo\\\/image\\\/\"},\"sameAs\":[\"https:\\\/\\\/www.facebook.com\\\/elsupermercadomedico\"]}]}<\/script>\n<!-- \/ Yoast SEO plugin. -->","yoast_head_json":{"title":"Guantes de Compresi\u00f3n Terap\u00e9uticos con Iones de Cobre (Modelo 600) &#8211; El Supermercado Medico","description":"Guantes de compresi\u00f3n Prestige Medical con iones de cobre. Aumentan la circulaci\u00f3n, reducen la inflamaci\u00f3n y alivian el dolor por artritis o fatiga articular.","robots":{"index":"index","follow":"follow","max-snippet":"max-snippet:-1","max-image-preview":"max-image-preview:large","max-video-preview":"max-video-preview:-1"},"canonical":"https:\/\/elsupermercadomedicopr.com\/es\/product\/guantes-de-compresion-con-iones-de-cobre-prestige-medical\/","og_locale":"es_ES","og_type":"article","og_title":"Guantes de Compresi\u00f3n Terap\u00e9uticos con Iones de Cobre (Modelo 600) &#8211; El Supermercado Medico","og_description":"Guantes de compresi\u00f3n Prestige Medical con iones de cobre. Aumentan la circulaci\u00f3n, reducen la inflamaci\u00f3n y alivian el dolor por artritis o fatiga articular.","og_url":"https:\/\/elsupermercadomedicopr.com\/es\/product\/guantes-de-compresion-con-iones-de-cobre-prestige-medical\/","og_site_name":"El Supermercado Medico","article_publisher":"https:\/\/www.facebook.com\/elsupermercadomedico","article_modified_time":"2025-11-20T04:16:26+00:00","og_image":[{"width":700,"height":750,"url":"https:\/\/elsupermercadomedicopr.com\/wp-content\/uploads\/2025\/10\/image_2025-10-25_224921591.png","type":"image\/png"}],"twitter_card":"summary_large_image","twitter_misc":{"Est. reading time":"1 minuto"},"schema":{"@context":"https:\/\/schema.org","@graph":[{"@type":"WebPage","@id":"https:\/\/elsupermercadomedicopr.com\/product\/guantes-de-compresion-con-iones-de-cobre-prestige-medical\/","url":"https:\/\/elsupermercadomedicopr.com\/product\/guantes-de-compresion-con-iones-de-cobre-prestige-medical\/","name":"Guantes de Compresi\u00f3n Terap\u00e9uticos con Iones de Cobre (Modelo 600) &#8211; El Supermercado Medico","isPartOf":{"@id":"http:\/\/elsupermercadomedicopr.com\/#website"},"primaryImageOfPage":{"@id":"https:\/\/elsupermercadomedicopr.com\/product\/guantes-de-compresion-con-iones-de-cobre-prestige-medical\/#primaryimage"},"image":{"@id":"https:\/\/elsupermercadomedicopr.com\/product\/guantes-de-compresion-con-iones-de-cobre-prestige-medical\/#primaryimage"},"thumbnailUrl":"https:\/\/elsupermercadomedicopr.com\/wp-content\/uploads\/2025\/10\/image_2025-10-25_224921591.png","datePublished":"2025-10-26T02:51:37+00:00","dateModified":"2025-11-20T04:16:26+00:00","description":"Guantes de compresi\u00f3n Prestige Medical con iones de cobre. Aumentan la circulaci\u00f3n, reducen la inflamaci\u00f3n y alivian el dolor por artritis o fatiga articular.","breadcrumb":{"@id":"https:\/\/elsupermercadomedicopr.com\/product\/guantes-de-compresion-con-iones-de-cobre-prestige-medical\/#breadcrumb"},"inLanguage":"es","potentialAction":[{"@type":"ReadAction","target":["https:\/\/elsupermercadomedicopr.com\/product\/guantes-de-compresion-con-iones-de-cobre-prestige-medical\/"]}]},{"@type":"ImageObject","inLanguage":"es","@id":"https:\/\/elsupermercadomedicopr.com\/product\/guantes-de-compresion-con-iones-de-cobre-prestige-medical\/#primaryimage","url":"https:\/\/elsupermercadomedicopr.com\/wp-content\/uploads\/2025\/10\/image_2025-10-25_224921591.png","contentUrl":"https:\/\/elsupermercadomedicopr.com\/wp-content\/uploads\/2025\/10\/image_2025-10-25_224921591.png","width":700,"height":750},{"@type":"BreadcrumbList","@id":"https:\/\/elsupermercadomedicopr.com\/product\/guantes-de-compresion-con-iones-de-cobre-prestige-medical\/#breadcrumb","itemListElement":[{"@type":"ListItem","position":1,"name":"Home","item":"https:\/\/elsupermercadomedicopr.com\/"},{"@type":"ListItem","position":2,"name":"Shop","item":"https:\/\/elsupermercadomedicopr.com\/shop\/"},{"@type":"ListItem","position":3,"name":"Guantes de Compresi\u00f3n Terap\u00e9uticos con Iones de Cobre (Modelo 600)"}]},{"@type":"WebSite","@id":"http:\/\/elsupermercadomedicopr.com\/#website","url":"http:\/\/elsupermercadomedicopr.com\/","name":"El Supermercado Medico","description":"Tu alternativa en equipos m\u00e9dicos, sirviendo al profesional de la salud y al paciente convaleciente.","publisher":{"@id":"http:\/\/elsupermercadomedicopr.com\/#organization"},"potentialAction":[{"@type":"SearchAction","target":{"@type":"EntryPoint","urlTemplate":"http:\/\/elsupermercadomedicopr.com\/?s={search_term_string}"},"query-input":{"@type":"PropertyValueSpecification","valueRequired":true,"valueName":"search_term_string"}}],"inLanguage":"es"},{"@type":"Organization","@id":"http:\/\/elsupermercadomedicopr.com\/#organization","name":"El Supermercado Medico, Inc.","url":"http:\/\/elsupermercadomedicopr.com\/","logo":{"@type":"ImageObject","inLanguage":"es","@id":"http:\/\/elsupermercadomedicopr.com\/#\/schema\/logo\/image\/","url":"https:\/\/elsupermercadomedicopr.com\/wp-content\/uploads\/2025\/11\/cropped-Untitled-design-5.png","contentUrl":"https:\/\/elsupermercadomedicopr.com\/wp-content\/uploads\/2025\/11\/cropped-Untitled-design-5.png","width":512,"height":512,"caption":"El Supermercado Medico, Inc."},"image":{"@id":"http:\/\/elsupermercadomedicopr.com\/#\/schema\/logo\/image\/"},"sameAs":["https:\/\/www.facebook.com\/elsupermercadomedico"]}]}},"_links":{"self":[{"href":"https:\/\/elsupermercadomedicopr.com\/es\/wp-json\/wp\/v2\/product\/700","targetHints":{"allow":["GET"]}}],"collection":[{"href":"https:\/\/elsupermercadomedicopr.com\/es\/wp-json\/wp\/v2\/product"}],"about":[{"href":"https:\/\/elsupermercadomedicopr.com\/es\/wp-json\/wp\/v2\/types\/product"}],"wp:featuredmedia":[{"embeddable":true,"href":"https:\/\/elsupermercadomedicopr.com\/es\/wp-json\/wp\/v2\/media\/701"}],"wp:attachment":[{"href":"https:\/\/elsupermercadomedicopr.com\/es\/wp-json\/wp\/v2\/media?parent=700"}],"wp:term":[{"taxonomy":"product_brand","embeddable":true,"href":"https:\/\/elsupermercadomedicopr.com\/es\/wp-json\/wp\/v2\/product_brand?post=700"},{"taxonomy":"product_cat","embeddable":true,"href":"https:\/\/elsupermercadomedicopr.com\/es\/wp-json\/wp\/v2\/product_cat?post=700"},{"taxonomy":"product_tag","embeddable":true,"href":"https:\/\/elsupermercadomedicopr.com\/es\/wp-json\/wp\/v2\/product_tag?post=700"}],"curies":[{"name":"wp","href":"https:\/\/api.w.org\/{rel}","templated":true}]}}