{"id":639,"date":"2025-10-26T01:29:26","date_gmt":"2025-10-26T01:29:26","guid":{"rendered":"https:\/\/elsupermercadomedicopr.com\/?post_type=product&#038;p=639"},"modified":"2025-10-26T01:29:26","modified_gmt":"2025-10-26T01:29:26","slug":"mangas-de-compresion-kendall-scd-express-sleeves","status":"publish","type":"product","link":"https:\/\/elsupermercadomedicopr.com\/es\/product\/mangas-de-compresion-kendall-scd-express-sleeves\/","title":{"rendered":"CARDINAL HEALTH \u2013 Mangas de Compresi\u00f3n Kendall SCD\u2122 Express Sleeves"},"content":{"rendered":"<p data-start=\"681\" data-end=\"1087\">Las <strong data-start=\"733\" data-end=\"778\">mangas de compresi\u00f3n Kendall SCD\u2122 Express<\/strong> forman parte del <strong data-start=\"796\" data-end=\"837\">sistema SmartFlow\u2122 de Cardinal Health<\/strong>, dise\u00f1ado para ofrecer <strong data-start=\"861\" data-end=\"912\">compresi\u00f3n circunferencial cl\u00ednicamente probada<\/strong> que ayuda a mover m\u00e1s sangre y reducir el riesgo de <strong data-start=\"965\" data-end=\"1000\">trombosis venosa profunda (TVP)<\/strong> y <strong data-start=\"1003\" data-end=\"1028\">embolia pulmonar (EP)<\/strong> en pacientes con riesgo de tromboembolismo venoso (VTE).<\/p>\n<p data-start=\"1089\" data-end=\"1464\">Su dise\u00f1o avanzado <strong data-start=\"1108\" data-end=\"1166\">proporciona compresi\u00f3n en todos los lados de la pierna<\/strong>, sin importar la posici\u00f3n, asegurando una terapia efectiva y consistente. Gracias a su <strong data-start=\"1254\" data-end=\"1306\">tecnolog\u00eda de inflado secuencial en tres c\u00e1maras<\/strong>, las mangas aplican una acci\u00f3n tipo \u201cmasaje\u201d que estimula el flujo sangu\u00edneo de manera progresiva, mejorando la circulaci\u00f3n y reduciendo la estasis venosa.<\/p>\n<p data-start=\"1466\" data-end=\"1790\">El dise\u00f1o de <strong data-start=\"1479\" data-end=\"1520\">compresi\u00f3n circunferencial SmartFlow\u2122<\/strong> cubre una superficie m\u00e1s amplia y elimina la sangre detr\u00e1s de la v\u00e1lvula venosa, donde com\u00fanmente se forman los co\u00e1gulos. Adem\u00e1s, su uso contribuye a <strong data-start=\"1671\" data-end=\"1703\">ahorrar tiempo de enfermer\u00eda<\/strong> y <strong data-start=\"1706\" data-end=\"1738\">reducir el impacto ambiental<\/strong>, al ofrecer una opci\u00f3n reprocesable y sostenible.<\/p>\n<p data-start=\"1792\" data-end=\"1821\"><strong data-start=\"1792\" data-end=\"1819\">Beneficios principales:<\/strong><\/p>\n<ul data-start=\"1822\" data-end=\"2136\">\n<li data-start=\"1822\" data-end=\"1885\">\n<p data-start=\"1824\" data-end=\"1885\">Previene VTE, TVP y EP en pacientes con movilidad limitada.<\/p>\n<\/li>\n<li data-start=\"1886\" data-end=\"1943\">\n<p data-start=\"1888\" data-end=\"1943\">Compresi\u00f3n independiente de la posici\u00f3n del paciente.<\/p>\n<\/li>\n<li data-start=\"1944\" data-end=\"2011\">\n<p data-start=\"1946\" data-end=\"2011\">Dise\u00f1o de tres c\u00e1maras para una compresi\u00f3n secuencial efectiva.<\/p>\n<\/li>\n<li data-start=\"2012\" data-end=\"2064\">\n<p data-start=\"2014\" data-end=\"2064\">Mejora la circulaci\u00f3n y acelera la recuperaci\u00f3n.<\/p>\n<\/li>\n<li data-start=\"2065\" data-end=\"2136\">\n<p data-start=\"2067\" data-end=\"2136\">Alternativa reprocesable que disminuye el desperdicio hospitalario.<\/p>\n<\/li>\n<\/ul>\n<p data-start=\"2138\" data-end=\"2161\"><strong data-start=\"2138\" data-end=\"2159\">Especificaciones:<\/strong><\/p>\n<ul data-start=\"2162\" data-end=\"2336\">\n<li data-start=\"2162\" data-end=\"2188\">\n<p data-start=\"2164\" data-end=\"2188\">Marca: Cardinal Health<\/p>\n<\/li>\n<li data-start=\"2189\" data-end=\"2229\">\n<p data-start=\"2191\" data-end=\"2229\">Modelo: Kendall SCD\u2122 Express Sleeves<\/p>\n<\/li>\n<li data-start=\"2230\" data-end=\"2281\">\n<p data-start=\"2232\" data-end=\"2281\">Tipo: Mangas de compresi\u00f3n neum\u00e1tica secuencial<\/p>\n<\/li>\n<li data-start=\"2282\" data-end=\"2336\">\n<p data-start=\"2284\" data-end=\"2336\">Sistema compatible: Kendall SCD\u2122 SmartFlow\u2122 System<\/p>\n<\/li>\n<\/ul>","protected":false},"excerpt":{"rendered":"<p data-start=\"455\" data-end=\"679\">Mangas de compresi\u00f3n Kendall SCD\u2122 Express de Cardinal Health. Proveen compresi\u00f3n secuencial para mejorar la circulaci\u00f3n y prevenir trombosis venosa profunda (TVP) en pacientes en riesgo.<\/p>\n<p data-start=\"681\" data-end=\"1087\">","protected":false},"featured_media":641,"template":"","meta":[],"product_brand":[54],"product_cat":[50],"product_tag":[],"class_list":{"0":"post-639","1":"product","2":"type-product","3":"status-publish","4":"has-post-thumbnail","6":"product_brand-cardinal-health","7":"product_cat-equipos-para-terapia-fisica","9":"first","10":"instock","11":"taxable","12":"shipping-taxable","13":"purchasable","14":"product-type-variable"},"yoast_head":"<!-- This site is optimized with the Yoast SEO plugin v27.4 - https:\/\/yoast.com\/product\/yoast-seo-wordpress\/ -->\n<title>CARDINAL HEALTH \u2013 Mangas de Compresi\u00f3n Kendall SCD\u2122 Express Sleeves &#8211; El Supermercado Medico<\/title>\n<meta name=\"description\" content=\"Mangas de compresi\u00f3n Kendall SCD Express de Cardinal Health. Ayudan a prevenir TVP y embolia pulmonar con compresi\u00f3n secuencial eficaz y dise\u00f1o cl\u00ednicamente probado.\" \/>\n<meta name=\"robots\" content=\"index, follow, max-snippet:-1, max-image-preview:large, max-video-preview:-1\" \/>\n<link rel=\"canonical\" href=\"https:\/\/elsupermercadomedicopr.com\/es\/product\/mangas-de-compresion-kendall-scd-express-sleeves\/\" \/>\n<meta property=\"og:locale\" content=\"es_ES\" \/>\n<meta property=\"og:type\" content=\"article\" \/>\n<meta property=\"og:title\" content=\"CARDINAL HEALTH \u2013 Mangas de Compresi\u00f3n Kendall SCD\u2122 Express Sleeves &#8211; El Supermercado Medico\" \/>\n<meta property=\"og:description\" content=\"Mangas de compresi\u00f3n Kendall SCD Express de Cardinal Health. Ayudan a prevenir TVP y embolia pulmonar con compresi\u00f3n secuencial eficaz y dise\u00f1o cl\u00ednicamente probado.\" \/>\n<meta property=\"og:url\" content=\"https:\/\/elsupermercadomedicopr.com\/es\/product\/mangas-de-compresion-kendall-scd-express-sleeves\/\" \/>\n<meta property=\"og:site_name\" content=\"El Supermercado Medico\" \/>\n<meta property=\"article:publisher\" content=\"https:\/\/www.facebook.com\/elsupermercadomedico\" \/>\n<meta property=\"og:image\" content=\"https:\/\/elsupermercadomedicopr.com\/wp-content\/uploads\/2025\/10\/image_2025-10-25_212910783.png\" \/>\n\t<meta property=\"og:image:width\" content=\"616\" \/>\n\t<meta property=\"og:image:height\" content=\"591\" \/>\n\t<meta property=\"og:image:type\" content=\"image\/png\" \/>\n<meta name=\"twitter:card\" content=\"summary_large_image\" \/>\n<meta name=\"twitter:label1\" content=\"Est. reading time\" \/>\n\t<meta name=\"twitter:data1\" content=\"2 minutos\" \/>\n<script type=\"application\/ld+json\" class=\"yoast-schema-graph\">{\"@context\":\"https:\\\/\\\/schema.org\",\"@graph\":[{\"@type\":\"WebPage\",\"@id\":\"https:\\\/\\\/elsupermercadomedicopr.com\\\/product\\\/mangas-de-compresion-kendall-scd-express-sleeves\\\/\",\"url\":\"https:\\\/\\\/elsupermercadomedicopr.com\\\/product\\\/mangas-de-compresion-kendall-scd-express-sleeves\\\/\",\"name\":\"CARDINAL HEALTH \u2013 Mangas de Compresi\u00f3n Kendall SCD\u2122 Express Sleeves &#8211; El Supermercado Medico\",\"isPartOf\":{\"@id\":\"http:\\\/\\\/elsupermercadomedicopr.com\\\/#website\"},\"primaryImageOfPage\":{\"@id\":\"https:\\\/\\\/elsupermercadomedicopr.com\\\/product\\\/mangas-de-compresion-kendall-scd-express-sleeves\\\/#primaryimage\"},\"image\":{\"@id\":\"https:\\\/\\\/elsupermercadomedicopr.com\\\/product\\\/mangas-de-compresion-kendall-scd-express-sleeves\\\/#primaryimage\"},\"thumbnailUrl\":\"https:\\\/\\\/elsupermercadomedicopr.com\\\/wp-content\\\/uploads\\\/2025\\\/10\\\/image_2025-10-25_212910783.png\",\"datePublished\":\"2025-10-26T01:29:26+00:00\",\"description\":\"Mangas de compresi\u00f3n Kendall SCD Express de Cardinal Health. Ayudan a prevenir TVP y embolia pulmonar con compresi\u00f3n secuencial eficaz y dise\u00f1o cl\u00ednicamente probado.\",\"breadcrumb\":{\"@id\":\"https:\\\/\\\/elsupermercadomedicopr.com\\\/product\\\/mangas-de-compresion-kendall-scd-express-sleeves\\\/#breadcrumb\"},\"inLanguage\":\"es\",\"potentialAction\":[{\"@type\":\"ReadAction\",\"target\":[\"https:\\\/\\\/elsupermercadomedicopr.com\\\/product\\\/mangas-de-compresion-kendall-scd-express-sleeves\\\/\"]}]},{\"@type\":\"ImageObject\",\"inLanguage\":\"es\",\"@id\":\"https:\\\/\\\/elsupermercadomedicopr.com\\\/product\\\/mangas-de-compresion-kendall-scd-express-sleeves\\\/#primaryimage\",\"url\":\"https:\\\/\\\/elsupermercadomedicopr.com\\\/wp-content\\\/uploads\\\/2025\\\/10\\\/image_2025-10-25_212910783.png\",\"contentUrl\":\"https:\\\/\\\/elsupermercadomedicopr.com\\\/wp-content\\\/uploads\\\/2025\\\/10\\\/image_2025-10-25_212910783.png\",\"width\":616,\"height\":591},{\"@type\":\"BreadcrumbList\",\"@id\":\"https:\\\/\\\/elsupermercadomedicopr.com\\\/product\\\/mangas-de-compresion-kendall-scd-express-sleeves\\\/#breadcrumb\",\"itemListElement\":[{\"@type\":\"ListItem\",\"position\":1,\"name\":\"Home\",\"item\":\"https:\\\/\\\/elsupermercadomedicopr.com\\\/\"},{\"@type\":\"ListItem\",\"position\":2,\"name\":\"Shop\",\"item\":\"https:\\\/\\\/elsupermercadomedicopr.com\\\/shop\\\/\"},{\"@type\":\"ListItem\",\"position\":3,\"name\":\"CARDINAL HEALTH \u2013 Mangas de Compresi\u00f3n Kendall SCD\u2122 Express Sleeves\"}]},{\"@type\":\"WebSite\",\"@id\":\"http:\\\/\\\/elsupermercadomedicopr.com\\\/#website\",\"url\":\"http:\\\/\\\/elsupermercadomedicopr.com\\\/\",\"name\":\"El Supermercado Medico\",\"description\":\"Tu alternativa en equipos m\u00e9dicos, sirviendo al profesional de la salud y al paciente convaleciente.\",\"publisher\":{\"@id\":\"http:\\\/\\\/elsupermercadomedicopr.com\\\/#organization\"},\"potentialAction\":[{\"@type\":\"SearchAction\",\"target\":{\"@type\":\"EntryPoint\",\"urlTemplate\":\"http:\\\/\\\/elsupermercadomedicopr.com\\\/?s={search_term_string}\"},\"query-input\":{\"@type\":\"PropertyValueSpecification\",\"valueRequired\":true,\"valueName\":\"search_term_string\"}}],\"inLanguage\":\"es\"},{\"@type\":\"Organization\",\"@id\":\"http:\\\/\\\/elsupermercadomedicopr.com\\\/#organization\",\"name\":\"El Supermercado Medico, Inc.\",\"url\":\"http:\\\/\\\/elsupermercadomedicopr.com\\\/\",\"logo\":{\"@type\":\"ImageObject\",\"inLanguage\":\"es\",\"@id\":\"http:\\\/\\\/elsupermercadomedicopr.com\\\/#\\\/schema\\\/logo\\\/image\\\/\",\"url\":\"https:\\\/\\\/elsupermercadomedicopr.com\\\/wp-content\\\/uploads\\\/2025\\\/11\\\/cropped-Untitled-design-5.png\",\"contentUrl\":\"https:\\\/\\\/elsupermercadomedicopr.com\\\/wp-content\\\/uploads\\\/2025\\\/11\\\/cropped-Untitled-design-5.png\",\"width\":512,\"height\":512,\"caption\":\"El Supermercado Medico, Inc.\"},\"image\":{\"@id\":\"http:\\\/\\\/elsupermercadomedicopr.com\\\/#\\\/schema\\\/logo\\\/image\\\/\"},\"sameAs\":[\"https:\\\/\\\/www.facebook.com\\\/elsupermercadomedico\"]}]}<\/script>\n<!-- \/ Yoast SEO plugin. -->","yoast_head_json":{"title":"CARDINAL HEALTH \u2013 Mangas de Compresi\u00f3n Kendall SCD\u2122 Express Sleeves &#8211; El Supermercado Medico","description":"Mangas de compresi\u00f3n Kendall SCD Express de Cardinal Health. Ayudan a prevenir TVP y embolia pulmonar con compresi\u00f3n secuencial eficaz y dise\u00f1o cl\u00ednicamente probado.","robots":{"index":"index","follow":"follow","max-snippet":"max-snippet:-1","max-image-preview":"max-image-preview:large","max-video-preview":"max-video-preview:-1"},"canonical":"https:\/\/elsupermercadomedicopr.com\/es\/product\/mangas-de-compresion-kendall-scd-express-sleeves\/","og_locale":"es_ES","og_type":"article","og_title":"CARDINAL HEALTH \u2013 Mangas de Compresi\u00f3n Kendall SCD\u2122 Express Sleeves &#8211; El Supermercado Medico","og_description":"Mangas de compresi\u00f3n Kendall SCD Express de Cardinal Health. Ayudan a prevenir TVP y embolia pulmonar con compresi\u00f3n secuencial eficaz y dise\u00f1o cl\u00ednicamente probado.","og_url":"https:\/\/elsupermercadomedicopr.com\/es\/product\/mangas-de-compresion-kendall-scd-express-sleeves\/","og_site_name":"El Supermercado Medico","article_publisher":"https:\/\/www.facebook.com\/elsupermercadomedico","og_image":[{"width":616,"height":591,"url":"https:\/\/elsupermercadomedicopr.com\/wp-content\/uploads\/2025\/10\/image_2025-10-25_212910783.png","type":"image\/png"}],"twitter_card":"summary_large_image","twitter_misc":{"Est. reading time":"2 minutos"},"schema":{"@context":"https:\/\/schema.org","@graph":[{"@type":"WebPage","@id":"https:\/\/elsupermercadomedicopr.com\/product\/mangas-de-compresion-kendall-scd-express-sleeves\/","url":"https:\/\/elsupermercadomedicopr.com\/product\/mangas-de-compresion-kendall-scd-express-sleeves\/","name":"CARDINAL HEALTH \u2013 Mangas de Compresi\u00f3n Kendall SCD\u2122 Express Sleeves &#8211; El Supermercado Medico","isPartOf":{"@id":"http:\/\/elsupermercadomedicopr.com\/#website"},"primaryImageOfPage":{"@id":"https:\/\/elsupermercadomedicopr.com\/product\/mangas-de-compresion-kendall-scd-express-sleeves\/#primaryimage"},"image":{"@id":"https:\/\/elsupermercadomedicopr.com\/product\/mangas-de-compresion-kendall-scd-express-sleeves\/#primaryimage"},"thumbnailUrl":"https:\/\/elsupermercadomedicopr.com\/wp-content\/uploads\/2025\/10\/image_2025-10-25_212910783.png","datePublished":"2025-10-26T01:29:26+00:00","description":"Mangas de compresi\u00f3n Kendall SCD Express de Cardinal Health. Ayudan a prevenir TVP y embolia pulmonar con compresi\u00f3n secuencial eficaz y dise\u00f1o cl\u00ednicamente probado.","breadcrumb":{"@id":"https:\/\/elsupermercadomedicopr.com\/product\/mangas-de-compresion-kendall-scd-express-sleeves\/#breadcrumb"},"inLanguage":"es","potentialAction":[{"@type":"ReadAction","target":["https:\/\/elsupermercadomedicopr.com\/product\/mangas-de-compresion-kendall-scd-express-sleeves\/"]}]},{"@type":"ImageObject","inLanguage":"es","@id":"https:\/\/elsupermercadomedicopr.com\/product\/mangas-de-compresion-kendall-scd-express-sleeves\/#primaryimage","url":"https:\/\/elsupermercadomedicopr.com\/wp-content\/uploads\/2025\/10\/image_2025-10-25_212910783.png","contentUrl":"https:\/\/elsupermercadomedicopr.com\/wp-content\/uploads\/2025\/10\/image_2025-10-25_212910783.png","width":616,"height":591},{"@type":"BreadcrumbList","@id":"https:\/\/elsupermercadomedicopr.com\/product\/mangas-de-compresion-kendall-scd-express-sleeves\/#breadcrumb","itemListElement":[{"@type":"ListItem","position":1,"name":"Home","item":"https:\/\/elsupermercadomedicopr.com\/"},{"@type":"ListItem","position":2,"name":"Shop","item":"https:\/\/elsupermercadomedicopr.com\/shop\/"},{"@type":"ListItem","position":3,"name":"CARDINAL HEALTH \u2013 Mangas de Compresi\u00f3n Kendall SCD\u2122 Express Sleeves"}]},{"@type":"WebSite","@id":"http:\/\/elsupermercadomedicopr.com\/#website","url":"http:\/\/elsupermercadomedicopr.com\/","name":"El Supermercado Medico","description":"Tu alternativa en equipos m\u00e9dicos, sirviendo al profesional de la salud y al paciente convaleciente.","publisher":{"@id":"http:\/\/elsupermercadomedicopr.com\/#organization"},"potentialAction":[{"@type":"SearchAction","target":{"@type":"EntryPoint","urlTemplate":"http:\/\/elsupermercadomedicopr.com\/?s={search_term_string}"},"query-input":{"@type":"PropertyValueSpecification","valueRequired":true,"valueName":"search_term_string"}}],"inLanguage":"es"},{"@type":"Organization","@id":"http:\/\/elsupermercadomedicopr.com\/#organization","name":"El Supermercado Medico, Inc.","url":"http:\/\/elsupermercadomedicopr.com\/","logo":{"@type":"ImageObject","inLanguage":"es","@id":"http:\/\/elsupermercadomedicopr.com\/#\/schema\/logo\/image\/","url":"https:\/\/elsupermercadomedicopr.com\/wp-content\/uploads\/2025\/11\/cropped-Untitled-design-5.png","contentUrl":"https:\/\/elsupermercadomedicopr.com\/wp-content\/uploads\/2025\/11\/cropped-Untitled-design-5.png","width":512,"height":512,"caption":"El Supermercado Medico, Inc."},"image":{"@id":"http:\/\/elsupermercadomedicopr.com\/#\/schema\/logo\/image\/"},"sameAs":["https:\/\/www.facebook.com\/elsupermercadomedico"]}]}},"_links":{"self":[{"href":"https:\/\/elsupermercadomedicopr.com\/es\/wp-json\/wp\/v2\/product\/639","targetHints":{"allow":["GET"]}}],"collection":[{"href":"https:\/\/elsupermercadomedicopr.com\/es\/wp-json\/wp\/v2\/product"}],"about":[{"href":"https:\/\/elsupermercadomedicopr.com\/es\/wp-json\/wp\/v2\/types\/product"}],"wp:featuredmedia":[{"embeddable":true,"href":"https:\/\/elsupermercadomedicopr.com\/es\/wp-json\/wp\/v2\/media\/641"}],"wp:attachment":[{"href":"https:\/\/elsupermercadomedicopr.com\/es\/wp-json\/wp\/v2\/media?parent=639"}],"wp:term":[{"taxonomy":"product_brand","embeddable":true,"href":"https:\/\/elsupermercadomedicopr.com\/es\/wp-json\/wp\/v2\/product_brand?post=639"},{"taxonomy":"product_cat","embeddable":true,"href":"https:\/\/elsupermercadomedicopr.com\/es\/wp-json\/wp\/v2\/product_cat?post=639"},{"taxonomy":"product_tag","embeddable":true,"href":"https:\/\/elsupermercadomedicopr.com\/es\/wp-json\/wp\/v2\/product_tag?post=639"}],"curies":[{"name":"wp","href":"https:\/\/api.w.org\/{rel}","templated":true}]}}