{"id":612,"date":"2025-10-26T01:01:56","date_gmt":"2025-10-26T01:01:56","guid":{"rendered":"https:\/\/elsupermercadomedicopr.com\/?post_type=product&#038;p=612"},"modified":"2025-11-25T18:09:54","modified_gmt":"2025-11-25T18:09:54","slug":"medias-para-pie-diabetico-ajuste-comodo","status":"publish","type":"product","link":"https:\/\/elsupermercadomedicopr.com\/es\/product\/medias-para-pie-diabetico-ajuste-comodo\/","title":{"rendered":"Medias al Tobillo para Pie Diab\u00e9tico, Ajuste C\u00f3modo y sin Presi\u00f3n"},"content":{"rendered":"<p data-start=\"682\" data-end=\"1071\">Las <strong data-start=\"734\" data-end=\"783\">medias para pie diab\u00e9tico Comfort Fit<\/strong> est\u00e1n cient\u00edficamente dise\u00f1adas para proporcionar un <strong data-start=\"837\" data-end=\"875\">ajuste sin presi\u00f3n ni constricci\u00f3n<\/strong>, ayudando a mantener una circulaci\u00f3n saludable y comodidad prolongada. Su tejido especializado se <strong data-start=\"974\" data-end=\"1001\">estira hasta un 20% m\u00e1s<\/strong> que otras marcas, evitando que se deslicen o caigan durante el uso.<\/p>\n<p data-start=\"1073\" data-end=\"1445\">Gracias a su <strong data-start=\"1086\" data-end=\"1116\">tratamiento antimicrobiano<\/strong> y <strong data-start=\"1119\" data-end=\"1158\">propiedades que absorben la humedad<\/strong>, mantienen los pies <strong data-start=\"1179\" data-end=\"1222\">frescos, secos y libres de malos olores<\/strong>. Su confecci\u00f3n con <strong data-start=\"1242\" data-end=\"1265\">hilo Comfort-Smooth<\/strong>, suela acolchada y <strong data-start=\"1285\" data-end=\"1309\">puntera sin costuras<\/strong> reducen la fricci\u00f3n, ayudando a prevenir <strong data-start=\"1351\" data-end=\"1388\">ampollas, irritaciones y lesiones<\/strong>, especialmente importantes para personas con diabetes.<\/p>\n<p data-start=\"1447\" data-end=\"1596\">Estas medias combinan <strong data-start=\"1469\" data-end=\"1523\">comodidad, protecci\u00f3n y tecnolog\u00eda textil avanzada<\/strong>, ideales para el uso diario y el cuidado preventivo del pie diab\u00e9tico.<\/p>\n<p data-start=\"1598\" data-end=\"1621\"><strong data-start=\"1598\" data-end=\"1619\">Especificaciones:<\/strong><\/p>\n<ul data-start=\"1622\" data-end=\"1786\">\n<li data-start=\"1640\" data-end=\"1658\">\n<p data-start=\"1642\" data-end=\"1658\">Corte: Tobillo<\/p>\n<\/li>\n<li data-start=\"1659\" data-end=\"1709\">\n<p data-start=\"1661\" data-end=\"1709\">Material: 97% Poli\u00e9ster \/ 2% Goma \/ 1% Spandex<\/p>\n<\/li>\n<li data-start=\"1710\" data-end=\"1786\">\n<p data-start=\"1712\" data-end=\"1786\">Propiedades: Antimicrobiano, transpirable, sin costuras, no constrictivo<\/p>\n<\/li>\n<\/ul>","protected":false},"excerpt":{"rendered":"<p data-start=\"457\" data-end=\"680\">Medias al tobillo para pie diab\u00e9tico con ajuste c\u00f3modo y sin presi\u00f3n. Antimicrobianas, transpirables y dise\u00f1adas para mejorar la circulaci\u00f3n y reducir el riesgo de irritaciones.<\/p>\n<p data-start=\"682\" data-end=\"1071\">","protected":false},"featured_media":617,"template":"","meta":[],"product_brand":[51],"product_cat":[46,40],"product_tag":[],"class_list":{"0":"post-612","1":"product","2":"type-product","3":"status-publish","4":"has-post-thumbnail","6":"product_brand-quality-choice","7":"product_cat-medias-de-compresion-y-antiembolicas","8":"product_cat-cuidado-diabetico","10":"first","11":"instock","12":"taxable","13":"shipping-taxable","14":"purchasable","15":"product-type-variable"},"yoast_head":"<!-- This site is optimized with the Yoast SEO plugin v27.4 - https:\/\/yoast.com\/product\/yoast-seo-wordpress\/ -->\n<title>Medias al Tobillo para Pie Diab\u00e9tico, Ajuste C\u00f3modo y sin Presi\u00f3n &#8211; El Supermercado Medico<\/title>\n<meta name=\"description\" content=\"Medias blancas al tobillo para pie diab\u00e9tico, ajuste sin presi\u00f3n y transpirables. Previenen irritaciones, mejoran la circulaci\u00f3n y mantienen los pies secos y c\u00f3modos.\" \/>\n<meta name=\"robots\" content=\"index, follow, max-snippet:-1, max-image-preview:large, max-video-preview:-1\" \/>\n<link rel=\"canonical\" href=\"https:\/\/elsupermercadomedicopr.com\/es\/product\/medias-para-pie-diabetico-ajuste-comodo\/\" \/>\n<meta property=\"og:locale\" content=\"es_ES\" \/>\n<meta property=\"og:type\" content=\"article\" \/>\n<meta property=\"og:title\" content=\"Medias al Tobillo para Pie Diab\u00e9tico, Ajuste C\u00f3modo y sin Presi\u00f3n &#8211; El Supermercado Medico\" \/>\n<meta property=\"og:description\" content=\"Medias blancas al tobillo para pie diab\u00e9tico, ajuste sin presi\u00f3n y transpirables. Previenen irritaciones, mejoran la circulaci\u00f3n y mantienen los pies secos y c\u00f3modos.\" \/>\n<meta property=\"og:url\" content=\"https:\/\/elsupermercadomedicopr.com\/es\/product\/medias-para-pie-diabetico-ajuste-comodo\/\" \/>\n<meta property=\"og:site_name\" content=\"El Supermercado Medico\" \/>\n<meta property=\"article:publisher\" content=\"https:\/\/www.facebook.com\/elsupermercadomedico\" \/>\n<meta property=\"article:modified_time\" content=\"2025-11-25T18:09:54+00:00\" \/>\n<meta property=\"og:image\" content=\"https:\/\/elsupermercadomedicopr.com\/wp-content\/uploads\/2025\/10\/image_2025-10-25_210015226.png\" \/>\n\t<meta property=\"og:image:width\" content=\"600\" \/>\n\t<meta property=\"og:image:height\" content=\"600\" \/>\n\t<meta property=\"og:image:type\" content=\"image\/png\" \/>\n<meta name=\"twitter:card\" content=\"summary_large_image\" \/>\n<meta name=\"twitter:label1\" content=\"Est. reading time\" \/>\n\t<meta name=\"twitter:data1\" content=\"1 minuto\" \/>\n<script type=\"application\/ld+json\" class=\"yoast-schema-graph\">{\"@context\":\"https:\\\/\\\/schema.org\",\"@graph\":[{\"@type\":\"WebPage\",\"@id\":\"https:\\\/\\\/elsupermercadomedicopr.com\\\/product\\\/medias-para-pie-diabetico-ajuste-comodo\\\/\",\"url\":\"https:\\\/\\\/elsupermercadomedicopr.com\\\/product\\\/medias-para-pie-diabetico-ajuste-comodo\\\/\",\"name\":\"Medias al Tobillo para Pie Diab\u00e9tico, Ajuste C\u00f3modo y sin Presi\u00f3n &#8211; El Supermercado Medico\",\"isPartOf\":{\"@id\":\"http:\\\/\\\/elsupermercadomedicopr.com\\\/#website\"},\"primaryImageOfPage\":{\"@id\":\"https:\\\/\\\/elsupermercadomedicopr.com\\\/product\\\/medias-para-pie-diabetico-ajuste-comodo\\\/#primaryimage\"},\"image\":{\"@id\":\"https:\\\/\\\/elsupermercadomedicopr.com\\\/product\\\/medias-para-pie-diabetico-ajuste-comodo\\\/#primaryimage\"},\"thumbnailUrl\":\"https:\\\/\\\/elsupermercadomedicopr.com\\\/wp-content\\\/uploads\\\/2025\\\/10\\\/image_2025-10-25_210015226.png\",\"datePublished\":\"2025-10-26T01:01:56+00:00\",\"dateModified\":\"2025-11-25T18:09:54+00:00\",\"description\":\"Medias blancas al tobillo para pie diab\u00e9tico, ajuste sin presi\u00f3n y transpirables. Previenen irritaciones, mejoran la circulaci\u00f3n y mantienen los pies secos y c\u00f3modos.\",\"breadcrumb\":{\"@id\":\"https:\\\/\\\/elsupermercadomedicopr.com\\\/product\\\/medias-para-pie-diabetico-ajuste-comodo\\\/#breadcrumb\"},\"inLanguage\":\"es\",\"potentialAction\":[{\"@type\":\"ReadAction\",\"target\":[\"https:\\\/\\\/elsupermercadomedicopr.com\\\/product\\\/medias-para-pie-diabetico-ajuste-comodo\\\/\"]}]},{\"@type\":\"ImageObject\",\"inLanguage\":\"es\",\"@id\":\"https:\\\/\\\/elsupermercadomedicopr.com\\\/product\\\/medias-para-pie-diabetico-ajuste-comodo\\\/#primaryimage\",\"url\":\"https:\\\/\\\/elsupermercadomedicopr.com\\\/wp-content\\\/uploads\\\/2025\\\/10\\\/image_2025-10-25_210015226.png\",\"contentUrl\":\"https:\\\/\\\/elsupermercadomedicopr.com\\\/wp-content\\\/uploads\\\/2025\\\/10\\\/image_2025-10-25_210015226.png\",\"width\":600,\"height\":600},{\"@type\":\"BreadcrumbList\",\"@id\":\"https:\\\/\\\/elsupermercadomedicopr.com\\\/product\\\/medias-para-pie-diabetico-ajuste-comodo\\\/#breadcrumb\",\"itemListElement\":[{\"@type\":\"ListItem\",\"position\":1,\"name\":\"Home\",\"item\":\"https:\\\/\\\/elsupermercadomedicopr.com\\\/\"},{\"@type\":\"ListItem\",\"position\":2,\"name\":\"Shop\",\"item\":\"https:\\\/\\\/elsupermercadomedicopr.com\\\/shop\\\/\"},{\"@type\":\"ListItem\",\"position\":3,\"name\":\"Medias al Tobillo para Pie Diab\u00e9tico, Ajuste C\u00f3modo y sin Presi\u00f3n\"}]},{\"@type\":\"WebSite\",\"@id\":\"http:\\\/\\\/elsupermercadomedicopr.com\\\/#website\",\"url\":\"http:\\\/\\\/elsupermercadomedicopr.com\\\/\",\"name\":\"El Supermercado Medico\",\"description\":\"Tu alternativa en equipos m\u00e9dicos, sirviendo al profesional de la salud y al paciente convaleciente.\",\"publisher\":{\"@id\":\"http:\\\/\\\/elsupermercadomedicopr.com\\\/#organization\"},\"potentialAction\":[{\"@type\":\"SearchAction\",\"target\":{\"@type\":\"EntryPoint\",\"urlTemplate\":\"http:\\\/\\\/elsupermercadomedicopr.com\\\/?s={search_term_string}\"},\"query-input\":{\"@type\":\"PropertyValueSpecification\",\"valueRequired\":true,\"valueName\":\"search_term_string\"}}],\"inLanguage\":\"es\"},{\"@type\":\"Organization\",\"@id\":\"http:\\\/\\\/elsupermercadomedicopr.com\\\/#organization\",\"name\":\"El Supermercado Medico, Inc.\",\"url\":\"http:\\\/\\\/elsupermercadomedicopr.com\\\/\",\"logo\":{\"@type\":\"ImageObject\",\"inLanguage\":\"es\",\"@id\":\"http:\\\/\\\/elsupermercadomedicopr.com\\\/#\\\/schema\\\/logo\\\/image\\\/\",\"url\":\"https:\\\/\\\/elsupermercadomedicopr.com\\\/wp-content\\\/uploads\\\/2025\\\/11\\\/cropped-Untitled-design-5.png\",\"contentUrl\":\"https:\\\/\\\/elsupermercadomedicopr.com\\\/wp-content\\\/uploads\\\/2025\\\/11\\\/cropped-Untitled-design-5.png\",\"width\":512,\"height\":512,\"caption\":\"El Supermercado Medico, Inc.\"},\"image\":{\"@id\":\"http:\\\/\\\/elsupermercadomedicopr.com\\\/#\\\/schema\\\/logo\\\/image\\\/\"},\"sameAs\":[\"https:\\\/\\\/www.facebook.com\\\/elsupermercadomedico\"]}]}<\/script>\n<!-- \/ Yoast SEO plugin. -->","yoast_head_json":{"title":"Medias al Tobillo para Pie Diab\u00e9tico, Ajuste C\u00f3modo y sin Presi\u00f3n &#8211; El Supermercado Medico","description":"Medias blancas al tobillo para pie diab\u00e9tico, ajuste sin presi\u00f3n y transpirables. Previenen irritaciones, mejoran la circulaci\u00f3n y mantienen los pies secos y c\u00f3modos.","robots":{"index":"index","follow":"follow","max-snippet":"max-snippet:-1","max-image-preview":"max-image-preview:large","max-video-preview":"max-video-preview:-1"},"canonical":"https:\/\/elsupermercadomedicopr.com\/es\/product\/medias-para-pie-diabetico-ajuste-comodo\/","og_locale":"es_ES","og_type":"article","og_title":"Medias al Tobillo para Pie Diab\u00e9tico, Ajuste C\u00f3modo y sin Presi\u00f3n &#8211; El Supermercado Medico","og_description":"Medias blancas al tobillo para pie diab\u00e9tico, ajuste sin presi\u00f3n y transpirables. Previenen irritaciones, mejoran la circulaci\u00f3n y mantienen los pies secos y c\u00f3modos.","og_url":"https:\/\/elsupermercadomedicopr.com\/es\/product\/medias-para-pie-diabetico-ajuste-comodo\/","og_site_name":"El Supermercado Medico","article_publisher":"https:\/\/www.facebook.com\/elsupermercadomedico","article_modified_time":"2025-11-25T18:09:54+00:00","og_image":[{"width":600,"height":600,"url":"https:\/\/elsupermercadomedicopr.com\/wp-content\/uploads\/2025\/10\/image_2025-10-25_210015226.png","type":"image\/png"}],"twitter_card":"summary_large_image","twitter_misc":{"Est. reading time":"1 minuto"},"schema":{"@context":"https:\/\/schema.org","@graph":[{"@type":"WebPage","@id":"https:\/\/elsupermercadomedicopr.com\/product\/medias-para-pie-diabetico-ajuste-comodo\/","url":"https:\/\/elsupermercadomedicopr.com\/product\/medias-para-pie-diabetico-ajuste-comodo\/","name":"Medias al Tobillo para Pie Diab\u00e9tico, Ajuste C\u00f3modo y sin Presi\u00f3n &#8211; El Supermercado Medico","isPartOf":{"@id":"http:\/\/elsupermercadomedicopr.com\/#website"},"primaryImageOfPage":{"@id":"https:\/\/elsupermercadomedicopr.com\/product\/medias-para-pie-diabetico-ajuste-comodo\/#primaryimage"},"image":{"@id":"https:\/\/elsupermercadomedicopr.com\/product\/medias-para-pie-diabetico-ajuste-comodo\/#primaryimage"},"thumbnailUrl":"https:\/\/elsupermercadomedicopr.com\/wp-content\/uploads\/2025\/10\/image_2025-10-25_210015226.png","datePublished":"2025-10-26T01:01:56+00:00","dateModified":"2025-11-25T18:09:54+00:00","description":"Medias blancas al tobillo para pie diab\u00e9tico, ajuste sin presi\u00f3n y transpirables. Previenen irritaciones, mejoran la circulaci\u00f3n y mantienen los pies secos y c\u00f3modos.","breadcrumb":{"@id":"https:\/\/elsupermercadomedicopr.com\/product\/medias-para-pie-diabetico-ajuste-comodo\/#breadcrumb"},"inLanguage":"es","potentialAction":[{"@type":"ReadAction","target":["https:\/\/elsupermercadomedicopr.com\/product\/medias-para-pie-diabetico-ajuste-comodo\/"]}]},{"@type":"ImageObject","inLanguage":"es","@id":"https:\/\/elsupermercadomedicopr.com\/product\/medias-para-pie-diabetico-ajuste-comodo\/#primaryimage","url":"https:\/\/elsupermercadomedicopr.com\/wp-content\/uploads\/2025\/10\/image_2025-10-25_210015226.png","contentUrl":"https:\/\/elsupermercadomedicopr.com\/wp-content\/uploads\/2025\/10\/image_2025-10-25_210015226.png","width":600,"height":600},{"@type":"BreadcrumbList","@id":"https:\/\/elsupermercadomedicopr.com\/product\/medias-para-pie-diabetico-ajuste-comodo\/#breadcrumb","itemListElement":[{"@type":"ListItem","position":1,"name":"Home","item":"https:\/\/elsupermercadomedicopr.com\/"},{"@type":"ListItem","position":2,"name":"Shop","item":"https:\/\/elsupermercadomedicopr.com\/shop\/"},{"@type":"ListItem","position":3,"name":"Medias al Tobillo para Pie Diab\u00e9tico, Ajuste C\u00f3modo y sin Presi\u00f3n"}]},{"@type":"WebSite","@id":"http:\/\/elsupermercadomedicopr.com\/#website","url":"http:\/\/elsupermercadomedicopr.com\/","name":"El Supermercado Medico","description":"Tu alternativa en equipos m\u00e9dicos, sirviendo al profesional de la salud y al paciente convaleciente.","publisher":{"@id":"http:\/\/elsupermercadomedicopr.com\/#organization"},"potentialAction":[{"@type":"SearchAction","target":{"@type":"EntryPoint","urlTemplate":"http:\/\/elsupermercadomedicopr.com\/?s={search_term_string}"},"query-input":{"@type":"PropertyValueSpecification","valueRequired":true,"valueName":"search_term_string"}}],"inLanguage":"es"},{"@type":"Organization","@id":"http:\/\/elsupermercadomedicopr.com\/#organization","name":"El Supermercado Medico, Inc.","url":"http:\/\/elsupermercadomedicopr.com\/","logo":{"@type":"ImageObject","inLanguage":"es","@id":"http:\/\/elsupermercadomedicopr.com\/#\/schema\/logo\/image\/","url":"https:\/\/elsupermercadomedicopr.com\/wp-content\/uploads\/2025\/11\/cropped-Untitled-design-5.png","contentUrl":"https:\/\/elsupermercadomedicopr.com\/wp-content\/uploads\/2025\/11\/cropped-Untitled-design-5.png","width":512,"height":512,"caption":"El Supermercado Medico, Inc."},"image":{"@id":"http:\/\/elsupermercadomedicopr.com\/#\/schema\/logo\/image\/"},"sameAs":["https:\/\/www.facebook.com\/elsupermercadomedico"]}]}},"_links":{"self":[{"href":"https:\/\/elsupermercadomedicopr.com\/es\/wp-json\/wp\/v2\/product\/612","targetHints":{"allow":["GET"]}}],"collection":[{"href":"https:\/\/elsupermercadomedicopr.com\/es\/wp-json\/wp\/v2\/product"}],"about":[{"href":"https:\/\/elsupermercadomedicopr.com\/es\/wp-json\/wp\/v2\/types\/product"}],"wp:featuredmedia":[{"embeddable":true,"href":"https:\/\/elsupermercadomedicopr.com\/es\/wp-json\/wp\/v2\/media\/617"}],"wp:attachment":[{"href":"https:\/\/elsupermercadomedicopr.com\/es\/wp-json\/wp\/v2\/media?parent=612"}],"wp:term":[{"taxonomy":"product_brand","embeddable":true,"href":"https:\/\/elsupermercadomedicopr.com\/es\/wp-json\/wp\/v2\/product_brand?post=612"},{"taxonomy":"product_cat","embeddable":true,"href":"https:\/\/elsupermercadomedicopr.com\/es\/wp-json\/wp\/v2\/product_cat?post=612"},{"taxonomy":"product_tag","embeddable":true,"href":"https:\/\/elsupermercadomedicopr.com\/es\/wp-json\/wp\/v2\/product_tag?post=612"}],"curies":[{"name":"wp","href":"https:\/\/api.w.org\/{rel}","templated":true}]}}