{"id":583,"date":"2025-10-26T00:03:26","date_gmt":"2025-10-26T00:03:26","guid":{"rendered":"https:\/\/elsupermercadomedicopr.com\/?post_type=product&#038;p=583"},"modified":"2025-11-23T18:31:52","modified_gmt":"2025-11-23T18:31:52","slug":"drive-medical-baston-con-asiento-plegable-y-liviano-altura-ajustable","status":"publish","type":"product","link":"https:\/\/elsupermercadomedicopr.com\/es\/product\/drive-medical-baston-con-asiento-plegable-y-liviano-altura-ajustable\/","title":{"rendered":"DRIVE MEDICAL &#8211; Bast\u00f3n con Asiento Plegable y Liviano, Altura Ajustable"},"content":{"rendered":"<p data-start=\"79\" data-end=\"372\">Este elegante bast\u00f3n con asiento plegable de Drive Medical te ofrece un apoyo firme cuando est\u00e1 cerrado y un asiento c\u00f3modo para descansar cuando est\u00e1 abierto. Su altura ajustable permite personalizarlo seg\u00fan tus necesidades, haciendo que caminar sea una experiencia m\u00e1s c\u00f3moda y placentera.<\/p>\n<p data-start=\"374\" data-end=\"573\">Fabricado en aluminio resistente y con un dise\u00f1o tipo tr\u00edpode con patas terminadas en puntas de vinilo contorneadas, el bast\u00f3n pesa solo <strong data-start=\"511\" data-end=\"530\">1.3 lb (0.6 kg)<\/strong>, pero soporta hasta <strong data-start=\"551\" data-end=\"570\">250 lb (113 kg)<\/strong>.<\/p>\n<p data-start=\"575\" data-end=\"748\" data-is-last-node=\"\" data-is-only-node=\"\">Drive Medical recomienda especialmente este bast\u00f3n para usuarios activos o en movimiento frecuente, ya que es una excelente opci\u00f3n para <strong data-start=\"711\" data-end=\"747\">viajes y desplazamientos diarios<\/strong>.<\/p>","protected":false},"excerpt":{"rendered":"<p>Bast\u00f3n plegable liviano con asiento integrado. Ideal para descansar en cualquier momento, con altura ajustable y dise\u00f1o resistente de aluminio. Perfecto para viajes y uso diario.<\/p>","protected":false},"featured_media":584,"template":"","meta":[],"product_brand":[],"product_cat":[39],"product_tag":[],"class_list":{"0":"post-583","1":"product","2":"type-product","3":"status-publish","4":"has-post-thumbnail","6":"product_cat-asistencia-al-caminar","7":"product_shipping_class-medium","9":"first","10":"instock","11":"taxable","12":"shipping-taxable","13":"purchasable","14":"product-type-simple"},"yoast_head":"<!-- This site is optimized with the Yoast SEO plugin v27.4 - https:\/\/yoast.com\/product\/yoast-seo-wordpress\/ -->\n<title>DRIVE MEDICAL - Bast\u00f3n con Asiento Plegable y Liviano, Altura Ajustable &#8211; El Supermercado Medico<\/title>\n<meta name=\"description\" content=\"Descubre el bast\u00f3n con asiento plegable Drive Medical, liviano, ajustable y resistente. Perfecto para caminar con seguridad y descansar c\u00f3modamente durante tus viajes.\" \/>\n<meta name=\"robots\" content=\"index, follow, max-snippet:-1, max-image-preview:large, max-video-preview:-1\" \/>\n<link rel=\"canonical\" href=\"https:\/\/elsupermercadomedicopr.com\/es\/product\/drive-medical-baston-con-asiento-plegable-y-liviano-altura-ajustable\/\" \/>\n<meta property=\"og:locale\" content=\"es_ES\" \/>\n<meta property=\"og:type\" content=\"article\" \/>\n<meta property=\"og:title\" content=\"DRIVE MEDICAL - Bast\u00f3n con Asiento Plegable y Liviano, Altura Ajustable &#8211; El Supermercado Medico\" \/>\n<meta property=\"og:description\" content=\"Descubre el bast\u00f3n con asiento plegable Drive Medical, liviano, ajustable y resistente. Perfecto para caminar con seguridad y descansar c\u00f3modamente durante tus viajes.\" \/>\n<meta property=\"og:url\" content=\"https:\/\/elsupermercadomedicopr.com\/es\/product\/drive-medical-baston-con-asiento-plegable-y-liviano-altura-ajustable\/\" \/>\n<meta property=\"og:site_name\" content=\"El Supermercado Medico\" \/>\n<meta property=\"article:publisher\" content=\"https:\/\/www.facebook.com\/elsupermercadomedico\" \/>\n<meta property=\"article:modified_time\" content=\"2025-11-23T18:31:52+00:00\" \/>\n<meta property=\"og:image\" content=\"https:\/\/elsupermercadomedicopr.com\/wp-content\/uploads\/2025\/10\/drive-medical-folding-lightweight-cane-seat-adjustable-height-279260_1800x1800.webp\" \/>\n\t<meta property=\"og:image:width\" content=\"523\" \/>\n\t<meta property=\"og:image:height\" content=\"1024\" \/>\n\t<meta property=\"og:image:type\" content=\"image\/webp\" \/>\n<meta name=\"twitter:card\" content=\"summary_large_image\" \/>\n<meta name=\"twitter:label1\" content=\"Est. reading time\" \/>\n\t<meta name=\"twitter:data1\" content=\"1 minuto\" \/>\n<script type=\"application\/ld+json\" class=\"yoast-schema-graph\">{\"@context\":\"https:\\\/\\\/schema.org\",\"@graph\":[{\"@type\":\"WebPage\",\"@id\":\"https:\\\/\\\/elsupermercadomedicopr.com\\\/product\\\/drive-medical-baston-con-asiento-plegable-y-liviano-altura-ajustable\\\/\",\"url\":\"https:\\\/\\\/elsupermercadomedicopr.com\\\/product\\\/drive-medical-baston-con-asiento-plegable-y-liviano-altura-ajustable\\\/\",\"name\":\"DRIVE MEDICAL - Bast\u00f3n con Asiento Plegable y Liviano, Altura Ajustable &#8211; El Supermercado Medico\",\"isPartOf\":{\"@id\":\"http:\\\/\\\/elsupermercadomedicopr.com\\\/#website\"},\"primaryImageOfPage\":{\"@id\":\"https:\\\/\\\/elsupermercadomedicopr.com\\\/product\\\/drive-medical-baston-con-asiento-plegable-y-liviano-altura-ajustable\\\/#primaryimage\"},\"image\":{\"@id\":\"https:\\\/\\\/elsupermercadomedicopr.com\\\/product\\\/drive-medical-baston-con-asiento-plegable-y-liviano-altura-ajustable\\\/#primaryimage\"},\"thumbnailUrl\":\"https:\\\/\\\/elsupermercadomedicopr.com\\\/wp-content\\\/uploads\\\/2025\\\/10\\\/drive-medical-folding-lightweight-cane-seat-adjustable-height-279260_1800x1800.webp\",\"datePublished\":\"2025-10-26T00:03:26+00:00\",\"dateModified\":\"2025-11-23T18:31:52+00:00\",\"description\":\"Descubre el bast\u00f3n con asiento plegable Drive Medical, liviano, ajustable y resistente. Perfecto para caminar con seguridad y descansar c\u00f3modamente durante tus viajes.\",\"breadcrumb\":{\"@id\":\"https:\\\/\\\/elsupermercadomedicopr.com\\\/product\\\/drive-medical-baston-con-asiento-plegable-y-liviano-altura-ajustable\\\/#breadcrumb\"},\"inLanguage\":\"es\",\"potentialAction\":[{\"@type\":\"ReadAction\",\"target\":[\"https:\\\/\\\/elsupermercadomedicopr.com\\\/product\\\/drive-medical-baston-con-asiento-plegable-y-liviano-altura-ajustable\\\/\"]}]},{\"@type\":\"ImageObject\",\"inLanguage\":\"es\",\"@id\":\"https:\\\/\\\/elsupermercadomedicopr.com\\\/product\\\/drive-medical-baston-con-asiento-plegable-y-liviano-altura-ajustable\\\/#primaryimage\",\"url\":\"https:\\\/\\\/elsupermercadomedicopr.com\\\/wp-content\\\/uploads\\\/2025\\\/10\\\/drive-medical-folding-lightweight-cane-seat-adjustable-height-279260_1800x1800.webp\",\"contentUrl\":\"https:\\\/\\\/elsupermercadomedicopr.com\\\/wp-content\\\/uploads\\\/2025\\\/10\\\/drive-medical-folding-lightweight-cane-seat-adjustable-height-279260_1800x1800.webp\",\"width\":523,\"height\":1024},{\"@type\":\"BreadcrumbList\",\"@id\":\"https:\\\/\\\/elsupermercadomedicopr.com\\\/product\\\/drive-medical-baston-con-asiento-plegable-y-liviano-altura-ajustable\\\/#breadcrumb\",\"itemListElement\":[{\"@type\":\"ListItem\",\"position\":1,\"name\":\"Home\",\"item\":\"https:\\\/\\\/elsupermercadomedicopr.com\\\/\"},{\"@type\":\"ListItem\",\"position\":2,\"name\":\"Shop\",\"item\":\"https:\\\/\\\/elsupermercadomedicopr.com\\\/shop\\\/\"},{\"@type\":\"ListItem\",\"position\":3,\"name\":\"DRIVE MEDICAL &#8211; Bast\u00f3n con Asiento Plegable y Liviano, Altura Ajustable\"}]},{\"@type\":\"WebSite\",\"@id\":\"http:\\\/\\\/elsupermercadomedicopr.com\\\/#website\",\"url\":\"http:\\\/\\\/elsupermercadomedicopr.com\\\/\",\"name\":\"El Supermercado Medico\",\"description\":\"Tu alternativa en equipos m\u00e9dicos, sirviendo al profesional de la salud y al paciente convaleciente.\",\"publisher\":{\"@id\":\"http:\\\/\\\/elsupermercadomedicopr.com\\\/#organization\"},\"potentialAction\":[{\"@type\":\"SearchAction\",\"target\":{\"@type\":\"EntryPoint\",\"urlTemplate\":\"http:\\\/\\\/elsupermercadomedicopr.com\\\/?s={search_term_string}\"},\"query-input\":{\"@type\":\"PropertyValueSpecification\",\"valueRequired\":true,\"valueName\":\"search_term_string\"}}],\"inLanguage\":\"es\"},{\"@type\":\"Organization\",\"@id\":\"http:\\\/\\\/elsupermercadomedicopr.com\\\/#organization\",\"name\":\"El Supermercado Medico, Inc.\",\"url\":\"http:\\\/\\\/elsupermercadomedicopr.com\\\/\",\"logo\":{\"@type\":\"ImageObject\",\"inLanguage\":\"es\",\"@id\":\"http:\\\/\\\/elsupermercadomedicopr.com\\\/#\\\/schema\\\/logo\\\/image\\\/\",\"url\":\"https:\\\/\\\/elsupermercadomedicopr.com\\\/wp-content\\\/uploads\\\/2025\\\/11\\\/cropped-Untitled-design-5.png\",\"contentUrl\":\"https:\\\/\\\/elsupermercadomedicopr.com\\\/wp-content\\\/uploads\\\/2025\\\/11\\\/cropped-Untitled-design-5.png\",\"width\":512,\"height\":512,\"caption\":\"El Supermercado Medico, Inc.\"},\"image\":{\"@id\":\"http:\\\/\\\/elsupermercadomedicopr.com\\\/#\\\/schema\\\/logo\\\/image\\\/\"},\"sameAs\":[\"https:\\\/\\\/www.facebook.com\\\/elsupermercadomedico\"]}]}<\/script>\n<!-- \/ Yoast SEO plugin. -->","yoast_head_json":{"title":"DRIVE MEDICAL - Bast\u00f3n con Asiento Plegable y Liviano, Altura Ajustable &#8211; El Supermercado Medico","description":"Descubre el bast\u00f3n con asiento plegable Drive Medical, liviano, ajustable y resistente. Perfecto para caminar con seguridad y descansar c\u00f3modamente durante tus viajes.","robots":{"index":"index","follow":"follow","max-snippet":"max-snippet:-1","max-image-preview":"max-image-preview:large","max-video-preview":"max-video-preview:-1"},"canonical":"https:\/\/elsupermercadomedicopr.com\/es\/product\/drive-medical-baston-con-asiento-plegable-y-liviano-altura-ajustable\/","og_locale":"es_ES","og_type":"article","og_title":"DRIVE MEDICAL - Bast\u00f3n con Asiento Plegable y Liviano, Altura Ajustable &#8211; El Supermercado Medico","og_description":"Descubre el bast\u00f3n con asiento plegable Drive Medical, liviano, ajustable y resistente. Perfecto para caminar con seguridad y descansar c\u00f3modamente durante tus viajes.","og_url":"https:\/\/elsupermercadomedicopr.com\/es\/product\/drive-medical-baston-con-asiento-plegable-y-liviano-altura-ajustable\/","og_site_name":"El Supermercado Medico","article_publisher":"https:\/\/www.facebook.com\/elsupermercadomedico","article_modified_time":"2025-11-23T18:31:52+00:00","og_image":[{"width":523,"height":1024,"url":"https:\/\/elsupermercadomedicopr.com\/wp-content\/uploads\/2025\/10\/drive-medical-folding-lightweight-cane-seat-adjustable-height-279260_1800x1800.webp","type":"image\/webp"}],"twitter_card":"summary_large_image","twitter_misc":{"Est. reading time":"1 minuto"},"schema":{"@context":"https:\/\/schema.org","@graph":[{"@type":"WebPage","@id":"https:\/\/elsupermercadomedicopr.com\/product\/drive-medical-baston-con-asiento-plegable-y-liviano-altura-ajustable\/","url":"https:\/\/elsupermercadomedicopr.com\/product\/drive-medical-baston-con-asiento-plegable-y-liviano-altura-ajustable\/","name":"DRIVE MEDICAL - Bast\u00f3n con Asiento Plegable y Liviano, Altura Ajustable &#8211; El Supermercado Medico","isPartOf":{"@id":"http:\/\/elsupermercadomedicopr.com\/#website"},"primaryImageOfPage":{"@id":"https:\/\/elsupermercadomedicopr.com\/product\/drive-medical-baston-con-asiento-plegable-y-liviano-altura-ajustable\/#primaryimage"},"image":{"@id":"https:\/\/elsupermercadomedicopr.com\/product\/drive-medical-baston-con-asiento-plegable-y-liviano-altura-ajustable\/#primaryimage"},"thumbnailUrl":"https:\/\/elsupermercadomedicopr.com\/wp-content\/uploads\/2025\/10\/drive-medical-folding-lightweight-cane-seat-adjustable-height-279260_1800x1800.webp","datePublished":"2025-10-26T00:03:26+00:00","dateModified":"2025-11-23T18:31:52+00:00","description":"Descubre el bast\u00f3n con asiento plegable Drive Medical, liviano, ajustable y resistente. Perfecto para caminar con seguridad y descansar c\u00f3modamente durante tus viajes.","breadcrumb":{"@id":"https:\/\/elsupermercadomedicopr.com\/product\/drive-medical-baston-con-asiento-plegable-y-liviano-altura-ajustable\/#breadcrumb"},"inLanguage":"es","potentialAction":[{"@type":"ReadAction","target":["https:\/\/elsupermercadomedicopr.com\/product\/drive-medical-baston-con-asiento-plegable-y-liviano-altura-ajustable\/"]}]},{"@type":"ImageObject","inLanguage":"es","@id":"https:\/\/elsupermercadomedicopr.com\/product\/drive-medical-baston-con-asiento-plegable-y-liviano-altura-ajustable\/#primaryimage","url":"https:\/\/elsupermercadomedicopr.com\/wp-content\/uploads\/2025\/10\/drive-medical-folding-lightweight-cane-seat-adjustable-height-279260_1800x1800.webp","contentUrl":"https:\/\/elsupermercadomedicopr.com\/wp-content\/uploads\/2025\/10\/drive-medical-folding-lightweight-cane-seat-adjustable-height-279260_1800x1800.webp","width":523,"height":1024},{"@type":"BreadcrumbList","@id":"https:\/\/elsupermercadomedicopr.com\/product\/drive-medical-baston-con-asiento-plegable-y-liviano-altura-ajustable\/#breadcrumb","itemListElement":[{"@type":"ListItem","position":1,"name":"Home","item":"https:\/\/elsupermercadomedicopr.com\/"},{"@type":"ListItem","position":2,"name":"Shop","item":"https:\/\/elsupermercadomedicopr.com\/shop\/"},{"@type":"ListItem","position":3,"name":"DRIVE MEDICAL &#8211; Bast\u00f3n con Asiento Plegable y Liviano, Altura Ajustable"}]},{"@type":"WebSite","@id":"http:\/\/elsupermercadomedicopr.com\/#website","url":"http:\/\/elsupermercadomedicopr.com\/","name":"El Supermercado Medico","description":"Tu alternativa en equipos m\u00e9dicos, sirviendo al profesional de la salud y al paciente convaleciente.","publisher":{"@id":"http:\/\/elsupermercadomedicopr.com\/#organization"},"potentialAction":[{"@type":"SearchAction","target":{"@type":"EntryPoint","urlTemplate":"http:\/\/elsupermercadomedicopr.com\/?s={search_term_string}"},"query-input":{"@type":"PropertyValueSpecification","valueRequired":true,"valueName":"search_term_string"}}],"inLanguage":"es"},{"@type":"Organization","@id":"http:\/\/elsupermercadomedicopr.com\/#organization","name":"El Supermercado Medico, Inc.","url":"http:\/\/elsupermercadomedicopr.com\/","logo":{"@type":"ImageObject","inLanguage":"es","@id":"http:\/\/elsupermercadomedicopr.com\/#\/schema\/logo\/image\/","url":"https:\/\/elsupermercadomedicopr.com\/wp-content\/uploads\/2025\/11\/cropped-Untitled-design-5.png","contentUrl":"https:\/\/elsupermercadomedicopr.com\/wp-content\/uploads\/2025\/11\/cropped-Untitled-design-5.png","width":512,"height":512,"caption":"El Supermercado Medico, Inc."},"image":{"@id":"http:\/\/elsupermercadomedicopr.com\/#\/schema\/logo\/image\/"},"sameAs":["https:\/\/www.facebook.com\/elsupermercadomedico"]}]}},"_links":{"self":[{"href":"https:\/\/elsupermercadomedicopr.com\/es\/wp-json\/wp\/v2\/product\/583","targetHints":{"allow":["GET"]}}],"collection":[{"href":"https:\/\/elsupermercadomedicopr.com\/es\/wp-json\/wp\/v2\/product"}],"about":[{"href":"https:\/\/elsupermercadomedicopr.com\/es\/wp-json\/wp\/v2\/types\/product"}],"wp:featuredmedia":[{"embeddable":true,"href":"https:\/\/elsupermercadomedicopr.com\/es\/wp-json\/wp\/v2\/media\/584"}],"wp:attachment":[{"href":"https:\/\/elsupermercadomedicopr.com\/es\/wp-json\/wp\/v2\/media?parent=583"}],"wp:term":[{"taxonomy":"product_brand","embeddable":true,"href":"https:\/\/elsupermercadomedicopr.com\/es\/wp-json\/wp\/v2\/product_brand?post=583"},{"taxonomy":"product_cat","embeddable":true,"href":"https:\/\/elsupermercadomedicopr.com\/es\/wp-json\/wp\/v2\/product_cat?post=583"},{"taxonomy":"product_tag","embeddable":true,"href":"https:\/\/elsupermercadomedicopr.com\/es\/wp-json\/wp\/v2\/product_tag?post=583"}],"curies":[{"name":"wp","href":"https:\/\/api.w.org\/{rel}","templated":true}]}}