{"id":2109,"date":"2025-11-17T20:47:52","date_gmt":"2025-11-17T20:47:52","guid":{"rendered":"https:\/\/elsupermercadomedicopr.com\/?post_type=product&#038;p=2109"},"modified":"2026-01-17T15:58:46","modified_gmt":"2026-01-17T15:58:46","slug":"diapason-de-acero-inoxidable","status":"publish","type":"product","link":"https:\/\/elsupermercadomedicopr.com\/es\/product\/diapason-de-acero-inoxidable\/","title":{"rendered":"DIAPAS\u00d3N DE ACERO INOXIDABLE PARA EVALUACI\u00d3N NEUROL\u00d3GICA Y AUDITIVA (Tuning Fork)"},"content":{"rendered":"","protected":false},"excerpt":{"rendered":"<p data-start=\"413\" data-end=\"587\">Diapas\u00f3n de acero inoxidable para pruebas neurol\u00f3gicas y auditivas. Preciso, resistente y dise\u00f1ado para ex\u00e1menes cl\u00ednicos profesionales.<\/p>\n<p data-start=\"589\" data-end=\"992\">","protected":false},"featured_media":2110,"template":"","meta":[],"product_brand":[],"product_cat":[35],"product_tag":[],"class_list":{"0":"post-2109","1":"product","2":"type-product","3":"status-publish","4":"has-post-thumbnail","6":"product_cat-enfermeria","8":"first","9":"instock","10":"taxable","11":"shipping-taxable","12":"purchasable","13":"product-type-variable"},"yoast_head":"<!-- This site is optimized with the Yoast SEO plugin v27.4 - https:\/\/yoast.com\/product\/yoast-seo-wordpress\/ -->\n<title>DIAPAS\u00d3N DE ACERO INOXIDABLE PARA EVALUACI\u00d3N NEUROL\u00d3GICA Y AUDITIVA (Tuning Fork) &#8211; El Supermercado Medico<\/title>\n<meta name=\"description\" content=\"Diapas\u00f3n de acero inoxidable para pruebas neurol\u00f3gicas y auditivas. Preciso, resistente y dise\u00f1ado para ex\u00e1menes cl\u00ednicos profesionales.\" \/>\n<meta name=\"robots\" content=\"index, follow, max-snippet:-1, max-image-preview:large, max-video-preview:-1\" \/>\n<link rel=\"canonical\" href=\"https:\/\/elsupermercadomedicopr.com\/es\/product\/diapason-de-acero-inoxidable\/\" \/>\n<meta property=\"og:locale\" content=\"es_ES\" \/>\n<meta property=\"og:type\" content=\"article\" \/>\n<meta property=\"og:title\" content=\"DIAPAS\u00d3N DE ACERO INOXIDABLE PARA EVALUACI\u00d3N NEUROL\u00d3GICA Y AUDITIVA (Tuning Fork) &#8211; El Supermercado Medico\" \/>\n<meta property=\"og:description\" content=\"Diapas\u00f3n de acero inoxidable para pruebas neurol\u00f3gicas y auditivas. Preciso, resistente y dise\u00f1ado para ex\u00e1menes cl\u00ednicos profesionales.\" \/>\n<meta property=\"og:url\" content=\"https:\/\/elsupermercadomedicopr.com\/es\/product\/diapason-de-acero-inoxidable\/\" \/>\n<meta property=\"og:site_name\" content=\"El Supermercado Medico\" \/>\n<meta property=\"article:publisher\" content=\"https:\/\/www.facebook.com\/elsupermercadomedico\" \/>\n<meta property=\"article:modified_time\" content=\"2026-01-17T15:58:46+00:00\" \/>\n<meta property=\"og:image\" content=\"https:\/\/elsupermercadomedicopr.com\/wp-content\/uploads\/2025\/11\/image_2025-11-17_164613843.png\" \/>\n\t<meta property=\"og:image:width\" content=\"1920\" \/>\n\t<meta property=\"og:image:height\" content=\"2560\" \/>\n\t<meta property=\"og:image:type\" content=\"image\/png\" \/>\n<meta name=\"twitter:card\" content=\"summary_large_image\" \/>\n<meta name=\"twitter:label1\" content=\"Est. reading time\" \/>\n\t<meta name=\"twitter:data1\" content=\"1 minuto\" \/>\n<script type=\"application\/ld+json\" class=\"yoast-schema-graph\">{\"@context\":\"https:\\\/\\\/schema.org\",\"@graph\":[{\"@type\":\"WebPage\",\"@id\":\"https:\\\/\\\/elsupermercadomedicopr.com\\\/product\\\/diapason-de-acero-inoxidable\\\/\",\"url\":\"https:\\\/\\\/elsupermercadomedicopr.com\\\/product\\\/diapason-de-acero-inoxidable\\\/\",\"name\":\"DIAPAS\u00d3N DE ACERO INOXIDABLE PARA EVALUACI\u00d3N NEUROL\u00d3GICA Y AUDITIVA (Tuning Fork) &#8211; El Supermercado Medico\",\"isPartOf\":{\"@id\":\"http:\\\/\\\/elsupermercadomedicopr.com\\\/#website\"},\"primaryImageOfPage\":{\"@id\":\"https:\\\/\\\/elsupermercadomedicopr.com\\\/product\\\/diapason-de-acero-inoxidable\\\/#primaryimage\"},\"image\":{\"@id\":\"https:\\\/\\\/elsupermercadomedicopr.com\\\/product\\\/diapason-de-acero-inoxidable\\\/#primaryimage\"},\"thumbnailUrl\":\"https:\\\/\\\/elsupermercadomedicopr.com\\\/wp-content\\\/uploads\\\/2025\\\/11\\\/image_2025-11-17_164613843.png\",\"datePublished\":\"2025-11-17T20:47:52+00:00\",\"dateModified\":\"2026-01-17T15:58:46+00:00\",\"description\":\"Diapas\u00f3n de acero inoxidable para pruebas neurol\u00f3gicas y auditivas. Preciso, resistente y dise\u00f1ado para ex\u00e1menes cl\u00ednicos profesionales.\",\"breadcrumb\":{\"@id\":\"https:\\\/\\\/elsupermercadomedicopr.com\\\/product\\\/diapason-de-acero-inoxidable\\\/#breadcrumb\"},\"inLanguage\":\"es\",\"potentialAction\":[{\"@type\":\"ReadAction\",\"target\":[\"https:\\\/\\\/elsupermercadomedicopr.com\\\/product\\\/diapason-de-acero-inoxidable\\\/\"]}]},{\"@type\":\"ImageObject\",\"inLanguage\":\"es\",\"@id\":\"https:\\\/\\\/elsupermercadomedicopr.com\\\/product\\\/diapason-de-acero-inoxidable\\\/#primaryimage\",\"url\":\"https:\\\/\\\/elsupermercadomedicopr.com\\\/wp-content\\\/uploads\\\/2025\\\/11\\\/image_2025-11-17_164613843.png\",\"contentUrl\":\"https:\\\/\\\/elsupermercadomedicopr.com\\\/wp-content\\\/uploads\\\/2025\\\/11\\\/image_2025-11-17_164613843.png\",\"width\":1920,\"height\":2560},{\"@type\":\"BreadcrumbList\",\"@id\":\"https:\\\/\\\/elsupermercadomedicopr.com\\\/product\\\/diapason-de-acero-inoxidable\\\/#breadcrumb\",\"itemListElement\":[{\"@type\":\"ListItem\",\"position\":1,\"name\":\"Home\",\"item\":\"https:\\\/\\\/elsupermercadomedicopr.com\\\/\"},{\"@type\":\"ListItem\",\"position\":2,\"name\":\"Shop\",\"item\":\"https:\\\/\\\/elsupermercadomedicopr.com\\\/shop\\\/\"},{\"@type\":\"ListItem\",\"position\":3,\"name\":\"DIAPAS\u00d3N DE ACERO INOXIDABLE PARA EVALUACI\u00d3N NEUROL\u00d3GICA Y AUDITIVA (Tuning Fork)\"}]},{\"@type\":\"WebSite\",\"@id\":\"http:\\\/\\\/elsupermercadomedicopr.com\\\/#website\",\"url\":\"http:\\\/\\\/elsupermercadomedicopr.com\\\/\",\"name\":\"El Supermercado Medico\",\"description\":\"Tu alternativa en equipos m\u00e9dicos, sirviendo al profesional de la salud y al paciente convaleciente.\",\"publisher\":{\"@id\":\"http:\\\/\\\/elsupermercadomedicopr.com\\\/#organization\"},\"potentialAction\":[{\"@type\":\"SearchAction\",\"target\":{\"@type\":\"EntryPoint\",\"urlTemplate\":\"http:\\\/\\\/elsupermercadomedicopr.com\\\/?s={search_term_string}\"},\"query-input\":{\"@type\":\"PropertyValueSpecification\",\"valueRequired\":true,\"valueName\":\"search_term_string\"}}],\"inLanguage\":\"es\"},{\"@type\":\"Organization\",\"@id\":\"http:\\\/\\\/elsupermercadomedicopr.com\\\/#organization\",\"name\":\"El Supermercado Medico, Inc.\",\"url\":\"http:\\\/\\\/elsupermercadomedicopr.com\\\/\",\"logo\":{\"@type\":\"ImageObject\",\"inLanguage\":\"es\",\"@id\":\"http:\\\/\\\/elsupermercadomedicopr.com\\\/#\\\/schema\\\/logo\\\/image\\\/\",\"url\":\"https:\\\/\\\/elsupermercadomedicopr.com\\\/wp-content\\\/uploads\\\/2025\\\/11\\\/cropped-Untitled-design-5.png\",\"contentUrl\":\"https:\\\/\\\/elsupermercadomedicopr.com\\\/wp-content\\\/uploads\\\/2025\\\/11\\\/cropped-Untitled-design-5.png\",\"width\":512,\"height\":512,\"caption\":\"El Supermercado Medico, Inc.\"},\"image\":{\"@id\":\"http:\\\/\\\/elsupermercadomedicopr.com\\\/#\\\/schema\\\/logo\\\/image\\\/\"},\"sameAs\":[\"https:\\\/\\\/www.facebook.com\\\/elsupermercadomedico\"]}]}<\/script>\n<!-- \/ Yoast SEO plugin. -->","yoast_head_json":{"title":"DIAPAS\u00d3N DE ACERO INOXIDABLE PARA EVALUACI\u00d3N NEUROL\u00d3GICA Y AUDITIVA (Tuning Fork) &#8211; El Supermercado Medico","description":"Diapas\u00f3n de acero inoxidable para pruebas neurol\u00f3gicas y auditivas. Preciso, resistente y dise\u00f1ado para ex\u00e1menes cl\u00ednicos profesionales.","robots":{"index":"index","follow":"follow","max-snippet":"max-snippet:-1","max-image-preview":"max-image-preview:large","max-video-preview":"max-video-preview:-1"},"canonical":"https:\/\/elsupermercadomedicopr.com\/es\/product\/diapason-de-acero-inoxidable\/","og_locale":"es_ES","og_type":"article","og_title":"DIAPAS\u00d3N DE ACERO INOXIDABLE PARA EVALUACI\u00d3N NEUROL\u00d3GICA Y AUDITIVA (Tuning Fork) &#8211; El Supermercado Medico","og_description":"Diapas\u00f3n de acero inoxidable para pruebas neurol\u00f3gicas y auditivas. Preciso, resistente y dise\u00f1ado para ex\u00e1menes cl\u00ednicos profesionales.","og_url":"https:\/\/elsupermercadomedicopr.com\/es\/product\/diapason-de-acero-inoxidable\/","og_site_name":"El Supermercado Medico","article_publisher":"https:\/\/www.facebook.com\/elsupermercadomedico","article_modified_time":"2026-01-17T15:58:46+00:00","og_image":[{"width":1920,"height":2560,"url":"https:\/\/elsupermercadomedicopr.com\/wp-content\/uploads\/2025\/11\/image_2025-11-17_164613843.png","type":"image\/png"}],"twitter_card":"summary_large_image","twitter_misc":{"Est. reading time":"1 minuto"},"schema":{"@context":"https:\/\/schema.org","@graph":[{"@type":"WebPage","@id":"https:\/\/elsupermercadomedicopr.com\/product\/diapason-de-acero-inoxidable\/","url":"https:\/\/elsupermercadomedicopr.com\/product\/diapason-de-acero-inoxidable\/","name":"DIAPAS\u00d3N DE ACERO INOXIDABLE PARA EVALUACI\u00d3N NEUROL\u00d3GICA Y AUDITIVA (Tuning Fork) &#8211; El Supermercado Medico","isPartOf":{"@id":"http:\/\/elsupermercadomedicopr.com\/#website"},"primaryImageOfPage":{"@id":"https:\/\/elsupermercadomedicopr.com\/product\/diapason-de-acero-inoxidable\/#primaryimage"},"image":{"@id":"https:\/\/elsupermercadomedicopr.com\/product\/diapason-de-acero-inoxidable\/#primaryimage"},"thumbnailUrl":"https:\/\/elsupermercadomedicopr.com\/wp-content\/uploads\/2025\/11\/image_2025-11-17_164613843.png","datePublished":"2025-11-17T20:47:52+00:00","dateModified":"2026-01-17T15:58:46+00:00","description":"Diapas\u00f3n de acero inoxidable para pruebas neurol\u00f3gicas y auditivas. Preciso, resistente y dise\u00f1ado para ex\u00e1menes cl\u00ednicos profesionales.","breadcrumb":{"@id":"https:\/\/elsupermercadomedicopr.com\/product\/diapason-de-acero-inoxidable\/#breadcrumb"},"inLanguage":"es","potentialAction":[{"@type":"ReadAction","target":["https:\/\/elsupermercadomedicopr.com\/product\/diapason-de-acero-inoxidable\/"]}]},{"@type":"ImageObject","inLanguage":"es","@id":"https:\/\/elsupermercadomedicopr.com\/product\/diapason-de-acero-inoxidable\/#primaryimage","url":"https:\/\/elsupermercadomedicopr.com\/wp-content\/uploads\/2025\/11\/image_2025-11-17_164613843.png","contentUrl":"https:\/\/elsupermercadomedicopr.com\/wp-content\/uploads\/2025\/11\/image_2025-11-17_164613843.png","width":1920,"height":2560},{"@type":"BreadcrumbList","@id":"https:\/\/elsupermercadomedicopr.com\/product\/diapason-de-acero-inoxidable\/#breadcrumb","itemListElement":[{"@type":"ListItem","position":1,"name":"Home","item":"https:\/\/elsupermercadomedicopr.com\/"},{"@type":"ListItem","position":2,"name":"Shop","item":"https:\/\/elsupermercadomedicopr.com\/shop\/"},{"@type":"ListItem","position":3,"name":"DIAPAS\u00d3N DE ACERO INOXIDABLE PARA EVALUACI\u00d3N NEUROL\u00d3GICA Y AUDITIVA (Tuning Fork)"}]},{"@type":"WebSite","@id":"http:\/\/elsupermercadomedicopr.com\/#website","url":"http:\/\/elsupermercadomedicopr.com\/","name":"El Supermercado Medico","description":"Tu alternativa en equipos m\u00e9dicos, sirviendo al profesional de la salud y al paciente convaleciente.","publisher":{"@id":"http:\/\/elsupermercadomedicopr.com\/#organization"},"potentialAction":[{"@type":"SearchAction","target":{"@type":"EntryPoint","urlTemplate":"http:\/\/elsupermercadomedicopr.com\/?s={search_term_string}"},"query-input":{"@type":"PropertyValueSpecification","valueRequired":true,"valueName":"search_term_string"}}],"inLanguage":"es"},{"@type":"Organization","@id":"http:\/\/elsupermercadomedicopr.com\/#organization","name":"El Supermercado Medico, Inc.","url":"http:\/\/elsupermercadomedicopr.com\/","logo":{"@type":"ImageObject","inLanguage":"es","@id":"http:\/\/elsupermercadomedicopr.com\/#\/schema\/logo\/image\/","url":"https:\/\/elsupermercadomedicopr.com\/wp-content\/uploads\/2025\/11\/cropped-Untitled-design-5.png","contentUrl":"https:\/\/elsupermercadomedicopr.com\/wp-content\/uploads\/2025\/11\/cropped-Untitled-design-5.png","width":512,"height":512,"caption":"El Supermercado Medico, Inc."},"image":{"@id":"http:\/\/elsupermercadomedicopr.com\/#\/schema\/logo\/image\/"},"sameAs":["https:\/\/www.facebook.com\/elsupermercadomedico"]}]}},"_links":{"self":[{"href":"https:\/\/elsupermercadomedicopr.com\/es\/wp-json\/wp\/v2\/product\/2109","targetHints":{"allow":["GET"]}}],"collection":[{"href":"https:\/\/elsupermercadomedicopr.com\/es\/wp-json\/wp\/v2\/product"}],"about":[{"href":"https:\/\/elsupermercadomedicopr.com\/es\/wp-json\/wp\/v2\/types\/product"}],"wp:featuredmedia":[{"embeddable":true,"href":"https:\/\/elsupermercadomedicopr.com\/es\/wp-json\/wp\/v2\/media\/2110"}],"wp:attachment":[{"href":"https:\/\/elsupermercadomedicopr.com\/es\/wp-json\/wp\/v2\/media?parent=2109"}],"wp:term":[{"taxonomy":"product_brand","embeddable":true,"href":"https:\/\/elsupermercadomedicopr.com\/es\/wp-json\/wp\/v2\/product_brand?post=2109"},{"taxonomy":"product_cat","embeddable":true,"href":"https:\/\/elsupermercadomedicopr.com\/es\/wp-json\/wp\/v2\/product_cat?post=2109"},{"taxonomy":"product_tag","embeddable":true,"href":"https:\/\/elsupermercadomedicopr.com\/es\/wp-json\/wp\/v2\/product_tag?post=2109"}],"curies":[{"name":"wp","href":"https:\/\/api.w.org\/{rel}","templated":true}]}}