{"id":2074,"date":"2025-11-17T19:37:32","date_gmt":"2025-11-17T19:37:32","guid":{"rendered":"https:\/\/elsupermercadomedicopr.com\/?post_type=product&#038;p=2074"},"modified":"2025-11-21T02:58:04","modified_gmt":"2025-11-21T02:58:04","slug":"tijeras-para-cordon-umbilical","status":"publish","type":"product","link":"https:\/\/elsupermercadomedicopr.com\/es\/product\/tijeras-para-cordon-umbilical\/","title":{"rendered":"TIJERAS PARA CORTE DE CORD\u00d3N UMBILICAL (Umbilical Cord Scissors)"},"content":{"rendered":"","protected":false},"excerpt":{"rendered":"<p>Tijeras especializadas para el corte seguro y preciso del cord\u00f3n umbilical. Fabricadas en acero m\u00e9dico resistente, dise\u00f1adas para uso profesional en salas de parto y entornos cl\u00ednicos.<\/p>","protected":false},"featured_media":2075,"template":"","meta":[],"product_brand":[],"product_cat":[35],"product_tag":[],"class_list":{"0":"post-2074","1":"product","2":"type-product","3":"status-publish","4":"has-post-thumbnail","6":"product_cat-enfermeria","8":"first","9":"instock","10":"taxable","11":"shipping-taxable","12":"purchasable","13":"product-type-simple"},"yoast_head":"<!-- This site is optimized with the Yoast SEO plugin v27.4 - https:\/\/yoast.com\/product\/yoast-seo-wordpress\/ -->\n<title>TIJERAS PARA CORTE DE CORD\u00d3N UMBILICAL (Umbilical Cord Scissors) &#8211; El Supermercado Medico<\/title>\n<meta name=\"description\" content=\"Tijeras para cord\u00f3n umbilical de acero m\u00e9dico, dise\u00f1adas para un corte seguro y preciso en salas de parto. Duraderas, esterilizables y adecuadas para uso profesional.\" \/>\n<meta name=\"robots\" content=\"index, follow, max-snippet:-1, max-image-preview:large, max-video-preview:-1\" \/>\n<link rel=\"canonical\" href=\"https:\/\/elsupermercadomedicopr.com\/es\/product\/tijeras-para-cordon-umbilical\/\" \/>\n<meta property=\"og:locale\" content=\"es_ES\" \/>\n<meta property=\"og:type\" content=\"article\" \/>\n<meta property=\"og:title\" content=\"TIJERAS PARA CORTE DE CORD\u00d3N UMBILICAL (Umbilical Cord Scissors) &#8211; El Supermercado Medico\" \/>\n<meta property=\"og:description\" content=\"Tijeras para cord\u00f3n umbilical de acero m\u00e9dico, dise\u00f1adas para un corte seguro y preciso en salas de parto. Duraderas, esterilizables y adecuadas para uso profesional.\" \/>\n<meta property=\"og:url\" content=\"https:\/\/elsupermercadomedicopr.com\/es\/product\/tijeras-para-cordon-umbilical\/\" \/>\n<meta property=\"og:site_name\" content=\"El Supermercado Medico\" \/>\n<meta property=\"article:publisher\" content=\"https:\/\/www.facebook.com\/elsupermercadomedico\" \/>\n<meta property=\"article:modified_time\" content=\"2025-11-21T02:58:04+00:00\" \/>\n<meta property=\"og:image\" content=\"https:\/\/elsupermercadomedicopr.com\/wp-content\/uploads\/2025\/11\/image_2025-11-17_153718615.png\" \/>\n\t<meta property=\"og:image:width\" content=\"2000\" \/>\n\t<meta property=\"og:image:height\" content=\"2000\" \/>\n\t<meta property=\"og:image:type\" content=\"image\/png\" \/>\n<meta name=\"twitter:card\" content=\"summary_large_image\" \/>\n<script type=\"application\/ld+json\" class=\"yoast-schema-graph\">{\"@context\":\"https:\\\/\\\/schema.org\",\"@graph\":[{\"@type\":\"WebPage\",\"@id\":\"https:\\\/\\\/elsupermercadomedicopr.com\\\/product\\\/tijeras-para-cordon-umbilical\\\/\",\"url\":\"https:\\\/\\\/elsupermercadomedicopr.com\\\/product\\\/tijeras-para-cordon-umbilical\\\/\",\"name\":\"TIJERAS PARA CORTE DE CORD\u00d3N UMBILICAL (Umbilical Cord Scissors) &#8211; El Supermercado Medico\",\"isPartOf\":{\"@id\":\"http:\\\/\\\/elsupermercadomedicopr.com\\\/#website\"},\"primaryImageOfPage\":{\"@id\":\"https:\\\/\\\/elsupermercadomedicopr.com\\\/product\\\/tijeras-para-cordon-umbilical\\\/#primaryimage\"},\"image\":{\"@id\":\"https:\\\/\\\/elsupermercadomedicopr.com\\\/product\\\/tijeras-para-cordon-umbilical\\\/#primaryimage\"},\"thumbnailUrl\":\"https:\\\/\\\/elsupermercadomedicopr.com\\\/wp-content\\\/uploads\\\/2025\\\/11\\\/image_2025-11-17_153718615.png\",\"datePublished\":\"2025-11-17T19:37:32+00:00\",\"dateModified\":\"2025-11-21T02:58:04+00:00\",\"description\":\"Tijeras para cord\u00f3n umbilical de acero m\u00e9dico, dise\u00f1adas para un corte seguro y preciso en salas de parto. Duraderas, esterilizables y adecuadas para uso profesional.\",\"breadcrumb\":{\"@id\":\"https:\\\/\\\/elsupermercadomedicopr.com\\\/product\\\/tijeras-para-cordon-umbilical\\\/#breadcrumb\"},\"inLanguage\":\"es\",\"potentialAction\":[{\"@type\":\"ReadAction\",\"target\":[\"https:\\\/\\\/elsupermercadomedicopr.com\\\/product\\\/tijeras-para-cordon-umbilical\\\/\"]}]},{\"@type\":\"ImageObject\",\"inLanguage\":\"es\",\"@id\":\"https:\\\/\\\/elsupermercadomedicopr.com\\\/product\\\/tijeras-para-cordon-umbilical\\\/#primaryimage\",\"url\":\"https:\\\/\\\/elsupermercadomedicopr.com\\\/wp-content\\\/uploads\\\/2025\\\/11\\\/image_2025-11-17_153718615.png\",\"contentUrl\":\"https:\\\/\\\/elsupermercadomedicopr.com\\\/wp-content\\\/uploads\\\/2025\\\/11\\\/image_2025-11-17_153718615.png\",\"width\":2000,\"height\":2000},{\"@type\":\"BreadcrumbList\",\"@id\":\"https:\\\/\\\/elsupermercadomedicopr.com\\\/product\\\/tijeras-para-cordon-umbilical\\\/#breadcrumb\",\"itemListElement\":[{\"@type\":\"ListItem\",\"position\":1,\"name\":\"Home\",\"item\":\"https:\\\/\\\/elsupermercadomedicopr.com\\\/\"},{\"@type\":\"ListItem\",\"position\":2,\"name\":\"Shop\",\"item\":\"https:\\\/\\\/elsupermercadomedicopr.com\\\/shop\\\/\"},{\"@type\":\"ListItem\",\"position\":3,\"name\":\"TIJERAS PARA CORTE DE CORD\u00d3N UMBILICAL (Umbilical Cord Scissors)\"}]},{\"@type\":\"WebSite\",\"@id\":\"http:\\\/\\\/elsupermercadomedicopr.com\\\/#website\",\"url\":\"http:\\\/\\\/elsupermercadomedicopr.com\\\/\",\"name\":\"El Supermercado Medico\",\"description\":\"Tu alternativa en equipos m\u00e9dicos, sirviendo al profesional de la salud y al paciente convaleciente.\",\"publisher\":{\"@id\":\"http:\\\/\\\/elsupermercadomedicopr.com\\\/#organization\"},\"potentialAction\":[{\"@type\":\"SearchAction\",\"target\":{\"@type\":\"EntryPoint\",\"urlTemplate\":\"http:\\\/\\\/elsupermercadomedicopr.com\\\/?s={search_term_string}\"},\"query-input\":{\"@type\":\"PropertyValueSpecification\",\"valueRequired\":true,\"valueName\":\"search_term_string\"}}],\"inLanguage\":\"es\"},{\"@type\":\"Organization\",\"@id\":\"http:\\\/\\\/elsupermercadomedicopr.com\\\/#organization\",\"name\":\"El Supermercado Medico, Inc.\",\"url\":\"http:\\\/\\\/elsupermercadomedicopr.com\\\/\",\"logo\":{\"@type\":\"ImageObject\",\"inLanguage\":\"es\",\"@id\":\"http:\\\/\\\/elsupermercadomedicopr.com\\\/#\\\/schema\\\/logo\\\/image\\\/\",\"url\":\"https:\\\/\\\/elsupermercadomedicopr.com\\\/wp-content\\\/uploads\\\/2025\\\/11\\\/cropped-Untitled-design-5.png\",\"contentUrl\":\"https:\\\/\\\/elsupermercadomedicopr.com\\\/wp-content\\\/uploads\\\/2025\\\/11\\\/cropped-Untitled-design-5.png\",\"width\":512,\"height\":512,\"caption\":\"El Supermercado Medico, Inc.\"},\"image\":{\"@id\":\"http:\\\/\\\/elsupermercadomedicopr.com\\\/#\\\/schema\\\/logo\\\/image\\\/\"},\"sameAs\":[\"https:\\\/\\\/www.facebook.com\\\/elsupermercadomedico\"]}]}<\/script>\n<!-- \/ Yoast SEO plugin. -->","yoast_head_json":{"title":"TIJERAS PARA CORTE DE CORD\u00d3N UMBILICAL (Umbilical Cord Scissors) &#8211; El Supermercado Medico","description":"Tijeras para cord\u00f3n umbilical de acero m\u00e9dico, dise\u00f1adas para un corte seguro y preciso en salas de parto. Duraderas, esterilizables y adecuadas para uso profesional.","robots":{"index":"index","follow":"follow","max-snippet":"max-snippet:-1","max-image-preview":"max-image-preview:large","max-video-preview":"max-video-preview:-1"},"canonical":"https:\/\/elsupermercadomedicopr.com\/es\/product\/tijeras-para-cordon-umbilical\/","og_locale":"es_ES","og_type":"article","og_title":"TIJERAS PARA CORTE DE CORD\u00d3N UMBILICAL (Umbilical Cord Scissors) &#8211; El Supermercado Medico","og_description":"Tijeras para cord\u00f3n umbilical de acero m\u00e9dico, dise\u00f1adas para un corte seguro y preciso en salas de parto. Duraderas, esterilizables y adecuadas para uso profesional.","og_url":"https:\/\/elsupermercadomedicopr.com\/es\/product\/tijeras-para-cordon-umbilical\/","og_site_name":"El Supermercado Medico","article_publisher":"https:\/\/www.facebook.com\/elsupermercadomedico","article_modified_time":"2025-11-21T02:58:04+00:00","og_image":[{"width":2000,"height":2000,"url":"https:\/\/elsupermercadomedicopr.com\/wp-content\/uploads\/2025\/11\/image_2025-11-17_153718615.png","type":"image\/png"}],"twitter_card":"summary_large_image","schema":{"@context":"https:\/\/schema.org","@graph":[{"@type":"WebPage","@id":"https:\/\/elsupermercadomedicopr.com\/product\/tijeras-para-cordon-umbilical\/","url":"https:\/\/elsupermercadomedicopr.com\/product\/tijeras-para-cordon-umbilical\/","name":"TIJERAS PARA CORTE DE CORD\u00d3N UMBILICAL (Umbilical Cord Scissors) &#8211; El Supermercado Medico","isPartOf":{"@id":"http:\/\/elsupermercadomedicopr.com\/#website"},"primaryImageOfPage":{"@id":"https:\/\/elsupermercadomedicopr.com\/product\/tijeras-para-cordon-umbilical\/#primaryimage"},"image":{"@id":"https:\/\/elsupermercadomedicopr.com\/product\/tijeras-para-cordon-umbilical\/#primaryimage"},"thumbnailUrl":"https:\/\/elsupermercadomedicopr.com\/wp-content\/uploads\/2025\/11\/image_2025-11-17_153718615.png","datePublished":"2025-11-17T19:37:32+00:00","dateModified":"2025-11-21T02:58:04+00:00","description":"Tijeras para cord\u00f3n umbilical de acero m\u00e9dico, dise\u00f1adas para un corte seguro y preciso en salas de parto. Duraderas, esterilizables y adecuadas para uso profesional.","breadcrumb":{"@id":"https:\/\/elsupermercadomedicopr.com\/product\/tijeras-para-cordon-umbilical\/#breadcrumb"},"inLanguage":"es","potentialAction":[{"@type":"ReadAction","target":["https:\/\/elsupermercadomedicopr.com\/product\/tijeras-para-cordon-umbilical\/"]}]},{"@type":"ImageObject","inLanguage":"es","@id":"https:\/\/elsupermercadomedicopr.com\/product\/tijeras-para-cordon-umbilical\/#primaryimage","url":"https:\/\/elsupermercadomedicopr.com\/wp-content\/uploads\/2025\/11\/image_2025-11-17_153718615.png","contentUrl":"https:\/\/elsupermercadomedicopr.com\/wp-content\/uploads\/2025\/11\/image_2025-11-17_153718615.png","width":2000,"height":2000},{"@type":"BreadcrumbList","@id":"https:\/\/elsupermercadomedicopr.com\/product\/tijeras-para-cordon-umbilical\/#breadcrumb","itemListElement":[{"@type":"ListItem","position":1,"name":"Home","item":"https:\/\/elsupermercadomedicopr.com\/"},{"@type":"ListItem","position":2,"name":"Shop","item":"https:\/\/elsupermercadomedicopr.com\/shop\/"},{"@type":"ListItem","position":3,"name":"TIJERAS PARA CORTE DE CORD\u00d3N UMBILICAL (Umbilical Cord Scissors)"}]},{"@type":"WebSite","@id":"http:\/\/elsupermercadomedicopr.com\/#website","url":"http:\/\/elsupermercadomedicopr.com\/","name":"El Supermercado Medico","description":"Tu alternativa en equipos m\u00e9dicos, sirviendo al profesional de la salud y al paciente convaleciente.","publisher":{"@id":"http:\/\/elsupermercadomedicopr.com\/#organization"},"potentialAction":[{"@type":"SearchAction","target":{"@type":"EntryPoint","urlTemplate":"http:\/\/elsupermercadomedicopr.com\/?s={search_term_string}"},"query-input":{"@type":"PropertyValueSpecification","valueRequired":true,"valueName":"search_term_string"}}],"inLanguage":"es"},{"@type":"Organization","@id":"http:\/\/elsupermercadomedicopr.com\/#organization","name":"El Supermercado Medico, Inc.","url":"http:\/\/elsupermercadomedicopr.com\/","logo":{"@type":"ImageObject","inLanguage":"es","@id":"http:\/\/elsupermercadomedicopr.com\/#\/schema\/logo\/image\/","url":"https:\/\/elsupermercadomedicopr.com\/wp-content\/uploads\/2025\/11\/cropped-Untitled-design-5.png","contentUrl":"https:\/\/elsupermercadomedicopr.com\/wp-content\/uploads\/2025\/11\/cropped-Untitled-design-5.png","width":512,"height":512,"caption":"El Supermercado Medico, Inc."},"image":{"@id":"http:\/\/elsupermercadomedicopr.com\/#\/schema\/logo\/image\/"},"sameAs":["https:\/\/www.facebook.com\/elsupermercadomedico"]}]}},"_links":{"self":[{"href":"https:\/\/elsupermercadomedicopr.com\/es\/wp-json\/wp\/v2\/product\/2074","targetHints":{"allow":["GET"]}}],"collection":[{"href":"https:\/\/elsupermercadomedicopr.com\/es\/wp-json\/wp\/v2\/product"}],"about":[{"href":"https:\/\/elsupermercadomedicopr.com\/es\/wp-json\/wp\/v2\/types\/product"}],"wp:featuredmedia":[{"embeddable":true,"href":"https:\/\/elsupermercadomedicopr.com\/es\/wp-json\/wp\/v2\/media\/2075"}],"wp:attachment":[{"href":"https:\/\/elsupermercadomedicopr.com\/es\/wp-json\/wp\/v2\/media?parent=2074"}],"wp:term":[{"taxonomy":"product_brand","embeddable":true,"href":"https:\/\/elsupermercadomedicopr.com\/es\/wp-json\/wp\/v2\/product_brand?post=2074"},{"taxonomy":"product_cat","embeddable":true,"href":"https:\/\/elsupermercadomedicopr.com\/es\/wp-json\/wp\/v2\/product_cat?post=2074"},{"taxonomy":"product_tag","embeddable":true,"href":"https:\/\/elsupermercadomedicopr.com\/es\/wp-json\/wp\/v2\/product_tag?post=2074"}],"curies":[{"name":"wp","href":"https:\/\/api.w.org\/{rel}","templated":true}]}}