{"id":2019,"date":"2025-11-16T21:24:07","date_gmt":"2025-11-16T21:24:07","guid":{"rendered":"https:\/\/elsupermercadomedicopr.com\/?post_type=product&#038;p=2019"},"modified":"2025-11-21T02:58:06","modified_gmt":"2025-11-21T02:58:06","slug":"emergency-bag-eb02-002-probes","status":"publish","type":"product","link":"https:\/\/elsupermercadomedicopr.com\/es\/product\/emergency-bag-eb02-002-probes\/","title":{"rendered":"Emergency Bag EB02.002 PROBES \u2013 Large Ampoule Holder"},"content":{"rendered":"<p data-start=\"566\" data-end=\"972\">El Emergency Bag EB02.002 PROBES es un ampulario profesional de gran capacidad que permite transportar, clasificar y acceder a medicamentos de forma r\u00e1pida y eficiente. Su dise\u00f1o interno incluye dos bandejas desmontables con etiquetas de identificaci\u00f3n que agilizan la localizaci\u00f3n y administraci\u00f3n de ampolletas, optimizando la atenci\u00f3n al paciente en situaciones cr\u00edticas.<\/p>\n<p data-start=\"974\" data-end=\"1414\">Fabricado con materiales resistentes, cuenta con tiradores reflectivos night\/day para una apertura r\u00e1pida en condiciones de baja luz, asa acolchada, portatarjetas frontal y bolsillos laterales de malla. El interior combina compartimentos isot\u00e9rmicos para mantener estabilidad de temperatura, cuatro bolsillos de malla para geles fr\u00edos y un compartimento central removible con ventana transparente para jeringas, torniquetes y otros insumos.<\/p>\n<p data-start=\"1605\" data-end=\"1737\">Ideal para personal de emergencias, param\u00e9dicos y profesionales que requieren transportar medicamentos de forma organizada y segura.<\/p>","protected":false},"excerpt":{"rendered":"<p>Organizador de ampolletas de alta capacidad dise\u00f1ado para profesionales que necesitan un acceso r\u00e1pido, seguro y ordenado a medicamentos. Incluye dos bandejas desmontables con etiquetas identificadoras, m\u00faltiples bolsillos y material isot\u00e9rmico para preservar estabilidad t\u00e9rmica durante el transporte.<\/p>","protected":false},"featured_media":2020,"template":"","meta":[],"product_brand":[],"product_cat":[43],"product_tag":[],"class_list":{"0":"post-2019","1":"product","2":"type-product","3":"status-publish","4":"has-post-thumbnail","6":"product_cat-bultos-y-equipos-para-emergencias-medicas","8":"first","9":"instock","10":"taxable","11":"shipping-taxable","12":"purchasable","13":"product-type-simple"},"yoast_head":"<!-- This site is optimized with the Yoast SEO plugin v27.4 - https:\/\/yoast.com\/product\/yoast-seo-wordpress\/ -->\n<title>Emergency Bag EB02.002 PROBES \u2013 Large Ampoule Holder &#8211; El Supermercado Medico<\/title>\n<meta name=\"description\" content=\"Ampulario de alta capacidad con bandejas desmontables, material isot\u00e9rmico y organizaci\u00f3n avanzada. Ideal para emergencias y transporte seguro de medicamentos.\" \/>\n<meta name=\"robots\" content=\"index, follow, max-snippet:-1, max-image-preview:large, max-video-preview:-1\" \/>\n<link rel=\"canonical\" href=\"https:\/\/elsupermercadomedicopr.com\/es\/product\/emergency-bag-eb02-002-probes\/\" \/>\n<meta property=\"og:locale\" content=\"es_ES\" \/>\n<meta property=\"og:type\" content=\"article\" \/>\n<meta property=\"og:title\" content=\"Emergency Bag EB02.002 PROBES \u2013 Large Ampoule Holder &#8211; El Supermercado Medico\" \/>\n<meta property=\"og:description\" content=\"Ampulario de alta capacidad con bandejas desmontables, material isot\u00e9rmico y organizaci\u00f3n avanzada. Ideal para emergencias y transporte seguro de medicamentos.\" \/>\n<meta property=\"og:url\" content=\"https:\/\/elsupermercadomedicopr.com\/es\/product\/emergency-bag-eb02-002-probes\/\" \/>\n<meta property=\"og:site_name\" content=\"El Supermercado Medico\" \/>\n<meta property=\"article:publisher\" content=\"https:\/\/www.facebook.com\/elsupermercadomedico\" \/>\n<meta property=\"article:modified_time\" content=\"2025-11-21T02:58:06+00:00\" \/>\n<meta property=\"og:image\" content=\"https:\/\/elsupermercadomedicopr.com\/wp-content\/uploads\/2025\/11\/image_2025-11-16_172400721.png\" \/>\n\t<meta property=\"og:image:width\" content=\"500\" \/>\n\t<meta property=\"og:image:height\" content=\"500\" \/>\n\t<meta property=\"og:image:type\" content=\"image\/png\" \/>\n<meta name=\"twitter:card\" content=\"summary_large_image\" \/>\n<meta name=\"twitter:label1\" content=\"Est. reading time\" \/>\n\t<meta name=\"twitter:data1\" content=\"1 minuto\" \/>\n<script type=\"application\/ld+json\" class=\"yoast-schema-graph\">{\"@context\":\"https:\\\/\\\/schema.org\",\"@graph\":[{\"@type\":\"WebPage\",\"@id\":\"https:\\\/\\\/elsupermercadomedicopr.com\\\/product\\\/emergency-bag-eb02-002-probes\\\/\",\"url\":\"https:\\\/\\\/elsupermercadomedicopr.com\\\/product\\\/emergency-bag-eb02-002-probes\\\/\",\"name\":\"Emergency Bag EB02.002 PROBES \u2013 Large Ampoule Holder &#8211; El Supermercado Medico\",\"isPartOf\":{\"@id\":\"http:\\\/\\\/elsupermercadomedicopr.com\\\/#website\"},\"primaryImageOfPage\":{\"@id\":\"https:\\\/\\\/elsupermercadomedicopr.com\\\/product\\\/emergency-bag-eb02-002-probes\\\/#primaryimage\"},\"image\":{\"@id\":\"https:\\\/\\\/elsupermercadomedicopr.com\\\/product\\\/emergency-bag-eb02-002-probes\\\/#primaryimage\"},\"thumbnailUrl\":\"https:\\\/\\\/elsupermercadomedicopr.com\\\/wp-content\\\/uploads\\\/2025\\\/11\\\/image_2025-11-16_172400721.png\",\"datePublished\":\"2025-11-16T21:24:07+00:00\",\"dateModified\":\"2025-11-21T02:58:06+00:00\",\"description\":\"Ampulario de alta capacidad con bandejas desmontables, material isot\u00e9rmico y organizaci\u00f3n avanzada. Ideal para emergencias y transporte seguro de medicamentos.\",\"breadcrumb\":{\"@id\":\"https:\\\/\\\/elsupermercadomedicopr.com\\\/product\\\/emergency-bag-eb02-002-probes\\\/#breadcrumb\"},\"inLanguage\":\"es\",\"potentialAction\":[{\"@type\":\"ReadAction\",\"target\":[\"https:\\\/\\\/elsupermercadomedicopr.com\\\/product\\\/emergency-bag-eb02-002-probes\\\/\"]}]},{\"@type\":\"ImageObject\",\"inLanguage\":\"es\",\"@id\":\"https:\\\/\\\/elsupermercadomedicopr.com\\\/product\\\/emergency-bag-eb02-002-probes\\\/#primaryimage\",\"url\":\"https:\\\/\\\/elsupermercadomedicopr.com\\\/wp-content\\\/uploads\\\/2025\\\/11\\\/image_2025-11-16_172400721.png\",\"contentUrl\":\"https:\\\/\\\/elsupermercadomedicopr.com\\\/wp-content\\\/uploads\\\/2025\\\/11\\\/image_2025-11-16_172400721.png\",\"width\":500,\"height\":500},{\"@type\":\"BreadcrumbList\",\"@id\":\"https:\\\/\\\/elsupermercadomedicopr.com\\\/product\\\/emergency-bag-eb02-002-probes\\\/#breadcrumb\",\"itemListElement\":[{\"@type\":\"ListItem\",\"position\":1,\"name\":\"Home\",\"item\":\"https:\\\/\\\/elsupermercadomedicopr.com\\\/\"},{\"@type\":\"ListItem\",\"position\":2,\"name\":\"Shop\",\"item\":\"https:\\\/\\\/elsupermercadomedicopr.com\\\/shop\\\/\"},{\"@type\":\"ListItem\",\"position\":3,\"name\":\"Emergency Bag EB02.002 PROBES \u2013 Large Ampoule Holder\"}]},{\"@type\":\"WebSite\",\"@id\":\"http:\\\/\\\/elsupermercadomedicopr.com\\\/#website\",\"url\":\"http:\\\/\\\/elsupermercadomedicopr.com\\\/\",\"name\":\"El Supermercado Medico\",\"description\":\"Tu alternativa en equipos m\u00e9dicos, sirviendo al profesional de la salud y al paciente convaleciente.\",\"publisher\":{\"@id\":\"http:\\\/\\\/elsupermercadomedicopr.com\\\/#organization\"},\"potentialAction\":[{\"@type\":\"SearchAction\",\"target\":{\"@type\":\"EntryPoint\",\"urlTemplate\":\"http:\\\/\\\/elsupermercadomedicopr.com\\\/?s={search_term_string}\"},\"query-input\":{\"@type\":\"PropertyValueSpecification\",\"valueRequired\":true,\"valueName\":\"search_term_string\"}}],\"inLanguage\":\"es\"},{\"@type\":\"Organization\",\"@id\":\"http:\\\/\\\/elsupermercadomedicopr.com\\\/#organization\",\"name\":\"El Supermercado Medico, Inc.\",\"url\":\"http:\\\/\\\/elsupermercadomedicopr.com\\\/\",\"logo\":{\"@type\":\"ImageObject\",\"inLanguage\":\"es\",\"@id\":\"http:\\\/\\\/elsupermercadomedicopr.com\\\/#\\\/schema\\\/logo\\\/image\\\/\",\"url\":\"https:\\\/\\\/elsupermercadomedicopr.com\\\/wp-content\\\/uploads\\\/2025\\\/11\\\/cropped-Untitled-design-5.png\",\"contentUrl\":\"https:\\\/\\\/elsupermercadomedicopr.com\\\/wp-content\\\/uploads\\\/2025\\\/11\\\/cropped-Untitled-design-5.png\",\"width\":512,\"height\":512,\"caption\":\"El Supermercado Medico, Inc.\"},\"image\":{\"@id\":\"http:\\\/\\\/elsupermercadomedicopr.com\\\/#\\\/schema\\\/logo\\\/image\\\/\"},\"sameAs\":[\"https:\\\/\\\/www.facebook.com\\\/elsupermercadomedico\"]}]}<\/script>\n<!-- \/ Yoast SEO plugin. -->","yoast_head_json":{"title":"Emergency Bag EB02.002 PROBES \u2013 Large Ampoule Holder &#8211; El Supermercado Medico","description":"Ampulario de alta capacidad con bandejas desmontables, material isot\u00e9rmico y organizaci\u00f3n avanzada. Ideal para emergencias y transporte seguro de medicamentos.","robots":{"index":"index","follow":"follow","max-snippet":"max-snippet:-1","max-image-preview":"max-image-preview:large","max-video-preview":"max-video-preview:-1"},"canonical":"https:\/\/elsupermercadomedicopr.com\/es\/product\/emergency-bag-eb02-002-probes\/","og_locale":"es_ES","og_type":"article","og_title":"Emergency Bag EB02.002 PROBES \u2013 Large Ampoule Holder &#8211; El Supermercado Medico","og_description":"Ampulario de alta capacidad con bandejas desmontables, material isot\u00e9rmico y organizaci\u00f3n avanzada. Ideal para emergencias y transporte seguro de medicamentos.","og_url":"https:\/\/elsupermercadomedicopr.com\/es\/product\/emergency-bag-eb02-002-probes\/","og_site_name":"El Supermercado Medico","article_publisher":"https:\/\/www.facebook.com\/elsupermercadomedico","article_modified_time":"2025-11-21T02:58:06+00:00","og_image":[{"width":500,"height":500,"url":"https:\/\/elsupermercadomedicopr.com\/wp-content\/uploads\/2025\/11\/image_2025-11-16_172400721.png","type":"image\/png"}],"twitter_card":"summary_large_image","twitter_misc":{"Est. reading time":"1 minuto"},"schema":{"@context":"https:\/\/schema.org","@graph":[{"@type":"WebPage","@id":"https:\/\/elsupermercadomedicopr.com\/product\/emergency-bag-eb02-002-probes\/","url":"https:\/\/elsupermercadomedicopr.com\/product\/emergency-bag-eb02-002-probes\/","name":"Emergency Bag EB02.002 PROBES \u2013 Large Ampoule Holder &#8211; El Supermercado Medico","isPartOf":{"@id":"http:\/\/elsupermercadomedicopr.com\/#website"},"primaryImageOfPage":{"@id":"https:\/\/elsupermercadomedicopr.com\/product\/emergency-bag-eb02-002-probes\/#primaryimage"},"image":{"@id":"https:\/\/elsupermercadomedicopr.com\/product\/emergency-bag-eb02-002-probes\/#primaryimage"},"thumbnailUrl":"https:\/\/elsupermercadomedicopr.com\/wp-content\/uploads\/2025\/11\/image_2025-11-16_172400721.png","datePublished":"2025-11-16T21:24:07+00:00","dateModified":"2025-11-21T02:58:06+00:00","description":"Ampulario de alta capacidad con bandejas desmontables, material isot\u00e9rmico y organizaci\u00f3n avanzada. Ideal para emergencias y transporte seguro de medicamentos.","breadcrumb":{"@id":"https:\/\/elsupermercadomedicopr.com\/product\/emergency-bag-eb02-002-probes\/#breadcrumb"},"inLanguage":"es","potentialAction":[{"@type":"ReadAction","target":["https:\/\/elsupermercadomedicopr.com\/product\/emergency-bag-eb02-002-probes\/"]}]},{"@type":"ImageObject","inLanguage":"es","@id":"https:\/\/elsupermercadomedicopr.com\/product\/emergency-bag-eb02-002-probes\/#primaryimage","url":"https:\/\/elsupermercadomedicopr.com\/wp-content\/uploads\/2025\/11\/image_2025-11-16_172400721.png","contentUrl":"https:\/\/elsupermercadomedicopr.com\/wp-content\/uploads\/2025\/11\/image_2025-11-16_172400721.png","width":500,"height":500},{"@type":"BreadcrumbList","@id":"https:\/\/elsupermercadomedicopr.com\/product\/emergency-bag-eb02-002-probes\/#breadcrumb","itemListElement":[{"@type":"ListItem","position":1,"name":"Home","item":"https:\/\/elsupermercadomedicopr.com\/"},{"@type":"ListItem","position":2,"name":"Shop","item":"https:\/\/elsupermercadomedicopr.com\/shop\/"},{"@type":"ListItem","position":3,"name":"Emergency Bag EB02.002 PROBES \u2013 Large Ampoule Holder"}]},{"@type":"WebSite","@id":"http:\/\/elsupermercadomedicopr.com\/#website","url":"http:\/\/elsupermercadomedicopr.com\/","name":"El Supermercado Medico","description":"Tu alternativa en equipos m\u00e9dicos, sirviendo al profesional de la salud y al paciente convaleciente.","publisher":{"@id":"http:\/\/elsupermercadomedicopr.com\/#organization"},"potentialAction":[{"@type":"SearchAction","target":{"@type":"EntryPoint","urlTemplate":"http:\/\/elsupermercadomedicopr.com\/?s={search_term_string}"},"query-input":{"@type":"PropertyValueSpecification","valueRequired":true,"valueName":"search_term_string"}}],"inLanguage":"es"},{"@type":"Organization","@id":"http:\/\/elsupermercadomedicopr.com\/#organization","name":"El Supermercado Medico, Inc.","url":"http:\/\/elsupermercadomedicopr.com\/","logo":{"@type":"ImageObject","inLanguage":"es","@id":"http:\/\/elsupermercadomedicopr.com\/#\/schema\/logo\/image\/","url":"https:\/\/elsupermercadomedicopr.com\/wp-content\/uploads\/2025\/11\/cropped-Untitled-design-5.png","contentUrl":"https:\/\/elsupermercadomedicopr.com\/wp-content\/uploads\/2025\/11\/cropped-Untitled-design-5.png","width":512,"height":512,"caption":"El Supermercado Medico, Inc."},"image":{"@id":"http:\/\/elsupermercadomedicopr.com\/#\/schema\/logo\/image\/"},"sameAs":["https:\/\/www.facebook.com\/elsupermercadomedico"]}]}},"_links":{"self":[{"href":"https:\/\/elsupermercadomedicopr.com\/es\/wp-json\/wp\/v2\/product\/2019","targetHints":{"allow":["GET"]}}],"collection":[{"href":"https:\/\/elsupermercadomedicopr.com\/es\/wp-json\/wp\/v2\/product"}],"about":[{"href":"https:\/\/elsupermercadomedicopr.com\/es\/wp-json\/wp\/v2\/types\/product"}],"wp:featuredmedia":[{"embeddable":true,"href":"https:\/\/elsupermercadomedicopr.com\/es\/wp-json\/wp\/v2\/media\/2020"}],"wp:attachment":[{"href":"https:\/\/elsupermercadomedicopr.com\/es\/wp-json\/wp\/v2\/media?parent=2019"}],"wp:term":[{"taxonomy":"product_brand","embeddable":true,"href":"https:\/\/elsupermercadomedicopr.com\/es\/wp-json\/wp\/v2\/product_brand?post=2019"},{"taxonomy":"product_cat","embeddable":true,"href":"https:\/\/elsupermercadomedicopr.com\/es\/wp-json\/wp\/v2\/product_cat?post=2019"},{"taxonomy":"product_tag","embeddable":true,"href":"https:\/\/elsupermercadomedicopr.com\/es\/wp-json\/wp\/v2\/product_tag?post=2019"}],"curies":[{"name":"wp","href":"https:\/\/api.w.org\/{rel}","templated":true}]}}