{"id":1890,"date":"2025-11-14T17:16:10","date_gmt":"2025-11-14T17:16:10","guid":{"rendered":"https:\/\/elsupermercadomedicopr.com\/?post_type=product&#038;p=1890"},"modified":"2025-11-25T18:10:10","modified_gmt":"2025-11-25T18:10:10","slug":"advocate-insulin-syringes-31g-1cc-516-100","status":"publish","type":"product","link":"https:\/\/elsupermercadomedicopr.com\/es\/product\/advocate-insulin-syringes-31g-1cc-516-100\/","title":{"rendered":"Advocate U-100 Insulin Syringes 31G 1cc 5\/16&#8243; \u2013 Caja de 100"},"content":{"rendered":"<p data-start=\"772\" data-end=\"1121\">Las Advocate U-100 Insulin Syringes 31G 1cc 5\/16&#8243; est\u00e1n dise\u00f1adas para ofrecer una administraci\u00f3n de insulina precisa, c\u00f3moda y segura. Fabricadas con acero quir\u00fargico de alta calidad, estas jeringas cuentan con agujas ultrafinas, lubricadas y afiladas con tecnolog\u00eda tri-bevel para minimizar la molestia durante la inyecci\u00f3n.<\/p>\n<p data-start=\"1123\" data-end=\"1375\">Las marcas de medici\u00f3n son claras, visibles y f\u00e1ciles de leer, lo que facilita dosis exactas incluso para pacientes con menor agudeza visual. Las jeringas tambi\u00e9n incluyen agarres laterales anchos que ofrecen mayor control y estabilidad durante el uso.<\/p>\n<p data-start=\"1377\" data-end=\"1576\">Cada jeringa es est\u00e9ril y est\u00e1 dise\u00f1ada para un solo uso, garantizando la m\u00e1xima higiene y seguridad. Son adecuadas tanto para adultos como para ni\u00f1os que requieren inyecciones regulares de insulina.<\/p>\n<p data-start=\"1578\" data-end=\"1940\">Caracter\u00edsticas<br data-start=\"1593\" data-end=\"1596\" \/>\u2022 Aguja 31G, fina y lubricada para mayor comodidad<br data-start=\"1646\" data-end=\"1649\" \/>\u2022 Longitud de aguja: 5\/16&#8243;<br data-start=\"1675\" data-end=\"1678\" \/>\u2022 Capacidad: 1cc (1mL)<br data-start=\"1700\" data-end=\"1703\" \/>\u2022 Acero quir\u00fargico de alta calidad<br data-start=\"1737\" data-end=\"1740\" \/>\u2022 Punta tri-bevel para penetraci\u00f3n suave<br data-start=\"1780\" data-end=\"1783\" \/>\u2022 Marcas claras y precisas<br data-start=\"1809\" data-end=\"1812\" \/>\u2022 Agarre lateral ancho<br data-start=\"1834\" data-end=\"1837\" \/>\u2022 Tapas protectoras del \u00e9mbolo y de la aguja<br data-start=\"1881\" data-end=\"1884\" \/>\u2022 Para un solo uso<br data-start=\"1902\" data-end=\"1905\" \/>\u2022 Caja con 100 jeringas est\u00e9riles<\/p>","protected":false},"excerpt":{"rendered":"<p data-start=\"547\" data-end=\"770\">Jeringas para insulina Advocate U-100 31G 1cc con aguja de 5\/16&#8243;, esterilizadas y de un solo uso. Fabricadas con acero quir\u00fargico para una aplicaci\u00f3n suave, segura y c\u00f3moda. Caja de 100 unidades.<\/p>\n<p data-start=\"772\" data-end=\"1121\">","protected":false},"featured_media":1891,"template":"","meta":[],"product_brand":[90],"product_cat":[40,45],"product_tag":[],"class_list":{"0":"post-1890","1":"product","2":"type-product","3":"status-publish","4":"has-post-thumbnail","6":"product_brand-advocate","7":"product_cat-cuidado-diabetico","8":"product_cat-jeringas-agujas-e-infusion","10":"first","11":"instock","12":"taxable","13":"shipping-taxable","14":"purchasable","15":"product-type-simple"},"yoast_head":"<!-- This site is optimized with the Yoast SEO plugin v27.4 - https:\/\/yoast.com\/product\/yoast-seo-wordpress\/ -->\n<title>Advocate U-100 Insulin Syringes 31G 1cc 5\/16&quot; \u2013 Caja de 100 &#8211; El Supermercado Medico<\/title>\n<meta name=\"description\" content=\"Jeringas para insulina Advocate U-100 31G 1cc 5\/16&quot;. Aguja ultrafina, acero quir\u00fargico, marcas claras y uso seguro. Caja de 100 jeringas est\u00e9riles, de un solo uso.\" \/>\n<meta name=\"robots\" content=\"index, follow, max-snippet:-1, max-image-preview:large, max-video-preview:-1\" \/>\n<link rel=\"canonical\" href=\"https:\/\/elsupermercadomedicopr.com\/es\/product\/advocate-insulin-syringes-31g-1cc-516-100\/\" \/>\n<meta property=\"og:locale\" content=\"es_ES\" \/>\n<meta property=\"og:type\" content=\"article\" \/>\n<meta property=\"og:title\" content=\"Advocate U-100 Insulin Syringes 31G 1cc 5\/16&quot; \u2013 Caja de 100 &#8211; El Supermercado Medico\" \/>\n<meta property=\"og:description\" content=\"Jeringas para insulina Advocate U-100 31G 1cc 5\/16&quot;. Aguja ultrafina, acero quir\u00fargico, marcas claras y uso seguro. Caja de 100 jeringas est\u00e9riles, de un solo uso.\" \/>\n<meta property=\"og:url\" content=\"https:\/\/elsupermercadomedicopr.com\/es\/product\/advocate-insulin-syringes-31g-1cc-516-100\/\" \/>\n<meta property=\"og:site_name\" content=\"El Supermercado Medico\" \/>\n<meta property=\"article:publisher\" content=\"https:\/\/www.facebook.com\/elsupermercadomedico\" \/>\n<meta property=\"article:modified_time\" content=\"2025-11-25T18:10:10+00:00\" \/>\n<meta property=\"og:image\" content=\"https:\/\/elsupermercadomedicopr.com\/wp-content\/uploads\/2025\/11\/image_2025-11-14_131500710.png\" \/>\n\t<meta property=\"og:image:width\" content=\"1279\" \/>\n\t<meta property=\"og:image:height\" content=\"1280\" \/>\n\t<meta property=\"og:image:type\" content=\"image\/png\" \/>\n<meta name=\"twitter:card\" content=\"summary_large_image\" \/>\n<meta name=\"twitter:label1\" content=\"Est. reading time\" \/>\n\t<meta name=\"twitter:data1\" content=\"1 minuto\" \/>\n<script type=\"application\/ld+json\" class=\"yoast-schema-graph\">{\"@context\":\"https:\\\/\\\/schema.org\",\"@graph\":[{\"@type\":\"WebPage\",\"@id\":\"https:\\\/\\\/elsupermercadomedicopr.com\\\/product\\\/advocate-insulin-syringes-31g-1cc-516-100\\\/\",\"url\":\"https:\\\/\\\/elsupermercadomedicopr.com\\\/product\\\/advocate-insulin-syringes-31g-1cc-516-100\\\/\",\"name\":\"Advocate U-100 Insulin Syringes 31G 1cc 5\\\/16\\\" \u2013 Caja de 100 &#8211; El Supermercado Medico\",\"isPartOf\":{\"@id\":\"http:\\\/\\\/elsupermercadomedicopr.com\\\/#website\"},\"primaryImageOfPage\":{\"@id\":\"https:\\\/\\\/elsupermercadomedicopr.com\\\/product\\\/advocate-insulin-syringes-31g-1cc-516-100\\\/#primaryimage\"},\"image\":{\"@id\":\"https:\\\/\\\/elsupermercadomedicopr.com\\\/product\\\/advocate-insulin-syringes-31g-1cc-516-100\\\/#primaryimage\"},\"thumbnailUrl\":\"https:\\\/\\\/elsupermercadomedicopr.com\\\/wp-content\\\/uploads\\\/2025\\\/11\\\/image_2025-11-14_131500710.png\",\"datePublished\":\"2025-11-14T17:16:10+00:00\",\"dateModified\":\"2025-11-25T18:10:10+00:00\",\"description\":\"Jeringas para insulina Advocate U-100 31G 1cc 5\\\/16\\\". Aguja ultrafina, acero quir\u00fargico, marcas claras y uso seguro. Caja de 100 jeringas est\u00e9riles, de un solo uso.\",\"breadcrumb\":{\"@id\":\"https:\\\/\\\/elsupermercadomedicopr.com\\\/product\\\/advocate-insulin-syringes-31g-1cc-516-100\\\/#breadcrumb\"},\"inLanguage\":\"es\",\"potentialAction\":[{\"@type\":\"ReadAction\",\"target\":[\"https:\\\/\\\/elsupermercadomedicopr.com\\\/product\\\/advocate-insulin-syringes-31g-1cc-516-100\\\/\"]}]},{\"@type\":\"ImageObject\",\"inLanguage\":\"es\",\"@id\":\"https:\\\/\\\/elsupermercadomedicopr.com\\\/product\\\/advocate-insulin-syringes-31g-1cc-516-100\\\/#primaryimage\",\"url\":\"https:\\\/\\\/elsupermercadomedicopr.com\\\/wp-content\\\/uploads\\\/2025\\\/11\\\/image_2025-11-14_131500710.png\",\"contentUrl\":\"https:\\\/\\\/elsupermercadomedicopr.com\\\/wp-content\\\/uploads\\\/2025\\\/11\\\/image_2025-11-14_131500710.png\",\"width\":1279,\"height\":1280},{\"@type\":\"BreadcrumbList\",\"@id\":\"https:\\\/\\\/elsupermercadomedicopr.com\\\/product\\\/advocate-insulin-syringes-31g-1cc-516-100\\\/#breadcrumb\",\"itemListElement\":[{\"@type\":\"ListItem\",\"position\":1,\"name\":\"Home\",\"item\":\"https:\\\/\\\/elsupermercadomedicopr.com\\\/\"},{\"@type\":\"ListItem\",\"position\":2,\"name\":\"Shop\",\"item\":\"https:\\\/\\\/elsupermercadomedicopr.com\\\/shop\\\/\"},{\"@type\":\"ListItem\",\"position\":3,\"name\":\"Advocate U-100 Insulin Syringes 31G 1cc 5\\\/16&#8243; \u2013 Caja de 100\"}]},{\"@type\":\"WebSite\",\"@id\":\"http:\\\/\\\/elsupermercadomedicopr.com\\\/#website\",\"url\":\"http:\\\/\\\/elsupermercadomedicopr.com\\\/\",\"name\":\"El Supermercado Medico\",\"description\":\"Tu alternativa en equipos m\u00e9dicos, sirviendo al profesional de la salud y al paciente convaleciente.\",\"publisher\":{\"@id\":\"http:\\\/\\\/elsupermercadomedicopr.com\\\/#organization\"},\"potentialAction\":[{\"@type\":\"SearchAction\",\"target\":{\"@type\":\"EntryPoint\",\"urlTemplate\":\"http:\\\/\\\/elsupermercadomedicopr.com\\\/?s={search_term_string}\"},\"query-input\":{\"@type\":\"PropertyValueSpecification\",\"valueRequired\":true,\"valueName\":\"search_term_string\"}}],\"inLanguage\":\"es\"},{\"@type\":\"Organization\",\"@id\":\"http:\\\/\\\/elsupermercadomedicopr.com\\\/#organization\",\"name\":\"El Supermercado Medico, Inc.\",\"url\":\"http:\\\/\\\/elsupermercadomedicopr.com\\\/\",\"logo\":{\"@type\":\"ImageObject\",\"inLanguage\":\"es\",\"@id\":\"http:\\\/\\\/elsupermercadomedicopr.com\\\/#\\\/schema\\\/logo\\\/image\\\/\",\"url\":\"https:\\\/\\\/elsupermercadomedicopr.com\\\/wp-content\\\/uploads\\\/2025\\\/11\\\/cropped-Untitled-design-5.png\",\"contentUrl\":\"https:\\\/\\\/elsupermercadomedicopr.com\\\/wp-content\\\/uploads\\\/2025\\\/11\\\/cropped-Untitled-design-5.png\",\"width\":512,\"height\":512,\"caption\":\"El Supermercado Medico, Inc.\"},\"image\":{\"@id\":\"http:\\\/\\\/elsupermercadomedicopr.com\\\/#\\\/schema\\\/logo\\\/image\\\/\"},\"sameAs\":[\"https:\\\/\\\/www.facebook.com\\\/elsupermercadomedico\"]}]}<\/script>\n<!-- \/ Yoast SEO plugin. -->","yoast_head_json":{"title":"Advocate U-100 Insulin Syringes 31G 1cc 5\/16\" \u2013 Caja de 100 &#8211; El Supermercado Medico","description":"Jeringas para insulina Advocate U-100 31G 1cc 5\/16\". Aguja ultrafina, acero quir\u00fargico, marcas claras y uso seguro. Caja de 100 jeringas est\u00e9riles, de un solo uso.","robots":{"index":"index","follow":"follow","max-snippet":"max-snippet:-1","max-image-preview":"max-image-preview:large","max-video-preview":"max-video-preview:-1"},"canonical":"https:\/\/elsupermercadomedicopr.com\/es\/product\/advocate-insulin-syringes-31g-1cc-516-100\/","og_locale":"es_ES","og_type":"article","og_title":"Advocate U-100 Insulin Syringes 31G 1cc 5\/16\" \u2013 Caja de 100 &#8211; El Supermercado Medico","og_description":"Jeringas para insulina Advocate U-100 31G 1cc 5\/16\". Aguja ultrafina, acero quir\u00fargico, marcas claras y uso seguro. Caja de 100 jeringas est\u00e9riles, de un solo uso.","og_url":"https:\/\/elsupermercadomedicopr.com\/es\/product\/advocate-insulin-syringes-31g-1cc-516-100\/","og_site_name":"El Supermercado Medico","article_publisher":"https:\/\/www.facebook.com\/elsupermercadomedico","article_modified_time":"2025-11-25T18:10:10+00:00","og_image":[{"width":1279,"height":1280,"url":"https:\/\/elsupermercadomedicopr.com\/wp-content\/uploads\/2025\/11\/image_2025-11-14_131500710.png","type":"image\/png"}],"twitter_card":"summary_large_image","twitter_misc":{"Est. reading time":"1 minuto"},"schema":{"@context":"https:\/\/schema.org","@graph":[{"@type":"WebPage","@id":"https:\/\/elsupermercadomedicopr.com\/product\/advocate-insulin-syringes-31g-1cc-516-100\/","url":"https:\/\/elsupermercadomedicopr.com\/product\/advocate-insulin-syringes-31g-1cc-516-100\/","name":"Advocate U-100 Insulin Syringes 31G 1cc 5\/16\" \u2013 Caja de 100 &#8211; El Supermercado Medico","isPartOf":{"@id":"http:\/\/elsupermercadomedicopr.com\/#website"},"primaryImageOfPage":{"@id":"https:\/\/elsupermercadomedicopr.com\/product\/advocate-insulin-syringes-31g-1cc-516-100\/#primaryimage"},"image":{"@id":"https:\/\/elsupermercadomedicopr.com\/product\/advocate-insulin-syringes-31g-1cc-516-100\/#primaryimage"},"thumbnailUrl":"https:\/\/elsupermercadomedicopr.com\/wp-content\/uploads\/2025\/11\/image_2025-11-14_131500710.png","datePublished":"2025-11-14T17:16:10+00:00","dateModified":"2025-11-25T18:10:10+00:00","description":"Jeringas para insulina Advocate U-100 31G 1cc 5\/16\". Aguja ultrafina, acero quir\u00fargico, marcas claras y uso seguro. Caja de 100 jeringas est\u00e9riles, de un solo uso.","breadcrumb":{"@id":"https:\/\/elsupermercadomedicopr.com\/product\/advocate-insulin-syringes-31g-1cc-516-100\/#breadcrumb"},"inLanguage":"es","potentialAction":[{"@type":"ReadAction","target":["https:\/\/elsupermercadomedicopr.com\/product\/advocate-insulin-syringes-31g-1cc-516-100\/"]}]},{"@type":"ImageObject","inLanguage":"es","@id":"https:\/\/elsupermercadomedicopr.com\/product\/advocate-insulin-syringes-31g-1cc-516-100\/#primaryimage","url":"https:\/\/elsupermercadomedicopr.com\/wp-content\/uploads\/2025\/11\/image_2025-11-14_131500710.png","contentUrl":"https:\/\/elsupermercadomedicopr.com\/wp-content\/uploads\/2025\/11\/image_2025-11-14_131500710.png","width":1279,"height":1280},{"@type":"BreadcrumbList","@id":"https:\/\/elsupermercadomedicopr.com\/product\/advocate-insulin-syringes-31g-1cc-516-100\/#breadcrumb","itemListElement":[{"@type":"ListItem","position":1,"name":"Home","item":"https:\/\/elsupermercadomedicopr.com\/"},{"@type":"ListItem","position":2,"name":"Shop","item":"https:\/\/elsupermercadomedicopr.com\/shop\/"},{"@type":"ListItem","position":3,"name":"Advocate U-100 Insulin Syringes 31G 1cc 5\/16&#8243; \u2013 Caja de 100"}]},{"@type":"WebSite","@id":"http:\/\/elsupermercadomedicopr.com\/#website","url":"http:\/\/elsupermercadomedicopr.com\/","name":"El Supermercado Medico","description":"Tu alternativa en equipos m\u00e9dicos, sirviendo al profesional de la salud y al paciente convaleciente.","publisher":{"@id":"http:\/\/elsupermercadomedicopr.com\/#organization"},"potentialAction":[{"@type":"SearchAction","target":{"@type":"EntryPoint","urlTemplate":"http:\/\/elsupermercadomedicopr.com\/?s={search_term_string}"},"query-input":{"@type":"PropertyValueSpecification","valueRequired":true,"valueName":"search_term_string"}}],"inLanguage":"es"},{"@type":"Organization","@id":"http:\/\/elsupermercadomedicopr.com\/#organization","name":"El Supermercado Medico, Inc.","url":"http:\/\/elsupermercadomedicopr.com\/","logo":{"@type":"ImageObject","inLanguage":"es","@id":"http:\/\/elsupermercadomedicopr.com\/#\/schema\/logo\/image\/","url":"https:\/\/elsupermercadomedicopr.com\/wp-content\/uploads\/2025\/11\/cropped-Untitled-design-5.png","contentUrl":"https:\/\/elsupermercadomedicopr.com\/wp-content\/uploads\/2025\/11\/cropped-Untitled-design-5.png","width":512,"height":512,"caption":"El Supermercado Medico, Inc."},"image":{"@id":"http:\/\/elsupermercadomedicopr.com\/#\/schema\/logo\/image\/"},"sameAs":["https:\/\/www.facebook.com\/elsupermercadomedico"]}]}},"_links":{"self":[{"href":"https:\/\/elsupermercadomedicopr.com\/es\/wp-json\/wp\/v2\/product\/1890","targetHints":{"allow":["GET"]}}],"collection":[{"href":"https:\/\/elsupermercadomedicopr.com\/es\/wp-json\/wp\/v2\/product"}],"about":[{"href":"https:\/\/elsupermercadomedicopr.com\/es\/wp-json\/wp\/v2\/types\/product"}],"wp:featuredmedia":[{"embeddable":true,"href":"https:\/\/elsupermercadomedicopr.com\/es\/wp-json\/wp\/v2\/media\/1891"}],"wp:attachment":[{"href":"https:\/\/elsupermercadomedicopr.com\/es\/wp-json\/wp\/v2\/media?parent=1890"}],"wp:term":[{"taxonomy":"product_brand","embeddable":true,"href":"https:\/\/elsupermercadomedicopr.com\/es\/wp-json\/wp\/v2\/product_brand?post=1890"},{"taxonomy":"product_cat","embeddable":true,"href":"https:\/\/elsupermercadomedicopr.com\/es\/wp-json\/wp\/v2\/product_cat?post=1890"},{"taxonomy":"product_tag","embeddable":true,"href":"https:\/\/elsupermercadomedicopr.com\/es\/wp-json\/wp\/v2\/product_tag?post=1890"}],"curies":[{"name":"wp","href":"https:\/\/api.w.org\/{rel}","templated":true}]}}