{"id":1863,"date":"2025-11-14T03:42:56","date_gmt":"2025-11-14T03:42:56","guid":{"rendered":"https:\/\/elsupermercadomedicopr.com\/?post_type=product&#038;p=1863"},"modified":"2025-11-21T02:58:10","modified_gmt":"2025-11-21T02:58:10","slug":"plastic-bandages-assorted-80","status":"publish","type":"product","link":"https:\/\/elsupermercadomedicopr.com\/es\/product\/plastic-bandages-assorted-80\/","title":{"rendered":"Plastic Bandages, Assorted Sizes, 80 Count"},"content":{"rendered":"<p data-start=\"538\" data-end=\"830\">Los Plastic Bandages Assorted Sizes, 80 count, est\u00e1n dise\u00f1ados para ofrecer protecci\u00f3n pr\u00e1ctica y confiable para heridas menores en el uso diario. Cada vendita cuenta con una almohadilla no adherente que protege la zona sin interferir con el proceso de cicatrizaci\u00f3n.<\/p>\n<p data-start=\"832\" data-end=\"1088\">El sellado de cuatro lados protege la herida al evitar la entrada de suciedad y g\u00e9rmenes, manteniendo la zona limpia y segura. Su almohadilla es dos veces m\u00e1s absorbente que su peso en seco, brindando mayor control de humedad para una mejor recuperaci\u00f3n.<\/p>\n<p data-start=\"1090\" data-end=\"1256\">Fabricados sin l\u00e1tex natural, son adecuados para personas con piel sensible o alergias. Perfectos para el hogar, oficinas, escuelas o botiquines de primeros auxilios.<\/p>\n<p data-start=\"1258\" data-end=\"1498\">Caracter\u00edsticas<br data-start=\"1273\" data-end=\"1276\" \/>\u2022 Dise\u00f1o para protecci\u00f3n diaria<br data-start=\"1307\" data-end=\"1310\" \/>\u2022 Almohadilla no adherente<br data-start=\"1336\" data-end=\"1339\" \/>\u2022 Sellado de 4 lados para evitar contaminaci\u00f3n<br data-start=\"1385\" data-end=\"1388\" \/>\u2022 Almohadilla 2X m\u00e1s absorbente<br data-start=\"1419\" data-end=\"1422\" \/>\u2022 Material libre de l\u00e1tex<br data-start=\"1447\" data-end=\"1450\" \/>\u2022 Tama\u00f1os surtidos<\/p>","protected":false},"excerpt":{"rendered":"<p data-start=\"353\" data-end=\"536\">Plastic bandages en tama\u00f1os surtidos para protecci\u00f3n diaria. Con almohadilla no adherente, sellado de 4 lados y material sin l\u00e1tex. Paquete de 80 unidades.<\/p>\n<p data-start=\"538\" data-end=\"830\">","protected":false},"featured_media":1864,"template":"","meta":[],"product_brand":[96],"product_cat":[15],"product_tag":[],"class_list":{"0":"post-1863","1":"product","2":"type-product","3":"status-publish","4":"has-post-thumbnail","6":"product_brand-curad","7":"product_cat-cuidado_personal","9":"first","10":"instock","11":"taxable","12":"shipping-taxable","13":"purchasable","14":"product-type-simple"},"yoast_head":"<!-- This site is optimized with the Yoast SEO plugin v27.4 - https:\/\/yoast.com\/product\/yoast-seo-wordpress\/ -->\n<title>Plastic Bandages, Assorted Sizes, 80 Count &#8211; El Supermercado Medico<\/title>\n<meta name=\"description\" content=\"Plastic bandages surtidos, 80 unidades. Venditas con almohadilla no adherente, sellado de 4 lados y sin l\u00e1tex. Protecci\u00f3n diaria para heridas menores.\" \/>\n<meta name=\"robots\" content=\"index, follow, max-snippet:-1, max-image-preview:large, max-video-preview:-1\" \/>\n<link rel=\"canonical\" href=\"https:\/\/elsupermercadomedicopr.com\/es\/product\/plastic-bandages-assorted-80\/\" \/>\n<meta property=\"og:locale\" content=\"es_ES\" \/>\n<meta property=\"og:type\" content=\"article\" \/>\n<meta property=\"og:title\" content=\"Plastic Bandages, Assorted Sizes, 80 Count &#8211; El Supermercado Medico\" \/>\n<meta property=\"og:description\" content=\"Plastic bandages surtidos, 80 unidades. Venditas con almohadilla no adherente, sellado de 4 lados y sin l\u00e1tex. Protecci\u00f3n diaria para heridas menores.\" \/>\n<meta property=\"og:url\" content=\"https:\/\/elsupermercadomedicopr.com\/es\/product\/plastic-bandages-assorted-80\/\" \/>\n<meta property=\"og:site_name\" content=\"El Supermercado Medico\" \/>\n<meta property=\"article:publisher\" content=\"https:\/\/www.facebook.com\/elsupermercadomedico\" \/>\n<meta property=\"article:modified_time\" content=\"2025-11-21T02:58:10+00:00\" \/>\n<meta property=\"og:image\" content=\"https:\/\/elsupermercadomedicopr.com\/wp-content\/uploads\/2025\/11\/image_2025-11-13_234247028.png\" \/>\n\t<meta property=\"og:image:width\" content=\"500\" \/>\n\t<meta property=\"og:image:height\" content=\"550\" \/>\n\t<meta property=\"og:image:type\" content=\"image\/png\" \/>\n<meta name=\"twitter:card\" content=\"summary_large_image\" \/>\n<meta name=\"twitter:label1\" content=\"Est. reading time\" \/>\n\t<meta name=\"twitter:data1\" content=\"1 minuto\" \/>\n<script type=\"application\/ld+json\" class=\"yoast-schema-graph\">{\"@context\":\"https:\\\/\\\/schema.org\",\"@graph\":[{\"@type\":\"WebPage\",\"@id\":\"https:\\\/\\\/elsupermercadomedicopr.com\\\/product\\\/plastic-bandages-assorted-80\\\/\",\"url\":\"https:\\\/\\\/elsupermercadomedicopr.com\\\/product\\\/plastic-bandages-assorted-80\\\/\",\"name\":\"Plastic Bandages, Assorted Sizes, 80 Count &#8211; El Supermercado Medico\",\"isPartOf\":{\"@id\":\"http:\\\/\\\/elsupermercadomedicopr.com\\\/#website\"},\"primaryImageOfPage\":{\"@id\":\"https:\\\/\\\/elsupermercadomedicopr.com\\\/product\\\/plastic-bandages-assorted-80\\\/#primaryimage\"},\"image\":{\"@id\":\"https:\\\/\\\/elsupermercadomedicopr.com\\\/product\\\/plastic-bandages-assorted-80\\\/#primaryimage\"},\"thumbnailUrl\":\"https:\\\/\\\/elsupermercadomedicopr.com\\\/wp-content\\\/uploads\\\/2025\\\/11\\\/image_2025-11-13_234247028.png\",\"datePublished\":\"2025-11-14T03:42:56+00:00\",\"dateModified\":\"2025-11-21T02:58:10+00:00\",\"description\":\"Plastic bandages surtidos, 80 unidades. Venditas con almohadilla no adherente, sellado de 4 lados y sin l\u00e1tex. Protecci\u00f3n diaria para heridas menores.\",\"breadcrumb\":{\"@id\":\"https:\\\/\\\/elsupermercadomedicopr.com\\\/product\\\/plastic-bandages-assorted-80\\\/#breadcrumb\"},\"inLanguage\":\"es\",\"potentialAction\":[{\"@type\":\"ReadAction\",\"target\":[\"https:\\\/\\\/elsupermercadomedicopr.com\\\/product\\\/plastic-bandages-assorted-80\\\/\"]}]},{\"@type\":\"ImageObject\",\"inLanguage\":\"es\",\"@id\":\"https:\\\/\\\/elsupermercadomedicopr.com\\\/product\\\/plastic-bandages-assorted-80\\\/#primaryimage\",\"url\":\"https:\\\/\\\/elsupermercadomedicopr.com\\\/wp-content\\\/uploads\\\/2025\\\/11\\\/image_2025-11-13_234247028.png\",\"contentUrl\":\"https:\\\/\\\/elsupermercadomedicopr.com\\\/wp-content\\\/uploads\\\/2025\\\/11\\\/image_2025-11-13_234247028.png\",\"width\":500,\"height\":550},{\"@type\":\"BreadcrumbList\",\"@id\":\"https:\\\/\\\/elsupermercadomedicopr.com\\\/product\\\/plastic-bandages-assorted-80\\\/#breadcrumb\",\"itemListElement\":[{\"@type\":\"ListItem\",\"position\":1,\"name\":\"Home\",\"item\":\"https:\\\/\\\/elsupermercadomedicopr.com\\\/\"},{\"@type\":\"ListItem\",\"position\":2,\"name\":\"Shop\",\"item\":\"https:\\\/\\\/elsupermercadomedicopr.com\\\/shop\\\/\"},{\"@type\":\"ListItem\",\"position\":3,\"name\":\"Plastic Bandages, Assorted Sizes, 80 Count\"}]},{\"@type\":\"WebSite\",\"@id\":\"http:\\\/\\\/elsupermercadomedicopr.com\\\/#website\",\"url\":\"http:\\\/\\\/elsupermercadomedicopr.com\\\/\",\"name\":\"El Supermercado Medico\",\"description\":\"Tu alternativa en equipos m\u00e9dicos, sirviendo al profesional de la salud y al paciente convaleciente.\",\"publisher\":{\"@id\":\"http:\\\/\\\/elsupermercadomedicopr.com\\\/#organization\"},\"potentialAction\":[{\"@type\":\"SearchAction\",\"target\":{\"@type\":\"EntryPoint\",\"urlTemplate\":\"http:\\\/\\\/elsupermercadomedicopr.com\\\/?s={search_term_string}\"},\"query-input\":{\"@type\":\"PropertyValueSpecification\",\"valueRequired\":true,\"valueName\":\"search_term_string\"}}],\"inLanguage\":\"es\"},{\"@type\":\"Organization\",\"@id\":\"http:\\\/\\\/elsupermercadomedicopr.com\\\/#organization\",\"name\":\"El Supermercado Medico, Inc.\",\"url\":\"http:\\\/\\\/elsupermercadomedicopr.com\\\/\",\"logo\":{\"@type\":\"ImageObject\",\"inLanguage\":\"es\",\"@id\":\"http:\\\/\\\/elsupermercadomedicopr.com\\\/#\\\/schema\\\/logo\\\/image\\\/\",\"url\":\"https:\\\/\\\/elsupermercadomedicopr.com\\\/wp-content\\\/uploads\\\/2025\\\/11\\\/cropped-Untitled-design-5.png\",\"contentUrl\":\"https:\\\/\\\/elsupermercadomedicopr.com\\\/wp-content\\\/uploads\\\/2025\\\/11\\\/cropped-Untitled-design-5.png\",\"width\":512,\"height\":512,\"caption\":\"El Supermercado Medico, Inc.\"},\"image\":{\"@id\":\"http:\\\/\\\/elsupermercadomedicopr.com\\\/#\\\/schema\\\/logo\\\/image\\\/\"},\"sameAs\":[\"https:\\\/\\\/www.facebook.com\\\/elsupermercadomedico\"]}]}<\/script>\n<!-- \/ Yoast SEO plugin. -->","yoast_head_json":{"title":"Plastic Bandages, Assorted Sizes, 80 Count &#8211; El Supermercado Medico","description":"Plastic bandages surtidos, 80 unidades. Venditas con almohadilla no adherente, sellado de 4 lados y sin l\u00e1tex. Protecci\u00f3n diaria para heridas menores.","robots":{"index":"index","follow":"follow","max-snippet":"max-snippet:-1","max-image-preview":"max-image-preview:large","max-video-preview":"max-video-preview:-1"},"canonical":"https:\/\/elsupermercadomedicopr.com\/es\/product\/plastic-bandages-assorted-80\/","og_locale":"es_ES","og_type":"article","og_title":"Plastic Bandages, Assorted Sizes, 80 Count &#8211; El Supermercado Medico","og_description":"Plastic bandages surtidos, 80 unidades. Venditas con almohadilla no adherente, sellado de 4 lados y sin l\u00e1tex. Protecci\u00f3n diaria para heridas menores.","og_url":"https:\/\/elsupermercadomedicopr.com\/es\/product\/plastic-bandages-assorted-80\/","og_site_name":"El Supermercado Medico","article_publisher":"https:\/\/www.facebook.com\/elsupermercadomedico","article_modified_time":"2025-11-21T02:58:10+00:00","og_image":[{"width":500,"height":550,"url":"https:\/\/elsupermercadomedicopr.com\/wp-content\/uploads\/2025\/11\/image_2025-11-13_234247028.png","type":"image\/png"}],"twitter_card":"summary_large_image","twitter_misc":{"Est. reading time":"1 minuto"},"schema":{"@context":"https:\/\/schema.org","@graph":[{"@type":"WebPage","@id":"https:\/\/elsupermercadomedicopr.com\/product\/plastic-bandages-assorted-80\/","url":"https:\/\/elsupermercadomedicopr.com\/product\/plastic-bandages-assorted-80\/","name":"Plastic Bandages, Assorted Sizes, 80 Count &#8211; El Supermercado Medico","isPartOf":{"@id":"http:\/\/elsupermercadomedicopr.com\/#website"},"primaryImageOfPage":{"@id":"https:\/\/elsupermercadomedicopr.com\/product\/plastic-bandages-assorted-80\/#primaryimage"},"image":{"@id":"https:\/\/elsupermercadomedicopr.com\/product\/plastic-bandages-assorted-80\/#primaryimage"},"thumbnailUrl":"https:\/\/elsupermercadomedicopr.com\/wp-content\/uploads\/2025\/11\/image_2025-11-13_234247028.png","datePublished":"2025-11-14T03:42:56+00:00","dateModified":"2025-11-21T02:58:10+00:00","description":"Plastic bandages surtidos, 80 unidades. Venditas con almohadilla no adherente, sellado de 4 lados y sin l\u00e1tex. Protecci\u00f3n diaria para heridas menores.","breadcrumb":{"@id":"https:\/\/elsupermercadomedicopr.com\/product\/plastic-bandages-assorted-80\/#breadcrumb"},"inLanguage":"es","potentialAction":[{"@type":"ReadAction","target":["https:\/\/elsupermercadomedicopr.com\/product\/plastic-bandages-assorted-80\/"]}]},{"@type":"ImageObject","inLanguage":"es","@id":"https:\/\/elsupermercadomedicopr.com\/product\/plastic-bandages-assorted-80\/#primaryimage","url":"https:\/\/elsupermercadomedicopr.com\/wp-content\/uploads\/2025\/11\/image_2025-11-13_234247028.png","contentUrl":"https:\/\/elsupermercadomedicopr.com\/wp-content\/uploads\/2025\/11\/image_2025-11-13_234247028.png","width":500,"height":550},{"@type":"BreadcrumbList","@id":"https:\/\/elsupermercadomedicopr.com\/product\/plastic-bandages-assorted-80\/#breadcrumb","itemListElement":[{"@type":"ListItem","position":1,"name":"Home","item":"https:\/\/elsupermercadomedicopr.com\/"},{"@type":"ListItem","position":2,"name":"Shop","item":"https:\/\/elsupermercadomedicopr.com\/shop\/"},{"@type":"ListItem","position":3,"name":"Plastic Bandages, Assorted Sizes, 80 Count"}]},{"@type":"WebSite","@id":"http:\/\/elsupermercadomedicopr.com\/#website","url":"http:\/\/elsupermercadomedicopr.com\/","name":"El Supermercado Medico","description":"Tu alternativa en equipos m\u00e9dicos, sirviendo al profesional de la salud y al paciente convaleciente.","publisher":{"@id":"http:\/\/elsupermercadomedicopr.com\/#organization"},"potentialAction":[{"@type":"SearchAction","target":{"@type":"EntryPoint","urlTemplate":"http:\/\/elsupermercadomedicopr.com\/?s={search_term_string}"},"query-input":{"@type":"PropertyValueSpecification","valueRequired":true,"valueName":"search_term_string"}}],"inLanguage":"es"},{"@type":"Organization","@id":"http:\/\/elsupermercadomedicopr.com\/#organization","name":"El Supermercado Medico, Inc.","url":"http:\/\/elsupermercadomedicopr.com\/","logo":{"@type":"ImageObject","inLanguage":"es","@id":"http:\/\/elsupermercadomedicopr.com\/#\/schema\/logo\/image\/","url":"https:\/\/elsupermercadomedicopr.com\/wp-content\/uploads\/2025\/11\/cropped-Untitled-design-5.png","contentUrl":"https:\/\/elsupermercadomedicopr.com\/wp-content\/uploads\/2025\/11\/cropped-Untitled-design-5.png","width":512,"height":512,"caption":"El Supermercado Medico, Inc."},"image":{"@id":"http:\/\/elsupermercadomedicopr.com\/#\/schema\/logo\/image\/"},"sameAs":["https:\/\/www.facebook.com\/elsupermercadomedico"]}]}},"_links":{"self":[{"href":"https:\/\/elsupermercadomedicopr.com\/es\/wp-json\/wp\/v2\/product\/1863","targetHints":{"allow":["GET"]}}],"collection":[{"href":"https:\/\/elsupermercadomedicopr.com\/es\/wp-json\/wp\/v2\/product"}],"about":[{"href":"https:\/\/elsupermercadomedicopr.com\/es\/wp-json\/wp\/v2\/types\/product"}],"wp:featuredmedia":[{"embeddable":true,"href":"https:\/\/elsupermercadomedicopr.com\/es\/wp-json\/wp\/v2\/media\/1864"}],"wp:attachment":[{"href":"https:\/\/elsupermercadomedicopr.com\/es\/wp-json\/wp\/v2\/media?parent=1863"}],"wp:term":[{"taxonomy":"product_brand","embeddable":true,"href":"https:\/\/elsupermercadomedicopr.com\/es\/wp-json\/wp\/v2\/product_brand?post=1863"},{"taxonomy":"product_cat","embeddable":true,"href":"https:\/\/elsupermercadomedicopr.com\/es\/wp-json\/wp\/v2\/product_cat?post=1863"},{"taxonomy":"product_tag","embeddable":true,"href":"https:\/\/elsupermercadomedicopr.com\/es\/wp-json\/wp\/v2\/product_tag?post=1863"}],"curies":[{"name":"wp","href":"https:\/\/api.w.org\/{rel}","templated":true}]}}