{"id":1861,"date":"2025-11-14T03:41:31","date_gmt":"2025-11-14T03:41:31","guid":{"rendered":"https:\/\/elsupermercadomedicopr.com\/?post_type=product&#038;p=1861"},"modified":"2025-11-21T02:58:10","modified_gmt":"2025-11-21T02:58:10","slug":"plastic-strip-bandages-75x3-60ct","status":"publish","type":"product","link":"https:\/\/elsupermercadomedicopr.com\/es\/product\/plastic-strip-bandages-75x3-60ct\/","title":{"rendered":"Plastic Strip Bandages, .75\u2033 x 3\u2033, 60 count"},"content":{"rendered":"<p data-start=\"622\" data-end=\"1402\">Los Plastic Strip Bandages de 0.75\u2033 x 3\u2033, en presentaci\u00f3n de 60 unidades, est\u00e1n dise\u00f1ados para ofrecer protecci\u00f3n confiable en heridas peque\u00f1as. Son una opci\u00f3n pr\u00e1ctica para uso diario, ya sea en el hogar, la oficina o entornos cl\u00ednicos.<br data-start=\"883\" data-end=\"886\" \/>Su almohadilla central no adherente evita que la herida se irrite o se interrumpa el proceso de cicatrizaci\u00f3n al retirar el vendaje. Cada bandita incluye un sellado completo de 4 lados que mantiene fuera la suciedad, bacterias y humedad, promoviendo un entorno m\u00e1s limpio para la recuperaci\u00f3n.<br data-start=\"1179\" data-end=\"1182\" \/>La almohadilla interna es dos veces m\u00e1s absorbente que su peso en seco, permitiendo manejar mejor el exudado en heridas leves. No est\u00e1n fabricados con l\u00e1tex de caucho natural, haci\u00e9ndolos seguros para pieles sensibles.<\/p>\n<p data-start=\"1404\" data-end=\"1588\">Especificaciones:<br data-start=\"1421\" data-end=\"1424\" \/>\u2022 Tama\u00f1o: 0.75\u2033 x 3\u2033<br data-start=\"1444\" data-end=\"1447\" \/>\u2022 Cantidad: 60 unidades<br data-start=\"1470\" data-end=\"1473\" \/>\u2022 No contienen l\u00e1tex<br data-start=\"1493\" data-end=\"1496\" \/>\u2022 Almohadilla no adherente<br data-start=\"1522\" data-end=\"1525\" \/>\u2022 Sellado de 4 lados<br data-start=\"1545\" data-end=\"1548\" \/>\u2022 2x m\u00e1s absorbentes que su peso en seco<\/p>","protected":false},"excerpt":{"rendered":"<p data-start=\"303\" data-end=\"620\">Plastic strip bandages de 0.75&#8243; x 3&#8243;, paquete de 60 unidades. Protecci\u00f3n diaria, almohadilla no adherente y sellado de 4 lados para mantener la herida limpia.<\/p>\n<p data-start=\"622\" data-end=\"1402\">","protected":false},"featured_media":1862,"template":"","meta":[],"product_brand":[96],"product_cat":[15],"product_tag":[],"class_list":{"0":"post-1861","1":"product","2":"type-product","3":"status-publish","4":"has-post-thumbnail","6":"product_brand-curad","7":"product_cat-cuidado_personal","9":"first","10":"instock","11":"taxable","12":"shipping-taxable","13":"purchasable","14":"product-type-simple"},"yoast_head":"<!-- This site is optimized with the Yoast SEO plugin v27.4 - https:\/\/yoast.com\/product\/yoast-seo-wordpress\/ -->\n<title>Plastic Strip Bandages, .75\u2033 x 3\u2033, 60 count &#8211; El Supermercado Medico<\/title>\n<meta name=\"description\" content=\"Plastic strip bandages 0.75\u2033 x 3\u2033, paquete de 60. Almohadilla no adherente, sellado de 4 lados y 2x absorci\u00f3n. Vendajes seguros, sin l\u00e1tex, ideales para heridas peque\u00f1as.\" \/>\n<meta name=\"robots\" content=\"index, follow, max-snippet:-1, max-image-preview:large, max-video-preview:-1\" \/>\n<link rel=\"canonical\" href=\"https:\/\/elsupermercadomedicopr.com\/es\/product\/plastic-strip-bandages-75x3-60ct\/\" \/>\n<meta property=\"og:locale\" content=\"es_ES\" \/>\n<meta property=\"og:type\" content=\"article\" \/>\n<meta property=\"og:title\" content=\"Plastic Strip Bandages, .75\u2033 x 3\u2033, 60 count &#8211; El Supermercado Medico\" \/>\n<meta property=\"og:description\" content=\"Plastic strip bandages 0.75\u2033 x 3\u2033, paquete de 60. Almohadilla no adherente, sellado de 4 lados y 2x absorci\u00f3n. Vendajes seguros, sin l\u00e1tex, ideales para heridas peque\u00f1as.\" \/>\n<meta property=\"og:url\" content=\"https:\/\/elsupermercadomedicopr.com\/es\/product\/plastic-strip-bandages-75x3-60ct\/\" \/>\n<meta property=\"og:site_name\" content=\"El Supermercado Medico\" \/>\n<meta property=\"article:publisher\" content=\"https:\/\/www.facebook.com\/elsupermercadomedico\" \/>\n<meta property=\"article:modified_time\" content=\"2025-11-21T02:58:10+00:00\" \/>\n<meta property=\"og:image\" content=\"https:\/\/elsupermercadomedicopr.com\/wp-content\/uploads\/2025\/11\/image_2025-11-13_234120367.png\" \/>\n\t<meta property=\"og:image:width\" content=\"500\" \/>\n\t<meta property=\"og:image:height\" content=\"550\" \/>\n\t<meta property=\"og:image:type\" content=\"image\/png\" \/>\n<meta name=\"twitter:card\" content=\"summary_large_image\" \/>\n<meta name=\"twitter:label1\" content=\"Est. reading time\" \/>\n\t<meta name=\"twitter:data1\" content=\"1 minuto\" \/>\n<script type=\"application\/ld+json\" class=\"yoast-schema-graph\">{\"@context\":\"https:\\\/\\\/schema.org\",\"@graph\":[{\"@type\":\"WebPage\",\"@id\":\"https:\\\/\\\/elsupermercadomedicopr.com\\\/product\\\/plastic-strip-bandages-75x3-60ct\\\/\",\"url\":\"https:\\\/\\\/elsupermercadomedicopr.com\\\/product\\\/plastic-strip-bandages-75x3-60ct\\\/\",\"name\":\"Plastic Strip Bandages, .75\u2033 x 3\u2033, 60 count &#8211; El Supermercado Medico\",\"isPartOf\":{\"@id\":\"http:\\\/\\\/elsupermercadomedicopr.com\\\/#website\"},\"primaryImageOfPage\":{\"@id\":\"https:\\\/\\\/elsupermercadomedicopr.com\\\/product\\\/plastic-strip-bandages-75x3-60ct\\\/#primaryimage\"},\"image\":{\"@id\":\"https:\\\/\\\/elsupermercadomedicopr.com\\\/product\\\/plastic-strip-bandages-75x3-60ct\\\/#primaryimage\"},\"thumbnailUrl\":\"https:\\\/\\\/elsupermercadomedicopr.com\\\/wp-content\\\/uploads\\\/2025\\\/11\\\/image_2025-11-13_234120367.png\",\"datePublished\":\"2025-11-14T03:41:31+00:00\",\"dateModified\":\"2025-11-21T02:58:10+00:00\",\"description\":\"Plastic strip bandages 0.75\u2033 x 3\u2033, paquete de 60. Almohadilla no adherente, sellado de 4 lados y 2x absorci\u00f3n. Vendajes seguros, sin l\u00e1tex, ideales para heridas peque\u00f1as.\",\"breadcrumb\":{\"@id\":\"https:\\\/\\\/elsupermercadomedicopr.com\\\/product\\\/plastic-strip-bandages-75x3-60ct\\\/#breadcrumb\"},\"inLanguage\":\"es\",\"potentialAction\":[{\"@type\":\"ReadAction\",\"target\":[\"https:\\\/\\\/elsupermercadomedicopr.com\\\/product\\\/plastic-strip-bandages-75x3-60ct\\\/\"]}]},{\"@type\":\"ImageObject\",\"inLanguage\":\"es\",\"@id\":\"https:\\\/\\\/elsupermercadomedicopr.com\\\/product\\\/plastic-strip-bandages-75x3-60ct\\\/#primaryimage\",\"url\":\"https:\\\/\\\/elsupermercadomedicopr.com\\\/wp-content\\\/uploads\\\/2025\\\/11\\\/image_2025-11-13_234120367.png\",\"contentUrl\":\"https:\\\/\\\/elsupermercadomedicopr.com\\\/wp-content\\\/uploads\\\/2025\\\/11\\\/image_2025-11-13_234120367.png\",\"width\":500,\"height\":550},{\"@type\":\"BreadcrumbList\",\"@id\":\"https:\\\/\\\/elsupermercadomedicopr.com\\\/product\\\/plastic-strip-bandages-75x3-60ct\\\/#breadcrumb\",\"itemListElement\":[{\"@type\":\"ListItem\",\"position\":1,\"name\":\"Home\",\"item\":\"https:\\\/\\\/elsupermercadomedicopr.com\\\/\"},{\"@type\":\"ListItem\",\"position\":2,\"name\":\"Shop\",\"item\":\"https:\\\/\\\/elsupermercadomedicopr.com\\\/shop\\\/\"},{\"@type\":\"ListItem\",\"position\":3,\"name\":\"Plastic Strip Bandages, .75\u2033 x 3\u2033, 60 count\"}]},{\"@type\":\"WebSite\",\"@id\":\"http:\\\/\\\/elsupermercadomedicopr.com\\\/#website\",\"url\":\"http:\\\/\\\/elsupermercadomedicopr.com\\\/\",\"name\":\"El Supermercado Medico\",\"description\":\"Tu alternativa en equipos m\u00e9dicos, sirviendo al profesional de la salud y al paciente convaleciente.\",\"publisher\":{\"@id\":\"http:\\\/\\\/elsupermercadomedicopr.com\\\/#organization\"},\"potentialAction\":[{\"@type\":\"SearchAction\",\"target\":{\"@type\":\"EntryPoint\",\"urlTemplate\":\"http:\\\/\\\/elsupermercadomedicopr.com\\\/?s={search_term_string}\"},\"query-input\":{\"@type\":\"PropertyValueSpecification\",\"valueRequired\":true,\"valueName\":\"search_term_string\"}}],\"inLanguage\":\"es\"},{\"@type\":\"Organization\",\"@id\":\"http:\\\/\\\/elsupermercadomedicopr.com\\\/#organization\",\"name\":\"El Supermercado Medico, Inc.\",\"url\":\"http:\\\/\\\/elsupermercadomedicopr.com\\\/\",\"logo\":{\"@type\":\"ImageObject\",\"inLanguage\":\"es\",\"@id\":\"http:\\\/\\\/elsupermercadomedicopr.com\\\/#\\\/schema\\\/logo\\\/image\\\/\",\"url\":\"https:\\\/\\\/elsupermercadomedicopr.com\\\/wp-content\\\/uploads\\\/2025\\\/11\\\/cropped-Untitled-design-5.png\",\"contentUrl\":\"https:\\\/\\\/elsupermercadomedicopr.com\\\/wp-content\\\/uploads\\\/2025\\\/11\\\/cropped-Untitled-design-5.png\",\"width\":512,\"height\":512,\"caption\":\"El Supermercado Medico, Inc.\"},\"image\":{\"@id\":\"http:\\\/\\\/elsupermercadomedicopr.com\\\/#\\\/schema\\\/logo\\\/image\\\/\"},\"sameAs\":[\"https:\\\/\\\/www.facebook.com\\\/elsupermercadomedico\"]}]}<\/script>\n<!-- \/ Yoast SEO plugin. -->","yoast_head_json":{"title":"Plastic Strip Bandages, .75\u2033 x 3\u2033, 60 count &#8211; El Supermercado Medico","description":"Plastic strip bandages 0.75\u2033 x 3\u2033, paquete de 60. Almohadilla no adherente, sellado de 4 lados y 2x absorci\u00f3n. Vendajes seguros, sin l\u00e1tex, ideales para heridas peque\u00f1as.","robots":{"index":"index","follow":"follow","max-snippet":"max-snippet:-1","max-image-preview":"max-image-preview:large","max-video-preview":"max-video-preview:-1"},"canonical":"https:\/\/elsupermercadomedicopr.com\/es\/product\/plastic-strip-bandages-75x3-60ct\/","og_locale":"es_ES","og_type":"article","og_title":"Plastic Strip Bandages, .75\u2033 x 3\u2033, 60 count &#8211; El Supermercado Medico","og_description":"Plastic strip bandages 0.75\u2033 x 3\u2033, paquete de 60. Almohadilla no adherente, sellado de 4 lados y 2x absorci\u00f3n. Vendajes seguros, sin l\u00e1tex, ideales para heridas peque\u00f1as.","og_url":"https:\/\/elsupermercadomedicopr.com\/es\/product\/plastic-strip-bandages-75x3-60ct\/","og_site_name":"El Supermercado Medico","article_publisher":"https:\/\/www.facebook.com\/elsupermercadomedico","article_modified_time":"2025-11-21T02:58:10+00:00","og_image":[{"width":500,"height":550,"url":"https:\/\/elsupermercadomedicopr.com\/wp-content\/uploads\/2025\/11\/image_2025-11-13_234120367.png","type":"image\/png"}],"twitter_card":"summary_large_image","twitter_misc":{"Est. reading time":"1 minuto"},"schema":{"@context":"https:\/\/schema.org","@graph":[{"@type":"WebPage","@id":"https:\/\/elsupermercadomedicopr.com\/product\/plastic-strip-bandages-75x3-60ct\/","url":"https:\/\/elsupermercadomedicopr.com\/product\/plastic-strip-bandages-75x3-60ct\/","name":"Plastic Strip Bandages, .75\u2033 x 3\u2033, 60 count &#8211; El Supermercado Medico","isPartOf":{"@id":"http:\/\/elsupermercadomedicopr.com\/#website"},"primaryImageOfPage":{"@id":"https:\/\/elsupermercadomedicopr.com\/product\/plastic-strip-bandages-75x3-60ct\/#primaryimage"},"image":{"@id":"https:\/\/elsupermercadomedicopr.com\/product\/plastic-strip-bandages-75x3-60ct\/#primaryimage"},"thumbnailUrl":"https:\/\/elsupermercadomedicopr.com\/wp-content\/uploads\/2025\/11\/image_2025-11-13_234120367.png","datePublished":"2025-11-14T03:41:31+00:00","dateModified":"2025-11-21T02:58:10+00:00","description":"Plastic strip bandages 0.75\u2033 x 3\u2033, paquete de 60. Almohadilla no adherente, sellado de 4 lados y 2x absorci\u00f3n. Vendajes seguros, sin l\u00e1tex, ideales para heridas peque\u00f1as.","breadcrumb":{"@id":"https:\/\/elsupermercadomedicopr.com\/product\/plastic-strip-bandages-75x3-60ct\/#breadcrumb"},"inLanguage":"es","potentialAction":[{"@type":"ReadAction","target":["https:\/\/elsupermercadomedicopr.com\/product\/plastic-strip-bandages-75x3-60ct\/"]}]},{"@type":"ImageObject","inLanguage":"es","@id":"https:\/\/elsupermercadomedicopr.com\/product\/plastic-strip-bandages-75x3-60ct\/#primaryimage","url":"https:\/\/elsupermercadomedicopr.com\/wp-content\/uploads\/2025\/11\/image_2025-11-13_234120367.png","contentUrl":"https:\/\/elsupermercadomedicopr.com\/wp-content\/uploads\/2025\/11\/image_2025-11-13_234120367.png","width":500,"height":550},{"@type":"BreadcrumbList","@id":"https:\/\/elsupermercadomedicopr.com\/product\/plastic-strip-bandages-75x3-60ct\/#breadcrumb","itemListElement":[{"@type":"ListItem","position":1,"name":"Home","item":"https:\/\/elsupermercadomedicopr.com\/"},{"@type":"ListItem","position":2,"name":"Shop","item":"https:\/\/elsupermercadomedicopr.com\/shop\/"},{"@type":"ListItem","position":3,"name":"Plastic Strip Bandages, .75\u2033 x 3\u2033, 60 count"}]},{"@type":"WebSite","@id":"http:\/\/elsupermercadomedicopr.com\/#website","url":"http:\/\/elsupermercadomedicopr.com\/","name":"El Supermercado Medico","description":"Tu alternativa en equipos m\u00e9dicos, sirviendo al profesional de la salud y al paciente convaleciente.","publisher":{"@id":"http:\/\/elsupermercadomedicopr.com\/#organization"},"potentialAction":[{"@type":"SearchAction","target":{"@type":"EntryPoint","urlTemplate":"http:\/\/elsupermercadomedicopr.com\/?s={search_term_string}"},"query-input":{"@type":"PropertyValueSpecification","valueRequired":true,"valueName":"search_term_string"}}],"inLanguage":"es"},{"@type":"Organization","@id":"http:\/\/elsupermercadomedicopr.com\/#organization","name":"El Supermercado Medico, Inc.","url":"http:\/\/elsupermercadomedicopr.com\/","logo":{"@type":"ImageObject","inLanguage":"es","@id":"http:\/\/elsupermercadomedicopr.com\/#\/schema\/logo\/image\/","url":"https:\/\/elsupermercadomedicopr.com\/wp-content\/uploads\/2025\/11\/cropped-Untitled-design-5.png","contentUrl":"https:\/\/elsupermercadomedicopr.com\/wp-content\/uploads\/2025\/11\/cropped-Untitled-design-5.png","width":512,"height":512,"caption":"El Supermercado Medico, Inc."},"image":{"@id":"http:\/\/elsupermercadomedicopr.com\/#\/schema\/logo\/image\/"},"sameAs":["https:\/\/www.facebook.com\/elsupermercadomedico"]}]}},"_links":{"self":[{"href":"https:\/\/elsupermercadomedicopr.com\/es\/wp-json\/wp\/v2\/product\/1861","targetHints":{"allow":["GET"]}}],"collection":[{"href":"https:\/\/elsupermercadomedicopr.com\/es\/wp-json\/wp\/v2\/product"}],"about":[{"href":"https:\/\/elsupermercadomedicopr.com\/es\/wp-json\/wp\/v2\/types\/product"}],"wp:featuredmedia":[{"embeddable":true,"href":"https:\/\/elsupermercadomedicopr.com\/es\/wp-json\/wp\/v2\/media\/1862"}],"wp:attachment":[{"href":"https:\/\/elsupermercadomedicopr.com\/es\/wp-json\/wp\/v2\/media?parent=1861"}],"wp:term":[{"taxonomy":"product_brand","embeddable":true,"href":"https:\/\/elsupermercadomedicopr.com\/es\/wp-json\/wp\/v2\/product_brand?post=1861"},{"taxonomy":"product_cat","embeddable":true,"href":"https:\/\/elsupermercadomedicopr.com\/es\/wp-json\/wp\/v2\/product_cat?post=1861"},{"taxonomy":"product_tag","embeddable":true,"href":"https:\/\/elsupermercadomedicopr.com\/es\/wp-json\/wp\/v2\/product_tag?post=1861"}],"curies":[{"name":"wp","href":"https:\/\/api.w.org\/{rel}","templated":true}]}}