{"id":1467,"date":"2025-11-07T04:25:37","date_gmt":"2025-11-07T04:25:37","guid":{"rendered":"https:\/\/elsupermercadomedicopr.com\/?post_type=product&#038;p=1467"},"modified":"2025-11-21T02:58:27","modified_gmt":"2025-11-21T02:58:27","slug":"super-sorb-absorbente-instantaneo","status":"publish","type":"product","link":"https:\/\/elsupermercadomedicopr.com\/es\/product\/super-sorb-absorbente-instantaneo\/","title":{"rendered":"Super-Sorb \u2013 Absorbente Instant\u00e1neo para Derrames (Solidificador de L\u00edquidos)"},"content":{"rendered":"<p data-start=\"662\" data-end=\"1016\"><strong data-start=\"662\" data-end=\"676\">Super-Sorb<\/strong> es un absorbente de alto rendimiento formulado para <strong data-start=\"729\" data-end=\"765\">solidificar l\u00edquidos r\u00e1pidamente<\/strong>, permitiendo una limpieza mucho m\u00e1s sencilla, segura y eficiente. Su f\u00f3rmula avanzada convierte derrames en s\u00f3lidos para que puedan <strong data-start=\"898\" data-end=\"942\">barrerse y desecharse sin complicaciones<\/strong>, evitando la propagaci\u00f3n de fluidos y reduciendo el riesgo de accidentes.<\/p>\n<p data-start=\"1018\" data-end=\"1226\">Este absorbente es ideal para <strong data-start=\"1048\" data-end=\"1146\">entornos m\u00e9dicos, hospitales, laboratorios, escuelas, oficinas, industrias, comercio y hogares<\/strong> donde ocurren derrames frecuentes de l\u00edquidos, incluyendo fluidos corporales.<\/p>\n<p data-start=\"1228\" data-end=\"1434\">Con una capacidad inicial de absorci\u00f3n de <strong data-start=\"1270\" data-end=\"1303\">60 veces su peso de inmediato<\/strong>, y hasta <strong data-start=\"1313\" data-end=\"1356\">400 veces su peso en menos de 2 minutos<\/strong>, Super-Sorb supera a los absorbentes tradicionales en velocidad y eficiencia.<\/p>\n<hr data-start=\"1436\" data-end=\"1439\" \/>\n<h2 data-start=\"1441\" data-end=\"1470\">\u2705 Beneficios principales<\/h2>\n<ul data-start=\"1471\" data-end=\"1891\">\n<li data-start=\"1471\" data-end=\"1531\">\n<p data-start=\"1473\" data-end=\"1531\">Solidifica l\u00edquidos para una limpieza r\u00e1pida y sencilla.<\/p>\n<\/li>\n<li data-start=\"1532\" data-end=\"1573\">\n<p data-start=\"1534\" data-end=\"1573\">Absorbe <strong data-start=\"1542\" data-end=\"1570\">60x su peso de inmediato<\/strong>.<\/p>\n<\/li>\n<li data-start=\"1574\" data-end=\"1616\">\n<p data-start=\"1576\" data-end=\"1616\">Absorbe <strong data-start=\"1584\" data-end=\"1613\">400x su peso en 2 minutos<\/strong>.<\/p>\n<\/li>\n<li data-start=\"1617\" data-end=\"1680\">\n<p data-start=\"1619\" data-end=\"1680\">Reduce riesgos de derrames, deslizamientos y contaminaci\u00f3n.<\/p>\n<\/li>\n<li data-start=\"1681\" data-end=\"1739\">\n<p data-start=\"1683\" data-end=\"1739\">F\u00e1cil de usar: solo espolvorea, deja absorber y barre.<\/p>\n<\/li>\n<li data-start=\"1740\" data-end=\"1813\">\n<p data-start=\"1742\" data-end=\"1813\">Ideal para fluidos corporales, qu\u00edmicos no corrosivos, bebidas y m\u00e1s.<\/p>\n<\/li>\n<li data-start=\"1814\" data-end=\"1891\">\n<p data-start=\"1816\" data-end=\"1891\">Perfecto para hospitales, cl\u00ednicas, laboratorios y \u00e1reas de alto tr\u00e1fico.<\/p>\n<\/li>\n<\/ul>\n<hr data-start=\"1893\" data-end=\"1896\" \/>\n<h2 data-start=\"1898\" data-end=\"1922\">\ud83d\udccc Especificaciones<\/h2>\n<ul data-start=\"1923\" data-end=\"2252\">\n<li data-start=\"1923\" data-end=\"1947\">\n<p data-start=\"1925\" data-end=\"1947\">Producto: Super-Sorb<\/p>\n<\/li>\n<li data-start=\"1948\" data-end=\"1996\">\n<p data-start=\"1950\" data-end=\"1996\">Tipo: Absorbente \/ solidificador de l\u00edquidos<\/p>\n<\/li>\n<li data-start=\"1997\" data-end=\"2054\">\n<p data-start=\"1999\" data-end=\"2054\">Aplicaci\u00f3n: Derrames de l\u00edquidos y fluidos corporales<\/p>\n<\/li>\n<li data-start=\"2055\" data-end=\"2096\">\n<p data-start=\"2057\" data-end=\"2096\">Acci\u00f3n: Inmediata y de alta capacidad<\/p>\n<\/li>\n<li data-start=\"2097\" data-end=\"2163\">\n<p data-start=\"2099\" data-end=\"2163\">Uso: Cl\u00ednico, comercial, industrial, institucional y dom\u00e9stico<\/p>\n<\/li>\n<li data-start=\"2164\" data-end=\"2229\">\n<p data-start=\"2166\" data-end=\"2229\">Presentaci\u00f3n: (A\u00f1ade cuando me indiques el tama\u00f1o del envase)<\/p>\n<\/li>\n<\/ul>","protected":false},"excerpt":{"rendered":"<p data-start=\"401\" data-end=\"610\">Super-Sorb solidifica l\u00edquidos al instante para facilitar la limpieza. Absorbe 60 veces su peso inmediatamente y hasta 400 veces en 2 minutos. Ideal para derrames grandes.<\/p>","protected":false},"featured_media":1468,"template":"","meta":[],"product_brand":[],"product_cat":[41],"product_tag":[],"class_list":{"0":"post-1467","1":"product","2":"type-product","3":"status-publish","4":"has-post-thumbnail","6":"product_cat-manejo-de-desperdicios-biomedicos","8":"first","9":"instock","10":"taxable","11":"shipping-taxable","12":"purchasable","13":"product-type-simple"},"yoast_head":"<!-- This site is optimized with the Yoast SEO plugin v27.4 - https:\/\/yoast.com\/product\/yoast-seo-wordpress\/ -->\n<title>Super-Sorb \u2013 Absorbente Instant\u00e1neo para Derrames (Solidificador de L\u00edquidos) &#8211; El Supermercado Medico<\/title>\n<meta name=\"description\" content=\"Super-Sorb absorbente instant\u00e1neo que solidifica l\u00edquidos. Absorbe hasta 400 veces su peso para una limpieza f\u00e1cil y r\u00e1pida. Ideal para hospitales, cl\u00ednicas y entornos de alto tr\u00e1fico.\" \/>\n<meta name=\"robots\" content=\"index, follow, max-snippet:-1, max-image-preview:large, max-video-preview:-1\" \/>\n<link rel=\"canonical\" href=\"https:\/\/elsupermercadomedicopr.com\/es\/product\/super-sorb-absorbente-instantaneo\/\" \/>\n<meta property=\"og:locale\" content=\"es_ES\" \/>\n<meta property=\"og:type\" content=\"article\" \/>\n<meta property=\"og:title\" content=\"Super-Sorb \u2013 Absorbente Instant\u00e1neo para Derrames (Solidificador de L\u00edquidos) &#8211; El Supermercado Medico\" \/>\n<meta property=\"og:description\" content=\"Super-Sorb absorbente instant\u00e1neo que solidifica l\u00edquidos. Absorbe hasta 400 veces su peso para una limpieza f\u00e1cil y r\u00e1pida. Ideal para hospitales, cl\u00ednicas y entornos de alto tr\u00e1fico.\" \/>\n<meta property=\"og:url\" content=\"https:\/\/elsupermercadomedicopr.com\/es\/product\/super-sorb-absorbente-instantaneo\/\" \/>\n<meta property=\"og:site_name\" content=\"El Supermercado Medico\" \/>\n<meta property=\"article:publisher\" content=\"https:\/\/www.facebook.com\/elsupermercadomedico\" \/>\n<meta property=\"article:modified_time\" content=\"2025-11-21T02:58:27+00:00\" \/>\n<meta property=\"og:image\" content=\"https:\/\/elsupermercadomedicopr.com\/wp-content\/uploads\/2025\/11\/image_2025-11-07_002530751.png\" \/>\n\t<meta property=\"og:image:width\" content=\"500\" \/>\n\t<meta property=\"og:image:height\" content=\"500\" \/>\n\t<meta property=\"og:image:type\" content=\"image\/png\" \/>\n<meta name=\"twitter:card\" content=\"summary_large_image\" \/>\n<meta name=\"twitter:label1\" content=\"Est. reading time\" \/>\n\t<meta name=\"twitter:data1\" content=\"1 minuto\" \/>\n<script type=\"application\/ld+json\" class=\"yoast-schema-graph\">{\"@context\":\"https:\\\/\\\/schema.org\",\"@graph\":[{\"@type\":\"WebPage\",\"@id\":\"https:\\\/\\\/elsupermercadomedicopr.com\\\/product\\\/super-sorb-absorbente-instantaneo\\\/\",\"url\":\"https:\\\/\\\/elsupermercadomedicopr.com\\\/product\\\/super-sorb-absorbente-instantaneo\\\/\",\"name\":\"Super-Sorb \u2013 Absorbente Instant\u00e1neo para Derrames (Solidificador de L\u00edquidos) &#8211; El Supermercado Medico\",\"isPartOf\":{\"@id\":\"http:\\\/\\\/elsupermercadomedicopr.com\\\/#website\"},\"primaryImageOfPage\":{\"@id\":\"https:\\\/\\\/elsupermercadomedicopr.com\\\/product\\\/super-sorb-absorbente-instantaneo\\\/#primaryimage\"},\"image\":{\"@id\":\"https:\\\/\\\/elsupermercadomedicopr.com\\\/product\\\/super-sorb-absorbente-instantaneo\\\/#primaryimage\"},\"thumbnailUrl\":\"https:\\\/\\\/elsupermercadomedicopr.com\\\/wp-content\\\/uploads\\\/2025\\\/11\\\/image_2025-11-07_002530751.png\",\"datePublished\":\"2025-11-07T04:25:37+00:00\",\"dateModified\":\"2025-11-21T02:58:27+00:00\",\"description\":\"Super-Sorb absorbente instant\u00e1neo que solidifica l\u00edquidos. Absorbe hasta 400 veces su peso para una limpieza f\u00e1cil y r\u00e1pida. Ideal para hospitales, cl\u00ednicas y entornos de alto tr\u00e1fico.\",\"breadcrumb\":{\"@id\":\"https:\\\/\\\/elsupermercadomedicopr.com\\\/product\\\/super-sorb-absorbente-instantaneo\\\/#breadcrumb\"},\"inLanguage\":\"es\",\"potentialAction\":[{\"@type\":\"ReadAction\",\"target\":[\"https:\\\/\\\/elsupermercadomedicopr.com\\\/product\\\/super-sorb-absorbente-instantaneo\\\/\"]}]},{\"@type\":\"ImageObject\",\"inLanguage\":\"es\",\"@id\":\"https:\\\/\\\/elsupermercadomedicopr.com\\\/product\\\/super-sorb-absorbente-instantaneo\\\/#primaryimage\",\"url\":\"https:\\\/\\\/elsupermercadomedicopr.com\\\/wp-content\\\/uploads\\\/2025\\\/11\\\/image_2025-11-07_002530751.png\",\"contentUrl\":\"https:\\\/\\\/elsupermercadomedicopr.com\\\/wp-content\\\/uploads\\\/2025\\\/11\\\/image_2025-11-07_002530751.png\",\"width\":500,\"height\":500},{\"@type\":\"BreadcrumbList\",\"@id\":\"https:\\\/\\\/elsupermercadomedicopr.com\\\/product\\\/super-sorb-absorbente-instantaneo\\\/#breadcrumb\",\"itemListElement\":[{\"@type\":\"ListItem\",\"position\":1,\"name\":\"Home\",\"item\":\"https:\\\/\\\/elsupermercadomedicopr.com\\\/\"},{\"@type\":\"ListItem\",\"position\":2,\"name\":\"Shop\",\"item\":\"https:\\\/\\\/elsupermercadomedicopr.com\\\/shop\\\/\"},{\"@type\":\"ListItem\",\"position\":3,\"name\":\"Super-Sorb \u2013 Absorbente Instant\u00e1neo para Derrames (Solidificador de L\u00edquidos)\"}]},{\"@type\":\"WebSite\",\"@id\":\"http:\\\/\\\/elsupermercadomedicopr.com\\\/#website\",\"url\":\"http:\\\/\\\/elsupermercadomedicopr.com\\\/\",\"name\":\"El Supermercado Medico\",\"description\":\"Tu alternativa en equipos m\u00e9dicos, sirviendo al profesional de la salud y al paciente convaleciente.\",\"publisher\":{\"@id\":\"http:\\\/\\\/elsupermercadomedicopr.com\\\/#organization\"},\"potentialAction\":[{\"@type\":\"SearchAction\",\"target\":{\"@type\":\"EntryPoint\",\"urlTemplate\":\"http:\\\/\\\/elsupermercadomedicopr.com\\\/?s={search_term_string}\"},\"query-input\":{\"@type\":\"PropertyValueSpecification\",\"valueRequired\":true,\"valueName\":\"search_term_string\"}}],\"inLanguage\":\"es\"},{\"@type\":\"Organization\",\"@id\":\"http:\\\/\\\/elsupermercadomedicopr.com\\\/#organization\",\"name\":\"El Supermercado Medico, Inc.\",\"url\":\"http:\\\/\\\/elsupermercadomedicopr.com\\\/\",\"logo\":{\"@type\":\"ImageObject\",\"inLanguage\":\"es\",\"@id\":\"http:\\\/\\\/elsupermercadomedicopr.com\\\/#\\\/schema\\\/logo\\\/image\\\/\",\"url\":\"https:\\\/\\\/elsupermercadomedicopr.com\\\/wp-content\\\/uploads\\\/2025\\\/11\\\/cropped-Untitled-design-5.png\",\"contentUrl\":\"https:\\\/\\\/elsupermercadomedicopr.com\\\/wp-content\\\/uploads\\\/2025\\\/11\\\/cropped-Untitled-design-5.png\",\"width\":512,\"height\":512,\"caption\":\"El Supermercado Medico, Inc.\"},\"image\":{\"@id\":\"http:\\\/\\\/elsupermercadomedicopr.com\\\/#\\\/schema\\\/logo\\\/image\\\/\"},\"sameAs\":[\"https:\\\/\\\/www.facebook.com\\\/elsupermercadomedico\"]}]}<\/script>\n<!-- \/ Yoast SEO plugin. -->","yoast_head_json":{"title":"Super-Sorb \u2013 Absorbente Instant\u00e1neo para Derrames (Solidificador de L\u00edquidos) &#8211; El Supermercado Medico","description":"Super-Sorb absorbente instant\u00e1neo que solidifica l\u00edquidos. Absorbe hasta 400 veces su peso para una limpieza f\u00e1cil y r\u00e1pida. Ideal para hospitales, cl\u00ednicas y entornos de alto tr\u00e1fico.","robots":{"index":"index","follow":"follow","max-snippet":"max-snippet:-1","max-image-preview":"max-image-preview:large","max-video-preview":"max-video-preview:-1"},"canonical":"https:\/\/elsupermercadomedicopr.com\/es\/product\/super-sorb-absorbente-instantaneo\/","og_locale":"es_ES","og_type":"article","og_title":"Super-Sorb \u2013 Absorbente Instant\u00e1neo para Derrames (Solidificador de L\u00edquidos) &#8211; El Supermercado Medico","og_description":"Super-Sorb absorbente instant\u00e1neo que solidifica l\u00edquidos. Absorbe hasta 400 veces su peso para una limpieza f\u00e1cil y r\u00e1pida. Ideal para hospitales, cl\u00ednicas y entornos de alto tr\u00e1fico.","og_url":"https:\/\/elsupermercadomedicopr.com\/es\/product\/super-sorb-absorbente-instantaneo\/","og_site_name":"El Supermercado Medico","article_publisher":"https:\/\/www.facebook.com\/elsupermercadomedico","article_modified_time":"2025-11-21T02:58:27+00:00","og_image":[{"width":500,"height":500,"url":"https:\/\/elsupermercadomedicopr.com\/wp-content\/uploads\/2025\/11\/image_2025-11-07_002530751.png","type":"image\/png"}],"twitter_card":"summary_large_image","twitter_misc":{"Est. reading time":"1 minuto"},"schema":{"@context":"https:\/\/schema.org","@graph":[{"@type":"WebPage","@id":"https:\/\/elsupermercadomedicopr.com\/product\/super-sorb-absorbente-instantaneo\/","url":"https:\/\/elsupermercadomedicopr.com\/product\/super-sorb-absorbente-instantaneo\/","name":"Super-Sorb \u2013 Absorbente Instant\u00e1neo para Derrames (Solidificador de L\u00edquidos) &#8211; El Supermercado Medico","isPartOf":{"@id":"http:\/\/elsupermercadomedicopr.com\/#website"},"primaryImageOfPage":{"@id":"https:\/\/elsupermercadomedicopr.com\/product\/super-sorb-absorbente-instantaneo\/#primaryimage"},"image":{"@id":"https:\/\/elsupermercadomedicopr.com\/product\/super-sorb-absorbente-instantaneo\/#primaryimage"},"thumbnailUrl":"https:\/\/elsupermercadomedicopr.com\/wp-content\/uploads\/2025\/11\/image_2025-11-07_002530751.png","datePublished":"2025-11-07T04:25:37+00:00","dateModified":"2025-11-21T02:58:27+00:00","description":"Super-Sorb absorbente instant\u00e1neo que solidifica l\u00edquidos. Absorbe hasta 400 veces su peso para una limpieza f\u00e1cil y r\u00e1pida. Ideal para hospitales, cl\u00ednicas y entornos de alto tr\u00e1fico.","breadcrumb":{"@id":"https:\/\/elsupermercadomedicopr.com\/product\/super-sorb-absorbente-instantaneo\/#breadcrumb"},"inLanguage":"es","potentialAction":[{"@type":"ReadAction","target":["https:\/\/elsupermercadomedicopr.com\/product\/super-sorb-absorbente-instantaneo\/"]}]},{"@type":"ImageObject","inLanguage":"es","@id":"https:\/\/elsupermercadomedicopr.com\/product\/super-sorb-absorbente-instantaneo\/#primaryimage","url":"https:\/\/elsupermercadomedicopr.com\/wp-content\/uploads\/2025\/11\/image_2025-11-07_002530751.png","contentUrl":"https:\/\/elsupermercadomedicopr.com\/wp-content\/uploads\/2025\/11\/image_2025-11-07_002530751.png","width":500,"height":500},{"@type":"BreadcrumbList","@id":"https:\/\/elsupermercadomedicopr.com\/product\/super-sorb-absorbente-instantaneo\/#breadcrumb","itemListElement":[{"@type":"ListItem","position":1,"name":"Home","item":"https:\/\/elsupermercadomedicopr.com\/"},{"@type":"ListItem","position":2,"name":"Shop","item":"https:\/\/elsupermercadomedicopr.com\/shop\/"},{"@type":"ListItem","position":3,"name":"Super-Sorb \u2013 Absorbente Instant\u00e1neo para Derrames (Solidificador de L\u00edquidos)"}]},{"@type":"WebSite","@id":"http:\/\/elsupermercadomedicopr.com\/#website","url":"http:\/\/elsupermercadomedicopr.com\/","name":"El Supermercado Medico","description":"Tu alternativa en equipos m\u00e9dicos, sirviendo al profesional de la salud y al paciente convaleciente.","publisher":{"@id":"http:\/\/elsupermercadomedicopr.com\/#organization"},"potentialAction":[{"@type":"SearchAction","target":{"@type":"EntryPoint","urlTemplate":"http:\/\/elsupermercadomedicopr.com\/?s={search_term_string}"},"query-input":{"@type":"PropertyValueSpecification","valueRequired":true,"valueName":"search_term_string"}}],"inLanguage":"es"},{"@type":"Organization","@id":"http:\/\/elsupermercadomedicopr.com\/#organization","name":"El Supermercado Medico, Inc.","url":"http:\/\/elsupermercadomedicopr.com\/","logo":{"@type":"ImageObject","inLanguage":"es","@id":"http:\/\/elsupermercadomedicopr.com\/#\/schema\/logo\/image\/","url":"https:\/\/elsupermercadomedicopr.com\/wp-content\/uploads\/2025\/11\/cropped-Untitled-design-5.png","contentUrl":"https:\/\/elsupermercadomedicopr.com\/wp-content\/uploads\/2025\/11\/cropped-Untitled-design-5.png","width":512,"height":512,"caption":"El Supermercado Medico, Inc."},"image":{"@id":"http:\/\/elsupermercadomedicopr.com\/#\/schema\/logo\/image\/"},"sameAs":["https:\/\/www.facebook.com\/elsupermercadomedico"]}]}},"_links":{"self":[{"href":"https:\/\/elsupermercadomedicopr.com\/es\/wp-json\/wp\/v2\/product\/1467","targetHints":{"allow":["GET"]}}],"collection":[{"href":"https:\/\/elsupermercadomedicopr.com\/es\/wp-json\/wp\/v2\/product"}],"about":[{"href":"https:\/\/elsupermercadomedicopr.com\/es\/wp-json\/wp\/v2\/types\/product"}],"wp:featuredmedia":[{"embeddable":true,"href":"https:\/\/elsupermercadomedicopr.com\/es\/wp-json\/wp\/v2\/media\/1468"}],"wp:attachment":[{"href":"https:\/\/elsupermercadomedicopr.com\/es\/wp-json\/wp\/v2\/media?parent=1467"}],"wp:term":[{"taxonomy":"product_brand","embeddable":true,"href":"https:\/\/elsupermercadomedicopr.com\/es\/wp-json\/wp\/v2\/product_brand?post=1467"},{"taxonomy":"product_cat","embeddable":true,"href":"https:\/\/elsupermercadomedicopr.com\/es\/wp-json\/wp\/v2\/product_cat?post=1467"},{"taxonomy":"product_tag","embeddable":true,"href":"https:\/\/elsupermercadomedicopr.com\/es\/wp-json\/wp\/v2\/product_tag?post=1467"}],"curies":[{"name":"wp","href":"https:\/\/api.w.org\/{rel}","templated":true}]}}