{"id":1462,"date":"2025-11-07T04:20:34","date_gmt":"2025-11-07T04:20:34","guid":{"rendered":"https:\/\/elsupermercadomedicopr.com\/?post_type=product&#038;p=1462"},"modified":"2025-11-21T02:58:27","modified_gmt":"2025-11-21T02:58:27","slug":"metricide-28-desinfectante-alto-nivel","status":"publish","type":"product","link":"https:\/\/elsupermercadomedicopr.com\/es\/product\/metricide-28-desinfectante-alto-nivel\/","title":{"rendered":"MetriCide\u2122 28 \u2013 High-Level Disinfectant (1 Gal\u00f3n, Reusable 28 D\u00edas)"},"content":{"rendered":"<p data-start=\"700\" data-end=\"1037\"><strong data-start=\"700\" data-end=\"717\">MetriCide\u2122 28<\/strong> es un <strong data-start=\"724\" data-end=\"755\">desinfectante de alto nivel<\/strong> formulado para la desinfecci\u00f3n efectiva de una amplia gama de <strong data-start=\"818\" data-end=\"879\">dispositivos m\u00e9dicos cr\u00edticos, semicr\u00edticos y no cr\u00edticos<\/strong>. Dise\u00f1ado para utilizarse en sistemas de bandeja, MetriCide\u2122 28 proporciona una esterilizaci\u00f3n confiable y constante en procedimientos m\u00e9dicos y quir\u00fargicos.<\/p>\n<p data-start=\"1039\" data-end=\"1376\">Una de sus mayores ventajas es su capacidad de <strong data-start=\"1086\" data-end=\"1121\">reutilizaci\u00f3n hasta por 28 d\u00edas<\/strong>, lo que lo convierte en una soluci\u00f3n econ\u00f3mica para entornos cl\u00ednicos con uso continuo. Su acci\u00f3n desinfectante de alto nivel elimina una amplia variedad de microorganismos, ayudando a asegurar el cumplimiento de los est\u00e1ndares de control de infecciones.<\/p>\n<p data-start=\"1378\" data-end=\"1517\">Ideal para hospitales, laboratorios, cl\u00ednicas dentales y centros quir\u00fargicos que requieren desinfecci\u00f3n avanzada y resultados consistentes.<\/p>\n<hr data-start=\"1519\" data-end=\"1522\" \/>\n<h2 data-start=\"1524\" data-end=\"1553\">\u2705 Beneficios principales<\/h2>\n<ul data-start=\"1554\" data-end=\"1892\">\n<li data-start=\"1554\" data-end=\"1612\">\n<p data-start=\"1556\" data-end=\"1612\">Desinfectante de alto nivel para dispositivos m\u00e9dicos.<\/p>\n<\/li>\n<li data-start=\"1613\" data-end=\"1673\">\n<p data-start=\"1615\" data-end=\"1673\"><strong data-start=\"1615\" data-end=\"1645\">Reutilizable hasta 28 d\u00edas<\/strong>, ideal para uso continuo.<\/p>\n<\/li>\n<li data-start=\"1674\" data-end=\"1743\">\n<p data-start=\"1676\" data-end=\"1743\">Compatible con dispositivos cr\u00edticos, semicr\u00edticos y no cr\u00edticos.<\/p>\n<\/li>\n<li data-start=\"1744\" data-end=\"1793\">\n<p data-start=\"1746\" data-end=\"1793\">Uso recomendado en <strong data-start=\"1765\" data-end=\"1790\">bandejas de inmersi\u00f3n<\/strong>.<\/p>\n<\/li>\n<li data-start=\"1794\" data-end=\"1844\">\n<p data-start=\"1796\" data-end=\"1844\">Aprobado para entornos cl\u00ednicos y quir\u00fargicos.<\/p>\n<\/li>\n<li data-start=\"1845\" data-end=\"1892\">\n<p data-start=\"1847\" data-end=\"1892\">Presentaci\u00f3n econ\u00f3mica en gal\u00f3n (1 gallon).<\/p>\n<\/li>\n<\/ul>\n<hr data-start=\"1894\" data-end=\"1897\" \/>\n<h2 data-start=\"1899\" data-end=\"1923\">\ud83d\udccc Especificaciones<\/h2>\n<ul data-start=\"1924\" data-end=\"2255\">\n<li data-start=\"1924\" data-end=\"1962\">\n<p data-start=\"1926\" data-end=\"1962\">Nombre del producto: MetriCide\u2122 28<\/p>\n<\/li>\n<li data-start=\"1963\" data-end=\"2000\">\n<p data-start=\"1965\" data-end=\"2000\">Tipo: Desinfectante de alto nivel<\/p>\n<\/li>\n<li data-start=\"2001\" data-end=\"2026\">\n<p data-start=\"2003\" data-end=\"2026\">Presentaci\u00f3n: 1 gal\u00f3n<\/p>\n<\/li>\n<li data-start=\"2027\" data-end=\"2059\">\n<p data-start=\"2029\" data-end=\"2059\">Reutilizaci\u00f3n: Hasta 28 d\u00edas<\/p>\n<\/li>\n<li data-start=\"2060\" data-end=\"2127\">\n<p data-start=\"2062\" data-end=\"2127\">Uso: Dispositivos m\u00e9dicos cr\u00edticos, semi-cr\u00edticos y no cr\u00edticos<\/p>\n<\/li>\n<li data-start=\"2128\" data-end=\"2171\">\n<p data-start=\"2130\" data-end=\"2171\">M\u00e9todo: Inmersi\u00f3n en sistema de bandeja<\/p>\n<\/li>\n<li data-start=\"2172\" data-end=\"2232\">\n<p data-start=\"2174\" data-end=\"2232\">Industria: M\u00e9dica, quir\u00fargica, odontol\u00f3gica, laboratorio<\/p>\n<\/li>\n<\/ul>","protected":false},"excerpt":{"rendered":"<p data-start=\"429\" data-end=\"648\">MetriCide\u2122 28 es un desinfectante de alto nivel reutilizable por 28 d\u00edas. Ideal para dispositivos cr\u00edticos, semicr\u00edticos y no cr\u00edticos en sistemas de bandeja. Presentaci\u00f3n: 1 gal\u00f3n.<\/p>","protected":false},"featured_media":1464,"template":"","meta":[],"product_brand":[],"product_cat":[41],"product_tag":[],"class_list":{"0":"post-1462","1":"product","2":"type-product","3":"status-publish","4":"has-post-thumbnail","6":"product_cat-manejo-de-desperdicios-biomedicos","8":"first","9":"instock","10":"taxable","11":"shipping-taxable","12":"purchasable","13":"product-type-simple"},"yoast_head":"<!-- This site is optimized with the Yoast SEO plugin v27.4 - https:\/\/yoast.com\/product\/yoast-seo-wordpress\/ -->\n<title>MetriCide\u2122 28 \u2013 High-Level Disinfectant (1 Gal\u00f3n, Reusable 28 D\u00edas) &#8211; El Supermercado Medico<\/title>\n<meta name=\"description\" content=\"MetriCide 28 desinfectante de alto nivel reutilizable por 28 d\u00edas. Ideal para dispositivos m\u00e9dicos cr\u00edticos, semicr\u00edticos y no cr\u00edticos. Presentaci\u00f3n de 1 gal\u00f3n para uso profesional.\" \/>\n<meta name=\"robots\" content=\"index, follow, max-snippet:-1, max-image-preview:large, max-video-preview:-1\" \/>\n<link rel=\"canonical\" href=\"https:\/\/elsupermercadomedicopr.com\/es\/product\/metricide-28-desinfectante-alto-nivel\/\" \/>\n<meta property=\"og:locale\" content=\"es_ES\" \/>\n<meta property=\"og:type\" content=\"article\" \/>\n<meta property=\"og:title\" content=\"MetriCide\u2122 28 \u2013 High-Level Disinfectant (1 Gal\u00f3n, Reusable 28 D\u00edas) &#8211; El Supermercado Medico\" \/>\n<meta property=\"og:description\" content=\"MetriCide 28 desinfectante de alto nivel reutilizable por 28 d\u00edas. Ideal para dispositivos m\u00e9dicos cr\u00edticos, semicr\u00edticos y no cr\u00edticos. Presentaci\u00f3n de 1 gal\u00f3n para uso profesional.\" \/>\n<meta property=\"og:url\" content=\"https:\/\/elsupermercadomedicopr.com\/es\/product\/metricide-28-desinfectante-alto-nivel\/\" \/>\n<meta property=\"og:site_name\" content=\"El Supermercado Medico\" \/>\n<meta property=\"article:publisher\" content=\"https:\/\/www.facebook.com\/elsupermercadomedico\" \/>\n<meta property=\"article:modified_time\" content=\"2025-11-21T02:58:27+00:00\" \/>\n<meta property=\"og:image\" content=\"https:\/\/elsupermercadomedicopr.com\/wp-content\/uploads\/2025\/11\/image_2025-11-07_002022923.png\" \/>\n\t<meta property=\"og:image:width\" content=\"540\" \/>\n\t<meta property=\"og:image:height\" content=\"567\" \/>\n\t<meta property=\"og:image:type\" content=\"image\/png\" \/>\n<meta name=\"twitter:card\" content=\"summary_large_image\" \/>\n<meta name=\"twitter:label1\" content=\"Est. reading time\" \/>\n\t<meta name=\"twitter:data1\" content=\"2 minutos\" \/>\n<script type=\"application\/ld+json\" class=\"yoast-schema-graph\">{\"@context\":\"https:\\\/\\\/schema.org\",\"@graph\":[{\"@type\":\"WebPage\",\"@id\":\"https:\\\/\\\/elsupermercadomedicopr.com\\\/product\\\/metricide-28-desinfectante-alto-nivel\\\/\",\"url\":\"https:\\\/\\\/elsupermercadomedicopr.com\\\/product\\\/metricide-28-desinfectante-alto-nivel\\\/\",\"name\":\"MetriCide\u2122 28 \u2013 High-Level Disinfectant (1 Gal\u00f3n, Reusable 28 D\u00edas) &#8211; El Supermercado Medico\",\"isPartOf\":{\"@id\":\"http:\\\/\\\/elsupermercadomedicopr.com\\\/#website\"},\"primaryImageOfPage\":{\"@id\":\"https:\\\/\\\/elsupermercadomedicopr.com\\\/product\\\/metricide-28-desinfectante-alto-nivel\\\/#primaryimage\"},\"image\":{\"@id\":\"https:\\\/\\\/elsupermercadomedicopr.com\\\/product\\\/metricide-28-desinfectante-alto-nivel\\\/#primaryimage\"},\"thumbnailUrl\":\"https:\\\/\\\/elsupermercadomedicopr.com\\\/wp-content\\\/uploads\\\/2025\\\/11\\\/image_2025-11-07_002022923.png\",\"datePublished\":\"2025-11-07T04:20:34+00:00\",\"dateModified\":\"2025-11-21T02:58:27+00:00\",\"description\":\"MetriCide 28 desinfectante de alto nivel reutilizable por 28 d\u00edas. Ideal para dispositivos m\u00e9dicos cr\u00edticos, semicr\u00edticos y no cr\u00edticos. Presentaci\u00f3n de 1 gal\u00f3n para uso profesional.\",\"breadcrumb\":{\"@id\":\"https:\\\/\\\/elsupermercadomedicopr.com\\\/product\\\/metricide-28-desinfectante-alto-nivel\\\/#breadcrumb\"},\"inLanguage\":\"es\",\"potentialAction\":[{\"@type\":\"ReadAction\",\"target\":[\"https:\\\/\\\/elsupermercadomedicopr.com\\\/product\\\/metricide-28-desinfectante-alto-nivel\\\/\"]}]},{\"@type\":\"ImageObject\",\"inLanguage\":\"es\",\"@id\":\"https:\\\/\\\/elsupermercadomedicopr.com\\\/product\\\/metricide-28-desinfectante-alto-nivel\\\/#primaryimage\",\"url\":\"https:\\\/\\\/elsupermercadomedicopr.com\\\/wp-content\\\/uploads\\\/2025\\\/11\\\/image_2025-11-07_002022923.png\",\"contentUrl\":\"https:\\\/\\\/elsupermercadomedicopr.com\\\/wp-content\\\/uploads\\\/2025\\\/11\\\/image_2025-11-07_002022923.png\",\"width\":540,\"height\":567},{\"@type\":\"BreadcrumbList\",\"@id\":\"https:\\\/\\\/elsupermercadomedicopr.com\\\/product\\\/metricide-28-desinfectante-alto-nivel\\\/#breadcrumb\",\"itemListElement\":[{\"@type\":\"ListItem\",\"position\":1,\"name\":\"Home\",\"item\":\"https:\\\/\\\/elsupermercadomedicopr.com\\\/\"},{\"@type\":\"ListItem\",\"position\":2,\"name\":\"Shop\",\"item\":\"https:\\\/\\\/elsupermercadomedicopr.com\\\/shop\\\/\"},{\"@type\":\"ListItem\",\"position\":3,\"name\":\"MetriCide\u2122 28 \u2013 High-Level Disinfectant (1 Gal\u00f3n, Reusable 28 D\u00edas)\"}]},{\"@type\":\"WebSite\",\"@id\":\"http:\\\/\\\/elsupermercadomedicopr.com\\\/#website\",\"url\":\"http:\\\/\\\/elsupermercadomedicopr.com\\\/\",\"name\":\"El Supermercado Medico\",\"description\":\"Tu alternativa en equipos m\u00e9dicos, sirviendo al profesional de la salud y al paciente convaleciente.\",\"publisher\":{\"@id\":\"http:\\\/\\\/elsupermercadomedicopr.com\\\/#organization\"},\"potentialAction\":[{\"@type\":\"SearchAction\",\"target\":{\"@type\":\"EntryPoint\",\"urlTemplate\":\"http:\\\/\\\/elsupermercadomedicopr.com\\\/?s={search_term_string}\"},\"query-input\":{\"@type\":\"PropertyValueSpecification\",\"valueRequired\":true,\"valueName\":\"search_term_string\"}}],\"inLanguage\":\"es\"},{\"@type\":\"Organization\",\"@id\":\"http:\\\/\\\/elsupermercadomedicopr.com\\\/#organization\",\"name\":\"El Supermercado Medico, Inc.\",\"url\":\"http:\\\/\\\/elsupermercadomedicopr.com\\\/\",\"logo\":{\"@type\":\"ImageObject\",\"inLanguage\":\"es\",\"@id\":\"http:\\\/\\\/elsupermercadomedicopr.com\\\/#\\\/schema\\\/logo\\\/image\\\/\",\"url\":\"https:\\\/\\\/elsupermercadomedicopr.com\\\/wp-content\\\/uploads\\\/2025\\\/11\\\/cropped-Untitled-design-5.png\",\"contentUrl\":\"https:\\\/\\\/elsupermercadomedicopr.com\\\/wp-content\\\/uploads\\\/2025\\\/11\\\/cropped-Untitled-design-5.png\",\"width\":512,\"height\":512,\"caption\":\"El Supermercado Medico, Inc.\"},\"image\":{\"@id\":\"http:\\\/\\\/elsupermercadomedicopr.com\\\/#\\\/schema\\\/logo\\\/image\\\/\"},\"sameAs\":[\"https:\\\/\\\/www.facebook.com\\\/elsupermercadomedico\"]}]}<\/script>\n<!-- \/ Yoast SEO plugin. -->","yoast_head_json":{"title":"MetriCide\u2122 28 \u2013 High-Level Disinfectant (1 Gal\u00f3n, Reusable 28 D\u00edas) &#8211; El Supermercado Medico","description":"MetriCide 28 desinfectante de alto nivel reutilizable por 28 d\u00edas. Ideal para dispositivos m\u00e9dicos cr\u00edticos, semicr\u00edticos y no cr\u00edticos. Presentaci\u00f3n de 1 gal\u00f3n para uso profesional.","robots":{"index":"index","follow":"follow","max-snippet":"max-snippet:-1","max-image-preview":"max-image-preview:large","max-video-preview":"max-video-preview:-1"},"canonical":"https:\/\/elsupermercadomedicopr.com\/es\/product\/metricide-28-desinfectante-alto-nivel\/","og_locale":"es_ES","og_type":"article","og_title":"MetriCide\u2122 28 \u2013 High-Level Disinfectant (1 Gal\u00f3n, Reusable 28 D\u00edas) &#8211; El Supermercado Medico","og_description":"MetriCide 28 desinfectante de alto nivel reutilizable por 28 d\u00edas. Ideal para dispositivos m\u00e9dicos cr\u00edticos, semicr\u00edticos y no cr\u00edticos. Presentaci\u00f3n de 1 gal\u00f3n para uso profesional.","og_url":"https:\/\/elsupermercadomedicopr.com\/es\/product\/metricide-28-desinfectante-alto-nivel\/","og_site_name":"El Supermercado Medico","article_publisher":"https:\/\/www.facebook.com\/elsupermercadomedico","article_modified_time":"2025-11-21T02:58:27+00:00","og_image":[{"width":540,"height":567,"url":"https:\/\/elsupermercadomedicopr.com\/wp-content\/uploads\/2025\/11\/image_2025-11-07_002022923.png","type":"image\/png"}],"twitter_card":"summary_large_image","twitter_misc":{"Est. reading time":"2 minutos"},"schema":{"@context":"https:\/\/schema.org","@graph":[{"@type":"WebPage","@id":"https:\/\/elsupermercadomedicopr.com\/product\/metricide-28-desinfectante-alto-nivel\/","url":"https:\/\/elsupermercadomedicopr.com\/product\/metricide-28-desinfectante-alto-nivel\/","name":"MetriCide\u2122 28 \u2013 High-Level Disinfectant (1 Gal\u00f3n, Reusable 28 D\u00edas) &#8211; El Supermercado Medico","isPartOf":{"@id":"http:\/\/elsupermercadomedicopr.com\/#website"},"primaryImageOfPage":{"@id":"https:\/\/elsupermercadomedicopr.com\/product\/metricide-28-desinfectante-alto-nivel\/#primaryimage"},"image":{"@id":"https:\/\/elsupermercadomedicopr.com\/product\/metricide-28-desinfectante-alto-nivel\/#primaryimage"},"thumbnailUrl":"https:\/\/elsupermercadomedicopr.com\/wp-content\/uploads\/2025\/11\/image_2025-11-07_002022923.png","datePublished":"2025-11-07T04:20:34+00:00","dateModified":"2025-11-21T02:58:27+00:00","description":"MetriCide 28 desinfectante de alto nivel reutilizable por 28 d\u00edas. Ideal para dispositivos m\u00e9dicos cr\u00edticos, semicr\u00edticos y no cr\u00edticos. Presentaci\u00f3n de 1 gal\u00f3n para uso profesional.","breadcrumb":{"@id":"https:\/\/elsupermercadomedicopr.com\/product\/metricide-28-desinfectante-alto-nivel\/#breadcrumb"},"inLanguage":"es","potentialAction":[{"@type":"ReadAction","target":["https:\/\/elsupermercadomedicopr.com\/product\/metricide-28-desinfectante-alto-nivel\/"]}]},{"@type":"ImageObject","inLanguage":"es","@id":"https:\/\/elsupermercadomedicopr.com\/product\/metricide-28-desinfectante-alto-nivel\/#primaryimage","url":"https:\/\/elsupermercadomedicopr.com\/wp-content\/uploads\/2025\/11\/image_2025-11-07_002022923.png","contentUrl":"https:\/\/elsupermercadomedicopr.com\/wp-content\/uploads\/2025\/11\/image_2025-11-07_002022923.png","width":540,"height":567},{"@type":"BreadcrumbList","@id":"https:\/\/elsupermercadomedicopr.com\/product\/metricide-28-desinfectante-alto-nivel\/#breadcrumb","itemListElement":[{"@type":"ListItem","position":1,"name":"Home","item":"https:\/\/elsupermercadomedicopr.com\/"},{"@type":"ListItem","position":2,"name":"Shop","item":"https:\/\/elsupermercadomedicopr.com\/shop\/"},{"@type":"ListItem","position":3,"name":"MetriCide\u2122 28 \u2013 High-Level Disinfectant (1 Gal\u00f3n, Reusable 28 D\u00edas)"}]},{"@type":"WebSite","@id":"http:\/\/elsupermercadomedicopr.com\/#website","url":"http:\/\/elsupermercadomedicopr.com\/","name":"El Supermercado Medico","description":"Tu alternativa en equipos m\u00e9dicos, sirviendo al profesional de la salud y al paciente convaleciente.","publisher":{"@id":"http:\/\/elsupermercadomedicopr.com\/#organization"},"potentialAction":[{"@type":"SearchAction","target":{"@type":"EntryPoint","urlTemplate":"http:\/\/elsupermercadomedicopr.com\/?s={search_term_string}"},"query-input":{"@type":"PropertyValueSpecification","valueRequired":true,"valueName":"search_term_string"}}],"inLanguage":"es"},{"@type":"Organization","@id":"http:\/\/elsupermercadomedicopr.com\/#organization","name":"El Supermercado Medico, Inc.","url":"http:\/\/elsupermercadomedicopr.com\/","logo":{"@type":"ImageObject","inLanguage":"es","@id":"http:\/\/elsupermercadomedicopr.com\/#\/schema\/logo\/image\/","url":"https:\/\/elsupermercadomedicopr.com\/wp-content\/uploads\/2025\/11\/cropped-Untitled-design-5.png","contentUrl":"https:\/\/elsupermercadomedicopr.com\/wp-content\/uploads\/2025\/11\/cropped-Untitled-design-5.png","width":512,"height":512,"caption":"El Supermercado Medico, Inc."},"image":{"@id":"http:\/\/elsupermercadomedicopr.com\/#\/schema\/logo\/image\/"},"sameAs":["https:\/\/www.facebook.com\/elsupermercadomedico"]}]}},"_links":{"self":[{"href":"https:\/\/elsupermercadomedicopr.com\/es\/wp-json\/wp\/v2\/product\/1462","targetHints":{"allow":["GET"]}}],"collection":[{"href":"https:\/\/elsupermercadomedicopr.com\/es\/wp-json\/wp\/v2\/product"}],"about":[{"href":"https:\/\/elsupermercadomedicopr.com\/es\/wp-json\/wp\/v2\/types\/product"}],"wp:featuredmedia":[{"embeddable":true,"href":"https:\/\/elsupermercadomedicopr.com\/es\/wp-json\/wp\/v2\/media\/1464"}],"wp:attachment":[{"href":"https:\/\/elsupermercadomedicopr.com\/es\/wp-json\/wp\/v2\/media?parent=1462"}],"wp:term":[{"taxonomy":"product_brand","embeddable":true,"href":"https:\/\/elsupermercadomedicopr.com\/es\/wp-json\/wp\/v2\/product_brand?post=1462"},{"taxonomy":"product_cat","embeddable":true,"href":"https:\/\/elsupermercadomedicopr.com\/es\/wp-json\/wp\/v2\/product_cat?post=1462"},{"taxonomy":"product_tag","embeddable":true,"href":"https:\/\/elsupermercadomedicopr.com\/es\/wp-json\/wp\/v2\/product_tag?post=1462"}],"curies":[{"name":"wp","href":"https:\/\/api.w.org\/{rel}","templated":true}]}}