{"id":1456,"date":"2025-11-07T04:15:54","date_gmt":"2025-11-07T04:15:54","guid":{"rendered":"https:\/\/elsupermercadomedicopr.com\/?post_type=product&#038;p=1456"},"modified":"2025-11-21T02:58:27","modified_gmt":"2025-11-21T02:58:27","slug":"x-effect-desinfectante-concentrado","status":"publish","type":"product","link":"https:\/\/elsupermercadomedicopr.com\/es\/product\/x-effect-desinfectante-concentrado\/","title":{"rendered":"X-EFFECT \u2013 Limpiador y Desinfectante Concentrado No Alcalino (Mata 99.9% de Bacterias en 30 Segundos)"},"content":{"rendered":"<p data-start=\"753\" data-end=\"969\"><strong data-start=\"753\" data-end=\"765\">X-EFFECT<\/strong> es un <strong data-start=\"772\" data-end=\"825\">limpiador y desinfectante concentrado no alcalino<\/strong>, dise\u00f1ado especialmente para la desinfecci\u00f3n r\u00e1pida y efectiva de <strong data-start=\"892\" data-end=\"966\">pisos brillosos, ba\u00f1os, \u00e1reas de alto tr\u00e1fico y superficies no porosas<\/strong>.<\/p>\n<p data-start=\"971\" data-end=\"1315\">A solo <strong data-start=\"978\" data-end=\"996\">2 oz por gal\u00f3n<\/strong>, X-EFFECT elimina el <strong data-start=\"1018\" data-end=\"1068\">99.9% de las bacterias en tan solo 30 segundos<\/strong>, proporcionando una limpieza profunda con un rendimiento altamente econ\u00f3mico. Su f\u00f3rmula es compatible con requerimientos de limpieza seg\u00fan el <strong data-start=\"1212\" data-end=\"1244\">Bloodborne Pathogen Standard<\/strong>, siendo ideal para entornos cl\u00ednicos, institucionales y comerciales.<\/p>\n<p data-start=\"1317\" data-end=\"1469\">X-EFFECT es eficaz contra una amplia gama de pat\u00f3genos, incluyendo:<br data-start=\"1384\" data-end=\"1387\" \/>\u2705 <strong data-start=\"1389\" data-end=\"1410\">Hepatitis C (HCV)<\/strong><br data-start=\"1410\" data-end=\"1413\" \/>\u2705 <strong data-start=\"1415\" data-end=\"1436\">Hepatitis B (HBV)<\/strong><br data-start=\"1436\" data-end=\"1439\" \/>\u2705 <strong data-start=\"1441\" data-end=\"1467\">HIV-1 (Virus del SIDA)<\/strong><\/p>\n<p data-start=\"1471\" data-end=\"1638\">Esto lo convierte en un desinfectante confiable para hospitales, consultorios, escuelas, oficinas, gimnasios, comercios y \u00e1reas donde se requiere sanitizaci\u00f3n cr\u00edtica.<\/p>\n<hr data-start=\"1640\" data-end=\"1643\" \/>\n<h2 data-start=\"1645\" data-end=\"1674\">\u2705 Beneficios principales<\/h2>\n<ul data-start=\"1675\" data-end=\"2049\">\n<li data-start=\"1675\" data-end=\"1717\">\n<p data-start=\"1677\" data-end=\"1717\">Desinfectante no alcalino concentrado.<\/p>\n<\/li>\n<li data-start=\"1718\" data-end=\"1768\">\n<p data-start=\"1720\" data-end=\"1768\">Mata el <strong data-start=\"1728\" data-end=\"1765\">99.9% de bacterias en 30 segundos<\/strong>.<\/p>\n<\/li>\n<li data-start=\"1769\" data-end=\"1808\">\n<p data-start=\"1771\" data-end=\"1808\">Eficaz contra <strong data-start=\"1785\" data-end=\"1805\">HCV, HBV y HIV-1<\/strong>.<\/p>\n<\/li>\n<li data-start=\"1809\" data-end=\"1864\">\n<p data-start=\"1811\" data-end=\"1864\">Compatible con el <strong data-start=\"1829\" data-end=\"1861\">Bloodborne Pathogen Standard<\/strong>.<\/p>\n<\/li>\n<li data-start=\"1865\" data-end=\"1925\">\n<p data-start=\"1867\" data-end=\"1925\">Solo requiere <strong data-start=\"1881\" data-end=\"1899\">2 oz por gal\u00f3n<\/strong> para limpieza efectiva.<\/p>\n<\/li>\n<li data-start=\"1926\" data-end=\"1989\">\n<p data-start=\"1928\" data-end=\"1989\">Ideal para pisos brillosos, ba\u00f1os y superficies no porosas.<\/p>\n<\/li>\n<li data-start=\"1990\" data-end=\"2049\">\n<p data-start=\"1992\" data-end=\"2049\">F\u00f3rmula profesional para uso institucional o comercial.<\/p>\n<\/li>\n<\/ul>\n<hr data-start=\"2051\" data-end=\"2054\" \/>\n<h2 data-start=\"2056\" data-end=\"2080\">\ud83d\udccc Especificaciones<\/h2>\n<ul data-start=\"2081\" data-end=\"2406\">\n<li data-start=\"2081\" data-end=\"2100\">\n<p data-start=\"2083\" data-end=\"2100\">Marca: X-EFFECT<\/p>\n<\/li>\n<li data-start=\"2101\" data-end=\"2146\">\n<p data-start=\"2103\" data-end=\"2146\">Tipo: Limpiador desinfectante concentrado<\/p>\n<\/li>\n<li data-start=\"2147\" data-end=\"2171\">\n<p data-start=\"2149\" data-end=\"2171\">F\u00f3rmula: No alcalina<\/p>\n<\/li>\n<li data-start=\"2172\" data-end=\"2220\">\n<p data-start=\"2174\" data-end=\"2220\">Diluci\u00f3n recomendada: 2 oz por gal\u00f3n de agua<\/p>\n<\/li>\n<li data-start=\"2221\" data-end=\"2273\">\n<p data-start=\"2223\" data-end=\"2273\">Pat\u00f3genos eliminados: Bacterias, HCV, HBV, HIV-1<\/p>\n<\/li>\n<li data-start=\"2274\" data-end=\"2340\">\n<p data-start=\"2276\" data-end=\"2340\">Presentaci\u00f3n: Gal\u00f3n (si deseas, la indico al confirmar tama\u00f1o)<\/p>\n<\/li>\n<li data-start=\"2341\" data-end=\"2383\">\n<p data-start=\"2343\" data-end=\"2383\">Uso: Cl\u00ednico, comercial, institucional<\/p>\n<\/li>\n<\/ul>","protected":false},"excerpt":{"rendered":"<p>X-EFFECT es un limpiador desinfectante no alcalino concentrado. Mata el 99.9% de bacterias en 30 segundos y elimina HCV, HBV y HIV-1. Ideal para pisos brillosos, ba\u00f1os y superficies no porosas.<\/p>","protected":false},"featured_media":1457,"template":"","meta":[],"product_brand":[],"product_cat":[41],"product_tag":[],"class_list":{"0":"post-1456","1":"product","2":"type-product","3":"status-publish","4":"has-post-thumbnail","6":"product_cat-manejo-de-desperdicios-biomedicos","8":"first","9":"instock","10":"taxable","11":"shipping-taxable","12":"purchasable","13":"product-type-simple"},"yoast_head":"<!-- This site is optimized with the Yoast SEO plugin v27.4 - https:\/\/yoast.com\/product\/yoast-seo-wordpress\/ -->\n<title>X-EFFECT \u2013 Limpiador y Desinfectante Concentrado No Alcalino (Mata 99.9% de Bacterias en 30 Segundos) &#8211; El Supermercado Medico<\/title>\n<meta name=\"description\" content=\"Desinfectante concentrado X-EFFECT no alcalino. Mata 99.9% de bacterias en 30 segundos y elimina HCV, HBV y HIV-1. Ideal para pisos brillosos, ba\u00f1os y superficies no porosas.\" \/>\n<meta name=\"robots\" content=\"index, follow, max-snippet:-1, max-image-preview:large, max-video-preview:-1\" \/>\n<link rel=\"canonical\" href=\"https:\/\/elsupermercadomedicopr.com\/es\/product\/x-effect-desinfectante-concentrado\/\" \/>\n<meta property=\"og:locale\" content=\"es_ES\" \/>\n<meta property=\"og:type\" content=\"article\" \/>\n<meta property=\"og:title\" content=\"X-EFFECT \u2013 Limpiador y Desinfectante Concentrado No Alcalino (Mata 99.9% de Bacterias en 30 Segundos) &#8211; El Supermercado Medico\" \/>\n<meta property=\"og:description\" content=\"Desinfectante concentrado X-EFFECT no alcalino. Mata 99.9% de bacterias en 30 segundos y elimina HCV, HBV y HIV-1. Ideal para pisos brillosos, ba\u00f1os y superficies no porosas.\" \/>\n<meta property=\"og:url\" content=\"https:\/\/elsupermercadomedicopr.com\/es\/product\/x-effect-desinfectante-concentrado\/\" \/>\n<meta property=\"og:site_name\" content=\"El Supermercado Medico\" \/>\n<meta property=\"article:publisher\" content=\"https:\/\/www.facebook.com\/elsupermercadomedico\" \/>\n<meta property=\"article:modified_time\" content=\"2025-11-21T02:58:27+00:00\" \/>\n<meta property=\"og:image\" content=\"https:\/\/elsupermercadomedicopr.com\/wp-content\/uploads\/2025\/11\/image_2025-11-07_001543608.png\" \/>\n\t<meta property=\"og:image:width\" content=\"393\" \/>\n\t<meta property=\"og:image:height\" content=\"550\" \/>\n\t<meta property=\"og:image:type\" content=\"image\/png\" \/>\n<meta name=\"twitter:card\" content=\"summary_large_image\" \/>\n<meta name=\"twitter:label1\" content=\"Est. reading time\" \/>\n\t<meta name=\"twitter:data1\" content=\"2 minutos\" \/>\n<script type=\"application\/ld+json\" class=\"yoast-schema-graph\">{\"@context\":\"https:\\\/\\\/schema.org\",\"@graph\":[{\"@type\":\"WebPage\",\"@id\":\"https:\\\/\\\/elsupermercadomedicopr.com\\\/product\\\/x-effect-desinfectante-concentrado\\\/\",\"url\":\"https:\\\/\\\/elsupermercadomedicopr.com\\\/product\\\/x-effect-desinfectante-concentrado\\\/\",\"name\":\"X-EFFECT \u2013 Limpiador y Desinfectante Concentrado No Alcalino (Mata 99.9% de Bacterias en 30 Segundos) &#8211; El Supermercado Medico\",\"isPartOf\":{\"@id\":\"http:\\\/\\\/elsupermercadomedicopr.com\\\/#website\"},\"primaryImageOfPage\":{\"@id\":\"https:\\\/\\\/elsupermercadomedicopr.com\\\/product\\\/x-effect-desinfectante-concentrado\\\/#primaryimage\"},\"image\":{\"@id\":\"https:\\\/\\\/elsupermercadomedicopr.com\\\/product\\\/x-effect-desinfectante-concentrado\\\/#primaryimage\"},\"thumbnailUrl\":\"https:\\\/\\\/elsupermercadomedicopr.com\\\/wp-content\\\/uploads\\\/2025\\\/11\\\/image_2025-11-07_001543608.png\",\"datePublished\":\"2025-11-07T04:15:54+00:00\",\"dateModified\":\"2025-11-21T02:58:27+00:00\",\"description\":\"Desinfectante concentrado X-EFFECT no alcalino. Mata 99.9% de bacterias en 30 segundos y elimina HCV, HBV y HIV-1. Ideal para pisos brillosos, ba\u00f1os y superficies no porosas.\",\"breadcrumb\":{\"@id\":\"https:\\\/\\\/elsupermercadomedicopr.com\\\/product\\\/x-effect-desinfectante-concentrado\\\/#breadcrumb\"},\"inLanguage\":\"es\",\"potentialAction\":[{\"@type\":\"ReadAction\",\"target\":[\"https:\\\/\\\/elsupermercadomedicopr.com\\\/product\\\/x-effect-desinfectante-concentrado\\\/\"]}]},{\"@type\":\"ImageObject\",\"inLanguage\":\"es\",\"@id\":\"https:\\\/\\\/elsupermercadomedicopr.com\\\/product\\\/x-effect-desinfectante-concentrado\\\/#primaryimage\",\"url\":\"https:\\\/\\\/elsupermercadomedicopr.com\\\/wp-content\\\/uploads\\\/2025\\\/11\\\/image_2025-11-07_001543608.png\",\"contentUrl\":\"https:\\\/\\\/elsupermercadomedicopr.com\\\/wp-content\\\/uploads\\\/2025\\\/11\\\/image_2025-11-07_001543608.png\",\"width\":393,\"height\":550},{\"@type\":\"BreadcrumbList\",\"@id\":\"https:\\\/\\\/elsupermercadomedicopr.com\\\/product\\\/x-effect-desinfectante-concentrado\\\/#breadcrumb\",\"itemListElement\":[{\"@type\":\"ListItem\",\"position\":1,\"name\":\"Home\",\"item\":\"https:\\\/\\\/elsupermercadomedicopr.com\\\/\"},{\"@type\":\"ListItem\",\"position\":2,\"name\":\"Shop\",\"item\":\"https:\\\/\\\/elsupermercadomedicopr.com\\\/shop\\\/\"},{\"@type\":\"ListItem\",\"position\":3,\"name\":\"X-EFFECT \u2013 Limpiador y Desinfectante Concentrado No Alcalino (Mata 99.9% de Bacterias en 30 Segundos)\"}]},{\"@type\":\"WebSite\",\"@id\":\"http:\\\/\\\/elsupermercadomedicopr.com\\\/#website\",\"url\":\"http:\\\/\\\/elsupermercadomedicopr.com\\\/\",\"name\":\"El Supermercado Medico\",\"description\":\"Tu alternativa en equipos m\u00e9dicos, sirviendo al profesional de la salud y al paciente convaleciente.\",\"publisher\":{\"@id\":\"http:\\\/\\\/elsupermercadomedicopr.com\\\/#organization\"},\"potentialAction\":[{\"@type\":\"SearchAction\",\"target\":{\"@type\":\"EntryPoint\",\"urlTemplate\":\"http:\\\/\\\/elsupermercadomedicopr.com\\\/?s={search_term_string}\"},\"query-input\":{\"@type\":\"PropertyValueSpecification\",\"valueRequired\":true,\"valueName\":\"search_term_string\"}}],\"inLanguage\":\"es\"},{\"@type\":\"Organization\",\"@id\":\"http:\\\/\\\/elsupermercadomedicopr.com\\\/#organization\",\"name\":\"El Supermercado Medico, Inc.\",\"url\":\"http:\\\/\\\/elsupermercadomedicopr.com\\\/\",\"logo\":{\"@type\":\"ImageObject\",\"inLanguage\":\"es\",\"@id\":\"http:\\\/\\\/elsupermercadomedicopr.com\\\/#\\\/schema\\\/logo\\\/image\\\/\",\"url\":\"https:\\\/\\\/elsupermercadomedicopr.com\\\/wp-content\\\/uploads\\\/2025\\\/11\\\/cropped-Untitled-design-5.png\",\"contentUrl\":\"https:\\\/\\\/elsupermercadomedicopr.com\\\/wp-content\\\/uploads\\\/2025\\\/11\\\/cropped-Untitled-design-5.png\",\"width\":512,\"height\":512,\"caption\":\"El Supermercado Medico, Inc.\"},\"image\":{\"@id\":\"http:\\\/\\\/elsupermercadomedicopr.com\\\/#\\\/schema\\\/logo\\\/image\\\/\"},\"sameAs\":[\"https:\\\/\\\/www.facebook.com\\\/elsupermercadomedico\"]}]}<\/script>\n<!-- \/ Yoast SEO plugin. -->","yoast_head_json":{"title":"X-EFFECT \u2013 Limpiador y Desinfectante Concentrado No Alcalino (Mata 99.9% de Bacterias en 30 Segundos) &#8211; El Supermercado Medico","description":"Desinfectante concentrado X-EFFECT no alcalino. Mata 99.9% de bacterias en 30 segundos y elimina HCV, HBV y HIV-1. Ideal para pisos brillosos, ba\u00f1os y superficies no porosas.","robots":{"index":"index","follow":"follow","max-snippet":"max-snippet:-1","max-image-preview":"max-image-preview:large","max-video-preview":"max-video-preview:-1"},"canonical":"https:\/\/elsupermercadomedicopr.com\/es\/product\/x-effect-desinfectante-concentrado\/","og_locale":"es_ES","og_type":"article","og_title":"X-EFFECT \u2013 Limpiador y Desinfectante Concentrado No Alcalino (Mata 99.9% de Bacterias en 30 Segundos) &#8211; El Supermercado Medico","og_description":"Desinfectante concentrado X-EFFECT no alcalino. Mata 99.9% de bacterias en 30 segundos y elimina HCV, HBV y HIV-1. Ideal para pisos brillosos, ba\u00f1os y superficies no porosas.","og_url":"https:\/\/elsupermercadomedicopr.com\/es\/product\/x-effect-desinfectante-concentrado\/","og_site_name":"El Supermercado Medico","article_publisher":"https:\/\/www.facebook.com\/elsupermercadomedico","article_modified_time":"2025-11-21T02:58:27+00:00","og_image":[{"width":393,"height":550,"url":"https:\/\/elsupermercadomedicopr.com\/wp-content\/uploads\/2025\/11\/image_2025-11-07_001543608.png","type":"image\/png"}],"twitter_card":"summary_large_image","twitter_misc":{"Est. reading time":"2 minutos"},"schema":{"@context":"https:\/\/schema.org","@graph":[{"@type":"WebPage","@id":"https:\/\/elsupermercadomedicopr.com\/product\/x-effect-desinfectante-concentrado\/","url":"https:\/\/elsupermercadomedicopr.com\/product\/x-effect-desinfectante-concentrado\/","name":"X-EFFECT \u2013 Limpiador y Desinfectante Concentrado No Alcalino (Mata 99.9% de Bacterias en 30 Segundos) &#8211; El Supermercado Medico","isPartOf":{"@id":"http:\/\/elsupermercadomedicopr.com\/#website"},"primaryImageOfPage":{"@id":"https:\/\/elsupermercadomedicopr.com\/product\/x-effect-desinfectante-concentrado\/#primaryimage"},"image":{"@id":"https:\/\/elsupermercadomedicopr.com\/product\/x-effect-desinfectante-concentrado\/#primaryimage"},"thumbnailUrl":"https:\/\/elsupermercadomedicopr.com\/wp-content\/uploads\/2025\/11\/image_2025-11-07_001543608.png","datePublished":"2025-11-07T04:15:54+00:00","dateModified":"2025-11-21T02:58:27+00:00","description":"Desinfectante concentrado X-EFFECT no alcalino. Mata 99.9% de bacterias en 30 segundos y elimina HCV, HBV y HIV-1. Ideal para pisos brillosos, ba\u00f1os y superficies no porosas.","breadcrumb":{"@id":"https:\/\/elsupermercadomedicopr.com\/product\/x-effect-desinfectante-concentrado\/#breadcrumb"},"inLanguage":"es","potentialAction":[{"@type":"ReadAction","target":["https:\/\/elsupermercadomedicopr.com\/product\/x-effect-desinfectante-concentrado\/"]}]},{"@type":"ImageObject","inLanguage":"es","@id":"https:\/\/elsupermercadomedicopr.com\/product\/x-effect-desinfectante-concentrado\/#primaryimage","url":"https:\/\/elsupermercadomedicopr.com\/wp-content\/uploads\/2025\/11\/image_2025-11-07_001543608.png","contentUrl":"https:\/\/elsupermercadomedicopr.com\/wp-content\/uploads\/2025\/11\/image_2025-11-07_001543608.png","width":393,"height":550},{"@type":"BreadcrumbList","@id":"https:\/\/elsupermercadomedicopr.com\/product\/x-effect-desinfectante-concentrado\/#breadcrumb","itemListElement":[{"@type":"ListItem","position":1,"name":"Home","item":"https:\/\/elsupermercadomedicopr.com\/"},{"@type":"ListItem","position":2,"name":"Shop","item":"https:\/\/elsupermercadomedicopr.com\/shop\/"},{"@type":"ListItem","position":3,"name":"X-EFFECT \u2013 Limpiador y Desinfectante Concentrado No Alcalino (Mata 99.9% de Bacterias en 30 Segundos)"}]},{"@type":"WebSite","@id":"http:\/\/elsupermercadomedicopr.com\/#website","url":"http:\/\/elsupermercadomedicopr.com\/","name":"El Supermercado Medico","description":"Tu alternativa en equipos m\u00e9dicos, sirviendo al profesional de la salud y al paciente convaleciente.","publisher":{"@id":"http:\/\/elsupermercadomedicopr.com\/#organization"},"potentialAction":[{"@type":"SearchAction","target":{"@type":"EntryPoint","urlTemplate":"http:\/\/elsupermercadomedicopr.com\/?s={search_term_string}"},"query-input":{"@type":"PropertyValueSpecification","valueRequired":true,"valueName":"search_term_string"}}],"inLanguage":"es"},{"@type":"Organization","@id":"http:\/\/elsupermercadomedicopr.com\/#organization","name":"El Supermercado Medico, Inc.","url":"http:\/\/elsupermercadomedicopr.com\/","logo":{"@type":"ImageObject","inLanguage":"es","@id":"http:\/\/elsupermercadomedicopr.com\/#\/schema\/logo\/image\/","url":"https:\/\/elsupermercadomedicopr.com\/wp-content\/uploads\/2025\/11\/cropped-Untitled-design-5.png","contentUrl":"https:\/\/elsupermercadomedicopr.com\/wp-content\/uploads\/2025\/11\/cropped-Untitled-design-5.png","width":512,"height":512,"caption":"El Supermercado Medico, Inc."},"image":{"@id":"http:\/\/elsupermercadomedicopr.com\/#\/schema\/logo\/image\/"},"sameAs":["https:\/\/www.facebook.com\/elsupermercadomedico"]}]}},"_links":{"self":[{"href":"https:\/\/elsupermercadomedicopr.com\/es\/wp-json\/wp\/v2\/product\/1456","targetHints":{"allow":["GET"]}}],"collection":[{"href":"https:\/\/elsupermercadomedicopr.com\/es\/wp-json\/wp\/v2\/product"}],"about":[{"href":"https:\/\/elsupermercadomedicopr.com\/es\/wp-json\/wp\/v2\/types\/product"}],"wp:featuredmedia":[{"embeddable":true,"href":"https:\/\/elsupermercadomedicopr.com\/es\/wp-json\/wp\/v2\/media\/1457"}],"wp:attachment":[{"href":"https:\/\/elsupermercadomedicopr.com\/es\/wp-json\/wp\/v2\/media?parent=1456"}],"wp:term":[{"taxonomy":"product_brand","embeddable":true,"href":"https:\/\/elsupermercadomedicopr.com\/es\/wp-json\/wp\/v2\/product_brand?post=1456"},{"taxonomy":"product_cat","embeddable":true,"href":"https:\/\/elsupermercadomedicopr.com\/es\/wp-json\/wp\/v2\/product_cat?post=1456"},{"taxonomy":"product_tag","embeddable":true,"href":"https:\/\/elsupermercadomedicopr.com\/es\/wp-json\/wp\/v2\/product_tag?post=1456"}],"curies":[{"name":"wp","href":"https:\/\/api.w.org\/{rel}","templated":true}]}}