{"id":1332,"date":"2025-11-05T01:23:32","date_gmt":"2025-11-05T01:23:32","guid":{"rendered":"https:\/\/elsupermercadomedicopr.com\/?post_type=product&#038;p=1332"},"modified":"2025-11-21T02:58:31","modified_gmt":"2025-11-21T02:58:31","slug":"tapones-de-silicona-ultrasuave-para-oidos-quality-choice","status":"publish","type":"product","link":"https:\/\/elsupermercadomedicopr.com\/es\/product\/tapones-de-silicona-ultrasuave-para-oidos-quality-choice\/","title":{"rendered":"QUALITY CHOICE \u2013 Tapones de Silicona Ultrasuave para O\u00eddos, Reutilizables y Resistentes al Agua (2 Pares)"},"content":{"rendered":"<p data-start=\"716\" data-end=\"1121\">Los <strong data-start=\"768\" data-end=\"838\">tapones de silicona ultrasuave para o\u00eddos Quality Choice (QC96989)<\/strong> ofrecen <strong data-start=\"847\" data-end=\"896\">protecci\u00f3n efectiva contra el ruido y el agua<\/strong>, brindando comodidad y seguridad en m\u00faltiples situaciones. Con un <strong data-start=\"963\" data-end=\"1018\">\u00edndice de reducci\u00f3n de ruido (NRR) de 22 decibelios<\/strong>, ayudan a bloquear sonidos no deseados, ideales para dormir, estudiar, trabajar o asistir a eventos.<\/p>\n<p data-start=\"1123\" data-end=\"1407\">Fabricados con <strong data-start=\"1138\" data-end=\"1175\">silicona flexible de grado m\u00e9dico<\/strong>, se adaptan al contorno del o\u00eddo para lograr un <strong data-start=\"1224\" data-end=\"1262\">ajuste seguro, suave y sin presi\u00f3n<\/strong>, incluso durante el uso prolongado. Adem\u00e1s, son <strong data-start=\"1311\" data-end=\"1343\">impermeables y reutilizables<\/strong>, perfectos para actividades como <strong data-start=\"1377\" data-end=\"1404\">nadar, ducharse o volar<\/strong>.<\/p>\n<p data-start=\"1409\" data-end=\"1577\">Estos tapones son de <strong data-start=\"1430\" data-end=\"1450\">tama\u00f1o universal<\/strong>, f\u00e1ciles de moldear y limpiar, ofreciendo una alternativa higi\u00e9nica, econ\u00f3mica y confiable frente a los tapones desechables.<\/p>\n<p data-start=\"1579\" data-end=\"1608\"><strong data-start=\"1579\" data-end=\"1606\">Beneficios principales:<\/strong><\/p>\n<ul data-start=\"1609\" data-end=\"1866\">\n<li data-start=\"1609\" data-end=\"1647\">\n<p data-start=\"1611\" data-end=\"1647\">Reducci\u00f3n de ruido de hasta 22 dB.<\/p>\n<\/li>\n<li data-start=\"1648\" data-end=\"1703\">\n<p data-start=\"1650\" data-end=\"1703\">Fabricados con silicona ultrasuave de alta calidad.<\/p>\n<\/li>\n<li data-start=\"1704\" data-end=\"1759\">\n<p data-start=\"1706\" data-end=\"1759\">Resistentes al agua, ideales para nadar o ducharse.<\/p>\n<\/li>\n<li data-start=\"1760\" data-end=\"1805\">\n<p data-start=\"1762\" data-end=\"1805\">Reutilizables, hipoalerg\u00e9nicos y c\u00f3modos.<\/p>\n<\/li>\n<li data-start=\"1806\" data-end=\"1866\">\n<p data-start=\"1808\" data-end=\"1866\">Aptos para dormir, estudiar, viajar o asistir a eventos.<\/p>\n<\/li>\n<\/ul>\n<p data-start=\"1868\" data-end=\"1891\"><strong data-start=\"1868\" data-end=\"1889\">Especificaciones:<\/strong><\/p>\n<ul data-start=\"1892\" data-end=\"2101\">\n<li data-start=\"1892\" data-end=\"1917\">\n<p data-start=\"1894\" data-end=\"1917\">Marca: Quality Choice<\/p>\n<\/li>\n<li data-start=\"1918\" data-end=\"1937\">\n<p data-start=\"1920\" data-end=\"1937\">Modelo: QC96989<\/p>\n<\/li>\n<li data-start=\"1938\" data-end=\"1982\">\n<p data-start=\"1940\" data-end=\"1982\">Material: Silicona ultrasuave y flexible<\/p>\n<\/li>\n<li data-start=\"1983\" data-end=\"2021\">\n<p data-start=\"1985\" data-end=\"2021\">Nivel de reducci\u00f3n de ruido: 22 dB<\/p>\n<\/li>\n<li data-start=\"2022\" data-end=\"2047\">\n<p data-start=\"2024\" data-end=\"2047\">Presentaci\u00f3n: 2 pares<\/p>\n<\/li>\n<\/ul>","protected":false},"excerpt":{"rendered":"<p data-start=\"515\" data-end=\"714\">Tapones de silicona ultrasuave Quality Choice con reducci\u00f3n de ruido de 22 dB. Reutilizables, c\u00f3modos y resistentes al agua, ideales para dormir, nadar o viajar.<\/p>\n<p data-start=\"716\" data-end=\"1121\">","protected":false},"featured_media":1333,"template":"","meta":[],"product_brand":[51],"product_cat":[15],"product_tag":[],"class_list":{"0":"post-1332","1":"product","2":"type-product","3":"status-publish","4":"has-post-thumbnail","6":"product_brand-quality-choice","7":"product_cat-cuidado_personal","9":"first","10":"instock","11":"taxable","12":"shipping-taxable","13":"purchasable","14":"product-type-simple"},"yoast_head":"<!-- This site is optimized with the Yoast SEO plugin v27.4 - https:\/\/yoast.com\/product\/yoast-seo-wordpress\/ -->\n<title>QUALITY CHOICE \u2013 Tapones de Silicona Ultrasuave para O\u00eddos, Reutilizables y Resistentes al Agua (2 Pares) &#8211; El Supermercado Medico<\/title>\n<meta name=\"description\" content=\"Tapones de silicona ultrasuave Quality Choice con reducci\u00f3n de ruido de 22 dB. Reutilizables, resistentes al agua y c\u00f3modos para dormir, nadar o viajar.\" \/>\n<meta name=\"robots\" content=\"index, follow, max-snippet:-1, max-image-preview:large, max-video-preview:-1\" \/>\n<link rel=\"canonical\" href=\"https:\/\/elsupermercadomedicopr.com\/es\/product\/tapones-de-silicona-ultrasuave-para-oidos-quality-choice\/\" \/>\n<meta property=\"og:locale\" content=\"es_ES\" \/>\n<meta property=\"og:type\" content=\"article\" \/>\n<meta property=\"og:title\" content=\"QUALITY CHOICE \u2013 Tapones de Silicona Ultrasuave para O\u00eddos, Reutilizables y Resistentes al Agua (2 Pares) &#8211; El Supermercado Medico\" \/>\n<meta property=\"og:description\" content=\"Tapones de silicona ultrasuave Quality Choice con reducci\u00f3n de ruido de 22 dB. Reutilizables, resistentes al agua y c\u00f3modos para dormir, nadar o viajar.\" \/>\n<meta property=\"og:url\" content=\"https:\/\/elsupermercadomedicopr.com\/es\/product\/tapones-de-silicona-ultrasuave-para-oidos-quality-choice\/\" \/>\n<meta property=\"og:site_name\" content=\"El Supermercado Medico\" \/>\n<meta property=\"article:publisher\" content=\"https:\/\/www.facebook.com\/elsupermercadomedico\" \/>\n<meta property=\"article:modified_time\" content=\"2025-11-21T02:58:31+00:00\" \/>\n<meta property=\"og:image\" content=\"https:\/\/elsupermercadomedicopr.com\/wp-content\/uploads\/2025\/11\/image_2025-11-04_212301608.png\" \/>\n\t<meta property=\"og:image:width\" content=\"600\" \/>\n\t<meta property=\"og:image:height\" content=\"601\" \/>\n\t<meta property=\"og:image:type\" content=\"image\/png\" \/>\n<meta name=\"twitter:card\" content=\"summary_large_image\" \/>\n<meta name=\"twitter:label1\" content=\"Est. reading time\" \/>\n\t<meta name=\"twitter:data1\" content=\"1 minuto\" \/>\n<script type=\"application\/ld+json\" class=\"yoast-schema-graph\">{\"@context\":\"https:\\\/\\\/schema.org\",\"@graph\":[{\"@type\":\"WebPage\",\"@id\":\"https:\\\/\\\/elsupermercadomedicopr.com\\\/product\\\/tapones-de-silicona-ultrasuave-para-oidos-quality-choice\\\/\",\"url\":\"https:\\\/\\\/elsupermercadomedicopr.com\\\/product\\\/tapones-de-silicona-ultrasuave-para-oidos-quality-choice\\\/\",\"name\":\"QUALITY CHOICE \u2013 Tapones de Silicona Ultrasuave para O\u00eddos, Reutilizables y Resistentes al Agua (2 Pares) &#8211; El Supermercado Medico\",\"isPartOf\":{\"@id\":\"http:\\\/\\\/elsupermercadomedicopr.com\\\/#website\"},\"primaryImageOfPage\":{\"@id\":\"https:\\\/\\\/elsupermercadomedicopr.com\\\/product\\\/tapones-de-silicona-ultrasuave-para-oidos-quality-choice\\\/#primaryimage\"},\"image\":{\"@id\":\"https:\\\/\\\/elsupermercadomedicopr.com\\\/product\\\/tapones-de-silicona-ultrasuave-para-oidos-quality-choice\\\/#primaryimage\"},\"thumbnailUrl\":\"https:\\\/\\\/elsupermercadomedicopr.com\\\/wp-content\\\/uploads\\\/2025\\\/11\\\/image_2025-11-04_212301608.png\",\"datePublished\":\"2025-11-05T01:23:32+00:00\",\"dateModified\":\"2025-11-21T02:58:31+00:00\",\"description\":\"Tapones de silicona ultrasuave Quality Choice con reducci\u00f3n de ruido de 22 dB. Reutilizables, resistentes al agua y c\u00f3modos para dormir, nadar o viajar.\",\"breadcrumb\":{\"@id\":\"https:\\\/\\\/elsupermercadomedicopr.com\\\/product\\\/tapones-de-silicona-ultrasuave-para-oidos-quality-choice\\\/#breadcrumb\"},\"inLanguage\":\"es\",\"potentialAction\":[{\"@type\":\"ReadAction\",\"target\":[\"https:\\\/\\\/elsupermercadomedicopr.com\\\/product\\\/tapones-de-silicona-ultrasuave-para-oidos-quality-choice\\\/\"]}]},{\"@type\":\"ImageObject\",\"inLanguage\":\"es\",\"@id\":\"https:\\\/\\\/elsupermercadomedicopr.com\\\/product\\\/tapones-de-silicona-ultrasuave-para-oidos-quality-choice\\\/#primaryimage\",\"url\":\"https:\\\/\\\/elsupermercadomedicopr.com\\\/wp-content\\\/uploads\\\/2025\\\/11\\\/image_2025-11-04_212301608.png\",\"contentUrl\":\"https:\\\/\\\/elsupermercadomedicopr.com\\\/wp-content\\\/uploads\\\/2025\\\/11\\\/image_2025-11-04_212301608.png\",\"width\":600,\"height\":601},{\"@type\":\"BreadcrumbList\",\"@id\":\"https:\\\/\\\/elsupermercadomedicopr.com\\\/product\\\/tapones-de-silicona-ultrasuave-para-oidos-quality-choice\\\/#breadcrumb\",\"itemListElement\":[{\"@type\":\"ListItem\",\"position\":1,\"name\":\"Home\",\"item\":\"https:\\\/\\\/elsupermercadomedicopr.com\\\/\"},{\"@type\":\"ListItem\",\"position\":2,\"name\":\"Shop\",\"item\":\"https:\\\/\\\/elsupermercadomedicopr.com\\\/shop\\\/\"},{\"@type\":\"ListItem\",\"position\":3,\"name\":\"QUALITY CHOICE \u2013 Tapones de Silicona Ultrasuave para O\u00eddos, Reutilizables y Resistentes al Agua (2 Pares)\"}]},{\"@type\":\"WebSite\",\"@id\":\"http:\\\/\\\/elsupermercadomedicopr.com\\\/#website\",\"url\":\"http:\\\/\\\/elsupermercadomedicopr.com\\\/\",\"name\":\"El Supermercado Medico\",\"description\":\"Tu alternativa en equipos m\u00e9dicos, sirviendo al profesional de la salud y al paciente convaleciente.\",\"publisher\":{\"@id\":\"http:\\\/\\\/elsupermercadomedicopr.com\\\/#organization\"},\"potentialAction\":[{\"@type\":\"SearchAction\",\"target\":{\"@type\":\"EntryPoint\",\"urlTemplate\":\"http:\\\/\\\/elsupermercadomedicopr.com\\\/?s={search_term_string}\"},\"query-input\":{\"@type\":\"PropertyValueSpecification\",\"valueRequired\":true,\"valueName\":\"search_term_string\"}}],\"inLanguage\":\"es\"},{\"@type\":\"Organization\",\"@id\":\"http:\\\/\\\/elsupermercadomedicopr.com\\\/#organization\",\"name\":\"El Supermercado Medico, Inc.\",\"url\":\"http:\\\/\\\/elsupermercadomedicopr.com\\\/\",\"logo\":{\"@type\":\"ImageObject\",\"inLanguage\":\"es\",\"@id\":\"http:\\\/\\\/elsupermercadomedicopr.com\\\/#\\\/schema\\\/logo\\\/image\\\/\",\"url\":\"https:\\\/\\\/elsupermercadomedicopr.com\\\/wp-content\\\/uploads\\\/2025\\\/11\\\/cropped-Untitled-design-5.png\",\"contentUrl\":\"https:\\\/\\\/elsupermercadomedicopr.com\\\/wp-content\\\/uploads\\\/2025\\\/11\\\/cropped-Untitled-design-5.png\",\"width\":512,\"height\":512,\"caption\":\"El Supermercado Medico, Inc.\"},\"image\":{\"@id\":\"http:\\\/\\\/elsupermercadomedicopr.com\\\/#\\\/schema\\\/logo\\\/image\\\/\"},\"sameAs\":[\"https:\\\/\\\/www.facebook.com\\\/elsupermercadomedico\"]}]}<\/script>\n<!-- \/ Yoast SEO plugin. -->","yoast_head_json":{"title":"QUALITY CHOICE \u2013 Tapones de Silicona Ultrasuave para O\u00eddos, Reutilizables y Resistentes al Agua (2 Pares) &#8211; El Supermercado Medico","description":"Tapones de silicona ultrasuave Quality Choice con reducci\u00f3n de ruido de 22 dB. Reutilizables, resistentes al agua y c\u00f3modos para dormir, nadar o viajar.","robots":{"index":"index","follow":"follow","max-snippet":"max-snippet:-1","max-image-preview":"max-image-preview:large","max-video-preview":"max-video-preview:-1"},"canonical":"https:\/\/elsupermercadomedicopr.com\/es\/product\/tapones-de-silicona-ultrasuave-para-oidos-quality-choice\/","og_locale":"es_ES","og_type":"article","og_title":"QUALITY CHOICE \u2013 Tapones de Silicona Ultrasuave para O\u00eddos, Reutilizables y Resistentes al Agua (2 Pares) &#8211; El Supermercado Medico","og_description":"Tapones de silicona ultrasuave Quality Choice con reducci\u00f3n de ruido de 22 dB. Reutilizables, resistentes al agua y c\u00f3modos para dormir, nadar o viajar.","og_url":"https:\/\/elsupermercadomedicopr.com\/es\/product\/tapones-de-silicona-ultrasuave-para-oidos-quality-choice\/","og_site_name":"El Supermercado Medico","article_publisher":"https:\/\/www.facebook.com\/elsupermercadomedico","article_modified_time":"2025-11-21T02:58:31+00:00","og_image":[{"width":600,"height":601,"url":"https:\/\/elsupermercadomedicopr.com\/wp-content\/uploads\/2025\/11\/image_2025-11-04_212301608.png","type":"image\/png"}],"twitter_card":"summary_large_image","twitter_misc":{"Est. reading time":"1 minuto"},"schema":{"@context":"https:\/\/schema.org","@graph":[{"@type":"WebPage","@id":"https:\/\/elsupermercadomedicopr.com\/product\/tapones-de-silicona-ultrasuave-para-oidos-quality-choice\/","url":"https:\/\/elsupermercadomedicopr.com\/product\/tapones-de-silicona-ultrasuave-para-oidos-quality-choice\/","name":"QUALITY CHOICE \u2013 Tapones de Silicona Ultrasuave para O\u00eddos, Reutilizables y Resistentes al Agua (2 Pares) &#8211; El Supermercado Medico","isPartOf":{"@id":"http:\/\/elsupermercadomedicopr.com\/#website"},"primaryImageOfPage":{"@id":"https:\/\/elsupermercadomedicopr.com\/product\/tapones-de-silicona-ultrasuave-para-oidos-quality-choice\/#primaryimage"},"image":{"@id":"https:\/\/elsupermercadomedicopr.com\/product\/tapones-de-silicona-ultrasuave-para-oidos-quality-choice\/#primaryimage"},"thumbnailUrl":"https:\/\/elsupermercadomedicopr.com\/wp-content\/uploads\/2025\/11\/image_2025-11-04_212301608.png","datePublished":"2025-11-05T01:23:32+00:00","dateModified":"2025-11-21T02:58:31+00:00","description":"Tapones de silicona ultrasuave Quality Choice con reducci\u00f3n de ruido de 22 dB. Reutilizables, resistentes al agua y c\u00f3modos para dormir, nadar o viajar.","breadcrumb":{"@id":"https:\/\/elsupermercadomedicopr.com\/product\/tapones-de-silicona-ultrasuave-para-oidos-quality-choice\/#breadcrumb"},"inLanguage":"es","potentialAction":[{"@type":"ReadAction","target":["https:\/\/elsupermercadomedicopr.com\/product\/tapones-de-silicona-ultrasuave-para-oidos-quality-choice\/"]}]},{"@type":"ImageObject","inLanguage":"es","@id":"https:\/\/elsupermercadomedicopr.com\/product\/tapones-de-silicona-ultrasuave-para-oidos-quality-choice\/#primaryimage","url":"https:\/\/elsupermercadomedicopr.com\/wp-content\/uploads\/2025\/11\/image_2025-11-04_212301608.png","contentUrl":"https:\/\/elsupermercadomedicopr.com\/wp-content\/uploads\/2025\/11\/image_2025-11-04_212301608.png","width":600,"height":601},{"@type":"BreadcrumbList","@id":"https:\/\/elsupermercadomedicopr.com\/product\/tapones-de-silicona-ultrasuave-para-oidos-quality-choice\/#breadcrumb","itemListElement":[{"@type":"ListItem","position":1,"name":"Home","item":"https:\/\/elsupermercadomedicopr.com\/"},{"@type":"ListItem","position":2,"name":"Shop","item":"https:\/\/elsupermercadomedicopr.com\/shop\/"},{"@type":"ListItem","position":3,"name":"QUALITY CHOICE \u2013 Tapones de Silicona Ultrasuave para O\u00eddos, Reutilizables y Resistentes al Agua (2 Pares)"}]},{"@type":"WebSite","@id":"http:\/\/elsupermercadomedicopr.com\/#website","url":"http:\/\/elsupermercadomedicopr.com\/","name":"El Supermercado Medico","description":"Tu alternativa en equipos m\u00e9dicos, sirviendo al profesional de la salud y al paciente convaleciente.","publisher":{"@id":"http:\/\/elsupermercadomedicopr.com\/#organization"},"potentialAction":[{"@type":"SearchAction","target":{"@type":"EntryPoint","urlTemplate":"http:\/\/elsupermercadomedicopr.com\/?s={search_term_string}"},"query-input":{"@type":"PropertyValueSpecification","valueRequired":true,"valueName":"search_term_string"}}],"inLanguage":"es"},{"@type":"Organization","@id":"http:\/\/elsupermercadomedicopr.com\/#organization","name":"El Supermercado Medico, Inc.","url":"http:\/\/elsupermercadomedicopr.com\/","logo":{"@type":"ImageObject","inLanguage":"es","@id":"http:\/\/elsupermercadomedicopr.com\/#\/schema\/logo\/image\/","url":"https:\/\/elsupermercadomedicopr.com\/wp-content\/uploads\/2025\/11\/cropped-Untitled-design-5.png","contentUrl":"https:\/\/elsupermercadomedicopr.com\/wp-content\/uploads\/2025\/11\/cropped-Untitled-design-5.png","width":512,"height":512,"caption":"El Supermercado Medico, Inc."},"image":{"@id":"http:\/\/elsupermercadomedicopr.com\/#\/schema\/logo\/image\/"},"sameAs":["https:\/\/www.facebook.com\/elsupermercadomedico"]}]}},"_links":{"self":[{"href":"https:\/\/elsupermercadomedicopr.com\/es\/wp-json\/wp\/v2\/product\/1332","targetHints":{"allow":["GET"]}}],"collection":[{"href":"https:\/\/elsupermercadomedicopr.com\/es\/wp-json\/wp\/v2\/product"}],"about":[{"href":"https:\/\/elsupermercadomedicopr.com\/es\/wp-json\/wp\/v2\/types\/product"}],"wp:featuredmedia":[{"embeddable":true,"href":"https:\/\/elsupermercadomedicopr.com\/es\/wp-json\/wp\/v2\/media\/1333"}],"wp:attachment":[{"href":"https:\/\/elsupermercadomedicopr.com\/es\/wp-json\/wp\/v2\/media?parent=1332"}],"wp:term":[{"taxonomy":"product_brand","embeddable":true,"href":"https:\/\/elsupermercadomedicopr.com\/es\/wp-json\/wp\/v2\/product_brand?post=1332"},{"taxonomy":"product_cat","embeddable":true,"href":"https:\/\/elsupermercadomedicopr.com\/es\/wp-json\/wp\/v2\/product_cat?post=1332"},{"taxonomy":"product_tag","embeddable":true,"href":"https:\/\/elsupermercadomedicopr.com\/es\/wp-json\/wp\/v2\/product_tag?post=1332"}],"curies":[{"name":"wp","href":"https:\/\/api.w.org\/{rel}","templated":true}]}}