{"id":1282,"date":"2025-11-05T00:33:50","date_gmt":"2025-11-05T00:33:50","guid":{"rendered":"https:\/\/elsupermercadomedicopr.com\/?post_type=product&#038;p=1282"},"modified":"2025-11-21T02:58:34","modified_gmt":"2025-11-21T02:58:34","slug":"tapones-de-espuma-suave-libres-de-latex-quality-choice","status":"publish","type":"product","link":"https:\/\/elsupermercadomedicopr.com\/es\/product\/tapones-de-espuma-suave-libres-de-latex-quality-choice\/","title":{"rendered":"QUALITY CHOICE \u2013 Tapones de Espuma Suave y Libres de L\u00e1tex, Reducci\u00f3n de Ruido (10 Pares)"},"content":{"rendered":"<p data-start=\"685\" data-end=\"1106\">Los <strong data-start=\"737\" data-end=\"807\">tapones de espuma suave y libres de l\u00e1tex Quality Choice (QC95619)<\/strong> ofrecen una <strong data-start=\"820\" data-end=\"862\">protecci\u00f3n auditiva confiable y c\u00f3moda<\/strong> frente al ruido ambiental. Con un <strong data-start=\"897\" data-end=\"952\">\u00edndice de reducci\u00f3n de ruido (NRR) de 32 decibelios<\/strong>, bloquean sonidos fuertes como ronquidos, herramientas el\u00e9ctricas, m\u00fasica alta o ruidos de tr\u00e1fico, ayudando a mantener el descanso y la concentraci\u00f3n.<\/p>\n<p data-start=\"1108\" data-end=\"1374\">Fabricados con <strong data-start=\"1123\" data-end=\"1161\">espuma ultrasuave de alta densidad<\/strong>, se adaptan al contorno del o\u00eddo proporcionando un <strong data-start=\"1213\" data-end=\"1244\">ajuste c\u00f3modo y sin presi\u00f3n<\/strong>, incluso durante el uso prolongado. Adem\u00e1s, son <strong data-start=\"1293\" data-end=\"1330\">hipoalerg\u00e9nicos y libres de l\u00e1tex<\/strong>, ideales para personas con piel sensible.<\/p>\n<p data-start=\"1376\" data-end=\"1567\">Comparables con los <strong data-start=\"1396\" data-end=\"1423\">tapones Mack\u2019s Earplugs<\/strong>, los Quality Choice garantizan el mismo nivel de <strong data-start=\"1473\" data-end=\"1512\">protecci\u00f3n, comodidad y rendimiento<\/strong>, con la ventaja de ser econ\u00f3micos y f\u00e1ciles de usar.<\/p>\n<p data-start=\"1569\" data-end=\"1598\"><strong data-start=\"1569\" data-end=\"1596\">Beneficios principales:<\/strong><\/p>\n<ul data-start=\"1599\" data-end=\"1840\">\n<li data-start=\"1599\" data-end=\"1637\">\n<p data-start=\"1601\" data-end=\"1637\">Reducci\u00f3n de ruido de hasta 32 dB.<\/p>\n<\/li>\n<li data-start=\"1638\" data-end=\"1694\">\n<p data-start=\"1640\" data-end=\"1694\">Fabricados con espuma hipoalerg\u00e9nica libre de l\u00e1tex.<\/p>\n<\/li>\n<li data-start=\"1695\" data-end=\"1737\">\n<p data-start=\"1697\" data-end=\"1737\">C\u00f3modos, suaves y de ajuste anat\u00f3mico.<\/p>\n<\/li>\n<li data-start=\"1738\" data-end=\"1791\">\n<p data-start=\"1740\" data-end=\"1791\">Ideales para dormir, viajar, estudiar o trabajar.<\/p>\n<\/li>\n<li data-start=\"1792\" data-end=\"1840\">\n<p data-start=\"1794\" data-end=\"1840\">Comparables en eficacia con Mack\u2019s Earplugs.<\/p>\n<\/li>\n<\/ul>\n<p data-start=\"1842\" data-end=\"1865\"><strong data-start=\"1842\" data-end=\"1863\">Especificaciones:<\/strong><\/p>\n<ul data-start=\"1866\" data-end=\"2031\">\n<li data-start=\"1866\" data-end=\"1892\">\n<p data-start=\"1868\" data-end=\"1892\">Presentaci\u00f3n: 10 pares<\/p>\n<\/li>\n<li data-start=\"1893\" data-end=\"1931\">\n<p data-start=\"1895\" data-end=\"1931\">Nivel de reducci\u00f3n de ruido: 32 dB<\/p>\n<\/li>\n<li data-start=\"1932\" data-end=\"1973\">\n<p data-start=\"1934\" data-end=\"1973\">Material: Espuma suave libre de l\u00e1tex<\/p>\n<\/li>\n<li data-start=\"1974\" data-end=\"1999\">\n<p data-start=\"1976\" data-end=\"1999\">Marca: Quality Choice<\/p>\n<\/li>\n<\/ul>","protected":false},"excerpt":{"rendered":"<p data-start=\"479\" data-end=\"683\">Tapones de espuma suave Quality Choice, libres de l\u00e1tex y con reducci\u00f3n de ruido de 32 dB. C\u00f3modos, seguros y eficaces para dormir, viajar o bloquear sonidos fuertes.<\/p>\n<p data-start=\"685\" data-end=\"1106\">","protected":false},"featured_media":1280,"template":"","meta":[],"product_brand":[51],"product_cat":[15],"product_tag":[],"class_list":{"0":"post-1282","1":"product","2":"type-product","3":"status-publish","4":"has-post-thumbnail","6":"product_brand-quality-choice","7":"product_cat-cuidado_personal","9":"first","10":"instock","11":"taxable","12":"shipping-taxable","13":"purchasable","14":"product-type-simple"},"yoast_head":"<!-- This site is optimized with the Yoast SEO plugin v27.4 - https:\/\/yoast.com\/product\/yoast-seo-wordpress\/ -->\n<title>QUALITY CHOICE \u2013 Tapones de Espuma Suave y Libres de L\u00e1tex, Reducci\u00f3n de Ruido (10 Pares) &#8211; El Supermercado Medico<\/title>\n<meta name=\"description\" content=\"Tapones de espuma suaves Quality Choice, libres de l\u00e1tex y con reducci\u00f3n de ruido de 32 dB. C\u00f3modos y eficaces para dormir, viajar o protegerse del ruido.\" \/>\n<meta name=\"robots\" content=\"index, follow, max-snippet:-1, max-image-preview:large, max-video-preview:-1\" \/>\n<link rel=\"canonical\" href=\"https:\/\/elsupermercadomedicopr.com\/es\/product\/tapones-de-espuma-suave-libres-de-latex-quality-choice\/\" \/>\n<meta property=\"og:locale\" content=\"es_ES\" \/>\n<meta property=\"og:type\" content=\"article\" \/>\n<meta property=\"og:title\" content=\"QUALITY CHOICE \u2013 Tapones de Espuma Suave y Libres de L\u00e1tex, Reducci\u00f3n de Ruido (10 Pares) &#8211; El Supermercado Medico\" \/>\n<meta property=\"og:description\" content=\"Tapones de espuma suaves Quality Choice, libres de l\u00e1tex y con reducci\u00f3n de ruido de 32 dB. C\u00f3modos y eficaces para dormir, viajar o protegerse del ruido.\" \/>\n<meta property=\"og:url\" content=\"https:\/\/elsupermercadomedicopr.com\/es\/product\/tapones-de-espuma-suave-libres-de-latex-quality-choice\/\" \/>\n<meta property=\"og:site_name\" content=\"El Supermercado Medico\" \/>\n<meta property=\"article:publisher\" content=\"https:\/\/www.facebook.com\/elsupermercadomedico\" \/>\n<meta property=\"article:modified_time\" content=\"2025-11-21T02:58:34+00:00\" \/>\n<meta property=\"og:image\" content=\"https:\/\/elsupermercadomedicopr.com\/wp-content\/uploads\/2025\/11\/image_2025-11-04_203035676.png\" \/>\n\t<meta property=\"og:image:width\" content=\"601\" \/>\n\t<meta property=\"og:image:height\" content=\"601\" \/>\n\t<meta property=\"og:image:type\" content=\"image\/png\" \/>\n<meta name=\"twitter:card\" content=\"summary_large_image\" \/>\n<meta name=\"twitter:label1\" content=\"Est. reading time\" \/>\n\t<meta name=\"twitter:data1\" content=\"1 minuto\" \/>\n<script type=\"application\/ld+json\" class=\"yoast-schema-graph\">{\"@context\":\"https:\\\/\\\/schema.org\",\"@graph\":[{\"@type\":\"WebPage\",\"@id\":\"https:\\\/\\\/elsupermercadomedicopr.com\\\/product\\\/tapones-de-espuma-suave-libres-de-latex-quality-choice\\\/\",\"url\":\"https:\\\/\\\/elsupermercadomedicopr.com\\\/product\\\/tapones-de-espuma-suave-libres-de-latex-quality-choice\\\/\",\"name\":\"QUALITY CHOICE \u2013 Tapones de Espuma Suave y Libres de L\u00e1tex, Reducci\u00f3n de Ruido (10 Pares) &#8211; El Supermercado Medico\",\"isPartOf\":{\"@id\":\"http:\\\/\\\/elsupermercadomedicopr.com\\\/#website\"},\"primaryImageOfPage\":{\"@id\":\"https:\\\/\\\/elsupermercadomedicopr.com\\\/product\\\/tapones-de-espuma-suave-libres-de-latex-quality-choice\\\/#primaryimage\"},\"image\":{\"@id\":\"https:\\\/\\\/elsupermercadomedicopr.com\\\/product\\\/tapones-de-espuma-suave-libres-de-latex-quality-choice\\\/#primaryimage\"},\"thumbnailUrl\":\"https:\\\/\\\/elsupermercadomedicopr.com\\\/wp-content\\\/uploads\\\/2025\\\/11\\\/image_2025-11-04_203035676.png\",\"datePublished\":\"2025-11-05T00:33:50+00:00\",\"dateModified\":\"2025-11-21T02:58:34+00:00\",\"description\":\"Tapones de espuma suaves Quality Choice, libres de l\u00e1tex y con reducci\u00f3n de ruido de 32 dB. C\u00f3modos y eficaces para dormir, viajar o protegerse del ruido.\",\"breadcrumb\":{\"@id\":\"https:\\\/\\\/elsupermercadomedicopr.com\\\/product\\\/tapones-de-espuma-suave-libres-de-latex-quality-choice\\\/#breadcrumb\"},\"inLanguage\":\"es\",\"potentialAction\":[{\"@type\":\"ReadAction\",\"target\":[\"https:\\\/\\\/elsupermercadomedicopr.com\\\/product\\\/tapones-de-espuma-suave-libres-de-latex-quality-choice\\\/\"]}]},{\"@type\":\"ImageObject\",\"inLanguage\":\"es\",\"@id\":\"https:\\\/\\\/elsupermercadomedicopr.com\\\/product\\\/tapones-de-espuma-suave-libres-de-latex-quality-choice\\\/#primaryimage\",\"url\":\"https:\\\/\\\/elsupermercadomedicopr.com\\\/wp-content\\\/uploads\\\/2025\\\/11\\\/image_2025-11-04_203035676.png\",\"contentUrl\":\"https:\\\/\\\/elsupermercadomedicopr.com\\\/wp-content\\\/uploads\\\/2025\\\/11\\\/image_2025-11-04_203035676.png\",\"width\":601,\"height\":601},{\"@type\":\"BreadcrumbList\",\"@id\":\"https:\\\/\\\/elsupermercadomedicopr.com\\\/product\\\/tapones-de-espuma-suave-libres-de-latex-quality-choice\\\/#breadcrumb\",\"itemListElement\":[{\"@type\":\"ListItem\",\"position\":1,\"name\":\"Home\",\"item\":\"https:\\\/\\\/elsupermercadomedicopr.com\\\/\"},{\"@type\":\"ListItem\",\"position\":2,\"name\":\"Shop\",\"item\":\"https:\\\/\\\/elsupermercadomedicopr.com\\\/shop\\\/\"},{\"@type\":\"ListItem\",\"position\":3,\"name\":\"QUALITY CHOICE \u2013 Tapones de Espuma Suave y Libres de L\u00e1tex, Reducci\u00f3n de Ruido (10 Pares)\"}]},{\"@type\":\"WebSite\",\"@id\":\"http:\\\/\\\/elsupermercadomedicopr.com\\\/#website\",\"url\":\"http:\\\/\\\/elsupermercadomedicopr.com\\\/\",\"name\":\"El Supermercado Medico\",\"description\":\"Tu alternativa en equipos m\u00e9dicos, sirviendo al profesional de la salud y al paciente convaleciente.\",\"publisher\":{\"@id\":\"http:\\\/\\\/elsupermercadomedicopr.com\\\/#organization\"},\"potentialAction\":[{\"@type\":\"SearchAction\",\"target\":{\"@type\":\"EntryPoint\",\"urlTemplate\":\"http:\\\/\\\/elsupermercadomedicopr.com\\\/?s={search_term_string}\"},\"query-input\":{\"@type\":\"PropertyValueSpecification\",\"valueRequired\":true,\"valueName\":\"search_term_string\"}}],\"inLanguage\":\"es\"},{\"@type\":\"Organization\",\"@id\":\"http:\\\/\\\/elsupermercadomedicopr.com\\\/#organization\",\"name\":\"El Supermercado Medico, Inc.\",\"url\":\"http:\\\/\\\/elsupermercadomedicopr.com\\\/\",\"logo\":{\"@type\":\"ImageObject\",\"inLanguage\":\"es\",\"@id\":\"http:\\\/\\\/elsupermercadomedicopr.com\\\/#\\\/schema\\\/logo\\\/image\\\/\",\"url\":\"https:\\\/\\\/elsupermercadomedicopr.com\\\/wp-content\\\/uploads\\\/2025\\\/11\\\/cropped-Untitled-design-5.png\",\"contentUrl\":\"https:\\\/\\\/elsupermercadomedicopr.com\\\/wp-content\\\/uploads\\\/2025\\\/11\\\/cropped-Untitled-design-5.png\",\"width\":512,\"height\":512,\"caption\":\"El Supermercado Medico, Inc.\"},\"image\":{\"@id\":\"http:\\\/\\\/elsupermercadomedicopr.com\\\/#\\\/schema\\\/logo\\\/image\\\/\"},\"sameAs\":[\"https:\\\/\\\/www.facebook.com\\\/elsupermercadomedico\"]}]}<\/script>\n<!-- \/ Yoast SEO plugin. -->","yoast_head_json":{"title":"QUALITY CHOICE \u2013 Tapones de Espuma Suave y Libres de L\u00e1tex, Reducci\u00f3n de Ruido (10 Pares) &#8211; El Supermercado Medico","description":"Tapones de espuma suaves Quality Choice, libres de l\u00e1tex y con reducci\u00f3n de ruido de 32 dB. C\u00f3modos y eficaces para dormir, viajar o protegerse del ruido.","robots":{"index":"index","follow":"follow","max-snippet":"max-snippet:-1","max-image-preview":"max-image-preview:large","max-video-preview":"max-video-preview:-1"},"canonical":"https:\/\/elsupermercadomedicopr.com\/es\/product\/tapones-de-espuma-suave-libres-de-latex-quality-choice\/","og_locale":"es_ES","og_type":"article","og_title":"QUALITY CHOICE \u2013 Tapones de Espuma Suave y Libres de L\u00e1tex, Reducci\u00f3n de Ruido (10 Pares) &#8211; El Supermercado Medico","og_description":"Tapones de espuma suaves Quality Choice, libres de l\u00e1tex y con reducci\u00f3n de ruido de 32 dB. C\u00f3modos y eficaces para dormir, viajar o protegerse del ruido.","og_url":"https:\/\/elsupermercadomedicopr.com\/es\/product\/tapones-de-espuma-suave-libres-de-latex-quality-choice\/","og_site_name":"El Supermercado Medico","article_publisher":"https:\/\/www.facebook.com\/elsupermercadomedico","article_modified_time":"2025-11-21T02:58:34+00:00","og_image":[{"width":601,"height":601,"url":"https:\/\/elsupermercadomedicopr.com\/wp-content\/uploads\/2025\/11\/image_2025-11-04_203035676.png","type":"image\/png"}],"twitter_card":"summary_large_image","twitter_misc":{"Est. reading time":"1 minuto"},"schema":{"@context":"https:\/\/schema.org","@graph":[{"@type":"WebPage","@id":"https:\/\/elsupermercadomedicopr.com\/product\/tapones-de-espuma-suave-libres-de-latex-quality-choice\/","url":"https:\/\/elsupermercadomedicopr.com\/product\/tapones-de-espuma-suave-libres-de-latex-quality-choice\/","name":"QUALITY CHOICE \u2013 Tapones de Espuma Suave y Libres de L\u00e1tex, Reducci\u00f3n de Ruido (10 Pares) &#8211; El Supermercado Medico","isPartOf":{"@id":"http:\/\/elsupermercadomedicopr.com\/#website"},"primaryImageOfPage":{"@id":"https:\/\/elsupermercadomedicopr.com\/product\/tapones-de-espuma-suave-libres-de-latex-quality-choice\/#primaryimage"},"image":{"@id":"https:\/\/elsupermercadomedicopr.com\/product\/tapones-de-espuma-suave-libres-de-latex-quality-choice\/#primaryimage"},"thumbnailUrl":"https:\/\/elsupermercadomedicopr.com\/wp-content\/uploads\/2025\/11\/image_2025-11-04_203035676.png","datePublished":"2025-11-05T00:33:50+00:00","dateModified":"2025-11-21T02:58:34+00:00","description":"Tapones de espuma suaves Quality Choice, libres de l\u00e1tex y con reducci\u00f3n de ruido de 32 dB. C\u00f3modos y eficaces para dormir, viajar o protegerse del ruido.","breadcrumb":{"@id":"https:\/\/elsupermercadomedicopr.com\/product\/tapones-de-espuma-suave-libres-de-latex-quality-choice\/#breadcrumb"},"inLanguage":"es","potentialAction":[{"@type":"ReadAction","target":["https:\/\/elsupermercadomedicopr.com\/product\/tapones-de-espuma-suave-libres-de-latex-quality-choice\/"]}]},{"@type":"ImageObject","inLanguage":"es","@id":"https:\/\/elsupermercadomedicopr.com\/product\/tapones-de-espuma-suave-libres-de-latex-quality-choice\/#primaryimage","url":"https:\/\/elsupermercadomedicopr.com\/wp-content\/uploads\/2025\/11\/image_2025-11-04_203035676.png","contentUrl":"https:\/\/elsupermercadomedicopr.com\/wp-content\/uploads\/2025\/11\/image_2025-11-04_203035676.png","width":601,"height":601},{"@type":"BreadcrumbList","@id":"https:\/\/elsupermercadomedicopr.com\/product\/tapones-de-espuma-suave-libres-de-latex-quality-choice\/#breadcrumb","itemListElement":[{"@type":"ListItem","position":1,"name":"Home","item":"https:\/\/elsupermercadomedicopr.com\/"},{"@type":"ListItem","position":2,"name":"Shop","item":"https:\/\/elsupermercadomedicopr.com\/shop\/"},{"@type":"ListItem","position":3,"name":"QUALITY CHOICE \u2013 Tapones de Espuma Suave y Libres de L\u00e1tex, Reducci\u00f3n de Ruido (10 Pares)"}]},{"@type":"WebSite","@id":"http:\/\/elsupermercadomedicopr.com\/#website","url":"http:\/\/elsupermercadomedicopr.com\/","name":"El Supermercado Medico","description":"Tu alternativa en equipos m\u00e9dicos, sirviendo al profesional de la salud y al paciente convaleciente.","publisher":{"@id":"http:\/\/elsupermercadomedicopr.com\/#organization"},"potentialAction":[{"@type":"SearchAction","target":{"@type":"EntryPoint","urlTemplate":"http:\/\/elsupermercadomedicopr.com\/?s={search_term_string}"},"query-input":{"@type":"PropertyValueSpecification","valueRequired":true,"valueName":"search_term_string"}}],"inLanguage":"es"},{"@type":"Organization","@id":"http:\/\/elsupermercadomedicopr.com\/#organization","name":"El Supermercado Medico, Inc.","url":"http:\/\/elsupermercadomedicopr.com\/","logo":{"@type":"ImageObject","inLanguage":"es","@id":"http:\/\/elsupermercadomedicopr.com\/#\/schema\/logo\/image\/","url":"https:\/\/elsupermercadomedicopr.com\/wp-content\/uploads\/2025\/11\/cropped-Untitled-design-5.png","contentUrl":"https:\/\/elsupermercadomedicopr.com\/wp-content\/uploads\/2025\/11\/cropped-Untitled-design-5.png","width":512,"height":512,"caption":"El Supermercado Medico, Inc."},"image":{"@id":"http:\/\/elsupermercadomedicopr.com\/#\/schema\/logo\/image\/"},"sameAs":["https:\/\/www.facebook.com\/elsupermercadomedico"]}]}},"_links":{"self":[{"href":"https:\/\/elsupermercadomedicopr.com\/es\/wp-json\/wp\/v2\/product\/1282","targetHints":{"allow":["GET"]}}],"collection":[{"href":"https:\/\/elsupermercadomedicopr.com\/es\/wp-json\/wp\/v2\/product"}],"about":[{"href":"https:\/\/elsupermercadomedicopr.com\/es\/wp-json\/wp\/v2\/types\/product"}],"wp:featuredmedia":[{"embeddable":true,"href":"https:\/\/elsupermercadomedicopr.com\/es\/wp-json\/wp\/v2\/media\/1280"}],"wp:attachment":[{"href":"https:\/\/elsupermercadomedicopr.com\/es\/wp-json\/wp\/v2\/media?parent=1282"}],"wp:term":[{"taxonomy":"product_brand","embeddable":true,"href":"https:\/\/elsupermercadomedicopr.com\/es\/wp-json\/wp\/v2\/product_brand?post=1282"},{"taxonomy":"product_cat","embeddable":true,"href":"https:\/\/elsupermercadomedicopr.com\/es\/wp-json\/wp\/v2\/product_cat?post=1282"},{"taxonomy":"product_tag","embeddable":true,"href":"https:\/\/elsupermercadomedicopr.com\/es\/wp-json\/wp\/v2\/product_tag?post=1282"}],"curies":[{"name":"wp","href":"https:\/\/api.w.org\/{rel}","templated":true}]}}