{"id":1271,"date":"2025-11-04T21:40:12","date_gmt":"2025-11-04T21:40:12","guid":{"rendered":"https:\/\/elsupermercadomedicopr.com\/?post_type=product&#038;p=1271"},"modified":"2025-11-21T02:58:34","modified_gmt":"2025-11-21T02:58:34","slug":"termometro-de-frente-para-ninos-ezy-dose-fever-reader","status":"publish","type":"product","link":"https:\/\/elsupermercadomedicopr.com\/es\/product\/termometro-de-frente-para-ninos-ezy-dose-fever-reader\/","title":{"rendered":"EZY DOSE \u2013 Term\u00f3metro de Frente para Ni\u00f1os Fever Reader\u2122"},"content":{"rendered":"<p data-start=\"610\" data-end=\"1008\">El <strong data-start=\"661\" data-end=\"719\">term\u00f3metro de frente para ni\u00f1os Ezy Dose Fever Reader\u2122<\/strong> permite <strong data-start=\"728\" data-end=\"785\">detectar la fiebre de forma r\u00e1pida, segura y sencilla<\/strong>, ideal para el uso diario en el hogar o en entornos pedi\u00e1tricos. Dise\u00f1ado para <strong data-start=\"865\" data-end=\"893\">uso externo en la frente<\/strong>, ofrece una lectura clara en segundos sin necesidad de contacto invasivo, brindando mayor comodidad a los ni\u00f1os.<\/p>\n<p data-start=\"1010\" data-end=\"1326\">Su dise\u00f1o <strong data-start=\"1020\" data-end=\"1047\">flexible y reutilizable<\/strong> permite m\u00faltiples mediciones con total precisi\u00f3n, facilitando el monitoreo de la temperatura corporal. Es una excelente opci\u00f3n para <strong data-start=\"1180\" data-end=\"1239\">padres, cuidadores y profesionales de la salud infantil<\/strong> que buscan un m\u00e9todo higi\u00e9nico, sin estr\u00e9s y f\u00e1cil de usar para controlar la fiebre.<\/p>\n<p data-start=\"1328\" data-end=\"1357\"><strong data-start=\"1328\" data-end=\"1355\">Beneficios principales:<\/strong><\/p>\n<ul data-start=\"1358\" data-end=\"1558\">\n<li data-start=\"1358\" data-end=\"1403\">\n<p data-start=\"1360\" data-end=\"1403\">Detecci\u00f3n r\u00e1pida y sencilla de la fiebre.<\/p>\n<\/li>\n<li data-start=\"1404\" data-end=\"1446\">\n<p data-start=\"1406\" data-end=\"1446\">Uso seguro y no invasivo en la frente.<\/p>\n<\/li>\n<li data-start=\"1447\" data-end=\"1485\">\n<p data-start=\"1449\" data-end=\"1485\">Ideal para beb\u00e9s y ni\u00f1os peque\u00f1os.<\/p>\n<\/li>\n<li data-start=\"1486\" data-end=\"1518\">\n<p data-start=\"1488\" data-end=\"1518\">Lectura visible en segundos.<\/p>\n<\/li>\n<li data-start=\"1519\" data-end=\"1558\">\n<p data-start=\"1521\" data-end=\"1558\">Compacto, higi\u00e9nico y reutilizable.<\/p>\n<\/li>\n<\/ul>\n<p data-start=\"1560\" data-end=\"1583\"><strong data-start=\"1560\" data-end=\"1581\">Especificaciones:<\/strong><\/p>\n<ul data-start=\"1584\" data-end=\"1756\">\n<li data-start=\"1584\" data-end=\"1603\">\n<p data-start=\"1586\" data-end=\"1603\">Marca: Ezy Dose<\/p>\n<\/li>\n<li data-start=\"1604\" data-end=\"1629\">\n<p data-start=\"1606\" data-end=\"1629\">Modelo: Fever Reader\u2122<\/p>\n<\/li>\n<li data-start=\"1630\" data-end=\"1674\">\n<p data-start=\"1632\" data-end=\"1674\">Tipo: Term\u00f3metro de frente (no invasivo)<\/p>\n<\/li>\n<li data-start=\"1675\" data-end=\"1706\">\n<p data-start=\"1677\" data-end=\"1706\">Uso: Pedi\u00e1trico \/ dom\u00e9stico<\/p>\n<\/li>\n<li data-start=\"1707\" data-end=\"1756\">\n<p data-start=\"1709\" data-end=\"1756\">Estado: Disponible en presentaci\u00f3n individual<\/p>\n<\/li>\n<\/ul>","protected":false},"excerpt":{"rendered":"<p data-start=\"431\" data-end=\"608\">Term\u00f3metro de frente Ezy Dose Fever Reader\u2122 para ni\u00f1os. Detecta la fiebre f\u00e1cilmente con una lectura r\u00e1pida, c\u00f3moda y sin contacto directo.<\/p>\n<p data-start=\"610\" data-end=\"1008\">","protected":false},"featured_media":1273,"template":"","meta":[],"product_brand":[],"product_cat":[44,15],"product_tag":[],"class_list":{"0":"post-1271","1":"product","2":"type-product","3":"status-publish","4":"has-post-thumbnail","6":"product_cat-equipos-de-diagnostico-medico","7":"product_cat-cuidado_personal","9":"first","10":"instock","11":"taxable","12":"shipping-taxable","13":"purchasable","14":"product-type-simple"},"yoast_head":"<!-- This site is optimized with the Yoast SEO plugin v27.4 - https:\/\/yoast.com\/product\/yoast-seo-wordpress\/ -->\n<title>EZY DOSE \u2013 Term\u00f3metro de Frente para Ni\u00f1os Fever Reader\u2122 &#8211; El Supermercado Medico<\/title>\n<meta name=\"description\" content=\"Term\u00f3metro de frente Ezy Dose Fever Reader\u2122 para ni\u00f1os. Detecta la fiebre f\u00e1cilmente, lectura r\u00e1pida y c\u00f3moda, ideal para uso pedi\u00e1trico sin contacto.\" \/>\n<meta name=\"robots\" content=\"index, follow, max-snippet:-1, max-image-preview:large, max-video-preview:-1\" \/>\n<link rel=\"canonical\" href=\"https:\/\/elsupermercadomedicopr.com\/es\/product\/termometro-de-frente-para-ninos-ezy-dose-fever-reader\/\" \/>\n<meta property=\"og:locale\" content=\"es_ES\" \/>\n<meta property=\"og:type\" content=\"article\" \/>\n<meta property=\"og:title\" content=\"EZY DOSE \u2013 Term\u00f3metro de Frente para Ni\u00f1os Fever Reader\u2122 &#8211; El Supermercado Medico\" \/>\n<meta property=\"og:description\" content=\"Term\u00f3metro de frente Ezy Dose Fever Reader\u2122 para ni\u00f1os. Detecta la fiebre f\u00e1cilmente, lectura r\u00e1pida y c\u00f3moda, ideal para uso pedi\u00e1trico sin contacto.\" \/>\n<meta property=\"og:url\" content=\"https:\/\/elsupermercadomedicopr.com\/es\/product\/termometro-de-frente-para-ninos-ezy-dose-fever-reader\/\" \/>\n<meta property=\"og:site_name\" content=\"El Supermercado Medico\" \/>\n<meta property=\"article:publisher\" content=\"https:\/\/www.facebook.com\/elsupermercadomedico\" \/>\n<meta property=\"article:modified_time\" content=\"2025-11-21T02:58:34+00:00\" \/>\n<meta property=\"og:image\" content=\"https:\/\/elsupermercadomedicopr.com\/wp-content\/uploads\/2025\/11\/image_2025-11-04_173926283.png\" \/>\n\t<meta property=\"og:image:width\" content=\"1209\" \/>\n\t<meta property=\"og:image:height\" content=\"1603\" \/>\n\t<meta property=\"og:image:type\" content=\"image\/png\" \/>\n<meta name=\"twitter:card\" content=\"summary_large_image\" \/>\n<meta name=\"twitter:label1\" content=\"Est. reading time\" \/>\n\t<meta name=\"twitter:data1\" content=\"1 minuto\" \/>\n<script type=\"application\/ld+json\" class=\"yoast-schema-graph\">{\"@context\":\"https:\\\/\\\/schema.org\",\"@graph\":[{\"@type\":\"WebPage\",\"@id\":\"https:\\\/\\\/elsupermercadomedicopr.com\\\/product\\\/termometro-de-frente-para-ninos-ezy-dose-fever-reader\\\/\",\"url\":\"https:\\\/\\\/elsupermercadomedicopr.com\\\/product\\\/termometro-de-frente-para-ninos-ezy-dose-fever-reader\\\/\",\"name\":\"EZY DOSE \u2013 Term\u00f3metro de Frente para Ni\u00f1os Fever Reader\u2122 &#8211; El Supermercado Medico\",\"isPartOf\":{\"@id\":\"http:\\\/\\\/elsupermercadomedicopr.com\\\/#website\"},\"primaryImageOfPage\":{\"@id\":\"https:\\\/\\\/elsupermercadomedicopr.com\\\/product\\\/termometro-de-frente-para-ninos-ezy-dose-fever-reader\\\/#primaryimage\"},\"image\":{\"@id\":\"https:\\\/\\\/elsupermercadomedicopr.com\\\/product\\\/termometro-de-frente-para-ninos-ezy-dose-fever-reader\\\/#primaryimage\"},\"thumbnailUrl\":\"https:\\\/\\\/elsupermercadomedicopr.com\\\/wp-content\\\/uploads\\\/2025\\\/11\\\/image_2025-11-04_173926283.png\",\"datePublished\":\"2025-11-04T21:40:12+00:00\",\"dateModified\":\"2025-11-21T02:58:34+00:00\",\"description\":\"Term\u00f3metro de frente Ezy Dose Fever Reader\u2122 para ni\u00f1os. Detecta la fiebre f\u00e1cilmente, lectura r\u00e1pida y c\u00f3moda, ideal para uso pedi\u00e1trico sin contacto.\",\"breadcrumb\":{\"@id\":\"https:\\\/\\\/elsupermercadomedicopr.com\\\/product\\\/termometro-de-frente-para-ninos-ezy-dose-fever-reader\\\/#breadcrumb\"},\"inLanguage\":\"es\",\"potentialAction\":[{\"@type\":\"ReadAction\",\"target\":[\"https:\\\/\\\/elsupermercadomedicopr.com\\\/product\\\/termometro-de-frente-para-ninos-ezy-dose-fever-reader\\\/\"]}]},{\"@type\":\"ImageObject\",\"inLanguage\":\"es\",\"@id\":\"https:\\\/\\\/elsupermercadomedicopr.com\\\/product\\\/termometro-de-frente-para-ninos-ezy-dose-fever-reader\\\/#primaryimage\",\"url\":\"https:\\\/\\\/elsupermercadomedicopr.com\\\/wp-content\\\/uploads\\\/2025\\\/11\\\/image_2025-11-04_173926283.png\",\"contentUrl\":\"https:\\\/\\\/elsupermercadomedicopr.com\\\/wp-content\\\/uploads\\\/2025\\\/11\\\/image_2025-11-04_173926283.png\",\"width\":1209,\"height\":1603},{\"@type\":\"BreadcrumbList\",\"@id\":\"https:\\\/\\\/elsupermercadomedicopr.com\\\/product\\\/termometro-de-frente-para-ninos-ezy-dose-fever-reader\\\/#breadcrumb\",\"itemListElement\":[{\"@type\":\"ListItem\",\"position\":1,\"name\":\"Home\",\"item\":\"https:\\\/\\\/elsupermercadomedicopr.com\\\/\"},{\"@type\":\"ListItem\",\"position\":2,\"name\":\"Shop\",\"item\":\"https:\\\/\\\/elsupermercadomedicopr.com\\\/shop\\\/\"},{\"@type\":\"ListItem\",\"position\":3,\"name\":\"EZY DOSE \u2013 Term\u00f3metro de Frente para Ni\u00f1os Fever Reader\u2122\"}]},{\"@type\":\"WebSite\",\"@id\":\"http:\\\/\\\/elsupermercadomedicopr.com\\\/#website\",\"url\":\"http:\\\/\\\/elsupermercadomedicopr.com\\\/\",\"name\":\"El Supermercado Medico\",\"description\":\"Tu alternativa en equipos m\u00e9dicos, sirviendo al profesional de la salud y al paciente convaleciente.\",\"publisher\":{\"@id\":\"http:\\\/\\\/elsupermercadomedicopr.com\\\/#organization\"},\"potentialAction\":[{\"@type\":\"SearchAction\",\"target\":{\"@type\":\"EntryPoint\",\"urlTemplate\":\"http:\\\/\\\/elsupermercadomedicopr.com\\\/?s={search_term_string}\"},\"query-input\":{\"@type\":\"PropertyValueSpecification\",\"valueRequired\":true,\"valueName\":\"search_term_string\"}}],\"inLanguage\":\"es\"},{\"@type\":\"Organization\",\"@id\":\"http:\\\/\\\/elsupermercadomedicopr.com\\\/#organization\",\"name\":\"El Supermercado Medico, Inc.\",\"url\":\"http:\\\/\\\/elsupermercadomedicopr.com\\\/\",\"logo\":{\"@type\":\"ImageObject\",\"inLanguage\":\"es\",\"@id\":\"http:\\\/\\\/elsupermercadomedicopr.com\\\/#\\\/schema\\\/logo\\\/image\\\/\",\"url\":\"https:\\\/\\\/elsupermercadomedicopr.com\\\/wp-content\\\/uploads\\\/2025\\\/11\\\/cropped-Untitled-design-5.png\",\"contentUrl\":\"https:\\\/\\\/elsupermercadomedicopr.com\\\/wp-content\\\/uploads\\\/2025\\\/11\\\/cropped-Untitled-design-5.png\",\"width\":512,\"height\":512,\"caption\":\"El Supermercado Medico, Inc.\"},\"image\":{\"@id\":\"http:\\\/\\\/elsupermercadomedicopr.com\\\/#\\\/schema\\\/logo\\\/image\\\/\"},\"sameAs\":[\"https:\\\/\\\/www.facebook.com\\\/elsupermercadomedico\"]}]}<\/script>\n<!-- \/ Yoast SEO plugin. -->","yoast_head_json":{"title":"EZY DOSE \u2013 Term\u00f3metro de Frente para Ni\u00f1os Fever Reader\u2122 &#8211; El Supermercado Medico","description":"Term\u00f3metro de frente Ezy Dose Fever Reader\u2122 para ni\u00f1os. Detecta la fiebre f\u00e1cilmente, lectura r\u00e1pida y c\u00f3moda, ideal para uso pedi\u00e1trico sin contacto.","robots":{"index":"index","follow":"follow","max-snippet":"max-snippet:-1","max-image-preview":"max-image-preview:large","max-video-preview":"max-video-preview:-1"},"canonical":"https:\/\/elsupermercadomedicopr.com\/es\/product\/termometro-de-frente-para-ninos-ezy-dose-fever-reader\/","og_locale":"es_ES","og_type":"article","og_title":"EZY DOSE \u2013 Term\u00f3metro de Frente para Ni\u00f1os Fever Reader\u2122 &#8211; El Supermercado Medico","og_description":"Term\u00f3metro de frente Ezy Dose Fever Reader\u2122 para ni\u00f1os. Detecta la fiebre f\u00e1cilmente, lectura r\u00e1pida y c\u00f3moda, ideal para uso pedi\u00e1trico sin contacto.","og_url":"https:\/\/elsupermercadomedicopr.com\/es\/product\/termometro-de-frente-para-ninos-ezy-dose-fever-reader\/","og_site_name":"El Supermercado Medico","article_publisher":"https:\/\/www.facebook.com\/elsupermercadomedico","article_modified_time":"2025-11-21T02:58:34+00:00","og_image":[{"width":1209,"height":1603,"url":"https:\/\/elsupermercadomedicopr.com\/wp-content\/uploads\/2025\/11\/image_2025-11-04_173926283.png","type":"image\/png"}],"twitter_card":"summary_large_image","twitter_misc":{"Est. reading time":"1 minuto"},"schema":{"@context":"https:\/\/schema.org","@graph":[{"@type":"WebPage","@id":"https:\/\/elsupermercadomedicopr.com\/product\/termometro-de-frente-para-ninos-ezy-dose-fever-reader\/","url":"https:\/\/elsupermercadomedicopr.com\/product\/termometro-de-frente-para-ninos-ezy-dose-fever-reader\/","name":"EZY DOSE \u2013 Term\u00f3metro de Frente para Ni\u00f1os Fever Reader\u2122 &#8211; El Supermercado Medico","isPartOf":{"@id":"http:\/\/elsupermercadomedicopr.com\/#website"},"primaryImageOfPage":{"@id":"https:\/\/elsupermercadomedicopr.com\/product\/termometro-de-frente-para-ninos-ezy-dose-fever-reader\/#primaryimage"},"image":{"@id":"https:\/\/elsupermercadomedicopr.com\/product\/termometro-de-frente-para-ninos-ezy-dose-fever-reader\/#primaryimage"},"thumbnailUrl":"https:\/\/elsupermercadomedicopr.com\/wp-content\/uploads\/2025\/11\/image_2025-11-04_173926283.png","datePublished":"2025-11-04T21:40:12+00:00","dateModified":"2025-11-21T02:58:34+00:00","description":"Term\u00f3metro de frente Ezy Dose Fever Reader\u2122 para ni\u00f1os. Detecta la fiebre f\u00e1cilmente, lectura r\u00e1pida y c\u00f3moda, ideal para uso pedi\u00e1trico sin contacto.","breadcrumb":{"@id":"https:\/\/elsupermercadomedicopr.com\/product\/termometro-de-frente-para-ninos-ezy-dose-fever-reader\/#breadcrumb"},"inLanguage":"es","potentialAction":[{"@type":"ReadAction","target":["https:\/\/elsupermercadomedicopr.com\/product\/termometro-de-frente-para-ninos-ezy-dose-fever-reader\/"]}]},{"@type":"ImageObject","inLanguage":"es","@id":"https:\/\/elsupermercadomedicopr.com\/product\/termometro-de-frente-para-ninos-ezy-dose-fever-reader\/#primaryimage","url":"https:\/\/elsupermercadomedicopr.com\/wp-content\/uploads\/2025\/11\/image_2025-11-04_173926283.png","contentUrl":"https:\/\/elsupermercadomedicopr.com\/wp-content\/uploads\/2025\/11\/image_2025-11-04_173926283.png","width":1209,"height":1603},{"@type":"BreadcrumbList","@id":"https:\/\/elsupermercadomedicopr.com\/product\/termometro-de-frente-para-ninos-ezy-dose-fever-reader\/#breadcrumb","itemListElement":[{"@type":"ListItem","position":1,"name":"Home","item":"https:\/\/elsupermercadomedicopr.com\/"},{"@type":"ListItem","position":2,"name":"Shop","item":"https:\/\/elsupermercadomedicopr.com\/shop\/"},{"@type":"ListItem","position":3,"name":"EZY DOSE \u2013 Term\u00f3metro de Frente para Ni\u00f1os Fever Reader\u2122"}]},{"@type":"WebSite","@id":"http:\/\/elsupermercadomedicopr.com\/#website","url":"http:\/\/elsupermercadomedicopr.com\/","name":"El Supermercado Medico","description":"Tu alternativa en equipos m\u00e9dicos, sirviendo al profesional de la salud y al paciente convaleciente.","publisher":{"@id":"http:\/\/elsupermercadomedicopr.com\/#organization"},"potentialAction":[{"@type":"SearchAction","target":{"@type":"EntryPoint","urlTemplate":"http:\/\/elsupermercadomedicopr.com\/?s={search_term_string}"},"query-input":{"@type":"PropertyValueSpecification","valueRequired":true,"valueName":"search_term_string"}}],"inLanguage":"es"},{"@type":"Organization","@id":"http:\/\/elsupermercadomedicopr.com\/#organization","name":"El Supermercado Medico, Inc.","url":"http:\/\/elsupermercadomedicopr.com\/","logo":{"@type":"ImageObject","inLanguage":"es","@id":"http:\/\/elsupermercadomedicopr.com\/#\/schema\/logo\/image\/","url":"https:\/\/elsupermercadomedicopr.com\/wp-content\/uploads\/2025\/11\/cropped-Untitled-design-5.png","contentUrl":"https:\/\/elsupermercadomedicopr.com\/wp-content\/uploads\/2025\/11\/cropped-Untitled-design-5.png","width":512,"height":512,"caption":"El Supermercado Medico, Inc."},"image":{"@id":"http:\/\/elsupermercadomedicopr.com\/#\/schema\/logo\/image\/"},"sameAs":["https:\/\/www.facebook.com\/elsupermercadomedico"]}]}},"_links":{"self":[{"href":"https:\/\/elsupermercadomedicopr.com\/es\/wp-json\/wp\/v2\/product\/1271","targetHints":{"allow":["GET"]}}],"collection":[{"href":"https:\/\/elsupermercadomedicopr.com\/es\/wp-json\/wp\/v2\/product"}],"about":[{"href":"https:\/\/elsupermercadomedicopr.com\/es\/wp-json\/wp\/v2\/types\/product"}],"wp:featuredmedia":[{"embeddable":true,"href":"https:\/\/elsupermercadomedicopr.com\/es\/wp-json\/wp\/v2\/media\/1273"}],"wp:attachment":[{"href":"https:\/\/elsupermercadomedicopr.com\/es\/wp-json\/wp\/v2\/media?parent=1271"}],"wp:term":[{"taxonomy":"product_brand","embeddable":true,"href":"https:\/\/elsupermercadomedicopr.com\/es\/wp-json\/wp\/v2\/product_brand?post=1271"},{"taxonomy":"product_cat","embeddable":true,"href":"https:\/\/elsupermercadomedicopr.com\/es\/wp-json\/wp\/v2\/product_cat?post=1271"},{"taxonomy":"product_tag","embeddable":true,"href":"https:\/\/elsupermercadomedicopr.com\/es\/wp-json\/wp\/v2\/product_tag?post=1271"}],"curies":[{"name":"wp","href":"https:\/\/api.w.org\/{rel}","templated":true}]}}