{"id":1250,"date":"2025-11-04T21:14:40","date_gmt":"2025-11-04T21:14:40","guid":{"rendered":"https:\/\/elsupermercadomedicopr.com\/?post_type=product&#038;p=1250"},"modified":"2025-11-21T02:58:36","modified_gmt":"2025-11-21T02:58:36","slug":"voltaren-arthritis-pain-relief-gel","status":"publish","type":"product","link":"https:\/\/elsupermercadomedicopr.com\/es\/product\/voltaren-arthritis-pain-relief-gel\/","title":{"rendered":"Voltaren Arthritis Pain Relief Gel"},"content":{"rendered":"<p data-start=\"494\" data-end=\"836\">El <strong data-start=\"545\" data-end=\"583\">Voltaren Arthritis Pain Relief Gel<\/strong> ofrece alivio eficaz y duradero del dolor articular relacionado con la <strong data-start=\"655\" data-end=\"667\">artritis<\/strong>. Este gel antiinflamatorio de venta libre contiene <strong data-start=\"719\" data-end=\"741\">diclofenaco s\u00f3dico<\/strong>, un ingrediente activo cl\u00ednicamente probado que reduce la inflamaci\u00f3n y mejora la movilidad.<\/p>\n<p data-start=\"838\" data-end=\"1155\">Su exclusiva f\u00f3rmula <strong data-start=\"859\" data-end=\"880\">Voltaren Emulgel\u2122<\/strong> combina las propiedades calmantes de un gel con los beneficios terap\u00e9uticos de una crema, permitiendo una r\u00e1pida absorci\u00f3n sin dejar residuos grasosos. Anteriormente disponible solo con receta, <strong data-start=\"1075\" data-end=\"1087\">Voltaren<\/strong> ha sido recomendado por m\u00e9dicos durante m\u00e1s de 10 a\u00f1os en EE. UU.<\/p>\n<p data-start=\"1157\" data-end=\"1186\"><strong data-start=\"1157\" data-end=\"1184\">Beneficios principales:<\/strong><\/p>\n<ul data-start=\"1187\" data-end=\"1496\">\n<li data-start=\"1187\" data-end=\"1260\">\n<p data-start=\"1189\" data-end=\"1260\">Alivia el <strong data-start=\"1199\" data-end=\"1231\">dolor y la rigidez articular<\/strong> asociados con la artritis.<\/p>\n<\/li>\n<li data-start=\"1261\" data-end=\"1313\">\n<p data-start=\"1263\" data-end=\"1313\">Reduce la <strong data-start=\"1273\" data-end=\"1288\">inflamaci\u00f3n<\/strong> y mejora la movilidad.<\/p>\n<\/li>\n<li data-start=\"1314\" data-end=\"1363\">\n<p data-start=\"1316\" data-end=\"1363\">F\u00f3rmula <strong data-start=\"1324\" data-end=\"1360\">no grasosa y de r\u00e1pida absorci\u00f3n<\/strong>.<\/p>\n<\/li>\n<li data-start=\"1364\" data-end=\"1420\">\n<p data-start=\"1366\" data-end=\"1420\"><strong data-start=\"1366\" data-end=\"1382\">NSAID t\u00f3pico<\/strong> con un perfil de seguridad probado.<\/p>\n<\/li>\n<li data-start=\"1421\" data-end=\"1496\">\n<p data-start=\"1423\" data-end=\"1496\">Ideal para uso en <strong data-start=\"1441\" data-end=\"1493\">manos, rodillas, mu\u00f1ecas, codos, tobillos y pies<\/strong>.<\/p>\n<\/li>\n<\/ul>\n<p data-start=\"1498\" data-end=\"1672\"><strong data-start=\"1498\" data-end=\"1514\">Modo de uso:<\/strong><br data-start=\"1514\" data-end=\"1517\" \/>Aplicar una cantidad medida en el \u00e1rea afectada 4 veces al d\u00eda. Masajear suavemente hasta su completa absorci\u00f3n. No usar con vendajes o en piel irritada.<\/p>\n<p data-start=\"1674\" data-end=\"1697\"><strong data-start=\"1674\" data-end=\"1695\">Especificaciones:<\/strong><\/p>\n<ul data-start=\"1698\" data-end=\"1860\">\n<li data-start=\"1698\" data-end=\"1721\">\n<p data-start=\"1700\" data-end=\"1721\">Marca: <strong data-start=\"1707\" data-end=\"1719\">Voltaren<\/strong><\/p>\n<\/li>\n<li data-start=\"1722\" data-end=\"1759\">\n<p data-start=\"1724\" data-end=\"1759\">Tipo: Gel antiinflamatorio t\u00f3pico<\/p>\n<\/li>\n<li data-start=\"1760\" data-end=\"1817\">\n<p data-start=\"1762\" data-end=\"1817\">Ingrediente activo: <strong data-start=\"1782\" data-end=\"1815\">Diclofenaco s\u00f3dico 1% (NSAID)<\/strong><\/p>\n<\/li>\n<li data-start=\"1818\" data-end=\"1834\">\n<p data-start=\"1820\" data-end=\"1834\">Uso: Externo<\/p>\n<\/li>\n<li data-start=\"1835\" data-end=\"1860\">\n<p data-start=\"1837\" data-end=\"1860\">Textura: Gel no graso<\/p>\n<\/li>\n<\/ul>","protected":false},"excerpt":{"rendered":"<p data-start=\"237\" data-end=\"492\"><strong data-start=\"273\" data-end=\"311\">Voltaren Arthritis Pain Relief Gel<\/strong> es un antiinflamatorio no esteroideo (NSAID) de uso t\u00f3pico dise\u00f1ado para aliviar el dolor articular causado por la artritis, con una f\u00f3rmula no grasosa y cl\u00ednicamente comprobada.<\/p>\n<p data-start=\"494\" data-end=\"836\">","protected":false},"featured_media":1252,"template":"","meta":[],"product_brand":[99],"product_cat":[15],"product_tag":[],"class_list":{"0":"post-1250","1":"product","2":"type-product","3":"status-publish","4":"has-post-thumbnail","6":"product_brand-voltaren","7":"product_cat-cuidado_personal","9":"first","10":"instock","11":"taxable","12":"shipping-taxable","13":"purchasable","14":"product-type-simple"},"yoast_head":"<!-- This site is optimized with the Yoast SEO plugin v27.4 - https:\/\/yoast.com\/product\/yoast-seo-wordpress\/ -->\n<title>Voltaren Arthritis Pain Relief Gel &#8211; El Supermercado Medico<\/title>\n<meta name=\"description\" content=\"Voltaren Arthritis Pain Relief Gel alivia el dolor y la inflamaci\u00f3n por artritis. Gel no graso con diclofenaco s\u00f3dico y f\u00f3rmula Emulgel\u2122 de r\u00e1pida absorci\u00f3n.\" \/>\n<meta name=\"robots\" content=\"index, follow, max-snippet:-1, max-image-preview:large, max-video-preview:-1\" \/>\n<link rel=\"canonical\" href=\"https:\/\/elsupermercadomedicopr.com\/es\/product\/voltaren-arthritis-pain-relief-gel\/\" \/>\n<meta property=\"og:locale\" content=\"es_ES\" \/>\n<meta property=\"og:type\" content=\"article\" \/>\n<meta property=\"og:title\" content=\"Voltaren Arthritis Pain Relief Gel &#8211; El Supermercado Medico\" \/>\n<meta property=\"og:description\" content=\"Voltaren Arthritis Pain Relief Gel alivia el dolor y la inflamaci\u00f3n por artritis. Gel no graso con diclofenaco s\u00f3dico y f\u00f3rmula Emulgel\u2122 de r\u00e1pida absorci\u00f3n.\" \/>\n<meta property=\"og:url\" content=\"https:\/\/elsupermercadomedicopr.com\/es\/product\/voltaren-arthritis-pain-relief-gel\/\" \/>\n<meta property=\"og:site_name\" content=\"El Supermercado Medico\" \/>\n<meta property=\"article:publisher\" content=\"https:\/\/www.facebook.com\/elsupermercadomedico\" \/>\n<meta property=\"article:modified_time\" content=\"2025-11-21T02:58:36+00:00\" \/>\n<meta property=\"og:image\" content=\"https:\/\/elsupermercadomedicopr.com\/wp-content\/uploads\/2025\/11\/image_2025-11-04_171027342.png\" \/>\n\t<meta property=\"og:image:width\" content=\"708\" \/>\n\t<meta property=\"og:image:height\" content=\"508\" \/>\n\t<meta property=\"og:image:type\" content=\"image\/png\" \/>\n<meta name=\"twitter:card\" content=\"summary_large_image\" \/>\n<meta name=\"twitter:label1\" content=\"Est. reading time\" \/>\n\t<meta name=\"twitter:data1\" content=\"1 minuto\" \/>\n<script type=\"application\/ld+json\" class=\"yoast-schema-graph\">{\"@context\":\"https:\\\/\\\/schema.org\",\"@graph\":[{\"@type\":\"WebPage\",\"@id\":\"https:\\\/\\\/elsupermercadomedicopr.com\\\/product\\\/voltaren-arthritis-pain-relief-gel\\\/\",\"url\":\"https:\\\/\\\/elsupermercadomedicopr.com\\\/product\\\/voltaren-arthritis-pain-relief-gel\\\/\",\"name\":\"Voltaren Arthritis Pain Relief Gel &#8211; El Supermercado Medico\",\"isPartOf\":{\"@id\":\"http:\\\/\\\/elsupermercadomedicopr.com\\\/#website\"},\"primaryImageOfPage\":{\"@id\":\"https:\\\/\\\/elsupermercadomedicopr.com\\\/product\\\/voltaren-arthritis-pain-relief-gel\\\/#primaryimage\"},\"image\":{\"@id\":\"https:\\\/\\\/elsupermercadomedicopr.com\\\/product\\\/voltaren-arthritis-pain-relief-gel\\\/#primaryimage\"},\"thumbnailUrl\":\"https:\\\/\\\/elsupermercadomedicopr.com\\\/wp-content\\\/uploads\\\/2025\\\/11\\\/image_2025-11-04_171027342.png\",\"datePublished\":\"2025-11-04T21:14:40+00:00\",\"dateModified\":\"2025-11-21T02:58:36+00:00\",\"description\":\"Voltaren Arthritis Pain Relief Gel alivia el dolor y la inflamaci\u00f3n por artritis. Gel no graso con diclofenaco s\u00f3dico y f\u00f3rmula Emulgel\u2122 de r\u00e1pida absorci\u00f3n.\",\"breadcrumb\":{\"@id\":\"https:\\\/\\\/elsupermercadomedicopr.com\\\/product\\\/voltaren-arthritis-pain-relief-gel\\\/#breadcrumb\"},\"inLanguage\":\"es\",\"potentialAction\":[{\"@type\":\"ReadAction\",\"target\":[\"https:\\\/\\\/elsupermercadomedicopr.com\\\/product\\\/voltaren-arthritis-pain-relief-gel\\\/\"]}]},{\"@type\":\"ImageObject\",\"inLanguage\":\"es\",\"@id\":\"https:\\\/\\\/elsupermercadomedicopr.com\\\/product\\\/voltaren-arthritis-pain-relief-gel\\\/#primaryimage\",\"url\":\"https:\\\/\\\/elsupermercadomedicopr.com\\\/wp-content\\\/uploads\\\/2025\\\/11\\\/image_2025-11-04_171027342.png\",\"contentUrl\":\"https:\\\/\\\/elsupermercadomedicopr.com\\\/wp-content\\\/uploads\\\/2025\\\/11\\\/image_2025-11-04_171027342.png\",\"width\":708,\"height\":508},{\"@type\":\"BreadcrumbList\",\"@id\":\"https:\\\/\\\/elsupermercadomedicopr.com\\\/product\\\/voltaren-arthritis-pain-relief-gel\\\/#breadcrumb\",\"itemListElement\":[{\"@type\":\"ListItem\",\"position\":1,\"name\":\"Home\",\"item\":\"https:\\\/\\\/elsupermercadomedicopr.com\\\/\"},{\"@type\":\"ListItem\",\"position\":2,\"name\":\"Shop\",\"item\":\"https:\\\/\\\/elsupermercadomedicopr.com\\\/shop\\\/\"},{\"@type\":\"ListItem\",\"position\":3,\"name\":\"Voltaren Arthritis Pain Relief Gel\"}]},{\"@type\":\"WebSite\",\"@id\":\"http:\\\/\\\/elsupermercadomedicopr.com\\\/#website\",\"url\":\"http:\\\/\\\/elsupermercadomedicopr.com\\\/\",\"name\":\"El Supermercado Medico\",\"description\":\"Tu alternativa en equipos m\u00e9dicos, sirviendo al profesional de la salud y al paciente convaleciente.\",\"publisher\":{\"@id\":\"http:\\\/\\\/elsupermercadomedicopr.com\\\/#organization\"},\"potentialAction\":[{\"@type\":\"SearchAction\",\"target\":{\"@type\":\"EntryPoint\",\"urlTemplate\":\"http:\\\/\\\/elsupermercadomedicopr.com\\\/?s={search_term_string}\"},\"query-input\":{\"@type\":\"PropertyValueSpecification\",\"valueRequired\":true,\"valueName\":\"search_term_string\"}}],\"inLanguage\":\"es\"},{\"@type\":\"Organization\",\"@id\":\"http:\\\/\\\/elsupermercadomedicopr.com\\\/#organization\",\"name\":\"El Supermercado Medico, Inc.\",\"url\":\"http:\\\/\\\/elsupermercadomedicopr.com\\\/\",\"logo\":{\"@type\":\"ImageObject\",\"inLanguage\":\"es\",\"@id\":\"http:\\\/\\\/elsupermercadomedicopr.com\\\/#\\\/schema\\\/logo\\\/image\\\/\",\"url\":\"https:\\\/\\\/elsupermercadomedicopr.com\\\/wp-content\\\/uploads\\\/2025\\\/11\\\/cropped-Untitled-design-5.png\",\"contentUrl\":\"https:\\\/\\\/elsupermercadomedicopr.com\\\/wp-content\\\/uploads\\\/2025\\\/11\\\/cropped-Untitled-design-5.png\",\"width\":512,\"height\":512,\"caption\":\"El Supermercado Medico, Inc.\"},\"image\":{\"@id\":\"http:\\\/\\\/elsupermercadomedicopr.com\\\/#\\\/schema\\\/logo\\\/image\\\/\"},\"sameAs\":[\"https:\\\/\\\/www.facebook.com\\\/elsupermercadomedico\"]}]}<\/script>\n<!-- \/ Yoast SEO plugin. -->","yoast_head_json":{"title":"Voltaren Arthritis Pain Relief Gel &#8211; El Supermercado Medico","description":"Voltaren Arthritis Pain Relief Gel alivia el dolor y la inflamaci\u00f3n por artritis. Gel no graso con diclofenaco s\u00f3dico y f\u00f3rmula Emulgel\u2122 de r\u00e1pida absorci\u00f3n.","robots":{"index":"index","follow":"follow","max-snippet":"max-snippet:-1","max-image-preview":"max-image-preview:large","max-video-preview":"max-video-preview:-1"},"canonical":"https:\/\/elsupermercadomedicopr.com\/es\/product\/voltaren-arthritis-pain-relief-gel\/","og_locale":"es_ES","og_type":"article","og_title":"Voltaren Arthritis Pain Relief Gel &#8211; El Supermercado Medico","og_description":"Voltaren Arthritis Pain Relief Gel alivia el dolor y la inflamaci\u00f3n por artritis. Gel no graso con diclofenaco s\u00f3dico y f\u00f3rmula Emulgel\u2122 de r\u00e1pida absorci\u00f3n.","og_url":"https:\/\/elsupermercadomedicopr.com\/es\/product\/voltaren-arthritis-pain-relief-gel\/","og_site_name":"El Supermercado Medico","article_publisher":"https:\/\/www.facebook.com\/elsupermercadomedico","article_modified_time":"2025-11-21T02:58:36+00:00","og_image":[{"width":708,"height":508,"url":"https:\/\/elsupermercadomedicopr.com\/wp-content\/uploads\/2025\/11\/image_2025-11-04_171027342.png","type":"image\/png"}],"twitter_card":"summary_large_image","twitter_misc":{"Est. reading time":"1 minuto"},"schema":{"@context":"https:\/\/schema.org","@graph":[{"@type":"WebPage","@id":"https:\/\/elsupermercadomedicopr.com\/product\/voltaren-arthritis-pain-relief-gel\/","url":"https:\/\/elsupermercadomedicopr.com\/product\/voltaren-arthritis-pain-relief-gel\/","name":"Voltaren Arthritis Pain Relief Gel &#8211; El Supermercado Medico","isPartOf":{"@id":"http:\/\/elsupermercadomedicopr.com\/#website"},"primaryImageOfPage":{"@id":"https:\/\/elsupermercadomedicopr.com\/product\/voltaren-arthritis-pain-relief-gel\/#primaryimage"},"image":{"@id":"https:\/\/elsupermercadomedicopr.com\/product\/voltaren-arthritis-pain-relief-gel\/#primaryimage"},"thumbnailUrl":"https:\/\/elsupermercadomedicopr.com\/wp-content\/uploads\/2025\/11\/image_2025-11-04_171027342.png","datePublished":"2025-11-04T21:14:40+00:00","dateModified":"2025-11-21T02:58:36+00:00","description":"Voltaren Arthritis Pain Relief Gel alivia el dolor y la inflamaci\u00f3n por artritis. Gel no graso con diclofenaco s\u00f3dico y f\u00f3rmula Emulgel\u2122 de r\u00e1pida absorci\u00f3n.","breadcrumb":{"@id":"https:\/\/elsupermercadomedicopr.com\/product\/voltaren-arthritis-pain-relief-gel\/#breadcrumb"},"inLanguage":"es","potentialAction":[{"@type":"ReadAction","target":["https:\/\/elsupermercadomedicopr.com\/product\/voltaren-arthritis-pain-relief-gel\/"]}]},{"@type":"ImageObject","inLanguage":"es","@id":"https:\/\/elsupermercadomedicopr.com\/product\/voltaren-arthritis-pain-relief-gel\/#primaryimage","url":"https:\/\/elsupermercadomedicopr.com\/wp-content\/uploads\/2025\/11\/image_2025-11-04_171027342.png","contentUrl":"https:\/\/elsupermercadomedicopr.com\/wp-content\/uploads\/2025\/11\/image_2025-11-04_171027342.png","width":708,"height":508},{"@type":"BreadcrumbList","@id":"https:\/\/elsupermercadomedicopr.com\/product\/voltaren-arthritis-pain-relief-gel\/#breadcrumb","itemListElement":[{"@type":"ListItem","position":1,"name":"Home","item":"https:\/\/elsupermercadomedicopr.com\/"},{"@type":"ListItem","position":2,"name":"Shop","item":"https:\/\/elsupermercadomedicopr.com\/shop\/"},{"@type":"ListItem","position":3,"name":"Voltaren Arthritis Pain Relief Gel"}]},{"@type":"WebSite","@id":"http:\/\/elsupermercadomedicopr.com\/#website","url":"http:\/\/elsupermercadomedicopr.com\/","name":"El Supermercado Medico","description":"Tu alternativa en equipos m\u00e9dicos, sirviendo al profesional de la salud y al paciente convaleciente.","publisher":{"@id":"http:\/\/elsupermercadomedicopr.com\/#organization"},"potentialAction":[{"@type":"SearchAction","target":{"@type":"EntryPoint","urlTemplate":"http:\/\/elsupermercadomedicopr.com\/?s={search_term_string}"},"query-input":{"@type":"PropertyValueSpecification","valueRequired":true,"valueName":"search_term_string"}}],"inLanguage":"es"},{"@type":"Organization","@id":"http:\/\/elsupermercadomedicopr.com\/#organization","name":"El Supermercado Medico, Inc.","url":"http:\/\/elsupermercadomedicopr.com\/","logo":{"@type":"ImageObject","inLanguage":"es","@id":"http:\/\/elsupermercadomedicopr.com\/#\/schema\/logo\/image\/","url":"https:\/\/elsupermercadomedicopr.com\/wp-content\/uploads\/2025\/11\/cropped-Untitled-design-5.png","contentUrl":"https:\/\/elsupermercadomedicopr.com\/wp-content\/uploads\/2025\/11\/cropped-Untitled-design-5.png","width":512,"height":512,"caption":"El Supermercado Medico, Inc."},"image":{"@id":"http:\/\/elsupermercadomedicopr.com\/#\/schema\/logo\/image\/"},"sameAs":["https:\/\/www.facebook.com\/elsupermercadomedico"]}]}},"_links":{"self":[{"href":"https:\/\/elsupermercadomedicopr.com\/es\/wp-json\/wp\/v2\/product\/1250","targetHints":{"allow":["GET"]}}],"collection":[{"href":"https:\/\/elsupermercadomedicopr.com\/es\/wp-json\/wp\/v2\/product"}],"about":[{"href":"https:\/\/elsupermercadomedicopr.com\/es\/wp-json\/wp\/v2\/types\/product"}],"wp:featuredmedia":[{"embeddable":true,"href":"https:\/\/elsupermercadomedicopr.com\/es\/wp-json\/wp\/v2\/media\/1252"}],"wp:attachment":[{"href":"https:\/\/elsupermercadomedicopr.com\/es\/wp-json\/wp\/v2\/media?parent=1250"}],"wp:term":[{"taxonomy":"product_brand","embeddable":true,"href":"https:\/\/elsupermercadomedicopr.com\/es\/wp-json\/wp\/v2\/product_brand?post=1250"},{"taxonomy":"product_cat","embeddable":true,"href":"https:\/\/elsupermercadomedicopr.com\/es\/wp-json\/wp\/v2\/product_cat?post=1250"},{"taxonomy":"product_tag","embeddable":true,"href":"https:\/\/elsupermercadomedicopr.com\/es\/wp-json\/wp\/v2\/product_tag?post=1250"}],"curies":[{"name":"wp","href":"https:\/\/api.w.org\/{rel}","templated":true}]}}