{"id":1248,"date":"2025-11-04T21:08:05","date_gmt":"2025-11-04T21:08:05","guid":{"rendered":"https:\/\/elsupermercadomedicopr.com\/?post_type=product&#038;p=1248"},"modified":"2026-01-08T21:00:16","modified_gmt":"2026-01-08T21:00:16","slug":"quality-choice-medicated-pads-witch-hazel","status":"publish","type":"product","link":"https:\/\/elsupermercadomedicopr.com\/es\/product\/quality-choice-medicated-pads-witch-hazel\/","title":{"rendered":"Quality Choice Medicated Pads with Witch Hazel \u2013 100 Count"},"content":{"rendered":"<p data-start=\"483\" data-end=\"882\">Las <strong data-start=\"535\" data-end=\"568\">Quality Choice Medicated Pads<\/strong> est\u00e1n formuladas con <strong data-start=\"590\" data-end=\"617\">Witch Hazel (hamamelis)<\/strong>, un ingrediente natural reconocido por sus propiedades <strong data-start=\"673\" data-end=\"720\">calmantes, refrescantes y antiinflamatorias<\/strong>. Estas almohadillas medicadas proporcionan <strong data-start=\"764\" data-end=\"831\">alivio temporal del ardor, picaz\u00f3n, irritaci\u00f3n y malestar local<\/strong> asociados con hemorroides o molestias vaginales.<\/p>\n<p data-start=\"884\" data-end=\"1099\">Ideales para uso diario, pueden utilizarse despu\u00e9s de cada evacuaci\u00f3n intestinal o cuando se requiera alivio r\u00e1pido. Son suaves con la piel y pueden aplicarse antes o despu\u00e9s del uso de otros tratamientos t\u00f3picos.<\/p>\n<p data-start=\"1101\" data-end=\"1130\"><strong data-start=\"1101\" data-end=\"1128\">Beneficios principales:<\/strong><\/p>\n<ul data-start=\"1131\" data-end=\"1490\">\n<li data-start=\"1131\" data-end=\"1204\">\n<p data-start=\"1133\" data-end=\"1204\">Proporcionan <strong data-start=\"1146\" data-end=\"1165\">alivio temporal<\/strong> del ardor, picaz\u00f3n y malestar local.<\/p>\n<\/li>\n<li data-start=\"1205\" data-end=\"1284\">\n<p data-start=\"1207\" data-end=\"1284\">Contienen <strong data-start=\"1217\" data-end=\"1232\">Witch Hazel<\/strong>, reconocido por su acci\u00f3n calmante y refrescante.<\/p>\n<\/li>\n<li data-start=\"1285\" data-end=\"1338\">\n<p data-start=\"1287\" data-end=\"1338\"><strong data-start=\"1287\" data-end=\"1336\">\u00datiles para el cuidado hemorroidal o vaginal.<\/strong><\/p>\n<\/li>\n<li data-start=\"1339\" data-end=\"1439\">\n<p data-start=\"1341\" data-end=\"1439\">Pueden usarse como <strong data-start=\"1360\" data-end=\"1385\">toallitas limpiadoras<\/strong> para mantener la zona fresca y libre de irritaci\u00f3n.<\/p>\n<\/li>\n<li data-start=\"1440\" data-end=\"1490\">\n<p data-start=\"1442\" data-end=\"1490\"><strong data-start=\"1442\" data-end=\"1488\">Suaves, prehumedecidas y listas para usar.<\/strong><\/p>\n<\/li>\n<\/ul>\n<p data-start=\"1492\" data-end=\"1669\"><strong data-start=\"1492\" data-end=\"1508\">Modo de uso:<\/strong><br data-start=\"1508\" data-end=\"1511\" \/>Retirar una almohadilla del envase y aplicar suavemente sobre el \u00e1rea afectada. Usar hasta 6 veces al d\u00eda o seg\u00fan sea necesario. Desechar despu\u00e9s de su uso.<\/p>\n<p data-start=\"1671\" data-end=\"1694\"><strong data-start=\"1671\" data-end=\"1692\">Especificaciones:<\/strong><\/p>\n<ul data-start=\"1695\" data-end=\"1861\">\n<li data-start=\"1695\" data-end=\"1724\">\n<p data-start=\"1697\" data-end=\"1724\">Marca: <strong data-start=\"1704\" data-end=\"1722\">Quality Choice<\/strong><\/p>\n<\/li>\n<li data-start=\"1725\" data-end=\"1771\">\n<p data-start=\"1727\" data-end=\"1771\">Tipo: Almohadillas medicadas con hamamelis<\/p>\n<\/li>\n<li data-start=\"1772\" data-end=\"1813\">\n<p data-start=\"1774\" data-end=\"1813\">Ingrediente activo: Witch Hazel (50%)<\/p>\n<\/li>\n<li data-start=\"1814\" data-end=\"1830\">\n<p data-start=\"1816\" data-end=\"1830\">Uso: Externo<\/p>\n<\/li>\n<li data-start=\"1831\" data-end=\"1861\">\n<p data-start=\"1833\" data-end=\"1861\">Presentaci\u00f3n: 100 unidades<\/p>\n<\/li>\n<\/ul>","protected":false},"excerpt":{"rendered":"<p data-start=\"268\" data-end=\"481\"><strong data-start=\"304\" data-end=\"337\">Quality Choice Medicated Pads<\/strong> con hamamelis (Witch Hazel) brindan alivio temporal del ardor, picaz\u00f3n e incomodidad local causados por hemorroides o irritaciones vaginales.<\/p>\n<p data-start=\"483\" data-end=\"882\">","protected":false},"featured_media":2333,"template":"","meta":[],"product_brand":[51],"product_cat":[15],"product_tag":[],"class_list":{"0":"post-1248","1":"product","2":"type-product","3":"status-publish","4":"has-post-thumbnail","6":"product_brand-quality-choice","7":"product_cat-cuidado_personal","9":"first","10":"instock","11":"taxable","12":"shipping-taxable","13":"purchasable","14":"product-type-simple"},"yoast_head":"<!-- This site is optimized with the Yoast SEO plugin v27.4 - https:\/\/yoast.com\/product\/yoast-seo-wordpress\/ -->\n<title>Quality Choice Medicated Pads with Witch Hazel \u2013 100 Count &#8211; El Supermercado Medico<\/title>\n<meta name=\"description\" content=\"Quality Choice Medicated Pads con Witch Hazel alivian ardor, picaz\u00f3n y molestias por hemorroides o irritaciones vaginales. Suaves, calmantes y efectivas.\" \/>\n<meta name=\"robots\" content=\"index, follow, max-snippet:-1, max-image-preview:large, max-video-preview:-1\" \/>\n<link rel=\"canonical\" href=\"https:\/\/elsupermercadomedicopr.com\/es\/product\/quality-choice-medicated-pads-witch-hazel\/\" \/>\n<meta property=\"og:locale\" content=\"es_ES\" \/>\n<meta property=\"og:type\" content=\"article\" \/>\n<meta property=\"og:title\" content=\"Quality Choice Medicated Pads with Witch Hazel \u2013 100 Count &#8211; El Supermercado Medico\" \/>\n<meta property=\"og:description\" content=\"Quality Choice Medicated Pads con Witch Hazel alivian ardor, picaz\u00f3n y molestias por hemorroides o irritaciones vaginales. Suaves, calmantes y efectivas.\" \/>\n<meta property=\"og:url\" content=\"https:\/\/elsupermercadomedicopr.com\/es\/product\/quality-choice-medicated-pads-witch-hazel\/\" \/>\n<meta property=\"og:site_name\" content=\"El Supermercado Medico\" \/>\n<meta property=\"article:publisher\" content=\"https:\/\/www.facebook.com\/elsupermercadomedico\" \/>\n<meta property=\"article:modified_time\" content=\"2026-01-08T21:00:16+00:00\" \/>\n<meta property=\"og:image\" content=\"https:\/\/elsupermercadomedicopr.com\/wp-content\/uploads\/2025\/11\/image_2026-01-08_165935572.png\" \/>\n\t<meta property=\"og:image:width\" content=\"1000\" \/>\n\t<meta property=\"og:image:height\" content=\"922\" \/>\n\t<meta property=\"og:image:type\" content=\"image\/png\" \/>\n<meta name=\"twitter:card\" content=\"summary_large_image\" \/>\n<meta name=\"twitter:label1\" content=\"Est. reading time\" \/>\n\t<meta name=\"twitter:data1\" content=\"1 minuto\" \/>\n<script type=\"application\/ld+json\" class=\"yoast-schema-graph\">{\"@context\":\"https:\\\/\\\/schema.org\",\"@graph\":[{\"@type\":\"WebPage\",\"@id\":\"https:\\\/\\\/elsupermercadomedicopr.com\\\/product\\\/quality-choice-medicated-pads-witch-hazel\\\/\",\"url\":\"https:\\\/\\\/elsupermercadomedicopr.com\\\/product\\\/quality-choice-medicated-pads-witch-hazel\\\/\",\"name\":\"Quality Choice Medicated Pads with Witch Hazel \u2013 100 Count &#8211; El Supermercado Medico\",\"isPartOf\":{\"@id\":\"http:\\\/\\\/elsupermercadomedicopr.com\\\/#website\"},\"primaryImageOfPage\":{\"@id\":\"https:\\\/\\\/elsupermercadomedicopr.com\\\/product\\\/quality-choice-medicated-pads-witch-hazel\\\/#primaryimage\"},\"image\":{\"@id\":\"https:\\\/\\\/elsupermercadomedicopr.com\\\/product\\\/quality-choice-medicated-pads-witch-hazel\\\/#primaryimage\"},\"thumbnailUrl\":\"https:\\\/\\\/elsupermercadomedicopr.com\\\/wp-content\\\/uploads\\\/2025\\\/11\\\/image_2026-01-08_165935572.png\",\"datePublished\":\"2025-11-04T21:08:05+00:00\",\"dateModified\":\"2026-01-08T21:00:16+00:00\",\"description\":\"Quality Choice Medicated Pads con Witch Hazel alivian ardor, picaz\u00f3n y molestias por hemorroides o irritaciones vaginales. Suaves, calmantes y efectivas.\",\"breadcrumb\":{\"@id\":\"https:\\\/\\\/elsupermercadomedicopr.com\\\/product\\\/quality-choice-medicated-pads-witch-hazel\\\/#breadcrumb\"},\"inLanguage\":\"es\",\"potentialAction\":[{\"@type\":\"ReadAction\",\"target\":[\"https:\\\/\\\/elsupermercadomedicopr.com\\\/product\\\/quality-choice-medicated-pads-witch-hazel\\\/\"]}]},{\"@type\":\"ImageObject\",\"inLanguage\":\"es\",\"@id\":\"https:\\\/\\\/elsupermercadomedicopr.com\\\/product\\\/quality-choice-medicated-pads-witch-hazel\\\/#primaryimage\",\"url\":\"https:\\\/\\\/elsupermercadomedicopr.com\\\/wp-content\\\/uploads\\\/2025\\\/11\\\/image_2026-01-08_165935572.png\",\"contentUrl\":\"https:\\\/\\\/elsupermercadomedicopr.com\\\/wp-content\\\/uploads\\\/2025\\\/11\\\/image_2026-01-08_165935572.png\",\"width\":1000,\"height\":922},{\"@type\":\"BreadcrumbList\",\"@id\":\"https:\\\/\\\/elsupermercadomedicopr.com\\\/product\\\/quality-choice-medicated-pads-witch-hazel\\\/#breadcrumb\",\"itemListElement\":[{\"@type\":\"ListItem\",\"position\":1,\"name\":\"Home\",\"item\":\"https:\\\/\\\/elsupermercadomedicopr.com\\\/\"},{\"@type\":\"ListItem\",\"position\":2,\"name\":\"Shop\",\"item\":\"https:\\\/\\\/elsupermercadomedicopr.com\\\/shop\\\/\"},{\"@type\":\"ListItem\",\"position\":3,\"name\":\"Quality Choice Medicated Pads with Witch Hazel \u2013 100 Count\"}]},{\"@type\":\"WebSite\",\"@id\":\"http:\\\/\\\/elsupermercadomedicopr.com\\\/#website\",\"url\":\"http:\\\/\\\/elsupermercadomedicopr.com\\\/\",\"name\":\"El Supermercado Medico\",\"description\":\"Tu alternativa en equipos m\u00e9dicos, sirviendo al profesional de la salud y al paciente convaleciente.\",\"publisher\":{\"@id\":\"http:\\\/\\\/elsupermercadomedicopr.com\\\/#organization\"},\"potentialAction\":[{\"@type\":\"SearchAction\",\"target\":{\"@type\":\"EntryPoint\",\"urlTemplate\":\"http:\\\/\\\/elsupermercadomedicopr.com\\\/?s={search_term_string}\"},\"query-input\":{\"@type\":\"PropertyValueSpecification\",\"valueRequired\":true,\"valueName\":\"search_term_string\"}}],\"inLanguage\":\"es\"},{\"@type\":\"Organization\",\"@id\":\"http:\\\/\\\/elsupermercadomedicopr.com\\\/#organization\",\"name\":\"El Supermercado Medico, Inc.\",\"url\":\"http:\\\/\\\/elsupermercadomedicopr.com\\\/\",\"logo\":{\"@type\":\"ImageObject\",\"inLanguage\":\"es\",\"@id\":\"http:\\\/\\\/elsupermercadomedicopr.com\\\/#\\\/schema\\\/logo\\\/image\\\/\",\"url\":\"https:\\\/\\\/elsupermercadomedicopr.com\\\/wp-content\\\/uploads\\\/2025\\\/11\\\/cropped-Untitled-design-5.png\",\"contentUrl\":\"https:\\\/\\\/elsupermercadomedicopr.com\\\/wp-content\\\/uploads\\\/2025\\\/11\\\/cropped-Untitled-design-5.png\",\"width\":512,\"height\":512,\"caption\":\"El Supermercado Medico, Inc.\"},\"image\":{\"@id\":\"http:\\\/\\\/elsupermercadomedicopr.com\\\/#\\\/schema\\\/logo\\\/image\\\/\"},\"sameAs\":[\"https:\\\/\\\/www.facebook.com\\\/elsupermercadomedico\"]}]}<\/script>\n<!-- \/ Yoast SEO plugin. -->","yoast_head_json":{"title":"Quality Choice Medicated Pads with Witch Hazel \u2013 100 Count &#8211; El Supermercado Medico","description":"Quality Choice Medicated Pads con Witch Hazel alivian ardor, picaz\u00f3n y molestias por hemorroides o irritaciones vaginales. Suaves, calmantes y efectivas.","robots":{"index":"index","follow":"follow","max-snippet":"max-snippet:-1","max-image-preview":"max-image-preview:large","max-video-preview":"max-video-preview:-1"},"canonical":"https:\/\/elsupermercadomedicopr.com\/es\/product\/quality-choice-medicated-pads-witch-hazel\/","og_locale":"es_ES","og_type":"article","og_title":"Quality Choice Medicated Pads with Witch Hazel \u2013 100 Count &#8211; El Supermercado Medico","og_description":"Quality Choice Medicated Pads con Witch Hazel alivian ardor, picaz\u00f3n y molestias por hemorroides o irritaciones vaginales. Suaves, calmantes y efectivas.","og_url":"https:\/\/elsupermercadomedicopr.com\/es\/product\/quality-choice-medicated-pads-witch-hazel\/","og_site_name":"El Supermercado Medico","article_publisher":"https:\/\/www.facebook.com\/elsupermercadomedico","article_modified_time":"2026-01-08T21:00:16+00:00","og_image":[{"width":1000,"height":922,"url":"https:\/\/elsupermercadomedicopr.com\/wp-content\/uploads\/2025\/11\/image_2026-01-08_165935572.png","type":"image\/png"}],"twitter_card":"summary_large_image","twitter_misc":{"Est. reading time":"1 minuto"},"schema":{"@context":"https:\/\/schema.org","@graph":[{"@type":"WebPage","@id":"https:\/\/elsupermercadomedicopr.com\/product\/quality-choice-medicated-pads-witch-hazel\/","url":"https:\/\/elsupermercadomedicopr.com\/product\/quality-choice-medicated-pads-witch-hazel\/","name":"Quality Choice Medicated Pads with Witch Hazel \u2013 100 Count &#8211; El Supermercado Medico","isPartOf":{"@id":"http:\/\/elsupermercadomedicopr.com\/#website"},"primaryImageOfPage":{"@id":"https:\/\/elsupermercadomedicopr.com\/product\/quality-choice-medicated-pads-witch-hazel\/#primaryimage"},"image":{"@id":"https:\/\/elsupermercadomedicopr.com\/product\/quality-choice-medicated-pads-witch-hazel\/#primaryimage"},"thumbnailUrl":"https:\/\/elsupermercadomedicopr.com\/wp-content\/uploads\/2025\/11\/image_2026-01-08_165935572.png","datePublished":"2025-11-04T21:08:05+00:00","dateModified":"2026-01-08T21:00:16+00:00","description":"Quality Choice Medicated Pads con Witch Hazel alivian ardor, picaz\u00f3n y molestias por hemorroides o irritaciones vaginales. Suaves, calmantes y efectivas.","breadcrumb":{"@id":"https:\/\/elsupermercadomedicopr.com\/product\/quality-choice-medicated-pads-witch-hazel\/#breadcrumb"},"inLanguage":"es","potentialAction":[{"@type":"ReadAction","target":["https:\/\/elsupermercadomedicopr.com\/product\/quality-choice-medicated-pads-witch-hazel\/"]}]},{"@type":"ImageObject","inLanguage":"es","@id":"https:\/\/elsupermercadomedicopr.com\/product\/quality-choice-medicated-pads-witch-hazel\/#primaryimage","url":"https:\/\/elsupermercadomedicopr.com\/wp-content\/uploads\/2025\/11\/image_2026-01-08_165935572.png","contentUrl":"https:\/\/elsupermercadomedicopr.com\/wp-content\/uploads\/2025\/11\/image_2026-01-08_165935572.png","width":1000,"height":922},{"@type":"BreadcrumbList","@id":"https:\/\/elsupermercadomedicopr.com\/product\/quality-choice-medicated-pads-witch-hazel\/#breadcrumb","itemListElement":[{"@type":"ListItem","position":1,"name":"Home","item":"https:\/\/elsupermercadomedicopr.com\/"},{"@type":"ListItem","position":2,"name":"Shop","item":"https:\/\/elsupermercadomedicopr.com\/shop\/"},{"@type":"ListItem","position":3,"name":"Quality Choice Medicated Pads with Witch Hazel \u2013 100 Count"}]},{"@type":"WebSite","@id":"http:\/\/elsupermercadomedicopr.com\/#website","url":"http:\/\/elsupermercadomedicopr.com\/","name":"El Supermercado Medico","description":"Tu alternativa en equipos m\u00e9dicos, sirviendo al profesional de la salud y al paciente convaleciente.","publisher":{"@id":"http:\/\/elsupermercadomedicopr.com\/#organization"},"potentialAction":[{"@type":"SearchAction","target":{"@type":"EntryPoint","urlTemplate":"http:\/\/elsupermercadomedicopr.com\/?s={search_term_string}"},"query-input":{"@type":"PropertyValueSpecification","valueRequired":true,"valueName":"search_term_string"}}],"inLanguage":"es"},{"@type":"Organization","@id":"http:\/\/elsupermercadomedicopr.com\/#organization","name":"El Supermercado Medico, Inc.","url":"http:\/\/elsupermercadomedicopr.com\/","logo":{"@type":"ImageObject","inLanguage":"es","@id":"http:\/\/elsupermercadomedicopr.com\/#\/schema\/logo\/image\/","url":"https:\/\/elsupermercadomedicopr.com\/wp-content\/uploads\/2025\/11\/cropped-Untitled-design-5.png","contentUrl":"https:\/\/elsupermercadomedicopr.com\/wp-content\/uploads\/2025\/11\/cropped-Untitled-design-5.png","width":512,"height":512,"caption":"El Supermercado Medico, Inc."},"image":{"@id":"http:\/\/elsupermercadomedicopr.com\/#\/schema\/logo\/image\/"},"sameAs":["https:\/\/www.facebook.com\/elsupermercadomedico"]}]}},"_links":{"self":[{"href":"https:\/\/elsupermercadomedicopr.com\/es\/wp-json\/wp\/v2\/product\/1248","targetHints":{"allow":["GET"]}}],"collection":[{"href":"https:\/\/elsupermercadomedicopr.com\/es\/wp-json\/wp\/v2\/product"}],"about":[{"href":"https:\/\/elsupermercadomedicopr.com\/es\/wp-json\/wp\/v2\/types\/product"}],"wp:featuredmedia":[{"embeddable":true,"href":"https:\/\/elsupermercadomedicopr.com\/es\/wp-json\/wp\/v2\/media\/2333"}],"wp:attachment":[{"href":"https:\/\/elsupermercadomedicopr.com\/es\/wp-json\/wp\/v2\/media?parent=1248"}],"wp:term":[{"taxonomy":"product_brand","embeddable":true,"href":"https:\/\/elsupermercadomedicopr.com\/es\/wp-json\/wp\/v2\/product_brand?post=1248"},{"taxonomy":"product_cat","embeddable":true,"href":"https:\/\/elsupermercadomedicopr.com\/es\/wp-json\/wp\/v2\/product_cat?post=1248"},{"taxonomy":"product_tag","embeddable":true,"href":"https:\/\/elsupermercadomedicopr.com\/es\/wp-json\/wp\/v2\/product_tag?post=1248"}],"curies":[{"name":"wp","href":"https:\/\/api.w.org\/{rel}","templated":true}]}}