{"id":1228,"date":"2025-11-04T19:24:05","date_gmt":"2025-11-04T19:24:05","guid":{"rendered":"https:\/\/elsupermercadomedicopr.com\/?post_type=product&#038;p=1228"},"modified":"2025-11-21T02:58:37","modified_gmt":"2025-11-21T02:58:37","slug":"dop-alcohol-isopropyl-70-16oz","status":"publish","type":"product","link":"https:\/\/elsupermercadomedicopr.com\/es\/product\/dop-alcohol-isopropyl-70-16oz\/","title":{"rendered":"DOP Alcohol Isopropyl 70% 16 oz"},"content":{"rendered":"<p data-start=\"389\" data-end=\"731\">El <strong data-start=\"440\" data-end=\"475\">DOP Alcohol Isopropyl 70% 16 oz<\/strong> ofrece una f\u00f3rmula eficaz para <strong data-start=\"507\" data-end=\"551\">limpiar, desinfectar y refrescar la piel<\/strong>. Perfecto para uso dom\u00e9stico, m\u00e9dico o deportivo, su concentraci\u00f3n del <strong data-start=\"623\" data-end=\"654\">70% de alcohol isoprop\u00edlico<\/strong> brinda una acci\u00f3n antis\u00e9ptica confiable y un efecto refrescante inmediato.<\/p>\n<p data-start=\"733\" data-end=\"901\">Su uso tambi\u00e9n es recomendado para <strong data-start=\"768\" data-end=\"790\">masajes musculares<\/strong>, ayudando a aliviar la tensi\u00f3n y el cansancio corporal, proporcionando una sensaci\u00f3n de frescura prolongada.<\/p>\n<p data-start=\"903\" data-end=\"932\"><strong data-start=\"903\" data-end=\"930\">Beneficios principales:<\/strong><\/p>\n<ul data-start=\"933\" data-end=\"1234\">\n<li data-start=\"933\" data-end=\"977\">\n<p data-start=\"935\" data-end=\"977\">Limpia y desinfecta eficazmente la piel.<\/p>\n<\/li>\n<li data-start=\"978\" data-end=\"1047\">\n<p data-start=\"980\" data-end=\"1047\">Ideal para <strong data-start=\"991\" data-end=\"1044\">aliviar dolores musculares y masajes terap\u00e9uticos<\/strong>.<\/p>\n<\/li>\n<li data-start=\"1048\" data-end=\"1118\">\n<p data-start=\"1050\" data-end=\"1118\">Refresca y revitaliza despu\u00e9s del ejercicio o exposici\u00f3n al calor.<\/p>\n<\/li>\n<li data-start=\"1119\" data-end=\"1186\">\n<p data-start=\"1121\" data-end=\"1186\">F\u00f3rmula con <strong data-start=\"1133\" data-end=\"1164\">70% de alcohol isoprop\u00edlico<\/strong>, segura y efectiva.<\/p>\n<\/li>\n<li data-start=\"1187\" data-end=\"1234\">\n<p data-start=\"1189\" data-end=\"1234\">Uso vers\u00e1til: m\u00e9dico, personal o deportivo.<\/p>\n<\/li>\n<\/ul>\n<p data-start=\"1236\" data-end=\"1399\"><strong data-start=\"1236\" data-end=\"1252\">Modo de uso:<\/strong><br data-start=\"1252\" data-end=\"1255\" \/>Aplicar sobre la piel con un pa\u00f1o o algod\u00f3n. Masajear suavemente si se usa para alivio muscular. No ingerir ni aplicar sobre heridas abiertas.<\/p>\n<p data-start=\"1401\" data-end=\"1424\"><strong data-start=\"1401\" data-end=\"1422\">Especificaciones:<\/strong><\/p>\n<ul data-start=\"1425\" data-end=\"1534\">\n<li data-start=\"1425\" data-end=\"1443\">\n<p data-start=\"1427\" data-end=\"1443\">Marca: <strong data-start=\"1434\" data-end=\"1441\">DOP<\/strong><\/p>\n<\/li>\n<li data-start=\"1444\" data-end=\"1464\">\n<p data-start=\"1446\" data-end=\"1464\">Contenido: 16 oz<\/p>\n<\/li>\n<li data-start=\"1465\" data-end=\"1499\">\n<p data-start=\"1467\" data-end=\"1499\">Tipo: Alcohol Isoprop\u00edlico 70%<\/p>\n<\/li>\n<li data-start=\"1500\" data-end=\"1516\">\n<p data-start=\"1502\" data-end=\"1516\">Uso: Externo<\/p>\n<\/li>\n<li data-start=\"1517\" data-end=\"1534\">\n<p data-start=\"1519\" data-end=\"1534\">Aroma: Fresco<\/p>\n<\/li>\n<\/ul>","protected":false},"excerpt":{"rendered":"<p data-start=\"190\" data-end=\"387\"><strong data-start=\"226\" data-end=\"255\">DOP Alcohol Isopropyl 70%<\/strong> es ideal para desinfecci\u00f3n, limpieza de la piel y alivio muscular. Refresca y ayuda a relajar el cuerpo tras la actividad f\u00edsica.<\/p>\n<p data-start=\"389\" data-end=\"731\">","protected":false},"featured_media":1229,"template":"","meta":[],"product_brand":[97],"product_cat":[15],"product_tag":[],"class_list":{"0":"post-1228","1":"product","2":"type-product","3":"status-publish","4":"has-post-thumbnail","6":"product_brand-dop","7":"product_cat-cuidado_personal","9":"first","10":"instock","11":"taxable","12":"shipping-taxable","13":"purchasable","14":"product-type-simple"},"yoast_head":"<!-- This site is optimized with the Yoast SEO plugin v27.4 - https:\/\/yoast.com\/product\/yoast-seo-wordpress\/ -->\n<title>DOP Alcohol Isopropyl 70% 16 oz &#8211; El Supermercado Medico<\/title>\n<meta name=\"description\" content=\"DOP Alcohol Isopropyl 70% 16 oz. Desinfectante y refrescante ideal para limpieza de la piel y masajes musculares. Acci\u00f3n r\u00e1pida y sensaci\u00f3n revitalizante.\" \/>\n<meta name=\"robots\" content=\"index, follow, max-snippet:-1, max-image-preview:large, max-video-preview:-1\" \/>\n<link rel=\"canonical\" href=\"https:\/\/elsupermercadomedicopr.com\/es\/product\/dop-alcohol-isopropyl-70-16oz\/\" \/>\n<meta property=\"og:locale\" content=\"es_ES\" \/>\n<meta property=\"og:type\" content=\"article\" \/>\n<meta property=\"og:title\" content=\"DOP Alcohol Isopropyl 70% 16 oz &#8211; El Supermercado Medico\" \/>\n<meta property=\"og:description\" content=\"DOP Alcohol Isopropyl 70% 16 oz. Desinfectante y refrescante ideal para limpieza de la piel y masajes musculares. Acci\u00f3n r\u00e1pida y sensaci\u00f3n revitalizante.\" \/>\n<meta property=\"og:url\" content=\"https:\/\/elsupermercadomedicopr.com\/es\/product\/dop-alcohol-isopropyl-70-16oz\/\" \/>\n<meta property=\"og:site_name\" content=\"El Supermercado Medico\" \/>\n<meta property=\"article:publisher\" content=\"https:\/\/www.facebook.com\/elsupermercadomedico\" \/>\n<meta property=\"article:modified_time\" content=\"2025-11-21T02:58:37+00:00\" \/>\n<meta property=\"og:image\" content=\"https:\/\/elsupermercadomedicopr.com\/wp-content\/uploads\/2025\/11\/image_2025-11-04_152234322.png\" \/>\n\t<meta property=\"og:image:width\" content=\"375\" \/>\n\t<meta property=\"og:image:height\" content=\"375\" \/>\n\t<meta property=\"og:image:type\" content=\"image\/png\" \/>\n<meta name=\"twitter:card\" content=\"summary_large_image\" \/>\n<meta name=\"twitter:label1\" content=\"Est. reading time\" \/>\n\t<meta name=\"twitter:data1\" content=\"1 minuto\" \/>\n<script type=\"application\/ld+json\" class=\"yoast-schema-graph\">{\"@context\":\"https:\\\/\\\/schema.org\",\"@graph\":[{\"@type\":\"WebPage\",\"@id\":\"https:\\\/\\\/elsupermercadomedicopr.com\\\/product\\\/dop-alcohol-isopropyl-70-16oz\\\/\",\"url\":\"https:\\\/\\\/elsupermercadomedicopr.com\\\/product\\\/dop-alcohol-isopropyl-70-16oz\\\/\",\"name\":\"DOP Alcohol Isopropyl 70% 16 oz &#8211; El Supermercado Medico\",\"isPartOf\":{\"@id\":\"http:\\\/\\\/elsupermercadomedicopr.com\\\/#website\"},\"primaryImageOfPage\":{\"@id\":\"https:\\\/\\\/elsupermercadomedicopr.com\\\/product\\\/dop-alcohol-isopropyl-70-16oz\\\/#primaryimage\"},\"image\":{\"@id\":\"https:\\\/\\\/elsupermercadomedicopr.com\\\/product\\\/dop-alcohol-isopropyl-70-16oz\\\/#primaryimage\"},\"thumbnailUrl\":\"https:\\\/\\\/elsupermercadomedicopr.com\\\/wp-content\\\/uploads\\\/2025\\\/11\\\/image_2025-11-04_152234322.png\",\"datePublished\":\"2025-11-04T19:24:05+00:00\",\"dateModified\":\"2025-11-21T02:58:37+00:00\",\"description\":\"DOP Alcohol Isopropyl 70% 16 oz. Desinfectante y refrescante ideal para limpieza de la piel y masajes musculares. Acci\u00f3n r\u00e1pida y sensaci\u00f3n revitalizante.\",\"breadcrumb\":{\"@id\":\"https:\\\/\\\/elsupermercadomedicopr.com\\\/product\\\/dop-alcohol-isopropyl-70-16oz\\\/#breadcrumb\"},\"inLanguage\":\"es\",\"potentialAction\":[{\"@type\":\"ReadAction\",\"target\":[\"https:\\\/\\\/elsupermercadomedicopr.com\\\/product\\\/dop-alcohol-isopropyl-70-16oz\\\/\"]}]},{\"@type\":\"ImageObject\",\"inLanguage\":\"es\",\"@id\":\"https:\\\/\\\/elsupermercadomedicopr.com\\\/product\\\/dop-alcohol-isopropyl-70-16oz\\\/#primaryimage\",\"url\":\"https:\\\/\\\/elsupermercadomedicopr.com\\\/wp-content\\\/uploads\\\/2025\\\/11\\\/image_2025-11-04_152234322.png\",\"contentUrl\":\"https:\\\/\\\/elsupermercadomedicopr.com\\\/wp-content\\\/uploads\\\/2025\\\/11\\\/image_2025-11-04_152234322.png\",\"width\":375,\"height\":375},{\"@type\":\"BreadcrumbList\",\"@id\":\"https:\\\/\\\/elsupermercadomedicopr.com\\\/product\\\/dop-alcohol-isopropyl-70-16oz\\\/#breadcrumb\",\"itemListElement\":[{\"@type\":\"ListItem\",\"position\":1,\"name\":\"Home\",\"item\":\"https:\\\/\\\/elsupermercadomedicopr.com\\\/\"},{\"@type\":\"ListItem\",\"position\":2,\"name\":\"Shop\",\"item\":\"https:\\\/\\\/elsupermercadomedicopr.com\\\/shop\\\/\"},{\"@type\":\"ListItem\",\"position\":3,\"name\":\"DOP Alcohol Isopropyl 70% 16 oz\"}]},{\"@type\":\"WebSite\",\"@id\":\"http:\\\/\\\/elsupermercadomedicopr.com\\\/#website\",\"url\":\"http:\\\/\\\/elsupermercadomedicopr.com\\\/\",\"name\":\"El Supermercado Medico\",\"description\":\"Tu alternativa en equipos m\u00e9dicos, sirviendo al profesional de la salud y al paciente convaleciente.\",\"publisher\":{\"@id\":\"http:\\\/\\\/elsupermercadomedicopr.com\\\/#organization\"},\"potentialAction\":[{\"@type\":\"SearchAction\",\"target\":{\"@type\":\"EntryPoint\",\"urlTemplate\":\"http:\\\/\\\/elsupermercadomedicopr.com\\\/?s={search_term_string}\"},\"query-input\":{\"@type\":\"PropertyValueSpecification\",\"valueRequired\":true,\"valueName\":\"search_term_string\"}}],\"inLanguage\":\"es\"},{\"@type\":\"Organization\",\"@id\":\"http:\\\/\\\/elsupermercadomedicopr.com\\\/#organization\",\"name\":\"El Supermercado Medico, Inc.\",\"url\":\"http:\\\/\\\/elsupermercadomedicopr.com\\\/\",\"logo\":{\"@type\":\"ImageObject\",\"inLanguage\":\"es\",\"@id\":\"http:\\\/\\\/elsupermercadomedicopr.com\\\/#\\\/schema\\\/logo\\\/image\\\/\",\"url\":\"https:\\\/\\\/elsupermercadomedicopr.com\\\/wp-content\\\/uploads\\\/2025\\\/11\\\/cropped-Untitled-design-5.png\",\"contentUrl\":\"https:\\\/\\\/elsupermercadomedicopr.com\\\/wp-content\\\/uploads\\\/2025\\\/11\\\/cropped-Untitled-design-5.png\",\"width\":512,\"height\":512,\"caption\":\"El Supermercado Medico, Inc.\"},\"image\":{\"@id\":\"http:\\\/\\\/elsupermercadomedicopr.com\\\/#\\\/schema\\\/logo\\\/image\\\/\"},\"sameAs\":[\"https:\\\/\\\/www.facebook.com\\\/elsupermercadomedico\"]}]}<\/script>\n<!-- \/ Yoast SEO plugin. -->","yoast_head_json":{"title":"DOP Alcohol Isopropyl 70% 16 oz &#8211; El Supermercado Medico","description":"DOP Alcohol Isopropyl 70% 16 oz. Desinfectante y refrescante ideal para limpieza de la piel y masajes musculares. Acci\u00f3n r\u00e1pida y sensaci\u00f3n revitalizante.","robots":{"index":"index","follow":"follow","max-snippet":"max-snippet:-1","max-image-preview":"max-image-preview:large","max-video-preview":"max-video-preview:-1"},"canonical":"https:\/\/elsupermercadomedicopr.com\/es\/product\/dop-alcohol-isopropyl-70-16oz\/","og_locale":"es_ES","og_type":"article","og_title":"DOP Alcohol Isopropyl 70% 16 oz &#8211; El Supermercado Medico","og_description":"DOP Alcohol Isopropyl 70% 16 oz. Desinfectante y refrescante ideal para limpieza de la piel y masajes musculares. Acci\u00f3n r\u00e1pida y sensaci\u00f3n revitalizante.","og_url":"https:\/\/elsupermercadomedicopr.com\/es\/product\/dop-alcohol-isopropyl-70-16oz\/","og_site_name":"El Supermercado Medico","article_publisher":"https:\/\/www.facebook.com\/elsupermercadomedico","article_modified_time":"2025-11-21T02:58:37+00:00","og_image":[{"width":375,"height":375,"url":"https:\/\/elsupermercadomedicopr.com\/wp-content\/uploads\/2025\/11\/image_2025-11-04_152234322.png","type":"image\/png"}],"twitter_card":"summary_large_image","twitter_misc":{"Est. reading time":"1 minuto"},"schema":{"@context":"https:\/\/schema.org","@graph":[{"@type":"WebPage","@id":"https:\/\/elsupermercadomedicopr.com\/product\/dop-alcohol-isopropyl-70-16oz\/","url":"https:\/\/elsupermercadomedicopr.com\/product\/dop-alcohol-isopropyl-70-16oz\/","name":"DOP Alcohol Isopropyl 70% 16 oz &#8211; El Supermercado Medico","isPartOf":{"@id":"http:\/\/elsupermercadomedicopr.com\/#website"},"primaryImageOfPage":{"@id":"https:\/\/elsupermercadomedicopr.com\/product\/dop-alcohol-isopropyl-70-16oz\/#primaryimage"},"image":{"@id":"https:\/\/elsupermercadomedicopr.com\/product\/dop-alcohol-isopropyl-70-16oz\/#primaryimage"},"thumbnailUrl":"https:\/\/elsupermercadomedicopr.com\/wp-content\/uploads\/2025\/11\/image_2025-11-04_152234322.png","datePublished":"2025-11-04T19:24:05+00:00","dateModified":"2025-11-21T02:58:37+00:00","description":"DOP Alcohol Isopropyl 70% 16 oz. Desinfectante y refrescante ideal para limpieza de la piel y masajes musculares. Acci\u00f3n r\u00e1pida y sensaci\u00f3n revitalizante.","breadcrumb":{"@id":"https:\/\/elsupermercadomedicopr.com\/product\/dop-alcohol-isopropyl-70-16oz\/#breadcrumb"},"inLanguage":"es","potentialAction":[{"@type":"ReadAction","target":["https:\/\/elsupermercadomedicopr.com\/product\/dop-alcohol-isopropyl-70-16oz\/"]}]},{"@type":"ImageObject","inLanguage":"es","@id":"https:\/\/elsupermercadomedicopr.com\/product\/dop-alcohol-isopropyl-70-16oz\/#primaryimage","url":"https:\/\/elsupermercadomedicopr.com\/wp-content\/uploads\/2025\/11\/image_2025-11-04_152234322.png","contentUrl":"https:\/\/elsupermercadomedicopr.com\/wp-content\/uploads\/2025\/11\/image_2025-11-04_152234322.png","width":375,"height":375},{"@type":"BreadcrumbList","@id":"https:\/\/elsupermercadomedicopr.com\/product\/dop-alcohol-isopropyl-70-16oz\/#breadcrumb","itemListElement":[{"@type":"ListItem","position":1,"name":"Home","item":"https:\/\/elsupermercadomedicopr.com\/"},{"@type":"ListItem","position":2,"name":"Shop","item":"https:\/\/elsupermercadomedicopr.com\/shop\/"},{"@type":"ListItem","position":3,"name":"DOP Alcohol Isopropyl 70% 16 oz"}]},{"@type":"WebSite","@id":"http:\/\/elsupermercadomedicopr.com\/#website","url":"http:\/\/elsupermercadomedicopr.com\/","name":"El Supermercado Medico","description":"Tu alternativa en equipos m\u00e9dicos, sirviendo al profesional de la salud y al paciente convaleciente.","publisher":{"@id":"http:\/\/elsupermercadomedicopr.com\/#organization"},"potentialAction":[{"@type":"SearchAction","target":{"@type":"EntryPoint","urlTemplate":"http:\/\/elsupermercadomedicopr.com\/?s={search_term_string}"},"query-input":{"@type":"PropertyValueSpecification","valueRequired":true,"valueName":"search_term_string"}}],"inLanguage":"es"},{"@type":"Organization","@id":"http:\/\/elsupermercadomedicopr.com\/#organization","name":"El Supermercado Medico, Inc.","url":"http:\/\/elsupermercadomedicopr.com\/","logo":{"@type":"ImageObject","inLanguage":"es","@id":"http:\/\/elsupermercadomedicopr.com\/#\/schema\/logo\/image\/","url":"https:\/\/elsupermercadomedicopr.com\/wp-content\/uploads\/2025\/11\/cropped-Untitled-design-5.png","contentUrl":"https:\/\/elsupermercadomedicopr.com\/wp-content\/uploads\/2025\/11\/cropped-Untitled-design-5.png","width":512,"height":512,"caption":"El Supermercado Medico, Inc."},"image":{"@id":"http:\/\/elsupermercadomedicopr.com\/#\/schema\/logo\/image\/"},"sameAs":["https:\/\/www.facebook.com\/elsupermercadomedico"]}]}},"_links":{"self":[{"href":"https:\/\/elsupermercadomedicopr.com\/es\/wp-json\/wp\/v2\/product\/1228","targetHints":{"allow":["GET"]}}],"collection":[{"href":"https:\/\/elsupermercadomedicopr.com\/es\/wp-json\/wp\/v2\/product"}],"about":[{"href":"https:\/\/elsupermercadomedicopr.com\/es\/wp-json\/wp\/v2\/types\/product"}],"wp:featuredmedia":[{"embeddable":true,"href":"https:\/\/elsupermercadomedicopr.com\/es\/wp-json\/wp\/v2\/media\/1229"}],"wp:attachment":[{"href":"https:\/\/elsupermercadomedicopr.com\/es\/wp-json\/wp\/v2\/media?parent=1228"}],"wp:term":[{"taxonomy":"product_brand","embeddable":true,"href":"https:\/\/elsupermercadomedicopr.com\/es\/wp-json\/wp\/v2\/product_brand?post=1228"},{"taxonomy":"product_cat","embeddable":true,"href":"https:\/\/elsupermercadomedicopr.com\/es\/wp-json\/wp\/v2\/product_cat?post=1228"},{"taxonomy":"product_tag","embeddable":true,"href":"https:\/\/elsupermercadomedicopr.com\/es\/wp-json\/wp\/v2\/product_tag?post=1228"}],"curies":[{"name":"wp","href":"https:\/\/api.w.org\/{rel}","templated":true}]}}