{"id":1223,"date":"2025-11-04T19:17:03","date_gmt":"2025-11-04T19:17:03","guid":{"rendered":"https:\/\/elsupermercadomedicopr.com\/?post_type=product&#038;p=1223"},"modified":"2025-11-21T02:58:37","modified_gmt":"2025-11-21T02:58:37","slug":"antiseptic-mouth-rinse-original-flavor-qc99443","status":"publish","type":"product","link":"https:\/\/elsupermercadomedicopr.com\/es\/product\/antiseptic-mouth-rinse-original-flavor-qc99443\/","title":{"rendered":"Antiseptic Mouth Rinse, Original Flavor, QC99443 \u2013 Quality Choice"},"content":{"rendered":"<p data-start=\"460\" data-end=\"838\">El <strong data-start=\"511\" data-end=\"571\">Antiseptic Mouth Rinse Original Flavor de Quality Choice<\/strong> ofrece una protecci\u00f3n oral completa con su f\u00f3rmula antis\u00e9ptica, dise\u00f1ada para <strong data-start=\"650\" data-end=\"695\">reducir la placa y prevenir la gingivitis<\/strong>. Su sabor cl\u00e1sico y refrescante deja la boca limpia, eliminando bacterias que causan mal aliento y contribuyen a enfermedades de las enc\u00edas.<\/p>\n<p data-start=\"840\" data-end=\"996\">Este enjuague bucal es ideal para uso diario como parte de una rutina de higiene oral completa, promoviendo <strong data-start=\"948\" data-end=\"993\">enc\u00edas m\u00e1s saludables y un aliento fresco<\/strong>.<\/p>\n<p data-start=\"998\" data-end=\"1027\"><strong data-start=\"998\" data-end=\"1025\">Beneficios principales:<\/strong><\/p>\n<ul data-start=\"1028\" data-end=\"1286\">\n<li data-start=\"1028\" data-end=\"1098\">\n<p data-start=\"1030\" data-end=\"1098\"><strong data-start=\"1030\" data-end=\"1062\">Controla la placa bacteriana<\/strong> y ayuda a prevenir la gingivitis.<\/p>\n<\/li>\n<li data-start=\"1099\" data-end=\"1147\">\n<p data-start=\"1101\" data-end=\"1147\">Elimina g\u00e9rmenes que causan <strong data-start=\"1129\" data-end=\"1144\">mal aliento<\/strong>.<\/p>\n<\/li>\n<li data-start=\"1148\" data-end=\"1205\">\n<p data-start=\"1150\" data-end=\"1205\">Proporciona una <strong data-start=\"1166\" data-end=\"1202\">sensaci\u00f3n de frescura prolongada<\/strong>.<\/p>\n<\/li>\n<li data-start=\"1206\" data-end=\"1235\">\n<p data-start=\"1208\" data-end=\"1235\">Sabor original agradable.<\/p>\n<\/li>\n<li data-start=\"1236\" data-end=\"1286\">\n<p data-start=\"1238\" data-end=\"1286\">Ideal para <strong data-start=\"1249\" data-end=\"1263\">uso diario<\/strong> en el cuidado bucal.<\/p>\n<\/li>\n<\/ul>\n<p data-start=\"1288\" data-end=\"1445\"><strong data-start=\"1288\" data-end=\"1304\">Modo de uso:<\/strong><br data-start=\"1304\" data-end=\"1307\" \/>Enjuagar la boca con 20 ml (aprox. 2 cucharadas) por 30 segundos, luego escupir. No tragar. Usar dos veces al d\u00eda despu\u00e9s del cepillado.<\/p>\n<p data-start=\"1447\" data-end=\"1470\"><strong data-start=\"1447\" data-end=\"1468\">Especificaciones:<\/strong><\/p>\n<ul data-start=\"1471\" data-end=\"1610\">\n<li data-start=\"1471\" data-end=\"1500\">\n<p data-start=\"1473\" data-end=\"1500\">Marca: <strong data-start=\"1480\" data-end=\"1498\">Quality Choice<\/strong><\/p>\n<\/li>\n<li data-start=\"1501\" data-end=\"1523\">\n<p data-start=\"1503\" data-end=\"1523\">Contenido: 33.8 oz<\/p>\n<\/li>\n<li data-start=\"1524\" data-end=\"1543\">\n<p data-start=\"1526\" data-end=\"1543\">Sabor: Original<\/p>\n<\/li>\n<li data-start=\"1544\" data-end=\"1580\">\n<p data-start=\"1546\" data-end=\"1580\">Tipo: Enjuague bucal antis\u00e9ptico<\/p>\n<\/li>\n<li data-start=\"1581\" data-end=\"1610\">\n<p data-start=\"1583\" data-end=\"1610\">Uso: Cuidado bucal diario<\/p>\n<\/li>\n<\/ul>","protected":false},"excerpt":{"rendered":"<p data-start=\"254\" data-end=\"458\"><strong data-start=\"290\" data-end=\"349\">Antiseptic Mouth Rinse Original Flavor (Quality Choice)<\/strong> ayuda a controlar la placa que causa la gingivitis, dejando una sensaci\u00f3n de limpieza y frescura duradera.<\/p>\n<p data-start=\"460\" data-end=\"838\">","protected":false},"featured_media":1224,"template":"","meta":[],"product_brand":[51],"product_cat":[15],"product_tag":[],"class_list":{"0":"post-1223","1":"product","2":"type-product","3":"status-publish","4":"has-post-thumbnail","6":"product_brand-quality-choice","7":"product_cat-cuidado_personal","9":"first","10":"instock","11":"taxable","12":"shipping-taxable","13":"purchasable","14":"product-type-simple"},"yoast_head":"<!-- This site is optimized with the Yoast SEO plugin v27.4 - https:\/\/yoast.com\/product\/yoast-seo-wordpress\/ -->\n<title>Antiseptic Mouth Rinse, Original Flavor, QC99443 \u2013 Quality Choice &#8211; El Supermercado Medico<\/title>\n<meta name=\"description\" content=\"Antiseptic Mouth Rinse Quality Choice sabor original. Controla la placa y previene la gingivitis. Enjuague bucal antis\u00e9ptico de uso diario con frescura prolongada.\" \/>\n<meta name=\"robots\" content=\"index, follow, max-snippet:-1, max-image-preview:large, max-video-preview:-1\" \/>\n<link rel=\"canonical\" href=\"https:\/\/elsupermercadomedicopr.com\/es\/product\/antiseptic-mouth-rinse-original-flavor-qc99443\/\" \/>\n<meta property=\"og:locale\" content=\"es_ES\" \/>\n<meta property=\"og:type\" content=\"article\" \/>\n<meta property=\"og:title\" content=\"Antiseptic Mouth Rinse, Original Flavor, QC99443 \u2013 Quality Choice &#8211; El Supermercado Medico\" \/>\n<meta property=\"og:description\" content=\"Antiseptic Mouth Rinse Quality Choice sabor original. Controla la placa y previene la gingivitis. Enjuague bucal antis\u00e9ptico de uso diario con frescura prolongada.\" \/>\n<meta property=\"og:url\" content=\"https:\/\/elsupermercadomedicopr.com\/es\/product\/antiseptic-mouth-rinse-original-flavor-qc99443\/\" \/>\n<meta property=\"og:site_name\" content=\"El Supermercado Medico\" \/>\n<meta property=\"article:publisher\" content=\"https:\/\/www.facebook.com\/elsupermercadomedico\" \/>\n<meta property=\"article:modified_time\" content=\"2025-11-21T02:58:37+00:00\" \/>\n<meta property=\"og:image\" content=\"https:\/\/elsupermercadomedicopr.com\/wp-content\/uploads\/2025\/11\/image_2025-11-04_151651784.png\" \/>\n\t<meta property=\"og:image:width\" content=\"600\" \/>\n\t<meta property=\"og:image:height\" content=\"600\" \/>\n\t<meta property=\"og:image:type\" content=\"image\/png\" \/>\n<meta name=\"twitter:card\" content=\"summary_large_image\" \/>\n<meta name=\"twitter:label1\" content=\"Est. reading time\" \/>\n\t<meta name=\"twitter:data1\" content=\"1 minuto\" \/>\n<script type=\"application\/ld+json\" class=\"yoast-schema-graph\">{\"@context\":\"https:\\\/\\\/schema.org\",\"@graph\":[{\"@type\":\"WebPage\",\"@id\":\"https:\\\/\\\/elsupermercadomedicopr.com\\\/product\\\/antiseptic-mouth-rinse-original-flavor-qc99443\\\/\",\"url\":\"https:\\\/\\\/elsupermercadomedicopr.com\\\/product\\\/antiseptic-mouth-rinse-original-flavor-qc99443\\\/\",\"name\":\"Antiseptic Mouth Rinse, Original Flavor, QC99443 \u2013 Quality Choice &#8211; El Supermercado Medico\",\"isPartOf\":{\"@id\":\"http:\\\/\\\/elsupermercadomedicopr.com\\\/#website\"},\"primaryImageOfPage\":{\"@id\":\"https:\\\/\\\/elsupermercadomedicopr.com\\\/product\\\/antiseptic-mouth-rinse-original-flavor-qc99443\\\/#primaryimage\"},\"image\":{\"@id\":\"https:\\\/\\\/elsupermercadomedicopr.com\\\/product\\\/antiseptic-mouth-rinse-original-flavor-qc99443\\\/#primaryimage\"},\"thumbnailUrl\":\"https:\\\/\\\/elsupermercadomedicopr.com\\\/wp-content\\\/uploads\\\/2025\\\/11\\\/image_2025-11-04_151651784.png\",\"datePublished\":\"2025-11-04T19:17:03+00:00\",\"dateModified\":\"2025-11-21T02:58:37+00:00\",\"description\":\"Antiseptic Mouth Rinse Quality Choice sabor original. Controla la placa y previene la gingivitis. Enjuague bucal antis\u00e9ptico de uso diario con frescura prolongada.\",\"breadcrumb\":{\"@id\":\"https:\\\/\\\/elsupermercadomedicopr.com\\\/product\\\/antiseptic-mouth-rinse-original-flavor-qc99443\\\/#breadcrumb\"},\"inLanguage\":\"es\",\"potentialAction\":[{\"@type\":\"ReadAction\",\"target\":[\"https:\\\/\\\/elsupermercadomedicopr.com\\\/product\\\/antiseptic-mouth-rinse-original-flavor-qc99443\\\/\"]}]},{\"@type\":\"ImageObject\",\"inLanguage\":\"es\",\"@id\":\"https:\\\/\\\/elsupermercadomedicopr.com\\\/product\\\/antiseptic-mouth-rinse-original-flavor-qc99443\\\/#primaryimage\",\"url\":\"https:\\\/\\\/elsupermercadomedicopr.com\\\/wp-content\\\/uploads\\\/2025\\\/11\\\/image_2025-11-04_151651784.png\",\"contentUrl\":\"https:\\\/\\\/elsupermercadomedicopr.com\\\/wp-content\\\/uploads\\\/2025\\\/11\\\/image_2025-11-04_151651784.png\",\"width\":600,\"height\":600},{\"@type\":\"BreadcrumbList\",\"@id\":\"https:\\\/\\\/elsupermercadomedicopr.com\\\/product\\\/antiseptic-mouth-rinse-original-flavor-qc99443\\\/#breadcrumb\",\"itemListElement\":[{\"@type\":\"ListItem\",\"position\":1,\"name\":\"Home\",\"item\":\"https:\\\/\\\/elsupermercadomedicopr.com\\\/\"},{\"@type\":\"ListItem\",\"position\":2,\"name\":\"Shop\",\"item\":\"https:\\\/\\\/elsupermercadomedicopr.com\\\/shop\\\/\"},{\"@type\":\"ListItem\",\"position\":3,\"name\":\"Antiseptic Mouth Rinse, Original Flavor, QC99443 \u2013 Quality Choice\"}]},{\"@type\":\"WebSite\",\"@id\":\"http:\\\/\\\/elsupermercadomedicopr.com\\\/#website\",\"url\":\"http:\\\/\\\/elsupermercadomedicopr.com\\\/\",\"name\":\"El Supermercado Medico\",\"description\":\"Tu alternativa en equipos m\u00e9dicos, sirviendo al profesional de la salud y al paciente convaleciente.\",\"publisher\":{\"@id\":\"http:\\\/\\\/elsupermercadomedicopr.com\\\/#organization\"},\"potentialAction\":[{\"@type\":\"SearchAction\",\"target\":{\"@type\":\"EntryPoint\",\"urlTemplate\":\"http:\\\/\\\/elsupermercadomedicopr.com\\\/?s={search_term_string}\"},\"query-input\":{\"@type\":\"PropertyValueSpecification\",\"valueRequired\":true,\"valueName\":\"search_term_string\"}}],\"inLanguage\":\"es\"},{\"@type\":\"Organization\",\"@id\":\"http:\\\/\\\/elsupermercadomedicopr.com\\\/#organization\",\"name\":\"El Supermercado Medico, Inc.\",\"url\":\"http:\\\/\\\/elsupermercadomedicopr.com\\\/\",\"logo\":{\"@type\":\"ImageObject\",\"inLanguage\":\"es\",\"@id\":\"http:\\\/\\\/elsupermercadomedicopr.com\\\/#\\\/schema\\\/logo\\\/image\\\/\",\"url\":\"https:\\\/\\\/elsupermercadomedicopr.com\\\/wp-content\\\/uploads\\\/2025\\\/11\\\/cropped-Untitled-design-5.png\",\"contentUrl\":\"https:\\\/\\\/elsupermercadomedicopr.com\\\/wp-content\\\/uploads\\\/2025\\\/11\\\/cropped-Untitled-design-5.png\",\"width\":512,\"height\":512,\"caption\":\"El Supermercado Medico, Inc.\"},\"image\":{\"@id\":\"http:\\\/\\\/elsupermercadomedicopr.com\\\/#\\\/schema\\\/logo\\\/image\\\/\"},\"sameAs\":[\"https:\\\/\\\/www.facebook.com\\\/elsupermercadomedico\"]}]}<\/script>\n<!-- \/ Yoast SEO plugin. -->","yoast_head_json":{"title":"Antiseptic Mouth Rinse, Original Flavor, QC99443 \u2013 Quality Choice &#8211; El Supermercado Medico","description":"Antiseptic Mouth Rinse Quality Choice sabor original. Controla la placa y previene la gingivitis. Enjuague bucal antis\u00e9ptico de uso diario con frescura prolongada.","robots":{"index":"index","follow":"follow","max-snippet":"max-snippet:-1","max-image-preview":"max-image-preview:large","max-video-preview":"max-video-preview:-1"},"canonical":"https:\/\/elsupermercadomedicopr.com\/es\/product\/antiseptic-mouth-rinse-original-flavor-qc99443\/","og_locale":"es_ES","og_type":"article","og_title":"Antiseptic Mouth Rinse, Original Flavor, QC99443 \u2013 Quality Choice &#8211; El Supermercado Medico","og_description":"Antiseptic Mouth Rinse Quality Choice sabor original. Controla la placa y previene la gingivitis. Enjuague bucal antis\u00e9ptico de uso diario con frescura prolongada.","og_url":"https:\/\/elsupermercadomedicopr.com\/es\/product\/antiseptic-mouth-rinse-original-flavor-qc99443\/","og_site_name":"El Supermercado Medico","article_publisher":"https:\/\/www.facebook.com\/elsupermercadomedico","article_modified_time":"2025-11-21T02:58:37+00:00","og_image":[{"width":600,"height":600,"url":"https:\/\/elsupermercadomedicopr.com\/wp-content\/uploads\/2025\/11\/image_2025-11-04_151651784.png","type":"image\/png"}],"twitter_card":"summary_large_image","twitter_misc":{"Est. reading time":"1 minuto"},"schema":{"@context":"https:\/\/schema.org","@graph":[{"@type":"WebPage","@id":"https:\/\/elsupermercadomedicopr.com\/product\/antiseptic-mouth-rinse-original-flavor-qc99443\/","url":"https:\/\/elsupermercadomedicopr.com\/product\/antiseptic-mouth-rinse-original-flavor-qc99443\/","name":"Antiseptic Mouth Rinse, Original Flavor, QC99443 \u2013 Quality Choice &#8211; El Supermercado Medico","isPartOf":{"@id":"http:\/\/elsupermercadomedicopr.com\/#website"},"primaryImageOfPage":{"@id":"https:\/\/elsupermercadomedicopr.com\/product\/antiseptic-mouth-rinse-original-flavor-qc99443\/#primaryimage"},"image":{"@id":"https:\/\/elsupermercadomedicopr.com\/product\/antiseptic-mouth-rinse-original-flavor-qc99443\/#primaryimage"},"thumbnailUrl":"https:\/\/elsupermercadomedicopr.com\/wp-content\/uploads\/2025\/11\/image_2025-11-04_151651784.png","datePublished":"2025-11-04T19:17:03+00:00","dateModified":"2025-11-21T02:58:37+00:00","description":"Antiseptic Mouth Rinse Quality Choice sabor original. Controla la placa y previene la gingivitis. Enjuague bucal antis\u00e9ptico de uso diario con frescura prolongada.","breadcrumb":{"@id":"https:\/\/elsupermercadomedicopr.com\/product\/antiseptic-mouth-rinse-original-flavor-qc99443\/#breadcrumb"},"inLanguage":"es","potentialAction":[{"@type":"ReadAction","target":["https:\/\/elsupermercadomedicopr.com\/product\/antiseptic-mouth-rinse-original-flavor-qc99443\/"]}]},{"@type":"ImageObject","inLanguage":"es","@id":"https:\/\/elsupermercadomedicopr.com\/product\/antiseptic-mouth-rinse-original-flavor-qc99443\/#primaryimage","url":"https:\/\/elsupermercadomedicopr.com\/wp-content\/uploads\/2025\/11\/image_2025-11-04_151651784.png","contentUrl":"https:\/\/elsupermercadomedicopr.com\/wp-content\/uploads\/2025\/11\/image_2025-11-04_151651784.png","width":600,"height":600},{"@type":"BreadcrumbList","@id":"https:\/\/elsupermercadomedicopr.com\/product\/antiseptic-mouth-rinse-original-flavor-qc99443\/#breadcrumb","itemListElement":[{"@type":"ListItem","position":1,"name":"Home","item":"https:\/\/elsupermercadomedicopr.com\/"},{"@type":"ListItem","position":2,"name":"Shop","item":"https:\/\/elsupermercadomedicopr.com\/shop\/"},{"@type":"ListItem","position":3,"name":"Antiseptic Mouth Rinse, Original Flavor, QC99443 \u2013 Quality Choice"}]},{"@type":"WebSite","@id":"http:\/\/elsupermercadomedicopr.com\/#website","url":"http:\/\/elsupermercadomedicopr.com\/","name":"El Supermercado Medico","description":"Tu alternativa en equipos m\u00e9dicos, sirviendo al profesional de la salud y al paciente convaleciente.","publisher":{"@id":"http:\/\/elsupermercadomedicopr.com\/#organization"},"potentialAction":[{"@type":"SearchAction","target":{"@type":"EntryPoint","urlTemplate":"http:\/\/elsupermercadomedicopr.com\/?s={search_term_string}"},"query-input":{"@type":"PropertyValueSpecification","valueRequired":true,"valueName":"search_term_string"}}],"inLanguage":"es"},{"@type":"Organization","@id":"http:\/\/elsupermercadomedicopr.com\/#organization","name":"El Supermercado Medico, Inc.","url":"http:\/\/elsupermercadomedicopr.com\/","logo":{"@type":"ImageObject","inLanguage":"es","@id":"http:\/\/elsupermercadomedicopr.com\/#\/schema\/logo\/image\/","url":"https:\/\/elsupermercadomedicopr.com\/wp-content\/uploads\/2025\/11\/cropped-Untitled-design-5.png","contentUrl":"https:\/\/elsupermercadomedicopr.com\/wp-content\/uploads\/2025\/11\/cropped-Untitled-design-5.png","width":512,"height":512,"caption":"El Supermercado Medico, Inc."},"image":{"@id":"http:\/\/elsupermercadomedicopr.com\/#\/schema\/logo\/image\/"},"sameAs":["https:\/\/www.facebook.com\/elsupermercadomedico"]}]}},"_links":{"self":[{"href":"https:\/\/elsupermercadomedicopr.com\/es\/wp-json\/wp\/v2\/product\/1223","targetHints":{"allow":["GET"]}}],"collection":[{"href":"https:\/\/elsupermercadomedicopr.com\/es\/wp-json\/wp\/v2\/product"}],"about":[{"href":"https:\/\/elsupermercadomedicopr.com\/es\/wp-json\/wp\/v2\/types\/product"}],"wp:featuredmedia":[{"embeddable":true,"href":"https:\/\/elsupermercadomedicopr.com\/es\/wp-json\/wp\/v2\/media\/1224"}],"wp:attachment":[{"href":"https:\/\/elsupermercadomedicopr.com\/es\/wp-json\/wp\/v2\/media?parent=1223"}],"wp:term":[{"taxonomy":"product_brand","embeddable":true,"href":"https:\/\/elsupermercadomedicopr.com\/es\/wp-json\/wp\/v2\/product_brand?post=1223"},{"taxonomy":"product_cat","embeddable":true,"href":"https:\/\/elsupermercadomedicopr.com\/es\/wp-json\/wp\/v2\/product_cat?post=1223"},{"taxonomy":"product_tag","embeddable":true,"href":"https:\/\/elsupermercadomedicopr.com\/es\/wp-json\/wp\/v2\/product_tag?post=1223"}],"curies":[{"name":"wp","href":"https:\/\/api.w.org\/{rel}","templated":true}]}}