{"id":1167,"date":"2025-11-02T20:35:05","date_gmt":"2025-11-02T20:35:05","guid":{"rendered":"https:\/\/elsupermercadomedicopr.com\/?post_type=product&#038;p=1167"},"modified":"2025-11-21T02:58:41","modified_gmt":"2025-11-21T02:58:41","slug":"aquaphor-healing-ointment","status":"publish","type":"product","link":"https:\/\/elsupermercadomedicopr.com\/es\/product\/aquaphor-healing-ointment\/","title":{"rendered":"Aquaphor Healing Ointment"},"content":{"rendered":"<p data-start=\"655\" data-end=\"1030\">El <strong data-start=\"706\" data-end=\"735\">Aquaphor Healing Ointment<\/strong> es la <strong data-start=\"742\" data-end=\"799\">pomada multiprop\u00f3sito #1 recomendada por dermat\u00f3logos<\/strong> para el cuidado de la piel sensible. Su f\u00f3rmula cl\u00ednicamente probada <strong data-start=\"869\" data-end=\"923\">restaura la suavidad y la salud natural de la piel<\/strong>, siendo ideal para <strong data-start=\"943\" data-end=\"1027\">piel extremadamente seca, labios agrietados, cut\u00edculas da\u00f1adas y talones resecos<\/strong>.<\/p>\n<p data-start=\"1032\" data-end=\"1273\">Formulado con <strong data-start=\"1046\" data-end=\"1066\">41% de petrolato<\/strong>, Aquaphor crea una <strong data-start=\"1086\" data-end=\"1122\">barrera protectora semipermeable<\/strong> que permite el flujo de ox\u00edgeno y retiene la humedad natural de la piel, promoviendo un ambiente \u00f3ptimo para la <strong data-start=\"1235\" data-end=\"1270\">curaci\u00f3n y regeneraci\u00f3n cut\u00e1nea<\/strong>.<\/p>\n<p data-start=\"1275\" data-end=\"1304\"><strong data-start=\"1275\" data-end=\"1302\">Beneficios principales:<\/strong><\/p>\n<ul data-start=\"1305\" data-end=\"1766\">\n<li data-start=\"1305\" data-end=\"1372\">\n<p data-start=\"1307\" data-end=\"1372\">Protege, suaviza y restaura la piel seca, irritada o agrietada.<\/p>\n<\/li>\n<li data-start=\"1373\" data-end=\"1455\">\n<p data-start=\"1375\" data-end=\"1455\">Ideal para <strong data-start=\"1386\" data-end=\"1452\">labios resecos, manos y pies agrietados, y peque\u00f1as quemaduras<\/strong>.<\/p>\n<\/li>\n<li data-start=\"1456\" data-end=\"1547\">\n<p data-start=\"1458\" data-end=\"1547\"><strong data-start=\"1458\" data-end=\"1517\">Ayuda a curar cortes menores, rozaduras y piel irritada<\/strong> por el clima o detergentes.<\/p>\n<\/li>\n<li data-start=\"1548\" data-end=\"1632\">\n<p data-start=\"1550\" data-end=\"1632\"><strong data-start=\"1550\" data-end=\"1576\">Previene la resequedad<\/strong> causada por el viento, el fr\u00edo o el lavado frecuente.<\/p>\n<\/li>\n<li data-start=\"1633\" data-end=\"1698\">\n<p data-start=\"1635\" data-end=\"1698\">Recomendado para usar de noche para una hidrataci\u00f3n profunda.<\/p>\n<\/li>\n<li data-start=\"1699\" data-end=\"1766\">\n<p data-start=\"1701\" data-end=\"1766\">Sin fragancia, sin colorantes y <strong data-start=\"1733\" data-end=\"1763\">apto para pieles sensibles<\/strong>.<\/p>\n<\/li>\n<\/ul>\n<p data-start=\"1768\" data-end=\"1786\"><strong data-start=\"1768\" data-end=\"1784\">Modo de uso:<\/strong><\/p>\n<ol data-start=\"1787\" data-end=\"1964\">\n<li data-start=\"1787\" data-end=\"1827\">\n<p data-start=\"1790\" data-end=\"1827\">Limpie suavemente la zona afectada.<\/p>\n<\/li>\n<li data-start=\"1828\" data-end=\"1884\">\n<p data-start=\"1831\" data-end=\"1884\">Aplique una capa delgada de pomada seg\u00fan necesidad.<\/p>\n<\/li>\n<li data-start=\"1885\" data-end=\"1964\">\n<p data-start=\"1888\" data-end=\"1964\">Use varias veces al d\u00eda o antes de dormir para una hidrataci\u00f3n prolongada.<\/p>\n<\/li>\n<\/ol>\n<p data-start=\"1966\" data-end=\"1991\"><strong data-start=\"1966\" data-end=\"1989\">Ingredientes clave:<\/strong><\/p>\n<ul data-start=\"1992\" data-end=\"2156\">\n<li data-start=\"1992\" data-end=\"2035\">\n<p data-start=\"1994\" data-end=\"2035\"><strong data-start=\"1994\" data-end=\"2012\">Petrolatum 41%<\/strong> (ingrediente activo)<\/p>\n<\/li>\n<li data-start=\"2036\" data-end=\"2117\">\n<p data-start=\"2038\" data-end=\"2117\">Pantenol y Glicerina: favorecen la reparaci\u00f3n y mantienen la humedad natural.<\/p>\n<\/li>\n<li data-start=\"2118\" data-end=\"2156\">\n<p data-start=\"2120\" data-end=\"2156\">Bisabolol: calma la piel irritada.<\/p>\n<\/li>\n<\/ul>\n<p data-start=\"2158\" data-end=\"2181\"><strong data-start=\"2158\" data-end=\"2179\">Especificaciones:<\/strong><\/p>\n<ul data-start=\"2182\" data-end=\"2390\">\n<li data-start=\"2182\" data-end=\"2202\">\n<p data-start=\"2184\" data-end=\"2202\">Marca: Aquaphor\u00ae<\/p>\n<\/li>\n<li data-start=\"2203\" data-end=\"2243\">\n<p data-start=\"2205\" data-end=\"2243\">Tipo: Pomada curativa multiprop\u00f3sito<\/p>\n<\/li>\n<li data-start=\"2244\" data-end=\"2296\">\n<p data-start=\"2246\" data-end=\"2296\">Presentaci\u00f3n: Frasco o tubo (var\u00eda seg\u00fan tama\u00f1o)<\/p>\n<\/li>\n<li data-start=\"2297\" data-end=\"2329\">\n<p data-start=\"2299\" data-end=\"2329\">Recomendado por dermat\u00f3logos<\/p>\n<\/li>\n<li data-start=\"2330\" data-end=\"2390\">\n<p data-start=\"2332\" data-end=\"2390\">Libre de fragancias, colorantes y conservantes agresivos<\/p>\n<\/li>\n<\/ul>","protected":false},"excerpt":{"rendered":"<p data-start=\"433\" data-end=\"653\">Aquaphor Healing Ointment es una pomada recomendada por dermat\u00f3logos para piel sensible y seca. Protege, hidrata y restaura la piel agrietada, labios resecos y peque\u00f1as irritaciones.<\/p>\n<p data-start=\"655\" data-end=\"1030\">","protected":false},"featured_media":1168,"template":"","meta":[],"product_brand":[92],"product_cat":[15],"product_tag":[],"class_list":{"0":"post-1167","1":"product","2":"type-product","3":"status-publish","4":"has-post-thumbnail","6":"product_brand-aquaphor","7":"product_cat-cuidado_personal","9":"first","10":"instock","11":"taxable","12":"shipping-taxable","13":"purchasable","14":"product-type-simple"},"yoast_head":"<!-- This site is optimized with the Yoast SEO plugin v27.4 - https:\/\/yoast.com\/product\/yoast-seo-wordpress\/ -->\n<title>Aquaphor Healing Ointment &#8211; El Supermercado Medico<\/title>\n<meta name=\"description\" content=\"Aquaphor Healing Ointment restaura la piel seca y agrietada. Recomendado por dermat\u00f3logos, protege, hidrata y cura labios, manos, pies y peque\u00f1as irritaciones.\" \/>\n<meta name=\"robots\" content=\"index, follow, max-snippet:-1, max-image-preview:large, max-video-preview:-1\" \/>\n<link rel=\"canonical\" href=\"https:\/\/elsupermercadomedicopr.com\/es\/product\/aquaphor-healing-ointment\/\" \/>\n<meta property=\"og:locale\" content=\"es_ES\" \/>\n<meta property=\"og:type\" content=\"article\" \/>\n<meta property=\"og:title\" content=\"Aquaphor Healing Ointment &#8211; El Supermercado Medico\" \/>\n<meta property=\"og:description\" content=\"Aquaphor Healing Ointment restaura la piel seca y agrietada. Recomendado por dermat\u00f3logos, protege, hidrata y cura labios, manos, pies y peque\u00f1as irritaciones.\" \/>\n<meta property=\"og:url\" content=\"https:\/\/elsupermercadomedicopr.com\/es\/product\/aquaphor-healing-ointment\/\" \/>\n<meta property=\"og:site_name\" content=\"El Supermercado Medico\" \/>\n<meta property=\"article:publisher\" content=\"https:\/\/www.facebook.com\/elsupermercadomedico\" \/>\n<meta property=\"article:modified_time\" content=\"2025-11-21T02:58:41+00:00\" \/>\n<meta property=\"og:image\" content=\"https:\/\/elsupermercadomedicopr.com\/wp-content\/uploads\/2025\/11\/image_2025-11-02_163354935.png\" \/>\n\t<meta property=\"og:image:width\" content=\"1500\" \/>\n\t<meta property=\"og:image:height\" content=\"1500\" \/>\n\t<meta property=\"og:image:type\" content=\"image\/png\" \/>\n<meta name=\"twitter:card\" content=\"summary_large_image\" \/>\n<meta name=\"twitter:label1\" content=\"Est. reading time\" \/>\n\t<meta name=\"twitter:data1\" content=\"2 minutos\" \/>\n<script type=\"application\/ld+json\" class=\"yoast-schema-graph\">{\"@context\":\"https:\\\/\\\/schema.org\",\"@graph\":[{\"@type\":\"WebPage\",\"@id\":\"https:\\\/\\\/elsupermercadomedicopr.com\\\/product\\\/aquaphor-healing-ointment\\\/\",\"url\":\"https:\\\/\\\/elsupermercadomedicopr.com\\\/product\\\/aquaphor-healing-ointment\\\/\",\"name\":\"Aquaphor Healing Ointment &#8211; El Supermercado Medico\",\"isPartOf\":{\"@id\":\"http:\\\/\\\/elsupermercadomedicopr.com\\\/#website\"},\"primaryImageOfPage\":{\"@id\":\"https:\\\/\\\/elsupermercadomedicopr.com\\\/product\\\/aquaphor-healing-ointment\\\/#primaryimage\"},\"image\":{\"@id\":\"https:\\\/\\\/elsupermercadomedicopr.com\\\/product\\\/aquaphor-healing-ointment\\\/#primaryimage\"},\"thumbnailUrl\":\"https:\\\/\\\/elsupermercadomedicopr.com\\\/wp-content\\\/uploads\\\/2025\\\/11\\\/image_2025-11-02_163354935.png\",\"datePublished\":\"2025-11-02T20:35:05+00:00\",\"dateModified\":\"2025-11-21T02:58:41+00:00\",\"description\":\"Aquaphor Healing Ointment restaura la piel seca y agrietada. Recomendado por dermat\u00f3logos, protege, hidrata y cura labios, manos, pies y peque\u00f1as irritaciones.\",\"breadcrumb\":{\"@id\":\"https:\\\/\\\/elsupermercadomedicopr.com\\\/product\\\/aquaphor-healing-ointment\\\/#breadcrumb\"},\"inLanguage\":\"es\",\"potentialAction\":[{\"@type\":\"ReadAction\",\"target\":[\"https:\\\/\\\/elsupermercadomedicopr.com\\\/product\\\/aquaphor-healing-ointment\\\/\"]}]},{\"@type\":\"ImageObject\",\"inLanguage\":\"es\",\"@id\":\"https:\\\/\\\/elsupermercadomedicopr.com\\\/product\\\/aquaphor-healing-ointment\\\/#primaryimage\",\"url\":\"https:\\\/\\\/elsupermercadomedicopr.com\\\/wp-content\\\/uploads\\\/2025\\\/11\\\/image_2025-11-02_163354935.png\",\"contentUrl\":\"https:\\\/\\\/elsupermercadomedicopr.com\\\/wp-content\\\/uploads\\\/2025\\\/11\\\/image_2025-11-02_163354935.png\",\"width\":1500,\"height\":1500},{\"@type\":\"BreadcrumbList\",\"@id\":\"https:\\\/\\\/elsupermercadomedicopr.com\\\/product\\\/aquaphor-healing-ointment\\\/#breadcrumb\",\"itemListElement\":[{\"@type\":\"ListItem\",\"position\":1,\"name\":\"Home\",\"item\":\"https:\\\/\\\/elsupermercadomedicopr.com\\\/\"},{\"@type\":\"ListItem\",\"position\":2,\"name\":\"Shop\",\"item\":\"https:\\\/\\\/elsupermercadomedicopr.com\\\/shop\\\/\"},{\"@type\":\"ListItem\",\"position\":3,\"name\":\"Aquaphor Healing Ointment\"}]},{\"@type\":\"WebSite\",\"@id\":\"http:\\\/\\\/elsupermercadomedicopr.com\\\/#website\",\"url\":\"http:\\\/\\\/elsupermercadomedicopr.com\\\/\",\"name\":\"El Supermercado Medico\",\"description\":\"Tu alternativa en equipos m\u00e9dicos, sirviendo al profesional de la salud y al paciente convaleciente.\",\"publisher\":{\"@id\":\"http:\\\/\\\/elsupermercadomedicopr.com\\\/#organization\"},\"potentialAction\":[{\"@type\":\"SearchAction\",\"target\":{\"@type\":\"EntryPoint\",\"urlTemplate\":\"http:\\\/\\\/elsupermercadomedicopr.com\\\/?s={search_term_string}\"},\"query-input\":{\"@type\":\"PropertyValueSpecification\",\"valueRequired\":true,\"valueName\":\"search_term_string\"}}],\"inLanguage\":\"es\"},{\"@type\":\"Organization\",\"@id\":\"http:\\\/\\\/elsupermercadomedicopr.com\\\/#organization\",\"name\":\"El Supermercado Medico, Inc.\",\"url\":\"http:\\\/\\\/elsupermercadomedicopr.com\\\/\",\"logo\":{\"@type\":\"ImageObject\",\"inLanguage\":\"es\",\"@id\":\"http:\\\/\\\/elsupermercadomedicopr.com\\\/#\\\/schema\\\/logo\\\/image\\\/\",\"url\":\"https:\\\/\\\/elsupermercadomedicopr.com\\\/wp-content\\\/uploads\\\/2025\\\/11\\\/cropped-Untitled-design-5.png\",\"contentUrl\":\"https:\\\/\\\/elsupermercadomedicopr.com\\\/wp-content\\\/uploads\\\/2025\\\/11\\\/cropped-Untitled-design-5.png\",\"width\":512,\"height\":512,\"caption\":\"El Supermercado Medico, Inc.\"},\"image\":{\"@id\":\"http:\\\/\\\/elsupermercadomedicopr.com\\\/#\\\/schema\\\/logo\\\/image\\\/\"},\"sameAs\":[\"https:\\\/\\\/www.facebook.com\\\/elsupermercadomedico\"]}]}<\/script>\n<!-- \/ Yoast SEO plugin. -->","yoast_head_json":{"title":"Aquaphor Healing Ointment &#8211; El Supermercado Medico","description":"Aquaphor Healing Ointment restaura la piel seca y agrietada. Recomendado por dermat\u00f3logos, protege, hidrata y cura labios, manos, pies y peque\u00f1as irritaciones.","robots":{"index":"index","follow":"follow","max-snippet":"max-snippet:-1","max-image-preview":"max-image-preview:large","max-video-preview":"max-video-preview:-1"},"canonical":"https:\/\/elsupermercadomedicopr.com\/es\/product\/aquaphor-healing-ointment\/","og_locale":"es_ES","og_type":"article","og_title":"Aquaphor Healing Ointment &#8211; El Supermercado Medico","og_description":"Aquaphor Healing Ointment restaura la piel seca y agrietada. Recomendado por dermat\u00f3logos, protege, hidrata y cura labios, manos, pies y peque\u00f1as irritaciones.","og_url":"https:\/\/elsupermercadomedicopr.com\/es\/product\/aquaphor-healing-ointment\/","og_site_name":"El Supermercado Medico","article_publisher":"https:\/\/www.facebook.com\/elsupermercadomedico","article_modified_time":"2025-11-21T02:58:41+00:00","og_image":[{"width":1500,"height":1500,"url":"https:\/\/elsupermercadomedicopr.com\/wp-content\/uploads\/2025\/11\/image_2025-11-02_163354935.png","type":"image\/png"}],"twitter_card":"summary_large_image","twitter_misc":{"Est. reading time":"2 minutos"},"schema":{"@context":"https:\/\/schema.org","@graph":[{"@type":"WebPage","@id":"https:\/\/elsupermercadomedicopr.com\/product\/aquaphor-healing-ointment\/","url":"https:\/\/elsupermercadomedicopr.com\/product\/aquaphor-healing-ointment\/","name":"Aquaphor Healing Ointment &#8211; El Supermercado Medico","isPartOf":{"@id":"http:\/\/elsupermercadomedicopr.com\/#website"},"primaryImageOfPage":{"@id":"https:\/\/elsupermercadomedicopr.com\/product\/aquaphor-healing-ointment\/#primaryimage"},"image":{"@id":"https:\/\/elsupermercadomedicopr.com\/product\/aquaphor-healing-ointment\/#primaryimage"},"thumbnailUrl":"https:\/\/elsupermercadomedicopr.com\/wp-content\/uploads\/2025\/11\/image_2025-11-02_163354935.png","datePublished":"2025-11-02T20:35:05+00:00","dateModified":"2025-11-21T02:58:41+00:00","description":"Aquaphor Healing Ointment restaura la piel seca y agrietada. Recomendado por dermat\u00f3logos, protege, hidrata y cura labios, manos, pies y peque\u00f1as irritaciones.","breadcrumb":{"@id":"https:\/\/elsupermercadomedicopr.com\/product\/aquaphor-healing-ointment\/#breadcrumb"},"inLanguage":"es","potentialAction":[{"@type":"ReadAction","target":["https:\/\/elsupermercadomedicopr.com\/product\/aquaphor-healing-ointment\/"]}]},{"@type":"ImageObject","inLanguage":"es","@id":"https:\/\/elsupermercadomedicopr.com\/product\/aquaphor-healing-ointment\/#primaryimage","url":"https:\/\/elsupermercadomedicopr.com\/wp-content\/uploads\/2025\/11\/image_2025-11-02_163354935.png","contentUrl":"https:\/\/elsupermercadomedicopr.com\/wp-content\/uploads\/2025\/11\/image_2025-11-02_163354935.png","width":1500,"height":1500},{"@type":"BreadcrumbList","@id":"https:\/\/elsupermercadomedicopr.com\/product\/aquaphor-healing-ointment\/#breadcrumb","itemListElement":[{"@type":"ListItem","position":1,"name":"Home","item":"https:\/\/elsupermercadomedicopr.com\/"},{"@type":"ListItem","position":2,"name":"Shop","item":"https:\/\/elsupermercadomedicopr.com\/shop\/"},{"@type":"ListItem","position":3,"name":"Aquaphor Healing Ointment"}]},{"@type":"WebSite","@id":"http:\/\/elsupermercadomedicopr.com\/#website","url":"http:\/\/elsupermercadomedicopr.com\/","name":"El Supermercado Medico","description":"Tu alternativa en equipos m\u00e9dicos, sirviendo al profesional de la salud y al paciente convaleciente.","publisher":{"@id":"http:\/\/elsupermercadomedicopr.com\/#organization"},"potentialAction":[{"@type":"SearchAction","target":{"@type":"EntryPoint","urlTemplate":"http:\/\/elsupermercadomedicopr.com\/?s={search_term_string}"},"query-input":{"@type":"PropertyValueSpecification","valueRequired":true,"valueName":"search_term_string"}}],"inLanguage":"es"},{"@type":"Organization","@id":"http:\/\/elsupermercadomedicopr.com\/#organization","name":"El Supermercado Medico, Inc.","url":"http:\/\/elsupermercadomedicopr.com\/","logo":{"@type":"ImageObject","inLanguage":"es","@id":"http:\/\/elsupermercadomedicopr.com\/#\/schema\/logo\/image\/","url":"https:\/\/elsupermercadomedicopr.com\/wp-content\/uploads\/2025\/11\/cropped-Untitled-design-5.png","contentUrl":"https:\/\/elsupermercadomedicopr.com\/wp-content\/uploads\/2025\/11\/cropped-Untitled-design-5.png","width":512,"height":512,"caption":"El Supermercado Medico, Inc."},"image":{"@id":"http:\/\/elsupermercadomedicopr.com\/#\/schema\/logo\/image\/"},"sameAs":["https:\/\/www.facebook.com\/elsupermercadomedico"]}]}},"_links":{"self":[{"href":"https:\/\/elsupermercadomedicopr.com\/es\/wp-json\/wp\/v2\/product\/1167","targetHints":{"allow":["GET"]}}],"collection":[{"href":"https:\/\/elsupermercadomedicopr.com\/es\/wp-json\/wp\/v2\/product"}],"about":[{"href":"https:\/\/elsupermercadomedicopr.com\/es\/wp-json\/wp\/v2\/types\/product"}],"wp:featuredmedia":[{"embeddable":true,"href":"https:\/\/elsupermercadomedicopr.com\/es\/wp-json\/wp\/v2\/media\/1168"}],"wp:attachment":[{"href":"https:\/\/elsupermercadomedicopr.com\/es\/wp-json\/wp\/v2\/media?parent=1167"}],"wp:term":[{"taxonomy":"product_brand","embeddable":true,"href":"https:\/\/elsupermercadomedicopr.com\/es\/wp-json\/wp\/v2\/product_brand?post=1167"},{"taxonomy":"product_cat","embeddable":true,"href":"https:\/\/elsupermercadomedicopr.com\/es\/wp-json\/wp\/v2\/product_cat?post=1167"},{"taxonomy":"product_tag","embeddable":true,"href":"https:\/\/elsupermercadomedicopr.com\/es\/wp-json\/wp\/v2\/product_tag?post=1167"}],"curies":[{"name":"wp","href":"https:\/\/api.w.org\/{rel}","templated":true}]}}