{"id":1144,"date":"2025-11-02T20:12:28","date_gmt":"2025-11-02T20:12:28","guid":{"rendered":"https:\/\/elsupermercadomedicopr.com\/?post_type=product&#038;p=1144"},"modified":"2025-11-21T02:58:43","modified_gmt":"2025-11-21T02:58:43","slug":"saline-nasal-relief-spray-qc98845","status":"publish","type":"product","link":"https:\/\/elsupermercadomedicopr.com\/es\/product\/saline-nasal-relief-spray-qc98845\/","title":{"rendered":"Saline Nasal Relief Spray"},"content":{"rendered":"<p data-start=\"616\" data-end=\"1037\">El <strong data-start=\"667\" data-end=\"706\">Saline Nasal Relief Spray (QC98845)<\/strong> de <strong data-start=\"710\" data-end=\"728\">Quality Choice<\/strong> es una <strong data-start=\"736\" data-end=\"763\">soluci\u00f3n salina est\u00e9ril<\/strong> dise\u00f1ada para <strong data-start=\"778\" data-end=\"849\">hidratar, limpiar y aliviar los conductos nasales secos o irritados<\/strong>. Su f\u00f3rmula suave ayuda a restaurar la humedad natural de las fosas nasales, facilitando la respiraci\u00f3n y reduciendo la incomodidad causada por el aire seco, alergias o congesti\u00f3n leve.<\/p>\n<p data-start=\"1039\" data-end=\"1226\">Este spray nasal es <strong data-start=\"1059\" data-end=\"1085\">seguro para uso diario<\/strong>, libre de medicamentos, y comparable al popular <strong data-start=\"1134\" data-end=\"1155\">Ocean Nasal Spray<\/strong>, ofreciendo el mismo nivel de hidrataci\u00f3n efectiva y alivio natural.<\/p>\n<p data-start=\"1228\" data-end=\"1257\"><strong data-start=\"1228\" data-end=\"1255\">Beneficios principales:<\/strong><\/p>\n<ul data-start=\"1258\" data-end=\"1585\">\n<li data-start=\"1258\" data-end=\"1319\">\n<p data-start=\"1260\" data-end=\"1319\"><strong data-start=\"1260\" data-end=\"1281\">Hidrata y suaviza<\/strong> las v\u00edas nasales secas o irritadas.<\/p>\n<\/li>\n<li data-start=\"1320\" data-end=\"1376\">\n<p data-start=\"1322\" data-end=\"1376\"><strong data-start=\"1322\" data-end=\"1341\">Ayuda a limpiar<\/strong> mucosidad y part\u00edculas de polvo.<\/p>\n<\/li>\n<li data-start=\"1377\" data-end=\"1434\">\n<p data-start=\"1379\" data-end=\"1434\"><strong data-start=\"1379\" data-end=\"1403\">Apto para uso diario<\/strong>, incluso en ni\u00f1os y adultos.<\/p>\n<\/li>\n<li data-start=\"1435\" data-end=\"1495\">\n<p data-start=\"1437\" data-end=\"1495\">Libre de alcohol, medicamentos y conservantes agresivos.<\/p>\n<\/li>\n<li data-start=\"1496\" data-end=\"1585\">\n<p data-start=\"1498\" data-end=\"1585\"><strong data-start=\"1498\" data-end=\"1533\">Comparado con Ocean Nasal Spray<\/strong>, ofreciendo calidad y eficacia a un mejor precio.<\/p>\n<\/li>\n<\/ul>\n<p data-start=\"1587\" data-end=\"1605\"><strong data-start=\"1587\" data-end=\"1603\">Modo de uso:<\/strong><\/p>\n<ol data-start=\"1606\" data-end=\"1782\">\n<li data-start=\"1606\" data-end=\"1654\">\n<p data-start=\"1609\" data-end=\"1654\">Incline la cabeza levemente hacia adelante.<\/p>\n<\/li>\n<li data-start=\"1655\" data-end=\"1723\">\n<p data-start=\"1658\" data-end=\"1723\">Aplique 1 o 2 atomizaciones en cada fosa nasal seg\u00fan necesidad.<\/p>\n<\/li>\n<li data-start=\"1724\" data-end=\"1782\">\n<p data-start=\"1727\" data-end=\"1782\">Use varias veces al d\u00eda o seg\u00fan recomendaci\u00f3n m\u00e9dica.<\/p>\n<\/li>\n<\/ol>\n<p data-start=\"1784\" data-end=\"1807\"><strong data-start=\"1784\" data-end=\"1805\">Especificaciones:<\/strong><\/p>\n<ul data-start=\"1808\" data-end=\"2079\">\n<li data-start=\"1808\" data-end=\"1834\">\n<p data-start=\"1810\" data-end=\"1834\">Marca: Quality Choice\u00ae<\/p>\n<\/li>\n<li data-start=\"1835\" data-end=\"1863\">\n<p data-start=\"1837\" data-end=\"1863\">Tipo: Spray nasal salino<\/p>\n<\/li>\n<li data-start=\"1864\" data-end=\"1895\">\n<p data-start=\"1866\" data-end=\"1895\">C\u00f3digo de producto: QC98845<\/p>\n<\/li>\n<li data-start=\"1896\" data-end=\"1958\">\n<p data-start=\"1898\" data-end=\"1958\">Ingrediente activo: Soluci\u00f3n salina isot\u00f3nica (0.65% NaCl)<\/p>\n<\/li>\n<li data-start=\"1959\" data-end=\"2011\">\n<p data-start=\"1961\" data-end=\"2011\">Uso: Alivio e hidrataci\u00f3n de fosas nasales secas<\/p>\n<\/li>\n<li data-start=\"2012\" data-end=\"2030\">\n<p data-start=\"2014\" data-end=\"2030\">Tama\u00f1o: 1.5 oz<\/p>\n<\/li>\n<li data-start=\"2031\" data-end=\"2079\">\n<p data-start=\"2033\" data-end=\"2079\">Libre de: Medicamentos, alcohol y fragancias<\/p>\n<\/li>\n<\/ul>","protected":false},"excerpt":{"rendered":"<p data-start=\"408\" data-end=\"614\">Saline Nasal Relief Spray de Quality Choice. Soluci\u00f3n salina est\u00e9ril que hidrata y alivia la resequedad nasal, ideal para uso diario y compatible con Ocean Nasal Spray.<\/p>\n<p data-start=\"616\" data-end=\"1037\">","protected":false},"featured_media":1145,"template":"","meta":[],"product_brand":[51],"product_cat":[15],"product_tag":[],"class_list":{"0":"post-1144","1":"product","2":"type-product","3":"status-publish","4":"has-post-thumbnail","6":"product_brand-quality-choice","7":"product_cat-cuidado_personal","9":"first","10":"instock","11":"taxable","12":"shipping-taxable","13":"purchasable","14":"product-type-simple"},"yoast_head":"<!-- This site is optimized with the Yoast SEO plugin v27.4 - https:\/\/yoast.com\/product\/yoast-seo-wordpress\/ -->\n<title>Saline Nasal Relief Spray &#8211; El Supermercado Medico<\/title>\n<meta name=\"description\" content=\"Saline Nasal Relief Spray QC98845 de Quality Choice. Soluci\u00f3n salina natural para hidratar y aliviar la resequedad nasal. Comparable con Ocean Nasal Spray.\" \/>\n<meta name=\"robots\" content=\"index, follow, max-snippet:-1, max-image-preview:large, max-video-preview:-1\" \/>\n<link rel=\"canonical\" href=\"https:\/\/elsupermercadomedicopr.com\/es\/product\/saline-nasal-relief-spray-qc98845\/\" \/>\n<meta property=\"og:locale\" content=\"es_ES\" \/>\n<meta property=\"og:type\" content=\"article\" \/>\n<meta property=\"og:title\" content=\"Saline Nasal Relief Spray &#8211; El Supermercado Medico\" \/>\n<meta property=\"og:description\" content=\"Saline Nasal Relief Spray QC98845 de Quality Choice. Soluci\u00f3n salina natural para hidratar y aliviar la resequedad nasal. Comparable con Ocean Nasal Spray.\" \/>\n<meta property=\"og:url\" content=\"https:\/\/elsupermercadomedicopr.com\/es\/product\/saline-nasal-relief-spray-qc98845\/\" \/>\n<meta property=\"og:site_name\" content=\"El Supermercado Medico\" \/>\n<meta property=\"article:publisher\" content=\"https:\/\/www.facebook.com\/elsupermercadomedico\" \/>\n<meta property=\"article:modified_time\" content=\"2025-11-21T02:58:43+00:00\" \/>\n<meta property=\"og:image\" content=\"https:\/\/elsupermercadomedicopr.com\/wp-content\/uploads\/2025\/11\/image_2025-11-02_161027241.png\" \/>\n\t<meta property=\"og:image:width\" content=\"600\" \/>\n\t<meta property=\"og:image:height\" content=\"600\" \/>\n\t<meta property=\"og:image:type\" content=\"image\/png\" \/>\n<meta name=\"twitter:card\" content=\"summary_large_image\" \/>\n<meta name=\"twitter:label1\" content=\"Est. reading time\" \/>\n\t<meta name=\"twitter:data1\" content=\"2 minutos\" \/>\n<script type=\"application\/ld+json\" class=\"yoast-schema-graph\">{\"@context\":\"https:\\\/\\\/schema.org\",\"@graph\":[{\"@type\":\"WebPage\",\"@id\":\"https:\\\/\\\/elsupermercadomedicopr.com\\\/product\\\/saline-nasal-relief-spray-qc98845\\\/\",\"url\":\"https:\\\/\\\/elsupermercadomedicopr.com\\\/product\\\/saline-nasal-relief-spray-qc98845\\\/\",\"name\":\"Saline Nasal Relief Spray &#8211; El Supermercado Medico\",\"isPartOf\":{\"@id\":\"http:\\\/\\\/elsupermercadomedicopr.com\\\/#website\"},\"primaryImageOfPage\":{\"@id\":\"https:\\\/\\\/elsupermercadomedicopr.com\\\/product\\\/saline-nasal-relief-spray-qc98845\\\/#primaryimage\"},\"image\":{\"@id\":\"https:\\\/\\\/elsupermercadomedicopr.com\\\/product\\\/saline-nasal-relief-spray-qc98845\\\/#primaryimage\"},\"thumbnailUrl\":\"https:\\\/\\\/elsupermercadomedicopr.com\\\/wp-content\\\/uploads\\\/2025\\\/11\\\/image_2025-11-02_161027241.png\",\"datePublished\":\"2025-11-02T20:12:28+00:00\",\"dateModified\":\"2025-11-21T02:58:43+00:00\",\"description\":\"Saline Nasal Relief Spray QC98845 de Quality Choice. Soluci\u00f3n salina natural para hidratar y aliviar la resequedad nasal. Comparable con Ocean Nasal Spray.\",\"breadcrumb\":{\"@id\":\"https:\\\/\\\/elsupermercadomedicopr.com\\\/product\\\/saline-nasal-relief-spray-qc98845\\\/#breadcrumb\"},\"inLanguage\":\"es\",\"potentialAction\":[{\"@type\":\"ReadAction\",\"target\":[\"https:\\\/\\\/elsupermercadomedicopr.com\\\/product\\\/saline-nasal-relief-spray-qc98845\\\/\"]}]},{\"@type\":\"ImageObject\",\"inLanguage\":\"es\",\"@id\":\"https:\\\/\\\/elsupermercadomedicopr.com\\\/product\\\/saline-nasal-relief-spray-qc98845\\\/#primaryimage\",\"url\":\"https:\\\/\\\/elsupermercadomedicopr.com\\\/wp-content\\\/uploads\\\/2025\\\/11\\\/image_2025-11-02_161027241.png\",\"contentUrl\":\"https:\\\/\\\/elsupermercadomedicopr.com\\\/wp-content\\\/uploads\\\/2025\\\/11\\\/image_2025-11-02_161027241.png\",\"width\":600,\"height\":600},{\"@type\":\"BreadcrumbList\",\"@id\":\"https:\\\/\\\/elsupermercadomedicopr.com\\\/product\\\/saline-nasal-relief-spray-qc98845\\\/#breadcrumb\",\"itemListElement\":[{\"@type\":\"ListItem\",\"position\":1,\"name\":\"Home\",\"item\":\"https:\\\/\\\/elsupermercadomedicopr.com\\\/\"},{\"@type\":\"ListItem\",\"position\":2,\"name\":\"Shop\",\"item\":\"https:\\\/\\\/elsupermercadomedicopr.com\\\/shop\\\/\"},{\"@type\":\"ListItem\",\"position\":3,\"name\":\"Saline Nasal Relief Spray\"}]},{\"@type\":\"WebSite\",\"@id\":\"http:\\\/\\\/elsupermercadomedicopr.com\\\/#website\",\"url\":\"http:\\\/\\\/elsupermercadomedicopr.com\\\/\",\"name\":\"El Supermercado Medico\",\"description\":\"Tu alternativa en equipos m\u00e9dicos, sirviendo al profesional de la salud y al paciente convaleciente.\",\"publisher\":{\"@id\":\"http:\\\/\\\/elsupermercadomedicopr.com\\\/#organization\"},\"potentialAction\":[{\"@type\":\"SearchAction\",\"target\":{\"@type\":\"EntryPoint\",\"urlTemplate\":\"http:\\\/\\\/elsupermercadomedicopr.com\\\/?s={search_term_string}\"},\"query-input\":{\"@type\":\"PropertyValueSpecification\",\"valueRequired\":true,\"valueName\":\"search_term_string\"}}],\"inLanguage\":\"es\"},{\"@type\":\"Organization\",\"@id\":\"http:\\\/\\\/elsupermercadomedicopr.com\\\/#organization\",\"name\":\"El Supermercado Medico, Inc.\",\"url\":\"http:\\\/\\\/elsupermercadomedicopr.com\\\/\",\"logo\":{\"@type\":\"ImageObject\",\"inLanguage\":\"es\",\"@id\":\"http:\\\/\\\/elsupermercadomedicopr.com\\\/#\\\/schema\\\/logo\\\/image\\\/\",\"url\":\"https:\\\/\\\/elsupermercadomedicopr.com\\\/wp-content\\\/uploads\\\/2025\\\/11\\\/cropped-Untitled-design-5.png\",\"contentUrl\":\"https:\\\/\\\/elsupermercadomedicopr.com\\\/wp-content\\\/uploads\\\/2025\\\/11\\\/cropped-Untitled-design-5.png\",\"width\":512,\"height\":512,\"caption\":\"El Supermercado Medico, Inc.\"},\"image\":{\"@id\":\"http:\\\/\\\/elsupermercadomedicopr.com\\\/#\\\/schema\\\/logo\\\/image\\\/\"},\"sameAs\":[\"https:\\\/\\\/www.facebook.com\\\/elsupermercadomedico\"]}]}<\/script>\n<!-- \/ Yoast SEO plugin. -->","yoast_head_json":{"title":"Saline Nasal Relief Spray &#8211; El Supermercado Medico","description":"Saline Nasal Relief Spray QC98845 de Quality Choice. Soluci\u00f3n salina natural para hidratar y aliviar la resequedad nasal. Comparable con Ocean Nasal Spray.","robots":{"index":"index","follow":"follow","max-snippet":"max-snippet:-1","max-image-preview":"max-image-preview:large","max-video-preview":"max-video-preview:-1"},"canonical":"https:\/\/elsupermercadomedicopr.com\/es\/product\/saline-nasal-relief-spray-qc98845\/","og_locale":"es_ES","og_type":"article","og_title":"Saline Nasal Relief Spray &#8211; El Supermercado Medico","og_description":"Saline Nasal Relief Spray QC98845 de Quality Choice. Soluci\u00f3n salina natural para hidratar y aliviar la resequedad nasal. Comparable con Ocean Nasal Spray.","og_url":"https:\/\/elsupermercadomedicopr.com\/es\/product\/saline-nasal-relief-spray-qc98845\/","og_site_name":"El Supermercado Medico","article_publisher":"https:\/\/www.facebook.com\/elsupermercadomedico","article_modified_time":"2025-11-21T02:58:43+00:00","og_image":[{"width":600,"height":600,"url":"https:\/\/elsupermercadomedicopr.com\/wp-content\/uploads\/2025\/11\/image_2025-11-02_161027241.png","type":"image\/png"}],"twitter_card":"summary_large_image","twitter_misc":{"Est. reading time":"2 minutos"},"schema":{"@context":"https:\/\/schema.org","@graph":[{"@type":"WebPage","@id":"https:\/\/elsupermercadomedicopr.com\/product\/saline-nasal-relief-spray-qc98845\/","url":"https:\/\/elsupermercadomedicopr.com\/product\/saline-nasal-relief-spray-qc98845\/","name":"Saline Nasal Relief Spray &#8211; El Supermercado Medico","isPartOf":{"@id":"http:\/\/elsupermercadomedicopr.com\/#website"},"primaryImageOfPage":{"@id":"https:\/\/elsupermercadomedicopr.com\/product\/saline-nasal-relief-spray-qc98845\/#primaryimage"},"image":{"@id":"https:\/\/elsupermercadomedicopr.com\/product\/saline-nasal-relief-spray-qc98845\/#primaryimage"},"thumbnailUrl":"https:\/\/elsupermercadomedicopr.com\/wp-content\/uploads\/2025\/11\/image_2025-11-02_161027241.png","datePublished":"2025-11-02T20:12:28+00:00","dateModified":"2025-11-21T02:58:43+00:00","description":"Saline Nasal Relief Spray QC98845 de Quality Choice. Soluci\u00f3n salina natural para hidratar y aliviar la resequedad nasal. Comparable con Ocean Nasal Spray.","breadcrumb":{"@id":"https:\/\/elsupermercadomedicopr.com\/product\/saline-nasal-relief-spray-qc98845\/#breadcrumb"},"inLanguage":"es","potentialAction":[{"@type":"ReadAction","target":["https:\/\/elsupermercadomedicopr.com\/product\/saline-nasal-relief-spray-qc98845\/"]}]},{"@type":"ImageObject","inLanguage":"es","@id":"https:\/\/elsupermercadomedicopr.com\/product\/saline-nasal-relief-spray-qc98845\/#primaryimage","url":"https:\/\/elsupermercadomedicopr.com\/wp-content\/uploads\/2025\/11\/image_2025-11-02_161027241.png","contentUrl":"https:\/\/elsupermercadomedicopr.com\/wp-content\/uploads\/2025\/11\/image_2025-11-02_161027241.png","width":600,"height":600},{"@type":"BreadcrumbList","@id":"https:\/\/elsupermercadomedicopr.com\/product\/saline-nasal-relief-spray-qc98845\/#breadcrumb","itemListElement":[{"@type":"ListItem","position":1,"name":"Home","item":"https:\/\/elsupermercadomedicopr.com\/"},{"@type":"ListItem","position":2,"name":"Shop","item":"https:\/\/elsupermercadomedicopr.com\/shop\/"},{"@type":"ListItem","position":3,"name":"Saline Nasal Relief Spray"}]},{"@type":"WebSite","@id":"http:\/\/elsupermercadomedicopr.com\/#website","url":"http:\/\/elsupermercadomedicopr.com\/","name":"El Supermercado Medico","description":"Tu alternativa en equipos m\u00e9dicos, sirviendo al profesional de la salud y al paciente convaleciente.","publisher":{"@id":"http:\/\/elsupermercadomedicopr.com\/#organization"},"potentialAction":[{"@type":"SearchAction","target":{"@type":"EntryPoint","urlTemplate":"http:\/\/elsupermercadomedicopr.com\/?s={search_term_string}"},"query-input":{"@type":"PropertyValueSpecification","valueRequired":true,"valueName":"search_term_string"}}],"inLanguage":"es"},{"@type":"Organization","@id":"http:\/\/elsupermercadomedicopr.com\/#organization","name":"El Supermercado Medico, Inc.","url":"http:\/\/elsupermercadomedicopr.com\/","logo":{"@type":"ImageObject","inLanguage":"es","@id":"http:\/\/elsupermercadomedicopr.com\/#\/schema\/logo\/image\/","url":"https:\/\/elsupermercadomedicopr.com\/wp-content\/uploads\/2025\/11\/cropped-Untitled-design-5.png","contentUrl":"https:\/\/elsupermercadomedicopr.com\/wp-content\/uploads\/2025\/11\/cropped-Untitled-design-5.png","width":512,"height":512,"caption":"El Supermercado Medico, Inc."},"image":{"@id":"http:\/\/elsupermercadomedicopr.com\/#\/schema\/logo\/image\/"},"sameAs":["https:\/\/www.facebook.com\/elsupermercadomedico"]}]}},"_links":{"self":[{"href":"https:\/\/elsupermercadomedicopr.com\/es\/wp-json\/wp\/v2\/product\/1144","targetHints":{"allow":["GET"]}}],"collection":[{"href":"https:\/\/elsupermercadomedicopr.com\/es\/wp-json\/wp\/v2\/product"}],"about":[{"href":"https:\/\/elsupermercadomedicopr.com\/es\/wp-json\/wp\/v2\/types\/product"}],"wp:featuredmedia":[{"embeddable":true,"href":"https:\/\/elsupermercadomedicopr.com\/es\/wp-json\/wp\/v2\/media\/1145"}],"wp:attachment":[{"href":"https:\/\/elsupermercadomedicopr.com\/es\/wp-json\/wp\/v2\/media?parent=1144"}],"wp:term":[{"taxonomy":"product_brand","embeddable":true,"href":"https:\/\/elsupermercadomedicopr.com\/es\/wp-json\/wp\/v2\/product_brand?post=1144"},{"taxonomy":"product_cat","embeddable":true,"href":"https:\/\/elsupermercadomedicopr.com\/es\/wp-json\/wp\/v2\/product_cat?post=1144"},{"taxonomy":"product_tag","embeddable":true,"href":"https:\/\/elsupermercadomedicopr.com\/es\/wp-json\/wp\/v2\/product_tag?post=1144"}],"curies":[{"name":"wp","href":"https:\/\/api.w.org\/{rel}","templated":true}]}}