{"id":1139,"date":"2025-11-02T19:29:08","date_gmt":"2025-11-02T19:29:08","guid":{"rendered":"https:\/\/elsupermercadomedicopr.com\/?post_type=product&#038;p=1139"},"modified":"2026-01-08T21:00:50","modified_gmt":"2026-01-08T21:00:50","slug":"eko-aceite-de-manzanilla","status":"publish","type":"product","link":"https:\/\/elsupermercadomedicopr.com\/es\/product\/eko-aceite-de-manzanilla\/","title":{"rendered":"EKO Aceite de Manzanilla"},"content":{"rendered":"<p data-start=\"545\" data-end=\"850\">El <strong data-start=\"596\" data-end=\"624\">EKO Aceite de Manzanilla<\/strong> es un <strong data-start=\"631\" data-end=\"722\">aceite natural tradicionalmente usado por sus propiedades calmantes y antiinflamatorias<\/strong>. Formulado con extractos de manzanilla pura, ayuda a <strong data-start=\"776\" data-end=\"847\">relajar los m\u00fasculos, suavizar la piel y aliviar irritaciones leves<\/strong>.<\/p>\n<p data-start=\"852\" data-end=\"1102\">Perfecto para <strong data-start=\"866\" data-end=\"903\">masajes terap\u00e9uticos o relajantes<\/strong>, tambi\u00e9n puede aplicarse sobre la piel despu\u00e9s del ba\u00f1o para mantenerla hidratada y fresca. Su delicado aroma floral aporta una sensaci\u00f3n de <strong data-start=\"1045\" data-end=\"1073\">tranquilidad y bienestar<\/strong>, ideal para el uso diario.<\/p>\n<p data-start=\"1104\" data-end=\"1133\"><strong data-start=\"1104\" data-end=\"1131\">Beneficios principales:<\/strong><\/p>\n<ul data-start=\"1134\" data-end=\"1435\">\n<li data-start=\"1134\" data-end=\"1189\">\n<p data-start=\"1136\" data-end=\"1189\"><strong data-start=\"1136\" data-end=\"1154\">Calma y relaja<\/strong> m\u00fasculos tensos y piel irritada.<\/p>\n<\/li>\n<li data-start=\"1190\" data-end=\"1236\">\n<p data-start=\"1192\" data-end=\"1236\">Aporta <strong data-start=\"1199\" data-end=\"1233\">hidrataci\u00f3n y suavidad natural<\/strong>.<\/p>\n<\/li>\n<li data-start=\"1237\" data-end=\"1290\">\n<p data-start=\"1239\" data-end=\"1290\">Ideal para <strong data-start=\"1250\" data-end=\"1287\">masajes relajantes y aromaterapia<\/strong>.<\/p>\n<\/li>\n<li data-start=\"1291\" data-end=\"1379\">\n<p data-start=\"1293\" data-end=\"1379\">Con <strong data-start=\"1297\" data-end=\"1328\">extracto puro de manzanilla<\/strong>, conocido por sus propiedades antiinflamatorias.<\/p>\n<\/li>\n<li data-start=\"1380\" data-end=\"1435\">\n<p data-start=\"1382\" data-end=\"1435\">Producto <strong data-start=\"1391\" data-end=\"1432\">natural y libre de qu\u00edmicos agresivos<\/strong>.<\/p>\n<\/li>\n<\/ul>\n<p data-start=\"1437\" data-end=\"1455\"><strong data-start=\"1437\" data-end=\"1453\">Modo de uso:<\/strong><\/p>\n<ol data-start=\"1456\" data-end=\"1604\">\n<li data-start=\"1456\" data-end=\"1511\">\n<p data-start=\"1459\" data-end=\"1511\">Aplique una peque\u00f1a cantidad sobre la piel limpia.<\/p>\n<\/li>\n<li data-start=\"1512\" data-end=\"1564\">\n<p data-start=\"1515\" data-end=\"1564\">Masajee suavemente hasta su completa absorci\u00f3n.<\/p>\n<\/li>\n<li data-start=\"1565\" data-end=\"1604\">\n<p data-start=\"1568\" data-end=\"1604\">Use diariamente o seg\u00fan necesidad.<\/p>\n<\/li>\n<\/ol>\n<p data-start=\"1606\" data-end=\"1629\"><strong data-start=\"1606\" data-end=\"1627\">Especificaciones:<\/strong><\/p>\n<ul data-start=\"1630\" data-end=\"1875\">\n<li data-start=\"1630\" data-end=\"1645\">\n<p data-start=\"1632\" data-end=\"1645\">Marca: EKO\u00ae<\/p>\n<\/li>\n<li data-start=\"1646\" data-end=\"1679\">\n<p data-start=\"1648\" data-end=\"1679\">Tipo: Aceite natural corporal<\/p>\n<\/li>\n<li data-start=\"1680\" data-end=\"1729\">\n<p data-start=\"1682\" data-end=\"1729\">Ingrediente principal: Extracto de manzanilla<\/p>\n<\/li>\n<li data-start=\"1730\" data-end=\"1786\">\n<p data-start=\"1732\" data-end=\"1786\">Prop\u00f3sito: Relajaci\u00f3n, hidrataci\u00f3n y cuidado cut\u00e1neo<\/p>\n<\/li>\n<li data-start=\"1787\" data-end=\"1803\">\n<p data-start=\"1789\" data-end=\"1803\">Uso: Externo<\/p>\n<\/li>\n<li data-start=\"1804\" data-end=\"1829\">\n<p data-start=\"1806\" data-end=\"1829\">Aroma: Floral y suave<\/p>\n<\/li>\n<li data-start=\"1830\" data-end=\"1875\">\n<p data-start=\"1832\" data-end=\"1875\">Libre de: Parabenos, colorantes y alcohol<\/p>\n<\/li>\n<\/ul>","protected":false},"excerpt":{"rendered":"<p data-start=\"365\" data-end=\"543\">EKO Aceite de Manzanilla. Aceite natural con propiedades calmantes y relajantes, ideal para masajes, cuidado de la piel y bienestar general.<\/p>\n<p data-start=\"545\" data-end=\"850\">","protected":false},"featured_media":2335,"template":"","meta":[],"product_brand":[],"product_cat":[15],"product_tag":[],"class_list":{"0":"post-1139","1":"product","2":"type-product","3":"status-publish","4":"has-post-thumbnail","6":"product_cat-cuidado_personal","8":"first","9":"instock","10":"taxable","11":"shipping-taxable","12":"purchasable","13":"product-type-simple"},"yoast_head":"<!-- This site is optimized with the Yoast SEO plugin v27.4 - https:\/\/yoast.com\/product\/yoast-seo-wordpress\/ -->\n<title>EKO Aceite de Manzanilla &#8211; El Supermercado Medico<\/title>\n<meta name=\"description\" content=\"EKO Aceite de Manzanilla. Aceite natural con propiedades calmantes y relajantes. Ideal para masajes, hidrataci\u00f3n y bienestar diario.\" \/>\n<meta name=\"robots\" content=\"index, follow, max-snippet:-1, max-image-preview:large, max-video-preview:-1\" \/>\n<link rel=\"canonical\" href=\"https:\/\/elsupermercadomedicopr.com\/es\/product\/eko-aceite-de-manzanilla\/\" \/>\n<meta property=\"og:locale\" content=\"es_ES\" \/>\n<meta property=\"og:type\" content=\"article\" \/>\n<meta property=\"og:title\" content=\"EKO Aceite de Manzanilla &#8211; El Supermercado Medico\" \/>\n<meta property=\"og:description\" content=\"EKO Aceite de Manzanilla. Aceite natural con propiedades calmantes y relajantes. Ideal para masajes, hidrataci\u00f3n y bienestar diario.\" \/>\n<meta property=\"og:url\" content=\"https:\/\/elsupermercadomedicopr.com\/es\/product\/eko-aceite-de-manzanilla\/\" \/>\n<meta property=\"og:site_name\" content=\"El Supermercado Medico\" \/>\n<meta property=\"article:publisher\" content=\"https:\/\/www.facebook.com\/elsupermercadomedico\" \/>\n<meta property=\"article:modified_time\" content=\"2026-01-08T21:00:50+00:00\" \/>\n<meta property=\"og:image\" content=\"https:\/\/elsupermercadomedicopr.com\/wp-content\/uploads\/2025\/11\/image_2026-01-08_170046277.png\" \/>\n\t<meta property=\"og:image:width\" content=\"376\" \/>\n\t<meta property=\"og:image:height\" content=\"1000\" \/>\n\t<meta property=\"og:image:type\" content=\"image\/png\" \/>\n<meta name=\"twitter:card\" content=\"summary_large_image\" \/>\n<meta name=\"twitter:label1\" content=\"Est. reading time\" \/>\n\t<meta name=\"twitter:data1\" content=\"1 minuto\" \/>\n<script type=\"application\/ld+json\" class=\"yoast-schema-graph\">{\"@context\":\"https:\\\/\\\/schema.org\",\"@graph\":[{\"@type\":\"WebPage\",\"@id\":\"https:\\\/\\\/elsupermercadomedicopr.com\\\/product\\\/eko-aceite-de-manzanilla\\\/\",\"url\":\"https:\\\/\\\/elsupermercadomedicopr.com\\\/product\\\/eko-aceite-de-manzanilla\\\/\",\"name\":\"EKO Aceite de Manzanilla &#8211; El Supermercado Medico\",\"isPartOf\":{\"@id\":\"http:\\\/\\\/elsupermercadomedicopr.com\\\/#website\"},\"primaryImageOfPage\":{\"@id\":\"https:\\\/\\\/elsupermercadomedicopr.com\\\/product\\\/eko-aceite-de-manzanilla\\\/#primaryimage\"},\"image\":{\"@id\":\"https:\\\/\\\/elsupermercadomedicopr.com\\\/product\\\/eko-aceite-de-manzanilla\\\/#primaryimage\"},\"thumbnailUrl\":\"https:\\\/\\\/elsupermercadomedicopr.com\\\/wp-content\\\/uploads\\\/2025\\\/11\\\/image_2026-01-08_170046277.png\",\"datePublished\":\"2025-11-02T19:29:08+00:00\",\"dateModified\":\"2026-01-08T21:00:50+00:00\",\"description\":\"EKO Aceite de Manzanilla. Aceite natural con propiedades calmantes y relajantes. Ideal para masajes, hidrataci\u00f3n y bienestar diario.\",\"breadcrumb\":{\"@id\":\"https:\\\/\\\/elsupermercadomedicopr.com\\\/product\\\/eko-aceite-de-manzanilla\\\/#breadcrumb\"},\"inLanguage\":\"es\",\"potentialAction\":[{\"@type\":\"ReadAction\",\"target\":[\"https:\\\/\\\/elsupermercadomedicopr.com\\\/product\\\/eko-aceite-de-manzanilla\\\/\"]}]},{\"@type\":\"ImageObject\",\"inLanguage\":\"es\",\"@id\":\"https:\\\/\\\/elsupermercadomedicopr.com\\\/product\\\/eko-aceite-de-manzanilla\\\/#primaryimage\",\"url\":\"https:\\\/\\\/elsupermercadomedicopr.com\\\/wp-content\\\/uploads\\\/2025\\\/11\\\/image_2026-01-08_170046277.png\",\"contentUrl\":\"https:\\\/\\\/elsupermercadomedicopr.com\\\/wp-content\\\/uploads\\\/2025\\\/11\\\/image_2026-01-08_170046277.png\",\"width\":376,\"height\":1000},{\"@type\":\"BreadcrumbList\",\"@id\":\"https:\\\/\\\/elsupermercadomedicopr.com\\\/product\\\/eko-aceite-de-manzanilla\\\/#breadcrumb\",\"itemListElement\":[{\"@type\":\"ListItem\",\"position\":1,\"name\":\"Home\",\"item\":\"https:\\\/\\\/elsupermercadomedicopr.com\\\/\"},{\"@type\":\"ListItem\",\"position\":2,\"name\":\"Shop\",\"item\":\"https:\\\/\\\/elsupermercadomedicopr.com\\\/shop\\\/\"},{\"@type\":\"ListItem\",\"position\":3,\"name\":\"EKO Aceite de Manzanilla\"}]},{\"@type\":\"WebSite\",\"@id\":\"http:\\\/\\\/elsupermercadomedicopr.com\\\/#website\",\"url\":\"http:\\\/\\\/elsupermercadomedicopr.com\\\/\",\"name\":\"El Supermercado Medico\",\"description\":\"Tu alternativa en equipos m\u00e9dicos, sirviendo al profesional de la salud y al paciente convaleciente.\",\"publisher\":{\"@id\":\"http:\\\/\\\/elsupermercadomedicopr.com\\\/#organization\"},\"potentialAction\":[{\"@type\":\"SearchAction\",\"target\":{\"@type\":\"EntryPoint\",\"urlTemplate\":\"http:\\\/\\\/elsupermercadomedicopr.com\\\/?s={search_term_string}\"},\"query-input\":{\"@type\":\"PropertyValueSpecification\",\"valueRequired\":true,\"valueName\":\"search_term_string\"}}],\"inLanguage\":\"es\"},{\"@type\":\"Organization\",\"@id\":\"http:\\\/\\\/elsupermercadomedicopr.com\\\/#organization\",\"name\":\"El Supermercado Medico, Inc.\",\"url\":\"http:\\\/\\\/elsupermercadomedicopr.com\\\/\",\"logo\":{\"@type\":\"ImageObject\",\"inLanguage\":\"es\",\"@id\":\"http:\\\/\\\/elsupermercadomedicopr.com\\\/#\\\/schema\\\/logo\\\/image\\\/\",\"url\":\"https:\\\/\\\/elsupermercadomedicopr.com\\\/wp-content\\\/uploads\\\/2025\\\/11\\\/cropped-Untitled-design-5.png\",\"contentUrl\":\"https:\\\/\\\/elsupermercadomedicopr.com\\\/wp-content\\\/uploads\\\/2025\\\/11\\\/cropped-Untitled-design-5.png\",\"width\":512,\"height\":512,\"caption\":\"El Supermercado Medico, Inc.\"},\"image\":{\"@id\":\"http:\\\/\\\/elsupermercadomedicopr.com\\\/#\\\/schema\\\/logo\\\/image\\\/\"},\"sameAs\":[\"https:\\\/\\\/www.facebook.com\\\/elsupermercadomedico\"]}]}<\/script>\n<!-- \/ Yoast SEO plugin. -->","yoast_head_json":{"title":"EKO Aceite de Manzanilla &#8211; El Supermercado Medico","description":"EKO Aceite de Manzanilla. Aceite natural con propiedades calmantes y relajantes. Ideal para masajes, hidrataci\u00f3n y bienestar diario.","robots":{"index":"index","follow":"follow","max-snippet":"max-snippet:-1","max-image-preview":"max-image-preview:large","max-video-preview":"max-video-preview:-1"},"canonical":"https:\/\/elsupermercadomedicopr.com\/es\/product\/eko-aceite-de-manzanilla\/","og_locale":"es_ES","og_type":"article","og_title":"EKO Aceite de Manzanilla &#8211; El Supermercado Medico","og_description":"EKO Aceite de Manzanilla. Aceite natural con propiedades calmantes y relajantes. Ideal para masajes, hidrataci\u00f3n y bienestar diario.","og_url":"https:\/\/elsupermercadomedicopr.com\/es\/product\/eko-aceite-de-manzanilla\/","og_site_name":"El Supermercado Medico","article_publisher":"https:\/\/www.facebook.com\/elsupermercadomedico","article_modified_time":"2026-01-08T21:00:50+00:00","og_image":[{"width":376,"height":1000,"url":"https:\/\/elsupermercadomedicopr.com\/wp-content\/uploads\/2025\/11\/image_2026-01-08_170046277.png","type":"image\/png"}],"twitter_card":"summary_large_image","twitter_misc":{"Est. reading time":"1 minuto"},"schema":{"@context":"https:\/\/schema.org","@graph":[{"@type":"WebPage","@id":"https:\/\/elsupermercadomedicopr.com\/product\/eko-aceite-de-manzanilla\/","url":"https:\/\/elsupermercadomedicopr.com\/product\/eko-aceite-de-manzanilla\/","name":"EKO Aceite de Manzanilla &#8211; El Supermercado Medico","isPartOf":{"@id":"http:\/\/elsupermercadomedicopr.com\/#website"},"primaryImageOfPage":{"@id":"https:\/\/elsupermercadomedicopr.com\/product\/eko-aceite-de-manzanilla\/#primaryimage"},"image":{"@id":"https:\/\/elsupermercadomedicopr.com\/product\/eko-aceite-de-manzanilla\/#primaryimage"},"thumbnailUrl":"https:\/\/elsupermercadomedicopr.com\/wp-content\/uploads\/2025\/11\/image_2026-01-08_170046277.png","datePublished":"2025-11-02T19:29:08+00:00","dateModified":"2026-01-08T21:00:50+00:00","description":"EKO Aceite de Manzanilla. Aceite natural con propiedades calmantes y relajantes. Ideal para masajes, hidrataci\u00f3n y bienestar diario.","breadcrumb":{"@id":"https:\/\/elsupermercadomedicopr.com\/product\/eko-aceite-de-manzanilla\/#breadcrumb"},"inLanguage":"es","potentialAction":[{"@type":"ReadAction","target":["https:\/\/elsupermercadomedicopr.com\/product\/eko-aceite-de-manzanilla\/"]}]},{"@type":"ImageObject","inLanguage":"es","@id":"https:\/\/elsupermercadomedicopr.com\/product\/eko-aceite-de-manzanilla\/#primaryimage","url":"https:\/\/elsupermercadomedicopr.com\/wp-content\/uploads\/2025\/11\/image_2026-01-08_170046277.png","contentUrl":"https:\/\/elsupermercadomedicopr.com\/wp-content\/uploads\/2025\/11\/image_2026-01-08_170046277.png","width":376,"height":1000},{"@type":"BreadcrumbList","@id":"https:\/\/elsupermercadomedicopr.com\/product\/eko-aceite-de-manzanilla\/#breadcrumb","itemListElement":[{"@type":"ListItem","position":1,"name":"Home","item":"https:\/\/elsupermercadomedicopr.com\/"},{"@type":"ListItem","position":2,"name":"Shop","item":"https:\/\/elsupermercadomedicopr.com\/shop\/"},{"@type":"ListItem","position":3,"name":"EKO Aceite de Manzanilla"}]},{"@type":"WebSite","@id":"http:\/\/elsupermercadomedicopr.com\/#website","url":"http:\/\/elsupermercadomedicopr.com\/","name":"El Supermercado Medico","description":"Tu alternativa en equipos m\u00e9dicos, sirviendo al profesional de la salud y al paciente convaleciente.","publisher":{"@id":"http:\/\/elsupermercadomedicopr.com\/#organization"},"potentialAction":[{"@type":"SearchAction","target":{"@type":"EntryPoint","urlTemplate":"http:\/\/elsupermercadomedicopr.com\/?s={search_term_string}"},"query-input":{"@type":"PropertyValueSpecification","valueRequired":true,"valueName":"search_term_string"}}],"inLanguage":"es"},{"@type":"Organization","@id":"http:\/\/elsupermercadomedicopr.com\/#organization","name":"El Supermercado Medico, Inc.","url":"http:\/\/elsupermercadomedicopr.com\/","logo":{"@type":"ImageObject","inLanguage":"es","@id":"http:\/\/elsupermercadomedicopr.com\/#\/schema\/logo\/image\/","url":"https:\/\/elsupermercadomedicopr.com\/wp-content\/uploads\/2025\/11\/cropped-Untitled-design-5.png","contentUrl":"https:\/\/elsupermercadomedicopr.com\/wp-content\/uploads\/2025\/11\/cropped-Untitled-design-5.png","width":512,"height":512,"caption":"El Supermercado Medico, Inc."},"image":{"@id":"http:\/\/elsupermercadomedicopr.com\/#\/schema\/logo\/image\/"},"sameAs":["https:\/\/www.facebook.com\/elsupermercadomedico"]}]}},"_links":{"self":[{"href":"https:\/\/elsupermercadomedicopr.com\/es\/wp-json\/wp\/v2\/product\/1139","targetHints":{"allow":["GET"]}}],"collection":[{"href":"https:\/\/elsupermercadomedicopr.com\/es\/wp-json\/wp\/v2\/product"}],"about":[{"href":"https:\/\/elsupermercadomedicopr.com\/es\/wp-json\/wp\/v2\/types\/product"}],"wp:featuredmedia":[{"embeddable":true,"href":"https:\/\/elsupermercadomedicopr.com\/es\/wp-json\/wp\/v2\/media\/2335"}],"wp:attachment":[{"href":"https:\/\/elsupermercadomedicopr.com\/es\/wp-json\/wp\/v2\/media?parent=1139"}],"wp:term":[{"taxonomy":"product_brand","embeddable":true,"href":"https:\/\/elsupermercadomedicopr.com\/es\/wp-json\/wp\/v2\/product_brand?post=1139"},{"taxonomy":"product_cat","embeddable":true,"href":"https:\/\/elsupermercadomedicopr.com\/es\/wp-json\/wp\/v2\/product_cat?post=1139"},{"taxonomy":"product_tag","embeddable":true,"href":"https:\/\/elsupermercadomedicopr.com\/es\/wp-json\/wp\/v2\/product_tag?post=1139"}],"curies":[{"name":"wp","href":"https:\/\/api.w.org\/{rel}","templated":true}]}}