{"id":1134,"date":"2025-11-02T19:25:42","date_gmt":"2025-11-02T19:25:42","guid":{"rendered":"https:\/\/elsupermercadomedicopr.com\/?post_type=product&#038;p=1134"},"modified":"2025-11-21T02:58:43","modified_gmt":"2025-11-21T02:58:43","slug":"eko-aceite-de-tiburon","status":"publish","type":"product","link":"https:\/\/elsupermercadomedicopr.com\/es\/product\/eko-aceite-de-tiburon\/","title":{"rendered":"EKO Aceite de Tibur\u00f3n"},"content":{"rendered":"<p data-start=\"516\" data-end=\"835\">El <strong data-start=\"567\" data-end=\"592\">EKO Aceite de Tibur\u00f3n<\/strong> es un <strong data-start=\"599\" data-end=\"630\">remedio natural tradicional<\/strong> conocido por sus propiedades <strong data-start=\"660\" data-end=\"708\">reconstituyentes, revitalizantes y calmantes<\/strong>. Se utiliza com\u00fanmente para <strong data-start=\"737\" data-end=\"783\">aliviar molestias musculares y articulares<\/strong>, mejorar la <strong data-start=\"796\" data-end=\"811\">circulaci\u00f3n<\/strong> y <strong data-start=\"814\" data-end=\"832\">nutrir la piel<\/strong>.<\/p>\n<p data-start=\"837\" data-end=\"1088\">Su f\u00f3rmula contiene extractos naturales y aceites esenciales que ayudan a <strong data-start=\"911\" data-end=\"944\">hidratar y fortalecer la piel<\/strong>, mientras aportan una sensaci\u00f3n de <strong data-start=\"980\" data-end=\"1002\">bienestar y alivio<\/strong> tras su aplicaci\u00f3n. Ideal para masajes o uso t\u00f3pico en \u00e1reas cansadas o adoloridas.<\/p>\n<p data-start=\"1090\" data-end=\"1119\"><strong data-start=\"1090\" data-end=\"1117\">Beneficios principales:<\/strong><\/p>\n<ul data-start=\"1120\" data-end=\"1413\">\n<li data-start=\"1120\" data-end=\"1176\">\n<p data-start=\"1122\" data-end=\"1176\"><strong data-start=\"1122\" data-end=\"1174\">Alivia el dolor muscular y la rigidez articular.<\/strong><\/p>\n<\/li>\n<li data-start=\"1177\" data-end=\"1233\">\n<p data-start=\"1179\" data-end=\"1233\">Estimula la <strong data-start=\"1191\" data-end=\"1231\">circulaci\u00f3n y recuperaci\u00f3n muscular.<\/strong><\/p>\n<\/li>\n<li data-start=\"1234\" data-end=\"1285\">\n<p data-start=\"1236\" data-end=\"1285\">Deja la piel <strong data-start=\"1249\" data-end=\"1283\">suave, nutrida y revitalizada.<\/strong><\/p>\n<\/li>\n<li data-start=\"1286\" data-end=\"1337\">\n<p data-start=\"1288\" data-end=\"1337\">Ideal para <strong data-start=\"1299\" data-end=\"1335\">masajes relajantes o deportivos.<\/strong><\/p>\n<\/li>\n<li data-start=\"1338\" data-end=\"1413\">\n<p data-start=\"1340\" data-end=\"1413\">Producto <strong data-start=\"1349\" data-end=\"1360\">natural<\/strong>, tradicionalmente usado para el bienestar general.<\/p>\n<\/li>\n<\/ul>\n<p data-start=\"1415\" data-end=\"1433\"><strong data-start=\"1415\" data-end=\"1431\">Modo de uso:<\/strong><\/p>\n<ol data-start=\"1434\" data-end=\"1620\">\n<li data-start=\"1434\" data-end=\"1489\">\n<p data-start=\"1437\" data-end=\"1489\">Aplique una peque\u00f1a cantidad sobre la piel limpia.<\/p>\n<\/li>\n<li data-start=\"1490\" data-end=\"1558\">\n<p data-start=\"1493\" data-end=\"1558\">Masajee con movimientos circulares hasta su completa absorci\u00f3n.<\/p>\n<\/li>\n<li data-start=\"1559\" data-end=\"1620\">\n<p data-start=\"1562\" data-end=\"1620\">Use seg\u00fan sea necesario en zonas de tensi\u00f3n o cansancio.<\/p>\n<\/li>\n<\/ol>\n<p data-start=\"1622\" data-end=\"1645\"><strong data-start=\"1622\" data-end=\"1643\">Especificaciones:<\/strong><\/p>\n<ul data-start=\"1646\" data-end=\"1929\">\n<li data-start=\"1646\" data-end=\"1661\">\n<p data-start=\"1648\" data-end=\"1661\">Marca: EKO\u00ae<\/p>\n<\/li>\n<li data-start=\"1662\" data-end=\"1695\">\n<p data-start=\"1664\" data-end=\"1695\">Tipo: Aceite corporal natural<\/p>\n<\/li>\n<li data-start=\"1696\" data-end=\"1762\">\n<p data-start=\"1698\" data-end=\"1762\">Ingrediente principal: Extractos naturales y aceite de tibur\u00f3n<\/p>\n<\/li>\n<li data-start=\"1763\" data-end=\"1835\">\n<p data-start=\"1765\" data-end=\"1835\">Prop\u00f3sito: Aliviar dolores, mejorar circulaci\u00f3n, revitalizar la piel<\/p>\n<\/li>\n<li data-start=\"1836\" data-end=\"1852\">\n<p data-start=\"1838\" data-end=\"1852\">Uso: Externo<\/p>\n<\/li>\n<li data-start=\"1853\" data-end=\"1879\">\n<p data-start=\"1855\" data-end=\"1879\">Aroma: Suave y natural<\/p>\n<\/li>\n<li data-start=\"1880\" data-end=\"1929\">\n<p data-start=\"1882\" data-end=\"1929\">Libre de: Parabenos y colorantes artificiales<\/p>\n<\/li>\n<\/ul>","protected":false},"excerpt":{"rendered":"<p data-start=\"342\" data-end=\"514\">EKO Aceite de Tibur\u00f3n. Tradicional aceite natural usado para aliviar dolores musculares, mejorar la circulaci\u00f3n y revitalizar la piel.<\/p>\n<p data-start=\"516\" data-end=\"835\">","protected":false},"featured_media":1136,"template":"","meta":[],"product_brand":[],"product_cat":[15],"product_tag":[],"class_list":{"0":"post-1134","1":"product","2":"type-product","3":"status-publish","4":"has-post-thumbnail","6":"product_cat-cuidado_personal","8":"first","9":"instock","10":"taxable","11":"shipping-taxable","12":"purchasable","13":"product-type-simple"},"yoast_head":"<!-- This site is optimized with the Yoast SEO plugin v27.4 - https:\/\/yoast.com\/product\/yoast-seo-wordpress\/ -->\n<title>EKO Aceite de Tibur\u00f3n &#8211; El Supermercado Medico<\/title>\n<meta name=\"description\" content=\"EKO Aceite de Tibur\u00f3n. Aceite natural con propiedades calmantes y revitalizantes. Ideal para aliviar dolores musculares y mejorar la circulaci\u00f3n.\" \/>\n<meta name=\"robots\" content=\"index, follow, max-snippet:-1, max-image-preview:large, max-video-preview:-1\" \/>\n<link rel=\"canonical\" href=\"https:\/\/elsupermercadomedicopr.com\/es\/product\/eko-aceite-de-tiburon\/\" \/>\n<meta property=\"og:locale\" content=\"es_ES\" \/>\n<meta property=\"og:type\" content=\"article\" \/>\n<meta property=\"og:title\" content=\"EKO Aceite de Tibur\u00f3n &#8211; El Supermercado Medico\" \/>\n<meta property=\"og:description\" content=\"EKO Aceite de Tibur\u00f3n. Aceite natural con propiedades calmantes y revitalizantes. Ideal para aliviar dolores musculares y mejorar la circulaci\u00f3n.\" \/>\n<meta property=\"og:url\" content=\"https:\/\/elsupermercadomedicopr.com\/es\/product\/eko-aceite-de-tiburon\/\" \/>\n<meta property=\"og:site_name\" content=\"El Supermercado Medico\" \/>\n<meta property=\"article:publisher\" content=\"https:\/\/www.facebook.com\/elsupermercadomedico\" \/>\n<meta property=\"article:modified_time\" content=\"2025-11-21T02:58:43+00:00\" \/>\n<meta property=\"og:image\" content=\"https:\/\/elsupermercadomedicopr.com\/wp-content\/uploads\/2025\/11\/image_2025-11-02_152415075.png\" \/>\n\t<meta property=\"og:image:width\" content=\"1200\" \/>\n\t<meta property=\"og:image:height\" content=\"1200\" \/>\n\t<meta property=\"og:image:type\" content=\"image\/png\" \/>\n<meta name=\"twitter:card\" content=\"summary_large_image\" \/>\n<meta name=\"twitter:label1\" content=\"Est. reading time\" \/>\n\t<meta name=\"twitter:data1\" content=\"1 minuto\" \/>\n<script type=\"application\/ld+json\" class=\"yoast-schema-graph\">{\"@context\":\"https:\\\/\\\/schema.org\",\"@graph\":[{\"@type\":\"WebPage\",\"@id\":\"https:\\\/\\\/elsupermercadomedicopr.com\\\/product\\\/eko-aceite-de-tiburon\\\/\",\"url\":\"https:\\\/\\\/elsupermercadomedicopr.com\\\/product\\\/eko-aceite-de-tiburon\\\/\",\"name\":\"EKO Aceite de Tibur\u00f3n &#8211; El Supermercado Medico\",\"isPartOf\":{\"@id\":\"http:\\\/\\\/elsupermercadomedicopr.com\\\/#website\"},\"primaryImageOfPage\":{\"@id\":\"https:\\\/\\\/elsupermercadomedicopr.com\\\/product\\\/eko-aceite-de-tiburon\\\/#primaryimage\"},\"image\":{\"@id\":\"https:\\\/\\\/elsupermercadomedicopr.com\\\/product\\\/eko-aceite-de-tiburon\\\/#primaryimage\"},\"thumbnailUrl\":\"https:\\\/\\\/elsupermercadomedicopr.com\\\/wp-content\\\/uploads\\\/2025\\\/11\\\/image_2025-11-02_152415075.png\",\"datePublished\":\"2025-11-02T19:25:42+00:00\",\"dateModified\":\"2025-11-21T02:58:43+00:00\",\"description\":\"EKO Aceite de Tibur\u00f3n. Aceite natural con propiedades calmantes y revitalizantes. Ideal para aliviar dolores musculares y mejorar la circulaci\u00f3n.\",\"breadcrumb\":{\"@id\":\"https:\\\/\\\/elsupermercadomedicopr.com\\\/product\\\/eko-aceite-de-tiburon\\\/#breadcrumb\"},\"inLanguage\":\"es\",\"potentialAction\":[{\"@type\":\"ReadAction\",\"target\":[\"https:\\\/\\\/elsupermercadomedicopr.com\\\/product\\\/eko-aceite-de-tiburon\\\/\"]}]},{\"@type\":\"ImageObject\",\"inLanguage\":\"es\",\"@id\":\"https:\\\/\\\/elsupermercadomedicopr.com\\\/product\\\/eko-aceite-de-tiburon\\\/#primaryimage\",\"url\":\"https:\\\/\\\/elsupermercadomedicopr.com\\\/wp-content\\\/uploads\\\/2025\\\/11\\\/image_2025-11-02_152415075.png\",\"contentUrl\":\"https:\\\/\\\/elsupermercadomedicopr.com\\\/wp-content\\\/uploads\\\/2025\\\/11\\\/image_2025-11-02_152415075.png\",\"width\":1200,\"height\":1200},{\"@type\":\"BreadcrumbList\",\"@id\":\"https:\\\/\\\/elsupermercadomedicopr.com\\\/product\\\/eko-aceite-de-tiburon\\\/#breadcrumb\",\"itemListElement\":[{\"@type\":\"ListItem\",\"position\":1,\"name\":\"Home\",\"item\":\"https:\\\/\\\/elsupermercadomedicopr.com\\\/\"},{\"@type\":\"ListItem\",\"position\":2,\"name\":\"Shop\",\"item\":\"https:\\\/\\\/elsupermercadomedicopr.com\\\/shop\\\/\"},{\"@type\":\"ListItem\",\"position\":3,\"name\":\"EKO Aceite de Tibur\u00f3n\"}]},{\"@type\":\"WebSite\",\"@id\":\"http:\\\/\\\/elsupermercadomedicopr.com\\\/#website\",\"url\":\"http:\\\/\\\/elsupermercadomedicopr.com\\\/\",\"name\":\"El Supermercado Medico\",\"description\":\"Tu alternativa en equipos m\u00e9dicos, sirviendo al profesional de la salud y al paciente convaleciente.\",\"publisher\":{\"@id\":\"http:\\\/\\\/elsupermercadomedicopr.com\\\/#organization\"},\"potentialAction\":[{\"@type\":\"SearchAction\",\"target\":{\"@type\":\"EntryPoint\",\"urlTemplate\":\"http:\\\/\\\/elsupermercadomedicopr.com\\\/?s={search_term_string}\"},\"query-input\":{\"@type\":\"PropertyValueSpecification\",\"valueRequired\":true,\"valueName\":\"search_term_string\"}}],\"inLanguage\":\"es\"},{\"@type\":\"Organization\",\"@id\":\"http:\\\/\\\/elsupermercadomedicopr.com\\\/#organization\",\"name\":\"El Supermercado Medico, Inc.\",\"url\":\"http:\\\/\\\/elsupermercadomedicopr.com\\\/\",\"logo\":{\"@type\":\"ImageObject\",\"inLanguage\":\"es\",\"@id\":\"http:\\\/\\\/elsupermercadomedicopr.com\\\/#\\\/schema\\\/logo\\\/image\\\/\",\"url\":\"https:\\\/\\\/elsupermercadomedicopr.com\\\/wp-content\\\/uploads\\\/2025\\\/11\\\/cropped-Untitled-design-5.png\",\"contentUrl\":\"https:\\\/\\\/elsupermercadomedicopr.com\\\/wp-content\\\/uploads\\\/2025\\\/11\\\/cropped-Untitled-design-5.png\",\"width\":512,\"height\":512,\"caption\":\"El Supermercado Medico, Inc.\"},\"image\":{\"@id\":\"http:\\\/\\\/elsupermercadomedicopr.com\\\/#\\\/schema\\\/logo\\\/image\\\/\"},\"sameAs\":[\"https:\\\/\\\/www.facebook.com\\\/elsupermercadomedico\"]}]}<\/script>\n<!-- \/ Yoast SEO plugin. -->","yoast_head_json":{"title":"EKO Aceite de Tibur\u00f3n &#8211; El Supermercado Medico","description":"EKO Aceite de Tibur\u00f3n. Aceite natural con propiedades calmantes y revitalizantes. Ideal para aliviar dolores musculares y mejorar la circulaci\u00f3n.","robots":{"index":"index","follow":"follow","max-snippet":"max-snippet:-1","max-image-preview":"max-image-preview:large","max-video-preview":"max-video-preview:-1"},"canonical":"https:\/\/elsupermercadomedicopr.com\/es\/product\/eko-aceite-de-tiburon\/","og_locale":"es_ES","og_type":"article","og_title":"EKO Aceite de Tibur\u00f3n &#8211; El Supermercado Medico","og_description":"EKO Aceite de Tibur\u00f3n. Aceite natural con propiedades calmantes y revitalizantes. Ideal para aliviar dolores musculares y mejorar la circulaci\u00f3n.","og_url":"https:\/\/elsupermercadomedicopr.com\/es\/product\/eko-aceite-de-tiburon\/","og_site_name":"El Supermercado Medico","article_publisher":"https:\/\/www.facebook.com\/elsupermercadomedico","article_modified_time":"2025-11-21T02:58:43+00:00","og_image":[{"width":1200,"height":1200,"url":"https:\/\/elsupermercadomedicopr.com\/wp-content\/uploads\/2025\/11\/image_2025-11-02_152415075.png","type":"image\/png"}],"twitter_card":"summary_large_image","twitter_misc":{"Est. reading time":"1 minuto"},"schema":{"@context":"https:\/\/schema.org","@graph":[{"@type":"WebPage","@id":"https:\/\/elsupermercadomedicopr.com\/product\/eko-aceite-de-tiburon\/","url":"https:\/\/elsupermercadomedicopr.com\/product\/eko-aceite-de-tiburon\/","name":"EKO Aceite de Tibur\u00f3n &#8211; El Supermercado Medico","isPartOf":{"@id":"http:\/\/elsupermercadomedicopr.com\/#website"},"primaryImageOfPage":{"@id":"https:\/\/elsupermercadomedicopr.com\/product\/eko-aceite-de-tiburon\/#primaryimage"},"image":{"@id":"https:\/\/elsupermercadomedicopr.com\/product\/eko-aceite-de-tiburon\/#primaryimage"},"thumbnailUrl":"https:\/\/elsupermercadomedicopr.com\/wp-content\/uploads\/2025\/11\/image_2025-11-02_152415075.png","datePublished":"2025-11-02T19:25:42+00:00","dateModified":"2025-11-21T02:58:43+00:00","description":"EKO Aceite de Tibur\u00f3n. Aceite natural con propiedades calmantes y revitalizantes. Ideal para aliviar dolores musculares y mejorar la circulaci\u00f3n.","breadcrumb":{"@id":"https:\/\/elsupermercadomedicopr.com\/product\/eko-aceite-de-tiburon\/#breadcrumb"},"inLanguage":"es","potentialAction":[{"@type":"ReadAction","target":["https:\/\/elsupermercadomedicopr.com\/product\/eko-aceite-de-tiburon\/"]}]},{"@type":"ImageObject","inLanguage":"es","@id":"https:\/\/elsupermercadomedicopr.com\/product\/eko-aceite-de-tiburon\/#primaryimage","url":"https:\/\/elsupermercadomedicopr.com\/wp-content\/uploads\/2025\/11\/image_2025-11-02_152415075.png","contentUrl":"https:\/\/elsupermercadomedicopr.com\/wp-content\/uploads\/2025\/11\/image_2025-11-02_152415075.png","width":1200,"height":1200},{"@type":"BreadcrumbList","@id":"https:\/\/elsupermercadomedicopr.com\/product\/eko-aceite-de-tiburon\/#breadcrumb","itemListElement":[{"@type":"ListItem","position":1,"name":"Home","item":"https:\/\/elsupermercadomedicopr.com\/"},{"@type":"ListItem","position":2,"name":"Shop","item":"https:\/\/elsupermercadomedicopr.com\/shop\/"},{"@type":"ListItem","position":3,"name":"EKO Aceite de Tibur\u00f3n"}]},{"@type":"WebSite","@id":"http:\/\/elsupermercadomedicopr.com\/#website","url":"http:\/\/elsupermercadomedicopr.com\/","name":"El Supermercado Medico","description":"Tu alternativa en equipos m\u00e9dicos, sirviendo al profesional de la salud y al paciente convaleciente.","publisher":{"@id":"http:\/\/elsupermercadomedicopr.com\/#organization"},"potentialAction":[{"@type":"SearchAction","target":{"@type":"EntryPoint","urlTemplate":"http:\/\/elsupermercadomedicopr.com\/?s={search_term_string}"},"query-input":{"@type":"PropertyValueSpecification","valueRequired":true,"valueName":"search_term_string"}}],"inLanguage":"es"},{"@type":"Organization","@id":"http:\/\/elsupermercadomedicopr.com\/#organization","name":"El Supermercado Medico, Inc.","url":"http:\/\/elsupermercadomedicopr.com\/","logo":{"@type":"ImageObject","inLanguage":"es","@id":"http:\/\/elsupermercadomedicopr.com\/#\/schema\/logo\/image\/","url":"https:\/\/elsupermercadomedicopr.com\/wp-content\/uploads\/2025\/11\/cropped-Untitled-design-5.png","contentUrl":"https:\/\/elsupermercadomedicopr.com\/wp-content\/uploads\/2025\/11\/cropped-Untitled-design-5.png","width":512,"height":512,"caption":"El Supermercado Medico, Inc."},"image":{"@id":"http:\/\/elsupermercadomedicopr.com\/#\/schema\/logo\/image\/"},"sameAs":["https:\/\/www.facebook.com\/elsupermercadomedico"]}]}},"_links":{"self":[{"href":"https:\/\/elsupermercadomedicopr.com\/es\/wp-json\/wp\/v2\/product\/1134","targetHints":{"allow":["GET"]}}],"collection":[{"href":"https:\/\/elsupermercadomedicopr.com\/es\/wp-json\/wp\/v2\/product"}],"about":[{"href":"https:\/\/elsupermercadomedicopr.com\/es\/wp-json\/wp\/v2\/types\/product"}],"wp:featuredmedia":[{"embeddable":true,"href":"https:\/\/elsupermercadomedicopr.com\/es\/wp-json\/wp\/v2\/media\/1136"}],"wp:attachment":[{"href":"https:\/\/elsupermercadomedicopr.com\/es\/wp-json\/wp\/v2\/media?parent=1134"}],"wp:term":[{"taxonomy":"product_brand","embeddable":true,"href":"https:\/\/elsupermercadomedicopr.com\/es\/wp-json\/wp\/v2\/product_brand?post=1134"},{"taxonomy":"product_cat","embeddable":true,"href":"https:\/\/elsupermercadomedicopr.com\/es\/wp-json\/wp\/v2\/product_cat?post=1134"},{"taxonomy":"product_tag","embeddable":true,"href":"https:\/\/elsupermercadomedicopr.com\/es\/wp-json\/wp\/v2\/product_tag?post=1134"}],"curies":[{"name":"wp","href":"https:\/\/api.w.org\/{rel}","templated":true}]}}