{"id":1133,"date":"2025-11-02T19:23:43","date_gmt":"2025-11-02T19:23:43","guid":{"rendered":"https:\/\/elsupermercadomedicopr.com\/?post_type=product&#038;p=1133"},"modified":"2025-11-21T02:58:43","modified_gmt":"2025-11-21T02:58:43","slug":"eko-aceite-de-palo","status":"publish","type":"product","link":"https:\/\/elsupermercadomedicopr.com\/es\/product\/eko-aceite-de-palo\/","title":{"rendered":"EKO Aceite de Palo"},"content":{"rendered":"<p data-start=\"594\" data-end=\"880\">El <strong data-start=\"645\" data-end=\"667\">EKO Aceite de Palo<\/strong> es un <strong data-start=\"674\" data-end=\"704\">aceite natural tradicional<\/strong> utilizado por sus propiedades <strong data-start=\"735\" data-end=\"773\">calmantes, relajantes y arom\u00e1ticas<\/strong>. Ideal para <strong data-start=\"786\" data-end=\"810\">masajes terap\u00e9uticos<\/strong>, ayuda a aliviar <strong data-start=\"828\" data-end=\"877\">dolores musculares, tensi\u00f3n corporal y fatiga<\/strong>.<\/p>\n<p data-start=\"882\" data-end=\"1137\">Su f\u00f3rmula natural a base de extractos vegetales ofrece un efecto <strong data-start=\"948\" data-end=\"979\">reconfortante y refrescante<\/strong>, promoviendo el bienestar f\u00edsico y mental. Tambi\u00e9n puede aplicarse en puntos de tensi\u00f3n o \u00e1reas adoloridas para mejorar la circulaci\u00f3n y reducir molestias.<\/p>\n<p data-start=\"1139\" data-end=\"1168\"><strong data-start=\"1139\" data-end=\"1166\">Beneficios principales:<\/strong><\/p>\n<ul data-start=\"1169\" data-end=\"1451\">\n<li data-start=\"1169\" data-end=\"1219\">\n<p data-start=\"1171\" data-end=\"1219\"><strong data-start=\"1171\" data-end=\"1217\">Alivia el cansancio y la tensi\u00f3n muscular.<\/strong><\/p>\n<\/li>\n<li data-start=\"1220\" data-end=\"1273\">\n<p data-start=\"1222\" data-end=\"1273\">Ideal para <strong data-start=\"1233\" data-end=\"1271\">masajes relajantes o terap\u00e9uticos.<\/strong><\/p>\n<\/li>\n<li data-start=\"1274\" data-end=\"1319\">\n<p data-start=\"1276\" data-end=\"1319\">Aroma herbal natural con efecto calmante.<\/p>\n<\/li>\n<li data-start=\"1320\" data-end=\"1379\">\n<p data-start=\"1322\" data-end=\"1379\"><strong data-start=\"1322\" data-end=\"1377\">Promueve la sensaci\u00f3n de bienestar f\u00edsico y mental.<\/strong><\/p>\n<\/li>\n<li data-start=\"1380\" data-end=\"1451\">\n<p data-start=\"1382\" data-end=\"1451\">Producto <strong data-start=\"1391\" data-end=\"1416\">natural y tradicional<\/strong>, libre de colorantes y aditivos.<\/p>\n<\/li>\n<\/ul>\n<p data-start=\"1453\" data-end=\"1471\"><strong data-start=\"1453\" data-end=\"1469\">Modo de uso:<\/strong><\/p>\n<ol data-start=\"1472\" data-end=\"1633\">\n<li data-start=\"1472\" data-end=\"1525\">\n<p data-start=\"1475\" data-end=\"1525\">Aplique una peque\u00f1a cantidad en el \u00e1rea deseada.<\/p>\n<\/li>\n<li data-start=\"1526\" data-end=\"1578\">\n<p data-start=\"1529\" data-end=\"1578\">Masajee suavemente hasta su completa absorci\u00f3n.<\/p>\n<\/li>\n<li data-start=\"1579\" data-end=\"1633\">\n<p data-start=\"1582\" data-end=\"1633\">Puede usarse varias veces al d\u00eda seg\u00fan necesidad.<\/p>\n<\/li>\n<\/ol>\n<p data-start=\"1635\" data-end=\"1658\"><strong data-start=\"1635\" data-end=\"1656\">Especificaciones:<\/strong><\/p>\n<ul data-start=\"1659\" data-end=\"1936\">\n<li data-start=\"1659\" data-end=\"1674\">\n<p data-start=\"1661\" data-end=\"1674\">Marca: EKO\u00ae<\/p>\n<\/li>\n<li data-start=\"1675\" data-end=\"1708\">\n<p data-start=\"1677\" data-end=\"1708\">Tipo: Aceite natural corporal<\/p>\n<\/li>\n<li data-start=\"1709\" data-end=\"1772\">\n<p data-start=\"1711\" data-end=\"1772\">Ingrediente principal: Extracto de palo y aceites vegetales<\/p>\n<\/li>\n<li data-start=\"1773\" data-end=\"1841\">\n<p data-start=\"1775\" data-end=\"1841\">Prop\u00f3sito: Aliviar tensi\u00f3n, dolor muscular y promover relajaci\u00f3n<\/p>\n<\/li>\n<li data-start=\"1842\" data-end=\"1858\">\n<p data-start=\"1844\" data-end=\"1858\">Uso: Externo<\/p>\n<\/li>\n<li data-start=\"1859\" data-end=\"1890\">\n<p data-start=\"1861\" data-end=\"1890\">Aroma: Herbal y refrescante<\/p>\n<\/li>\n<li data-start=\"1891\" data-end=\"1936\">\n<p data-start=\"1893\" data-end=\"1936\">Libre de: Parabenos, colorantes y alcohol<\/p>\n<\/li>\n<\/ul>","protected":false},"excerpt":{"rendered":"<p>EKO Aceite de Palo. Aceite natural tradicional usado para aliviar dolores musculares, masajes y bienestar general. Aroma herbal intenso y propiedades relajantes.<\/p>","protected":false},"featured_media":1130,"template":"","meta":[],"product_brand":[],"product_cat":[15],"product_tag":[],"class_list":{"0":"post-1133","1":"product","2":"type-product","3":"status-publish","4":"has-post-thumbnail","6":"product_cat-cuidado_personal","8":"first","9":"instock","10":"taxable","11":"shipping-taxable","12":"purchasable","13":"product-type-simple"},"yoast_head":"<!-- This site is optimized with the Yoast SEO plugin v27.4 - https:\/\/yoast.com\/product\/yoast-seo-wordpress\/ -->\n<title>EKO Aceite de Palo &#8211; El Supermercado Medico<\/title>\n<meta name=\"description\" content=\"EKO Aceite de Palo. Aceite natural para masajes y alivio muscular. Aroma herbal relajante, ideal para bienestar y uso terap\u00e9utico.\" \/>\n<meta name=\"robots\" content=\"index, follow, max-snippet:-1, max-image-preview:large, max-video-preview:-1\" \/>\n<link rel=\"canonical\" href=\"https:\/\/elsupermercadomedicopr.com\/es\/product\/eko-aceite-de-palo\/\" \/>\n<meta property=\"og:locale\" content=\"es_ES\" \/>\n<meta property=\"og:type\" content=\"article\" \/>\n<meta property=\"og:title\" content=\"EKO Aceite de Palo &#8211; El Supermercado Medico\" \/>\n<meta property=\"og:description\" content=\"EKO Aceite de Palo. Aceite natural para masajes y alivio muscular. Aroma herbal relajante, ideal para bienestar y uso terap\u00e9utico.\" \/>\n<meta property=\"og:url\" content=\"https:\/\/elsupermercadomedicopr.com\/es\/product\/eko-aceite-de-palo\/\" \/>\n<meta property=\"og:site_name\" content=\"El Supermercado Medico\" \/>\n<meta property=\"article:publisher\" content=\"https:\/\/www.facebook.com\/elsupermercadomedico\" \/>\n<meta property=\"article:modified_time\" content=\"2025-11-21T02:58:43+00:00\" \/>\n<meta property=\"og:image\" content=\"https:\/\/elsupermercadomedicopr.com\/wp-content\/uploads\/2025\/11\/image_2025-11-02_152059681.png\" \/>\n\t<meta property=\"og:image:width\" content=\"1500\" \/>\n\t<meta property=\"og:image:height\" content=\"1500\" \/>\n\t<meta property=\"og:image:type\" content=\"image\/png\" \/>\n<meta name=\"twitter:card\" content=\"summary_large_image\" \/>\n<meta name=\"twitter:label1\" content=\"Est. reading time\" \/>\n\t<meta name=\"twitter:data1\" content=\"1 minuto\" \/>\n<script type=\"application\/ld+json\" class=\"yoast-schema-graph\">{\"@context\":\"https:\\\/\\\/schema.org\",\"@graph\":[{\"@type\":\"WebPage\",\"@id\":\"https:\\\/\\\/elsupermercadomedicopr.com\\\/product\\\/eko-aceite-de-palo\\\/\",\"url\":\"https:\\\/\\\/elsupermercadomedicopr.com\\\/product\\\/eko-aceite-de-palo\\\/\",\"name\":\"EKO Aceite de Palo &#8211; El Supermercado Medico\",\"isPartOf\":{\"@id\":\"http:\\\/\\\/elsupermercadomedicopr.com\\\/#website\"},\"primaryImageOfPage\":{\"@id\":\"https:\\\/\\\/elsupermercadomedicopr.com\\\/product\\\/eko-aceite-de-palo\\\/#primaryimage\"},\"image\":{\"@id\":\"https:\\\/\\\/elsupermercadomedicopr.com\\\/product\\\/eko-aceite-de-palo\\\/#primaryimage\"},\"thumbnailUrl\":\"https:\\\/\\\/elsupermercadomedicopr.com\\\/wp-content\\\/uploads\\\/2025\\\/11\\\/image_2025-11-02_152059681.png\",\"datePublished\":\"2025-11-02T19:23:43+00:00\",\"dateModified\":\"2025-11-21T02:58:43+00:00\",\"description\":\"EKO Aceite de Palo. Aceite natural para masajes y alivio muscular. Aroma herbal relajante, ideal para bienestar y uso terap\u00e9utico.\",\"breadcrumb\":{\"@id\":\"https:\\\/\\\/elsupermercadomedicopr.com\\\/product\\\/eko-aceite-de-palo\\\/#breadcrumb\"},\"inLanguage\":\"es\",\"potentialAction\":[{\"@type\":\"ReadAction\",\"target\":[\"https:\\\/\\\/elsupermercadomedicopr.com\\\/product\\\/eko-aceite-de-palo\\\/\"]}]},{\"@type\":\"ImageObject\",\"inLanguage\":\"es\",\"@id\":\"https:\\\/\\\/elsupermercadomedicopr.com\\\/product\\\/eko-aceite-de-palo\\\/#primaryimage\",\"url\":\"https:\\\/\\\/elsupermercadomedicopr.com\\\/wp-content\\\/uploads\\\/2025\\\/11\\\/image_2025-11-02_152059681.png\",\"contentUrl\":\"https:\\\/\\\/elsupermercadomedicopr.com\\\/wp-content\\\/uploads\\\/2025\\\/11\\\/image_2025-11-02_152059681.png\",\"width\":1500,\"height\":1500},{\"@type\":\"BreadcrumbList\",\"@id\":\"https:\\\/\\\/elsupermercadomedicopr.com\\\/product\\\/eko-aceite-de-palo\\\/#breadcrumb\",\"itemListElement\":[{\"@type\":\"ListItem\",\"position\":1,\"name\":\"Home\",\"item\":\"https:\\\/\\\/elsupermercadomedicopr.com\\\/\"},{\"@type\":\"ListItem\",\"position\":2,\"name\":\"Shop\",\"item\":\"https:\\\/\\\/elsupermercadomedicopr.com\\\/shop\\\/\"},{\"@type\":\"ListItem\",\"position\":3,\"name\":\"EKO Aceite de Palo\"}]},{\"@type\":\"WebSite\",\"@id\":\"http:\\\/\\\/elsupermercadomedicopr.com\\\/#website\",\"url\":\"http:\\\/\\\/elsupermercadomedicopr.com\\\/\",\"name\":\"El Supermercado Medico\",\"description\":\"Tu alternativa en equipos m\u00e9dicos, sirviendo al profesional de la salud y al paciente convaleciente.\",\"publisher\":{\"@id\":\"http:\\\/\\\/elsupermercadomedicopr.com\\\/#organization\"},\"potentialAction\":[{\"@type\":\"SearchAction\",\"target\":{\"@type\":\"EntryPoint\",\"urlTemplate\":\"http:\\\/\\\/elsupermercadomedicopr.com\\\/?s={search_term_string}\"},\"query-input\":{\"@type\":\"PropertyValueSpecification\",\"valueRequired\":true,\"valueName\":\"search_term_string\"}}],\"inLanguage\":\"es\"},{\"@type\":\"Organization\",\"@id\":\"http:\\\/\\\/elsupermercadomedicopr.com\\\/#organization\",\"name\":\"El Supermercado Medico, Inc.\",\"url\":\"http:\\\/\\\/elsupermercadomedicopr.com\\\/\",\"logo\":{\"@type\":\"ImageObject\",\"inLanguage\":\"es\",\"@id\":\"http:\\\/\\\/elsupermercadomedicopr.com\\\/#\\\/schema\\\/logo\\\/image\\\/\",\"url\":\"https:\\\/\\\/elsupermercadomedicopr.com\\\/wp-content\\\/uploads\\\/2025\\\/11\\\/cropped-Untitled-design-5.png\",\"contentUrl\":\"https:\\\/\\\/elsupermercadomedicopr.com\\\/wp-content\\\/uploads\\\/2025\\\/11\\\/cropped-Untitled-design-5.png\",\"width\":512,\"height\":512,\"caption\":\"El Supermercado Medico, Inc.\"},\"image\":{\"@id\":\"http:\\\/\\\/elsupermercadomedicopr.com\\\/#\\\/schema\\\/logo\\\/image\\\/\"},\"sameAs\":[\"https:\\\/\\\/www.facebook.com\\\/elsupermercadomedico\"]}]}<\/script>\n<!-- \/ Yoast SEO plugin. -->","yoast_head_json":{"title":"EKO Aceite de Palo &#8211; El Supermercado Medico","description":"EKO Aceite de Palo. Aceite natural para masajes y alivio muscular. Aroma herbal relajante, ideal para bienestar y uso terap\u00e9utico.","robots":{"index":"index","follow":"follow","max-snippet":"max-snippet:-1","max-image-preview":"max-image-preview:large","max-video-preview":"max-video-preview:-1"},"canonical":"https:\/\/elsupermercadomedicopr.com\/es\/product\/eko-aceite-de-palo\/","og_locale":"es_ES","og_type":"article","og_title":"EKO Aceite de Palo &#8211; El Supermercado Medico","og_description":"EKO Aceite de Palo. Aceite natural para masajes y alivio muscular. Aroma herbal relajante, ideal para bienestar y uso terap\u00e9utico.","og_url":"https:\/\/elsupermercadomedicopr.com\/es\/product\/eko-aceite-de-palo\/","og_site_name":"El Supermercado Medico","article_publisher":"https:\/\/www.facebook.com\/elsupermercadomedico","article_modified_time":"2025-11-21T02:58:43+00:00","og_image":[{"width":1500,"height":1500,"url":"https:\/\/elsupermercadomedicopr.com\/wp-content\/uploads\/2025\/11\/image_2025-11-02_152059681.png","type":"image\/png"}],"twitter_card":"summary_large_image","twitter_misc":{"Est. reading time":"1 minuto"},"schema":{"@context":"https:\/\/schema.org","@graph":[{"@type":"WebPage","@id":"https:\/\/elsupermercadomedicopr.com\/product\/eko-aceite-de-palo\/","url":"https:\/\/elsupermercadomedicopr.com\/product\/eko-aceite-de-palo\/","name":"EKO Aceite de Palo &#8211; El Supermercado Medico","isPartOf":{"@id":"http:\/\/elsupermercadomedicopr.com\/#website"},"primaryImageOfPage":{"@id":"https:\/\/elsupermercadomedicopr.com\/product\/eko-aceite-de-palo\/#primaryimage"},"image":{"@id":"https:\/\/elsupermercadomedicopr.com\/product\/eko-aceite-de-palo\/#primaryimage"},"thumbnailUrl":"https:\/\/elsupermercadomedicopr.com\/wp-content\/uploads\/2025\/11\/image_2025-11-02_152059681.png","datePublished":"2025-11-02T19:23:43+00:00","dateModified":"2025-11-21T02:58:43+00:00","description":"EKO Aceite de Palo. Aceite natural para masajes y alivio muscular. Aroma herbal relajante, ideal para bienestar y uso terap\u00e9utico.","breadcrumb":{"@id":"https:\/\/elsupermercadomedicopr.com\/product\/eko-aceite-de-palo\/#breadcrumb"},"inLanguage":"es","potentialAction":[{"@type":"ReadAction","target":["https:\/\/elsupermercadomedicopr.com\/product\/eko-aceite-de-palo\/"]}]},{"@type":"ImageObject","inLanguage":"es","@id":"https:\/\/elsupermercadomedicopr.com\/product\/eko-aceite-de-palo\/#primaryimage","url":"https:\/\/elsupermercadomedicopr.com\/wp-content\/uploads\/2025\/11\/image_2025-11-02_152059681.png","contentUrl":"https:\/\/elsupermercadomedicopr.com\/wp-content\/uploads\/2025\/11\/image_2025-11-02_152059681.png","width":1500,"height":1500},{"@type":"BreadcrumbList","@id":"https:\/\/elsupermercadomedicopr.com\/product\/eko-aceite-de-palo\/#breadcrumb","itemListElement":[{"@type":"ListItem","position":1,"name":"Home","item":"https:\/\/elsupermercadomedicopr.com\/"},{"@type":"ListItem","position":2,"name":"Shop","item":"https:\/\/elsupermercadomedicopr.com\/shop\/"},{"@type":"ListItem","position":3,"name":"EKO Aceite de Palo"}]},{"@type":"WebSite","@id":"http:\/\/elsupermercadomedicopr.com\/#website","url":"http:\/\/elsupermercadomedicopr.com\/","name":"El Supermercado Medico","description":"Tu alternativa en equipos m\u00e9dicos, sirviendo al profesional de la salud y al paciente convaleciente.","publisher":{"@id":"http:\/\/elsupermercadomedicopr.com\/#organization"},"potentialAction":[{"@type":"SearchAction","target":{"@type":"EntryPoint","urlTemplate":"http:\/\/elsupermercadomedicopr.com\/?s={search_term_string}"},"query-input":{"@type":"PropertyValueSpecification","valueRequired":true,"valueName":"search_term_string"}}],"inLanguage":"es"},{"@type":"Organization","@id":"http:\/\/elsupermercadomedicopr.com\/#organization","name":"El Supermercado Medico, Inc.","url":"http:\/\/elsupermercadomedicopr.com\/","logo":{"@type":"ImageObject","inLanguage":"es","@id":"http:\/\/elsupermercadomedicopr.com\/#\/schema\/logo\/image\/","url":"https:\/\/elsupermercadomedicopr.com\/wp-content\/uploads\/2025\/11\/cropped-Untitled-design-5.png","contentUrl":"https:\/\/elsupermercadomedicopr.com\/wp-content\/uploads\/2025\/11\/cropped-Untitled-design-5.png","width":512,"height":512,"caption":"El Supermercado Medico, Inc."},"image":{"@id":"http:\/\/elsupermercadomedicopr.com\/#\/schema\/logo\/image\/"},"sameAs":["https:\/\/www.facebook.com\/elsupermercadomedico"]}]}},"_links":{"self":[{"href":"https:\/\/elsupermercadomedicopr.com\/es\/wp-json\/wp\/v2\/product\/1133","targetHints":{"allow":["GET"]}}],"collection":[{"href":"https:\/\/elsupermercadomedicopr.com\/es\/wp-json\/wp\/v2\/product"}],"about":[{"href":"https:\/\/elsupermercadomedicopr.com\/es\/wp-json\/wp\/v2\/types\/product"}],"wp:featuredmedia":[{"embeddable":true,"href":"https:\/\/elsupermercadomedicopr.com\/es\/wp-json\/wp\/v2\/media\/1130"}],"wp:attachment":[{"href":"https:\/\/elsupermercadomedicopr.com\/es\/wp-json\/wp\/v2\/media?parent=1133"}],"wp:term":[{"taxonomy":"product_brand","embeddable":true,"href":"https:\/\/elsupermercadomedicopr.com\/es\/wp-json\/wp\/v2\/product_brand?post=1133"},{"taxonomy":"product_cat","embeddable":true,"href":"https:\/\/elsupermercadomedicopr.com\/es\/wp-json\/wp\/v2\/product_cat?post=1133"},{"taxonomy":"product_tag","embeddable":true,"href":"https:\/\/elsupermercadomedicopr.com\/es\/wp-json\/wp\/v2\/product_tag?post=1133"}],"curies":[{"name":"wp","href":"https:\/\/api.w.org\/{rel}","templated":true}]}}