{"id":1125,"date":"2025-11-02T19:19:18","date_gmt":"2025-11-02T19:19:18","guid":{"rendered":"https:\/\/elsupermercadomedicopr.com\/?post_type=product&#038;p=1125"},"modified":"2025-11-21T02:58:44","modified_gmt":"2025-11-21T02:58:44","slug":"eko-agua-de-azahar","status":"publish","type":"product","link":"https:\/\/elsupermercadomedicopr.com\/es\/product\/eko-agua-de-azahar\/","title":{"rendered":"EKO Agua de Azahar"},"content":{"rendered":"<p data-start=\"528\" data-end=\"761\">La <strong data-start=\"579\" data-end=\"601\">EKO Agua de Azahar<\/strong> es una <strong data-start=\"609\" data-end=\"639\">loci\u00f3n natural y arom\u00e1tica<\/strong> elaborada a partir de <strong data-start=\"662\" data-end=\"683\">flores de naranjo<\/strong>, reconocida por sus propiedades <strong data-start=\"716\" data-end=\"758\">calmantes, tonificantes y refrescantes<\/strong>.<\/p>\n<p data-start=\"763\" data-end=\"1068\">Ideal para <strong data-start=\"774\" data-end=\"806\">relajar el cuerpo y la mente<\/strong>, puede usarse como <strong data-start=\"826\" data-end=\"922\">agua de colonia, t\u00f3nico facial o complemento en pr\u00e1cticas de aromaterapia y cuidado personal<\/strong>. Su fragancia suave y natural aporta una sensaci\u00f3n de <strong data-start=\"977\" data-end=\"1013\">bienestar y frescura instant\u00e1nea<\/strong>, ayudando a aliviar el estr\u00e9s y revitalizar la piel.<\/p>\n<p data-start=\"1070\" data-end=\"1099\"><strong data-start=\"1070\" data-end=\"1097\">Beneficios principales:<\/strong><\/p>\n<ul data-start=\"1100\" data-end=\"1408\">\n<li data-start=\"1100\" data-end=\"1164\">\n<p data-start=\"1102\" data-end=\"1164\"><strong data-start=\"1102\" data-end=\"1120\">Calma y relaja<\/strong> los sentidos con su aroma floral natural.<\/p>\n<\/li>\n<li data-start=\"1165\" data-end=\"1221\">\n<p data-start=\"1167\" data-end=\"1221\"><strong data-start=\"1167\" data-end=\"1190\">Refresca y tonifica<\/strong> la piel del rostro y cuerpo.<\/p>\n<\/li>\n<li data-start=\"1222\" data-end=\"1286\">\n<p data-start=\"1224\" data-end=\"1286\">Puede usarse como <strong data-start=\"1242\" data-end=\"1284\">colonia ligera o aromaterapia natural.<\/strong><\/p>\n<\/li>\n<li data-start=\"1287\" data-end=\"1348\">\n<p data-start=\"1289\" data-end=\"1348\">Ideal para <strong data-start=\"1300\" data-end=\"1346\">rituales de relajaci\u00f3n o despu\u00e9s del ba\u00f1o.<\/strong><\/p>\n<\/li>\n<li data-start=\"1349\" data-end=\"1408\">\n<p data-start=\"1351\" data-end=\"1408\">Producto <strong data-start=\"1360\" data-end=\"1385\">tradicional y natural<\/strong>, libre de parabenos.<\/p>\n<\/li>\n<\/ul>\n<p data-start=\"1410\" data-end=\"1428\"><strong data-start=\"1410\" data-end=\"1426\">Modo de uso:<\/strong><\/p>\n<ol data-start=\"1429\" data-end=\"1625\">\n<li data-start=\"1429\" data-end=\"1500\">\n<p data-start=\"1432\" data-end=\"1500\">Aplique directamente sobre la piel o util\u00edcela como t\u00f3nico facial.<\/p>\n<\/li>\n<li data-start=\"1501\" data-end=\"1588\">\n<p data-start=\"1504\" data-end=\"1588\">Tambi\u00e9n puede rociarse en la ropa, almohadas o ambientes para un efecto relajante.<\/p>\n<\/li>\n<li data-start=\"1589\" data-end=\"1625\">\n<p data-start=\"1592\" data-end=\"1625\">Evite el contacto con los ojos.<\/p>\n<\/li>\n<\/ol>\n<p data-start=\"1627\" data-end=\"1650\"><strong data-start=\"1627\" data-end=\"1648\">Especificaciones:<\/strong><\/p>\n<ul data-start=\"1651\" data-end=\"1924\">\n<li data-start=\"1651\" data-end=\"1666\">\n<p data-start=\"1653\" data-end=\"1666\">Marca: EKO\u00ae<\/p>\n<\/li>\n<li data-start=\"1667\" data-end=\"1698\">\n<p data-start=\"1669\" data-end=\"1698\">Tipo: Agua floral de azahar<\/p>\n<\/li>\n<li data-start=\"1699\" data-end=\"1760\">\n<p data-start=\"1701\" data-end=\"1760\">Ingrediente principal: Extracto natural de flor de azahar<\/p>\n<\/li>\n<li data-start=\"1761\" data-end=\"1825\">\n<p data-start=\"1763\" data-end=\"1825\">Prop\u00f3sito: Relajaci\u00f3n, aromaterapia, tonificaci\u00f3n de la piel<\/p>\n<\/li>\n<li data-start=\"1826\" data-end=\"1842\">\n<p data-start=\"1828\" data-end=\"1842\">Uso: Externo<\/p>\n<\/li>\n<li data-start=\"1843\" data-end=\"1874\">\n<p data-start=\"1845\" data-end=\"1874\">Aroma: Floral c\u00edtrico suave<\/p>\n<\/li>\n<li data-start=\"1875\" data-end=\"1924\">\n<p data-start=\"1877\" data-end=\"1924\">Libre de: Parabenos y colorantes artificiales<\/p>\n<\/li>\n<\/ul>","protected":false},"excerpt":{"rendered":"<p data-start=\"353\" data-end=\"526\">EKO Agua de Azahar. Agua floral natural con propiedades calmantes y refrescantes. Ideal para relajaci\u00f3n, aromaterapia y cuidado facial.<\/p>\n<p data-start=\"528\" data-end=\"761\">","protected":false},"featured_media":1126,"template":"","meta":[],"product_brand":[],"product_cat":[15],"product_tag":[],"class_list":{"0":"post-1125","1":"product","2":"type-product","3":"status-publish","4":"has-post-thumbnail","6":"product_cat-cuidado_personal","8":"first","9":"instock","10":"taxable","11":"shipping-taxable","12":"purchasable","13":"product-type-variable"},"yoast_head":"<!-- This site is optimized with the Yoast SEO plugin v27.4 - https:\/\/yoast.com\/product\/yoast-seo-wordpress\/ -->\n<title>EKO Agua de Azahar &#8211; El Supermercado Medico<\/title>\n<meta name=\"description\" content=\"EKO Agua de Azahar. Agua floral natural con aroma relajante. Ideal para aromaterapia, cuidado facial y bienestar diario. Refresca y calma la piel.\" \/>\n<meta name=\"robots\" content=\"index, follow, max-snippet:-1, max-image-preview:large, max-video-preview:-1\" \/>\n<link rel=\"canonical\" href=\"https:\/\/elsupermercadomedicopr.com\/es\/product\/eko-agua-de-azahar\/\" \/>\n<meta property=\"og:locale\" content=\"es_ES\" \/>\n<meta property=\"og:type\" content=\"article\" \/>\n<meta property=\"og:title\" content=\"EKO Agua de Azahar &#8211; El Supermercado Medico\" \/>\n<meta property=\"og:description\" content=\"EKO Agua de Azahar. Agua floral natural con aroma relajante. Ideal para aromaterapia, cuidado facial y bienestar diario. Refresca y calma la piel.\" \/>\n<meta property=\"og:url\" content=\"https:\/\/elsupermercadomedicopr.com\/es\/product\/eko-agua-de-azahar\/\" \/>\n<meta property=\"og:site_name\" content=\"El Supermercado Medico\" \/>\n<meta property=\"article:publisher\" content=\"https:\/\/www.facebook.com\/elsupermercadomedico\" \/>\n<meta property=\"article:modified_time\" content=\"2025-11-21T02:58:44+00:00\" \/>\n<meta property=\"og:image\" content=\"https:\/\/elsupermercadomedicopr.com\/wp-content\/uploads\/2025\/11\/image_2025-11-02_151729781.png\" \/>\n\t<meta property=\"og:image:width\" content=\"595\" \/>\n\t<meta property=\"og:image:height\" content=\"1500\" \/>\n\t<meta property=\"og:image:type\" content=\"image\/png\" \/>\n<meta name=\"twitter:card\" content=\"summary_large_image\" \/>\n<meta name=\"twitter:label1\" content=\"Est. reading time\" \/>\n\t<meta name=\"twitter:data1\" content=\"2 minutos\" \/>\n<script type=\"application\/ld+json\" class=\"yoast-schema-graph\">{\"@context\":\"https:\\\/\\\/schema.org\",\"@graph\":[{\"@type\":\"WebPage\",\"@id\":\"https:\\\/\\\/elsupermercadomedicopr.com\\\/product\\\/eko-agua-de-azahar\\\/\",\"url\":\"https:\\\/\\\/elsupermercadomedicopr.com\\\/product\\\/eko-agua-de-azahar\\\/\",\"name\":\"EKO Agua de Azahar &#8211; El Supermercado Medico\",\"isPartOf\":{\"@id\":\"http:\\\/\\\/elsupermercadomedicopr.com\\\/#website\"},\"primaryImageOfPage\":{\"@id\":\"https:\\\/\\\/elsupermercadomedicopr.com\\\/product\\\/eko-agua-de-azahar\\\/#primaryimage\"},\"image\":{\"@id\":\"https:\\\/\\\/elsupermercadomedicopr.com\\\/product\\\/eko-agua-de-azahar\\\/#primaryimage\"},\"thumbnailUrl\":\"https:\\\/\\\/elsupermercadomedicopr.com\\\/wp-content\\\/uploads\\\/2025\\\/11\\\/image_2025-11-02_151729781.png\",\"datePublished\":\"2025-11-02T19:19:18+00:00\",\"dateModified\":\"2025-11-21T02:58:44+00:00\",\"description\":\"EKO Agua de Azahar. Agua floral natural con aroma relajante. Ideal para aromaterapia, cuidado facial y bienestar diario. Refresca y calma la piel.\",\"breadcrumb\":{\"@id\":\"https:\\\/\\\/elsupermercadomedicopr.com\\\/product\\\/eko-agua-de-azahar\\\/#breadcrumb\"},\"inLanguage\":\"es\",\"potentialAction\":[{\"@type\":\"ReadAction\",\"target\":[\"https:\\\/\\\/elsupermercadomedicopr.com\\\/product\\\/eko-agua-de-azahar\\\/\"]}]},{\"@type\":\"ImageObject\",\"inLanguage\":\"es\",\"@id\":\"https:\\\/\\\/elsupermercadomedicopr.com\\\/product\\\/eko-agua-de-azahar\\\/#primaryimage\",\"url\":\"https:\\\/\\\/elsupermercadomedicopr.com\\\/wp-content\\\/uploads\\\/2025\\\/11\\\/image_2025-11-02_151729781.png\",\"contentUrl\":\"https:\\\/\\\/elsupermercadomedicopr.com\\\/wp-content\\\/uploads\\\/2025\\\/11\\\/image_2025-11-02_151729781.png\",\"width\":595,\"height\":1500},{\"@type\":\"BreadcrumbList\",\"@id\":\"https:\\\/\\\/elsupermercadomedicopr.com\\\/product\\\/eko-agua-de-azahar\\\/#breadcrumb\",\"itemListElement\":[{\"@type\":\"ListItem\",\"position\":1,\"name\":\"Home\",\"item\":\"https:\\\/\\\/elsupermercadomedicopr.com\\\/\"},{\"@type\":\"ListItem\",\"position\":2,\"name\":\"Shop\",\"item\":\"https:\\\/\\\/elsupermercadomedicopr.com\\\/shop\\\/\"},{\"@type\":\"ListItem\",\"position\":3,\"name\":\"EKO Agua de Azahar\"}]},{\"@type\":\"WebSite\",\"@id\":\"http:\\\/\\\/elsupermercadomedicopr.com\\\/#website\",\"url\":\"http:\\\/\\\/elsupermercadomedicopr.com\\\/\",\"name\":\"El Supermercado Medico\",\"description\":\"Tu alternativa en equipos m\u00e9dicos, sirviendo al profesional de la salud y al paciente convaleciente.\",\"publisher\":{\"@id\":\"http:\\\/\\\/elsupermercadomedicopr.com\\\/#organization\"},\"potentialAction\":[{\"@type\":\"SearchAction\",\"target\":{\"@type\":\"EntryPoint\",\"urlTemplate\":\"http:\\\/\\\/elsupermercadomedicopr.com\\\/?s={search_term_string}\"},\"query-input\":{\"@type\":\"PropertyValueSpecification\",\"valueRequired\":true,\"valueName\":\"search_term_string\"}}],\"inLanguage\":\"es\"},{\"@type\":\"Organization\",\"@id\":\"http:\\\/\\\/elsupermercadomedicopr.com\\\/#organization\",\"name\":\"El Supermercado Medico, Inc.\",\"url\":\"http:\\\/\\\/elsupermercadomedicopr.com\\\/\",\"logo\":{\"@type\":\"ImageObject\",\"inLanguage\":\"es\",\"@id\":\"http:\\\/\\\/elsupermercadomedicopr.com\\\/#\\\/schema\\\/logo\\\/image\\\/\",\"url\":\"https:\\\/\\\/elsupermercadomedicopr.com\\\/wp-content\\\/uploads\\\/2025\\\/11\\\/cropped-Untitled-design-5.png\",\"contentUrl\":\"https:\\\/\\\/elsupermercadomedicopr.com\\\/wp-content\\\/uploads\\\/2025\\\/11\\\/cropped-Untitled-design-5.png\",\"width\":512,\"height\":512,\"caption\":\"El Supermercado Medico, Inc.\"},\"image\":{\"@id\":\"http:\\\/\\\/elsupermercadomedicopr.com\\\/#\\\/schema\\\/logo\\\/image\\\/\"},\"sameAs\":[\"https:\\\/\\\/www.facebook.com\\\/elsupermercadomedico\"]}]}<\/script>\n<!-- \/ Yoast SEO plugin. -->","yoast_head_json":{"title":"EKO Agua de Azahar &#8211; El Supermercado Medico","description":"EKO Agua de Azahar. Agua floral natural con aroma relajante. Ideal para aromaterapia, cuidado facial y bienestar diario. Refresca y calma la piel.","robots":{"index":"index","follow":"follow","max-snippet":"max-snippet:-1","max-image-preview":"max-image-preview:large","max-video-preview":"max-video-preview:-1"},"canonical":"https:\/\/elsupermercadomedicopr.com\/es\/product\/eko-agua-de-azahar\/","og_locale":"es_ES","og_type":"article","og_title":"EKO Agua de Azahar &#8211; El Supermercado Medico","og_description":"EKO Agua de Azahar. Agua floral natural con aroma relajante. Ideal para aromaterapia, cuidado facial y bienestar diario. Refresca y calma la piel.","og_url":"https:\/\/elsupermercadomedicopr.com\/es\/product\/eko-agua-de-azahar\/","og_site_name":"El Supermercado Medico","article_publisher":"https:\/\/www.facebook.com\/elsupermercadomedico","article_modified_time":"2025-11-21T02:58:44+00:00","og_image":[{"width":595,"height":1500,"url":"https:\/\/elsupermercadomedicopr.com\/wp-content\/uploads\/2025\/11\/image_2025-11-02_151729781.png","type":"image\/png"}],"twitter_card":"summary_large_image","twitter_misc":{"Est. reading time":"2 minutos"},"schema":{"@context":"https:\/\/schema.org","@graph":[{"@type":"WebPage","@id":"https:\/\/elsupermercadomedicopr.com\/product\/eko-agua-de-azahar\/","url":"https:\/\/elsupermercadomedicopr.com\/product\/eko-agua-de-azahar\/","name":"EKO Agua de Azahar &#8211; El Supermercado Medico","isPartOf":{"@id":"http:\/\/elsupermercadomedicopr.com\/#website"},"primaryImageOfPage":{"@id":"https:\/\/elsupermercadomedicopr.com\/product\/eko-agua-de-azahar\/#primaryimage"},"image":{"@id":"https:\/\/elsupermercadomedicopr.com\/product\/eko-agua-de-azahar\/#primaryimage"},"thumbnailUrl":"https:\/\/elsupermercadomedicopr.com\/wp-content\/uploads\/2025\/11\/image_2025-11-02_151729781.png","datePublished":"2025-11-02T19:19:18+00:00","dateModified":"2025-11-21T02:58:44+00:00","description":"EKO Agua de Azahar. Agua floral natural con aroma relajante. Ideal para aromaterapia, cuidado facial y bienestar diario. Refresca y calma la piel.","breadcrumb":{"@id":"https:\/\/elsupermercadomedicopr.com\/product\/eko-agua-de-azahar\/#breadcrumb"},"inLanguage":"es","potentialAction":[{"@type":"ReadAction","target":["https:\/\/elsupermercadomedicopr.com\/product\/eko-agua-de-azahar\/"]}]},{"@type":"ImageObject","inLanguage":"es","@id":"https:\/\/elsupermercadomedicopr.com\/product\/eko-agua-de-azahar\/#primaryimage","url":"https:\/\/elsupermercadomedicopr.com\/wp-content\/uploads\/2025\/11\/image_2025-11-02_151729781.png","contentUrl":"https:\/\/elsupermercadomedicopr.com\/wp-content\/uploads\/2025\/11\/image_2025-11-02_151729781.png","width":595,"height":1500},{"@type":"BreadcrumbList","@id":"https:\/\/elsupermercadomedicopr.com\/product\/eko-agua-de-azahar\/#breadcrumb","itemListElement":[{"@type":"ListItem","position":1,"name":"Home","item":"https:\/\/elsupermercadomedicopr.com\/"},{"@type":"ListItem","position":2,"name":"Shop","item":"https:\/\/elsupermercadomedicopr.com\/shop\/"},{"@type":"ListItem","position":3,"name":"EKO Agua de Azahar"}]},{"@type":"WebSite","@id":"http:\/\/elsupermercadomedicopr.com\/#website","url":"http:\/\/elsupermercadomedicopr.com\/","name":"El Supermercado Medico","description":"Tu alternativa en equipos m\u00e9dicos, sirviendo al profesional de la salud y al paciente convaleciente.","publisher":{"@id":"http:\/\/elsupermercadomedicopr.com\/#organization"},"potentialAction":[{"@type":"SearchAction","target":{"@type":"EntryPoint","urlTemplate":"http:\/\/elsupermercadomedicopr.com\/?s={search_term_string}"},"query-input":{"@type":"PropertyValueSpecification","valueRequired":true,"valueName":"search_term_string"}}],"inLanguage":"es"},{"@type":"Organization","@id":"http:\/\/elsupermercadomedicopr.com\/#organization","name":"El Supermercado Medico, Inc.","url":"http:\/\/elsupermercadomedicopr.com\/","logo":{"@type":"ImageObject","inLanguage":"es","@id":"http:\/\/elsupermercadomedicopr.com\/#\/schema\/logo\/image\/","url":"https:\/\/elsupermercadomedicopr.com\/wp-content\/uploads\/2025\/11\/cropped-Untitled-design-5.png","contentUrl":"https:\/\/elsupermercadomedicopr.com\/wp-content\/uploads\/2025\/11\/cropped-Untitled-design-5.png","width":512,"height":512,"caption":"El Supermercado Medico, Inc."},"image":{"@id":"http:\/\/elsupermercadomedicopr.com\/#\/schema\/logo\/image\/"},"sameAs":["https:\/\/www.facebook.com\/elsupermercadomedico"]}]}},"_links":{"self":[{"href":"https:\/\/elsupermercadomedicopr.com\/es\/wp-json\/wp\/v2\/product\/1125","targetHints":{"allow":["GET"]}}],"collection":[{"href":"https:\/\/elsupermercadomedicopr.com\/es\/wp-json\/wp\/v2\/product"}],"about":[{"href":"https:\/\/elsupermercadomedicopr.com\/es\/wp-json\/wp\/v2\/types\/product"}],"wp:featuredmedia":[{"embeddable":true,"href":"https:\/\/elsupermercadomedicopr.com\/es\/wp-json\/wp\/v2\/media\/1126"}],"wp:attachment":[{"href":"https:\/\/elsupermercadomedicopr.com\/es\/wp-json\/wp\/v2\/media?parent=1125"}],"wp:term":[{"taxonomy":"product_brand","embeddable":true,"href":"https:\/\/elsupermercadomedicopr.com\/es\/wp-json\/wp\/v2\/product_brand?post=1125"},{"taxonomy":"product_cat","embeddable":true,"href":"https:\/\/elsupermercadomedicopr.com\/es\/wp-json\/wp\/v2\/product_cat?post=1125"},{"taxonomy":"product_tag","embeddable":true,"href":"https:\/\/elsupermercadomedicopr.com\/es\/wp-json\/wp\/v2\/product_tag?post=1125"}],"curies":[{"name":"wp","href":"https:\/\/api.w.org\/{rel}","templated":true}]}}