{"id":1123,"date":"2025-11-02T19:15:26","date_gmt":"2025-11-02T19:15:26","guid":{"rendered":"https:\/\/elsupermercadomedicopr.com\/?post_type=product&#038;p=1123"},"modified":"2025-11-21T02:58:44","modified_gmt":"2025-11-21T02:58:44","slug":"dermoplast-first-aid-antibacterial-spray-2-75oz","status":"publish","type":"product","link":"https:\/\/elsupermercadomedicopr.com\/es\/product\/dermoplast-first-aid-antibacterial-spray-2-75oz\/","title":{"rendered":"Dermoplast\u00ae First Aid Antibacterial Spray \u2013 2.75 oz Can"},"content":{"rendered":"<p data-start=\"757\" data-end=\"1078\">El <strong data-start=\"808\" data-end=\"863\">Dermoplast\u00ae First Aid Antibacterial Spray (2.75 oz)<\/strong> ofrece <strong data-start=\"871\" data-end=\"901\">protecci\u00f3n y alivio r\u00e1pido<\/strong> para <strong data-start=\"907\" data-end=\"950\">cortes, raspaduras y quemaduras menores<\/strong>. Su f\u00f3rmula m\u00e9dica est\u00e1 dise\u00f1ada para <strong data-start=\"989\" data-end=\"1013\">prevenir infecciones<\/strong> y <strong data-start=\"1016\" data-end=\"1064\">reducir el dolor, la picaz\u00f3n y la irritaci\u00f3n<\/strong> en la piel.<\/p>\n<p data-start=\"1080\" data-end=\"1339\">Contiene <strong data-start=\"1089\" data-end=\"1103\">benzoca\u00edna<\/strong>, el analg\u00e9sico t\u00f3pico m\u00e1s potente disponible sin receta, que proporciona <strong data-start=\"1177\" data-end=\"1207\">alivio inmediato del dolor<\/strong>, y <strong data-start=\"1211\" data-end=\"1236\">benzethonium chloride<\/strong>, un agente antibacteriano eficaz que <strong data-start=\"1274\" data-end=\"1310\">elimina el 99.9% de los g\u00e9rmenes<\/strong> para proteger las heridas.<\/p>\n<p data-start=\"1341\" data-end=\"1550\">Enriquecido con <strong data-start=\"1357\" data-end=\"1383\">aloe vera y vitamina E<\/strong>, ayuda a <strong data-start=\"1393\" data-end=\"1422\">hidratar y calmar la piel<\/strong>, favoreciendo una recuperaci\u00f3n m\u00e1s r\u00e1pida. Su <strong data-start=\"1469\" data-end=\"1496\">aplicaci\u00f3n sin contacto<\/strong> minimiza el dolor al aplicar sobre \u00e1reas sensibles.<\/p>\n<p data-start=\"1552\" data-end=\"1581\"><strong data-start=\"1552\" data-end=\"1579\">Beneficios principales:<\/strong><\/p>\n<ul data-start=\"1582\" data-end=\"1941\">\n<li data-start=\"1582\" data-end=\"1646\">\n<p data-start=\"1584\" data-end=\"1646\"><strong data-start=\"1584\" data-end=\"1617\">Mata el 99.9% de los g\u00e9rmenes<\/strong> para prevenir infecciones.<\/p>\n<\/li>\n<li data-start=\"1647\" data-end=\"1707\">\n<p data-start=\"1649\" data-end=\"1707\"><strong data-start=\"1649\" data-end=\"1689\">Alivio r\u00e1pido del dolor y la picaz\u00f3n<\/strong> con benzoca\u00edna.<\/p>\n<\/li>\n<li data-start=\"1708\" data-end=\"1769\">\n<p data-start=\"1710\" data-end=\"1769\"><strong data-start=\"1710\" data-end=\"1736\">Aloe vera y vitamina E<\/strong> que hidratan y calman la piel.<\/p>\n<\/li>\n<li data-start=\"1770\" data-end=\"1837\">\n<p data-start=\"1772\" data-end=\"1837\"><strong data-start=\"1772\" data-end=\"1808\">Aplicaci\u00f3n en spray sin contacto<\/strong>, ideal para piel sensible.<\/p>\n<\/li>\n<li data-start=\"1838\" data-end=\"1881\">\n<p data-start=\"1840\" data-end=\"1881\"><strong data-start=\"1840\" data-end=\"1879\">Seguro para ni\u00f1os desde los 2 a\u00f1os.<\/strong><\/p>\n<\/li>\n<li data-start=\"1882\" data-end=\"1941\">\n<p data-start=\"1884\" data-end=\"1941\"><strong data-start=\"1884\" data-end=\"1939\">Recomendado por profesionales m\u00e9dicos y hospitales.<\/strong><\/p>\n<\/li>\n<\/ul>\n<p data-start=\"1943\" data-end=\"1961\"><strong data-start=\"1943\" data-end=\"1959\">Modo de uso:<\/strong><\/p>\n<ol data-start=\"1962\" data-end=\"2192\">\n<li data-start=\"1962\" data-end=\"2008\">\n<p data-start=\"1965\" data-end=\"2008\">Limpie el \u00e1rea afectada antes de aplicar.<\/p>\n<\/li>\n<li data-start=\"2009\" data-end=\"2035\">\n<p data-start=\"2012\" data-end=\"2035\">Agite bien el envase.<\/p>\n<\/li>\n<li data-start=\"2036\" data-end=\"2094\">\n<p data-start=\"2039\" data-end=\"2094\">Roc\u00ede uniformemente a una distancia de 6-12 pulgadas.<\/p>\n<\/li>\n<li data-start=\"2095\" data-end=\"2142\">\n<p data-start=\"2098\" data-end=\"2142\">Use de 3 a 4 veces al d\u00eda seg\u00fan necesidad.<\/p>\n<\/li>\n<li data-start=\"2143\" data-end=\"2192\">\n<p data-start=\"2146\" data-end=\"2192\">No aplicar sobre heridas profundas o graves.<\/p>\n<\/li>\n<\/ol>\n<p data-start=\"2194\" data-end=\"2217\"><strong data-start=\"2194\" data-end=\"2215\">Especificaciones:<\/strong><\/p>\n<ul data-start=\"2218\" data-end=\"2690\">\n<li data-start=\"2218\" data-end=\"2240\">\n<p data-start=\"2220\" data-end=\"2240\">Marca: Dermoplast\u00ae<\/p>\n<\/li>\n<li data-start=\"2241\" data-end=\"2292\">\n<p data-start=\"2243\" data-end=\"2292\">Tipo: Spray antibacteriano de primeros auxilios<\/p>\n<\/li>\n<li data-start=\"2293\" data-end=\"2322\">\n<p data-start=\"2295\" data-end=\"2322\">Contenido: 2.75 oz (78 g)<\/p>\n<\/li>\n<li data-start=\"2323\" data-end=\"2382\">\n<p data-start=\"2325\" data-end=\"2382\">Ingredientes activos: Benzocaine, Benzethonium Chloride<\/p>\n<\/li>\n<li data-start=\"2383\" data-end=\"2457\">\n<p data-start=\"2385\" data-end=\"2457\">Prop\u00f3sito: Aliviar el dolor, prevenir infecciones, calmar irritaciones<\/p>\n<\/li>\n<li data-start=\"2458\" data-end=\"2482\">\n<p data-start=\"2460\" data-end=\"2482\">Uso: Externo, t\u00f3pico<\/p>\n<\/li>\n<li data-start=\"2483\" data-end=\"2537\">\n<p data-start=\"2485\" data-end=\"2537\">Aplicaciones: Cortes, raspaduras, quemaduras leves<\/p>\n<\/li>\n<li data-start=\"2538\" data-end=\"2581\">\n<p data-start=\"2540\" data-end=\"2581\">Enriquecido con: Aloe vera y vitamina E<\/p>\n<\/li>\n<li data-start=\"2582\" data-end=\"2622\">\n<p data-start=\"2584\" data-end=\"2622\">Edad recomendada: 2 a\u00f1os en adelante<\/p>\n<\/li>\n<li data-start=\"2623\" data-end=\"2690\">\n<p data-start=\"2625\" data-end=\"2690\">Comparables con: Productos hospitalarios para primeros auxilios<\/p>\n<\/li>\n<\/ul>","protected":false},"excerpt":{"rendered":"<p data-start=\"498\" data-end=\"755\">Spray antibacteriano Dermoplast\u00ae First Aid, 2.75 oz. Mata el 99.9% de los g\u00e9rmenes y previene infecciones en cortes, raspaduras y quemaduras leves. Alivia el dolor con benzoca\u00edna y suaviza la piel con aloe y vitamina E.<\/p>\n<p data-start=\"757\" data-end=\"1078\">","protected":false},"featured_media":1124,"template":"","meta":[],"product_brand":[89],"product_cat":[15],"product_tag":[],"class_list":{"0":"post-1123","1":"product","2":"type-product","3":"status-publish","4":"has-post-thumbnail","6":"product_brand-dermoplast","7":"product_cat-cuidado_personal","9":"first","10":"instock","11":"taxable","12":"shipping-taxable","13":"purchasable","14":"product-type-simple"},"yoast_head":"<!-- This site is optimized with the Yoast SEO plugin v27.4 - https:\/\/yoast.com\/product\/yoast-seo-wordpress\/ -->\n<title>Dermoplast\u00ae First Aid Antibacterial Spray \u2013 2.75 oz Can &#8211; El Supermercado Medico<\/title>\n<meta name=\"description\" content=\"Dermoplast First Aid Antibacterial Spray 2.75 oz. Mata 99.9% de g\u00e9rmenes y alivia el dolor con benzoca\u00edna, aloe y vitamina E. Previene infecciones y calma la piel.\" \/>\n<meta name=\"robots\" content=\"index, follow, max-snippet:-1, max-image-preview:large, max-video-preview:-1\" \/>\n<link rel=\"canonical\" href=\"https:\/\/elsupermercadomedicopr.com\/es\/product\/dermoplast-first-aid-antibacterial-spray-2-75oz\/\" \/>\n<meta property=\"og:locale\" content=\"es_ES\" \/>\n<meta property=\"og:type\" content=\"article\" \/>\n<meta property=\"og:title\" content=\"Dermoplast\u00ae First Aid Antibacterial Spray \u2013 2.75 oz Can &#8211; El Supermercado Medico\" \/>\n<meta property=\"og:description\" content=\"Dermoplast First Aid Antibacterial Spray 2.75 oz. Mata 99.9% de g\u00e9rmenes y alivia el dolor con benzoca\u00edna, aloe y vitamina E. Previene infecciones y calma la piel.\" \/>\n<meta property=\"og:url\" content=\"https:\/\/elsupermercadomedicopr.com\/es\/product\/dermoplast-first-aid-antibacterial-spray-2-75oz\/\" \/>\n<meta property=\"og:site_name\" content=\"El Supermercado Medico\" \/>\n<meta property=\"article:publisher\" content=\"https:\/\/www.facebook.com\/elsupermercadomedico\" \/>\n<meta property=\"article:modified_time\" content=\"2025-11-21T02:58:44+00:00\" \/>\n<meta property=\"og:image\" content=\"https:\/\/elsupermercadomedicopr.com\/wp-content\/uploads\/2025\/11\/image_2025-11-02_151523725.png\" \/>\n\t<meta property=\"og:image:width\" content=\"1000\" \/>\n\t<meta property=\"og:image:height\" content=\"1000\" \/>\n\t<meta property=\"og:image:type\" content=\"image\/png\" \/>\n<meta name=\"twitter:card\" content=\"summary_large_image\" \/>\n<meta name=\"twitter:label1\" content=\"Est. reading time\" \/>\n\t<meta name=\"twitter:data1\" content=\"2 minutos\" \/>\n<script type=\"application\/ld+json\" class=\"yoast-schema-graph\">{\"@context\":\"https:\\\/\\\/schema.org\",\"@graph\":[{\"@type\":\"WebPage\",\"@id\":\"https:\\\/\\\/elsupermercadomedicopr.com\\\/product\\\/dermoplast-first-aid-antibacterial-spray-2-75oz\\\/\",\"url\":\"https:\\\/\\\/elsupermercadomedicopr.com\\\/product\\\/dermoplast-first-aid-antibacterial-spray-2-75oz\\\/\",\"name\":\"Dermoplast\u00ae First Aid Antibacterial Spray \u2013 2.75 oz Can &#8211; El Supermercado Medico\",\"isPartOf\":{\"@id\":\"http:\\\/\\\/elsupermercadomedicopr.com\\\/#website\"},\"primaryImageOfPage\":{\"@id\":\"https:\\\/\\\/elsupermercadomedicopr.com\\\/product\\\/dermoplast-first-aid-antibacterial-spray-2-75oz\\\/#primaryimage\"},\"image\":{\"@id\":\"https:\\\/\\\/elsupermercadomedicopr.com\\\/product\\\/dermoplast-first-aid-antibacterial-spray-2-75oz\\\/#primaryimage\"},\"thumbnailUrl\":\"https:\\\/\\\/elsupermercadomedicopr.com\\\/wp-content\\\/uploads\\\/2025\\\/11\\\/image_2025-11-02_151523725.png\",\"datePublished\":\"2025-11-02T19:15:26+00:00\",\"dateModified\":\"2025-11-21T02:58:44+00:00\",\"description\":\"Dermoplast First Aid Antibacterial Spray 2.75 oz. Mata 99.9% de g\u00e9rmenes y alivia el dolor con benzoca\u00edna, aloe y vitamina E. Previene infecciones y calma la piel.\",\"breadcrumb\":{\"@id\":\"https:\\\/\\\/elsupermercadomedicopr.com\\\/product\\\/dermoplast-first-aid-antibacterial-spray-2-75oz\\\/#breadcrumb\"},\"inLanguage\":\"es\",\"potentialAction\":[{\"@type\":\"ReadAction\",\"target\":[\"https:\\\/\\\/elsupermercadomedicopr.com\\\/product\\\/dermoplast-first-aid-antibacterial-spray-2-75oz\\\/\"]}]},{\"@type\":\"ImageObject\",\"inLanguage\":\"es\",\"@id\":\"https:\\\/\\\/elsupermercadomedicopr.com\\\/product\\\/dermoplast-first-aid-antibacterial-spray-2-75oz\\\/#primaryimage\",\"url\":\"https:\\\/\\\/elsupermercadomedicopr.com\\\/wp-content\\\/uploads\\\/2025\\\/11\\\/image_2025-11-02_151523725.png\",\"contentUrl\":\"https:\\\/\\\/elsupermercadomedicopr.com\\\/wp-content\\\/uploads\\\/2025\\\/11\\\/image_2025-11-02_151523725.png\",\"width\":1000,\"height\":1000},{\"@type\":\"BreadcrumbList\",\"@id\":\"https:\\\/\\\/elsupermercadomedicopr.com\\\/product\\\/dermoplast-first-aid-antibacterial-spray-2-75oz\\\/#breadcrumb\",\"itemListElement\":[{\"@type\":\"ListItem\",\"position\":1,\"name\":\"Home\",\"item\":\"https:\\\/\\\/elsupermercadomedicopr.com\\\/\"},{\"@type\":\"ListItem\",\"position\":2,\"name\":\"Shop\",\"item\":\"https:\\\/\\\/elsupermercadomedicopr.com\\\/shop\\\/\"},{\"@type\":\"ListItem\",\"position\":3,\"name\":\"Dermoplast\u00ae First Aid Antibacterial Spray \u2013 2.75 oz Can\"}]},{\"@type\":\"WebSite\",\"@id\":\"http:\\\/\\\/elsupermercadomedicopr.com\\\/#website\",\"url\":\"http:\\\/\\\/elsupermercadomedicopr.com\\\/\",\"name\":\"El Supermercado Medico\",\"description\":\"Tu alternativa en equipos m\u00e9dicos, sirviendo al profesional de la salud y al paciente convaleciente.\",\"publisher\":{\"@id\":\"http:\\\/\\\/elsupermercadomedicopr.com\\\/#organization\"},\"potentialAction\":[{\"@type\":\"SearchAction\",\"target\":{\"@type\":\"EntryPoint\",\"urlTemplate\":\"http:\\\/\\\/elsupermercadomedicopr.com\\\/?s={search_term_string}\"},\"query-input\":{\"@type\":\"PropertyValueSpecification\",\"valueRequired\":true,\"valueName\":\"search_term_string\"}}],\"inLanguage\":\"es\"},{\"@type\":\"Organization\",\"@id\":\"http:\\\/\\\/elsupermercadomedicopr.com\\\/#organization\",\"name\":\"El Supermercado Medico, Inc.\",\"url\":\"http:\\\/\\\/elsupermercadomedicopr.com\\\/\",\"logo\":{\"@type\":\"ImageObject\",\"inLanguage\":\"es\",\"@id\":\"http:\\\/\\\/elsupermercadomedicopr.com\\\/#\\\/schema\\\/logo\\\/image\\\/\",\"url\":\"https:\\\/\\\/elsupermercadomedicopr.com\\\/wp-content\\\/uploads\\\/2025\\\/11\\\/cropped-Untitled-design-5.png\",\"contentUrl\":\"https:\\\/\\\/elsupermercadomedicopr.com\\\/wp-content\\\/uploads\\\/2025\\\/11\\\/cropped-Untitled-design-5.png\",\"width\":512,\"height\":512,\"caption\":\"El Supermercado Medico, Inc.\"},\"image\":{\"@id\":\"http:\\\/\\\/elsupermercadomedicopr.com\\\/#\\\/schema\\\/logo\\\/image\\\/\"},\"sameAs\":[\"https:\\\/\\\/www.facebook.com\\\/elsupermercadomedico\"]}]}<\/script>\n<!-- \/ Yoast SEO plugin. -->","yoast_head_json":{"title":"Dermoplast\u00ae First Aid Antibacterial Spray \u2013 2.75 oz Can &#8211; El Supermercado Medico","description":"Dermoplast First Aid Antibacterial Spray 2.75 oz. Mata 99.9% de g\u00e9rmenes y alivia el dolor con benzoca\u00edna, aloe y vitamina E. Previene infecciones y calma la piel.","robots":{"index":"index","follow":"follow","max-snippet":"max-snippet:-1","max-image-preview":"max-image-preview:large","max-video-preview":"max-video-preview:-1"},"canonical":"https:\/\/elsupermercadomedicopr.com\/es\/product\/dermoplast-first-aid-antibacterial-spray-2-75oz\/","og_locale":"es_ES","og_type":"article","og_title":"Dermoplast\u00ae First Aid Antibacterial Spray \u2013 2.75 oz Can &#8211; El Supermercado Medico","og_description":"Dermoplast First Aid Antibacterial Spray 2.75 oz. Mata 99.9% de g\u00e9rmenes y alivia el dolor con benzoca\u00edna, aloe y vitamina E. Previene infecciones y calma la piel.","og_url":"https:\/\/elsupermercadomedicopr.com\/es\/product\/dermoplast-first-aid-antibacterial-spray-2-75oz\/","og_site_name":"El Supermercado Medico","article_publisher":"https:\/\/www.facebook.com\/elsupermercadomedico","article_modified_time":"2025-11-21T02:58:44+00:00","og_image":[{"width":1000,"height":1000,"url":"https:\/\/elsupermercadomedicopr.com\/wp-content\/uploads\/2025\/11\/image_2025-11-02_151523725.png","type":"image\/png"}],"twitter_card":"summary_large_image","twitter_misc":{"Est. reading time":"2 minutos"},"schema":{"@context":"https:\/\/schema.org","@graph":[{"@type":"WebPage","@id":"https:\/\/elsupermercadomedicopr.com\/product\/dermoplast-first-aid-antibacterial-spray-2-75oz\/","url":"https:\/\/elsupermercadomedicopr.com\/product\/dermoplast-first-aid-antibacterial-spray-2-75oz\/","name":"Dermoplast\u00ae First Aid Antibacterial Spray \u2013 2.75 oz Can &#8211; El Supermercado Medico","isPartOf":{"@id":"http:\/\/elsupermercadomedicopr.com\/#website"},"primaryImageOfPage":{"@id":"https:\/\/elsupermercadomedicopr.com\/product\/dermoplast-first-aid-antibacterial-spray-2-75oz\/#primaryimage"},"image":{"@id":"https:\/\/elsupermercadomedicopr.com\/product\/dermoplast-first-aid-antibacterial-spray-2-75oz\/#primaryimage"},"thumbnailUrl":"https:\/\/elsupermercadomedicopr.com\/wp-content\/uploads\/2025\/11\/image_2025-11-02_151523725.png","datePublished":"2025-11-02T19:15:26+00:00","dateModified":"2025-11-21T02:58:44+00:00","description":"Dermoplast First Aid Antibacterial Spray 2.75 oz. Mata 99.9% de g\u00e9rmenes y alivia el dolor con benzoca\u00edna, aloe y vitamina E. Previene infecciones y calma la piel.","breadcrumb":{"@id":"https:\/\/elsupermercadomedicopr.com\/product\/dermoplast-first-aid-antibacterial-spray-2-75oz\/#breadcrumb"},"inLanguage":"es","potentialAction":[{"@type":"ReadAction","target":["https:\/\/elsupermercadomedicopr.com\/product\/dermoplast-first-aid-antibacterial-spray-2-75oz\/"]}]},{"@type":"ImageObject","inLanguage":"es","@id":"https:\/\/elsupermercadomedicopr.com\/product\/dermoplast-first-aid-antibacterial-spray-2-75oz\/#primaryimage","url":"https:\/\/elsupermercadomedicopr.com\/wp-content\/uploads\/2025\/11\/image_2025-11-02_151523725.png","contentUrl":"https:\/\/elsupermercadomedicopr.com\/wp-content\/uploads\/2025\/11\/image_2025-11-02_151523725.png","width":1000,"height":1000},{"@type":"BreadcrumbList","@id":"https:\/\/elsupermercadomedicopr.com\/product\/dermoplast-first-aid-antibacterial-spray-2-75oz\/#breadcrumb","itemListElement":[{"@type":"ListItem","position":1,"name":"Home","item":"https:\/\/elsupermercadomedicopr.com\/"},{"@type":"ListItem","position":2,"name":"Shop","item":"https:\/\/elsupermercadomedicopr.com\/shop\/"},{"@type":"ListItem","position":3,"name":"Dermoplast\u00ae First Aid Antibacterial Spray \u2013 2.75 oz Can"}]},{"@type":"WebSite","@id":"http:\/\/elsupermercadomedicopr.com\/#website","url":"http:\/\/elsupermercadomedicopr.com\/","name":"El Supermercado Medico","description":"Tu alternativa en equipos m\u00e9dicos, sirviendo al profesional de la salud y al paciente convaleciente.","publisher":{"@id":"http:\/\/elsupermercadomedicopr.com\/#organization"},"potentialAction":[{"@type":"SearchAction","target":{"@type":"EntryPoint","urlTemplate":"http:\/\/elsupermercadomedicopr.com\/?s={search_term_string}"},"query-input":{"@type":"PropertyValueSpecification","valueRequired":true,"valueName":"search_term_string"}}],"inLanguage":"es"},{"@type":"Organization","@id":"http:\/\/elsupermercadomedicopr.com\/#organization","name":"El Supermercado Medico, Inc.","url":"http:\/\/elsupermercadomedicopr.com\/","logo":{"@type":"ImageObject","inLanguage":"es","@id":"http:\/\/elsupermercadomedicopr.com\/#\/schema\/logo\/image\/","url":"https:\/\/elsupermercadomedicopr.com\/wp-content\/uploads\/2025\/11\/cropped-Untitled-design-5.png","contentUrl":"https:\/\/elsupermercadomedicopr.com\/wp-content\/uploads\/2025\/11\/cropped-Untitled-design-5.png","width":512,"height":512,"caption":"El Supermercado Medico, Inc."},"image":{"@id":"http:\/\/elsupermercadomedicopr.com\/#\/schema\/logo\/image\/"},"sameAs":["https:\/\/www.facebook.com\/elsupermercadomedico"]}]}},"_links":{"self":[{"href":"https:\/\/elsupermercadomedicopr.com\/es\/wp-json\/wp\/v2\/product\/1123","targetHints":{"allow":["GET"]}}],"collection":[{"href":"https:\/\/elsupermercadomedicopr.com\/es\/wp-json\/wp\/v2\/product"}],"about":[{"href":"https:\/\/elsupermercadomedicopr.com\/es\/wp-json\/wp\/v2\/types\/product"}],"wp:featuredmedia":[{"embeddable":true,"href":"https:\/\/elsupermercadomedicopr.com\/es\/wp-json\/wp\/v2\/media\/1124"}],"wp:attachment":[{"href":"https:\/\/elsupermercadomedicopr.com\/es\/wp-json\/wp\/v2\/media?parent=1123"}],"wp:term":[{"taxonomy":"product_brand","embeddable":true,"href":"https:\/\/elsupermercadomedicopr.com\/es\/wp-json\/wp\/v2\/product_brand?post=1123"},{"taxonomy":"product_cat","embeddable":true,"href":"https:\/\/elsupermercadomedicopr.com\/es\/wp-json\/wp\/v2\/product_cat?post=1123"},{"taxonomy":"product_tag","embeddable":true,"href":"https:\/\/elsupermercadomedicopr.com\/es\/wp-json\/wp\/v2\/product_tag?post=1123"}],"curies":[{"name":"wp","href":"https:\/\/api.w.org\/{rel}","templated":true}]}}