{"id":1118,"date":"2025-11-02T19:11:21","date_gmt":"2025-11-02T19:11:21","guid":{"rendered":"https:\/\/elsupermercadomedicopr.com\/?post_type=product&#038;p=1118"},"modified":"2025-11-21T02:58:44","modified_gmt":"2025-11-21T02:58:44","slug":"off-insect-repellent-active-6oz","status":"publish","type":"product","link":"https:\/\/elsupermercadomedicopr.com\/es\/product\/off-insect-repellent-active-6oz\/","title":{"rendered":"OFF! Insect Repellent Active \u2013 6 oz"},"content":{"rendered":"<p data-start=\"663\" data-end=\"1031\">El <strong data-start=\"714\" data-end=\"753\">OFF! Insect Repellent Active (6 oz)<\/strong> ofrece <strong data-start=\"761\" data-end=\"850\">protecci\u00f3n confiable y duradera contra mosquitos, zancudos y otros insectos picadores<\/strong>. Su f\u00f3rmula avanzada est\u00e1 dise\u00f1ada para <strong data-start=\"891\" data-end=\"925\">resistir el sudor y la humedad<\/strong>, convirti\u00e9ndolo en el aliado perfecto para <strong data-start=\"969\" data-end=\"1028\">actividades al aire libre, deportes y climas tropicales<\/strong>.<\/p>\n<p data-start=\"1033\" data-end=\"1203\">Contiene <strong data-start=\"1042\" data-end=\"1050\">DEET<\/strong>, un ingrediente eficaz que <strong data-start=\"1078\" data-end=\"1158\">ayuda a prevenir picaduras y posibles enfermedades transmitidas por insectos<\/strong>, como el dengue, el zika y el chikungunya.<\/p>\n<p data-start=\"1205\" data-end=\"1367\">Su formato en <strong data-start=\"1219\" data-end=\"1236\">spray de 6 oz<\/strong> permite una aplicaci\u00f3n r\u00e1pida, uniforme y sin sensaci\u00f3n grasosa, brindando una capa protectora invisible y c\u00f3moda sobre la piel.<\/p>\n<p data-start=\"1369\" data-end=\"1398\"><strong data-start=\"1369\" data-end=\"1396\">Beneficios principales:<\/strong><\/p>\n<ul data-start=\"1399\" data-end=\"1731\">\n<li data-start=\"1399\" data-end=\"1467\">\n<p data-start=\"1401\" data-end=\"1467\"><strong data-start=\"1401\" data-end=\"1465\">Protecci\u00f3n efectiva contra mosquitos, zancudos y garrapatas.<\/strong><\/p>\n<\/li>\n<li data-start=\"1468\" data-end=\"1509\">\n<p data-start=\"1470\" data-end=\"1509\"><strong data-start=\"1470\" data-end=\"1507\">Resistente al sudor y la humedad.<\/strong><\/p>\n<\/li>\n<li data-start=\"1510\" data-end=\"1568\">\n<p data-start=\"1512\" data-end=\"1568\">Ideal para <strong data-start=\"1523\" data-end=\"1566\">actividades deportivas y al aire libre.<\/strong><\/p>\n<\/li>\n<li data-start=\"1569\" data-end=\"1615\">\n<p data-start=\"1571\" data-end=\"1615\"><strong data-start=\"1571\" data-end=\"1613\">No deja sensaci\u00f3n pegajosa ni grasosa.<\/strong><\/p>\n<\/li>\n<li data-start=\"1616\" data-end=\"1666\">\n<p data-start=\"1618\" data-end=\"1666\"><strong data-start=\"1618\" data-end=\"1641\">Aplicaci\u00f3n en spray<\/strong> de cobertura uniforme.<\/p>\n<\/li>\n<li data-start=\"1667\" data-end=\"1731\">\n<p data-start=\"1669\" data-end=\"1731\">Ayuda a <strong data-start=\"1677\" data-end=\"1729\">prevenir enfermedades transmitidas por insectos.<\/strong><\/p>\n<\/li>\n<\/ul>\n<p data-start=\"1733\" data-end=\"1751\"><strong data-start=\"1733\" data-end=\"1749\">Modo de uso:<\/strong><\/p>\n<ol data-start=\"1752\" data-end=\"1956\">\n<li data-start=\"1752\" data-end=\"1782\">\n<p data-start=\"1755\" data-end=\"1782\">Agite bien antes de usar.<\/p>\n<\/li>\n<li data-start=\"1783\" data-end=\"1856\">\n<p data-start=\"1786\" data-end=\"1856\">Aplique de manera uniforme sobre piel y ropa (no debajo de la ropa).<\/p>\n<\/li>\n<li data-start=\"1857\" data-end=\"1914\">\n<p data-start=\"1860\" data-end=\"1914\">Evite el contacto con ojos, boca y heridas abiertas.<\/p>\n<\/li>\n<li data-start=\"1915\" data-end=\"1956\">\n<p data-start=\"1918\" data-end=\"1956\">L\u00e1vese las manos despu\u00e9s de aplicar.<\/p>\n<\/li>\n<\/ol>\n<p data-start=\"1958\" data-end=\"1981\"><strong data-start=\"1958\" data-end=\"1979\">Especificaciones:<\/strong><\/p>\n<ul data-start=\"1982\" data-end=\"2306\">\n<li data-start=\"1982\" data-end=\"1998\">\n<p data-start=\"1984\" data-end=\"1998\">Marca: OFF!\u00ae<\/p>\n<\/li>\n<li data-start=\"1999\" data-end=\"2017\">\n<p data-start=\"2001\" data-end=\"2017\">Modelo: Active<\/p>\n<\/li>\n<li data-start=\"2018\" data-end=\"2058\">\n<p data-start=\"2020\" data-end=\"2058\">Tipo: Repelente de insectos en spray<\/p>\n<\/li>\n<li data-start=\"2059\" data-end=\"2086\">\n<p data-start=\"2061\" data-end=\"2086\">Contenido: 6 oz (170 g)<\/p>\n<\/li>\n<li data-start=\"2087\" data-end=\"2115\">\n<p data-start=\"2089\" data-end=\"2115\">Ingrediente activo: DEET<\/p>\n<\/li>\n<li data-start=\"2116\" data-end=\"2166\">\n<p data-start=\"2118\" data-end=\"2166\">Prop\u00f3sito: Prevenci\u00f3n de picaduras de insectos<\/p>\n<\/li>\n<li data-start=\"2167\" data-end=\"2225\">\n<p data-start=\"2169\" data-end=\"2225\">Aplicaciones: Mosquitos, zancudos, garrapatas y moscas<\/p>\n<\/li>\n<li data-start=\"2226\" data-end=\"2260\">\n<p data-start=\"2228\" data-end=\"2260\">Uso: Externo, para piel y ropa<\/p>\n<\/li>\n<li data-start=\"2261\" data-end=\"2306\">\n<p data-start=\"2263\" data-end=\"2306\">Resistente al sudor y de r\u00e1pida absorci\u00f3n<\/p>\n<\/li>\n<\/ul>","protected":false},"excerpt":{"rendered":"<p data-start=\"439\" data-end=\"661\">Repelente de insectos OFF! Active, 6 oz. Protege eficazmente contra mosquitos, zancudos y otros insectos. Ideal para actividades al aire libre; resistente al sudor y de larga duraci\u00f3n.<\/p>\n<p data-start=\"663\" data-end=\"1031\">","protected":false},"featured_media":1119,"template":"","meta":[],"product_brand":[81],"product_cat":[15],"product_tag":[],"class_list":{"0":"post-1118","1":"product","2":"type-product","3":"status-publish","4":"has-post-thumbnail","6":"product_brand-johnsons","7":"product_cat-cuidado_personal","9":"first","10":"instock","11":"taxable","12":"shipping-taxable","13":"purchasable","14":"product-type-simple"},"yoast_head":"<!-- This site is optimized with the Yoast SEO plugin v27.4 - https:\/\/yoast.com\/product\/yoast-seo-wordpress\/ -->\n<title>OFF! Insect Repellent Active \u2013 6 oz &#8211; El Supermercado Medico<\/title>\n<meta name=\"description\" content=\"OFF! Insect Repellent Active 6 oz. Protecci\u00f3n duradera contra mosquitos y zancudos. Resistente al sudor, ideal para actividades al aire libre.\" \/>\n<meta name=\"robots\" content=\"index, follow, max-snippet:-1, max-image-preview:large, max-video-preview:-1\" \/>\n<link rel=\"canonical\" href=\"https:\/\/elsupermercadomedicopr.com\/es\/product\/off-insect-repellent-active-6oz\/\" \/>\n<meta property=\"og:locale\" content=\"es_ES\" \/>\n<meta property=\"og:type\" content=\"article\" \/>\n<meta property=\"og:title\" content=\"OFF! Insect Repellent Active \u2013 6 oz &#8211; El Supermercado Medico\" \/>\n<meta property=\"og:description\" content=\"OFF! Insect Repellent Active 6 oz. Protecci\u00f3n duradera contra mosquitos y zancudos. Resistente al sudor, ideal para actividades al aire libre.\" \/>\n<meta property=\"og:url\" content=\"https:\/\/elsupermercadomedicopr.com\/es\/product\/off-insect-repellent-active-6oz\/\" \/>\n<meta property=\"og:site_name\" content=\"El Supermercado Medico\" \/>\n<meta property=\"article:publisher\" content=\"https:\/\/www.facebook.com\/elsupermercadomedico\" \/>\n<meta property=\"article:modified_time\" content=\"2025-11-21T02:58:44+00:00\" \/>\n<meta property=\"og:image\" content=\"https:\/\/elsupermercadomedicopr.com\/wp-content\/uploads\/2025\/11\/image_2025-11-02_150904392.png\" \/>\n\t<meta property=\"og:image:width\" content=\"375\" \/>\n\t<meta property=\"og:image:height\" content=\"375\" \/>\n\t<meta property=\"og:image:type\" content=\"image\/png\" \/>\n<meta name=\"twitter:card\" content=\"summary_large_image\" \/>\n<meta name=\"twitter:label1\" content=\"Est. reading time\" \/>\n\t<meta name=\"twitter:data1\" content=\"2 minutos\" \/>\n<script type=\"application\/ld+json\" class=\"yoast-schema-graph\">{\"@context\":\"https:\\\/\\\/schema.org\",\"@graph\":[{\"@type\":\"WebPage\",\"@id\":\"https:\\\/\\\/elsupermercadomedicopr.com\\\/product\\\/off-insect-repellent-active-6oz\\\/\",\"url\":\"https:\\\/\\\/elsupermercadomedicopr.com\\\/product\\\/off-insect-repellent-active-6oz\\\/\",\"name\":\"OFF! Insect Repellent Active \u2013 6 oz &#8211; El Supermercado Medico\",\"isPartOf\":{\"@id\":\"http:\\\/\\\/elsupermercadomedicopr.com\\\/#website\"},\"primaryImageOfPage\":{\"@id\":\"https:\\\/\\\/elsupermercadomedicopr.com\\\/product\\\/off-insect-repellent-active-6oz\\\/#primaryimage\"},\"image\":{\"@id\":\"https:\\\/\\\/elsupermercadomedicopr.com\\\/product\\\/off-insect-repellent-active-6oz\\\/#primaryimage\"},\"thumbnailUrl\":\"https:\\\/\\\/elsupermercadomedicopr.com\\\/wp-content\\\/uploads\\\/2025\\\/11\\\/image_2025-11-02_150904392.png\",\"datePublished\":\"2025-11-02T19:11:21+00:00\",\"dateModified\":\"2025-11-21T02:58:44+00:00\",\"description\":\"OFF! Insect Repellent Active 6 oz. Protecci\u00f3n duradera contra mosquitos y zancudos. Resistente al sudor, ideal para actividades al aire libre.\",\"breadcrumb\":{\"@id\":\"https:\\\/\\\/elsupermercadomedicopr.com\\\/product\\\/off-insect-repellent-active-6oz\\\/#breadcrumb\"},\"inLanguage\":\"es\",\"potentialAction\":[{\"@type\":\"ReadAction\",\"target\":[\"https:\\\/\\\/elsupermercadomedicopr.com\\\/product\\\/off-insect-repellent-active-6oz\\\/\"]}]},{\"@type\":\"ImageObject\",\"inLanguage\":\"es\",\"@id\":\"https:\\\/\\\/elsupermercadomedicopr.com\\\/product\\\/off-insect-repellent-active-6oz\\\/#primaryimage\",\"url\":\"https:\\\/\\\/elsupermercadomedicopr.com\\\/wp-content\\\/uploads\\\/2025\\\/11\\\/image_2025-11-02_150904392.png\",\"contentUrl\":\"https:\\\/\\\/elsupermercadomedicopr.com\\\/wp-content\\\/uploads\\\/2025\\\/11\\\/image_2025-11-02_150904392.png\",\"width\":375,\"height\":375},{\"@type\":\"BreadcrumbList\",\"@id\":\"https:\\\/\\\/elsupermercadomedicopr.com\\\/product\\\/off-insect-repellent-active-6oz\\\/#breadcrumb\",\"itemListElement\":[{\"@type\":\"ListItem\",\"position\":1,\"name\":\"Home\",\"item\":\"https:\\\/\\\/elsupermercadomedicopr.com\\\/\"},{\"@type\":\"ListItem\",\"position\":2,\"name\":\"Shop\",\"item\":\"https:\\\/\\\/elsupermercadomedicopr.com\\\/shop\\\/\"},{\"@type\":\"ListItem\",\"position\":3,\"name\":\"OFF! Insect Repellent Active \u2013 6 oz\"}]},{\"@type\":\"WebSite\",\"@id\":\"http:\\\/\\\/elsupermercadomedicopr.com\\\/#website\",\"url\":\"http:\\\/\\\/elsupermercadomedicopr.com\\\/\",\"name\":\"El Supermercado Medico\",\"description\":\"Tu alternativa en equipos m\u00e9dicos, sirviendo al profesional de la salud y al paciente convaleciente.\",\"publisher\":{\"@id\":\"http:\\\/\\\/elsupermercadomedicopr.com\\\/#organization\"},\"potentialAction\":[{\"@type\":\"SearchAction\",\"target\":{\"@type\":\"EntryPoint\",\"urlTemplate\":\"http:\\\/\\\/elsupermercadomedicopr.com\\\/?s={search_term_string}\"},\"query-input\":{\"@type\":\"PropertyValueSpecification\",\"valueRequired\":true,\"valueName\":\"search_term_string\"}}],\"inLanguage\":\"es\"},{\"@type\":\"Organization\",\"@id\":\"http:\\\/\\\/elsupermercadomedicopr.com\\\/#organization\",\"name\":\"El Supermercado Medico, Inc.\",\"url\":\"http:\\\/\\\/elsupermercadomedicopr.com\\\/\",\"logo\":{\"@type\":\"ImageObject\",\"inLanguage\":\"es\",\"@id\":\"http:\\\/\\\/elsupermercadomedicopr.com\\\/#\\\/schema\\\/logo\\\/image\\\/\",\"url\":\"https:\\\/\\\/elsupermercadomedicopr.com\\\/wp-content\\\/uploads\\\/2025\\\/11\\\/cropped-Untitled-design-5.png\",\"contentUrl\":\"https:\\\/\\\/elsupermercadomedicopr.com\\\/wp-content\\\/uploads\\\/2025\\\/11\\\/cropped-Untitled-design-5.png\",\"width\":512,\"height\":512,\"caption\":\"El Supermercado Medico, Inc.\"},\"image\":{\"@id\":\"http:\\\/\\\/elsupermercadomedicopr.com\\\/#\\\/schema\\\/logo\\\/image\\\/\"},\"sameAs\":[\"https:\\\/\\\/www.facebook.com\\\/elsupermercadomedico\"]}]}<\/script>\n<!-- \/ Yoast SEO plugin. -->","yoast_head_json":{"title":"OFF! Insect Repellent Active \u2013 6 oz &#8211; El Supermercado Medico","description":"OFF! Insect Repellent Active 6 oz. Protecci\u00f3n duradera contra mosquitos y zancudos. Resistente al sudor, ideal para actividades al aire libre.","robots":{"index":"index","follow":"follow","max-snippet":"max-snippet:-1","max-image-preview":"max-image-preview:large","max-video-preview":"max-video-preview:-1"},"canonical":"https:\/\/elsupermercadomedicopr.com\/es\/product\/off-insect-repellent-active-6oz\/","og_locale":"es_ES","og_type":"article","og_title":"OFF! Insect Repellent Active \u2013 6 oz &#8211; El Supermercado Medico","og_description":"OFF! Insect Repellent Active 6 oz. Protecci\u00f3n duradera contra mosquitos y zancudos. Resistente al sudor, ideal para actividades al aire libre.","og_url":"https:\/\/elsupermercadomedicopr.com\/es\/product\/off-insect-repellent-active-6oz\/","og_site_name":"El Supermercado Medico","article_publisher":"https:\/\/www.facebook.com\/elsupermercadomedico","article_modified_time":"2025-11-21T02:58:44+00:00","og_image":[{"width":375,"height":375,"url":"https:\/\/elsupermercadomedicopr.com\/wp-content\/uploads\/2025\/11\/image_2025-11-02_150904392.png","type":"image\/png"}],"twitter_card":"summary_large_image","twitter_misc":{"Est. reading time":"2 minutos"},"schema":{"@context":"https:\/\/schema.org","@graph":[{"@type":"WebPage","@id":"https:\/\/elsupermercadomedicopr.com\/product\/off-insect-repellent-active-6oz\/","url":"https:\/\/elsupermercadomedicopr.com\/product\/off-insect-repellent-active-6oz\/","name":"OFF! Insect Repellent Active \u2013 6 oz &#8211; El Supermercado Medico","isPartOf":{"@id":"http:\/\/elsupermercadomedicopr.com\/#website"},"primaryImageOfPage":{"@id":"https:\/\/elsupermercadomedicopr.com\/product\/off-insect-repellent-active-6oz\/#primaryimage"},"image":{"@id":"https:\/\/elsupermercadomedicopr.com\/product\/off-insect-repellent-active-6oz\/#primaryimage"},"thumbnailUrl":"https:\/\/elsupermercadomedicopr.com\/wp-content\/uploads\/2025\/11\/image_2025-11-02_150904392.png","datePublished":"2025-11-02T19:11:21+00:00","dateModified":"2025-11-21T02:58:44+00:00","description":"OFF! Insect Repellent Active 6 oz. Protecci\u00f3n duradera contra mosquitos y zancudos. Resistente al sudor, ideal para actividades al aire libre.","breadcrumb":{"@id":"https:\/\/elsupermercadomedicopr.com\/product\/off-insect-repellent-active-6oz\/#breadcrumb"},"inLanguage":"es","potentialAction":[{"@type":"ReadAction","target":["https:\/\/elsupermercadomedicopr.com\/product\/off-insect-repellent-active-6oz\/"]}]},{"@type":"ImageObject","inLanguage":"es","@id":"https:\/\/elsupermercadomedicopr.com\/product\/off-insect-repellent-active-6oz\/#primaryimage","url":"https:\/\/elsupermercadomedicopr.com\/wp-content\/uploads\/2025\/11\/image_2025-11-02_150904392.png","contentUrl":"https:\/\/elsupermercadomedicopr.com\/wp-content\/uploads\/2025\/11\/image_2025-11-02_150904392.png","width":375,"height":375},{"@type":"BreadcrumbList","@id":"https:\/\/elsupermercadomedicopr.com\/product\/off-insect-repellent-active-6oz\/#breadcrumb","itemListElement":[{"@type":"ListItem","position":1,"name":"Home","item":"https:\/\/elsupermercadomedicopr.com\/"},{"@type":"ListItem","position":2,"name":"Shop","item":"https:\/\/elsupermercadomedicopr.com\/shop\/"},{"@type":"ListItem","position":3,"name":"OFF! Insect Repellent Active \u2013 6 oz"}]},{"@type":"WebSite","@id":"http:\/\/elsupermercadomedicopr.com\/#website","url":"http:\/\/elsupermercadomedicopr.com\/","name":"El Supermercado Medico","description":"Tu alternativa en equipos m\u00e9dicos, sirviendo al profesional de la salud y al paciente convaleciente.","publisher":{"@id":"http:\/\/elsupermercadomedicopr.com\/#organization"},"potentialAction":[{"@type":"SearchAction","target":{"@type":"EntryPoint","urlTemplate":"http:\/\/elsupermercadomedicopr.com\/?s={search_term_string}"},"query-input":{"@type":"PropertyValueSpecification","valueRequired":true,"valueName":"search_term_string"}}],"inLanguage":"es"},{"@type":"Organization","@id":"http:\/\/elsupermercadomedicopr.com\/#organization","name":"El Supermercado Medico, Inc.","url":"http:\/\/elsupermercadomedicopr.com\/","logo":{"@type":"ImageObject","inLanguage":"es","@id":"http:\/\/elsupermercadomedicopr.com\/#\/schema\/logo\/image\/","url":"https:\/\/elsupermercadomedicopr.com\/wp-content\/uploads\/2025\/11\/cropped-Untitled-design-5.png","contentUrl":"https:\/\/elsupermercadomedicopr.com\/wp-content\/uploads\/2025\/11\/cropped-Untitled-design-5.png","width":512,"height":512,"caption":"El Supermercado Medico, Inc."},"image":{"@id":"http:\/\/elsupermercadomedicopr.com\/#\/schema\/logo\/image\/"},"sameAs":["https:\/\/www.facebook.com\/elsupermercadomedico"]}]}},"_links":{"self":[{"href":"https:\/\/elsupermercadomedicopr.com\/es\/wp-json\/wp\/v2\/product\/1118","targetHints":{"allow":["GET"]}}],"collection":[{"href":"https:\/\/elsupermercadomedicopr.com\/es\/wp-json\/wp\/v2\/product"}],"about":[{"href":"https:\/\/elsupermercadomedicopr.com\/es\/wp-json\/wp\/v2\/types\/product"}],"wp:featuredmedia":[{"embeddable":true,"href":"https:\/\/elsupermercadomedicopr.com\/es\/wp-json\/wp\/v2\/media\/1119"}],"wp:attachment":[{"href":"https:\/\/elsupermercadomedicopr.com\/es\/wp-json\/wp\/v2\/media?parent=1118"}],"wp:term":[{"taxonomy":"product_brand","embeddable":true,"href":"https:\/\/elsupermercadomedicopr.com\/es\/wp-json\/wp\/v2\/product_brand?post=1118"},{"taxonomy":"product_cat","embeddable":true,"href":"https:\/\/elsupermercadomedicopr.com\/es\/wp-json\/wp\/v2\/product_cat?post=1118"},{"taxonomy":"product_tag","embeddable":true,"href":"https:\/\/elsupermercadomedicopr.com\/es\/wp-json\/wp\/v2\/product_tag?post=1118"}],"curies":[{"name":"wp","href":"https:\/\/api.w.org\/{rel}","templated":true}]}}