{"id":1108,"date":"2025-11-02T19:03:12","date_gmt":"2025-11-02T19:03:12","guid":{"rendered":"https:\/\/elsupermercadomedicopr.com\/?post_type=product&#038;p=1108"},"modified":"2025-11-20T04:16:06","modified_gmt":"2025-11-20T04:16:06","slug":"johnsons-baby-oil-original-14oz","status":"publish","type":"product","link":"https:\/\/elsupermercadomedicopr.com\/es\/product\/johnsons-baby-oil-original-14oz\/","title":{"rendered":"Johnson\u2019s Baby Oil Original \u2013 14 fl oz"},"content":{"rendered":"<p data-start=\"660\" data-end=\"1068\">El <strong data-start=\"711\" data-end=\"753\">Johnson\u2019s Baby Oil Original (14 fl oz)<\/strong> es un aceite puro y suave, formulado especialmente para <strong data-start=\"810\" data-end=\"863\">hidratar y proteger la piel delicada de los beb\u00e9s<\/strong>. Su f\u00f3rmula cl\u00e1sica con <strong data-start=\"888\" data-end=\"911\">aceite mineral puro<\/strong> ayuda a <strong data-start=\"920\" data-end=\"958\">retener hasta 10 veces m\u00e1s humedad<\/strong> que una loci\u00f3n aplicada sobre piel seca, dejando la piel <strong data-start=\"1016\" data-end=\"1065\">suave, tersa y protegida contra la resequedad<\/strong>.<\/p>\n<p data-start=\"1070\" data-end=\"1369\">Cl\u00ednicamente probado para ser <strong data-start=\"1100\" data-end=\"1157\">suave, hipoalerg\u00e9nico y libre de parabenos y ftalatos<\/strong>, este aceite es ideal tanto para <strong data-start=\"1191\" data-end=\"1213\">masajes relajantes<\/strong> como para <strong data-start=\"1224\" data-end=\"1260\">hidratar zonas resecas o \u00e1speras<\/strong> del cuerpo. Su fragancia ligera y agradable deja una sensaci\u00f3n de frescura y confort que dura todo el d\u00eda.<\/p>\n<p data-start=\"1371\" data-end=\"1400\"><strong data-start=\"1371\" data-end=\"1398\">Beneficios principales:<\/strong><\/p>\n<ul data-start=\"1401\" data-end=\"1747\">\n<li data-start=\"1401\" data-end=\"1453\">\n<p data-start=\"1403\" data-end=\"1453\"><strong data-start=\"1403\" data-end=\"1424\">Protege y suaviza<\/strong> la piel delicada del beb\u00e9.<\/p>\n<\/li>\n<li data-start=\"1454\" data-end=\"1521\">\n<p data-start=\"1456\" data-end=\"1521\"><strong data-start=\"1456\" data-end=\"1478\">Bloquea la humedad<\/strong> creando una barrera sedosa y protectora.<\/p>\n<\/li>\n<li data-start=\"1522\" data-end=\"1562\">\n<p data-start=\"1524\" data-end=\"1562\">Ideal para <strong data-start=\"1535\" data-end=\"1559\">masajes y relajaci\u00f3n<\/strong>.<\/p>\n<\/li>\n<li data-start=\"1563\" data-end=\"1636\">\n<p data-start=\"1565\" data-end=\"1636\"><strong data-start=\"1565\" data-end=\"1589\">Cl\u00ednicamente probado<\/strong>, hipoalerg\u00e9nico y sin parabenos ni ftalatos.<\/p>\n<\/li>\n<li data-start=\"1637\" data-end=\"1684\">\n<p data-start=\"1639\" data-end=\"1684\"><strong data-start=\"1639\" data-end=\"1659\">F\u00e1cil de aplicar<\/strong> y de r\u00e1pida absorci\u00f3n.<\/p>\n<\/li>\n<li data-start=\"1685\" data-end=\"1747\">\n<p data-start=\"1687\" data-end=\"1747\"><strong data-start=\"1687\" data-end=\"1712\">Aroma suave y cl\u00e1sico<\/strong>, deja la piel tersa y perfumada.<\/p>\n<\/li>\n<\/ul>\n<p data-start=\"1749\" data-end=\"1767\"><strong data-start=\"1749\" data-end=\"1765\">Modo de uso:<\/strong><\/p>\n<ol data-start=\"1768\" data-end=\"1959\">\n<li data-start=\"1768\" data-end=\"1819\">\n<p data-start=\"1771\" data-end=\"1819\">Aplique sobre la piel h\u00fameda despu\u00e9s del ba\u00f1o.<\/p>\n<\/li>\n<li data-start=\"1820\" data-end=\"1872\">\n<p data-start=\"1823\" data-end=\"1872\">Masajee suavemente hasta su completa absorci\u00f3n.<\/p>\n<\/li>\n<li data-start=\"1873\" data-end=\"1959\">\n<p data-start=\"1876\" data-end=\"1959\">Puede usarse a diario en beb\u00e9s o adultos para mantener la piel suave e hidratada.<\/p>\n<\/li>\n<\/ol>\n<p data-start=\"1961\" data-end=\"1984\"><strong data-start=\"1961\" data-end=\"1982\">Especificaciones:<\/strong><\/p>\n<ul data-start=\"1985\" data-end=\"2321\">\n<li data-start=\"1985\" data-end=\"2006\">\n<p data-start=\"1987\" data-end=\"2006\">Marca: Johnson\u2019s\u00ae<\/p>\n<\/li>\n<li data-start=\"2007\" data-end=\"2043\">\n<p data-start=\"2009\" data-end=\"2043\">Tipo: Aceite hidratante corporal<\/p>\n<\/li>\n<li data-start=\"2044\" data-end=\"2076\">\n<p data-start=\"2046\" data-end=\"2076\">Contenido: 14 fl oz (414 mL)<\/p>\n<\/li>\n<li data-start=\"2077\" data-end=\"2123\">\n<p data-start=\"2079\" data-end=\"2123\">Ingrediente principal: Aceite mineral puro<\/p>\n<\/li>\n<li data-start=\"2124\" data-end=\"2173\">\n<p data-start=\"2126\" data-end=\"2173\">Prop\u00f3sito: Retener humedad y suavizar la piel<\/p>\n<\/li>\n<li data-start=\"2174\" data-end=\"2221\">\n<p data-start=\"2176\" data-end=\"2221\">Hipoalerg\u00e9nico y probado dermatol\u00f3gicamente<\/p>\n<\/li>\n<li data-start=\"2222\" data-end=\"2256\">\n<p data-start=\"2224\" data-end=\"2256\">Libre de: Parabenos y ftalatos<\/p>\n<\/li>\n<li data-start=\"2257\" data-end=\"2285\">\n<p data-start=\"2259\" data-end=\"2285\">Aroma: Suave y agradable<\/p>\n<\/li>\n<li data-start=\"2286\" data-end=\"2321\">\n<p data-start=\"2288\" data-end=\"2321\">Uso: Diario, post-ba\u00f1o o masaje<\/p>\n<\/li>\n<\/ul>","protected":false},"excerpt":{"rendered":"<p data-start=\"435\" data-end=\"658\">Aceite para beb\u00e9 Johnson\u2019s Original, 14 oz. Suaviza, hidrata y protege la piel delicada del beb\u00e9. Forma una barrera sedosa que retiene hasta 10 veces m\u00e1s humedad que una loci\u00f3n regular.<\/p>\n<p data-start=\"660\" data-end=\"1068\">","protected":false},"featured_media":1109,"template":"","meta":[],"product_brand":[],"product_cat":[15],"product_tag":[],"class_list":{"0":"post-1108","1":"product","2":"type-product","3":"status-publish","4":"has-post-thumbnail","6":"product_cat-cuidado_personal","8":"first","9":"instock","10":"taxable","11":"shipping-taxable","12":"purchasable","13":"product-type-simple"},"yoast_head":"<!-- This site is optimized with the Yoast SEO plugin v27.4 - https:\/\/yoast.com\/product\/yoast-seo-wordpress\/ -->\n<title>Johnson\u2019s Baby Oil Original \u2013 14 fl oz &#8211; El Supermercado Medico<\/title>\n<meta name=\"description\" content=\"Johnson\u2019s Baby Oil Original 14 oz. Hidrata y protege la piel del beb\u00e9, bloqueando 10x m\u00e1s humedad. Hipoalerg\u00e9nico, sin parabenos y con aroma suave.\" \/>\n<meta name=\"robots\" content=\"index, follow, max-snippet:-1, max-image-preview:large, max-video-preview:-1\" \/>\n<link rel=\"canonical\" href=\"https:\/\/elsupermercadomedicopr.com\/es\/product\/johnsons-baby-oil-original-14oz\/\" \/>\n<meta property=\"og:locale\" content=\"es_ES\" \/>\n<meta property=\"og:type\" content=\"article\" \/>\n<meta property=\"og:title\" content=\"Johnson\u2019s Baby Oil Original \u2013 14 fl oz &#8211; El Supermercado Medico\" \/>\n<meta property=\"og:description\" content=\"Johnson\u2019s Baby Oil Original 14 oz. Hidrata y protege la piel del beb\u00e9, bloqueando 10x m\u00e1s humedad. Hipoalerg\u00e9nico, sin parabenos y con aroma suave.\" \/>\n<meta property=\"og:url\" content=\"https:\/\/elsupermercadomedicopr.com\/es\/product\/johnsons-baby-oil-original-14oz\/\" \/>\n<meta property=\"og:site_name\" content=\"El Supermercado Medico\" \/>\n<meta property=\"article:publisher\" content=\"https:\/\/www.facebook.com\/elsupermercadomedico\" \/>\n<meta property=\"article:modified_time\" content=\"2025-11-20T04:16:06+00:00\" \/>\n<meta property=\"og:image\" content=\"https:\/\/elsupermercadomedicopr.com\/wp-content\/uploads\/2025\/11\/image_2025-11-02_150159919.png\" \/>\n\t<meta property=\"og:image:width\" content=\"653\" \/>\n\t<meta property=\"og:image:height\" content=\"1500\" \/>\n\t<meta property=\"og:image:type\" content=\"image\/png\" \/>\n<meta name=\"twitter:card\" content=\"summary_large_image\" \/>\n<meta name=\"twitter:label1\" content=\"Est. reading time\" \/>\n\t<meta name=\"twitter:data1\" content=\"2 minutos\" \/>\n<script type=\"application\/ld+json\" class=\"yoast-schema-graph\">{\"@context\":\"https:\\\/\\\/schema.org\",\"@graph\":[{\"@type\":\"WebPage\",\"@id\":\"https:\\\/\\\/elsupermercadomedicopr.com\\\/product\\\/johnsons-baby-oil-original-14oz\\\/\",\"url\":\"https:\\\/\\\/elsupermercadomedicopr.com\\\/product\\\/johnsons-baby-oil-original-14oz\\\/\",\"name\":\"Johnson\u2019s Baby Oil Original \u2013 14 fl oz &#8211; El Supermercado Medico\",\"isPartOf\":{\"@id\":\"http:\\\/\\\/elsupermercadomedicopr.com\\\/#website\"},\"primaryImageOfPage\":{\"@id\":\"https:\\\/\\\/elsupermercadomedicopr.com\\\/product\\\/johnsons-baby-oil-original-14oz\\\/#primaryimage\"},\"image\":{\"@id\":\"https:\\\/\\\/elsupermercadomedicopr.com\\\/product\\\/johnsons-baby-oil-original-14oz\\\/#primaryimage\"},\"thumbnailUrl\":\"https:\\\/\\\/elsupermercadomedicopr.com\\\/wp-content\\\/uploads\\\/2025\\\/11\\\/image_2025-11-02_150159919.png\",\"datePublished\":\"2025-11-02T19:03:12+00:00\",\"dateModified\":\"2025-11-20T04:16:06+00:00\",\"description\":\"Johnson\u2019s Baby Oil Original 14 oz. Hidrata y protege la piel del beb\u00e9, bloqueando 10x m\u00e1s humedad. Hipoalerg\u00e9nico, sin parabenos y con aroma suave.\",\"breadcrumb\":{\"@id\":\"https:\\\/\\\/elsupermercadomedicopr.com\\\/product\\\/johnsons-baby-oil-original-14oz\\\/#breadcrumb\"},\"inLanguage\":\"es\",\"potentialAction\":[{\"@type\":\"ReadAction\",\"target\":[\"https:\\\/\\\/elsupermercadomedicopr.com\\\/product\\\/johnsons-baby-oil-original-14oz\\\/\"]}]},{\"@type\":\"ImageObject\",\"inLanguage\":\"es\",\"@id\":\"https:\\\/\\\/elsupermercadomedicopr.com\\\/product\\\/johnsons-baby-oil-original-14oz\\\/#primaryimage\",\"url\":\"https:\\\/\\\/elsupermercadomedicopr.com\\\/wp-content\\\/uploads\\\/2025\\\/11\\\/image_2025-11-02_150159919.png\",\"contentUrl\":\"https:\\\/\\\/elsupermercadomedicopr.com\\\/wp-content\\\/uploads\\\/2025\\\/11\\\/image_2025-11-02_150159919.png\",\"width\":653,\"height\":1500},{\"@type\":\"BreadcrumbList\",\"@id\":\"https:\\\/\\\/elsupermercadomedicopr.com\\\/product\\\/johnsons-baby-oil-original-14oz\\\/#breadcrumb\",\"itemListElement\":[{\"@type\":\"ListItem\",\"position\":1,\"name\":\"Home\",\"item\":\"https:\\\/\\\/elsupermercadomedicopr.com\\\/\"},{\"@type\":\"ListItem\",\"position\":2,\"name\":\"Shop\",\"item\":\"https:\\\/\\\/elsupermercadomedicopr.com\\\/shop\\\/\"},{\"@type\":\"ListItem\",\"position\":3,\"name\":\"Johnson\u2019s Baby Oil Original \u2013 14 fl oz\"}]},{\"@type\":\"WebSite\",\"@id\":\"http:\\\/\\\/elsupermercadomedicopr.com\\\/#website\",\"url\":\"http:\\\/\\\/elsupermercadomedicopr.com\\\/\",\"name\":\"El Supermercado Medico\",\"description\":\"Tu alternativa en equipos m\u00e9dicos, sirviendo al profesional de la salud y al paciente convaleciente.\",\"publisher\":{\"@id\":\"http:\\\/\\\/elsupermercadomedicopr.com\\\/#organization\"},\"potentialAction\":[{\"@type\":\"SearchAction\",\"target\":{\"@type\":\"EntryPoint\",\"urlTemplate\":\"http:\\\/\\\/elsupermercadomedicopr.com\\\/?s={search_term_string}\"},\"query-input\":{\"@type\":\"PropertyValueSpecification\",\"valueRequired\":true,\"valueName\":\"search_term_string\"}}],\"inLanguage\":\"es\"},{\"@type\":\"Organization\",\"@id\":\"http:\\\/\\\/elsupermercadomedicopr.com\\\/#organization\",\"name\":\"El Supermercado Medico, Inc.\",\"url\":\"http:\\\/\\\/elsupermercadomedicopr.com\\\/\",\"logo\":{\"@type\":\"ImageObject\",\"inLanguage\":\"es\",\"@id\":\"http:\\\/\\\/elsupermercadomedicopr.com\\\/#\\\/schema\\\/logo\\\/image\\\/\",\"url\":\"https:\\\/\\\/elsupermercadomedicopr.com\\\/wp-content\\\/uploads\\\/2025\\\/11\\\/cropped-Untitled-design-5.png\",\"contentUrl\":\"https:\\\/\\\/elsupermercadomedicopr.com\\\/wp-content\\\/uploads\\\/2025\\\/11\\\/cropped-Untitled-design-5.png\",\"width\":512,\"height\":512,\"caption\":\"El Supermercado Medico, Inc.\"},\"image\":{\"@id\":\"http:\\\/\\\/elsupermercadomedicopr.com\\\/#\\\/schema\\\/logo\\\/image\\\/\"},\"sameAs\":[\"https:\\\/\\\/www.facebook.com\\\/elsupermercadomedico\"]}]}<\/script>\n<!-- \/ Yoast SEO plugin. -->","yoast_head_json":{"title":"Johnson\u2019s Baby Oil Original \u2013 14 fl oz &#8211; El Supermercado Medico","description":"Johnson\u2019s Baby Oil Original 14 oz. Hidrata y protege la piel del beb\u00e9, bloqueando 10x m\u00e1s humedad. Hipoalerg\u00e9nico, sin parabenos y con aroma suave.","robots":{"index":"index","follow":"follow","max-snippet":"max-snippet:-1","max-image-preview":"max-image-preview:large","max-video-preview":"max-video-preview:-1"},"canonical":"https:\/\/elsupermercadomedicopr.com\/es\/product\/johnsons-baby-oil-original-14oz\/","og_locale":"es_ES","og_type":"article","og_title":"Johnson\u2019s Baby Oil Original \u2013 14 fl oz &#8211; El Supermercado Medico","og_description":"Johnson\u2019s Baby Oil Original 14 oz. Hidrata y protege la piel del beb\u00e9, bloqueando 10x m\u00e1s humedad. Hipoalerg\u00e9nico, sin parabenos y con aroma suave.","og_url":"https:\/\/elsupermercadomedicopr.com\/es\/product\/johnsons-baby-oil-original-14oz\/","og_site_name":"El Supermercado Medico","article_publisher":"https:\/\/www.facebook.com\/elsupermercadomedico","article_modified_time":"2025-11-20T04:16:06+00:00","og_image":[{"width":653,"height":1500,"url":"https:\/\/elsupermercadomedicopr.com\/wp-content\/uploads\/2025\/11\/image_2025-11-02_150159919.png","type":"image\/png"}],"twitter_card":"summary_large_image","twitter_misc":{"Est. reading time":"2 minutos"},"schema":{"@context":"https:\/\/schema.org","@graph":[{"@type":"WebPage","@id":"https:\/\/elsupermercadomedicopr.com\/product\/johnsons-baby-oil-original-14oz\/","url":"https:\/\/elsupermercadomedicopr.com\/product\/johnsons-baby-oil-original-14oz\/","name":"Johnson\u2019s Baby Oil Original \u2013 14 fl oz &#8211; El Supermercado Medico","isPartOf":{"@id":"http:\/\/elsupermercadomedicopr.com\/#website"},"primaryImageOfPage":{"@id":"https:\/\/elsupermercadomedicopr.com\/product\/johnsons-baby-oil-original-14oz\/#primaryimage"},"image":{"@id":"https:\/\/elsupermercadomedicopr.com\/product\/johnsons-baby-oil-original-14oz\/#primaryimage"},"thumbnailUrl":"https:\/\/elsupermercadomedicopr.com\/wp-content\/uploads\/2025\/11\/image_2025-11-02_150159919.png","datePublished":"2025-11-02T19:03:12+00:00","dateModified":"2025-11-20T04:16:06+00:00","description":"Johnson\u2019s Baby Oil Original 14 oz. Hidrata y protege la piel del beb\u00e9, bloqueando 10x m\u00e1s humedad. Hipoalerg\u00e9nico, sin parabenos y con aroma suave.","breadcrumb":{"@id":"https:\/\/elsupermercadomedicopr.com\/product\/johnsons-baby-oil-original-14oz\/#breadcrumb"},"inLanguage":"es","potentialAction":[{"@type":"ReadAction","target":["https:\/\/elsupermercadomedicopr.com\/product\/johnsons-baby-oil-original-14oz\/"]}]},{"@type":"ImageObject","inLanguage":"es","@id":"https:\/\/elsupermercadomedicopr.com\/product\/johnsons-baby-oil-original-14oz\/#primaryimage","url":"https:\/\/elsupermercadomedicopr.com\/wp-content\/uploads\/2025\/11\/image_2025-11-02_150159919.png","contentUrl":"https:\/\/elsupermercadomedicopr.com\/wp-content\/uploads\/2025\/11\/image_2025-11-02_150159919.png","width":653,"height":1500},{"@type":"BreadcrumbList","@id":"https:\/\/elsupermercadomedicopr.com\/product\/johnsons-baby-oil-original-14oz\/#breadcrumb","itemListElement":[{"@type":"ListItem","position":1,"name":"Home","item":"https:\/\/elsupermercadomedicopr.com\/"},{"@type":"ListItem","position":2,"name":"Shop","item":"https:\/\/elsupermercadomedicopr.com\/shop\/"},{"@type":"ListItem","position":3,"name":"Johnson\u2019s Baby Oil Original \u2013 14 fl oz"}]},{"@type":"WebSite","@id":"http:\/\/elsupermercadomedicopr.com\/#website","url":"http:\/\/elsupermercadomedicopr.com\/","name":"El Supermercado Medico","description":"Tu alternativa en equipos m\u00e9dicos, sirviendo al profesional de la salud y al paciente convaleciente.","publisher":{"@id":"http:\/\/elsupermercadomedicopr.com\/#organization"},"potentialAction":[{"@type":"SearchAction","target":{"@type":"EntryPoint","urlTemplate":"http:\/\/elsupermercadomedicopr.com\/?s={search_term_string}"},"query-input":{"@type":"PropertyValueSpecification","valueRequired":true,"valueName":"search_term_string"}}],"inLanguage":"es"},{"@type":"Organization","@id":"http:\/\/elsupermercadomedicopr.com\/#organization","name":"El Supermercado Medico, Inc.","url":"http:\/\/elsupermercadomedicopr.com\/","logo":{"@type":"ImageObject","inLanguage":"es","@id":"http:\/\/elsupermercadomedicopr.com\/#\/schema\/logo\/image\/","url":"https:\/\/elsupermercadomedicopr.com\/wp-content\/uploads\/2025\/11\/cropped-Untitled-design-5.png","contentUrl":"https:\/\/elsupermercadomedicopr.com\/wp-content\/uploads\/2025\/11\/cropped-Untitled-design-5.png","width":512,"height":512,"caption":"El Supermercado Medico, Inc."},"image":{"@id":"http:\/\/elsupermercadomedicopr.com\/#\/schema\/logo\/image\/"},"sameAs":["https:\/\/www.facebook.com\/elsupermercadomedico"]}]}},"_links":{"self":[{"href":"https:\/\/elsupermercadomedicopr.com\/es\/wp-json\/wp\/v2\/product\/1108","targetHints":{"allow":["GET"]}}],"collection":[{"href":"https:\/\/elsupermercadomedicopr.com\/es\/wp-json\/wp\/v2\/product"}],"about":[{"href":"https:\/\/elsupermercadomedicopr.com\/es\/wp-json\/wp\/v2\/types\/product"}],"wp:featuredmedia":[{"embeddable":true,"href":"https:\/\/elsupermercadomedicopr.com\/es\/wp-json\/wp\/v2\/media\/1109"}],"wp:attachment":[{"href":"https:\/\/elsupermercadomedicopr.com\/es\/wp-json\/wp\/v2\/media?parent=1108"}],"wp:term":[{"taxonomy":"product_brand","embeddable":true,"href":"https:\/\/elsupermercadomedicopr.com\/es\/wp-json\/wp\/v2\/product_brand?post=1108"},{"taxonomy":"product_cat","embeddable":true,"href":"https:\/\/elsupermercadomedicopr.com\/es\/wp-json\/wp\/v2\/product_cat?post=1108"},{"taxonomy":"product_tag","embeddable":true,"href":"https:\/\/elsupermercadomedicopr.com\/es\/wp-json\/wp\/v2\/product_tag?post=1108"}],"curies":[{"name":"wp","href":"https:\/\/api.w.org\/{rel}","templated":true}]}}