{"id":1102,"date":"2025-11-02T18:57:13","date_gmt":"2025-11-02T18:57:13","guid":{"rendered":"https:\/\/elsupermercadomedicopr.com\/?post_type=product&#038;p=1102"},"modified":"2025-11-20T04:16:06","modified_gmt":"2025-11-20T04:16:06","slug":"band-aid-antiseptic-cleansing-liquid-solution-for-wounds-and-pain-relief-6oz","status":"publish","type":"product","link":"https:\/\/elsupermercadomedicopr.com\/es\/product\/band-aid-antiseptic-cleansing-liquid-solution-for-wounds-and-pain-relief-6oz\/","title":{"rendered":"BAND-AID\u00ae Brand Antiseptic Cleansing Liquid Solution for Wounds and Pain Relief \u2013 6 fl oz"},"content":{"rendered":"<p data-start=\"741\" data-end=\"1036\">La <strong data-start=\"792\" data-end=\"885\">BAND-AID\u00ae Brand Antiseptic Cleansing Liquid Solution for Wounds and Pain Relief (6 fl oz)<\/strong> es una <strong data-start=\"893\" data-end=\"926\">soluci\u00f3n antis\u00e9ptica avanzada<\/strong> dise\u00f1ada para limpiar heridas menores y aliviar el dolor causado por cortes, raspaduras o quemaduras leves.<\/p>\n<p data-start=\"1038\" data-end=\"1285\">Formulada con <strong data-start=\"1052\" data-end=\"1069\">lidoca\u00edna HCl<\/strong>, un analg\u00e9sico t\u00f3pico, esta soluci\u00f3n <strong data-start=\"1107\" data-end=\"1143\">reduce el dolor y la incomodidad<\/strong> al tiempo que <strong data-start=\"1158\" data-end=\"1195\">elimina el 99.99% de los g\u00e9rmenes<\/strong> gracias a su contenido de <strong data-start=\"1222\" data-end=\"1247\">benzalkonium chloride<\/strong>, un antis\u00e9ptico de amplio espectro.<\/p>\n<p data-start=\"1287\" data-end=\"1405\">Ideal para incluir en cualquier <strong data-start=\"1319\" data-end=\"1352\">botiqu\u00edn de primeros auxilios<\/strong>, es segura para ni\u00f1os mayores de 2 a\u00f1os y adultos.<\/p>\n<p data-start=\"1407\" data-end=\"1436\"><strong data-start=\"1407\" data-end=\"1434\">Beneficios principales:<\/strong><\/p>\n<ul data-start=\"1437\" data-end=\"1762\">\n<li data-start=\"1437\" data-end=\"1503\">\n<p data-start=\"1439\" data-end=\"1503\"><strong data-start=\"1439\" data-end=\"1462\">Limpia y desinfecta<\/strong> cortes, raspaduras y quemaduras leves.<\/p>\n<\/li>\n<li data-start=\"1504\" data-end=\"1569\">\n<p data-start=\"1506\" data-end=\"1569\">Contiene <strong data-start=\"1515\" data-end=\"1532\">lidoca\u00edna HCl<\/strong> para aliviar el dolor al instante.<\/p>\n<\/li>\n<li data-start=\"1570\" data-end=\"1628\">\n<p data-start=\"1572\" data-end=\"1628\"><strong data-start=\"1572\" data-end=\"1591\">Benzalkonium Cl<\/strong> elimina el 99.99% de los g\u00e9rmenes.<\/p>\n<\/li>\n<li data-start=\"1629\" data-end=\"1676\">\n<p data-start=\"1631\" data-end=\"1676\"><strong data-start=\"1631\" data-end=\"1654\">F\u00f3rmula sin alcohol<\/strong>, suave con la piel.<\/p>\n<\/li>\n<li data-start=\"1677\" data-end=\"1724\">\n<p data-start=\"1679\" data-end=\"1724\"><strong data-start=\"1679\" data-end=\"1722\">Ideal para uso dom\u00e9stico o profesional.<\/strong><\/p>\n<\/li>\n<li data-start=\"1725\" data-end=\"1762\">\n<p data-start=\"1727\" data-end=\"1762\">Apta para ni\u00f1os desde los 2 a\u00f1os.<\/p>\n<\/li>\n<\/ul>\n<p data-start=\"1764\" data-end=\"1782\"><strong data-start=\"1764\" data-end=\"1780\">Modo de uso:<\/strong><\/p>\n<ol data-start=\"1783\" data-end=\"1976\">\n<li data-start=\"1783\" data-end=\"1829\">\n<p data-start=\"1786\" data-end=\"1829\">Limpie el \u00e1rea afectada antes de aplicar.<\/p>\n<\/li>\n<li data-start=\"1830\" data-end=\"1913\">\n<p data-start=\"1833\" data-end=\"1913\">Aplique una peque\u00f1a cantidad de la soluci\u00f3n antis\u00e9ptica de 1 a 3 veces al d\u00eda.<\/p>\n<\/li>\n<li data-start=\"1914\" data-end=\"1976\">\n<p data-start=\"1917\" data-end=\"1976\">Deje secar y cubra con una venda est\u00e9ril si es necesario.<\/p>\n<\/li>\n<\/ol>\n<p data-start=\"1978\" data-end=\"2001\"><strong data-start=\"1978\" data-end=\"1999\">Especificaciones:<\/strong><\/p>\n<ul data-start=\"2002\" data-end=\"2386\">\n<li data-start=\"2002\" data-end=\"2028\">\n<p data-start=\"2004\" data-end=\"2028\">Marca: BAND-AID\u00ae Brand<\/p>\n<\/li>\n<li data-start=\"2029\" data-end=\"2060\">\n<p data-start=\"2031\" data-end=\"2060\">Contenido: 6 fl oz (177 mL)<\/p>\n<\/li>\n<li data-start=\"2061\" data-end=\"2114\">\n<p data-start=\"2063\" data-end=\"2114\">Tipo: Soluci\u00f3n antis\u00e9ptica l\u00edquida con analg\u00e9sico<\/p>\n<\/li>\n<li data-start=\"2115\" data-end=\"2177\">\n<p data-start=\"2117\" data-end=\"2177\">Ingredientes activos: Lidocaine HCl, Benzalkonium Chloride<\/p>\n<\/li>\n<li data-start=\"2178\" data-end=\"2239\">\n<p data-start=\"2180\" data-end=\"2239\">Prop\u00f3sito: Limpieza de heridas menores y alivio del dolor<\/p>\n<\/li>\n<li data-start=\"2240\" data-end=\"2299\">\n<p data-start=\"2242\" data-end=\"2299\">Uso: Externo, para cortes, raspaduras, quemaduras leves<\/p>\n<\/li>\n<li data-start=\"2300\" data-end=\"2340\">\n<p data-start=\"2302\" data-end=\"2340\">Edad recomendada: 2 a\u00f1os en adelante<\/p>\n<\/li>\n<li data-start=\"2341\" data-end=\"2386\">\n<p data-start=\"2343\" data-end=\"2386\">Presentaci\u00f3n: Botella pl\u00e1stica de 6 fl oz<\/p>\n<\/li>\n<\/ul>","protected":false},"excerpt":{"rendered":"<p data-start=\"522\" data-end=\"739\">Soluci\u00f3n antis\u00e9ptica BAND-AID\u00ae con alivio del dolor, 6 oz. Limpia cortes, raspaduras y quemaduras menores, aliviando el dolor con lidoca\u00edna y eliminando el 99.99% de los g\u00e9rmenes.<\/p>\n<p data-start=\"741\" data-end=\"1036\">","protected":false},"featured_media":1103,"template":"","meta":[],"product_brand":[],"product_cat":[15],"product_tag":[],"class_list":{"0":"post-1102","1":"product","2":"type-product","3":"status-publish","4":"has-post-thumbnail","6":"product_cat-cuidado_personal","8":"first","9":"instock","10":"taxable","11":"shipping-taxable","12":"purchasable","13":"product-type-simple"},"yoast_head":"<!-- This site is optimized with the Yoast SEO plugin v27.4 - https:\/\/yoast.com\/product\/yoast-seo-wordpress\/ -->\n<title>BAND-AID\u00ae Brand Antiseptic Cleansing Liquid Solution for Wounds and Pain Relief \u2013 6 fl oz &#8211; El Supermercado Medico<\/title>\n<meta name=\"description\" content=\"BAND-AID\u00ae Antiseptic Cleansing Liquid Solution 6 oz. Limpia y alivia cortes y quemaduras con lidoca\u00edna. Mata 99.99% de g\u00e9rmenes. Ideal para primeros auxilios.\" \/>\n<meta name=\"robots\" content=\"index, follow, max-snippet:-1, max-image-preview:large, max-video-preview:-1\" \/>\n<link rel=\"canonical\" href=\"https:\/\/elsupermercadomedicopr.com\/es\/product\/band-aid-antiseptic-cleansing-liquid-solution-for-wounds-and-pain-relief-6oz\/\" \/>\n<meta property=\"og:locale\" content=\"es_ES\" \/>\n<meta property=\"og:type\" content=\"article\" \/>\n<meta property=\"og:title\" content=\"BAND-AID\u00ae Brand Antiseptic Cleansing Liquid Solution for Wounds and Pain Relief \u2013 6 fl oz &#8211; El Supermercado Medico\" \/>\n<meta property=\"og:description\" content=\"BAND-AID\u00ae Antiseptic Cleansing Liquid Solution 6 oz. Limpia y alivia cortes y quemaduras con lidoca\u00edna. Mata 99.99% de g\u00e9rmenes. Ideal para primeros auxilios.\" \/>\n<meta property=\"og:url\" content=\"https:\/\/elsupermercadomedicopr.com\/es\/product\/band-aid-antiseptic-cleansing-liquid-solution-for-wounds-and-pain-relief-6oz\/\" \/>\n<meta property=\"og:site_name\" content=\"El Supermercado Medico\" \/>\n<meta property=\"article:publisher\" content=\"https:\/\/www.facebook.com\/elsupermercadomedico\" \/>\n<meta property=\"article:modified_time\" content=\"2025-11-20T04:16:06+00:00\" \/>\n<meta property=\"og:image\" content=\"https:\/\/elsupermercadomedicopr.com\/wp-content\/uploads\/2025\/11\/image_2025-11-02_145513504.png\" \/>\n\t<meta property=\"og:image:width\" content=\"640\" \/>\n\t<meta property=\"og:image:height\" content=\"640\" \/>\n\t<meta property=\"og:image:type\" content=\"image\/png\" \/>\n<meta name=\"twitter:card\" content=\"summary_large_image\" \/>\n<meta name=\"twitter:label1\" content=\"Est. reading time\" \/>\n\t<meta name=\"twitter:data1\" content=\"2 minutos\" \/>\n<script type=\"application\/ld+json\" class=\"yoast-schema-graph\">{\"@context\":\"https:\\\/\\\/schema.org\",\"@graph\":[{\"@type\":\"WebPage\",\"@id\":\"https:\\\/\\\/elsupermercadomedicopr.com\\\/product\\\/band-aid-antiseptic-cleansing-liquid-solution-for-wounds-and-pain-relief-6oz\\\/\",\"url\":\"https:\\\/\\\/elsupermercadomedicopr.com\\\/product\\\/band-aid-antiseptic-cleansing-liquid-solution-for-wounds-and-pain-relief-6oz\\\/\",\"name\":\"BAND-AID\u00ae Brand Antiseptic Cleansing Liquid Solution for Wounds and Pain Relief \u2013 6 fl oz &#8211; El Supermercado Medico\",\"isPartOf\":{\"@id\":\"http:\\\/\\\/elsupermercadomedicopr.com\\\/#website\"},\"primaryImageOfPage\":{\"@id\":\"https:\\\/\\\/elsupermercadomedicopr.com\\\/product\\\/band-aid-antiseptic-cleansing-liquid-solution-for-wounds-and-pain-relief-6oz\\\/#primaryimage\"},\"image\":{\"@id\":\"https:\\\/\\\/elsupermercadomedicopr.com\\\/product\\\/band-aid-antiseptic-cleansing-liquid-solution-for-wounds-and-pain-relief-6oz\\\/#primaryimage\"},\"thumbnailUrl\":\"https:\\\/\\\/elsupermercadomedicopr.com\\\/wp-content\\\/uploads\\\/2025\\\/11\\\/image_2025-11-02_145513504.png\",\"datePublished\":\"2025-11-02T18:57:13+00:00\",\"dateModified\":\"2025-11-20T04:16:06+00:00\",\"description\":\"BAND-AID\u00ae Antiseptic Cleansing Liquid Solution 6 oz. Limpia y alivia cortes y quemaduras con lidoca\u00edna. Mata 99.99% de g\u00e9rmenes. Ideal para primeros auxilios.\",\"breadcrumb\":{\"@id\":\"https:\\\/\\\/elsupermercadomedicopr.com\\\/product\\\/band-aid-antiseptic-cleansing-liquid-solution-for-wounds-and-pain-relief-6oz\\\/#breadcrumb\"},\"inLanguage\":\"es\",\"potentialAction\":[{\"@type\":\"ReadAction\",\"target\":[\"https:\\\/\\\/elsupermercadomedicopr.com\\\/product\\\/band-aid-antiseptic-cleansing-liquid-solution-for-wounds-and-pain-relief-6oz\\\/\"]}]},{\"@type\":\"ImageObject\",\"inLanguage\":\"es\",\"@id\":\"https:\\\/\\\/elsupermercadomedicopr.com\\\/product\\\/band-aid-antiseptic-cleansing-liquid-solution-for-wounds-and-pain-relief-6oz\\\/#primaryimage\",\"url\":\"https:\\\/\\\/elsupermercadomedicopr.com\\\/wp-content\\\/uploads\\\/2025\\\/11\\\/image_2025-11-02_145513504.png\",\"contentUrl\":\"https:\\\/\\\/elsupermercadomedicopr.com\\\/wp-content\\\/uploads\\\/2025\\\/11\\\/image_2025-11-02_145513504.png\",\"width\":640,\"height\":640},{\"@type\":\"BreadcrumbList\",\"@id\":\"https:\\\/\\\/elsupermercadomedicopr.com\\\/product\\\/band-aid-antiseptic-cleansing-liquid-solution-for-wounds-and-pain-relief-6oz\\\/#breadcrumb\",\"itemListElement\":[{\"@type\":\"ListItem\",\"position\":1,\"name\":\"Home\",\"item\":\"https:\\\/\\\/elsupermercadomedicopr.com\\\/\"},{\"@type\":\"ListItem\",\"position\":2,\"name\":\"Shop\",\"item\":\"https:\\\/\\\/elsupermercadomedicopr.com\\\/shop\\\/\"},{\"@type\":\"ListItem\",\"position\":3,\"name\":\"BAND-AID\u00ae Brand Antiseptic Cleansing Liquid Solution for Wounds and Pain Relief \u2013 6 fl oz\"}]},{\"@type\":\"WebSite\",\"@id\":\"http:\\\/\\\/elsupermercadomedicopr.com\\\/#website\",\"url\":\"http:\\\/\\\/elsupermercadomedicopr.com\\\/\",\"name\":\"El Supermercado Medico\",\"description\":\"Tu alternativa en equipos m\u00e9dicos, sirviendo al profesional de la salud y al paciente convaleciente.\",\"publisher\":{\"@id\":\"http:\\\/\\\/elsupermercadomedicopr.com\\\/#organization\"},\"potentialAction\":[{\"@type\":\"SearchAction\",\"target\":{\"@type\":\"EntryPoint\",\"urlTemplate\":\"http:\\\/\\\/elsupermercadomedicopr.com\\\/?s={search_term_string}\"},\"query-input\":{\"@type\":\"PropertyValueSpecification\",\"valueRequired\":true,\"valueName\":\"search_term_string\"}}],\"inLanguage\":\"es\"},{\"@type\":\"Organization\",\"@id\":\"http:\\\/\\\/elsupermercadomedicopr.com\\\/#organization\",\"name\":\"El Supermercado Medico, Inc.\",\"url\":\"http:\\\/\\\/elsupermercadomedicopr.com\\\/\",\"logo\":{\"@type\":\"ImageObject\",\"inLanguage\":\"es\",\"@id\":\"http:\\\/\\\/elsupermercadomedicopr.com\\\/#\\\/schema\\\/logo\\\/image\\\/\",\"url\":\"https:\\\/\\\/elsupermercadomedicopr.com\\\/wp-content\\\/uploads\\\/2025\\\/11\\\/cropped-Untitled-design-5.png\",\"contentUrl\":\"https:\\\/\\\/elsupermercadomedicopr.com\\\/wp-content\\\/uploads\\\/2025\\\/11\\\/cropped-Untitled-design-5.png\",\"width\":512,\"height\":512,\"caption\":\"El Supermercado Medico, Inc.\"},\"image\":{\"@id\":\"http:\\\/\\\/elsupermercadomedicopr.com\\\/#\\\/schema\\\/logo\\\/image\\\/\"},\"sameAs\":[\"https:\\\/\\\/www.facebook.com\\\/elsupermercadomedico\"]}]}<\/script>\n<!-- \/ Yoast SEO plugin. -->","yoast_head_json":{"title":"BAND-AID\u00ae Brand Antiseptic Cleansing Liquid Solution for Wounds and Pain Relief \u2013 6 fl oz &#8211; El Supermercado Medico","description":"BAND-AID\u00ae Antiseptic Cleansing Liquid Solution 6 oz. Limpia y alivia cortes y quemaduras con lidoca\u00edna. Mata 99.99% de g\u00e9rmenes. Ideal para primeros auxilios.","robots":{"index":"index","follow":"follow","max-snippet":"max-snippet:-1","max-image-preview":"max-image-preview:large","max-video-preview":"max-video-preview:-1"},"canonical":"https:\/\/elsupermercadomedicopr.com\/es\/product\/band-aid-antiseptic-cleansing-liquid-solution-for-wounds-and-pain-relief-6oz\/","og_locale":"es_ES","og_type":"article","og_title":"BAND-AID\u00ae Brand Antiseptic Cleansing Liquid Solution for Wounds and Pain Relief \u2013 6 fl oz &#8211; El Supermercado Medico","og_description":"BAND-AID\u00ae Antiseptic Cleansing Liquid Solution 6 oz. Limpia y alivia cortes y quemaduras con lidoca\u00edna. Mata 99.99% de g\u00e9rmenes. Ideal para primeros auxilios.","og_url":"https:\/\/elsupermercadomedicopr.com\/es\/product\/band-aid-antiseptic-cleansing-liquid-solution-for-wounds-and-pain-relief-6oz\/","og_site_name":"El Supermercado Medico","article_publisher":"https:\/\/www.facebook.com\/elsupermercadomedico","article_modified_time":"2025-11-20T04:16:06+00:00","og_image":[{"width":640,"height":640,"url":"https:\/\/elsupermercadomedicopr.com\/wp-content\/uploads\/2025\/11\/image_2025-11-02_145513504.png","type":"image\/png"}],"twitter_card":"summary_large_image","twitter_misc":{"Est. reading time":"2 minutos"},"schema":{"@context":"https:\/\/schema.org","@graph":[{"@type":"WebPage","@id":"https:\/\/elsupermercadomedicopr.com\/product\/band-aid-antiseptic-cleansing-liquid-solution-for-wounds-and-pain-relief-6oz\/","url":"https:\/\/elsupermercadomedicopr.com\/product\/band-aid-antiseptic-cleansing-liquid-solution-for-wounds-and-pain-relief-6oz\/","name":"BAND-AID\u00ae Brand Antiseptic Cleansing Liquid Solution for Wounds and Pain Relief \u2013 6 fl oz &#8211; El Supermercado Medico","isPartOf":{"@id":"http:\/\/elsupermercadomedicopr.com\/#website"},"primaryImageOfPage":{"@id":"https:\/\/elsupermercadomedicopr.com\/product\/band-aid-antiseptic-cleansing-liquid-solution-for-wounds-and-pain-relief-6oz\/#primaryimage"},"image":{"@id":"https:\/\/elsupermercadomedicopr.com\/product\/band-aid-antiseptic-cleansing-liquid-solution-for-wounds-and-pain-relief-6oz\/#primaryimage"},"thumbnailUrl":"https:\/\/elsupermercadomedicopr.com\/wp-content\/uploads\/2025\/11\/image_2025-11-02_145513504.png","datePublished":"2025-11-02T18:57:13+00:00","dateModified":"2025-11-20T04:16:06+00:00","description":"BAND-AID\u00ae Antiseptic Cleansing Liquid Solution 6 oz. Limpia y alivia cortes y quemaduras con lidoca\u00edna. Mata 99.99% de g\u00e9rmenes. Ideal para primeros auxilios.","breadcrumb":{"@id":"https:\/\/elsupermercadomedicopr.com\/product\/band-aid-antiseptic-cleansing-liquid-solution-for-wounds-and-pain-relief-6oz\/#breadcrumb"},"inLanguage":"es","potentialAction":[{"@type":"ReadAction","target":["https:\/\/elsupermercadomedicopr.com\/product\/band-aid-antiseptic-cleansing-liquid-solution-for-wounds-and-pain-relief-6oz\/"]}]},{"@type":"ImageObject","inLanguage":"es","@id":"https:\/\/elsupermercadomedicopr.com\/product\/band-aid-antiseptic-cleansing-liquid-solution-for-wounds-and-pain-relief-6oz\/#primaryimage","url":"https:\/\/elsupermercadomedicopr.com\/wp-content\/uploads\/2025\/11\/image_2025-11-02_145513504.png","contentUrl":"https:\/\/elsupermercadomedicopr.com\/wp-content\/uploads\/2025\/11\/image_2025-11-02_145513504.png","width":640,"height":640},{"@type":"BreadcrumbList","@id":"https:\/\/elsupermercadomedicopr.com\/product\/band-aid-antiseptic-cleansing-liquid-solution-for-wounds-and-pain-relief-6oz\/#breadcrumb","itemListElement":[{"@type":"ListItem","position":1,"name":"Home","item":"https:\/\/elsupermercadomedicopr.com\/"},{"@type":"ListItem","position":2,"name":"Shop","item":"https:\/\/elsupermercadomedicopr.com\/shop\/"},{"@type":"ListItem","position":3,"name":"BAND-AID\u00ae Brand Antiseptic Cleansing Liquid Solution for Wounds and Pain Relief \u2013 6 fl oz"}]},{"@type":"WebSite","@id":"http:\/\/elsupermercadomedicopr.com\/#website","url":"http:\/\/elsupermercadomedicopr.com\/","name":"El Supermercado Medico","description":"Tu alternativa en equipos m\u00e9dicos, sirviendo al profesional de la salud y al paciente convaleciente.","publisher":{"@id":"http:\/\/elsupermercadomedicopr.com\/#organization"},"potentialAction":[{"@type":"SearchAction","target":{"@type":"EntryPoint","urlTemplate":"http:\/\/elsupermercadomedicopr.com\/?s={search_term_string}"},"query-input":{"@type":"PropertyValueSpecification","valueRequired":true,"valueName":"search_term_string"}}],"inLanguage":"es"},{"@type":"Organization","@id":"http:\/\/elsupermercadomedicopr.com\/#organization","name":"El Supermercado Medico, Inc.","url":"http:\/\/elsupermercadomedicopr.com\/","logo":{"@type":"ImageObject","inLanguage":"es","@id":"http:\/\/elsupermercadomedicopr.com\/#\/schema\/logo\/image\/","url":"https:\/\/elsupermercadomedicopr.com\/wp-content\/uploads\/2025\/11\/cropped-Untitled-design-5.png","contentUrl":"https:\/\/elsupermercadomedicopr.com\/wp-content\/uploads\/2025\/11\/cropped-Untitled-design-5.png","width":512,"height":512,"caption":"El Supermercado Medico, Inc."},"image":{"@id":"http:\/\/elsupermercadomedicopr.com\/#\/schema\/logo\/image\/"},"sameAs":["https:\/\/www.facebook.com\/elsupermercadomedico"]}]}},"_links":{"self":[{"href":"https:\/\/elsupermercadomedicopr.com\/es\/wp-json\/wp\/v2\/product\/1102","targetHints":{"allow":["GET"]}}],"collection":[{"href":"https:\/\/elsupermercadomedicopr.com\/es\/wp-json\/wp\/v2\/product"}],"about":[{"href":"https:\/\/elsupermercadomedicopr.com\/es\/wp-json\/wp\/v2\/types\/product"}],"wp:featuredmedia":[{"embeddable":true,"href":"https:\/\/elsupermercadomedicopr.com\/es\/wp-json\/wp\/v2\/media\/1103"}],"wp:attachment":[{"href":"https:\/\/elsupermercadomedicopr.com\/es\/wp-json\/wp\/v2\/media?parent=1102"}],"wp:term":[{"taxonomy":"product_brand","embeddable":true,"href":"https:\/\/elsupermercadomedicopr.com\/es\/wp-json\/wp\/v2\/product_brand?post=1102"},{"taxonomy":"product_cat","embeddable":true,"href":"https:\/\/elsupermercadomedicopr.com\/es\/wp-json\/wp\/v2\/product_cat?post=1102"},{"taxonomy":"product_tag","embeddable":true,"href":"https:\/\/elsupermercadomedicopr.com\/es\/wp-json\/wp\/v2\/product_tag?post=1102"}],"curies":[{"name":"wp","href":"https:\/\/api.w.org\/{rel}","templated":true}]}}