{"id":1091,"date":"2025-11-02T18:51:34","date_gmt":"2025-11-02T18:51:34","guid":{"rendered":"https:\/\/elsupermercadomedicopr.com\/?post_type=product&#038;p=1091"},"modified":"2025-11-20T04:16:11","modified_gmt":"2025-11-20T04:16:11","slug":"quality-choice-miconazole-2-percent-antifungal-talc-free-powder-spray-4-6oz-qc95253","status":"publish","type":"product","link":"https:\/\/elsupermercadomedicopr.com\/es\/product\/quality-choice-miconazole-2-percent-antifungal-talc-free-powder-spray-4-6oz-qc95253\/","title":{"rendered":"Quality Choice Miconazole 2% Antifungal Talc-Free Powder Spray \u2013 4.6 oz (QC95253)"},"content":{"rendered":"<p data-start=\"745\" data-end=\"1077\">El <strong data-start=\"796\" data-end=\"880\">Quality Choice Miconazole 2% Antifungal Talc-Free Powder Spray (4.6 oz, QC95253)<\/strong> ofrece una <strong data-start=\"892\" data-end=\"926\">protecci\u00f3n antif\u00fangica potente<\/strong> para tratar y aliviar los s\u00edntomas del <strong data-start=\"966\" data-end=\"997\">pie de atleta (tinea pedis)<\/strong>, la <strong data-start=\"1002\" data-end=\"1036\">ti\u00f1a corporal (tinea corporis)<\/strong> y la <strong data-start=\"1042\" data-end=\"1074\">ti\u00f1a inguinal (tinea cruris)<\/strong>.<\/p>\n<p data-start=\"1079\" data-end=\"1415\">Su f\u00f3rmula con <strong data-start=\"1094\" data-end=\"1113\">miconazol al 2%<\/strong>, cl\u00ednicamente probada, <strong data-start=\"1137\" data-end=\"1185\">elimina los hongos causantes de la infecci\u00f3n<\/strong> mientras proporciona un <strong data-start=\"1210\" data-end=\"1279\">alivio r\u00e1pido del ardor, la picaz\u00f3n y el agrietamiento de la piel<\/strong>.<br data-start=\"1280\" data-end=\"1283\" \/>Libre de talco, este spray antif\u00fangico es ideal para <strong data-start=\"1336\" data-end=\"1385\">mantener los pies frescos, secos y protegidos<\/strong>, sin residuos polvorientos.<\/p>\n<p data-start=\"1417\" data-end=\"1446\"><strong data-start=\"1417\" data-end=\"1444\">Beneficios principales:<\/strong><\/p>\n<ul data-start=\"1447\" data-end=\"1840\">\n<li data-start=\"1447\" data-end=\"1542\">\n<p data-start=\"1449\" data-end=\"1542\"><strong data-start=\"1449\" data-end=\"1499\">Cura la mayor\u00eda de las infecciones por hongos:<\/strong> pie de atleta, ti\u00f1a corporal e inguinal.<\/p>\n<\/li>\n<li data-start=\"1543\" data-end=\"1603\">\n<p data-start=\"1545\" data-end=\"1603\"><strong data-start=\"1545\" data-end=\"1601\">Alivia s\u00edntomas como picaz\u00f3n, ardor y agrietamiento.<\/strong><\/p>\n<\/li>\n<li data-start=\"1604\" data-end=\"1662\">\n<p data-start=\"1606\" data-end=\"1662\"><strong data-start=\"1606\" data-end=\"1627\">F\u00f3rmula sin talco<\/strong> para un uso m\u00e1s limpio y seguro.<\/p>\n<\/li>\n<li data-start=\"1663\" data-end=\"1714\">\n<p data-start=\"1665\" data-end=\"1714\"><strong data-start=\"1665\" data-end=\"1712\">Comparables con Lotrimin\u00ae Antifungal Spray.<\/strong><\/p>\n<\/li>\n<li data-start=\"1715\" data-end=\"1785\">\n<p data-start=\"1717\" data-end=\"1785\"><strong data-start=\"1717\" data-end=\"1750\">Aplicaci\u00f3n pr\u00e1ctica en spray:<\/strong> r\u00e1pida, uniforme y sin contacto.<\/p>\n<\/li>\n<li data-start=\"1786\" data-end=\"1840\">\n<p data-start=\"1788\" data-end=\"1840\"><strong data-start=\"1788\" data-end=\"1812\">Apta para uso diario<\/strong> en pies, ingles y cuerpo.<\/p>\n<\/li>\n<\/ul>\n<p data-start=\"1842\" data-end=\"1860\"><strong data-start=\"1842\" data-end=\"1858\">Modo de uso:<\/strong><\/p>\n<ol data-start=\"1861\" data-end=\"2154\">\n<li data-start=\"1861\" data-end=\"1920\">\n<p data-start=\"1864\" data-end=\"1920\">Limpie y seque bien el \u00e1rea afectada antes de aplicar.<\/p>\n<\/li>\n<li data-start=\"1921\" data-end=\"1947\">\n<p data-start=\"1924\" data-end=\"1947\">Agite bien el envase.<\/p>\n<\/li>\n<li data-start=\"1948\" data-end=\"2030\">\n<p data-start=\"1951\" data-end=\"2030\">Roc\u00ede una capa fina sobre el \u00e1rea afectada dos veces al d\u00eda (ma\u00f1ana y noche).<\/p>\n<\/li>\n<li data-start=\"2031\" data-end=\"2154\">\n<p data-start=\"2034\" data-end=\"2154\">Contin\u00fae el tratamiento durante una o dos semanas despu\u00e9s de la desaparici\u00f3n de los s\u00edntomas para evitar recurrencias.<\/p>\n<\/li>\n<\/ol>\n<p data-start=\"2156\" data-end=\"2179\"><strong data-start=\"2156\" data-end=\"2177\">Especificaciones:<\/strong><\/p>\n<ul data-start=\"2180\" data-end=\"2521\">\n<li data-start=\"2180\" data-end=\"2206\">\n<p data-start=\"2182\" data-end=\"2206\">Marca: Quality Choice\u00ae<\/p>\n<\/li>\n<li data-start=\"2207\" data-end=\"2226\">\n<p data-start=\"2209\" data-end=\"2226\">Modelo: QC95253<\/p>\n<\/li>\n<li data-start=\"2227\" data-end=\"2263\">\n<p data-start=\"2229\" data-end=\"2263\">Tipo: Spray antif\u00fangico en polvo<\/p>\n<\/li>\n<li data-start=\"2264\" data-end=\"2309\">\n<p data-start=\"2266\" data-end=\"2309\">Ingrediente activo: Miconazole Nitrate 2%<\/p>\n<\/li>\n<li data-start=\"2310\" data-end=\"2339\">\n<p data-start=\"2312\" data-end=\"2339\">Contenido: 4.6 oz (130 g)<\/p>\n<\/li>\n<li data-start=\"2340\" data-end=\"2380\">\n<p data-start=\"2342\" data-end=\"2380\">Libre de: Talco y fragancias fuertes<\/p>\n<\/li>\n<li data-start=\"2381\" data-end=\"2435\">\n<p data-start=\"2383\" data-end=\"2435\">Comparables con: Lotrimin\u00ae Antifungal Powder Spray<\/p>\n<\/li>\n<li data-start=\"2436\" data-end=\"2459\">\n<p data-start=\"2438\" data-end=\"2459\">Aplicaci\u00f3n: Externa<\/p>\n<\/li>\n<li data-start=\"2460\" data-end=\"2521\">\n<p data-start=\"2462\" data-end=\"2521\">Prop\u00f3sito: Tratamiento y alivio de infecciones por hongos<\/p>\n<\/li>\n<\/ul>","protected":false},"excerpt":{"rendered":"<p data-start=\"500\" data-end=\"743\">Spray antif\u00fangico en polvo Quality Choice Miconazole 2%, 4.6 oz. Cura el pie de atleta, la ti\u00f1a y la picaz\u00f3n inguinal. F\u00f3rmula sin talco que alivia ardor, picaz\u00f3n y agrietamiento. Comparable con Lotrimin\u00ae.<\/p>\n<p data-start=\"745\" data-end=\"1077\">","protected":false},"featured_media":1092,"template":"","meta":[],"product_brand":[51],"product_cat":[15],"product_tag":[],"class_list":{"0":"post-1091","1":"product","2":"type-product","3":"status-publish","4":"has-post-thumbnail","6":"product_brand-quality-choice","7":"product_cat-cuidado_personal","9":"first","10":"instock","11":"taxable","12":"shipping-taxable","13":"purchasable","14":"product-type-simple"},"yoast_head":"<!-- This site is optimized with the Yoast SEO plugin v27.4 - https:\/\/yoast.com\/product\/yoast-seo-wordpress\/ -->\n<title>Quality Choice Miconazole 2% Antifungal Talc-Free Powder Spray \u2013 4.6 oz (QC95253) &#8211; El Supermercado Medico<\/title>\n<meta name=\"description\" content=\"Quality Choice Miconazole 2% Antifungal Talc-Free Powder Spray 4.6 oz. Cura pie de atleta, ti\u00f1a y picaz\u00f3n inguinal. Sin talco, alivia picor, ardor y grietas.\" \/>\n<meta name=\"robots\" content=\"index, follow, max-snippet:-1, max-image-preview:large, max-video-preview:-1\" \/>\n<link rel=\"canonical\" href=\"https:\/\/elsupermercadomedicopr.com\/es\/product\/quality-choice-miconazole-2-percent-antifungal-talc-free-powder-spray-4-6oz-qc95253\/\" \/>\n<meta property=\"og:locale\" content=\"es_ES\" \/>\n<meta property=\"og:type\" content=\"article\" \/>\n<meta property=\"og:title\" content=\"Quality Choice Miconazole 2% Antifungal Talc-Free Powder Spray \u2013 4.6 oz (QC95253) &#8211; El Supermercado Medico\" \/>\n<meta property=\"og:description\" content=\"Quality Choice Miconazole 2% Antifungal Talc-Free Powder Spray 4.6 oz. Cura pie de atleta, ti\u00f1a y picaz\u00f3n inguinal. Sin talco, alivia picor, ardor y grietas.\" \/>\n<meta property=\"og:url\" content=\"https:\/\/elsupermercadomedicopr.com\/es\/product\/quality-choice-miconazole-2-percent-antifungal-talc-free-powder-spray-4-6oz-qc95253\/\" \/>\n<meta property=\"og:site_name\" content=\"El Supermercado Medico\" \/>\n<meta property=\"article:publisher\" content=\"https:\/\/www.facebook.com\/elsupermercadomedico\" \/>\n<meta property=\"article:modified_time\" content=\"2025-11-20T04:16:11+00:00\" \/>\n<meta property=\"og:image\" content=\"https:\/\/elsupermercadomedicopr.com\/wp-content\/uploads\/2025\/11\/image_2025-11-02_145015402.png\" \/>\n\t<meta property=\"og:image:width\" content=\"600\" \/>\n\t<meta property=\"og:image:height\" content=\"600\" \/>\n\t<meta property=\"og:image:type\" content=\"image\/png\" \/>\n<meta name=\"twitter:card\" content=\"summary_large_image\" \/>\n<meta name=\"twitter:label1\" content=\"Est. reading time\" \/>\n\t<meta name=\"twitter:data1\" content=\"2 minutos\" \/>\n<script type=\"application\/ld+json\" class=\"yoast-schema-graph\">{\"@context\":\"https:\\\/\\\/schema.org\",\"@graph\":[{\"@type\":\"WebPage\",\"@id\":\"https:\\\/\\\/elsupermercadomedicopr.com\\\/product\\\/quality-choice-miconazole-2-percent-antifungal-talc-free-powder-spray-4-6oz-qc95253\\\/\",\"url\":\"https:\\\/\\\/elsupermercadomedicopr.com\\\/product\\\/quality-choice-miconazole-2-percent-antifungal-talc-free-powder-spray-4-6oz-qc95253\\\/\",\"name\":\"Quality Choice Miconazole 2% Antifungal Talc-Free Powder Spray \u2013 4.6 oz (QC95253) &#8211; El Supermercado Medico\",\"isPartOf\":{\"@id\":\"http:\\\/\\\/elsupermercadomedicopr.com\\\/#website\"},\"primaryImageOfPage\":{\"@id\":\"https:\\\/\\\/elsupermercadomedicopr.com\\\/product\\\/quality-choice-miconazole-2-percent-antifungal-talc-free-powder-spray-4-6oz-qc95253\\\/#primaryimage\"},\"image\":{\"@id\":\"https:\\\/\\\/elsupermercadomedicopr.com\\\/product\\\/quality-choice-miconazole-2-percent-antifungal-talc-free-powder-spray-4-6oz-qc95253\\\/#primaryimage\"},\"thumbnailUrl\":\"https:\\\/\\\/elsupermercadomedicopr.com\\\/wp-content\\\/uploads\\\/2025\\\/11\\\/image_2025-11-02_145015402.png\",\"datePublished\":\"2025-11-02T18:51:34+00:00\",\"dateModified\":\"2025-11-20T04:16:11+00:00\",\"description\":\"Quality Choice Miconazole 2% Antifungal Talc-Free Powder Spray 4.6 oz. Cura pie de atleta, ti\u00f1a y picaz\u00f3n inguinal. Sin talco, alivia picor, ardor y grietas.\",\"breadcrumb\":{\"@id\":\"https:\\\/\\\/elsupermercadomedicopr.com\\\/product\\\/quality-choice-miconazole-2-percent-antifungal-talc-free-powder-spray-4-6oz-qc95253\\\/#breadcrumb\"},\"inLanguage\":\"es\",\"potentialAction\":[{\"@type\":\"ReadAction\",\"target\":[\"https:\\\/\\\/elsupermercadomedicopr.com\\\/product\\\/quality-choice-miconazole-2-percent-antifungal-talc-free-powder-spray-4-6oz-qc95253\\\/\"]}]},{\"@type\":\"ImageObject\",\"inLanguage\":\"es\",\"@id\":\"https:\\\/\\\/elsupermercadomedicopr.com\\\/product\\\/quality-choice-miconazole-2-percent-antifungal-talc-free-powder-spray-4-6oz-qc95253\\\/#primaryimage\",\"url\":\"https:\\\/\\\/elsupermercadomedicopr.com\\\/wp-content\\\/uploads\\\/2025\\\/11\\\/image_2025-11-02_145015402.png\",\"contentUrl\":\"https:\\\/\\\/elsupermercadomedicopr.com\\\/wp-content\\\/uploads\\\/2025\\\/11\\\/image_2025-11-02_145015402.png\",\"width\":600,\"height\":600},{\"@type\":\"BreadcrumbList\",\"@id\":\"https:\\\/\\\/elsupermercadomedicopr.com\\\/product\\\/quality-choice-miconazole-2-percent-antifungal-talc-free-powder-spray-4-6oz-qc95253\\\/#breadcrumb\",\"itemListElement\":[{\"@type\":\"ListItem\",\"position\":1,\"name\":\"Home\",\"item\":\"https:\\\/\\\/elsupermercadomedicopr.com\\\/\"},{\"@type\":\"ListItem\",\"position\":2,\"name\":\"Shop\",\"item\":\"https:\\\/\\\/elsupermercadomedicopr.com\\\/shop\\\/\"},{\"@type\":\"ListItem\",\"position\":3,\"name\":\"Quality Choice Miconazole 2% Antifungal Talc-Free Powder Spray \u2013 4.6 oz (QC95253)\"}]},{\"@type\":\"WebSite\",\"@id\":\"http:\\\/\\\/elsupermercadomedicopr.com\\\/#website\",\"url\":\"http:\\\/\\\/elsupermercadomedicopr.com\\\/\",\"name\":\"El Supermercado Medico\",\"description\":\"Tu alternativa en equipos m\u00e9dicos, sirviendo al profesional de la salud y al paciente convaleciente.\",\"publisher\":{\"@id\":\"http:\\\/\\\/elsupermercadomedicopr.com\\\/#organization\"},\"potentialAction\":[{\"@type\":\"SearchAction\",\"target\":{\"@type\":\"EntryPoint\",\"urlTemplate\":\"http:\\\/\\\/elsupermercadomedicopr.com\\\/?s={search_term_string}\"},\"query-input\":{\"@type\":\"PropertyValueSpecification\",\"valueRequired\":true,\"valueName\":\"search_term_string\"}}],\"inLanguage\":\"es\"},{\"@type\":\"Organization\",\"@id\":\"http:\\\/\\\/elsupermercadomedicopr.com\\\/#organization\",\"name\":\"El Supermercado Medico, Inc.\",\"url\":\"http:\\\/\\\/elsupermercadomedicopr.com\\\/\",\"logo\":{\"@type\":\"ImageObject\",\"inLanguage\":\"es\",\"@id\":\"http:\\\/\\\/elsupermercadomedicopr.com\\\/#\\\/schema\\\/logo\\\/image\\\/\",\"url\":\"https:\\\/\\\/elsupermercadomedicopr.com\\\/wp-content\\\/uploads\\\/2025\\\/11\\\/cropped-Untitled-design-5.png\",\"contentUrl\":\"https:\\\/\\\/elsupermercadomedicopr.com\\\/wp-content\\\/uploads\\\/2025\\\/11\\\/cropped-Untitled-design-5.png\",\"width\":512,\"height\":512,\"caption\":\"El Supermercado Medico, Inc.\"},\"image\":{\"@id\":\"http:\\\/\\\/elsupermercadomedicopr.com\\\/#\\\/schema\\\/logo\\\/image\\\/\"},\"sameAs\":[\"https:\\\/\\\/www.facebook.com\\\/elsupermercadomedico\"]}]}<\/script>\n<!-- \/ Yoast SEO plugin. -->","yoast_head_json":{"title":"Quality Choice Miconazole 2% Antifungal Talc-Free Powder Spray \u2013 4.6 oz (QC95253) &#8211; El Supermercado Medico","description":"Quality Choice Miconazole 2% Antifungal Talc-Free Powder Spray 4.6 oz. Cura pie de atleta, ti\u00f1a y picaz\u00f3n inguinal. Sin talco, alivia picor, ardor y grietas.","robots":{"index":"index","follow":"follow","max-snippet":"max-snippet:-1","max-image-preview":"max-image-preview:large","max-video-preview":"max-video-preview:-1"},"canonical":"https:\/\/elsupermercadomedicopr.com\/es\/product\/quality-choice-miconazole-2-percent-antifungal-talc-free-powder-spray-4-6oz-qc95253\/","og_locale":"es_ES","og_type":"article","og_title":"Quality Choice Miconazole 2% Antifungal Talc-Free Powder Spray \u2013 4.6 oz (QC95253) &#8211; El Supermercado Medico","og_description":"Quality Choice Miconazole 2% Antifungal Talc-Free Powder Spray 4.6 oz. Cura pie de atleta, ti\u00f1a y picaz\u00f3n inguinal. Sin talco, alivia picor, ardor y grietas.","og_url":"https:\/\/elsupermercadomedicopr.com\/es\/product\/quality-choice-miconazole-2-percent-antifungal-talc-free-powder-spray-4-6oz-qc95253\/","og_site_name":"El Supermercado Medico","article_publisher":"https:\/\/www.facebook.com\/elsupermercadomedico","article_modified_time":"2025-11-20T04:16:11+00:00","og_image":[{"width":600,"height":600,"url":"https:\/\/elsupermercadomedicopr.com\/wp-content\/uploads\/2025\/11\/image_2025-11-02_145015402.png","type":"image\/png"}],"twitter_card":"summary_large_image","twitter_misc":{"Est. reading time":"2 minutos"},"schema":{"@context":"https:\/\/schema.org","@graph":[{"@type":"WebPage","@id":"https:\/\/elsupermercadomedicopr.com\/product\/quality-choice-miconazole-2-percent-antifungal-talc-free-powder-spray-4-6oz-qc95253\/","url":"https:\/\/elsupermercadomedicopr.com\/product\/quality-choice-miconazole-2-percent-antifungal-talc-free-powder-spray-4-6oz-qc95253\/","name":"Quality Choice Miconazole 2% Antifungal Talc-Free Powder Spray \u2013 4.6 oz (QC95253) &#8211; El Supermercado Medico","isPartOf":{"@id":"http:\/\/elsupermercadomedicopr.com\/#website"},"primaryImageOfPage":{"@id":"https:\/\/elsupermercadomedicopr.com\/product\/quality-choice-miconazole-2-percent-antifungal-talc-free-powder-spray-4-6oz-qc95253\/#primaryimage"},"image":{"@id":"https:\/\/elsupermercadomedicopr.com\/product\/quality-choice-miconazole-2-percent-antifungal-talc-free-powder-spray-4-6oz-qc95253\/#primaryimage"},"thumbnailUrl":"https:\/\/elsupermercadomedicopr.com\/wp-content\/uploads\/2025\/11\/image_2025-11-02_145015402.png","datePublished":"2025-11-02T18:51:34+00:00","dateModified":"2025-11-20T04:16:11+00:00","description":"Quality Choice Miconazole 2% Antifungal Talc-Free Powder Spray 4.6 oz. Cura pie de atleta, ti\u00f1a y picaz\u00f3n inguinal. Sin talco, alivia picor, ardor y grietas.","breadcrumb":{"@id":"https:\/\/elsupermercadomedicopr.com\/product\/quality-choice-miconazole-2-percent-antifungal-talc-free-powder-spray-4-6oz-qc95253\/#breadcrumb"},"inLanguage":"es","potentialAction":[{"@type":"ReadAction","target":["https:\/\/elsupermercadomedicopr.com\/product\/quality-choice-miconazole-2-percent-antifungal-talc-free-powder-spray-4-6oz-qc95253\/"]}]},{"@type":"ImageObject","inLanguage":"es","@id":"https:\/\/elsupermercadomedicopr.com\/product\/quality-choice-miconazole-2-percent-antifungal-talc-free-powder-spray-4-6oz-qc95253\/#primaryimage","url":"https:\/\/elsupermercadomedicopr.com\/wp-content\/uploads\/2025\/11\/image_2025-11-02_145015402.png","contentUrl":"https:\/\/elsupermercadomedicopr.com\/wp-content\/uploads\/2025\/11\/image_2025-11-02_145015402.png","width":600,"height":600},{"@type":"BreadcrumbList","@id":"https:\/\/elsupermercadomedicopr.com\/product\/quality-choice-miconazole-2-percent-antifungal-talc-free-powder-spray-4-6oz-qc95253\/#breadcrumb","itemListElement":[{"@type":"ListItem","position":1,"name":"Home","item":"https:\/\/elsupermercadomedicopr.com\/"},{"@type":"ListItem","position":2,"name":"Shop","item":"https:\/\/elsupermercadomedicopr.com\/shop\/"},{"@type":"ListItem","position":3,"name":"Quality Choice Miconazole 2% Antifungal Talc-Free Powder Spray \u2013 4.6 oz (QC95253)"}]},{"@type":"WebSite","@id":"http:\/\/elsupermercadomedicopr.com\/#website","url":"http:\/\/elsupermercadomedicopr.com\/","name":"El Supermercado Medico","description":"Tu alternativa en equipos m\u00e9dicos, sirviendo al profesional de la salud y al paciente convaleciente.","publisher":{"@id":"http:\/\/elsupermercadomedicopr.com\/#organization"},"potentialAction":[{"@type":"SearchAction","target":{"@type":"EntryPoint","urlTemplate":"http:\/\/elsupermercadomedicopr.com\/?s={search_term_string}"},"query-input":{"@type":"PropertyValueSpecification","valueRequired":true,"valueName":"search_term_string"}}],"inLanguage":"es"},{"@type":"Organization","@id":"http:\/\/elsupermercadomedicopr.com\/#organization","name":"El Supermercado Medico, Inc.","url":"http:\/\/elsupermercadomedicopr.com\/","logo":{"@type":"ImageObject","inLanguage":"es","@id":"http:\/\/elsupermercadomedicopr.com\/#\/schema\/logo\/image\/","url":"https:\/\/elsupermercadomedicopr.com\/wp-content\/uploads\/2025\/11\/cropped-Untitled-design-5.png","contentUrl":"https:\/\/elsupermercadomedicopr.com\/wp-content\/uploads\/2025\/11\/cropped-Untitled-design-5.png","width":512,"height":512,"caption":"El Supermercado Medico, Inc."},"image":{"@id":"http:\/\/elsupermercadomedicopr.com\/#\/schema\/logo\/image\/"},"sameAs":["https:\/\/www.facebook.com\/elsupermercadomedico"]}]}},"_links":{"self":[{"href":"https:\/\/elsupermercadomedicopr.com\/es\/wp-json\/wp\/v2\/product\/1091","targetHints":{"allow":["GET"]}}],"collection":[{"href":"https:\/\/elsupermercadomedicopr.com\/es\/wp-json\/wp\/v2\/product"}],"about":[{"href":"https:\/\/elsupermercadomedicopr.com\/es\/wp-json\/wp\/v2\/types\/product"}],"wp:featuredmedia":[{"embeddable":true,"href":"https:\/\/elsupermercadomedicopr.com\/es\/wp-json\/wp\/v2\/media\/1092"}],"wp:attachment":[{"href":"https:\/\/elsupermercadomedicopr.com\/es\/wp-json\/wp\/v2\/media?parent=1091"}],"wp:term":[{"taxonomy":"product_brand","embeddable":true,"href":"https:\/\/elsupermercadomedicopr.com\/es\/wp-json\/wp\/v2\/product_brand?post=1091"},{"taxonomy":"product_cat","embeddable":true,"href":"https:\/\/elsupermercadomedicopr.com\/es\/wp-json\/wp\/v2\/product_cat?post=1091"},{"taxonomy":"product_tag","embeddable":true,"href":"https:\/\/elsupermercadomedicopr.com\/es\/wp-json\/wp\/v2\/product_tag?post=1091"}],"curies":[{"name":"wp","href":"https:\/\/api.w.org\/{rel}","templated":true}]}}