{"id":1082,"date":"2025-11-02T18:44:36","date_gmt":"2025-11-02T18:44:36","guid":{"rendered":"https:\/\/elsupermercadomedicopr.com\/?post_type=product&#038;p=1082"},"modified":"2025-11-20T04:15:54","modified_gmt":"2025-11-20T04:15:54","slug":"quality-choice-tolnaftate-1-percent-antifungal-cream-1oz-qc97529","status":"publish","type":"product","link":"https:\/\/elsupermercadomedicopr.com\/es\/product\/quality-choice-tolnaftate-1-percent-antifungal-cream-1oz-qc97529\/","title":{"rendered":"Quality Choice Tolnaftate 1% Antifungal Cream \u2013 1 oz (QC97529)"},"content":{"rendered":"<p data-start=\"729\" data-end=\"1072\">La <strong data-start=\"780\" data-end=\"845\">Quality Choice Tolnaftate 1% Antifungal Cream (1 oz, QC97529)<\/strong> ofrece un tratamiento eficaz para <strong data-start=\"880\" data-end=\"954\">eliminar hongos y aliviar los s\u00edntomas de infecciones cut\u00e1neas comunes<\/strong>, incluyendo <strong data-start=\"967\" data-end=\"998\">pie de atleta (tinea pedis)<\/strong>, <strong data-start=\"1000\" data-end=\"1032\">ti\u00f1a inguinal (tinea cruris)<\/strong> y <strong data-start=\"1035\" data-end=\"1069\">ti\u00f1a corporal (tinea corporis)<\/strong>.<\/p>\n<p data-start=\"1074\" data-end=\"1370\">Su f\u00f3rmula con <strong data-start=\"1089\" data-end=\"1109\">tolnaftato al 1%<\/strong>, cl\u00ednicamente comprobada, <strong data-start=\"1136\" data-end=\"1168\">cura la mayor\u00eda de los casos<\/strong> de infecciones por hongos y ayuda a <strong data-start=\"1205\" data-end=\"1265\">prevenir la reaparici\u00f3n del pie de atleta con uso diario<\/strong>. Ideal para aliviar <strong data-start=\"1286\" data-end=\"1367\">picaz\u00f3n, ardor, descamaci\u00f3n y molestias entre los dedos o en la piel irritada<\/strong>.<\/p>\n<p data-start=\"1372\" data-end=\"1587\">Esta crema antif\u00fangica es <strong data-start=\"1398\" data-end=\"1441\">inodora, no grasa y de r\u00e1pida absorci\u00f3n<\/strong>, ofreciendo comodidad y eficacia sin residuos.<br data-start=\"1488\" data-end=\"1491\" \/>Es <strong data-start=\"1494\" data-end=\"1528\">comparable con Tinactin\u00ae Cream<\/strong>, brindando los mismos resultados con un excelente valor.<\/p>\n<p data-start=\"1589\" data-end=\"1618\"><strong data-start=\"1589\" data-end=\"1616\">Beneficios principales:<\/strong><\/p>\n<ul data-start=\"1619\" data-end=\"2030\">\n<li data-start=\"1619\" data-end=\"1698\">\n<p data-start=\"1621\" data-end=\"1698\"><strong data-start=\"1621\" data-end=\"1670\">Cura la mayor\u00eda de las infecciones por hongos<\/strong> en pies, ingles y cuerpo.<\/p>\n<\/li>\n<li data-start=\"1699\" data-end=\"1762\">\n<p data-start=\"1701\" data-end=\"1762\"><strong data-start=\"1701\" data-end=\"1726\">Previene recurrencias<\/strong> del pie de atleta con uso diario.<\/p>\n<\/li>\n<li data-start=\"1763\" data-end=\"1807\">\n<p data-start=\"1765\" data-end=\"1807\"><strong data-start=\"1765\" data-end=\"1805\">Alivia picaz\u00f3n, ardor y descamaci\u00f3n.<\/strong><\/p>\n<\/li>\n<li data-start=\"1808\" data-end=\"1869\">\n<p data-start=\"1810\" data-end=\"1869\">F\u00f3rmula <strong data-start=\"1818\" data-end=\"1839\">sin olor ni grasa<\/strong>, ideal para uso prolongado.<\/p>\n<\/li>\n<li data-start=\"1870\" data-end=\"1920\">\n<p data-start=\"1872\" data-end=\"1920\"><strong data-start=\"1872\" data-end=\"1918\">Comparable con Tinactin\u00ae Antifungal Cream.<\/strong><\/p>\n<\/li>\n<li data-start=\"1921\" data-end=\"1992\">\n<p data-start=\"1923\" data-end=\"1992\"><strong data-start=\"1923\" data-end=\"1950\">Cl\u00ednicamente comprobada<\/strong> para resultados visibles en pocos d\u00edas.<\/p>\n<\/li>\n<li data-start=\"1993\" data-end=\"2030\">\n<p data-start=\"1995\" data-end=\"2030\">Apta para <strong data-start=\"2005\" data-end=\"2028\">uso externo diario.<\/strong><\/p>\n<\/li>\n<\/ul>\n<p data-start=\"2032\" data-end=\"2055\"><strong data-start=\"2032\" data-end=\"2053\">Especificaciones:<\/strong><\/p>\n<ul data-start=\"2056\" data-end=\"2548\">\n<li data-start=\"2056\" data-end=\"2082\">\n<p data-start=\"2058\" data-end=\"2082\">Marca: Quality Choice\u00ae<\/p>\n<\/li>\n<li data-start=\"2083\" data-end=\"2102\">\n<p data-start=\"2085\" data-end=\"2102\">Modelo: QC97529<\/p>\n<\/li>\n<li data-start=\"2103\" data-end=\"2151\">\n<p data-start=\"2105\" data-end=\"2151\">Tipo: Crema antif\u00fangica con tolnaftato al 1%<\/p>\n<\/li>\n<li data-start=\"2152\" data-end=\"2191\">\n<p data-start=\"2154\" data-end=\"2191\">Presentaci\u00f3n: Tubo de 1 oz (28.3 g)<\/p>\n<\/li>\n<li data-start=\"2192\" data-end=\"2229\">\n<p data-start=\"2194\" data-end=\"2229\">Ingrediente activo: Tolnaftato 1%<\/p>\n<\/li>\n<li data-start=\"2230\" data-end=\"2275\">\n<p data-start=\"2232\" data-end=\"2275\">Prop\u00f3sito: Tratamiento t\u00f3pico antif\u00fangico<\/p>\n<\/li>\n<li data-start=\"2276\" data-end=\"2337\">\n<p data-start=\"2278\" data-end=\"2337\">Indicaciones: Pie de atleta, ti\u00f1a corporal, ti\u00f1a inguinal<\/p>\n<\/li>\n<li data-start=\"2338\" data-end=\"2382\">\n<p data-start=\"2340\" data-end=\"2382\">Textura: Suave, no grasa y sin fragancia<\/p>\n<\/li>\n<li data-start=\"2383\" data-end=\"2430\">\n<p data-start=\"2385\" data-end=\"2430\">Comparables con: Tinactin\u00ae Antifungal Cream<\/p>\n<\/li>\n<li data-start=\"2431\" data-end=\"2469\">\n<p data-start=\"2433\" data-end=\"2469\">Aplicaci\u00f3n: Externa, de uso diario<\/p>\n<\/li>\n<li data-start=\"2470\" data-end=\"2548\">\n<p data-start=\"2472\" data-end=\"2548\">Advertencia: No usar en u\u00f1as, cuero cabelludo o piel agrietada severamente<\/p>\n<\/li>\n<\/ul>","protected":false},"excerpt":{"rendered":"<p data-start=\"470\" data-end=\"727\">Crema antif\u00fangica Quality Choice Tolnaftate 1%, 1 oz. Cl\u00ednicamente probada para curar el pie de atleta, la ti\u00f1a inguinal y la ti\u00f1a corporal. Alivia la picaz\u00f3n, el ardor y previene recurrencias. Comparable con Tinactin\u00ae.<\/p>\n<p data-start=\"729\" data-end=\"1072\">","protected":false},"featured_media":1083,"template":"","meta":[],"product_brand":[51],"product_cat":[15],"product_tag":[],"class_list":{"0":"post-1082","1":"product","2":"type-product","3":"status-publish","4":"has-post-thumbnail","6":"product_brand-quality-choice","7":"product_cat-cuidado_personal","9":"first","10":"instock","11":"taxable","12":"shipping-taxable","13":"purchasable","14":"product-type-simple"},"yoast_head":"<!-- This site is optimized with the Yoast SEO plugin v27.4 - https:\/\/yoast.com\/product\/yoast-seo-wordpress\/ -->\n<title>Quality Choice Tolnaftate 1% Antifungal Cream \u2013 1 oz (QC97529) &#8211; El Supermercado Medico<\/title>\n<meta name=\"description\" content=\"Quality Choice Tolnaftate 1% Antifungal Cream 1 oz. Cura pie de atleta, ti\u00f1a y hongos. Previene recurrencias y alivia picor y ardor. Comparable con Tinactin\u00ae.\" \/>\n<meta name=\"robots\" content=\"index, follow, max-snippet:-1, max-image-preview:large, max-video-preview:-1\" \/>\n<link rel=\"canonical\" href=\"https:\/\/elsupermercadomedicopr.com\/es\/product\/quality-choice-tolnaftate-1-percent-antifungal-cream-1oz-qc97529\/\" \/>\n<meta property=\"og:locale\" content=\"es_ES\" \/>\n<meta property=\"og:type\" content=\"article\" \/>\n<meta property=\"og:title\" content=\"Quality Choice Tolnaftate 1% Antifungal Cream \u2013 1 oz (QC97529) &#8211; El Supermercado Medico\" \/>\n<meta property=\"og:description\" content=\"Quality Choice Tolnaftate 1% Antifungal Cream 1 oz. Cura pie de atleta, ti\u00f1a y hongos. Previene recurrencias y alivia picor y ardor. Comparable con Tinactin\u00ae.\" \/>\n<meta property=\"og:url\" content=\"https:\/\/elsupermercadomedicopr.com\/es\/product\/quality-choice-tolnaftate-1-percent-antifungal-cream-1oz-qc97529\/\" \/>\n<meta property=\"og:site_name\" content=\"El Supermercado Medico\" \/>\n<meta property=\"article:publisher\" content=\"https:\/\/www.facebook.com\/elsupermercadomedico\" \/>\n<meta property=\"article:modified_time\" content=\"2025-11-20T04:15:54+00:00\" \/>\n<meta property=\"og:image\" content=\"https:\/\/elsupermercadomedicopr.com\/wp-content\/uploads\/2025\/11\/image_2025-11-02_144317073.png\" \/>\n\t<meta property=\"og:image:width\" content=\"600\" \/>\n\t<meta property=\"og:image:height\" content=\"600\" \/>\n\t<meta property=\"og:image:type\" content=\"image\/png\" \/>\n<meta name=\"twitter:card\" content=\"summary_large_image\" \/>\n<meta name=\"twitter:label1\" content=\"Est. reading time\" \/>\n\t<meta name=\"twitter:data1\" content=\"2 minutos\" \/>\n<script type=\"application\/ld+json\" class=\"yoast-schema-graph\">{\"@context\":\"https:\\\/\\\/schema.org\",\"@graph\":[{\"@type\":\"WebPage\",\"@id\":\"https:\\\/\\\/elsupermercadomedicopr.com\\\/product\\\/quality-choice-tolnaftate-1-percent-antifungal-cream-1oz-qc97529\\\/\",\"url\":\"https:\\\/\\\/elsupermercadomedicopr.com\\\/product\\\/quality-choice-tolnaftate-1-percent-antifungal-cream-1oz-qc97529\\\/\",\"name\":\"Quality Choice Tolnaftate 1% Antifungal Cream \u2013 1 oz (QC97529) &#8211; El Supermercado Medico\",\"isPartOf\":{\"@id\":\"http:\\\/\\\/elsupermercadomedicopr.com\\\/#website\"},\"primaryImageOfPage\":{\"@id\":\"https:\\\/\\\/elsupermercadomedicopr.com\\\/product\\\/quality-choice-tolnaftate-1-percent-antifungal-cream-1oz-qc97529\\\/#primaryimage\"},\"image\":{\"@id\":\"https:\\\/\\\/elsupermercadomedicopr.com\\\/product\\\/quality-choice-tolnaftate-1-percent-antifungal-cream-1oz-qc97529\\\/#primaryimage\"},\"thumbnailUrl\":\"https:\\\/\\\/elsupermercadomedicopr.com\\\/wp-content\\\/uploads\\\/2025\\\/11\\\/image_2025-11-02_144317073.png\",\"datePublished\":\"2025-11-02T18:44:36+00:00\",\"dateModified\":\"2025-11-20T04:15:54+00:00\",\"description\":\"Quality Choice Tolnaftate 1% Antifungal Cream 1 oz. Cura pie de atleta, ti\u00f1a y hongos. Previene recurrencias y alivia picor y ardor. Comparable con Tinactin\u00ae.\",\"breadcrumb\":{\"@id\":\"https:\\\/\\\/elsupermercadomedicopr.com\\\/product\\\/quality-choice-tolnaftate-1-percent-antifungal-cream-1oz-qc97529\\\/#breadcrumb\"},\"inLanguage\":\"es\",\"potentialAction\":[{\"@type\":\"ReadAction\",\"target\":[\"https:\\\/\\\/elsupermercadomedicopr.com\\\/product\\\/quality-choice-tolnaftate-1-percent-antifungal-cream-1oz-qc97529\\\/\"]}]},{\"@type\":\"ImageObject\",\"inLanguage\":\"es\",\"@id\":\"https:\\\/\\\/elsupermercadomedicopr.com\\\/product\\\/quality-choice-tolnaftate-1-percent-antifungal-cream-1oz-qc97529\\\/#primaryimage\",\"url\":\"https:\\\/\\\/elsupermercadomedicopr.com\\\/wp-content\\\/uploads\\\/2025\\\/11\\\/image_2025-11-02_144317073.png\",\"contentUrl\":\"https:\\\/\\\/elsupermercadomedicopr.com\\\/wp-content\\\/uploads\\\/2025\\\/11\\\/image_2025-11-02_144317073.png\",\"width\":600,\"height\":600},{\"@type\":\"BreadcrumbList\",\"@id\":\"https:\\\/\\\/elsupermercadomedicopr.com\\\/product\\\/quality-choice-tolnaftate-1-percent-antifungal-cream-1oz-qc97529\\\/#breadcrumb\",\"itemListElement\":[{\"@type\":\"ListItem\",\"position\":1,\"name\":\"Home\",\"item\":\"https:\\\/\\\/elsupermercadomedicopr.com\\\/\"},{\"@type\":\"ListItem\",\"position\":2,\"name\":\"Shop\",\"item\":\"https:\\\/\\\/elsupermercadomedicopr.com\\\/shop\\\/\"},{\"@type\":\"ListItem\",\"position\":3,\"name\":\"Quality Choice Tolnaftate 1% Antifungal Cream \u2013 1 oz (QC97529)\"}]},{\"@type\":\"WebSite\",\"@id\":\"http:\\\/\\\/elsupermercadomedicopr.com\\\/#website\",\"url\":\"http:\\\/\\\/elsupermercadomedicopr.com\\\/\",\"name\":\"El Supermercado Medico\",\"description\":\"Tu alternativa en equipos m\u00e9dicos, sirviendo al profesional de la salud y al paciente convaleciente.\",\"publisher\":{\"@id\":\"http:\\\/\\\/elsupermercadomedicopr.com\\\/#organization\"},\"potentialAction\":[{\"@type\":\"SearchAction\",\"target\":{\"@type\":\"EntryPoint\",\"urlTemplate\":\"http:\\\/\\\/elsupermercadomedicopr.com\\\/?s={search_term_string}\"},\"query-input\":{\"@type\":\"PropertyValueSpecification\",\"valueRequired\":true,\"valueName\":\"search_term_string\"}}],\"inLanguage\":\"es\"},{\"@type\":\"Organization\",\"@id\":\"http:\\\/\\\/elsupermercadomedicopr.com\\\/#organization\",\"name\":\"El Supermercado Medico, Inc.\",\"url\":\"http:\\\/\\\/elsupermercadomedicopr.com\\\/\",\"logo\":{\"@type\":\"ImageObject\",\"inLanguage\":\"es\",\"@id\":\"http:\\\/\\\/elsupermercadomedicopr.com\\\/#\\\/schema\\\/logo\\\/image\\\/\",\"url\":\"https:\\\/\\\/elsupermercadomedicopr.com\\\/wp-content\\\/uploads\\\/2025\\\/11\\\/cropped-Untitled-design-5.png\",\"contentUrl\":\"https:\\\/\\\/elsupermercadomedicopr.com\\\/wp-content\\\/uploads\\\/2025\\\/11\\\/cropped-Untitled-design-5.png\",\"width\":512,\"height\":512,\"caption\":\"El Supermercado Medico, Inc.\"},\"image\":{\"@id\":\"http:\\\/\\\/elsupermercadomedicopr.com\\\/#\\\/schema\\\/logo\\\/image\\\/\"},\"sameAs\":[\"https:\\\/\\\/www.facebook.com\\\/elsupermercadomedico\"]}]}<\/script>\n<!-- \/ Yoast SEO plugin. -->","yoast_head_json":{"title":"Quality Choice Tolnaftate 1% Antifungal Cream \u2013 1 oz (QC97529) &#8211; El Supermercado Medico","description":"Quality Choice Tolnaftate 1% Antifungal Cream 1 oz. Cura pie de atleta, ti\u00f1a y hongos. Previene recurrencias y alivia picor y ardor. Comparable con Tinactin\u00ae.","robots":{"index":"index","follow":"follow","max-snippet":"max-snippet:-1","max-image-preview":"max-image-preview:large","max-video-preview":"max-video-preview:-1"},"canonical":"https:\/\/elsupermercadomedicopr.com\/es\/product\/quality-choice-tolnaftate-1-percent-antifungal-cream-1oz-qc97529\/","og_locale":"es_ES","og_type":"article","og_title":"Quality Choice Tolnaftate 1% Antifungal Cream \u2013 1 oz (QC97529) &#8211; El Supermercado Medico","og_description":"Quality Choice Tolnaftate 1% Antifungal Cream 1 oz. Cura pie de atleta, ti\u00f1a y hongos. Previene recurrencias y alivia picor y ardor. Comparable con Tinactin\u00ae.","og_url":"https:\/\/elsupermercadomedicopr.com\/es\/product\/quality-choice-tolnaftate-1-percent-antifungal-cream-1oz-qc97529\/","og_site_name":"El Supermercado Medico","article_publisher":"https:\/\/www.facebook.com\/elsupermercadomedico","article_modified_time":"2025-11-20T04:15:54+00:00","og_image":[{"width":600,"height":600,"url":"https:\/\/elsupermercadomedicopr.com\/wp-content\/uploads\/2025\/11\/image_2025-11-02_144317073.png","type":"image\/png"}],"twitter_card":"summary_large_image","twitter_misc":{"Est. reading time":"2 minutos"},"schema":{"@context":"https:\/\/schema.org","@graph":[{"@type":"WebPage","@id":"https:\/\/elsupermercadomedicopr.com\/product\/quality-choice-tolnaftate-1-percent-antifungal-cream-1oz-qc97529\/","url":"https:\/\/elsupermercadomedicopr.com\/product\/quality-choice-tolnaftate-1-percent-antifungal-cream-1oz-qc97529\/","name":"Quality Choice Tolnaftate 1% Antifungal Cream \u2013 1 oz (QC97529) &#8211; El Supermercado Medico","isPartOf":{"@id":"http:\/\/elsupermercadomedicopr.com\/#website"},"primaryImageOfPage":{"@id":"https:\/\/elsupermercadomedicopr.com\/product\/quality-choice-tolnaftate-1-percent-antifungal-cream-1oz-qc97529\/#primaryimage"},"image":{"@id":"https:\/\/elsupermercadomedicopr.com\/product\/quality-choice-tolnaftate-1-percent-antifungal-cream-1oz-qc97529\/#primaryimage"},"thumbnailUrl":"https:\/\/elsupermercadomedicopr.com\/wp-content\/uploads\/2025\/11\/image_2025-11-02_144317073.png","datePublished":"2025-11-02T18:44:36+00:00","dateModified":"2025-11-20T04:15:54+00:00","description":"Quality Choice Tolnaftate 1% Antifungal Cream 1 oz. Cura pie de atleta, ti\u00f1a y hongos. Previene recurrencias y alivia picor y ardor. Comparable con Tinactin\u00ae.","breadcrumb":{"@id":"https:\/\/elsupermercadomedicopr.com\/product\/quality-choice-tolnaftate-1-percent-antifungal-cream-1oz-qc97529\/#breadcrumb"},"inLanguage":"es","potentialAction":[{"@type":"ReadAction","target":["https:\/\/elsupermercadomedicopr.com\/product\/quality-choice-tolnaftate-1-percent-antifungal-cream-1oz-qc97529\/"]}]},{"@type":"ImageObject","inLanguage":"es","@id":"https:\/\/elsupermercadomedicopr.com\/product\/quality-choice-tolnaftate-1-percent-antifungal-cream-1oz-qc97529\/#primaryimage","url":"https:\/\/elsupermercadomedicopr.com\/wp-content\/uploads\/2025\/11\/image_2025-11-02_144317073.png","contentUrl":"https:\/\/elsupermercadomedicopr.com\/wp-content\/uploads\/2025\/11\/image_2025-11-02_144317073.png","width":600,"height":600},{"@type":"BreadcrumbList","@id":"https:\/\/elsupermercadomedicopr.com\/product\/quality-choice-tolnaftate-1-percent-antifungal-cream-1oz-qc97529\/#breadcrumb","itemListElement":[{"@type":"ListItem","position":1,"name":"Home","item":"https:\/\/elsupermercadomedicopr.com\/"},{"@type":"ListItem","position":2,"name":"Shop","item":"https:\/\/elsupermercadomedicopr.com\/shop\/"},{"@type":"ListItem","position":3,"name":"Quality Choice Tolnaftate 1% Antifungal Cream \u2013 1 oz (QC97529)"}]},{"@type":"WebSite","@id":"http:\/\/elsupermercadomedicopr.com\/#website","url":"http:\/\/elsupermercadomedicopr.com\/","name":"El Supermercado Medico","description":"Tu alternativa en equipos m\u00e9dicos, sirviendo al profesional de la salud y al paciente convaleciente.","publisher":{"@id":"http:\/\/elsupermercadomedicopr.com\/#organization"},"potentialAction":[{"@type":"SearchAction","target":{"@type":"EntryPoint","urlTemplate":"http:\/\/elsupermercadomedicopr.com\/?s={search_term_string}"},"query-input":{"@type":"PropertyValueSpecification","valueRequired":true,"valueName":"search_term_string"}}],"inLanguage":"es"},{"@type":"Organization","@id":"http:\/\/elsupermercadomedicopr.com\/#organization","name":"El Supermercado Medico, Inc.","url":"http:\/\/elsupermercadomedicopr.com\/","logo":{"@type":"ImageObject","inLanguage":"es","@id":"http:\/\/elsupermercadomedicopr.com\/#\/schema\/logo\/image\/","url":"https:\/\/elsupermercadomedicopr.com\/wp-content\/uploads\/2025\/11\/cropped-Untitled-design-5.png","contentUrl":"https:\/\/elsupermercadomedicopr.com\/wp-content\/uploads\/2025\/11\/cropped-Untitled-design-5.png","width":512,"height":512,"caption":"El Supermercado Medico, Inc."},"image":{"@id":"http:\/\/elsupermercadomedicopr.com\/#\/schema\/logo\/image\/"},"sameAs":["https:\/\/www.facebook.com\/elsupermercadomedico"]}]}},"_links":{"self":[{"href":"https:\/\/elsupermercadomedicopr.com\/es\/wp-json\/wp\/v2\/product\/1082","targetHints":{"allow":["GET"]}}],"collection":[{"href":"https:\/\/elsupermercadomedicopr.com\/es\/wp-json\/wp\/v2\/product"}],"about":[{"href":"https:\/\/elsupermercadomedicopr.com\/es\/wp-json\/wp\/v2\/types\/product"}],"wp:featuredmedia":[{"embeddable":true,"href":"https:\/\/elsupermercadomedicopr.com\/es\/wp-json\/wp\/v2\/media\/1083"}],"wp:attachment":[{"href":"https:\/\/elsupermercadomedicopr.com\/es\/wp-json\/wp\/v2\/media?parent=1082"}],"wp:term":[{"taxonomy":"product_brand","embeddable":true,"href":"https:\/\/elsupermercadomedicopr.com\/es\/wp-json\/wp\/v2\/product_brand?post=1082"},{"taxonomy":"product_cat","embeddable":true,"href":"https:\/\/elsupermercadomedicopr.com\/es\/wp-json\/wp\/v2\/product_cat?post=1082"},{"taxonomy":"product_tag","embeddable":true,"href":"https:\/\/elsupermercadomedicopr.com\/es\/wp-json\/wp\/v2\/product_tag?post=1082"}],"curies":[{"name":"wp","href":"https:\/\/api.w.org\/{rel}","templated":true}]}}