{"id":1060,"date":"2025-11-02T18:28:12","date_gmt":"2025-11-02T18:28:12","guid":{"rendered":"https:\/\/elsupermercadomedicopr.com\/?post_type=product&#038;p=1060"},"modified":"2025-11-20T04:15:55","modified_gmt":"2025-11-20T04:15:55","slug":"quality-choice-triple-antibiotic-ointment-05oz-qc99196","status":"publish","type":"product","link":"https:\/\/elsupermercadomedicopr.com\/es\/product\/quality-choice-triple-antibiotic-ointment-05oz-qc99196\/","title":{"rendered":"Quality Choice Triple Antibiotic Ointment \u2013 0.5 oz (QC99196)"},"content":{"rendered":"<p data-start=\"667\" data-end=\"934\">La <strong data-start=\"718\" data-end=\"781\">Quality Choice Triple Antibiotic Ointment (0.5 oz, QC99196)<\/strong> proporciona una <strong data-start=\"798\" data-end=\"842\">protecci\u00f3n de primeros auxilios efectiva<\/strong> para ayudar a <strong data-start=\"857\" data-end=\"931\">prevenir infecciones en heridas menores, raspaduras y quemaduras leves<\/strong>.<\/p>\n<p data-start=\"936\" data-end=\"1287\">Su f\u00f3rmula combina <strong data-start=\"955\" data-end=\"1026\">tres antibi\u00f3ticos activos \u2014 bacitracina, neomicina y polimixina B \u2014<\/strong> para ofrecer una defensa de amplio espectro contra bacterias comunes que pueden causar infecciones en la piel. Esta pomada forma una <strong data-start=\"1160\" data-end=\"1182\">barrera protectora<\/strong> que mantiene el \u00e1rea afectada limpia y h\u00fameda, favoreciendo una <strong data-start=\"1247\" data-end=\"1284\">cicatrizaci\u00f3n m\u00e1s r\u00e1pida y segura<\/strong>.<\/p>\n<p data-start=\"1289\" data-end=\"1486\">Ideal para tener en el <strong data-start=\"1312\" data-end=\"1345\">botiqu\u00edn de primeros auxilios<\/strong>, tanto en el hogar como en cl\u00ednicas, hospitales o entornos laborales. Una alternativa econ\u00f3mica y confiable <strong data-start=\"1454\" data-end=\"1483\">comparable con Neosporin\u00ae<\/strong>.<\/p>\n<p data-start=\"1488\" data-end=\"1517\"><strong data-start=\"1488\" data-end=\"1515\">Beneficios principales:<\/strong><\/p>\n<ul data-start=\"1518\" data-end=\"1865\">\n<li data-start=\"1518\" data-end=\"1591\">\n<p data-start=\"1520\" data-end=\"1591\"><strong data-start=\"1520\" data-end=\"1544\">Previene infecciones<\/strong> en heridas menores, raspaduras y quemaduras.<\/p>\n<\/li>\n<li data-start=\"1592\" data-end=\"1646\">\n<p data-start=\"1594\" data-end=\"1646\"><strong data-start=\"1594\" data-end=\"1624\">F\u00f3rmula triple antibi\u00f3tica<\/strong> de amplio espectro.<\/p>\n<\/li>\n<li data-start=\"1647\" data-end=\"1723\">\n<p data-start=\"1649\" data-end=\"1723\"><strong data-start=\"1649\" data-end=\"1678\">Favorece la cicatrizaci\u00f3n<\/strong> y protege la piel durante la recuperaci\u00f3n.<\/p>\n<\/li>\n<li data-start=\"1724\" data-end=\"1757\">\n<p data-start=\"1726\" data-end=\"1757\"><strong data-start=\"1726\" data-end=\"1755\">Textura suave y no grasa.<\/strong><\/p>\n<\/li>\n<li data-start=\"1758\" data-end=\"1805\">\n<p data-start=\"1760\" data-end=\"1805\"><strong data-start=\"1760\" data-end=\"1803\">Ideal para uso dom\u00e9stico o profesional.<\/strong><\/p>\n<\/li>\n<li data-start=\"1806\" data-end=\"1865\">\n<p data-start=\"1808\" data-end=\"1865\">Alternativa de confianza <strong data-start=\"1833\" data-end=\"1862\">comparable con Neosporin\u00ae<\/strong>.<\/p>\n<\/li>\n<\/ul>\n<p data-start=\"1867\" data-end=\"1890\"><strong data-start=\"1867\" data-end=\"1888\">Especificaciones:<\/strong><\/p>\n<ul data-start=\"1891\" data-end=\"2266\">\n<li data-start=\"1891\" data-end=\"1917\">\n<p data-start=\"1893\" data-end=\"1917\">Marca: Quality Choice\u00ae<\/p>\n<\/li>\n<li data-start=\"1918\" data-end=\"1937\">\n<p data-start=\"1920\" data-end=\"1937\">Modelo: QC99196<\/p>\n<\/li>\n<li data-start=\"1938\" data-end=\"1966\">\n<p data-start=\"1940\" data-end=\"1966\">Tipo: Pomada antibi\u00f3tica<\/p>\n<\/li>\n<li data-start=\"1967\" data-end=\"2008\">\n<p data-start=\"1969\" data-end=\"2008\">Presentaci\u00f3n: Tubo de 0.5 oz (14.2 g)<\/p>\n<\/li>\n<li data-start=\"2009\" data-end=\"2071\">\n<p data-start=\"2011\" data-end=\"2071\">Ingredientes activos: Bacitracina, Neomicina, Polimixina B<\/p>\n<\/li>\n<li data-start=\"2072\" data-end=\"2121\">\n<p data-start=\"2074\" data-end=\"2121\">Prop\u00f3sito: Prevenci\u00f3n de infecciones cut\u00e1neas<\/p>\n<\/li>\n<li data-start=\"2122\" data-end=\"2164\">\n<p data-start=\"2124\" data-end=\"2164\">Aplicaci\u00f3n: Externa, primeros auxilios<\/p>\n<\/li>\n<li data-start=\"2165\" data-end=\"2197\">\n<p data-start=\"2167\" data-end=\"2197\">Textura: Suave, transparente<\/p>\n<\/li>\n<li data-start=\"2198\" data-end=\"2234\">\n<p data-start=\"2200\" data-end=\"2234\">Libre de: Fragancias y parabenos<\/p>\n<\/li>\n<li data-start=\"2235\" data-end=\"2266\">\n<p data-start=\"2237\" data-end=\"2266\">Comparables con: Neosporin\u00ae<\/p>\n<\/li>\n<\/ul>","protected":false},"excerpt":{"rendered":"<p data-start=\"445\" data-end=\"665\">Pomada antibi\u00f3tica Quality Choice Triple Antibiotic, 0.5 oz. Ayuda a prevenir infecciones en cortaduras, raspaduras y quemaduras menores. F\u00f3rmula confiable comparable con Neosporin\u00ae.<\/p>\n<p data-start=\"667\" data-end=\"934\">","protected":false},"featured_media":1061,"template":"","meta":[],"product_brand":[51],"product_cat":[36],"product_tag":[],"class_list":{"0":"post-1060","1":"product","2":"type-product","3":"status-publish","4":"has-post-thumbnail","6":"product_brand-quality-choice","7":"product_cat-productos-para-cuidado-de-heridas","9":"first","10":"instock","11":"taxable","12":"shipping-taxable","13":"purchasable","14":"product-type-simple"},"yoast_head":"<!-- This site is optimized with the Yoast SEO plugin v27.4 - https:\/\/yoast.com\/product\/yoast-seo-wordpress\/ -->\n<title>Quality Choice Triple Antibiotic Ointment \u2013 0.5 oz (QC99196) &#8211; El Supermercado Medico<\/title>\n<meta name=\"description\" content=\"Quality Choice Triple Antibiotic Ointment 0.5 oz. Pomada antibi\u00f3tica que previene infecciones y acelera la cicatrizaci\u00f3n en cortaduras y quemaduras menores.\" \/>\n<meta name=\"robots\" content=\"index, follow, max-snippet:-1, max-image-preview:large, max-video-preview:-1\" \/>\n<link rel=\"canonical\" href=\"https:\/\/elsupermercadomedicopr.com\/es\/product\/quality-choice-triple-antibiotic-ointment-05oz-qc99196\/\" \/>\n<meta property=\"og:locale\" content=\"es_ES\" \/>\n<meta property=\"og:type\" content=\"article\" \/>\n<meta property=\"og:title\" content=\"Quality Choice Triple Antibiotic Ointment \u2013 0.5 oz (QC99196) &#8211; El Supermercado Medico\" \/>\n<meta property=\"og:description\" content=\"Quality Choice Triple Antibiotic Ointment 0.5 oz. Pomada antibi\u00f3tica que previene infecciones y acelera la cicatrizaci\u00f3n en cortaduras y quemaduras menores.\" \/>\n<meta property=\"og:url\" content=\"https:\/\/elsupermercadomedicopr.com\/es\/product\/quality-choice-triple-antibiotic-ointment-05oz-qc99196\/\" \/>\n<meta property=\"og:site_name\" content=\"El Supermercado Medico\" \/>\n<meta property=\"article:publisher\" content=\"https:\/\/www.facebook.com\/elsupermercadomedico\" \/>\n<meta property=\"article:modified_time\" content=\"2025-11-20T04:15:55+00:00\" \/>\n<meta property=\"og:image\" content=\"https:\/\/elsupermercadomedicopr.com\/wp-content\/uploads\/2025\/11\/image_2025-11-02_142654278.png\" \/>\n\t<meta property=\"og:image:width\" content=\"600\" \/>\n\t<meta property=\"og:image:height\" content=\"600\" \/>\n\t<meta property=\"og:image:type\" content=\"image\/png\" \/>\n<meta name=\"twitter:card\" content=\"summary_large_image\" \/>\n<meta name=\"twitter:label1\" content=\"Est. reading time\" \/>\n\t<meta name=\"twitter:data1\" content=\"2 minutos\" \/>\n<script type=\"application\/ld+json\" class=\"yoast-schema-graph\">{\"@context\":\"https:\\\/\\\/schema.org\",\"@graph\":[{\"@type\":\"WebPage\",\"@id\":\"https:\\\/\\\/elsupermercadomedicopr.com\\\/product\\\/quality-choice-triple-antibiotic-ointment-05oz-qc99196\\\/\",\"url\":\"https:\\\/\\\/elsupermercadomedicopr.com\\\/product\\\/quality-choice-triple-antibiotic-ointment-05oz-qc99196\\\/\",\"name\":\"Quality Choice Triple Antibiotic Ointment \u2013 0.5 oz (QC99196) &#8211; El Supermercado Medico\",\"isPartOf\":{\"@id\":\"http:\\\/\\\/elsupermercadomedicopr.com\\\/#website\"},\"primaryImageOfPage\":{\"@id\":\"https:\\\/\\\/elsupermercadomedicopr.com\\\/product\\\/quality-choice-triple-antibiotic-ointment-05oz-qc99196\\\/#primaryimage\"},\"image\":{\"@id\":\"https:\\\/\\\/elsupermercadomedicopr.com\\\/product\\\/quality-choice-triple-antibiotic-ointment-05oz-qc99196\\\/#primaryimage\"},\"thumbnailUrl\":\"https:\\\/\\\/elsupermercadomedicopr.com\\\/wp-content\\\/uploads\\\/2025\\\/11\\\/image_2025-11-02_142654278.png\",\"datePublished\":\"2025-11-02T18:28:12+00:00\",\"dateModified\":\"2025-11-20T04:15:55+00:00\",\"description\":\"Quality Choice Triple Antibiotic Ointment 0.5 oz. Pomada antibi\u00f3tica que previene infecciones y acelera la cicatrizaci\u00f3n en cortaduras y quemaduras menores.\",\"breadcrumb\":{\"@id\":\"https:\\\/\\\/elsupermercadomedicopr.com\\\/product\\\/quality-choice-triple-antibiotic-ointment-05oz-qc99196\\\/#breadcrumb\"},\"inLanguage\":\"es\",\"potentialAction\":[{\"@type\":\"ReadAction\",\"target\":[\"https:\\\/\\\/elsupermercadomedicopr.com\\\/product\\\/quality-choice-triple-antibiotic-ointment-05oz-qc99196\\\/\"]}]},{\"@type\":\"ImageObject\",\"inLanguage\":\"es\",\"@id\":\"https:\\\/\\\/elsupermercadomedicopr.com\\\/product\\\/quality-choice-triple-antibiotic-ointment-05oz-qc99196\\\/#primaryimage\",\"url\":\"https:\\\/\\\/elsupermercadomedicopr.com\\\/wp-content\\\/uploads\\\/2025\\\/11\\\/image_2025-11-02_142654278.png\",\"contentUrl\":\"https:\\\/\\\/elsupermercadomedicopr.com\\\/wp-content\\\/uploads\\\/2025\\\/11\\\/image_2025-11-02_142654278.png\",\"width\":600,\"height\":600},{\"@type\":\"BreadcrumbList\",\"@id\":\"https:\\\/\\\/elsupermercadomedicopr.com\\\/product\\\/quality-choice-triple-antibiotic-ointment-05oz-qc99196\\\/#breadcrumb\",\"itemListElement\":[{\"@type\":\"ListItem\",\"position\":1,\"name\":\"Home\",\"item\":\"https:\\\/\\\/elsupermercadomedicopr.com\\\/\"},{\"@type\":\"ListItem\",\"position\":2,\"name\":\"Shop\",\"item\":\"https:\\\/\\\/elsupermercadomedicopr.com\\\/shop\\\/\"},{\"@type\":\"ListItem\",\"position\":3,\"name\":\"Quality Choice Triple Antibiotic Ointment \u2013 0.5 oz (QC99196)\"}]},{\"@type\":\"WebSite\",\"@id\":\"http:\\\/\\\/elsupermercadomedicopr.com\\\/#website\",\"url\":\"http:\\\/\\\/elsupermercadomedicopr.com\\\/\",\"name\":\"El Supermercado Medico\",\"description\":\"Tu alternativa en equipos m\u00e9dicos, sirviendo al profesional de la salud y al paciente convaleciente.\",\"publisher\":{\"@id\":\"http:\\\/\\\/elsupermercadomedicopr.com\\\/#organization\"},\"potentialAction\":[{\"@type\":\"SearchAction\",\"target\":{\"@type\":\"EntryPoint\",\"urlTemplate\":\"http:\\\/\\\/elsupermercadomedicopr.com\\\/?s={search_term_string}\"},\"query-input\":{\"@type\":\"PropertyValueSpecification\",\"valueRequired\":true,\"valueName\":\"search_term_string\"}}],\"inLanguage\":\"es\"},{\"@type\":\"Organization\",\"@id\":\"http:\\\/\\\/elsupermercadomedicopr.com\\\/#organization\",\"name\":\"El Supermercado Medico, Inc.\",\"url\":\"http:\\\/\\\/elsupermercadomedicopr.com\\\/\",\"logo\":{\"@type\":\"ImageObject\",\"inLanguage\":\"es\",\"@id\":\"http:\\\/\\\/elsupermercadomedicopr.com\\\/#\\\/schema\\\/logo\\\/image\\\/\",\"url\":\"https:\\\/\\\/elsupermercadomedicopr.com\\\/wp-content\\\/uploads\\\/2025\\\/11\\\/cropped-Untitled-design-5.png\",\"contentUrl\":\"https:\\\/\\\/elsupermercadomedicopr.com\\\/wp-content\\\/uploads\\\/2025\\\/11\\\/cropped-Untitled-design-5.png\",\"width\":512,\"height\":512,\"caption\":\"El Supermercado Medico, Inc.\"},\"image\":{\"@id\":\"http:\\\/\\\/elsupermercadomedicopr.com\\\/#\\\/schema\\\/logo\\\/image\\\/\"},\"sameAs\":[\"https:\\\/\\\/www.facebook.com\\\/elsupermercadomedico\"]}]}<\/script>\n<!-- \/ Yoast SEO plugin. -->","yoast_head_json":{"title":"Quality Choice Triple Antibiotic Ointment \u2013 0.5 oz (QC99196) &#8211; El Supermercado Medico","description":"Quality Choice Triple Antibiotic Ointment 0.5 oz. Pomada antibi\u00f3tica que previene infecciones y acelera la cicatrizaci\u00f3n en cortaduras y quemaduras menores.","robots":{"index":"index","follow":"follow","max-snippet":"max-snippet:-1","max-image-preview":"max-image-preview:large","max-video-preview":"max-video-preview:-1"},"canonical":"https:\/\/elsupermercadomedicopr.com\/es\/product\/quality-choice-triple-antibiotic-ointment-05oz-qc99196\/","og_locale":"es_ES","og_type":"article","og_title":"Quality Choice Triple Antibiotic Ointment \u2013 0.5 oz (QC99196) &#8211; El Supermercado Medico","og_description":"Quality Choice Triple Antibiotic Ointment 0.5 oz. Pomada antibi\u00f3tica que previene infecciones y acelera la cicatrizaci\u00f3n en cortaduras y quemaduras menores.","og_url":"https:\/\/elsupermercadomedicopr.com\/es\/product\/quality-choice-triple-antibiotic-ointment-05oz-qc99196\/","og_site_name":"El Supermercado Medico","article_publisher":"https:\/\/www.facebook.com\/elsupermercadomedico","article_modified_time":"2025-11-20T04:15:55+00:00","og_image":[{"width":600,"height":600,"url":"https:\/\/elsupermercadomedicopr.com\/wp-content\/uploads\/2025\/11\/image_2025-11-02_142654278.png","type":"image\/png"}],"twitter_card":"summary_large_image","twitter_misc":{"Est. reading time":"2 minutos"},"schema":{"@context":"https:\/\/schema.org","@graph":[{"@type":"WebPage","@id":"https:\/\/elsupermercadomedicopr.com\/product\/quality-choice-triple-antibiotic-ointment-05oz-qc99196\/","url":"https:\/\/elsupermercadomedicopr.com\/product\/quality-choice-triple-antibiotic-ointment-05oz-qc99196\/","name":"Quality Choice Triple Antibiotic Ointment \u2013 0.5 oz (QC99196) &#8211; El Supermercado Medico","isPartOf":{"@id":"http:\/\/elsupermercadomedicopr.com\/#website"},"primaryImageOfPage":{"@id":"https:\/\/elsupermercadomedicopr.com\/product\/quality-choice-triple-antibiotic-ointment-05oz-qc99196\/#primaryimage"},"image":{"@id":"https:\/\/elsupermercadomedicopr.com\/product\/quality-choice-triple-antibiotic-ointment-05oz-qc99196\/#primaryimage"},"thumbnailUrl":"https:\/\/elsupermercadomedicopr.com\/wp-content\/uploads\/2025\/11\/image_2025-11-02_142654278.png","datePublished":"2025-11-02T18:28:12+00:00","dateModified":"2025-11-20T04:15:55+00:00","description":"Quality Choice Triple Antibiotic Ointment 0.5 oz. Pomada antibi\u00f3tica que previene infecciones y acelera la cicatrizaci\u00f3n en cortaduras y quemaduras menores.","breadcrumb":{"@id":"https:\/\/elsupermercadomedicopr.com\/product\/quality-choice-triple-antibiotic-ointment-05oz-qc99196\/#breadcrumb"},"inLanguage":"es","potentialAction":[{"@type":"ReadAction","target":["https:\/\/elsupermercadomedicopr.com\/product\/quality-choice-triple-antibiotic-ointment-05oz-qc99196\/"]}]},{"@type":"ImageObject","inLanguage":"es","@id":"https:\/\/elsupermercadomedicopr.com\/product\/quality-choice-triple-antibiotic-ointment-05oz-qc99196\/#primaryimage","url":"https:\/\/elsupermercadomedicopr.com\/wp-content\/uploads\/2025\/11\/image_2025-11-02_142654278.png","contentUrl":"https:\/\/elsupermercadomedicopr.com\/wp-content\/uploads\/2025\/11\/image_2025-11-02_142654278.png","width":600,"height":600},{"@type":"BreadcrumbList","@id":"https:\/\/elsupermercadomedicopr.com\/product\/quality-choice-triple-antibiotic-ointment-05oz-qc99196\/#breadcrumb","itemListElement":[{"@type":"ListItem","position":1,"name":"Home","item":"https:\/\/elsupermercadomedicopr.com\/"},{"@type":"ListItem","position":2,"name":"Shop","item":"https:\/\/elsupermercadomedicopr.com\/shop\/"},{"@type":"ListItem","position":3,"name":"Quality Choice Triple Antibiotic Ointment \u2013 0.5 oz (QC99196)"}]},{"@type":"WebSite","@id":"http:\/\/elsupermercadomedicopr.com\/#website","url":"http:\/\/elsupermercadomedicopr.com\/","name":"El Supermercado Medico","description":"Tu alternativa en equipos m\u00e9dicos, sirviendo al profesional de la salud y al paciente convaleciente.","publisher":{"@id":"http:\/\/elsupermercadomedicopr.com\/#organization"},"potentialAction":[{"@type":"SearchAction","target":{"@type":"EntryPoint","urlTemplate":"http:\/\/elsupermercadomedicopr.com\/?s={search_term_string}"},"query-input":{"@type":"PropertyValueSpecification","valueRequired":true,"valueName":"search_term_string"}}],"inLanguage":"es"},{"@type":"Organization","@id":"http:\/\/elsupermercadomedicopr.com\/#organization","name":"El Supermercado Medico, Inc.","url":"http:\/\/elsupermercadomedicopr.com\/","logo":{"@type":"ImageObject","inLanguage":"es","@id":"http:\/\/elsupermercadomedicopr.com\/#\/schema\/logo\/image\/","url":"https:\/\/elsupermercadomedicopr.com\/wp-content\/uploads\/2025\/11\/cropped-Untitled-design-5.png","contentUrl":"https:\/\/elsupermercadomedicopr.com\/wp-content\/uploads\/2025\/11\/cropped-Untitled-design-5.png","width":512,"height":512,"caption":"El Supermercado Medico, Inc."},"image":{"@id":"http:\/\/elsupermercadomedicopr.com\/#\/schema\/logo\/image\/"},"sameAs":["https:\/\/www.facebook.com\/elsupermercadomedico"]}]}},"_links":{"self":[{"href":"https:\/\/elsupermercadomedicopr.com\/es\/wp-json\/wp\/v2\/product\/1060","targetHints":{"allow":["GET"]}}],"collection":[{"href":"https:\/\/elsupermercadomedicopr.com\/es\/wp-json\/wp\/v2\/product"}],"about":[{"href":"https:\/\/elsupermercadomedicopr.com\/es\/wp-json\/wp\/v2\/types\/product"}],"wp:featuredmedia":[{"embeddable":true,"href":"https:\/\/elsupermercadomedicopr.com\/es\/wp-json\/wp\/v2\/media\/1061"}],"wp:attachment":[{"href":"https:\/\/elsupermercadomedicopr.com\/es\/wp-json\/wp\/v2\/media?parent=1060"}],"wp:term":[{"taxonomy":"product_brand","embeddable":true,"href":"https:\/\/elsupermercadomedicopr.com\/es\/wp-json\/wp\/v2\/product_brand?post=1060"},{"taxonomy":"product_cat","embeddable":true,"href":"https:\/\/elsupermercadomedicopr.com\/es\/wp-json\/wp\/v2\/product_cat?post=1060"},{"taxonomy":"product_tag","embeddable":true,"href":"https:\/\/elsupermercadomedicopr.com\/es\/wp-json\/wp\/v2\/product_tag?post=1060"}],"curies":[{"name":"wp","href":"https:\/\/api.w.org\/{rel}","templated":true}]}}