{"id":1027,"date":"2025-11-02T17:53:26","date_gmt":"2025-11-02T17:53:26","guid":{"rendered":"https:\/\/elsupermercadomedicopr.com\/?post_type=product&#038;p=1027"},"modified":"2025-11-20T04:15:49","modified_gmt":"2025-11-20T04:15:49","slug":"quality-choice-corn-cushions-40-salicylic-acid","status":"publish","type":"product","link":"https:\/\/elsupermercadomedicopr.com\/es\/product\/quality-choice-corn-cushions-40-salicylic-acid\/","title":{"rendered":"Quality Choice Corn Cushions 9 Count"},"content":{"rendered":"<p data-start=\"616\" data-end=\"977\">Los <strong data-start=\"668\" data-end=\"700\">Quality Choice Corn Cushions<\/strong> est\u00e1n dise\u00f1ados para <strong data-start=\"722\" data-end=\"783\">aliviar la presi\u00f3n, reducir la fricci\u00f3n y eliminar callos<\/strong> de forma segura y efectiva. Su f\u00f3rmula activa con <strong data-start=\"834\" data-end=\"861\">40% de \u00e1cido salic\u00edlico<\/strong> act\u00faa suavemente sobre el tejido endurecido, ayudando a disolver los callos mientras protege la piel circundante.<\/p>\n<p data-start=\"979\" data-end=\"1259\">Fabricados con <strong data-start=\"994\" data-end=\"1021\">espuma suave y flexible<\/strong>, estos cojines proporcionan una <strong data-start=\"1054\" data-end=\"1078\">amortiguaci\u00f3n c\u00f3moda<\/strong> que protege contra la irritaci\u00f3n causada por el roce del calzado. El <strong data-start=\"1148\" data-end=\"1185\">adhesivo impermeable autoadhesivo<\/strong> asegura que el coj\u00edn se mantenga firmemente en su lugar durante el d\u00eda.<\/p>\n<p data-start=\"1261\" data-end=\"1290\"><strong data-start=\"1261\" data-end=\"1288\">Beneficios principales:<\/strong><\/p>\n<ul data-start=\"1291\" data-end=\"1656\">\n<li data-start=\"1291\" data-end=\"1348\">\n<p data-start=\"1293\" data-end=\"1348\"><strong data-start=\"1293\" data-end=\"1325\">Reduce la presi\u00f3n y fricci\u00f3n<\/strong> en zonas con callos.<\/p>\n<\/li>\n<li data-start=\"1349\" data-end=\"1412\">\n<p data-start=\"1351\" data-end=\"1412\"><strong data-start=\"1351\" data-end=\"1388\">Alivia el dolor y protege la piel<\/strong> del roce del calzado.<\/p>\n<\/li>\n<li data-start=\"1413\" data-end=\"1490\">\n<p data-start=\"1415\" data-end=\"1490\">Contiene <strong data-start=\"1424\" data-end=\"1448\">\u00e1cido salic\u00edlico 40%<\/strong>, eficaz para eliminar callos y durezas.<\/p>\n<\/li>\n<li data-start=\"1491\" data-end=\"1545\">\n<p data-start=\"1493\" data-end=\"1545\"><strong data-start=\"1493\" data-end=\"1520\">Espuma suave y flexible<\/strong> para m\u00e1xima comodidad.<\/p>\n<\/li>\n<li data-start=\"1546\" data-end=\"1605\">\n<p data-start=\"1548\" data-end=\"1605\"><strong data-start=\"1548\" data-end=\"1579\">Adhesivo resistente al agua<\/strong> mantiene el coj\u00edn fijo.<\/p>\n<\/li>\n<li data-start=\"1606\" data-end=\"1656\">\n<p data-start=\"1608\" data-end=\"1656\"><strong data-start=\"1608\" data-end=\"1628\">F\u00e1cil de aplicar<\/strong> y c\u00f3modo para uso diario.<\/p>\n<\/li>\n<\/ul>\n<p data-start=\"1658\" data-end=\"1681\"><strong data-start=\"1658\" data-end=\"1679\">Especificaciones:<\/strong><\/p>\n<ul data-start=\"1682\" data-end=\"2130\">\n<li data-start=\"1682\" data-end=\"1708\">\n<p data-start=\"1684\" data-end=\"1708\">Marca: Quality Choice\u00ae<\/p>\n<\/li>\n<li data-start=\"1709\" data-end=\"1761\">\n<p data-start=\"1711\" data-end=\"1761\">Tipo: Cojines para callos con tratamiento activo<\/p>\n<\/li>\n<li data-start=\"1762\" data-end=\"1806\">\n<p data-start=\"1764\" data-end=\"1806\">Ingrediente activo: \u00c1cido salic\u00edlico 40%<\/p>\n<\/li>\n<li data-start=\"1807\" data-end=\"1872\">\n<p data-start=\"1809\" data-end=\"1872\">Prop\u00f3sito: Eliminaci\u00f3n de callos y protecci\u00f3n contra fricci\u00f3n<\/p>\n<\/li>\n<li data-start=\"1873\" data-end=\"1924\">\n<p data-start=\"1875\" data-end=\"1924\">Material: Espuma suave con adhesivo impermeable<\/p>\n<\/li>\n<li data-start=\"1925\" data-end=\"1966\">\n<p data-start=\"1927\" data-end=\"1966\">Uso: Zonas del pie con presi\u00f3n o roce<\/p>\n<\/li>\n<li data-start=\"1967\" data-end=\"2013\">\n<p data-start=\"1969\" data-end=\"2013\">Adhesivo: Autoadhesivo, resistente al agua<\/p>\n<\/li>\n<li data-start=\"2014\" data-end=\"2058\">\n<p data-start=\"2016\" data-end=\"2058\">Tama\u00f1o: Apto para la mayor\u00eda de los pies<\/p>\n<\/li>\n<li data-start=\"2059\" data-end=\"2107\">\n<p data-start=\"2061\" data-end=\"2107\">Presentaci\u00f3n: M\u00faltiples unidades por paquete<\/p>\n<\/li>\n<li data-start=\"2108\" data-end=\"2130\">\n<p data-start=\"2110\" data-end=\"2130\">Libre de l\u00e1tex: S\u00ed<\/p>\n<\/li>\n<\/ul>","protected":false},"excerpt":{"rendered":"<p data-start=\"392\" data-end=\"614\">Quality Choice Corn Cushions con \u00e1cido salic\u00edlico al 40%. Alivian la fricci\u00f3n, reducen la presi\u00f3n y ayudan a eliminar callos y durezas. Adhesivo resistente al agua para uso prolongado.<\/p>\n<p data-start=\"616\" data-end=\"977\">","protected":false},"featured_media":1028,"template":"","meta":[],"product_brand":[51],"product_cat":[15],"product_tag":[],"class_list":{"0":"post-1027","1":"product","2":"type-product","3":"status-publish","4":"has-post-thumbnail","6":"product_brand-quality-choice","7":"product_cat-cuidado_personal","9":"first","10":"instock","11":"taxable","12":"shipping-taxable","13":"purchasable","14":"product-type-simple"},"yoast_head":"<!-- This site is optimized with the Yoast SEO plugin v27.4 - https:\/\/yoast.com\/product\/yoast-seo-wordpress\/ -->\n<title>Quality Choice Corn Cushions 9 Count &#8211; El Supermercado Medico<\/title>\n<meta name=\"description\" content=\"Quality Choice Corn Cushions con \u00e1cido salic\u00edlico 40%. Cojines de espuma que alivian el dolor, reducen la fricci\u00f3n y eliminan callos de forma segura.\" \/>\n<meta name=\"robots\" content=\"index, follow, max-snippet:-1, max-image-preview:large, max-video-preview:-1\" \/>\n<link rel=\"canonical\" href=\"https:\/\/elsupermercadomedicopr.com\/es\/product\/quality-choice-corn-cushions-40-salicylic-acid\/\" \/>\n<meta property=\"og:locale\" content=\"es_ES\" \/>\n<meta property=\"og:type\" content=\"article\" \/>\n<meta property=\"og:title\" content=\"Quality Choice Corn Cushions 9 Count &#8211; El Supermercado Medico\" \/>\n<meta property=\"og:description\" content=\"Quality Choice Corn Cushions con \u00e1cido salic\u00edlico 40%. Cojines de espuma que alivian el dolor, reducen la fricci\u00f3n y eliminan callos de forma segura.\" \/>\n<meta property=\"og:url\" content=\"https:\/\/elsupermercadomedicopr.com\/es\/product\/quality-choice-corn-cushions-40-salicylic-acid\/\" \/>\n<meta property=\"og:site_name\" content=\"El Supermercado Medico\" \/>\n<meta property=\"article:publisher\" content=\"https:\/\/www.facebook.com\/elsupermercadomedico\" \/>\n<meta property=\"article:modified_time\" content=\"2025-11-20T04:15:49+00:00\" \/>\n<meta property=\"og:image\" content=\"https:\/\/elsupermercadomedicopr.com\/wp-content\/uploads\/2025\/11\/image_2025-11-02_135216248.png\" \/>\n\t<meta property=\"og:image:width\" content=\"600\" \/>\n\t<meta property=\"og:image:height\" content=\"600\" \/>\n\t<meta property=\"og:image:type\" content=\"image\/png\" \/>\n<meta name=\"twitter:card\" content=\"summary_large_image\" \/>\n<meta name=\"twitter:label1\" content=\"Est. reading time\" \/>\n\t<meta name=\"twitter:data1\" content=\"1 minuto\" \/>\n<script type=\"application\/ld+json\" class=\"yoast-schema-graph\">{\"@context\":\"https:\\\/\\\/schema.org\",\"@graph\":[{\"@type\":\"WebPage\",\"@id\":\"https:\\\/\\\/elsupermercadomedicopr.com\\\/product\\\/quality-choice-corn-cushions-40-salicylic-acid\\\/\",\"url\":\"https:\\\/\\\/elsupermercadomedicopr.com\\\/product\\\/quality-choice-corn-cushions-40-salicylic-acid\\\/\",\"name\":\"Quality Choice Corn Cushions 9 Count &#8211; El Supermercado Medico\",\"isPartOf\":{\"@id\":\"http:\\\/\\\/elsupermercadomedicopr.com\\\/#website\"},\"primaryImageOfPage\":{\"@id\":\"https:\\\/\\\/elsupermercadomedicopr.com\\\/product\\\/quality-choice-corn-cushions-40-salicylic-acid\\\/#primaryimage\"},\"image\":{\"@id\":\"https:\\\/\\\/elsupermercadomedicopr.com\\\/product\\\/quality-choice-corn-cushions-40-salicylic-acid\\\/#primaryimage\"},\"thumbnailUrl\":\"https:\\\/\\\/elsupermercadomedicopr.com\\\/wp-content\\\/uploads\\\/2025\\\/11\\\/image_2025-11-02_135216248.png\",\"datePublished\":\"2025-11-02T17:53:26+00:00\",\"dateModified\":\"2025-11-20T04:15:49+00:00\",\"description\":\"Quality Choice Corn Cushions con \u00e1cido salic\u00edlico 40%. Cojines de espuma que alivian el dolor, reducen la fricci\u00f3n y eliminan callos de forma segura.\",\"breadcrumb\":{\"@id\":\"https:\\\/\\\/elsupermercadomedicopr.com\\\/product\\\/quality-choice-corn-cushions-40-salicylic-acid\\\/#breadcrumb\"},\"inLanguage\":\"es\",\"potentialAction\":[{\"@type\":\"ReadAction\",\"target\":[\"https:\\\/\\\/elsupermercadomedicopr.com\\\/product\\\/quality-choice-corn-cushions-40-salicylic-acid\\\/\"]}]},{\"@type\":\"ImageObject\",\"inLanguage\":\"es\",\"@id\":\"https:\\\/\\\/elsupermercadomedicopr.com\\\/product\\\/quality-choice-corn-cushions-40-salicylic-acid\\\/#primaryimage\",\"url\":\"https:\\\/\\\/elsupermercadomedicopr.com\\\/wp-content\\\/uploads\\\/2025\\\/11\\\/image_2025-11-02_135216248.png\",\"contentUrl\":\"https:\\\/\\\/elsupermercadomedicopr.com\\\/wp-content\\\/uploads\\\/2025\\\/11\\\/image_2025-11-02_135216248.png\",\"width\":600,\"height\":600},{\"@type\":\"BreadcrumbList\",\"@id\":\"https:\\\/\\\/elsupermercadomedicopr.com\\\/product\\\/quality-choice-corn-cushions-40-salicylic-acid\\\/#breadcrumb\",\"itemListElement\":[{\"@type\":\"ListItem\",\"position\":1,\"name\":\"Home\",\"item\":\"https:\\\/\\\/elsupermercadomedicopr.com\\\/\"},{\"@type\":\"ListItem\",\"position\":2,\"name\":\"Shop\",\"item\":\"https:\\\/\\\/elsupermercadomedicopr.com\\\/shop\\\/\"},{\"@type\":\"ListItem\",\"position\":3,\"name\":\"Quality Choice Corn Cushions 9 Count\"}]},{\"@type\":\"WebSite\",\"@id\":\"http:\\\/\\\/elsupermercadomedicopr.com\\\/#website\",\"url\":\"http:\\\/\\\/elsupermercadomedicopr.com\\\/\",\"name\":\"El Supermercado Medico\",\"description\":\"Tu alternativa en equipos m\u00e9dicos, sirviendo al profesional de la salud y al paciente convaleciente.\",\"publisher\":{\"@id\":\"http:\\\/\\\/elsupermercadomedicopr.com\\\/#organization\"},\"potentialAction\":[{\"@type\":\"SearchAction\",\"target\":{\"@type\":\"EntryPoint\",\"urlTemplate\":\"http:\\\/\\\/elsupermercadomedicopr.com\\\/?s={search_term_string}\"},\"query-input\":{\"@type\":\"PropertyValueSpecification\",\"valueRequired\":true,\"valueName\":\"search_term_string\"}}],\"inLanguage\":\"es\"},{\"@type\":\"Organization\",\"@id\":\"http:\\\/\\\/elsupermercadomedicopr.com\\\/#organization\",\"name\":\"El Supermercado Medico, Inc.\",\"url\":\"http:\\\/\\\/elsupermercadomedicopr.com\\\/\",\"logo\":{\"@type\":\"ImageObject\",\"inLanguage\":\"es\",\"@id\":\"http:\\\/\\\/elsupermercadomedicopr.com\\\/#\\\/schema\\\/logo\\\/image\\\/\",\"url\":\"https:\\\/\\\/elsupermercadomedicopr.com\\\/wp-content\\\/uploads\\\/2025\\\/11\\\/cropped-Untitled-design-5.png\",\"contentUrl\":\"https:\\\/\\\/elsupermercadomedicopr.com\\\/wp-content\\\/uploads\\\/2025\\\/11\\\/cropped-Untitled-design-5.png\",\"width\":512,\"height\":512,\"caption\":\"El Supermercado Medico, Inc.\"},\"image\":{\"@id\":\"http:\\\/\\\/elsupermercadomedicopr.com\\\/#\\\/schema\\\/logo\\\/image\\\/\"},\"sameAs\":[\"https:\\\/\\\/www.facebook.com\\\/elsupermercadomedico\"]}]}<\/script>\n<!-- \/ Yoast SEO plugin. -->","yoast_head_json":{"title":"Quality Choice Corn Cushions 9 Count &#8211; El Supermercado Medico","description":"Quality Choice Corn Cushions con \u00e1cido salic\u00edlico 40%. Cojines de espuma que alivian el dolor, reducen la fricci\u00f3n y eliminan callos de forma segura.","robots":{"index":"index","follow":"follow","max-snippet":"max-snippet:-1","max-image-preview":"max-image-preview:large","max-video-preview":"max-video-preview:-1"},"canonical":"https:\/\/elsupermercadomedicopr.com\/es\/product\/quality-choice-corn-cushions-40-salicylic-acid\/","og_locale":"es_ES","og_type":"article","og_title":"Quality Choice Corn Cushions 9 Count &#8211; El Supermercado Medico","og_description":"Quality Choice Corn Cushions con \u00e1cido salic\u00edlico 40%. Cojines de espuma que alivian el dolor, reducen la fricci\u00f3n y eliminan callos de forma segura.","og_url":"https:\/\/elsupermercadomedicopr.com\/es\/product\/quality-choice-corn-cushions-40-salicylic-acid\/","og_site_name":"El Supermercado Medico","article_publisher":"https:\/\/www.facebook.com\/elsupermercadomedico","article_modified_time":"2025-11-20T04:15:49+00:00","og_image":[{"width":600,"height":600,"url":"https:\/\/elsupermercadomedicopr.com\/wp-content\/uploads\/2025\/11\/image_2025-11-02_135216248.png","type":"image\/png"}],"twitter_card":"summary_large_image","twitter_misc":{"Est. reading time":"1 minuto"},"schema":{"@context":"https:\/\/schema.org","@graph":[{"@type":"WebPage","@id":"https:\/\/elsupermercadomedicopr.com\/product\/quality-choice-corn-cushions-40-salicylic-acid\/","url":"https:\/\/elsupermercadomedicopr.com\/product\/quality-choice-corn-cushions-40-salicylic-acid\/","name":"Quality Choice Corn Cushions 9 Count &#8211; El Supermercado Medico","isPartOf":{"@id":"http:\/\/elsupermercadomedicopr.com\/#website"},"primaryImageOfPage":{"@id":"https:\/\/elsupermercadomedicopr.com\/product\/quality-choice-corn-cushions-40-salicylic-acid\/#primaryimage"},"image":{"@id":"https:\/\/elsupermercadomedicopr.com\/product\/quality-choice-corn-cushions-40-salicylic-acid\/#primaryimage"},"thumbnailUrl":"https:\/\/elsupermercadomedicopr.com\/wp-content\/uploads\/2025\/11\/image_2025-11-02_135216248.png","datePublished":"2025-11-02T17:53:26+00:00","dateModified":"2025-11-20T04:15:49+00:00","description":"Quality Choice Corn Cushions con \u00e1cido salic\u00edlico 40%. Cojines de espuma que alivian el dolor, reducen la fricci\u00f3n y eliminan callos de forma segura.","breadcrumb":{"@id":"https:\/\/elsupermercadomedicopr.com\/product\/quality-choice-corn-cushions-40-salicylic-acid\/#breadcrumb"},"inLanguage":"es","potentialAction":[{"@type":"ReadAction","target":["https:\/\/elsupermercadomedicopr.com\/product\/quality-choice-corn-cushions-40-salicylic-acid\/"]}]},{"@type":"ImageObject","inLanguage":"es","@id":"https:\/\/elsupermercadomedicopr.com\/product\/quality-choice-corn-cushions-40-salicylic-acid\/#primaryimage","url":"https:\/\/elsupermercadomedicopr.com\/wp-content\/uploads\/2025\/11\/image_2025-11-02_135216248.png","contentUrl":"https:\/\/elsupermercadomedicopr.com\/wp-content\/uploads\/2025\/11\/image_2025-11-02_135216248.png","width":600,"height":600},{"@type":"BreadcrumbList","@id":"https:\/\/elsupermercadomedicopr.com\/product\/quality-choice-corn-cushions-40-salicylic-acid\/#breadcrumb","itemListElement":[{"@type":"ListItem","position":1,"name":"Home","item":"https:\/\/elsupermercadomedicopr.com\/"},{"@type":"ListItem","position":2,"name":"Shop","item":"https:\/\/elsupermercadomedicopr.com\/shop\/"},{"@type":"ListItem","position":3,"name":"Quality Choice Corn Cushions 9 Count"}]},{"@type":"WebSite","@id":"http:\/\/elsupermercadomedicopr.com\/#website","url":"http:\/\/elsupermercadomedicopr.com\/","name":"El Supermercado Medico","description":"Tu alternativa en equipos m\u00e9dicos, sirviendo al profesional de la salud y al paciente convaleciente.","publisher":{"@id":"http:\/\/elsupermercadomedicopr.com\/#organization"},"potentialAction":[{"@type":"SearchAction","target":{"@type":"EntryPoint","urlTemplate":"http:\/\/elsupermercadomedicopr.com\/?s={search_term_string}"},"query-input":{"@type":"PropertyValueSpecification","valueRequired":true,"valueName":"search_term_string"}}],"inLanguage":"es"},{"@type":"Organization","@id":"http:\/\/elsupermercadomedicopr.com\/#organization","name":"El Supermercado Medico, Inc.","url":"http:\/\/elsupermercadomedicopr.com\/","logo":{"@type":"ImageObject","inLanguage":"es","@id":"http:\/\/elsupermercadomedicopr.com\/#\/schema\/logo\/image\/","url":"https:\/\/elsupermercadomedicopr.com\/wp-content\/uploads\/2025\/11\/cropped-Untitled-design-5.png","contentUrl":"https:\/\/elsupermercadomedicopr.com\/wp-content\/uploads\/2025\/11\/cropped-Untitled-design-5.png","width":512,"height":512,"caption":"El Supermercado Medico, Inc."},"image":{"@id":"http:\/\/elsupermercadomedicopr.com\/#\/schema\/logo\/image\/"},"sameAs":["https:\/\/www.facebook.com\/elsupermercadomedico"]}]}},"_links":{"self":[{"href":"https:\/\/elsupermercadomedicopr.com\/es\/wp-json\/wp\/v2\/product\/1027","targetHints":{"allow":["GET"]}}],"collection":[{"href":"https:\/\/elsupermercadomedicopr.com\/es\/wp-json\/wp\/v2\/product"}],"about":[{"href":"https:\/\/elsupermercadomedicopr.com\/es\/wp-json\/wp\/v2\/types\/product"}],"wp:featuredmedia":[{"embeddable":true,"href":"https:\/\/elsupermercadomedicopr.com\/es\/wp-json\/wp\/v2\/media\/1028"}],"wp:attachment":[{"href":"https:\/\/elsupermercadomedicopr.com\/es\/wp-json\/wp\/v2\/media?parent=1027"}],"wp:term":[{"taxonomy":"product_brand","embeddable":true,"href":"https:\/\/elsupermercadomedicopr.com\/es\/wp-json\/wp\/v2\/product_brand?post=1027"},{"taxonomy":"product_cat","embeddable":true,"href":"https:\/\/elsupermercadomedicopr.com\/es\/wp-json\/wp\/v2\/product_cat?post=1027"},{"taxonomy":"product_tag","embeddable":true,"href":"https:\/\/elsupermercadomedicopr.com\/es\/wp-json\/wp\/v2\/product_tag?post=1027"}],"curies":[{"name":"wp","href":"https:\/\/api.w.org\/{rel}","templated":true}]}}