{"id":1001,"date":"2025-10-31T17:45:26","date_gmt":"2025-10-31T17:45:26","guid":{"rendered":"https:\/\/elsupermercadomedicopr.com\/?post_type=product&#038;p=1001"},"modified":"2025-11-20T04:15:50","modified_gmt":"2025-11-20T04:15:50","slug":"quality-choice-cotton-balls-triple-size-100ct","status":"publish","type":"product","link":"https:\/\/elsupermercadomedicopr.com\/es\/product\/quality-choice-cotton-balls-triple-size-100ct\/","title":{"rendered":"Quality Choice Cotton Balls \u2013 Triple Size, 100 unidades"},"content":{"rendered":"<p data-start=\"661\" data-end=\"922\">Los <strong data-start=\"713\" data-end=\"771\">Quality Choice Cotton Balls Triple Size (100 unidades)<\/strong> est\u00e1n fabricados con <strong data-start=\"793\" data-end=\"839\">algod\u00f3n puro, suave y altamente absorbente<\/strong>, perfectos para una amplia variedad de usos personales, cosm\u00e9ticos y dom\u00e9sticos.<\/p>\n<p data-start=\"924\" data-end=\"1232\">Su textura delicada es ideal para <strong data-start=\"958\" data-end=\"1022\">aplicar maquillaje, lociones, cremas, aceites o astringentes<\/strong>, as\u00ed como para <strong data-start=\"1038\" data-end=\"1111\">retirar esmalte de u\u00f1as o limpiar \u00e1reas sensibles del rostro y cuerpo<\/strong>. En el cuidado del beb\u00e9, son perfectos para <strong data-start=\"1156\" data-end=\"1229\">limpiar o aplicar productos en orejas, nariz, rostro o zona del pa\u00f1al<\/strong>.<\/p>\n<p data-start=\"1234\" data-end=\"1394\">Adem\u00e1s, estos algodones son \u00fatiles en el hogar para <strong data-start=\"1286\" data-end=\"1328\">limpieza y pulido de objetos delicados<\/strong>, combinando suavidad y absorci\u00f3n con una excelente durabilidad.<\/p>\n<p data-start=\"1396\" data-end=\"1425\"><strong data-start=\"1396\" data-end=\"1423\">Beneficios principales:<\/strong><\/p>\n<ul data-start=\"1426\" data-end=\"1790\">\n<li data-start=\"1426\" data-end=\"1487\">\n<p data-start=\"1428\" data-end=\"1487\"><strong data-start=\"1428\" data-end=\"1458\">Algod\u00f3n puro y extra suave<\/strong>, ideal para piel sensible.<\/p>\n<\/li>\n<li data-start=\"1488\" data-end=\"1548\">\n<p data-start=\"1490\" data-end=\"1548\">Tama\u00f1o <strong data-start=\"1497\" data-end=\"1507\">triple<\/strong>, para una mejor cobertura y absorci\u00f3n.<\/p>\n<\/li>\n<li data-start=\"1549\" data-end=\"1620\">\n<p data-start=\"1551\" data-end=\"1620\"><strong data-start=\"1551\" data-end=\"1570\">Multifuncional:<\/strong> belleza, cuidado del beb\u00e9 y limpieza dom\u00e9stica.<\/p>\n<\/li>\n<li data-start=\"1621\" data-end=\"1702\">\n<p data-start=\"1623\" data-end=\"1702\">Perfecto para aplicar <strong data-start=\"1645\" data-end=\"1700\">cremas, aceites, maquillaje o removedor de esmalte.<\/strong><\/p>\n<\/li>\n<li data-start=\"1703\" data-end=\"1758\">\n<p data-start=\"1705\" data-end=\"1758\"><strong data-start=\"1705\" data-end=\"1723\">Hipoalerg\u00e9nico<\/strong> y seguro para todo tipo de piel.<\/p>\n<\/li>\n<li data-start=\"1759\" data-end=\"1790\">\n<p data-start=\"1761\" data-end=\"1790\"><strong data-start=\"1761\" data-end=\"1788\">Uso m\u00e9dico o cosm\u00e9tico.<\/strong><\/p>\n<\/li>\n<\/ul>\n<p data-start=\"1792\" data-end=\"1816\"><strong data-start=\"1792\" data-end=\"1814\">Usos recomendados:<\/strong><\/p>\n<ul data-start=\"1817\" data-end=\"2043\">\n<li data-start=\"1817\" data-end=\"1847\">\n<p data-start=\"1819\" data-end=\"1847\">Cuidado facial y corporal.<\/p>\n<\/li>\n<li data-start=\"1848\" data-end=\"1907\">\n<p data-start=\"1850\" data-end=\"1907\">Limpieza del \u00e1rea del pa\u00f1al o zonas sensibles del beb\u00e9.<\/p>\n<\/li>\n<li data-start=\"1908\" data-end=\"1948\">\n<p data-start=\"1910\" data-end=\"1948\">Aplicaci\u00f3n o remoci\u00f3n de maquillaje.<\/p>\n<\/li>\n<li data-start=\"1949\" data-end=\"1997\">\n<p data-start=\"1951\" data-end=\"1997\">Aplicaci\u00f3n de productos t\u00f3picos o medicados.<\/p>\n<\/li>\n<li data-start=\"1998\" data-end=\"2043\">\n<p data-start=\"2000\" data-end=\"2043\">Limpieza y pulido de art\u00edculos delicados.<\/p>\n<\/li>\n<\/ul>\n<p data-start=\"2045\" data-end=\"2068\"><strong data-start=\"2045\" data-end=\"2066\">Especificaciones:<\/strong><\/p>\n<ul data-start=\"2069\" data-end=\"2334\">\n<li data-start=\"2069\" data-end=\"2095\">\n<p data-start=\"2071\" data-end=\"2095\">Marca: Quality Choice\u00ae<\/p>\n<\/li>\n<li data-start=\"2096\" data-end=\"2129\">\n<p data-start=\"2098\" data-end=\"2129\">Tipo: Algodones tama\u00f1o triple<\/p>\n<\/li>\n<li data-start=\"2130\" data-end=\"2169\">\n<p data-start=\"2132\" data-end=\"2169\">Presentaci\u00f3n: Bolsa de 100 unidades<\/p>\n<\/li>\n<li data-start=\"2170\" data-end=\"2204\">\n<p data-start=\"2172\" data-end=\"2204\">Material: 100% algod\u00f3n natural<\/p>\n<\/li>\n<li data-start=\"2205\" data-end=\"2258\">\n<p data-start=\"2207\" data-end=\"2258\">Propiedades: Suaves, absorbentes, hipoalerg\u00e9nicos<\/p>\n<\/li>\n<li data-start=\"2259\" data-end=\"2316\">\n<p data-start=\"2261\" data-end=\"2316\">Aplicaci\u00f3n: Cosm\u00e9tica, m\u00e9dica, pedi\u00e1trica o dom\u00e9stica<\/p>\n<\/li>\n<li data-start=\"2317\" data-end=\"2334\">\n<p data-start=\"2319\" data-end=\"2334\">Color: Blanco<\/p>\n<\/li>\n<\/ul>","protected":false},"excerpt":{"rendered":"<p data-start=\"449\" data-end=\"659\">Algodones Quality Choice tama\u00f1o triple, paquete de 100 unidades. Suaves, absorbentes y multifuncionales. Ideales para cuidado personal, belleza, beb\u00e9s y limpieza del hogar.<\/p>\n<p data-start=\"661\" data-end=\"922\">","protected":false},"featured_media":1002,"template":"","meta":[],"product_brand":[51],"product_cat":[15],"product_tag":[],"class_list":{"0":"post-1001","1":"product","2":"type-product","3":"status-publish","4":"has-post-thumbnail","6":"product_brand-quality-choice","7":"product_cat-cuidado_personal","9":"first","10":"instock","11":"taxable","12":"shipping-taxable","13":"purchasable","14":"product-type-simple"},"yoast_head":"<!-- This site is optimized with the Yoast SEO plugin v27.4 - https:\/\/yoast.com\/product\/yoast-seo-wordpress\/ -->\n<title>Quality Choice Cotton Balls \u2013 Triple Size, 100 unidades &#8211; El Supermercado Medico<\/title>\n<meta name=\"description\" content=\"Quality Choice Cotton Balls Triple Size 100ct. Algodones suaves y absorbentes para uso facial, cosm\u00e9tico, cuidado del beb\u00e9 y limpieza del hogar.\" \/>\n<meta name=\"robots\" content=\"index, follow, max-snippet:-1, max-image-preview:large, max-video-preview:-1\" \/>\n<link rel=\"canonical\" href=\"https:\/\/elsupermercadomedicopr.com\/es\/product\/quality-choice-cotton-balls-triple-size-100ct\/\" \/>\n<meta property=\"og:locale\" content=\"es_ES\" \/>\n<meta property=\"og:type\" content=\"article\" \/>\n<meta property=\"og:title\" content=\"Quality Choice Cotton Balls \u2013 Triple Size, 100 unidades &#8211; El Supermercado Medico\" \/>\n<meta property=\"og:description\" content=\"Quality Choice Cotton Balls Triple Size 100ct. Algodones suaves y absorbentes para uso facial, cosm\u00e9tico, cuidado del beb\u00e9 y limpieza del hogar.\" \/>\n<meta property=\"og:url\" content=\"https:\/\/elsupermercadomedicopr.com\/es\/product\/quality-choice-cotton-balls-triple-size-100ct\/\" \/>\n<meta property=\"og:site_name\" content=\"El Supermercado Medico\" \/>\n<meta property=\"article:publisher\" content=\"https:\/\/www.facebook.com\/elsupermercadomedico\" \/>\n<meta property=\"article:modified_time\" content=\"2025-11-20T04:15:50+00:00\" \/>\n<meta property=\"og:image\" content=\"https:\/\/elsupermercadomedicopr.com\/wp-content\/uploads\/2025\/10\/image_2025-10-31_134409164.png\" \/>\n\t<meta property=\"og:image:width\" content=\"600\" \/>\n\t<meta property=\"og:image:height\" content=\"600\" \/>\n\t<meta property=\"og:image:type\" content=\"image\/png\" \/>\n<meta name=\"twitter:card\" content=\"summary_large_image\" \/>\n<meta name=\"twitter:label1\" content=\"Est. reading time\" \/>\n\t<meta name=\"twitter:data1\" content=\"2 minutos\" \/>\n<script type=\"application\/ld+json\" class=\"yoast-schema-graph\">{\"@context\":\"https:\\\/\\\/schema.org\",\"@graph\":[{\"@type\":\"WebPage\",\"@id\":\"https:\\\/\\\/elsupermercadomedicopr.com\\\/product\\\/quality-choice-cotton-balls-triple-size-100ct\\\/\",\"url\":\"https:\\\/\\\/elsupermercadomedicopr.com\\\/product\\\/quality-choice-cotton-balls-triple-size-100ct\\\/\",\"name\":\"Quality Choice Cotton Balls \u2013 Triple Size, 100 unidades &#8211; El Supermercado Medico\",\"isPartOf\":{\"@id\":\"http:\\\/\\\/elsupermercadomedicopr.com\\\/#website\"},\"primaryImageOfPage\":{\"@id\":\"https:\\\/\\\/elsupermercadomedicopr.com\\\/product\\\/quality-choice-cotton-balls-triple-size-100ct\\\/#primaryimage\"},\"image\":{\"@id\":\"https:\\\/\\\/elsupermercadomedicopr.com\\\/product\\\/quality-choice-cotton-balls-triple-size-100ct\\\/#primaryimage\"},\"thumbnailUrl\":\"https:\\\/\\\/elsupermercadomedicopr.com\\\/wp-content\\\/uploads\\\/2025\\\/10\\\/image_2025-10-31_134409164.png\",\"datePublished\":\"2025-10-31T17:45:26+00:00\",\"dateModified\":\"2025-11-20T04:15:50+00:00\",\"description\":\"Quality Choice Cotton Balls Triple Size 100ct. Algodones suaves y absorbentes para uso facial, cosm\u00e9tico, cuidado del beb\u00e9 y limpieza del hogar.\",\"breadcrumb\":{\"@id\":\"https:\\\/\\\/elsupermercadomedicopr.com\\\/product\\\/quality-choice-cotton-balls-triple-size-100ct\\\/#breadcrumb\"},\"inLanguage\":\"es\",\"potentialAction\":[{\"@type\":\"ReadAction\",\"target\":[\"https:\\\/\\\/elsupermercadomedicopr.com\\\/product\\\/quality-choice-cotton-balls-triple-size-100ct\\\/\"]}]},{\"@type\":\"ImageObject\",\"inLanguage\":\"es\",\"@id\":\"https:\\\/\\\/elsupermercadomedicopr.com\\\/product\\\/quality-choice-cotton-balls-triple-size-100ct\\\/#primaryimage\",\"url\":\"https:\\\/\\\/elsupermercadomedicopr.com\\\/wp-content\\\/uploads\\\/2025\\\/10\\\/image_2025-10-31_134409164.png\",\"contentUrl\":\"https:\\\/\\\/elsupermercadomedicopr.com\\\/wp-content\\\/uploads\\\/2025\\\/10\\\/image_2025-10-31_134409164.png\",\"width\":600,\"height\":600},{\"@type\":\"BreadcrumbList\",\"@id\":\"https:\\\/\\\/elsupermercadomedicopr.com\\\/product\\\/quality-choice-cotton-balls-triple-size-100ct\\\/#breadcrumb\",\"itemListElement\":[{\"@type\":\"ListItem\",\"position\":1,\"name\":\"Home\",\"item\":\"https:\\\/\\\/elsupermercadomedicopr.com\\\/\"},{\"@type\":\"ListItem\",\"position\":2,\"name\":\"Shop\",\"item\":\"https:\\\/\\\/elsupermercadomedicopr.com\\\/shop\\\/\"},{\"@type\":\"ListItem\",\"position\":3,\"name\":\"Quality Choice Cotton Balls \u2013 Triple Size, 100 unidades\"}]},{\"@type\":\"WebSite\",\"@id\":\"http:\\\/\\\/elsupermercadomedicopr.com\\\/#website\",\"url\":\"http:\\\/\\\/elsupermercadomedicopr.com\\\/\",\"name\":\"El Supermercado Medico\",\"description\":\"Tu alternativa en equipos m\u00e9dicos, sirviendo al profesional de la salud y al paciente convaleciente.\",\"publisher\":{\"@id\":\"http:\\\/\\\/elsupermercadomedicopr.com\\\/#organization\"},\"potentialAction\":[{\"@type\":\"SearchAction\",\"target\":{\"@type\":\"EntryPoint\",\"urlTemplate\":\"http:\\\/\\\/elsupermercadomedicopr.com\\\/?s={search_term_string}\"},\"query-input\":{\"@type\":\"PropertyValueSpecification\",\"valueRequired\":true,\"valueName\":\"search_term_string\"}}],\"inLanguage\":\"es\"},{\"@type\":\"Organization\",\"@id\":\"http:\\\/\\\/elsupermercadomedicopr.com\\\/#organization\",\"name\":\"El Supermercado Medico, Inc.\",\"url\":\"http:\\\/\\\/elsupermercadomedicopr.com\\\/\",\"logo\":{\"@type\":\"ImageObject\",\"inLanguage\":\"es\",\"@id\":\"http:\\\/\\\/elsupermercadomedicopr.com\\\/#\\\/schema\\\/logo\\\/image\\\/\",\"url\":\"https:\\\/\\\/elsupermercadomedicopr.com\\\/wp-content\\\/uploads\\\/2025\\\/11\\\/cropped-Untitled-design-5.png\",\"contentUrl\":\"https:\\\/\\\/elsupermercadomedicopr.com\\\/wp-content\\\/uploads\\\/2025\\\/11\\\/cropped-Untitled-design-5.png\",\"width\":512,\"height\":512,\"caption\":\"El Supermercado Medico, Inc.\"},\"image\":{\"@id\":\"http:\\\/\\\/elsupermercadomedicopr.com\\\/#\\\/schema\\\/logo\\\/image\\\/\"},\"sameAs\":[\"https:\\\/\\\/www.facebook.com\\\/elsupermercadomedico\"]}]}<\/script>\n<!-- \/ Yoast SEO plugin. -->","yoast_head_json":{"title":"Quality Choice Cotton Balls \u2013 Triple Size, 100 unidades &#8211; El Supermercado Medico","description":"Quality Choice Cotton Balls Triple Size 100ct. Algodones suaves y absorbentes para uso facial, cosm\u00e9tico, cuidado del beb\u00e9 y limpieza del hogar.","robots":{"index":"index","follow":"follow","max-snippet":"max-snippet:-1","max-image-preview":"max-image-preview:large","max-video-preview":"max-video-preview:-1"},"canonical":"https:\/\/elsupermercadomedicopr.com\/es\/product\/quality-choice-cotton-balls-triple-size-100ct\/","og_locale":"es_ES","og_type":"article","og_title":"Quality Choice Cotton Balls \u2013 Triple Size, 100 unidades &#8211; El Supermercado Medico","og_description":"Quality Choice Cotton Balls Triple Size 100ct. Algodones suaves y absorbentes para uso facial, cosm\u00e9tico, cuidado del beb\u00e9 y limpieza del hogar.","og_url":"https:\/\/elsupermercadomedicopr.com\/es\/product\/quality-choice-cotton-balls-triple-size-100ct\/","og_site_name":"El Supermercado Medico","article_publisher":"https:\/\/www.facebook.com\/elsupermercadomedico","article_modified_time":"2025-11-20T04:15:50+00:00","og_image":[{"width":600,"height":600,"url":"https:\/\/elsupermercadomedicopr.com\/wp-content\/uploads\/2025\/10\/image_2025-10-31_134409164.png","type":"image\/png"}],"twitter_card":"summary_large_image","twitter_misc":{"Est. reading time":"2 minutos"},"schema":{"@context":"https:\/\/schema.org","@graph":[{"@type":"WebPage","@id":"https:\/\/elsupermercadomedicopr.com\/product\/quality-choice-cotton-balls-triple-size-100ct\/","url":"https:\/\/elsupermercadomedicopr.com\/product\/quality-choice-cotton-balls-triple-size-100ct\/","name":"Quality Choice Cotton Balls \u2013 Triple Size, 100 unidades &#8211; El Supermercado Medico","isPartOf":{"@id":"http:\/\/elsupermercadomedicopr.com\/#website"},"primaryImageOfPage":{"@id":"https:\/\/elsupermercadomedicopr.com\/product\/quality-choice-cotton-balls-triple-size-100ct\/#primaryimage"},"image":{"@id":"https:\/\/elsupermercadomedicopr.com\/product\/quality-choice-cotton-balls-triple-size-100ct\/#primaryimage"},"thumbnailUrl":"https:\/\/elsupermercadomedicopr.com\/wp-content\/uploads\/2025\/10\/image_2025-10-31_134409164.png","datePublished":"2025-10-31T17:45:26+00:00","dateModified":"2025-11-20T04:15:50+00:00","description":"Quality Choice Cotton Balls Triple Size 100ct. Algodones suaves y absorbentes para uso facial, cosm\u00e9tico, cuidado del beb\u00e9 y limpieza del hogar.","breadcrumb":{"@id":"https:\/\/elsupermercadomedicopr.com\/product\/quality-choice-cotton-balls-triple-size-100ct\/#breadcrumb"},"inLanguage":"es","potentialAction":[{"@type":"ReadAction","target":["https:\/\/elsupermercadomedicopr.com\/product\/quality-choice-cotton-balls-triple-size-100ct\/"]}]},{"@type":"ImageObject","inLanguage":"es","@id":"https:\/\/elsupermercadomedicopr.com\/product\/quality-choice-cotton-balls-triple-size-100ct\/#primaryimage","url":"https:\/\/elsupermercadomedicopr.com\/wp-content\/uploads\/2025\/10\/image_2025-10-31_134409164.png","contentUrl":"https:\/\/elsupermercadomedicopr.com\/wp-content\/uploads\/2025\/10\/image_2025-10-31_134409164.png","width":600,"height":600},{"@type":"BreadcrumbList","@id":"https:\/\/elsupermercadomedicopr.com\/product\/quality-choice-cotton-balls-triple-size-100ct\/#breadcrumb","itemListElement":[{"@type":"ListItem","position":1,"name":"Home","item":"https:\/\/elsupermercadomedicopr.com\/"},{"@type":"ListItem","position":2,"name":"Shop","item":"https:\/\/elsupermercadomedicopr.com\/shop\/"},{"@type":"ListItem","position":3,"name":"Quality Choice Cotton Balls \u2013 Triple Size, 100 unidades"}]},{"@type":"WebSite","@id":"http:\/\/elsupermercadomedicopr.com\/#website","url":"http:\/\/elsupermercadomedicopr.com\/","name":"El Supermercado Medico","description":"Tu alternativa en equipos m\u00e9dicos, sirviendo al profesional de la salud y al paciente convaleciente.","publisher":{"@id":"http:\/\/elsupermercadomedicopr.com\/#organization"},"potentialAction":[{"@type":"SearchAction","target":{"@type":"EntryPoint","urlTemplate":"http:\/\/elsupermercadomedicopr.com\/?s={search_term_string}"},"query-input":{"@type":"PropertyValueSpecification","valueRequired":true,"valueName":"search_term_string"}}],"inLanguage":"es"},{"@type":"Organization","@id":"http:\/\/elsupermercadomedicopr.com\/#organization","name":"El Supermercado Medico, Inc.","url":"http:\/\/elsupermercadomedicopr.com\/","logo":{"@type":"ImageObject","inLanguage":"es","@id":"http:\/\/elsupermercadomedicopr.com\/#\/schema\/logo\/image\/","url":"https:\/\/elsupermercadomedicopr.com\/wp-content\/uploads\/2025\/11\/cropped-Untitled-design-5.png","contentUrl":"https:\/\/elsupermercadomedicopr.com\/wp-content\/uploads\/2025\/11\/cropped-Untitled-design-5.png","width":512,"height":512,"caption":"El Supermercado Medico, Inc."},"image":{"@id":"http:\/\/elsupermercadomedicopr.com\/#\/schema\/logo\/image\/"},"sameAs":["https:\/\/www.facebook.com\/elsupermercadomedico"]}]}},"_links":{"self":[{"href":"https:\/\/elsupermercadomedicopr.com\/es\/wp-json\/wp\/v2\/product\/1001","targetHints":{"allow":["GET"]}}],"collection":[{"href":"https:\/\/elsupermercadomedicopr.com\/es\/wp-json\/wp\/v2\/product"}],"about":[{"href":"https:\/\/elsupermercadomedicopr.com\/es\/wp-json\/wp\/v2\/types\/product"}],"wp:featuredmedia":[{"embeddable":true,"href":"https:\/\/elsupermercadomedicopr.com\/es\/wp-json\/wp\/v2\/media\/1002"}],"wp:attachment":[{"href":"https:\/\/elsupermercadomedicopr.com\/es\/wp-json\/wp\/v2\/media?parent=1001"}],"wp:term":[{"taxonomy":"product_brand","embeddable":true,"href":"https:\/\/elsupermercadomedicopr.com\/es\/wp-json\/wp\/v2\/product_brand?post=1001"},{"taxonomy":"product_cat","embeddable":true,"href":"https:\/\/elsupermercadomedicopr.com\/es\/wp-json\/wp\/v2\/product_cat?post=1001"},{"taxonomy":"product_tag","embeddable":true,"href":"https:\/\/elsupermercadomedicopr.com\/es\/wp-json\/wp\/v2\/product_tag?post=1001"}],"curies":[{"name":"wp","href":"https:\/\/api.w.org\/{rel}","templated":true}]}}